{"id":936,"date":"2022-05-21T16:19:57","date_gmt":"2022-05-21T16:19:57","guid":{"rendered":"https:\/\/www.bulkammunitionshop.com\/?post_type=product&#038;p=936"},"modified":"2022-05-21T16:20:00","modified_gmt":"2022-05-21T16:20:00","slug":"500rds-of-winchester-usa-handgun-9mm-luger-115-grain-full-metal-jacket","status":"publish","type":"product","link":"https:\/\/www.bulkammunitionshop.com\/tr\/urun\/500rds-of-winchester-usa-handgun-9mm-luger-115-grain-full-metal-jacket\/","title":{"rendered":"500rds of Winchester USA HANDGUN 9mm Luger 115 grain Full Metal Jacket"},"content":{"rendered":"<h2>Tan\u0131m<\/h2>\n<div id=\"product-caption-block-description\" class=\"product-caption-block\">\n<p>Backed by generations of legendary excellence, Winchester \u201cUSA White Box\u201d stands for consistent performance and outstanding value, offering high-quality ammunition to suit a wide range of hunter\u2019s and shooter\u2019s needs.<\/p>\n<\/div>\n<div id=\"product-caption-block-manufacture-specification\" class=\"product-caption-block\">\n<h3>Specifications for Winchester USA HANDGUN 9mm Luger 115 grain Full Metal Jacket Centerfire Pistol Ammunition<\/h3>\n<table class=\"spec-table\" border=\"0\" cellspacing=\"0\" cellpadding=\"0\">\n<tbody>\n<tr>\n<td class=\"spec-left-column\">Kalibre:<\/td>\n<td width=\"50%\">9mm Luger<\/td>\n<\/tr>\n<tr>\n<td class=\"spec-left-column\">Tur Say\u0131s\u0131:<\/td>\n<td width=\"50%\">500<\/td>\n<\/tr>\n<tr>\n<td class=\"spec-left-column\">Mermi T\u00fcr\u00fc:<\/td>\n<td width=\"50%\">Full Metal Jacket (FMJ)<\/td>\n<\/tr>\n<tr>\n<td class=\"spec-left-column\">Mermi A\u011f\u0131rl\u0131\u011f\u0131:<\/td>\n<td width=\"50%\">115 grain<\/td>\n<\/tr>\n<tr>\n<td class=\"spec-left-column\">Primer Konumu:<\/td>\n<td width=\"50%\">Merkez Ate\u015fi<\/td>\n<\/tr>\n<\/tbody>\n<\/table>\n<\/div>\n<div id=\"product-caption-block-features\" class=\"product-caption-block\">\n<h3>Features of Winchester USA HANDGUN 9mm Luger 115 grain Full Metal Jacket Centerfire Pistol Ammunition:<\/h3>\n<ul>\n<li>Consistent AccuracyTrusted for target and range shooting<\/li>\n<li>Full Metal JacketProvides positive functioning and no expansion<\/li>\n<li>Reduced Barrel FoulingFewer cleanings and more range time<\/li>\n<\/ul>\n<\/div>\n<div id=\"product-caption-block-package-content\" class=\"product-caption-block\">\n<h3>Package Contents:<\/h3>\n<ul>\n<li><strong>Winchester USA HANDGUN 9mm Luger 115 grain Full Metal Jacket Centerfire Pistol Ammunition<\/strong><\/li>\n<\/ul>\n<\/div>","protected":false},"excerpt":{"rendered":"<p>Description Backed by generations of legendary excellence, Winchester \u201cUSA White Box\u201d stands for consistent performance and outstanding value, offering high-quality ammunition to suit a wide range of hunter\u2019s and shooter\u2019s needs. Specifications for Winchester USA HANDGUN 9mm Luger 115 grain Full Metal Jacket Centerfire Pistol Ammunition Caliber: 9mm Luger Number of Rounds: 500 Bullet Type: [&#8230;]","protected":false},"featured_media":743,"comment_status":"open","ping_status":"closed","template":"","meta":[],"product_brand":[],"product_cat":[118,112],"product_tag":[],"class_list":{"0":"post-936","1":"product","2":"type-product","3":"status-publish","4":"has-post-thumbnail","6":"product_cat-9mm-ammo","7":"product_cat-handgun-ammo","9":"first","10":"instock","11":"taxable","12":"shipping-taxable","13":"purchasable","14":"product-type-simple"},"yoast_head":"<!-- This site is optimized with the Yoast SEO Premium plugin v24.6 (Yoast SEO v25.7) - https:\/\/yoast.com\/wordpress\/plugins\/seo\/ -->\n<title>500rds of Winchester USA HANDGUN 9mm Luger 115 grain Full Metal Jacket - Bulk Ammunition shop<\/title>\n<meta name=\"robots\" content=\"index, follow, max-snippet:-1, max-image-preview:large, max-video-preview:-1\" \/>\n<link rel=\"canonical\" href=\"https:\/\/www.bulkammunitionshop.com\/tr\/urun\/500rds-of-winchester-usa-handgun-9mm-luger-115-grain-full-metal-jacket\/\" \/>\n<meta property=\"og:locale\" content=\"tr_TR\" \/>\n<meta property=\"og:type\" content=\"article\" \/>\n<meta property=\"og:title\" content=\"500rds of Winchester USA HANDGUN 9mm Luger 115 grain Full Metal Jacket\" \/>\n<meta property=\"og:description\" content=\"Description Backed by generations of legendary excellence, Winchester \u201cUSA White Box\u201d stands for consistent performance and outstanding value, offering high-quality ammunition to suit a wide range of hunter\u2019s and shooter\u2019s needs. Specifications for Winchester USA HANDGUN 9mm Luger 115 grain Full Metal Jacket Centerfire Pistol Ammunition Caliber: 9mm Luger Number of Rounds: 500 Bullet Type: [...]\" \/>\n<meta property=\"og:url\" content=\"https:\/\/www.bulkammunitionshop.com\/tr\/urun\/500rds-of-winchester-usa-handgun-9mm-luger-115-grain-full-metal-jacket\/\" \/>\n<meta property=\"og:site_name\" content=\"Bulk Ammunition shop\" \/>\n<meta property=\"article:modified_time\" content=\"2022-05-21T16:20:00+00:00\" \/>\n<meta property=\"og:image\" content=\"https:\/\/i0.wp.com\/www.bulkammunitionshop.com\/wp-content\/uploads\/2022\/05\/opplanet-winchester-usa-handgun-9mm-luger-115-grain-full-metal-jacket-centerfire-pistol-ammo-100-rounds-usa9mmvp-main-600x337-1.jpg?fit=600%2C337&ssl=1\" \/>\n\t<meta property=\"og:image:width\" content=\"600\" \/>\n\t<meta property=\"og:image:height\" content=\"337\" \/>\n\t<meta property=\"og:image:type\" content=\"image\/jpeg\" \/>\n<meta name=\"twitter:card\" content=\"summary_large_image\" \/>\n<meta name=\"twitter:label1\" content=\"Tahmini okuma s\u00fcresi\" \/>\n\t<meta name=\"twitter:data1\" content=\"1 dakika\" \/>\n<script type=\"application\/ld+json\" class=\"yoast-schema-graph\">{\"@context\":\"https:\/\/schema.org\",\"@graph\":[{\"@type\":\"WebPage\",\"@id\":\"https:\/\/www.bulkammunitionshop.com\/product\/500rds-of-winchester-usa-handgun-9mm-luger-115-grain-full-metal-jacket\/\",\"url\":\"https:\/\/www.bulkammunitionshop.com\/product\/500rds-of-winchester-usa-handgun-9mm-luger-115-grain-full-metal-jacket\/\",\"name\":\"500rds of Winchester USA HANDGUN 9mm Luger 115 grain Full Metal Jacket - Bulk Ammunition shop\",\"isPartOf\":{\"@id\":\"https:\/\/www.bulkammunitionshop.com\/#website\"},\"primaryImageOfPage\":{\"@id\":\"https:\/\/www.bulkammunitionshop.com\/product\/500rds-of-winchester-usa-handgun-9mm-luger-115-grain-full-metal-jacket\/#primaryimage\"},\"image\":{\"@id\":\"https:\/\/www.bulkammunitionshop.com\/product\/500rds-of-winchester-usa-handgun-9mm-luger-115-grain-full-metal-jacket\/#primaryimage\"},\"thumbnailUrl\":\"https:\/\/www.bulkammunitionshop.com\/wp-content\/uploads\/2022\/05\/opplanet-winchester-usa-handgun-9mm-luger-115-grain-full-metal-jacket-centerfire-pistol-ammo-100-rounds-usa9mmvp-main-600x337-1.jpg\",\"datePublished\":\"2022-05-21T16:19:57+00:00\",\"dateModified\":\"2022-05-21T16:20:00+00:00\",\"breadcrumb\":{\"@id\":\"https:\/\/www.bulkammunitionshop.com\/product\/500rds-of-winchester-usa-handgun-9mm-luger-115-grain-full-metal-jacket\/#breadcrumb\"},\"inLanguage\":\"tr\",\"potentialAction\":[{\"@type\":\"ReadAction\",\"target\":[\"https:\/\/www.bulkammunitionshop.com\/product\/500rds-of-winchester-usa-handgun-9mm-luger-115-grain-full-metal-jacket\/\"]}]},{\"@type\":\"ImageObject\",\"inLanguage\":\"tr\",\"@id\":\"https:\/\/www.bulkammunitionshop.com\/product\/500rds-of-winchester-usa-handgun-9mm-luger-115-grain-full-metal-jacket\/#primaryimage\",\"url\":\"https:\/\/www.bulkammunitionshop.com\/wp-content\/uploads\/2022\/05\/opplanet-winchester-usa-handgun-9mm-luger-115-grain-full-metal-jacket-centerfire-pistol-ammo-100-rounds-usa9mmvp-main-600x337-1.jpg\",\"contentUrl\":\"https:\/\/www.bulkammunitionshop.com\/wp-content\/uploads\/2022\/05\/opplanet-winchester-usa-handgun-9mm-luger-115-grain-full-metal-jacket-centerfire-pistol-ammo-100-rounds-usa9mmvp-main-600x337-1.jpg\",\"width\":600,\"height\":337},{\"@type\":\"BreadcrumbList\",\"@id\":\"https:\/\/www.bulkammunitionshop.com\/product\/500rds-of-winchester-usa-handgun-9mm-luger-115-grain-full-metal-jacket\/#breadcrumb\",\"itemListElement\":[{\"@type\":\"ListItem\",\"position\":1,\"name\":\"Home\",\"item\":\"https:\/\/www.bulkammunitionshop.com\/\"},{\"@type\":\"ListItem\",\"position\":2,\"name\":\"SHOP ALL\",\"item\":\"https:\/\/www.bulkammunitionshop.com\/shop-all\/\"},{\"@type\":\"ListItem\",\"position\":3,\"name\":\"500rds of Winchester USA HANDGUN 9mm Luger 115 grain Full Metal Jacket\"}]},{\"@type\":\"WebSite\",\"@id\":\"https:\/\/www.bulkammunitionshop.com\/#website\",\"url\":\"https:\/\/www.bulkammunitionshop.com\/\",\"name\":\"Bulk Ammunition shop\",\"description\":\"Buy Cheap Bulk Ammo Online - Bulk Ammo for Sale- Cheap Ammo Online\",\"potentialAction\":[{\"@type\":\"SearchAction\",\"target\":{\"@type\":\"EntryPoint\",\"urlTemplate\":\"https:\/\/www.bulkammunitionshop.com\/?s={search_term_string}\"},\"query-input\":{\"@type\":\"PropertyValueSpecification\",\"valueRequired\":true,\"valueName\":\"search_term_string\"}}],\"inLanguage\":\"tr\"}]}<\/script>\n<!-- \/ Yoast SEO Premium plugin. -->","yoast_head_json":{"title":"500rds of Winchester USA HANDGUN 9mm Luger 115 grain Full Metal Jacket - Bulk Ammunition shop","robots":{"index":"index","follow":"follow","max-snippet":"max-snippet:-1","max-image-preview":"max-image-preview:large","max-video-preview":"max-video-preview:-1"},"canonical":"https:\/\/www.bulkammunitionshop.com\/tr\/urun\/500rds-of-winchester-usa-handgun-9mm-luger-115-grain-full-metal-jacket\/","og_locale":"tr_TR","og_type":"article","og_title":"500rds of Winchester USA HANDGUN 9mm Luger 115 grain Full Metal Jacket","og_description":"Description Backed by generations of legendary excellence, Winchester \u201cUSA White Box\u201d stands for consistent performance and outstanding value, offering high-quality ammunition to suit a wide range of hunter\u2019s and shooter\u2019s needs. Specifications for Winchester USA HANDGUN 9mm Luger 115 grain Full Metal Jacket Centerfire Pistol Ammunition Caliber: 9mm Luger Number of Rounds: 500 Bullet Type: [...]","og_url":"https:\/\/www.bulkammunitionshop.com\/tr\/urun\/500rds-of-winchester-usa-handgun-9mm-luger-115-grain-full-metal-jacket\/","og_site_name":"Bulk Ammunition shop","article_modified_time":"2022-05-21T16:20:00+00:00","og_image":[{"width":600,"height":337,"url":"https:\/\/i0.wp.com\/www.bulkammunitionshop.com\/wp-content\/uploads\/2022\/05\/opplanet-winchester-usa-handgun-9mm-luger-115-grain-full-metal-jacket-centerfire-pistol-ammo-100-rounds-usa9mmvp-main-600x337-1.jpg?fit=600%2C337&ssl=1","type":"image\/jpeg"}],"twitter_card":"summary_large_image","twitter_misc":{"Tahmini okuma s\u00fcresi":"1 dakika"},"schema":{"@context":"https:\/\/schema.org","@graph":[{"@type":"WebPage","@id":"https:\/\/www.bulkammunitionshop.com\/product\/500rds-of-winchester-usa-handgun-9mm-luger-115-grain-full-metal-jacket\/","url":"https:\/\/www.bulkammunitionshop.com\/product\/500rds-of-winchester-usa-handgun-9mm-luger-115-grain-full-metal-jacket\/","name":"500rds of Winchester USA HANDGUN 9mm Luger 115 grain Full Metal Jacket - Bulk Ammunition shop","isPartOf":{"@id":"https:\/\/www.bulkammunitionshop.com\/#website"},"primaryImageOfPage":{"@id":"https:\/\/www.bulkammunitionshop.com\/product\/500rds-of-winchester-usa-handgun-9mm-luger-115-grain-full-metal-jacket\/#primaryimage"},"image":{"@id":"https:\/\/www.bulkammunitionshop.com\/product\/500rds-of-winchester-usa-handgun-9mm-luger-115-grain-full-metal-jacket\/#primaryimage"},"thumbnailUrl":"https:\/\/www.bulkammunitionshop.com\/wp-content\/uploads\/2022\/05\/opplanet-winchester-usa-handgun-9mm-luger-115-grain-full-metal-jacket-centerfire-pistol-ammo-100-rounds-usa9mmvp-main-600x337-1.jpg","datePublished":"2022-05-21T16:19:57+00:00","dateModified":"2022-05-21T16:20:00+00:00","breadcrumb":{"@id":"https:\/\/www.bulkammunitionshop.com\/product\/500rds-of-winchester-usa-handgun-9mm-luger-115-grain-full-metal-jacket\/#breadcrumb"},"inLanguage":"tr","potentialAction":[{"@type":"ReadAction","target":["https:\/\/www.bulkammunitionshop.com\/product\/500rds-of-winchester-usa-handgun-9mm-luger-115-grain-full-metal-jacket\/"]}]},{"@type":"ImageObject","inLanguage":"tr","@id":"https:\/\/www.bulkammunitionshop.com\/product\/500rds-of-winchester-usa-handgun-9mm-luger-115-grain-full-metal-jacket\/#primaryimage","url":"https:\/\/www.bulkammunitionshop.com\/wp-content\/uploads\/2022\/05\/opplanet-winchester-usa-handgun-9mm-luger-115-grain-full-metal-jacket-centerfire-pistol-ammo-100-rounds-usa9mmvp-main-600x337-1.jpg","contentUrl":"https:\/\/www.bulkammunitionshop.com\/wp-content\/uploads\/2022\/05\/opplanet-winchester-usa-handgun-9mm-luger-115-grain-full-metal-jacket-centerfire-pistol-ammo-100-rounds-usa9mmvp-main-600x337-1.jpg","width":600,"height":337},{"@type":"BreadcrumbList","@id":"https:\/\/www.bulkammunitionshop.com\/product\/500rds-of-winchester-usa-handgun-9mm-luger-115-grain-full-metal-jacket\/#breadcrumb","itemListElement":[{"@type":"ListItem","position":1,"name":"Home","item":"https:\/\/www.bulkammunitionshop.com\/"},{"@type":"ListItem","position":2,"name":"SHOP ALL","item":"https:\/\/www.bulkammunitionshop.com\/shop-all\/"},{"@type":"ListItem","position":3,"name":"500rds of Winchester USA HANDGUN 9mm Luger 115 grain Full Metal Jacket"}]},{"@type":"WebSite","@id":"https:\/\/www.bulkammunitionshop.com\/#website","url":"https:\/\/www.bulkammunitionshop.com\/","name":"Toplu M\u00fchimmat d\u00fckkan\u0131","description":"Ucuz Toplu M\u00fchimmat Online Sat\u0131n Al\u0131n - Sat\u0131l\u0131k Toplu M\u00fchimmat - Ucuz M\u00fchimmat Online","potentialAction":[{"@type":"SearchAction","target":{"@type":"EntryPoint","urlTemplate":"https:\/\/www.bulkammunitionshop.com\/?s={search_term_string}"},"query-input":{"@type":"PropertyValueSpecification","valueRequired":true,"valueName":"search_term_string"}}],"inLanguage":"tr"}]}},"jetpack_sharing_enabled":true,"_links":{"self":[{"href":"https:\/\/www.bulkammunitionshop.com\/tr\/wp-json\/wp\/v2\/product\/936","targetHints":{"allow":["GET"]}}],"collection":[{"href":"https:\/\/www.bulkammunitionshop.com\/tr\/wp-json\/wp\/v2\/product"}],"about":[{"href":"https:\/\/www.bulkammunitionshop.com\/tr\/wp-json\/wp\/v2\/types\/product"}],"replies":[{"embeddable":true,"href":"https:\/\/www.bulkammunitionshop.com\/tr\/wp-json\/wp\/v2\/comments?post=936"}],"wp:featuredmedia":[{"embeddable":true,"href":"https:\/\/www.bulkammunitionshop.com\/tr\/wp-json\/wp\/v2\/media\/743"}],"wp:attachment":[{"href":"https:\/\/www.bulkammunitionshop.com\/tr\/wp-json\/wp\/v2\/media?parent=936"}],"wp:term":[{"taxonomy":"product_brand","embeddable":true,"href":"https:\/\/www.bulkammunitionshop.com\/tr\/wp-json\/wp\/v2\/product_brand?post=936"},{"taxonomy":"product_cat","embeddable":true,"href":"https:\/\/www.bulkammunitionshop.com\/tr\/wp-json\/wp\/v2\/product_cat?post=936"},{"taxonomy":"product_tag","embeddable":true,"href":"https:\/\/www.bulkammunitionshop.com\/tr\/wp-json\/wp\/v2\/product_tag?post=936"}],"curies":[{"name":"wp","href":"https:\/\/api.w.org\/{rel}","templated":true}]}}