{"id":842,"date":"2022-05-21T16:19:29","date_gmt":"2022-05-21T16:19:29","guid":{"rendered":"https:\/\/www.bulkammunitionshop.com\/?post_type=product&#038;p=842"},"modified":"2022-05-21T16:19:32","modified_gmt":"2022-05-21T16:19:32","slug":"outdoor-edge-razormax-interchangeable-fixed-blade-knife-black-rmk-10c","status":"publish","type":"product","link":"https:\/\/www.bulkammunitionshop.com\/tr\/urun\/outdoor-edge-razormax-interchangeable-fixed-blade-knife-black-rmk-10c\/","title":{"rendered":"OUTDOOR EDGE RAZORMAX DE\u011e\u0130\u015eT\u0130R\u0130LEB\u0130L\u0130R SAB\u0130T BI\u00c7AK, S\u0130YAH \u2013 RMK-10C"},"content":{"rendered":"<h3 class=\"type\">FEATURES<\/h3>\n<div class=\"value\">\n<div data-content-type=\"row\" data-appearance=\"contained\" data-element=\"main\">\n<div data-enable-parallax=\"0\" data-parallax-speed=\"0.5\" data-background-images=\"{}\" data-background-type=\"image\" data-video-loop=\"true\" data-video-play-only-visible=\"true\" data-video-lazy-load=\"true\" data-video-fallback-src=\"\" data-element=\"inner\">\n<div data-content-type=\"html\" data-appearance=\"default\" data-element=\"main\" data-decoded=\"true\">\n<p>The RazorMax combines the strength and performance of a fixed blade knife with the patented RazorSafe replaceable blade system. Two unique blade styles allow you to switch from 3.5 inch drop-point to 5.0 inch boning\/fillet blade for one knife to field dress, and process game into perfect cuts for the table, all with a single tool that never needs sharpening. The rubberized TPR handle is ergonomically shaped for a positive, nonslip grip, and prevents fatigue during long periods of use. Comes complete with six blades total (three each of 3.5 inch drop-point and three each of 5.0 inch boning fillet blade) and polymer\/nylon belt sheath with detachable blade carrier and storage box.<\/p>\n<\/div>\n<h2 class=\"item-title\">PRODUCT DETAILS<\/h2>\n<div class=\"product attribute overview\">\n<h3 class=\"type\">DETAILS<\/h3>\n<div class=\"value\">\n<p><strong>Manufacturer:\u00a0<\/strong>Outdoor Edge<br \/>\n<strong>Product Line:\u00a0<\/strong>RazorMax<br \/>\n<strong>Drop Point Blade Length:\u00a0<\/strong>3.5&#8243;<br \/>\n<strong>Boning Blade Length:\u00a0<\/strong>5&#8243;<br \/>\n<strong>Weight With Sheath:\u00a0<\/strong>4.7 oz<br \/>\n<strong>Finish:\u00a0<\/strong>Black<\/p>\n<\/div>\n<\/div>\n<\/div>\n<\/div>\n<\/div>","protected":false},"excerpt":{"rendered":"<table id=\"product-attribute-specs-table\" class=\"data table additional-attributes\">\n<tbody>\n<tr>\n<th class=\"col label\" scope=\"row\">SKU<\/th>\n<td class=\"col data\" data-th=\"SKU\">5165491558<\/td>\n<\/tr>\n<tr>\n<th class=\"col label\" scope=\"row\">Brand<\/th>\n<td class=\"col data\" data-th=\"Brand\">Outdoor Edge Knives<\/td>\n<\/tr>\n<tr>\n<th class=\"col label\" scope=\"row\">Model Number<\/th>\n<td class=\"col data\" data-th=\"Model Number\">RMK-10C<\/td>\n<\/tr>\n<\/tbody>\n<\/table>","protected":false},"featured_media":538,"comment_status":"open","ping_status":"closed","template":"","meta":[],"product_brand":[],"product_cat":[113,117],"product_tag":[],"class_list":{"0":"post-842","1":"product","2":"type-product","3":"status-publish","4":"has-post-thumbnail","6":"product_cat-firearms","7":"product_cat-glocks","9":"first","10":"instock","11":"taxable","12":"shipping-taxable","13":"purchasable","14":"product-type-simple"},"yoast_head":"<!-- This site is optimized with the Yoast SEO Premium plugin v24.6 (Yoast SEO v25.7) - https:\/\/yoast.com\/wordpress\/plugins\/seo\/ -->\n<title>OUTDOOR EDGE RAZORMAX INTERCHANGEABLE FIXED BLADE KNIFE, BLACK - RMK-10C - Bulk Ammunition shop<\/title>\n<meta name=\"robots\" content=\"index, follow, max-snippet:-1, max-image-preview:large, max-video-preview:-1\" \/>\n<link rel=\"canonical\" href=\"https:\/\/www.bulkammunitionshop.com\/tr\/urun\/outdoor-edge-razormax-interchangeable-fixed-blade-knife-black-rmk-10c\/\" \/>\n<meta property=\"og:locale\" content=\"tr_TR\" \/>\n<meta property=\"og:type\" content=\"article\" \/>\n<meta property=\"og:title\" content=\"OUTDOOR EDGE RAZORMAX INTERCHANGEABLE FIXED BLADE KNIFE, BLACK - RMK-10C\" \/>\n<meta property=\"og:description\" content=\"SKU 5165491558   Brand Outdoor Edge Knives   Model Number RMK-10C\" \/>\n<meta property=\"og:url\" content=\"https:\/\/www.bulkammunitionshop.com\/tr\/urun\/outdoor-edge-razormax-interchangeable-fixed-blade-knife-black-rmk-10c\/\" \/>\n<meta property=\"og:site_name\" content=\"Bulk Ammunition shop\" \/>\n<meta property=\"article:modified_time\" content=\"2022-05-21T16:19:32+00:00\" \/>\n<meta property=\"og:image\" content=\"https:\/\/i0.wp.com\/www.bulkammunitionshop.com\/wp-content\/uploads\/2022\/05\/outdoor-edge-razormax-interchangeable-fixed-blade-knife_-black.jpg?fit=546%2C546&ssl=1\" \/>\n\t<meta property=\"og:image:width\" content=\"546\" \/>\n\t<meta property=\"og:image:height\" content=\"546\" \/>\n\t<meta property=\"og:image:type\" content=\"image\/jpeg\" \/>\n<meta name=\"twitter:card\" content=\"summary_large_image\" \/>\n<meta name=\"twitter:label1\" content=\"Tahmini okuma s\u00fcresi\" \/>\n\t<meta name=\"twitter:data1\" content=\"1 dakika\" \/>\n<script type=\"application\/ld+json\" class=\"yoast-schema-graph\">{\"@context\":\"https:\/\/schema.org\",\"@graph\":[{\"@type\":\"WebPage\",\"@id\":\"https:\/\/www.bulkammunitionshop.com\/product\/outdoor-edge-razormax-interchangeable-fixed-blade-knife-black-rmk-10c\/\",\"url\":\"https:\/\/www.bulkammunitionshop.com\/product\/outdoor-edge-razormax-interchangeable-fixed-blade-knife-black-rmk-10c\/\",\"name\":\"OUTDOOR EDGE RAZORMAX INTERCHANGEABLE FIXED BLADE KNIFE, BLACK - RMK-10C - Bulk Ammunition shop\",\"isPartOf\":{\"@id\":\"https:\/\/www.bulkammunitionshop.com\/#website\"},\"primaryImageOfPage\":{\"@id\":\"https:\/\/www.bulkammunitionshop.com\/product\/outdoor-edge-razormax-interchangeable-fixed-blade-knife-black-rmk-10c\/#primaryimage\"},\"image\":{\"@id\":\"https:\/\/www.bulkammunitionshop.com\/product\/outdoor-edge-razormax-interchangeable-fixed-blade-knife-black-rmk-10c\/#primaryimage\"},\"thumbnailUrl\":\"https:\/\/www.bulkammunitionshop.com\/wp-content\/uploads\/2022\/05\/outdoor-edge-razormax-interchangeable-fixed-blade-knife_-black.jpg\",\"datePublished\":\"2022-05-21T16:19:29+00:00\",\"dateModified\":\"2022-05-21T16:19:32+00:00\",\"breadcrumb\":{\"@id\":\"https:\/\/www.bulkammunitionshop.com\/product\/outdoor-edge-razormax-interchangeable-fixed-blade-knife-black-rmk-10c\/#breadcrumb\"},\"inLanguage\":\"tr\",\"potentialAction\":[{\"@type\":\"ReadAction\",\"target\":[\"https:\/\/www.bulkammunitionshop.com\/product\/outdoor-edge-razormax-interchangeable-fixed-blade-knife-black-rmk-10c\/\"]}]},{\"@type\":\"ImageObject\",\"inLanguage\":\"tr\",\"@id\":\"https:\/\/www.bulkammunitionshop.com\/product\/outdoor-edge-razormax-interchangeable-fixed-blade-knife-black-rmk-10c\/#primaryimage\",\"url\":\"https:\/\/www.bulkammunitionshop.com\/wp-content\/uploads\/2022\/05\/outdoor-edge-razormax-interchangeable-fixed-blade-knife_-black.jpg\",\"contentUrl\":\"https:\/\/www.bulkammunitionshop.com\/wp-content\/uploads\/2022\/05\/outdoor-edge-razormax-interchangeable-fixed-blade-knife_-black.jpg\",\"width\":546,\"height\":546},{\"@type\":\"BreadcrumbList\",\"@id\":\"https:\/\/www.bulkammunitionshop.com\/product\/outdoor-edge-razormax-interchangeable-fixed-blade-knife-black-rmk-10c\/#breadcrumb\",\"itemListElement\":[{\"@type\":\"ListItem\",\"position\":1,\"name\":\"Home\",\"item\":\"https:\/\/www.bulkammunitionshop.com\/\"},{\"@type\":\"ListItem\",\"position\":2,\"name\":\"SHOP ALL\",\"item\":\"https:\/\/www.bulkammunitionshop.com\/shop-all\/\"},{\"@type\":\"ListItem\",\"position\":3,\"name\":\"OUTDOOR EDGE RAZORMAX INTERCHANGEABLE FIXED BLADE KNIFE, BLACK &#8211; RMK-10C\"}]},{\"@type\":\"WebSite\",\"@id\":\"https:\/\/www.bulkammunitionshop.com\/#website\",\"url\":\"https:\/\/www.bulkammunitionshop.com\/\",\"name\":\"Bulk Ammunition shop\",\"description\":\"Buy Cheap Bulk Ammo Online - Bulk Ammo for Sale- Cheap Ammo Online\",\"potentialAction\":[{\"@type\":\"SearchAction\",\"target\":{\"@type\":\"EntryPoint\",\"urlTemplate\":\"https:\/\/www.bulkammunitionshop.com\/?s={search_term_string}\"},\"query-input\":{\"@type\":\"PropertyValueSpecification\",\"valueRequired\":true,\"valueName\":\"search_term_string\"}}],\"inLanguage\":\"tr\"}]}<\/script>\n<!-- \/ Yoast SEO Premium plugin. -->","yoast_head_json":{"title":"OUTDOOR EDGE RAZORMAX INTERCHANGEABLE FIXED BLADE KNIFE, BLACK - RMK-10C - Bulk Ammunition shop","robots":{"index":"index","follow":"follow","max-snippet":"max-snippet:-1","max-image-preview":"max-image-preview:large","max-video-preview":"max-video-preview:-1"},"canonical":"https:\/\/www.bulkammunitionshop.com\/tr\/urun\/outdoor-edge-razormax-interchangeable-fixed-blade-knife-black-rmk-10c\/","og_locale":"tr_TR","og_type":"article","og_title":"OUTDOOR EDGE RAZORMAX INTERCHANGEABLE FIXED BLADE KNIFE, BLACK - RMK-10C","og_description":"SKU 5165491558   Brand Outdoor Edge Knives   Model Number RMK-10C","og_url":"https:\/\/www.bulkammunitionshop.com\/tr\/urun\/outdoor-edge-razormax-interchangeable-fixed-blade-knife-black-rmk-10c\/","og_site_name":"Bulk Ammunition shop","article_modified_time":"2022-05-21T16:19:32+00:00","og_image":[{"width":546,"height":546,"url":"https:\/\/i0.wp.com\/www.bulkammunitionshop.com\/wp-content\/uploads\/2022\/05\/outdoor-edge-razormax-interchangeable-fixed-blade-knife_-black.jpg?fit=546%2C546&ssl=1","type":"image\/jpeg"}],"twitter_card":"summary_large_image","twitter_misc":{"Tahmini okuma s\u00fcresi":"1 dakika"},"schema":{"@context":"https:\/\/schema.org","@graph":[{"@type":"WebPage","@id":"https:\/\/www.bulkammunitionshop.com\/product\/outdoor-edge-razormax-interchangeable-fixed-blade-knife-black-rmk-10c\/","url":"https:\/\/www.bulkammunitionshop.com\/product\/outdoor-edge-razormax-interchangeable-fixed-blade-knife-black-rmk-10c\/","name":"OUTDOOR EDGE RAZORMAX INTERCHANGEABLE FIXED BLADE KNIFE, BLACK - RMK-10C - Bulk Ammunition shop","isPartOf":{"@id":"https:\/\/www.bulkammunitionshop.com\/#website"},"primaryImageOfPage":{"@id":"https:\/\/www.bulkammunitionshop.com\/product\/outdoor-edge-razormax-interchangeable-fixed-blade-knife-black-rmk-10c\/#primaryimage"},"image":{"@id":"https:\/\/www.bulkammunitionshop.com\/product\/outdoor-edge-razormax-interchangeable-fixed-blade-knife-black-rmk-10c\/#primaryimage"},"thumbnailUrl":"https:\/\/www.bulkammunitionshop.com\/wp-content\/uploads\/2022\/05\/outdoor-edge-razormax-interchangeable-fixed-blade-knife_-black.jpg","datePublished":"2022-05-21T16:19:29+00:00","dateModified":"2022-05-21T16:19:32+00:00","breadcrumb":{"@id":"https:\/\/www.bulkammunitionshop.com\/product\/outdoor-edge-razormax-interchangeable-fixed-blade-knife-black-rmk-10c\/#breadcrumb"},"inLanguage":"tr","potentialAction":[{"@type":"ReadAction","target":["https:\/\/www.bulkammunitionshop.com\/product\/outdoor-edge-razormax-interchangeable-fixed-blade-knife-black-rmk-10c\/"]}]},{"@type":"ImageObject","inLanguage":"tr","@id":"https:\/\/www.bulkammunitionshop.com\/product\/outdoor-edge-razormax-interchangeable-fixed-blade-knife-black-rmk-10c\/#primaryimage","url":"https:\/\/www.bulkammunitionshop.com\/wp-content\/uploads\/2022\/05\/outdoor-edge-razormax-interchangeable-fixed-blade-knife_-black.jpg","contentUrl":"https:\/\/www.bulkammunitionshop.com\/wp-content\/uploads\/2022\/05\/outdoor-edge-razormax-interchangeable-fixed-blade-knife_-black.jpg","width":546,"height":546},{"@type":"BreadcrumbList","@id":"https:\/\/www.bulkammunitionshop.com\/product\/outdoor-edge-razormax-interchangeable-fixed-blade-knife-black-rmk-10c\/#breadcrumb","itemListElement":[{"@type":"ListItem","position":1,"name":"Home","item":"https:\/\/www.bulkammunitionshop.com\/"},{"@type":"ListItem","position":2,"name":"SHOP ALL","item":"https:\/\/www.bulkammunitionshop.com\/shop-all\/"},{"@type":"ListItem","position":3,"name":"OUTDOOR EDGE RAZORMAX INTERCHANGEABLE FIXED BLADE KNIFE, BLACK &#8211; RMK-10C"}]},{"@type":"WebSite","@id":"https:\/\/www.bulkammunitionshop.com\/#website","url":"https:\/\/www.bulkammunitionshop.com\/","name":"Toplu M\u00fchimmat d\u00fckkan\u0131","description":"Ucuz Toplu M\u00fchimmat Online Sat\u0131n Al\u0131n - Sat\u0131l\u0131k Toplu M\u00fchimmat - Ucuz M\u00fchimmat Online","potentialAction":[{"@type":"SearchAction","target":{"@type":"EntryPoint","urlTemplate":"https:\/\/www.bulkammunitionshop.com\/?s={search_term_string}"},"query-input":{"@type":"PropertyValueSpecification","valueRequired":true,"valueName":"search_term_string"}}],"inLanguage":"tr"}]}},"jetpack_sharing_enabled":true,"_links":{"self":[{"href":"https:\/\/www.bulkammunitionshop.com\/tr\/wp-json\/wp\/v2\/product\/842","targetHints":{"allow":["GET"]}}],"collection":[{"href":"https:\/\/www.bulkammunitionshop.com\/tr\/wp-json\/wp\/v2\/product"}],"about":[{"href":"https:\/\/www.bulkammunitionshop.com\/tr\/wp-json\/wp\/v2\/types\/product"}],"replies":[{"embeddable":true,"href":"https:\/\/www.bulkammunitionshop.com\/tr\/wp-json\/wp\/v2\/comments?post=842"}],"wp:featuredmedia":[{"embeddable":true,"href":"https:\/\/www.bulkammunitionshop.com\/tr\/wp-json\/wp\/v2\/media\/538"}],"wp:attachment":[{"href":"https:\/\/www.bulkammunitionshop.com\/tr\/wp-json\/wp\/v2\/media?parent=842"}],"wp:term":[{"taxonomy":"product_brand","embeddable":true,"href":"https:\/\/www.bulkammunitionshop.com\/tr\/wp-json\/wp\/v2\/product_brand?post=842"},{"taxonomy":"product_cat","embeddable":true,"href":"https:\/\/www.bulkammunitionshop.com\/tr\/wp-json\/wp\/v2\/product_cat?post=842"},{"taxonomy":"product_tag","embeddable":true,"href":"https:\/\/www.bulkammunitionshop.com\/tr\/wp-json\/wp\/v2\/product_tag?post=842"}],"curies":[{"name":"wp","href":"https:\/\/api.w.org\/{rel}","templated":true}]}}