{"id":809,"date":"2022-05-21T02:47:41","date_gmt":"2022-05-21T02:47:41","guid":{"rendered":"https:\/\/www.bulkammunitionshop.com\/?post_type=product&#038;p=809"},"modified":"2025-06-21T20:03:34","modified_gmt":"2025-06-21T20:03:34","slug":"500rds-of-federal-premium-centerfire-handgun-ammunition-45-acp-230-grain","status":"publish","type":"product","link":"https:\/\/www.bulkammunitionshop.com\/tr\/urun\/500rds-of-federal-premium-centerfire-handgun-ammunition-45-acp-230-grain\/","title":{"rendered":"500rds of Federal Premium Centerfire Handgun Ammunition .45 ACP 230 grain"},"content":{"rendered":"<h2>Tan\u0131m<\/h2>\n<div id=\"product-caption-block-description\" class=\"product-caption-block\">\n<p>Demand the performance to compete. Gold Medal Handgun loads are built with the finest components and held to the tightest tolerances to deliver in competitive shooting situations. The loads feature match-grade primers and bullets, with consistent powders and the best Federal brass.<\/p>\n<\/div>\n<div id=\"product-caption-block-manufacture-specification\" class=\"product-caption-block\">\n<h3>Specifications for Federal Premium Centerfire Handgun Ammunition .45 ACP 230 grain 830 ft\/s Brass Metal Jacket Centerfire Pistol Ammunition:<\/h3>\n<table class=\"spec-table\" border=\"0\" cellspacing=\"0\" cellpadding=\"0\">\n<tbody>\n<tr>\n<td class=\"spec-left-column\">Kalibre:<\/td>\n<td width=\"50%\">.45 ACP<\/td>\n<\/tr>\n<tr>\n<td class=\"spec-left-column\">Mermi T\u00fcr\u00fc:<\/td>\n<td width=\"50%\">Full Metal Jacket (FMJ)<\/td>\n<\/tr>\n<tr>\n<td class=\"spec-left-column\">Number of rounds<\/td>\n<td width=\"50%\">500<\/td>\n<\/tr>\n<tr>\n<td class=\"spec-left-column\">Primer Konumu:<\/td>\n<td width=\"50%\">Merkez Ate\u015fi<\/td>\n<\/tr>\n<\/tbody>\n<\/table>\n<\/div>\n<div id=\"product-caption-block-features\" class=\"product-caption-block\">\n<h3>Federal Premium Centerfire Handgun Ammunition .45 ACP 230 grain 830 ft\/s Brass Metal Jacket Centerfire Pistol Ammunition<\/h3>\n<ul>\n<li>Clean-burning powders<\/li>\n<li>Federal primers and brass<\/li>\n<li>A wide selection of bullet styles to suit target practice<\/li>\n<\/ul>\n<\/div>\n<div id=\"product-caption-block-package-content\" class=\"product-caption-block\">\n<h3>Package Contents:<\/h3>\n<ul>\n<li><strong>Federal Premium Centerfire Handgun Ammunition .45 ACP 230 grain 830 ft\/s Brass Metal Jacket Centerfire Pistol Ammunition<\/strong><\/li>\n<\/ul>\n<\/div>","protected":false},"excerpt":{"rendered":"<p>Description Demand the performance to compete. Gold Medal Handgun loads are built with the finest components and held to the tightest tolerances to deliver in competitive shooting situations. The loads feature match-grade primers and bullets, with consistent powders and the best Federal brass. Specifications for Federal Premium Centerfire Handgun Ammunition .45 ACP 230 grain 830 [&#8230;]","protected":false},"featured_media":996,"comment_status":"open","ping_status":"closed","template":"","meta":[],"product_brand":[],"product_cat":[191,112],"product_tag":[],"class_list":{"0":"post-809","1":"product","2":"type-product","3":"status-publish","4":"has-post-thumbnail","6":"product_cat-45acp-brass","7":"product_cat-handgun-ammo","9":"first","10":"instock","11":"taxable","12":"shipping-taxable","13":"purchasable","14":"product-type-simple"},"yoast_head":"<!-- This site is optimized with the Yoast SEO Premium plugin v24.6 (Yoast SEO v25.7) - https:\/\/yoast.com\/wordpress\/plugins\/seo\/ -->\n<title>500rds of Federal Premium Centerfire Handgun Ammunition .45 ACP 230 grain - Bulk Ammunition shop<\/title>\n<meta name=\"robots\" content=\"index, follow, max-snippet:-1, max-image-preview:large, max-video-preview:-1\" \/>\n<link rel=\"canonical\" href=\"https:\/\/www.bulkammunitionshop.com\/tr\/urun\/500rds-of-federal-premium-centerfire-handgun-ammunition-45-acp-230-grain\/\" \/>\n<meta property=\"og:locale\" content=\"tr_TR\" \/>\n<meta property=\"og:type\" content=\"article\" \/>\n<meta property=\"og:title\" content=\"500rds of Federal Premium Centerfire Handgun Ammunition .45 ACP 230 grain\" \/>\n<meta property=\"og:description\" content=\"Description Demand the performance to compete. Gold Medal Handgun loads are built with the finest components and held to the tightest tolerances to deliver in competitive shooting situations. The loads feature match-grade primers and bullets, with consistent powders and the best Federal brass. Specifications for Federal Premium Centerfire Handgun Ammunition .45 ACP 230 grain 830 [...]\" \/>\n<meta property=\"og:url\" content=\"https:\/\/www.bulkammunitionshop.com\/tr\/urun\/500rds-of-federal-premium-centerfire-handgun-ammunition-45-acp-230-grain\/\" \/>\n<meta property=\"og:site_name\" content=\"Bulk Ammunition shop\" \/>\n<meta property=\"article:modified_time\" content=\"2025-06-21T20:03:34+00:00\" \/>\n<meta property=\"og:image\" content=\"https:\/\/i0.wp.com\/www.bulkammunitionshop.com\/wp-content\/uploads\/2022\/05\/federal-premium-gold-medal-pistol-ammo-45-acp-full-metal-jacket-230-grain-50-rounds-gm45a-main-600x337-1.jpg?fit=600%2C337&ssl=1\" \/>\n\t<meta property=\"og:image:width\" content=\"600\" \/>\n\t<meta property=\"og:image:height\" content=\"337\" \/>\n\t<meta property=\"og:image:type\" content=\"image\/jpeg\" \/>\n<meta name=\"twitter:card\" content=\"summary_large_image\" \/>\n<meta name=\"twitter:label1\" content=\"Tahmini okuma s\u00fcresi\" \/>\n\t<meta name=\"twitter:data1\" content=\"1 dakika\" \/>\n<script type=\"application\/ld+json\" class=\"yoast-schema-graph\">{\"@context\":\"https:\/\/schema.org\",\"@graph\":[{\"@type\":\"WebPage\",\"@id\":\"https:\/\/www.bulkammunitionshop.com\/product\/500rds-of-federal-premium-centerfire-handgun-ammunition-45-acp-230-grain\/\",\"url\":\"https:\/\/www.bulkammunitionshop.com\/product\/500rds-of-federal-premium-centerfire-handgun-ammunition-45-acp-230-grain\/\",\"name\":\"500rds of Federal Premium Centerfire Handgun Ammunition .45 ACP 230 grain - Bulk Ammunition shop\",\"isPartOf\":{\"@id\":\"https:\/\/www.bulkammunitionshop.com\/#website\"},\"primaryImageOfPage\":{\"@id\":\"https:\/\/www.bulkammunitionshop.com\/product\/500rds-of-federal-premium-centerfire-handgun-ammunition-45-acp-230-grain\/#primaryimage\"},\"image\":{\"@id\":\"https:\/\/www.bulkammunitionshop.com\/product\/500rds-of-federal-premium-centerfire-handgun-ammunition-45-acp-230-grain\/#primaryimage\"},\"thumbnailUrl\":\"https:\/\/www.bulkammunitionshop.com\/wp-content\/uploads\/2022\/05\/federal-premium-gold-medal-pistol-ammo-45-acp-full-metal-jacket-230-grain-50-rounds-gm45a-main-600x337-1.jpg\",\"datePublished\":\"2022-05-21T02:47:41+00:00\",\"dateModified\":\"2025-06-21T20:03:34+00:00\",\"breadcrumb\":{\"@id\":\"https:\/\/www.bulkammunitionshop.com\/product\/500rds-of-federal-premium-centerfire-handgun-ammunition-45-acp-230-grain\/#breadcrumb\"},\"inLanguage\":\"tr\",\"potentialAction\":[{\"@type\":\"ReadAction\",\"target\":[\"https:\/\/www.bulkammunitionshop.com\/product\/500rds-of-federal-premium-centerfire-handgun-ammunition-45-acp-230-grain\/\"]}]},{\"@type\":\"ImageObject\",\"inLanguage\":\"tr\",\"@id\":\"https:\/\/www.bulkammunitionshop.com\/product\/500rds-of-federal-premium-centerfire-handgun-ammunition-45-acp-230-grain\/#primaryimage\",\"url\":\"https:\/\/www.bulkammunitionshop.com\/wp-content\/uploads\/2022\/05\/federal-premium-gold-medal-pistol-ammo-45-acp-full-metal-jacket-230-grain-50-rounds-gm45a-main-600x337-1.jpg\",\"contentUrl\":\"https:\/\/www.bulkammunitionshop.com\/wp-content\/uploads\/2022\/05\/federal-premium-gold-medal-pistol-ammo-45-acp-full-metal-jacket-230-grain-50-rounds-gm45a-main-600x337-1.jpg\",\"width\":600,\"height\":337},{\"@type\":\"BreadcrumbList\",\"@id\":\"https:\/\/www.bulkammunitionshop.com\/product\/500rds-of-federal-premium-centerfire-handgun-ammunition-45-acp-230-grain\/#breadcrumb\",\"itemListElement\":[{\"@type\":\"ListItem\",\"position\":1,\"name\":\"Home\",\"item\":\"https:\/\/www.bulkammunitionshop.com\/\"},{\"@type\":\"ListItem\",\"position\":2,\"name\":\"SHOP ALL\",\"item\":\"https:\/\/www.bulkammunitionshop.com\/shop-all\/\"},{\"@type\":\"ListItem\",\"position\":3,\"name\":\"500rds of Federal Premium Centerfire Handgun Ammunition .45 ACP 230 grain\"}]},{\"@type\":\"WebSite\",\"@id\":\"https:\/\/www.bulkammunitionshop.com\/#website\",\"url\":\"https:\/\/www.bulkammunitionshop.com\/\",\"name\":\"Bulk Ammunition shop\",\"description\":\"Buy Cheap Bulk Ammo Online - Bulk Ammo for Sale- Cheap Ammo Online\",\"potentialAction\":[{\"@type\":\"SearchAction\",\"target\":{\"@type\":\"EntryPoint\",\"urlTemplate\":\"https:\/\/www.bulkammunitionshop.com\/?s={search_term_string}\"},\"query-input\":{\"@type\":\"PropertyValueSpecification\",\"valueRequired\":true,\"valueName\":\"search_term_string\"}}],\"inLanguage\":\"tr\"}]}<\/script>\n<!-- \/ Yoast SEO Premium plugin. -->","yoast_head_json":{"title":"500rds of Federal Premium Centerfire Handgun Ammunition .45 ACP 230 grain - Bulk Ammunition shop","robots":{"index":"index","follow":"follow","max-snippet":"max-snippet:-1","max-image-preview":"max-image-preview:large","max-video-preview":"max-video-preview:-1"},"canonical":"https:\/\/www.bulkammunitionshop.com\/tr\/urun\/500rds-of-federal-premium-centerfire-handgun-ammunition-45-acp-230-grain\/","og_locale":"tr_TR","og_type":"article","og_title":"500rds of Federal Premium Centerfire Handgun Ammunition .45 ACP 230 grain","og_description":"Description Demand the performance to compete. Gold Medal Handgun loads are built with the finest components and held to the tightest tolerances to deliver in competitive shooting situations. The loads feature match-grade primers and bullets, with consistent powders and the best Federal brass. Specifications for Federal Premium Centerfire Handgun Ammunition .45 ACP 230 grain 830 [...]","og_url":"https:\/\/www.bulkammunitionshop.com\/tr\/urun\/500rds-of-federal-premium-centerfire-handgun-ammunition-45-acp-230-grain\/","og_site_name":"Bulk Ammunition shop","article_modified_time":"2025-06-21T20:03:34+00:00","og_image":[{"width":600,"height":337,"url":"https:\/\/i0.wp.com\/www.bulkammunitionshop.com\/wp-content\/uploads\/2022\/05\/federal-premium-gold-medal-pistol-ammo-45-acp-full-metal-jacket-230-grain-50-rounds-gm45a-main-600x337-1.jpg?fit=600%2C337&ssl=1","type":"image\/jpeg"}],"twitter_card":"summary_large_image","twitter_misc":{"Tahmini okuma s\u00fcresi":"1 dakika"},"schema":{"@context":"https:\/\/schema.org","@graph":[{"@type":"WebPage","@id":"https:\/\/www.bulkammunitionshop.com\/product\/500rds-of-federal-premium-centerfire-handgun-ammunition-45-acp-230-grain\/","url":"https:\/\/www.bulkammunitionshop.com\/product\/500rds-of-federal-premium-centerfire-handgun-ammunition-45-acp-230-grain\/","name":"500rds of Federal Premium Centerfire Handgun Ammunition .45 ACP 230 grain - Bulk Ammunition shop","isPartOf":{"@id":"https:\/\/www.bulkammunitionshop.com\/#website"},"primaryImageOfPage":{"@id":"https:\/\/www.bulkammunitionshop.com\/product\/500rds-of-federal-premium-centerfire-handgun-ammunition-45-acp-230-grain\/#primaryimage"},"image":{"@id":"https:\/\/www.bulkammunitionshop.com\/product\/500rds-of-federal-premium-centerfire-handgun-ammunition-45-acp-230-grain\/#primaryimage"},"thumbnailUrl":"https:\/\/www.bulkammunitionshop.com\/wp-content\/uploads\/2022\/05\/federal-premium-gold-medal-pistol-ammo-45-acp-full-metal-jacket-230-grain-50-rounds-gm45a-main-600x337-1.jpg","datePublished":"2022-05-21T02:47:41+00:00","dateModified":"2025-06-21T20:03:34+00:00","breadcrumb":{"@id":"https:\/\/www.bulkammunitionshop.com\/product\/500rds-of-federal-premium-centerfire-handgun-ammunition-45-acp-230-grain\/#breadcrumb"},"inLanguage":"tr","potentialAction":[{"@type":"ReadAction","target":["https:\/\/www.bulkammunitionshop.com\/product\/500rds-of-federal-premium-centerfire-handgun-ammunition-45-acp-230-grain\/"]}]},{"@type":"ImageObject","inLanguage":"tr","@id":"https:\/\/www.bulkammunitionshop.com\/product\/500rds-of-federal-premium-centerfire-handgun-ammunition-45-acp-230-grain\/#primaryimage","url":"https:\/\/www.bulkammunitionshop.com\/wp-content\/uploads\/2022\/05\/federal-premium-gold-medal-pistol-ammo-45-acp-full-metal-jacket-230-grain-50-rounds-gm45a-main-600x337-1.jpg","contentUrl":"https:\/\/www.bulkammunitionshop.com\/wp-content\/uploads\/2022\/05\/federal-premium-gold-medal-pistol-ammo-45-acp-full-metal-jacket-230-grain-50-rounds-gm45a-main-600x337-1.jpg","width":600,"height":337},{"@type":"BreadcrumbList","@id":"https:\/\/www.bulkammunitionshop.com\/product\/500rds-of-federal-premium-centerfire-handgun-ammunition-45-acp-230-grain\/#breadcrumb","itemListElement":[{"@type":"ListItem","position":1,"name":"Home","item":"https:\/\/www.bulkammunitionshop.com\/"},{"@type":"ListItem","position":2,"name":"SHOP ALL","item":"https:\/\/www.bulkammunitionshop.com\/shop-all\/"},{"@type":"ListItem","position":3,"name":"500rds of Federal Premium Centerfire Handgun Ammunition .45 ACP 230 grain"}]},{"@type":"WebSite","@id":"https:\/\/www.bulkammunitionshop.com\/#website","url":"https:\/\/www.bulkammunitionshop.com\/","name":"Toplu M\u00fchimmat d\u00fckkan\u0131","description":"Ucuz Toplu M\u00fchimmat Online Sat\u0131n Al\u0131n - Sat\u0131l\u0131k Toplu M\u00fchimmat - Ucuz M\u00fchimmat Online","potentialAction":[{"@type":"SearchAction","target":{"@type":"EntryPoint","urlTemplate":"https:\/\/www.bulkammunitionshop.com\/?s={search_term_string}"},"query-input":{"@type":"PropertyValueSpecification","valueRequired":true,"valueName":"search_term_string"}}],"inLanguage":"tr"}]}},"jetpack_sharing_enabled":true,"_links":{"self":[{"href":"https:\/\/www.bulkammunitionshop.com\/tr\/wp-json\/wp\/v2\/product\/809","targetHints":{"allow":["GET"]}}],"collection":[{"href":"https:\/\/www.bulkammunitionshop.com\/tr\/wp-json\/wp\/v2\/product"}],"about":[{"href":"https:\/\/www.bulkammunitionshop.com\/tr\/wp-json\/wp\/v2\/types\/product"}],"replies":[{"embeddable":true,"href":"https:\/\/www.bulkammunitionshop.com\/tr\/wp-json\/wp\/v2\/comments?post=809"}],"wp:featuredmedia":[{"embeddable":true,"href":"https:\/\/www.bulkammunitionshop.com\/tr\/wp-json\/wp\/v2\/media\/996"}],"wp:attachment":[{"href":"https:\/\/www.bulkammunitionshop.com\/tr\/wp-json\/wp\/v2\/media?parent=809"}],"wp:term":[{"taxonomy":"product_brand","embeddable":true,"href":"https:\/\/www.bulkammunitionshop.com\/tr\/wp-json\/wp\/v2\/product_brand?post=809"},{"taxonomy":"product_cat","embeddable":true,"href":"https:\/\/www.bulkammunitionshop.com\/tr\/wp-json\/wp\/v2\/product_cat?post=809"},{"taxonomy":"product_tag","embeddable":true,"href":"https:\/\/www.bulkammunitionshop.com\/tr\/wp-json\/wp\/v2\/product_tag?post=809"}],"curies":[{"name":"wp","href":"https:\/\/api.w.org\/{rel}","templated":true}]}}