{"id":793,"date":"2022-05-21T02:47:10","date_gmt":"2022-05-21T02:47:10","guid":{"rendered":"https:\/\/www.bulkammunitionshop.com\/?post_type=product&#038;p=793"},"modified":"2025-06-21T20:04:11","modified_gmt":"2025-06-21T20:04:11","slug":"fiocchi-44-remington-magnum-ammunition","status":"publish","type":"product","link":"https:\/\/www.bulkammunitionshop.com\/tr\/urun\/fiocchi-44-remington-magnum-ammunition\/","title":{"rendered":"FIOCCHI 44 REMINGTON MAGNUM AMMUNITION"},"content":{"rendered":"<h2>Tan\u0131m<\/h2>\n<p>Fiocchi Shooting Dynamics ammunition offers great quality and consistency for the high-volume shooter and hunter. Loaded with similar grain weights as the Exacta line, this ammunition is perfect for training and practicing with similar results at a much cheaper price. This allows you to shoot, plink, or hunt as much as possible. This ammunition is new production, non-corrosive, in boxer-primed, reloadable brass cases.<\/p>\n<p>&nbsp;<\/p>\n<p><strong>Technical Information<\/strong><\/p>\n<ul>\n<li>Caliber: 44 Remington Magnum<\/li>\n<li>Bullet Weight: 200 Grains<\/li>\n<li>Bullet Style: Semi-Jacketed Hollow Point<\/li>\n<li>Kasa Tipi: Pirin\u00e7<\/li>\n<\/ul>\n<p><strong>Ballistics Information:<\/strong><\/p>\n<ul>\n<li>Muzzle Velocity: 1475 fps<\/li>\n<li>Muzzle Energy: 965 ft. lbs.<\/li>\n<\/ul>","protected":false},"excerpt":{"rendered":"<p>Description Fiocchi Shooting Dynamics ammunition offers great quality and consistency for the high-volume shooter and hunter. Loaded with similar grain weights as the Exacta line, this ammunition is perfect for training and practicing with similar results at a much cheaper price. This allows you to shoot, plink, or hunt as much as possible. This ammunition [&#8230;]","protected":false},"featured_media":986,"comment_status":"open","ping_status":"closed","template":"","meta":[],"product_brand":[],"product_cat":[186,112],"product_tag":[189,190],"class_list":{"0":"post-793","1":"product","2":"type-product","3":"status-publish","4":"has-post-thumbnail","6":"product_cat-44-magnum","7":"product_cat-handgun-ammo","8":"product_tag-buy-fiocchi-44-remington-magnum-ammunition-online","9":"product_tag-fiocchi-44-remington-magnum-ammunition","11":"first","12":"outofstock","13":"taxable","14":"shipping-taxable","15":"product-type-variable"},"yoast_head":"<!-- This site is optimized with the Yoast SEO Premium plugin v24.6 (Yoast SEO v25.7) - https:\/\/yoast.com\/wordpress\/plugins\/seo\/ -->\n<title>FIOCCHI 44 REMINGTON MAGNUM AMMUNITION - Bulk Ammunition shop<\/title>\n<meta name=\"robots\" content=\"index, follow, max-snippet:-1, max-image-preview:large, max-video-preview:-1\" \/>\n<link rel=\"canonical\" href=\"https:\/\/www.bulkammunitionshop.com\/tr\/urun\/fiocchi-44-remington-magnum-ammunition\/\" \/>\n<meta property=\"og:locale\" content=\"tr_TR\" \/>\n<meta property=\"og:type\" content=\"article\" \/>\n<meta property=\"og:title\" content=\"FIOCCHI 44 REMINGTON MAGNUM AMMUNITION\" \/>\n<meta property=\"og:description\" content=\"Description Fiocchi Shooting Dynamics ammunition offers great quality and consistency for the high-volume shooter and hunter. Loaded with similar grain weights as the Exacta line, this ammunition is perfect for training and practicing with similar results at a much cheaper price. This allows you to shoot, plink, or hunt as much as possible. This ammunition [...]\" \/>\n<meta property=\"og:url\" content=\"https:\/\/www.bulkammunitionshop.com\/tr\/urun\/fiocchi-44-remington-magnum-ammunition\/\" \/>\n<meta property=\"og:site_name\" content=\"Bulk Ammunition shop\" \/>\n<meta property=\"article:modified_time\" content=\"2025-06-21T20:04:11+00:00\" \/>\n<meta property=\"og:image\" content=\"https:\/\/i0.wp.com\/www.bulkammunitionshop.com\/wp-content\/uploads\/2022\/05\/FI44B-2__13256.1526548054-2.png?fit=600%2C449&ssl=1\" \/>\n\t<meta property=\"og:image:width\" content=\"600\" \/>\n\t<meta property=\"og:image:height\" content=\"449\" \/>\n\t<meta property=\"og:image:type\" content=\"image\/png\" \/>\n<meta name=\"twitter:card\" content=\"summary_large_image\" \/>\n<script type=\"application\/ld+json\" class=\"yoast-schema-graph\">{\"@context\":\"https:\/\/schema.org\",\"@graph\":[{\"@type\":\"WebPage\",\"@id\":\"https:\/\/www.bulkammunitionshop.com\/product\/fiocchi-44-remington-magnum-ammunition\/\",\"url\":\"https:\/\/www.bulkammunitionshop.com\/product\/fiocchi-44-remington-magnum-ammunition\/\",\"name\":\"FIOCCHI 44 REMINGTON MAGNUM AMMUNITION - Bulk Ammunition shop\",\"isPartOf\":{\"@id\":\"https:\/\/www.bulkammunitionshop.com\/#website\"},\"primaryImageOfPage\":{\"@id\":\"https:\/\/www.bulkammunitionshop.com\/product\/fiocchi-44-remington-magnum-ammunition\/#primaryimage\"},\"image\":{\"@id\":\"https:\/\/www.bulkammunitionshop.com\/product\/fiocchi-44-remington-magnum-ammunition\/#primaryimage\"},\"thumbnailUrl\":\"https:\/\/www.bulkammunitionshop.com\/wp-content\/uploads\/2022\/05\/FI44B-2__13256.1526548054-2.png\",\"datePublished\":\"2022-05-21T02:47:10+00:00\",\"dateModified\":\"2025-06-21T20:04:11+00:00\",\"breadcrumb\":{\"@id\":\"https:\/\/www.bulkammunitionshop.com\/product\/fiocchi-44-remington-magnum-ammunition\/#breadcrumb\"},\"inLanguage\":\"tr\",\"potentialAction\":[{\"@type\":\"ReadAction\",\"target\":[\"https:\/\/www.bulkammunitionshop.com\/product\/fiocchi-44-remington-magnum-ammunition\/\"]}]},{\"@type\":\"ImageObject\",\"inLanguage\":\"tr\",\"@id\":\"https:\/\/www.bulkammunitionshop.com\/product\/fiocchi-44-remington-magnum-ammunition\/#primaryimage\",\"url\":\"https:\/\/www.bulkammunitionshop.com\/wp-content\/uploads\/2022\/05\/FI44B-2__13256.1526548054-2.png\",\"contentUrl\":\"https:\/\/www.bulkammunitionshop.com\/wp-content\/uploads\/2022\/05\/FI44B-2__13256.1526548054-2.png\",\"width\":600,\"height\":449},{\"@type\":\"BreadcrumbList\",\"@id\":\"https:\/\/www.bulkammunitionshop.com\/product\/fiocchi-44-remington-magnum-ammunition\/#breadcrumb\",\"itemListElement\":[{\"@type\":\"ListItem\",\"position\":1,\"name\":\"Home\",\"item\":\"https:\/\/www.bulkammunitionshop.com\/\"},{\"@type\":\"ListItem\",\"position\":2,\"name\":\"SHOP ALL\",\"item\":\"https:\/\/www.bulkammunitionshop.com\/shop-all\/\"},{\"@type\":\"ListItem\",\"position\":3,\"name\":\"FIOCCHI 44 REMINGTON MAGNUM AMMUNITION\"}]},{\"@type\":\"WebSite\",\"@id\":\"https:\/\/www.bulkammunitionshop.com\/#website\",\"url\":\"https:\/\/www.bulkammunitionshop.com\/\",\"name\":\"Bulk Ammunition shop\",\"description\":\"Buy Cheap Bulk Ammo Online - Bulk Ammo for Sale- Cheap Ammo Online\",\"potentialAction\":[{\"@type\":\"SearchAction\",\"target\":{\"@type\":\"EntryPoint\",\"urlTemplate\":\"https:\/\/www.bulkammunitionshop.com\/?s={search_term_string}\"},\"query-input\":{\"@type\":\"PropertyValueSpecification\",\"valueRequired\":true,\"valueName\":\"search_term_string\"}}],\"inLanguage\":\"tr\"}]}<\/script>\n<!-- \/ Yoast SEO Premium plugin. -->","yoast_head_json":{"title":"FIOCCHI 44 REMINGTON MAGNUM AMMUNITION - Bulk Ammunition shop","robots":{"index":"index","follow":"follow","max-snippet":"max-snippet:-1","max-image-preview":"max-image-preview:large","max-video-preview":"max-video-preview:-1"},"canonical":"https:\/\/www.bulkammunitionshop.com\/tr\/urun\/fiocchi-44-remington-magnum-ammunition\/","og_locale":"tr_TR","og_type":"article","og_title":"FIOCCHI 44 REMINGTON MAGNUM AMMUNITION","og_description":"Description Fiocchi Shooting Dynamics ammunition offers great quality and consistency for the high-volume shooter and hunter. Loaded with similar grain weights as the Exacta line, this ammunition is perfect for training and practicing with similar results at a much cheaper price. This allows you to shoot, plink, or hunt as much as possible. This ammunition [...]","og_url":"https:\/\/www.bulkammunitionshop.com\/tr\/urun\/fiocchi-44-remington-magnum-ammunition\/","og_site_name":"Bulk Ammunition shop","article_modified_time":"2025-06-21T20:04:11+00:00","og_image":[{"width":600,"height":449,"url":"https:\/\/i0.wp.com\/www.bulkammunitionshop.com\/wp-content\/uploads\/2022\/05\/FI44B-2__13256.1526548054-2.png?fit=600%2C449&ssl=1","type":"image\/png"}],"twitter_card":"summary_large_image","schema":{"@context":"https:\/\/schema.org","@graph":[{"@type":"WebPage","@id":"https:\/\/www.bulkammunitionshop.com\/product\/fiocchi-44-remington-magnum-ammunition\/","url":"https:\/\/www.bulkammunitionshop.com\/product\/fiocchi-44-remington-magnum-ammunition\/","name":"FIOCCHI 44 REMINGTON MAGNUM AMMUNITION - Bulk Ammunition shop","isPartOf":{"@id":"https:\/\/www.bulkammunitionshop.com\/#website"},"primaryImageOfPage":{"@id":"https:\/\/www.bulkammunitionshop.com\/product\/fiocchi-44-remington-magnum-ammunition\/#primaryimage"},"image":{"@id":"https:\/\/www.bulkammunitionshop.com\/product\/fiocchi-44-remington-magnum-ammunition\/#primaryimage"},"thumbnailUrl":"https:\/\/www.bulkammunitionshop.com\/wp-content\/uploads\/2022\/05\/FI44B-2__13256.1526548054-2.png","datePublished":"2022-05-21T02:47:10+00:00","dateModified":"2025-06-21T20:04:11+00:00","breadcrumb":{"@id":"https:\/\/www.bulkammunitionshop.com\/product\/fiocchi-44-remington-magnum-ammunition\/#breadcrumb"},"inLanguage":"tr","potentialAction":[{"@type":"ReadAction","target":["https:\/\/www.bulkammunitionshop.com\/product\/fiocchi-44-remington-magnum-ammunition\/"]}]},{"@type":"ImageObject","inLanguage":"tr","@id":"https:\/\/www.bulkammunitionshop.com\/product\/fiocchi-44-remington-magnum-ammunition\/#primaryimage","url":"https:\/\/www.bulkammunitionshop.com\/wp-content\/uploads\/2022\/05\/FI44B-2__13256.1526548054-2.png","contentUrl":"https:\/\/www.bulkammunitionshop.com\/wp-content\/uploads\/2022\/05\/FI44B-2__13256.1526548054-2.png","width":600,"height":449},{"@type":"BreadcrumbList","@id":"https:\/\/www.bulkammunitionshop.com\/product\/fiocchi-44-remington-magnum-ammunition\/#breadcrumb","itemListElement":[{"@type":"ListItem","position":1,"name":"Home","item":"https:\/\/www.bulkammunitionshop.com\/"},{"@type":"ListItem","position":2,"name":"SHOP ALL","item":"https:\/\/www.bulkammunitionshop.com\/shop-all\/"},{"@type":"ListItem","position":3,"name":"FIOCCHI 44 REMINGTON MAGNUM AMMUNITION"}]},{"@type":"WebSite","@id":"https:\/\/www.bulkammunitionshop.com\/#website","url":"https:\/\/www.bulkammunitionshop.com\/","name":"Toplu M\u00fchimmat d\u00fckkan\u0131","description":"Ucuz Toplu M\u00fchimmat Online Sat\u0131n Al\u0131n - Sat\u0131l\u0131k Toplu M\u00fchimmat - Ucuz M\u00fchimmat Online","potentialAction":[{"@type":"SearchAction","target":{"@type":"EntryPoint","urlTemplate":"https:\/\/www.bulkammunitionshop.com\/?s={search_term_string}"},"query-input":{"@type":"PropertyValueSpecification","valueRequired":true,"valueName":"search_term_string"}}],"inLanguage":"tr"}]}},"jetpack_sharing_enabled":true,"_links":{"self":[{"href":"https:\/\/www.bulkammunitionshop.com\/tr\/wp-json\/wp\/v2\/product\/793","targetHints":{"allow":["GET"]}}],"collection":[{"href":"https:\/\/www.bulkammunitionshop.com\/tr\/wp-json\/wp\/v2\/product"}],"about":[{"href":"https:\/\/www.bulkammunitionshop.com\/tr\/wp-json\/wp\/v2\/types\/product"}],"replies":[{"embeddable":true,"href":"https:\/\/www.bulkammunitionshop.com\/tr\/wp-json\/wp\/v2\/comments?post=793"}],"wp:featuredmedia":[{"embeddable":true,"href":"https:\/\/www.bulkammunitionshop.com\/tr\/wp-json\/wp\/v2\/media\/986"}],"wp:attachment":[{"href":"https:\/\/www.bulkammunitionshop.com\/tr\/wp-json\/wp\/v2\/media?parent=793"}],"wp:term":[{"taxonomy":"product_brand","embeddable":true,"href":"https:\/\/www.bulkammunitionshop.com\/tr\/wp-json\/wp\/v2\/product_brand?post=793"},{"taxonomy":"product_cat","embeddable":true,"href":"https:\/\/www.bulkammunitionshop.com\/tr\/wp-json\/wp\/v2\/product_cat?post=793"},{"taxonomy":"product_tag","embeddable":true,"href":"https:\/\/www.bulkammunitionshop.com\/tr\/wp-json\/wp\/v2\/product_tag?post=793"}],"curies":[{"name":"wp","href":"https:\/\/api.w.org\/{rel}","templated":true}]}}