{"id":790,"date":"2022-05-21T02:47:10","date_gmt":"2022-05-21T02:47:10","guid":{"rendered":"https:\/\/www.bulkammunitionshop.com\/?post_type=product&#038;p=790"},"modified":"2025-06-21T20:04:02","modified_gmt":"2025-06-21T20:04:02","slug":"1000rds-of-winchester-40-sw-ammunition","status":"publish","type":"product","link":"https:\/\/www.bulkammunitionshop.com\/tr\/urun\/1000rds-of-winchester-40-sw-ammunition\/","title":{"rendered":"1000rds of WINCHESTER 40 S&#038;W AMMUNITION"},"content":{"rendered":"<div class=\"woocommerce-product-gallery woocommerce-product-gallery--with-images woocommerce-product-gallery--columns-4 images\" data-columns=\"4\">\n<figure class=\"woocommerce-product-gallery__wrapper\">\n<div class=\"woocommerce-product-gallery__image\" data-thumb=\"https:\/\/buycheapammoonline.com\/wp-content\/uploads\/2021\/01\/BUY-WINCHESTER-40-SW-AMMUNITION-100x100.png\" data-thumb-alt=\"BUY WINCHESTER 40 S&amp;W AMMUNITION\"><\/div>\n<\/figure>\n<\/div>\n<div class=\"woocommerce-tabs wc-tabs-wrapper\">\n<div id=\"tab-description\" class=\"woocommerce-Tabs-panel woocommerce-Tabs-panel--description panel entry-content wc-tab\" role=\"tabpanel\" aria-labelledby=\"tab-title-description\">\n<h2>Tan\u0131m<\/h2>\n<table>\n<tbody>\n<tr>\n<td width=\"295\">Brand<\/td>\n<td width=\"295\">Winchester<\/td>\n<\/tr>\n<tr>\n<td width=\"295\">Kalibre<\/td>\n<td width=\"295\">40 Smith &amp; Wesson<\/td>\n<\/tr>\n<tr>\n<td width=\"295\">Model<\/td>\n<td width=\"295\">Service Grade SG40W<\/td>\n<\/tr>\n<tr>\n<td width=\"295\">Bullet Weight<\/td>\n<td width=\"295\">165 Grain<\/td>\n<\/tr>\n<tr>\n<td width=\"295\">Mermi T\u00fcr\u00fc<\/td>\n<td width=\"295\">Full Metal Jacket<\/td>\n<\/tr>\n<tr>\n<td width=\"295\">Yeniden doldurulabilir<\/td>\n<td width=\"295\">Evet<\/td>\n<\/tr>\n<tr>\n<td width=\"295\">Dava T\u00fcr\u00fc<\/td>\n<td width=\"295\">Pirin\u00e7<\/td>\n<\/tr>\n<tr>\n<td width=\"295\">Rounds<\/td>\n<td width=\"295\">1000<\/td>\n<\/tr>\n<tr>\n<td width=\"295\">Boxes Per Case<\/td>\n<td width=\"295\">10 Boxes Per Case<\/td>\n<\/tr>\n<tr>\n<td width=\"295\">Namlu Enerjisi<\/td>\n<td width=\"295\">\u00a0ft-lbs<\/td>\n<\/tr>\n<tr>\n<td width=\"295\">Namlu \u00c7\u0131k\u0131\u015f H\u0131z\u0131<\/td>\n<td width=\"295\">\u00a0fps<\/td>\n<\/tr>\n<\/tbody>\n<\/table>\n<p>Winchester Military Service Grade is an excellent choice for competitive and recreational shooting applications. This fantastic ammunition is well known to provide excellent results, delivering excellent accuracy and reliability. If you are planning on doing any high volume training, hitting the IDPA, IPSC, GSSF, or any number of competitive pistol shooting, Winchester Military Service Grade will serve you well.<\/p>\n<\/div>\n<\/div>","protected":false},"excerpt":{"rendered":"<p>Description Brand Winchester Caliber 40 Smith &amp; Wesson Model Service Grade SG40W Bullet Weight 165 Grain Bullet Type Full Metal Jacket Reloadable Yes Case Type Brass Rounds 1000 Boxes Per Case 10 Boxes Per Case Muzzle Energy \u00a0ft-lbs Muzzle Velocity \u00a0fps Winchester Military Service Grade is an excellent choice for competitive and recreational shooting applications. [&#8230;]","protected":false},"featured_media":983,"comment_status":"open","ping_status":"closed","template":"","meta":[],"product_brand":[],"product_cat":[180,112],"product_tag":[184,185],"class_list":{"0":"post-790","1":"product","2":"type-product","3":"status-publish","4":"has-post-thumbnail","6":"product_cat-40-sw","7":"product_cat-handgun-ammo","8":"product_tag-buy-winchester-40-sw-ammunition-online","9":"product_tag-winchester-40-sw-ammunition","11":"first","12":"instock","13":"taxable","14":"shipping-taxable","15":"purchasable","16":"product-type-simple"},"yoast_head":"<!-- This site is optimized with the Yoast SEO Premium plugin v24.6 (Yoast SEO v25.7) - https:\/\/yoast.com\/wordpress\/plugins\/seo\/ -->\n<title>1000rds of WINCHESTER 40 S&amp;W AMMUNITION - Bulk Ammunition shop<\/title>\n<meta name=\"robots\" content=\"index, follow, max-snippet:-1, max-image-preview:large, max-video-preview:-1\" \/>\n<link rel=\"canonical\" href=\"https:\/\/www.bulkammunitionshop.com\/tr\/urun\/1000rds-of-winchester-40-sw-ammunition\/\" \/>\n<meta property=\"og:locale\" content=\"tr_TR\" \/>\n<meta property=\"og:type\" content=\"article\" \/>\n<meta property=\"og:title\" content=\"1000rds of WINCHESTER 40 S&amp;W AMMUNITION\" \/>\n<meta property=\"og:description\" content=\"Description Brand Winchester Caliber 40 Smith &amp; Wesson Model Service Grade SG40W Bullet Weight 165 Grain Bullet Type Full Metal Jacket Reloadable Yes Case Type Brass Rounds 1000 Boxes Per Case 10 Boxes Per Case Muzzle Energy \u00a0ft-lbs Muzzle Velocity \u00a0fps Winchester Military Service Grade is an excellent choice for competitive and recreational shooting applications. [...]\" \/>\n<meta property=\"og:url\" content=\"https:\/\/www.bulkammunitionshop.com\/tr\/urun\/1000rds-of-winchester-40-sw-ammunition\/\" \/>\n<meta property=\"og:site_name\" content=\"Bulk Ammunition shop\" \/>\n<meta property=\"article:modified_time\" content=\"2025-06-21T20:04:02+00:00\" \/>\n<meta property=\"og:image\" content=\"https:\/\/i0.wp.com\/www.bulkammunitionshop.com\/wp-content\/uploads\/2022\/05\/BUY-WINCHESTER-40-SW-AMMUNITION.png?fit=600%2C465&ssl=1\" \/>\n\t<meta property=\"og:image:width\" content=\"600\" \/>\n\t<meta property=\"og:image:height\" content=\"465\" \/>\n\t<meta property=\"og:image:type\" content=\"image\/png\" \/>\n<meta name=\"twitter:card\" content=\"summary_large_image\" \/>\n<script type=\"application\/ld+json\" class=\"yoast-schema-graph\">{\"@context\":\"https:\/\/schema.org\",\"@graph\":[{\"@type\":\"WebPage\",\"@id\":\"https:\/\/www.bulkammunitionshop.com\/product\/1000rds-of-winchester-40-sw-ammunition\/\",\"url\":\"https:\/\/www.bulkammunitionshop.com\/product\/1000rds-of-winchester-40-sw-ammunition\/\",\"name\":\"1000rds of WINCHESTER 40 S&W AMMUNITION - Bulk Ammunition shop\",\"isPartOf\":{\"@id\":\"https:\/\/www.bulkammunitionshop.com\/#website\"},\"primaryImageOfPage\":{\"@id\":\"https:\/\/www.bulkammunitionshop.com\/product\/1000rds-of-winchester-40-sw-ammunition\/#primaryimage\"},\"image\":{\"@id\":\"https:\/\/www.bulkammunitionshop.com\/product\/1000rds-of-winchester-40-sw-ammunition\/#primaryimage\"},\"thumbnailUrl\":\"https:\/\/www.bulkammunitionshop.com\/wp-content\/uploads\/2022\/05\/BUY-WINCHESTER-40-SW-AMMUNITION.png\",\"datePublished\":\"2022-05-21T02:47:10+00:00\",\"dateModified\":\"2025-06-21T20:04:02+00:00\",\"breadcrumb\":{\"@id\":\"https:\/\/www.bulkammunitionshop.com\/product\/1000rds-of-winchester-40-sw-ammunition\/#breadcrumb\"},\"inLanguage\":\"tr\",\"potentialAction\":[{\"@type\":\"ReadAction\",\"target\":[\"https:\/\/www.bulkammunitionshop.com\/product\/1000rds-of-winchester-40-sw-ammunition\/\"]}]},{\"@type\":\"ImageObject\",\"inLanguage\":\"tr\",\"@id\":\"https:\/\/www.bulkammunitionshop.com\/product\/1000rds-of-winchester-40-sw-ammunition\/#primaryimage\",\"url\":\"https:\/\/www.bulkammunitionshop.com\/wp-content\/uploads\/2022\/05\/BUY-WINCHESTER-40-SW-AMMUNITION.png\",\"contentUrl\":\"https:\/\/www.bulkammunitionshop.com\/wp-content\/uploads\/2022\/05\/BUY-WINCHESTER-40-SW-AMMUNITION.png\",\"width\":600,\"height\":465},{\"@type\":\"BreadcrumbList\",\"@id\":\"https:\/\/www.bulkammunitionshop.com\/product\/1000rds-of-winchester-40-sw-ammunition\/#breadcrumb\",\"itemListElement\":[{\"@type\":\"ListItem\",\"position\":1,\"name\":\"Home\",\"item\":\"https:\/\/www.bulkammunitionshop.com\/\"},{\"@type\":\"ListItem\",\"position\":2,\"name\":\"SHOP ALL\",\"item\":\"https:\/\/www.bulkammunitionshop.com\/shop-all\/\"},{\"@type\":\"ListItem\",\"position\":3,\"name\":\"1000rds of WINCHESTER 40 S&#038;W AMMUNITION\"}]},{\"@type\":\"WebSite\",\"@id\":\"https:\/\/www.bulkammunitionshop.com\/#website\",\"url\":\"https:\/\/www.bulkammunitionshop.com\/\",\"name\":\"Bulk Ammunition shop\",\"description\":\"Buy Cheap Bulk Ammo Online - Bulk Ammo for Sale- Cheap Ammo Online\",\"potentialAction\":[{\"@type\":\"SearchAction\",\"target\":{\"@type\":\"EntryPoint\",\"urlTemplate\":\"https:\/\/www.bulkammunitionshop.com\/?s={search_term_string}\"},\"query-input\":{\"@type\":\"PropertyValueSpecification\",\"valueRequired\":true,\"valueName\":\"search_term_string\"}}],\"inLanguage\":\"tr\"}]}<\/script>\n<!-- \/ Yoast SEO Premium plugin. -->","yoast_head_json":{"title":"1000rds of WINCHESTER 40 S&W AMMUNITION - Bulk Ammunition shop","robots":{"index":"index","follow":"follow","max-snippet":"max-snippet:-1","max-image-preview":"max-image-preview:large","max-video-preview":"max-video-preview:-1"},"canonical":"https:\/\/www.bulkammunitionshop.com\/tr\/urun\/1000rds-of-winchester-40-sw-ammunition\/","og_locale":"tr_TR","og_type":"article","og_title":"1000rds of WINCHESTER 40 S&W AMMUNITION","og_description":"Description Brand Winchester Caliber 40 Smith &amp; Wesson Model Service Grade SG40W Bullet Weight 165 Grain Bullet Type Full Metal Jacket Reloadable Yes Case Type Brass Rounds 1000 Boxes Per Case 10 Boxes Per Case Muzzle Energy \u00a0ft-lbs Muzzle Velocity \u00a0fps Winchester Military Service Grade is an excellent choice for competitive and recreational shooting applications. [...]","og_url":"https:\/\/www.bulkammunitionshop.com\/tr\/urun\/1000rds-of-winchester-40-sw-ammunition\/","og_site_name":"Bulk Ammunition shop","article_modified_time":"2025-06-21T20:04:02+00:00","og_image":[{"width":600,"height":465,"url":"https:\/\/i0.wp.com\/www.bulkammunitionshop.com\/wp-content\/uploads\/2022\/05\/BUY-WINCHESTER-40-SW-AMMUNITION.png?fit=600%2C465&ssl=1","type":"image\/png"}],"twitter_card":"summary_large_image","schema":{"@context":"https:\/\/schema.org","@graph":[{"@type":"WebPage","@id":"https:\/\/www.bulkammunitionshop.com\/product\/1000rds-of-winchester-40-sw-ammunition\/","url":"https:\/\/www.bulkammunitionshop.com\/product\/1000rds-of-winchester-40-sw-ammunition\/","name":"1000rds of WINCHESTER 40 S&W AMMUNITION - Bulk Ammunition shop","isPartOf":{"@id":"https:\/\/www.bulkammunitionshop.com\/#website"},"primaryImageOfPage":{"@id":"https:\/\/www.bulkammunitionshop.com\/product\/1000rds-of-winchester-40-sw-ammunition\/#primaryimage"},"image":{"@id":"https:\/\/www.bulkammunitionshop.com\/product\/1000rds-of-winchester-40-sw-ammunition\/#primaryimage"},"thumbnailUrl":"https:\/\/www.bulkammunitionshop.com\/wp-content\/uploads\/2022\/05\/BUY-WINCHESTER-40-SW-AMMUNITION.png","datePublished":"2022-05-21T02:47:10+00:00","dateModified":"2025-06-21T20:04:02+00:00","breadcrumb":{"@id":"https:\/\/www.bulkammunitionshop.com\/product\/1000rds-of-winchester-40-sw-ammunition\/#breadcrumb"},"inLanguage":"tr","potentialAction":[{"@type":"ReadAction","target":["https:\/\/www.bulkammunitionshop.com\/product\/1000rds-of-winchester-40-sw-ammunition\/"]}]},{"@type":"ImageObject","inLanguage":"tr","@id":"https:\/\/www.bulkammunitionshop.com\/product\/1000rds-of-winchester-40-sw-ammunition\/#primaryimage","url":"https:\/\/www.bulkammunitionshop.com\/wp-content\/uploads\/2022\/05\/BUY-WINCHESTER-40-SW-AMMUNITION.png","contentUrl":"https:\/\/www.bulkammunitionshop.com\/wp-content\/uploads\/2022\/05\/BUY-WINCHESTER-40-SW-AMMUNITION.png","width":600,"height":465},{"@type":"BreadcrumbList","@id":"https:\/\/www.bulkammunitionshop.com\/product\/1000rds-of-winchester-40-sw-ammunition\/#breadcrumb","itemListElement":[{"@type":"ListItem","position":1,"name":"Home","item":"https:\/\/www.bulkammunitionshop.com\/"},{"@type":"ListItem","position":2,"name":"SHOP ALL","item":"https:\/\/www.bulkammunitionshop.com\/shop-all\/"},{"@type":"ListItem","position":3,"name":"1000rds of WINCHESTER 40 S&#038;W AMMUNITION"}]},{"@type":"WebSite","@id":"https:\/\/www.bulkammunitionshop.com\/#website","url":"https:\/\/www.bulkammunitionshop.com\/","name":"Toplu M\u00fchimmat d\u00fckkan\u0131","description":"Ucuz Toplu M\u00fchimmat Online Sat\u0131n Al\u0131n - Sat\u0131l\u0131k Toplu M\u00fchimmat - Ucuz M\u00fchimmat Online","potentialAction":[{"@type":"SearchAction","target":{"@type":"EntryPoint","urlTemplate":"https:\/\/www.bulkammunitionshop.com\/?s={search_term_string}"},"query-input":{"@type":"PropertyValueSpecification","valueRequired":true,"valueName":"search_term_string"}}],"inLanguage":"tr"}]}},"jetpack_sharing_enabled":true,"_links":{"self":[{"href":"https:\/\/www.bulkammunitionshop.com\/tr\/wp-json\/wp\/v2\/product\/790","targetHints":{"allow":["GET"]}}],"collection":[{"href":"https:\/\/www.bulkammunitionshop.com\/tr\/wp-json\/wp\/v2\/product"}],"about":[{"href":"https:\/\/www.bulkammunitionshop.com\/tr\/wp-json\/wp\/v2\/types\/product"}],"replies":[{"embeddable":true,"href":"https:\/\/www.bulkammunitionshop.com\/tr\/wp-json\/wp\/v2\/comments?post=790"}],"wp:featuredmedia":[{"embeddable":true,"href":"https:\/\/www.bulkammunitionshop.com\/tr\/wp-json\/wp\/v2\/media\/983"}],"wp:attachment":[{"href":"https:\/\/www.bulkammunitionshop.com\/tr\/wp-json\/wp\/v2\/media?parent=790"}],"wp:term":[{"taxonomy":"product_brand","embeddable":true,"href":"https:\/\/www.bulkammunitionshop.com\/tr\/wp-json\/wp\/v2\/product_brand?post=790"},{"taxonomy":"product_cat","embeddable":true,"href":"https:\/\/www.bulkammunitionshop.com\/tr\/wp-json\/wp\/v2\/product_cat?post=790"},{"taxonomy":"product_tag","embeddable":true,"href":"https:\/\/www.bulkammunitionshop.com\/tr\/wp-json\/wp\/v2\/product_tag?post=790"}],"curies":[{"name":"wp","href":"https:\/\/api.w.org\/{rel}","templated":true}]}}