{"id":1637,"date":"2022-05-21T16:30:27","date_gmt":"2022-05-21T16:30:27","guid":{"rendered":"https:\/\/www.bulkammunitionshop.com\/?post_type=product&#038;p=1637"},"modified":"2022-05-21T16:33:54","modified_gmt":"2022-05-21T16:33:54","slug":"norma-tipstrike-varmint-ammunition-22-250-remington-54-grain-polymer-tip-500rds","status":"publish","type":"product","link":"https:\/\/www.bulkammunitionshop.com\/tr\/urun\/norma-tipstrike-varmint-ammunition-22-250-remington-54-grain-polymer-tip-500rds\/","title":{"rendered":"Norma TipStrike Varmint Ammunition 22-250 Remington 54 Grain Polymer Tip 500Rds"},"content":{"rendered":"<div class=\"product-section-overview\" data-ng-non-bindable=\"\">\n<p>NormaTIPSTRIKE is developed for stopping power, combined with a penetration deep enough to reach the vital organs of the game. The polymer tip assures the expansion and gives a devastating shock effect due to the construction of the bullet jacket. To maintain a high retention weight, the jacket is reinforced with a mechanical lock, thus making TIPSTRIKE an outstanding bullet for driven hunts and other forms of hunting where an immediate stop is crucial. This ammunition is new production, non-corrosive, in boxer-primed, reloadable brass cases.<\/p>\n<p>&nbsp;<\/p>\n<p><b>\u00d6zellikler<\/b><\/p>\n<ul>\n<li>Polymer tip for improved ballistics.<\/li>\n<li>The insertion of the tip gives a slight delay of the expansion to enhance penetration.<\/li>\n<li>Devastating chock effect through a tapered and quick opened front part of the jacket.<\/li>\n<li>Penetration secured through a strong and straight rear part of the jacket combined with a internal mechanical lead lock.<\/li>\n<\/ul>\n<\/div>\n<p>&nbsp;<\/p>\n<h3 id=\"product-info-table\">\u00dcr\u00fcn Bilgileri<\/h3>\n<table class=\"product-specs-table stack-l\" data-specifications=\"\" aria-labelledby=\"product-info-table\">\n<tbody>\n<tr class=\"product-specs-table-container\" data-ng-repeat=\"attribute in displayableAttrs | orderBy: ['attributeSortOrder','valueSortOrder','name']\" data-ng-class=\"{'is-selectable' : attribute.IsSelectable}\">\n<th class=\"product-specs-table-detail\">Kartu\u015f<\/th>\n<td class=\"product-specs-table-definition\">\n<div role=\"presentation\" data-ng-if=\"attribute.isDropDownSelectable === false\"><span data-ng-if=\"attribute.value.length == 1\">22-250 Remington<\/span><\/div>\n<\/td>\n<\/tr>\n<tr class=\"product-specs-table-container\" data-ng-repeat=\"attribute in displayableAttrs | orderBy: ['attributeSortOrder','valueSortOrder','name']\" data-ng-class=\"{'is-selectable' : attribute.IsSelectable}\">\n<th class=\"product-specs-table-detail\">Tane A\u011f\u0131rl\u0131\u011f\u0131<\/th>\n<td class=\"product-specs-table-definition\">\n<div role=\"presentation\" data-ng-if=\"attribute.isDropDownSelectable === false\"><span data-ng-if=\"attribute.value.length == 1\">54 Grains<\/span><\/div>\n<\/td>\n<\/tr>\n<tr class=\"product-specs-table-container\" data-ng-repeat=\"attribute in displayableAttrs | orderBy: ['attributeSortOrder','valueSortOrder','name']\" data-ng-class=\"{'is-selectable' : attribute.IsSelectable}\">\n<th class=\"product-specs-table-detail\">Miktar<\/th>\n<td class=\"product-specs-table-definition\">\n<div role=\"presentation\" data-ng-if=\"attribute.isDropDownSelectable === false\"><span data-ng-if=\"attribute.value.length == 1\">500Rds<\/span><\/div>\n<\/td>\n<\/tr>\n<tr class=\"product-specs-table-container\" data-ng-repeat=\"attribute in displayableAttrs | orderBy: ['attributeSortOrder','valueSortOrder','name']\" data-ng-class=\"{'is-selectable' : attribute.IsSelectable}\">\n<th class=\"product-specs-table-detail\">Namlu \u00c7\u0131k\u0131\u015f H\u0131z\u0131<\/th>\n<td class=\"product-specs-table-definition\">\n<div role=\"presentation\" data-ng-if=\"attribute.isDropDownSelectable === false\"><span data-ng-if=\"attribute.value.length == 1\">3576 Feet Per Second<\/span><\/div>\n<\/td>\n<\/tr>\n<tr class=\"product-specs-table-container\" data-ng-repeat=\"attribute in displayableAttrs | orderBy: ['attributeSortOrder','valueSortOrder','name']\" data-ng-class=\"{'is-selectable' : attribute.IsSelectable}\">\n<th class=\"product-specs-table-detail\">Namlu Enerjisi<\/th>\n<td class=\"product-specs-table-definition\">\n<div role=\"presentation\" data-ng-if=\"attribute.isDropDownSelectable === false\"><span data-ng-if=\"attribute.value.length == 1\">1562 Foot Pounds<\/span><\/div>\n<\/td>\n<\/tr>\n<tr class=\"product-specs-table-container\" data-ng-repeat=\"attribute in displayableAttrs | orderBy: ['attributeSortOrder','valueSortOrder','name']\" data-ng-class=\"{'is-selectable' : attribute.IsSelectable}\">\n<th class=\"product-specs-table-detail\">Mermi Stili<\/th>\n<td class=\"product-specs-table-definition\">\n<div role=\"presentation\" data-ng-if=\"attribute.isDropDownSelectable === false\"><span data-ng-if=\"attribute.value.length == 1\">Polimer U\u00e7<\/span><\/div>\n<\/td>\n<\/tr>\n<tr class=\"product-specs-table-container\" data-ng-repeat=\"attribute in displayableAttrs | orderBy: ['attributeSortOrder','valueSortOrder','name']\" data-ng-class=\"{'is-selectable' : attribute.IsSelectable}\">\n<th class=\"product-specs-table-detail\">Kur\u015funsuz<\/th>\n<td class=\"product-specs-table-definition\">\n<div role=\"presentation\" data-ng-if=\"attribute.isDropDownSelectable === false\"><span data-ng-if=\"attribute.value.length == 1\">HAYIR<\/span><\/div>\n<\/td>\n<\/tr>\n<tr class=\"product-specs-table-container\" data-ng-repeat=\"attribute in displayableAttrs | orderBy: ['attributeSortOrder','valueSortOrder','name']\" data-ng-class=\"{'is-selectable' : attribute.IsSelectable}\">\n<th class=\"product-specs-table-detail\">Dava T\u00fcr\u00fc<\/th>\n<td class=\"product-specs-table-definition\">\n<div role=\"presentation\" data-ng-if=\"attribute.isDropDownSelectable === false\"><span data-ng-if=\"attribute.value.length == 1\">Pirin\u00e7<\/span><\/div>\n<\/td>\n<\/tr>\n<tr class=\"product-specs-table-container\" data-ng-repeat=\"attribute in displayableAttrs | orderBy: ['attributeSortOrder','valueSortOrder','name']\" data-ng-class=\"{'is-selectable' : attribute.IsSelectable}\">\n<th class=\"product-specs-table-detail\">Astar<\/th>\n<td class=\"product-specs-table-definition\">\n<div role=\"presentation\" data-ng-if=\"attribute.isDropDownSelectable === false\"><span data-ng-if=\"attribute.value.length == 1\">Boks\u00f6r<\/span><\/div>\n<\/td>\n<\/tr>\n<tr class=\"product-specs-table-container\" data-ng-repeat=\"attribute in displayableAttrs | orderBy: ['attributeSortOrder','valueSortOrder','name']\" data-ng-class=\"{'is-selectable' : attribute.IsSelectable}\">\n<th class=\"product-specs-table-detail\">A\u015f\u0131nd\u0131r\u0131c\u0131<\/th>\n<td class=\"product-specs-table-definition\">\n<div role=\"presentation\" data-ng-if=\"attribute.isDropDownSelectable === false\"><span data-ng-if=\"attribute.value.length == 1\">HAYIR<\/span><\/div>\n<\/td>\n<\/tr>\n<tr class=\"product-specs-table-container\" data-ng-repeat=\"attribute in displayableAttrs | orderBy: ['attributeSortOrder','valueSortOrder','name']\" data-ng-class=\"{'is-selectable' : attribute.IsSelectable}\">\n<th class=\"product-specs-table-detail\">Yeniden doldurulabilir<\/th>\n<td class=\"product-specs-table-definition\">\n<div role=\"presentation\" data-ng-if=\"attribute.isDropDownSelectable === false\"><span data-ng-if=\"attribute.value.length == 1\">Evet<\/span><\/div>\n<\/td>\n<\/tr>\n<\/tbody>\n<\/table>","protected":false},"excerpt":{"rendered":"<p>NormaTIPSTRIKE is developed for stopping power, combined with a penetration deep enough to reach the vital organs of the game. The polymer tip assures the expansion and gives a devastating shock effect due to the construction of the bullet jacket. To maintain a high retention weight, the jacket is reinforced with a mechanical lock, thus [&#8230;]","protected":false},"featured_media":1687,"comment_status":"open","ping_status":"closed","template":"","meta":[],"product_brand":[],"product_cat":[244,121],"product_tag":[],"class_list":{"0":"post-1637","1":"product","2":"type-product","3":"status-publish","4":"has-post-thumbnail","6":"product_cat-22-250-remington-ammo","7":"product_cat-rifle-ammo","9":"first","10":"instock","11":"taxable","12":"shipping-taxable","13":"purchasable","14":"product-type-simple"},"yoast_head":"<!-- This site is optimized with the Yoast SEO Premium plugin v24.6 (Yoast SEO v25.7) - https:\/\/yoast.com\/wordpress\/plugins\/seo\/ -->\n<title>Norma TipStrike Varmint Ammunition 22-250 Remington 54 Grain Polymer Tip 500Rds - Bulk Ammunition shop<\/title>\n<meta name=\"robots\" content=\"index, follow, max-snippet:-1, max-image-preview:large, max-video-preview:-1\" \/>\n<link rel=\"canonical\" href=\"https:\/\/www.bulkammunitionshop.com\/tr\/urun\/norma-tipstrike-varmint-ammunition-22-250-remington-54-grain-polymer-tip-500rds\/\" \/>\n<meta property=\"og:locale\" content=\"tr_TR\" \/>\n<meta property=\"og:type\" content=\"article\" \/>\n<meta property=\"og:title\" content=\"Norma TipStrike Varmint Ammunition 22-250 Remington 54 Grain Polymer Tip 500Rds\" \/>\n<meta property=\"og:description\" content=\"NormaTIPSTRIKE is developed for stopping power, combined with a penetration deep enough to reach the vital organs of the game. The polymer tip assures the expansion and gives a devastating shock effect due to the construction of the bullet jacket. To maintain a high retention weight, the jacket is reinforced with a mechanical lock, thus [...]\" \/>\n<meta property=\"og:url\" content=\"https:\/\/www.bulkammunitionshop.com\/tr\/urun\/norma-tipstrike-varmint-ammunition-22-250-remington-54-grain-polymer-tip-500rds\/\" \/>\n<meta property=\"og:site_name\" content=\"Bulk Ammunition shop\" \/>\n<meta property=\"article:modified_time\" content=\"2022-05-21T16:33:54+00:00\" \/>\n<meta property=\"og:image\" content=\"https:\/\/i0.wp.com\/www.bulkammunitionshop.com\/wp-content\/uploads\/2022\/05\/106973.jpg?fit=880%2C660&ssl=1\" \/>\n\t<meta property=\"og:image:width\" content=\"880\" \/>\n\t<meta property=\"og:image:height\" content=\"660\" \/>\n\t<meta property=\"og:image:type\" content=\"image\/jpeg\" \/>\n<meta name=\"twitter:card\" content=\"summary_large_image\" \/>\n<meta name=\"twitter:label1\" content=\"Tahmini okuma s\u00fcresi\" \/>\n\t<meta name=\"twitter:data1\" content=\"1 dakika\" \/>\n<script type=\"application\/ld+json\" class=\"yoast-schema-graph\">{\"@context\":\"https:\/\/schema.org\",\"@graph\":[{\"@type\":\"WebPage\",\"@id\":\"https:\/\/www.bulkammunitionshop.com\/product\/norma-tipstrike-varmint-ammunition-22-250-remington-54-grain-polymer-tip-500rds\/\",\"url\":\"https:\/\/www.bulkammunitionshop.com\/product\/norma-tipstrike-varmint-ammunition-22-250-remington-54-grain-polymer-tip-500rds\/\",\"name\":\"Norma TipStrike Varmint Ammunition 22-250 Remington 54 Grain Polymer Tip 500Rds - Bulk Ammunition shop\",\"isPartOf\":{\"@id\":\"https:\/\/www.bulkammunitionshop.com\/#website\"},\"primaryImageOfPage\":{\"@id\":\"https:\/\/www.bulkammunitionshop.com\/product\/norma-tipstrike-varmint-ammunition-22-250-remington-54-grain-polymer-tip-500rds\/#primaryimage\"},\"image\":{\"@id\":\"https:\/\/www.bulkammunitionshop.com\/product\/norma-tipstrike-varmint-ammunition-22-250-remington-54-grain-polymer-tip-500rds\/#primaryimage\"},\"thumbnailUrl\":\"https:\/\/www.bulkammunitionshop.com\/wp-content\/uploads\/2022\/05\/106973.jpg\",\"datePublished\":\"2022-05-21T16:30:27+00:00\",\"dateModified\":\"2022-05-21T16:33:54+00:00\",\"breadcrumb\":{\"@id\":\"https:\/\/www.bulkammunitionshop.com\/product\/norma-tipstrike-varmint-ammunition-22-250-remington-54-grain-polymer-tip-500rds\/#breadcrumb\"},\"inLanguage\":\"tr\",\"potentialAction\":[{\"@type\":\"ReadAction\",\"target\":[\"https:\/\/www.bulkammunitionshop.com\/product\/norma-tipstrike-varmint-ammunition-22-250-remington-54-grain-polymer-tip-500rds\/\"]}]},{\"@type\":\"ImageObject\",\"inLanguage\":\"tr\",\"@id\":\"https:\/\/www.bulkammunitionshop.com\/product\/norma-tipstrike-varmint-ammunition-22-250-remington-54-grain-polymer-tip-500rds\/#primaryimage\",\"url\":\"https:\/\/www.bulkammunitionshop.com\/wp-content\/uploads\/2022\/05\/106973.jpg\",\"contentUrl\":\"https:\/\/www.bulkammunitionshop.com\/wp-content\/uploads\/2022\/05\/106973.jpg\",\"width\":880,\"height\":660},{\"@type\":\"BreadcrumbList\",\"@id\":\"https:\/\/www.bulkammunitionshop.com\/product\/norma-tipstrike-varmint-ammunition-22-250-remington-54-grain-polymer-tip-500rds\/#breadcrumb\",\"itemListElement\":[{\"@type\":\"ListItem\",\"position\":1,\"name\":\"Home\",\"item\":\"https:\/\/www.bulkammunitionshop.com\/\"},{\"@type\":\"ListItem\",\"position\":2,\"name\":\"SHOP ALL\",\"item\":\"https:\/\/www.bulkammunitionshop.com\/shop-all\/\"},{\"@type\":\"ListItem\",\"position\":3,\"name\":\"Norma TipStrike Varmint Ammunition 22-250 Remington 54 Grain Polymer Tip 500Rds\"}]},{\"@type\":\"WebSite\",\"@id\":\"https:\/\/www.bulkammunitionshop.com\/#website\",\"url\":\"https:\/\/www.bulkammunitionshop.com\/\",\"name\":\"Bulk Ammunition shop\",\"description\":\"Buy Cheap Bulk Ammo Online - Bulk Ammo for Sale- Cheap Ammo Online\",\"potentialAction\":[{\"@type\":\"SearchAction\",\"target\":{\"@type\":\"EntryPoint\",\"urlTemplate\":\"https:\/\/www.bulkammunitionshop.com\/?s={search_term_string}\"},\"query-input\":{\"@type\":\"PropertyValueSpecification\",\"valueRequired\":true,\"valueName\":\"search_term_string\"}}],\"inLanguage\":\"tr\"}]}<\/script>\n<!-- \/ Yoast SEO Premium plugin. -->","yoast_head_json":{"title":"Norma TipStrike Varmint Ammunition 22-250 Remington 54 Grain Polymer Tip 500Rds - Bulk Ammunition shop","robots":{"index":"index","follow":"follow","max-snippet":"max-snippet:-1","max-image-preview":"max-image-preview:large","max-video-preview":"max-video-preview:-1"},"canonical":"https:\/\/www.bulkammunitionshop.com\/tr\/urun\/norma-tipstrike-varmint-ammunition-22-250-remington-54-grain-polymer-tip-500rds\/","og_locale":"tr_TR","og_type":"article","og_title":"Norma TipStrike Varmint Ammunition 22-250 Remington 54 Grain Polymer Tip 500Rds","og_description":"NormaTIPSTRIKE is developed for stopping power, combined with a penetration deep enough to reach the vital organs of the game. The polymer tip assures the expansion and gives a devastating shock effect due to the construction of the bullet jacket. To maintain a high retention weight, the jacket is reinforced with a mechanical lock, thus [...]","og_url":"https:\/\/www.bulkammunitionshop.com\/tr\/urun\/norma-tipstrike-varmint-ammunition-22-250-remington-54-grain-polymer-tip-500rds\/","og_site_name":"Bulk Ammunition shop","article_modified_time":"2022-05-21T16:33:54+00:00","og_image":[{"width":880,"height":660,"url":"https:\/\/i0.wp.com\/www.bulkammunitionshop.com\/wp-content\/uploads\/2022\/05\/106973.jpg?fit=880%2C660&ssl=1","type":"image\/jpeg"}],"twitter_card":"summary_large_image","twitter_misc":{"Tahmini okuma s\u00fcresi":"1 dakika"},"schema":{"@context":"https:\/\/schema.org","@graph":[{"@type":"WebPage","@id":"https:\/\/www.bulkammunitionshop.com\/product\/norma-tipstrike-varmint-ammunition-22-250-remington-54-grain-polymer-tip-500rds\/","url":"https:\/\/www.bulkammunitionshop.com\/product\/norma-tipstrike-varmint-ammunition-22-250-remington-54-grain-polymer-tip-500rds\/","name":"Norma TipStrike Varmint Ammunition 22-250 Remington 54 Grain Polymer Tip 500Rds - Bulk Ammunition shop","isPartOf":{"@id":"https:\/\/www.bulkammunitionshop.com\/#website"},"primaryImageOfPage":{"@id":"https:\/\/www.bulkammunitionshop.com\/product\/norma-tipstrike-varmint-ammunition-22-250-remington-54-grain-polymer-tip-500rds\/#primaryimage"},"image":{"@id":"https:\/\/www.bulkammunitionshop.com\/product\/norma-tipstrike-varmint-ammunition-22-250-remington-54-grain-polymer-tip-500rds\/#primaryimage"},"thumbnailUrl":"https:\/\/www.bulkammunitionshop.com\/wp-content\/uploads\/2022\/05\/106973.jpg","datePublished":"2022-05-21T16:30:27+00:00","dateModified":"2022-05-21T16:33:54+00:00","breadcrumb":{"@id":"https:\/\/www.bulkammunitionshop.com\/product\/norma-tipstrike-varmint-ammunition-22-250-remington-54-grain-polymer-tip-500rds\/#breadcrumb"},"inLanguage":"tr","potentialAction":[{"@type":"ReadAction","target":["https:\/\/www.bulkammunitionshop.com\/product\/norma-tipstrike-varmint-ammunition-22-250-remington-54-grain-polymer-tip-500rds\/"]}]},{"@type":"ImageObject","inLanguage":"tr","@id":"https:\/\/www.bulkammunitionshop.com\/product\/norma-tipstrike-varmint-ammunition-22-250-remington-54-grain-polymer-tip-500rds\/#primaryimage","url":"https:\/\/www.bulkammunitionshop.com\/wp-content\/uploads\/2022\/05\/106973.jpg","contentUrl":"https:\/\/www.bulkammunitionshop.com\/wp-content\/uploads\/2022\/05\/106973.jpg","width":880,"height":660},{"@type":"BreadcrumbList","@id":"https:\/\/www.bulkammunitionshop.com\/product\/norma-tipstrike-varmint-ammunition-22-250-remington-54-grain-polymer-tip-500rds\/#breadcrumb","itemListElement":[{"@type":"ListItem","position":1,"name":"Home","item":"https:\/\/www.bulkammunitionshop.com\/"},{"@type":"ListItem","position":2,"name":"SHOP ALL","item":"https:\/\/www.bulkammunitionshop.com\/shop-all\/"},{"@type":"ListItem","position":3,"name":"Norma TipStrike Varmint Ammunition 22-250 Remington 54 Grain Polymer Tip 500Rds"}]},{"@type":"WebSite","@id":"https:\/\/www.bulkammunitionshop.com\/#website","url":"https:\/\/www.bulkammunitionshop.com\/","name":"Toplu M\u00fchimmat d\u00fckkan\u0131","description":"Ucuz Toplu M\u00fchimmat Online Sat\u0131n Al\u0131n - Sat\u0131l\u0131k Toplu M\u00fchimmat - Ucuz M\u00fchimmat Online","potentialAction":[{"@type":"SearchAction","target":{"@type":"EntryPoint","urlTemplate":"https:\/\/www.bulkammunitionshop.com\/?s={search_term_string}"},"query-input":{"@type":"PropertyValueSpecification","valueRequired":true,"valueName":"search_term_string"}}],"inLanguage":"tr"}]}},"jetpack_sharing_enabled":true,"_links":{"self":[{"href":"https:\/\/www.bulkammunitionshop.com\/tr\/wp-json\/wp\/v2\/product\/1637","targetHints":{"allow":["GET"]}}],"collection":[{"href":"https:\/\/www.bulkammunitionshop.com\/tr\/wp-json\/wp\/v2\/product"}],"about":[{"href":"https:\/\/www.bulkammunitionshop.com\/tr\/wp-json\/wp\/v2\/types\/product"}],"replies":[{"embeddable":true,"href":"https:\/\/www.bulkammunitionshop.com\/tr\/wp-json\/wp\/v2\/comments?post=1637"}],"wp:featuredmedia":[{"embeddable":true,"href":"https:\/\/www.bulkammunitionshop.com\/tr\/wp-json\/wp\/v2\/media\/1687"}],"wp:attachment":[{"href":"https:\/\/www.bulkammunitionshop.com\/tr\/wp-json\/wp\/v2\/media?parent=1637"}],"wp:term":[{"taxonomy":"product_brand","embeddable":true,"href":"https:\/\/www.bulkammunitionshop.com\/tr\/wp-json\/wp\/v2\/product_brand?post=1637"},{"taxonomy":"product_cat","embeddable":true,"href":"https:\/\/www.bulkammunitionshop.com\/tr\/wp-json\/wp\/v2\/product_cat?post=1637"},{"taxonomy":"product_tag","embeddable":true,"href":"https:\/\/www.bulkammunitionshop.com\/tr\/wp-json\/wp\/v2\/product_tag?post=1637"}],"curies":[{"name":"wp","href":"https:\/\/api.w.org\/{rel}","templated":true}]}}