{"id":1488,"date":"2022-05-21T16:28:09","date_gmt":"2022-05-21T16:28:09","guid":{"rendered":"https:\/\/www.bulkammunitionshop.com\/?post_type=product&#038;p=1488"},"modified":"2022-11-01T09:06:31","modified_gmt":"2022-11-01T09:06:31","slug":"500-rounds-of-federal-non-typical-whitetail-6-5-creedmoor-sp-140-grain","status":"publish","type":"product","link":"https:\/\/www.bulkammunitionshop.com\/tr\/urun\/500-rounds-of-federal-non-typical-whitetail-6-5-creedmoor-sp-140-grain\/","title":{"rendered":"500 Rounds Of Federal Non Typical Whitetail, 6.5 Creedmoor, SP, 140 Grain"},"content":{"rendered":"<h2>Tan\u0131m<\/h2>\n<div id=\"uvpBody\">\n<p>Federal\u00ae Non-Typical<sup>TM<\/sup>\u00a0uses an optimized soft-point bullet with a concentric jacket to provide tag-punching accuracy and consistent, lethal wound channels on any deer.<\/p>\n<p>Hemen sipari\u015f verin!<\/p>\n<\/div>\n<div>\n<h2 class=\"uvpHeadline\">Temel \u00d6zellikler<\/h2>\n<div class=\"uvpListItems\">\n<ul>\n<li>Item Number: 702571<\/li>\n<li>Mfg. Number: 65CDT1<\/li>\n<li>UPC: 604544627343<\/li>\n<li>Caliber: 6.5 Creedmoor<\/li>\n<li>Mermi A\u011f\u0131rl\u0131\u011f\u0131: 140 grain<\/li>\n<li>Bullet Style: Soft Point<\/li>\n<li>Muzzle Velocity: 2,750 FPS<\/li>\n<li>Muzzle Energy: 2,351 ft.-lbs.<\/li>\n<li>Ballistic Coefficient: 0.439<\/li>\n<li>Kasa Tipi: Pirin\u00e7<\/li>\n<li>Kaps\u00fcl Tipi: Boxer, yeniden doldurulabilir<\/li>\n<li>A\u015f\u0131nd\u0131r\u0131c\u0131: Hay\u0131r<\/li>\n<li>Rounds: 20<\/li>\n<\/ul>\n<\/div>\n<\/div>","protected":false},"excerpt":{"rendered":"<p>Bu \u00dcr\u00fcn Stokta ve Kargoya Haz\u0131r. 100% H\u0131zl\u0131 Kargo Garantisi. Hemen Sipari\u015f Verin!<\/p>","protected":false},"featured_media":1537,"comment_status":"open","ping_status":"closed","template":"","meta":[],"product_brand":[],"product_cat":[235,121],"product_tag":[],"class_list":{"0":"post-1488","1":"product","2":"type-product","3":"status-publish","4":"has-post-thumbnail","6":"product_cat-6-5mm-creedmoor","7":"product_cat-rifle-ammo","9":"first","10":"instock","11":"taxable","12":"shipping-taxable","13":"purchasable","14":"product-type-simple"},"yoast_head":"<!-- This site is optimized with the Yoast SEO Premium plugin v24.6 (Yoast SEO v25.7) - https:\/\/yoast.com\/wordpress\/plugins\/seo\/ -->\n<title>500 Rounds Of Federal Non Typical Whitetail, 6.5 Creedmoor, SP, 140 Grain - Bulk Ammunition shop<\/title>\n<meta name=\"robots\" content=\"index, follow, max-snippet:-1, max-image-preview:large, max-video-preview:-1\" \/>\n<link rel=\"canonical\" href=\"https:\/\/www.bulkammunitionshop.com\/tr\/urun\/500-rounds-of-federal-non-typical-whitetail-6-5-creedmoor-sp-140-grain\/\" \/>\n<meta property=\"og:locale\" content=\"tr_TR\" \/>\n<meta property=\"og:type\" content=\"article\" \/>\n<meta property=\"og:title\" content=\"500 Rounds Of Federal Non Typical Whitetail, 6.5 Creedmoor, SP, 140 Grain\" \/>\n<meta property=\"og:description\" content=\"This Product Is In Stock and Ready to Ship. 100% Fast Shipping Guaranteed. Place Order Now!\" \/>\n<meta property=\"og:url\" content=\"https:\/\/www.bulkammunitionshop.com\/tr\/urun\/500-rounds-of-federal-non-typical-whitetail-6-5-creedmoor-sp-140-grain\/\" \/>\n<meta property=\"og:site_name\" content=\"Bulk Ammunition shop\" \/>\n<meta property=\"article:modified_time\" content=\"2022-11-01T09:06:31+00:00\" \/>\n<meta property=\"og:image\" content=\"http:\/\/www.bulkammunitionshop.com\/wp-content\/uploads\/2022\/05\/702571m2_ts-600x601-1.jpg\" \/>\n\t<meta property=\"og:image:width\" content=\"600\" \/>\n\t<meta property=\"og:image:height\" content=\"601\" \/>\n\t<meta property=\"og:image:type\" content=\"image\/jpeg\" \/>\n<meta name=\"twitter:card\" content=\"summary_large_image\" \/>\n<script type=\"application\/ld+json\" class=\"yoast-schema-graph\">{\"@context\":\"https:\/\/schema.org\",\"@graph\":[{\"@type\":\"WebPage\",\"@id\":\"https:\/\/www.bulkammunitionshop.com\/product\/500-rounds-of-federal-non-typical-whitetail-6-5-creedmoor-sp-140-grain\/\",\"url\":\"https:\/\/www.bulkammunitionshop.com\/product\/500-rounds-of-federal-non-typical-whitetail-6-5-creedmoor-sp-140-grain\/\",\"name\":\"500 Rounds Of Federal Non Typical Whitetail, 6.5 Creedmoor, SP, 140 Grain - Bulk Ammunition shop\",\"isPartOf\":{\"@id\":\"https:\/\/www.bulkammunitionshop.com\/#website\"},\"primaryImageOfPage\":{\"@id\":\"https:\/\/www.bulkammunitionshop.com\/product\/500-rounds-of-federal-non-typical-whitetail-6-5-creedmoor-sp-140-grain\/#primaryimage\"},\"image\":{\"@id\":\"https:\/\/www.bulkammunitionshop.com\/product\/500-rounds-of-federal-non-typical-whitetail-6-5-creedmoor-sp-140-grain\/#primaryimage\"},\"thumbnailUrl\":\"https:\/\/www.bulkammunitionshop.com\/wp-content\/uploads\/2022\/05\/702571m2_ts-600x601-1.jpg\",\"datePublished\":\"2022-05-21T16:28:09+00:00\",\"dateModified\":\"2022-11-01T09:06:31+00:00\",\"breadcrumb\":{\"@id\":\"https:\/\/www.bulkammunitionshop.com\/product\/500-rounds-of-federal-non-typical-whitetail-6-5-creedmoor-sp-140-grain\/#breadcrumb\"},\"inLanguage\":\"tr\",\"potentialAction\":[{\"@type\":\"ReadAction\",\"target\":[\"https:\/\/www.bulkammunitionshop.com\/product\/500-rounds-of-federal-non-typical-whitetail-6-5-creedmoor-sp-140-grain\/\"]}]},{\"@type\":\"ImageObject\",\"inLanguage\":\"tr\",\"@id\":\"https:\/\/www.bulkammunitionshop.com\/product\/500-rounds-of-federal-non-typical-whitetail-6-5-creedmoor-sp-140-grain\/#primaryimage\",\"url\":\"https:\/\/www.bulkammunitionshop.com\/wp-content\/uploads\/2022\/05\/702571m2_ts-600x601-1.jpg\",\"contentUrl\":\"https:\/\/www.bulkammunitionshop.com\/wp-content\/uploads\/2022\/05\/702571m2_ts-600x601-1.jpg\",\"width\":600,\"height\":601},{\"@type\":\"BreadcrumbList\",\"@id\":\"https:\/\/www.bulkammunitionshop.com\/product\/500-rounds-of-federal-non-typical-whitetail-6-5-creedmoor-sp-140-grain\/#breadcrumb\",\"itemListElement\":[{\"@type\":\"ListItem\",\"position\":1,\"name\":\"Home\",\"item\":\"https:\/\/www.bulkammunitionshop.com\/\"},{\"@type\":\"ListItem\",\"position\":2,\"name\":\"SHOP ALL\",\"item\":\"https:\/\/www.bulkammunitionshop.com\/shop-all\/\"},{\"@type\":\"ListItem\",\"position\":3,\"name\":\"500 Rounds Of Federal Non Typical Whitetail, 6.5 Creedmoor, SP, 140 Grain\"}]},{\"@type\":\"WebSite\",\"@id\":\"https:\/\/www.bulkammunitionshop.com\/#website\",\"url\":\"https:\/\/www.bulkammunitionshop.com\/\",\"name\":\"Bulk Ammunition shop\",\"description\":\"Buy Cheap Bulk Ammo Online - Bulk Ammo for Sale- Cheap Ammo Online\",\"potentialAction\":[{\"@type\":\"SearchAction\",\"target\":{\"@type\":\"EntryPoint\",\"urlTemplate\":\"https:\/\/www.bulkammunitionshop.com\/?s={search_term_string}\"},\"query-input\":{\"@type\":\"PropertyValueSpecification\",\"valueRequired\":true,\"valueName\":\"search_term_string\"}}],\"inLanguage\":\"tr\"}]}<\/script>\n<!-- \/ Yoast SEO Premium plugin. -->","yoast_head_json":{"title":"500 Rounds Of Federal Non Typical Whitetail, 6.5 Creedmoor, SP, 140 Grain - Bulk Ammunition shop","robots":{"index":"index","follow":"follow","max-snippet":"max-snippet:-1","max-image-preview":"max-image-preview:large","max-video-preview":"max-video-preview:-1"},"canonical":"https:\/\/www.bulkammunitionshop.com\/tr\/urun\/500-rounds-of-federal-non-typical-whitetail-6-5-creedmoor-sp-140-grain\/","og_locale":"tr_TR","og_type":"article","og_title":"500 Rounds Of Federal Non Typical Whitetail, 6.5 Creedmoor, SP, 140 Grain","og_description":"This Product Is In Stock and Ready to Ship. 100% Fast Shipping Guaranteed. Place Order Now!","og_url":"https:\/\/www.bulkammunitionshop.com\/tr\/urun\/500-rounds-of-federal-non-typical-whitetail-6-5-creedmoor-sp-140-grain\/","og_site_name":"Bulk Ammunition shop","article_modified_time":"2022-11-01T09:06:31+00:00","og_image":[{"width":600,"height":601,"url":"http:\/\/www.bulkammunitionshop.com\/wp-content\/uploads\/2022\/05\/702571m2_ts-600x601-1.jpg","type":"image\/jpeg"}],"twitter_card":"summary_large_image","schema":{"@context":"https:\/\/schema.org","@graph":[{"@type":"WebPage","@id":"https:\/\/www.bulkammunitionshop.com\/product\/500-rounds-of-federal-non-typical-whitetail-6-5-creedmoor-sp-140-grain\/","url":"https:\/\/www.bulkammunitionshop.com\/product\/500-rounds-of-federal-non-typical-whitetail-6-5-creedmoor-sp-140-grain\/","name":"500 Rounds Of Federal Non Typical Whitetail, 6.5 Creedmoor, SP, 140 Grain - Bulk Ammunition shop","isPartOf":{"@id":"https:\/\/www.bulkammunitionshop.com\/#website"},"primaryImageOfPage":{"@id":"https:\/\/www.bulkammunitionshop.com\/product\/500-rounds-of-federal-non-typical-whitetail-6-5-creedmoor-sp-140-grain\/#primaryimage"},"image":{"@id":"https:\/\/www.bulkammunitionshop.com\/product\/500-rounds-of-federal-non-typical-whitetail-6-5-creedmoor-sp-140-grain\/#primaryimage"},"thumbnailUrl":"https:\/\/www.bulkammunitionshop.com\/wp-content\/uploads\/2022\/05\/702571m2_ts-600x601-1.jpg","datePublished":"2022-05-21T16:28:09+00:00","dateModified":"2022-11-01T09:06:31+00:00","breadcrumb":{"@id":"https:\/\/www.bulkammunitionshop.com\/product\/500-rounds-of-federal-non-typical-whitetail-6-5-creedmoor-sp-140-grain\/#breadcrumb"},"inLanguage":"tr","potentialAction":[{"@type":"ReadAction","target":["https:\/\/www.bulkammunitionshop.com\/product\/500-rounds-of-federal-non-typical-whitetail-6-5-creedmoor-sp-140-grain\/"]}]},{"@type":"ImageObject","inLanguage":"tr","@id":"https:\/\/www.bulkammunitionshop.com\/product\/500-rounds-of-federal-non-typical-whitetail-6-5-creedmoor-sp-140-grain\/#primaryimage","url":"https:\/\/www.bulkammunitionshop.com\/wp-content\/uploads\/2022\/05\/702571m2_ts-600x601-1.jpg","contentUrl":"https:\/\/www.bulkammunitionshop.com\/wp-content\/uploads\/2022\/05\/702571m2_ts-600x601-1.jpg","width":600,"height":601},{"@type":"BreadcrumbList","@id":"https:\/\/www.bulkammunitionshop.com\/product\/500-rounds-of-federal-non-typical-whitetail-6-5-creedmoor-sp-140-grain\/#breadcrumb","itemListElement":[{"@type":"ListItem","position":1,"name":"Home","item":"https:\/\/www.bulkammunitionshop.com\/"},{"@type":"ListItem","position":2,"name":"SHOP ALL","item":"https:\/\/www.bulkammunitionshop.com\/shop-all\/"},{"@type":"ListItem","position":3,"name":"500 Rounds Of Federal Non Typical Whitetail, 6.5 Creedmoor, SP, 140 Grain"}]},{"@type":"WebSite","@id":"https:\/\/www.bulkammunitionshop.com\/#website","url":"https:\/\/www.bulkammunitionshop.com\/","name":"Toplu M\u00fchimmat d\u00fckkan\u0131","description":"Ucuz Toplu M\u00fchimmat Online Sat\u0131n Al\u0131n - Sat\u0131l\u0131k Toplu M\u00fchimmat - Ucuz M\u00fchimmat Online","potentialAction":[{"@type":"SearchAction","target":{"@type":"EntryPoint","urlTemplate":"https:\/\/www.bulkammunitionshop.com\/?s={search_term_string}"},"query-input":{"@type":"PropertyValueSpecification","valueRequired":true,"valueName":"search_term_string"}}],"inLanguage":"tr"}]}},"jetpack_sharing_enabled":true,"_links":{"self":[{"href":"https:\/\/www.bulkammunitionshop.com\/tr\/wp-json\/wp\/v2\/product\/1488","targetHints":{"allow":["GET"]}}],"collection":[{"href":"https:\/\/www.bulkammunitionshop.com\/tr\/wp-json\/wp\/v2\/product"}],"about":[{"href":"https:\/\/www.bulkammunitionshop.com\/tr\/wp-json\/wp\/v2\/types\/product"}],"replies":[{"embeddable":true,"href":"https:\/\/www.bulkammunitionshop.com\/tr\/wp-json\/wp\/v2\/comments?post=1488"}],"wp:featuredmedia":[{"embeddable":true,"href":"https:\/\/www.bulkammunitionshop.com\/tr\/wp-json\/wp\/v2\/media\/1537"}],"wp:attachment":[{"href":"https:\/\/www.bulkammunitionshop.com\/tr\/wp-json\/wp\/v2\/media?parent=1488"}],"wp:term":[{"taxonomy":"product_brand","embeddable":true,"href":"https:\/\/www.bulkammunitionshop.com\/tr\/wp-json\/wp\/v2\/product_brand?post=1488"},{"taxonomy":"product_cat","embeddable":true,"href":"https:\/\/www.bulkammunitionshop.com\/tr\/wp-json\/wp\/v2\/product_cat?post=1488"},{"taxonomy":"product_tag","embeddable":true,"href":"https:\/\/www.bulkammunitionshop.com\/tr\/wp-json\/wp\/v2\/product_tag?post=1488"}],"curies":[{"name":"wp","href":"https:\/\/api.w.org\/{rel}","templated":true}]}}