{"id":1481,"date":"2022-05-21T16:28:09","date_gmt":"2022-05-21T16:28:09","guid":{"rendered":"https:\/\/www.bulkammunitionshop.com\/?post_type=product&#038;p=1481"},"modified":"2022-11-01T09:36:07","modified_gmt":"2022-11-01T09:36:07","slug":"500rds-of-winchester-power-max-bonded-300-winchester-magnum-180-grain-bonded-rapid-expansion-protected-hollow-point-brass-cased-centerfire-rifle-ammunition","status":"publish","type":"product","link":"https:\/\/www.bulkammunitionshop.com\/tr\/urun\/500rds-of-winchester-power-max-bonded-300-winchester-magnum-180-grain-bonded-rapid-expansion-protected-hollow-point-brass-cased-centerfire-rifle-ammunition\/","title":{"rendered":"500Rds of Winchester POWER MAX BONDED .300 Winchester Magnum 180 grain Bonded Rapid Expansion Protected Hollow Point Brass Cased Centerfire Rifle Ammunition"},"content":{"rendered":"<h2 id=\"caption-header\">Product Info for\u00a0Winchester POWER MAX BONDED .300 Winchester Magnum 180 grain Bonded Rapid Expansion Protected Hollow Point Brass Cased Centerfire Rifle Ammunition<\/h2>\n<div>\n<div id=\"product-caption-block-description\" class=\"product-caption-block\">\n<p>Power Max Bonded ammunition, designed specifically with the whitetail deer hunter in mind, continues the Winchester tradition of legendary excellence with a proprietary bonding process that delivers massive expansion, long-range accuracy, and results in maximum knock-down power.<\/p>\n<\/div>\n<div id=\"product-caption-block-manufacture-specification\" class=\"product-caption-block\">\n<h3>Specifications for Winchester POWER MAX BONDED .300 Winchester Magnum 180 grain Bonded Rapid Expansion Protected Hollow Point Brass Cased Centerfire Rifle Ammunition:<\/h3>\n<table class=\"spec-table\" border=\"0\" cellspacing=\"0\" cellpadding=\"0\">\n<tbody>\n<tr>\n<td class=\"spec-left-column\">Kalibre:<\/td>\n<td width=\"50%\">.300 Winchester Magnum<\/td>\n<\/tr>\n<tr>\n<td class=\"spec-left-column\">Tur Say\u0131s\u0131:<\/td>\n<td width=\"50%\">500<\/td>\n<\/tr>\n<tr>\n<td class=\"spec-left-column\">Mermi T\u00fcr\u00fc:<\/td>\n<td width=\"50%\">Bonded Rapid Expansion Protected Hollow Point (BREPHP)<\/td>\n<\/tr>\n<tr>\n<td class=\"spec-left-column\">Mermi A\u011f\u0131rl\u0131\u011f\u0131:<\/td>\n<td width=\"50%\">180 tane<\/td>\n<\/tr>\n<tr>\n<td class=\"spec-left-column\">Kartu\u015f Kovan\u0131 Malzemesi:<\/td>\n<td width=\"50%\">Pirin\u00e7<\/td>\n<\/tr>\n<tr>\n<td class=\"spec-left-column\">Namlu \u00c7\u0131k\u0131\u015f H\u0131z\u0131:<\/td>\n<td width=\"50%\">2960 ft\/s<\/td>\n<\/tr>\n<tr>\n<td class=\"spec-left-column\">Primer Konumu:<\/td>\n<td width=\"50%\">Merkez Ate\u015fi<\/td>\n<\/tr>\n<tr>\n<td class=\"spec-left-column\">Namlu Enerjisi:<\/td>\n<td width=\"50%\">3501 ft-lbs<\/td>\n<\/tr>\n<\/tbody>\n<\/table>\n<\/div>\n<div id=\"product-caption-block-features\" class=\"product-caption-block\">\n<h3>Features of Winchester POWER MAX BONDED .300 Winchester Magnum 180 grain Bonded Rapid Expansion Protected Hollow Point Brass Cased Centerfire Rifle Ammunition:<\/h3>\n<ul>\n<li>Protected Hollow Point &#8211; NotchedPromotes rapid expansion for quick knock-down<\/li>\n<li>Contoured JacketProgrammed for maximum performance with a bonded core<\/li>\n<li>Lead CoreBonded to jacket for maximum retained weight and penetration<\/li>\n<li>Bonded Core TechnologyRemains welded to the jacket after impact<\/li>\n<li>High Retained WeightDelivers explosive impact and deeper penetration<\/li>\n<\/ul>\n<\/div>\n<\/div>","protected":false},"excerpt":{"rendered":"<p>Bu \u00dcr\u00fcn Stokta ve Kargoya Haz\u0131r. 100% H\u0131zl\u0131 Kargo Garantisi. Hemen Sipari\u015f Verin!<\/p>","protected":false},"featured_media":1511,"comment_status":"open","ping_status":"closed","template":"","meta":[],"product_brand":[],"product_cat":[227,121],"product_tag":[],"class_list":{"0":"post-1481","1":"product","2":"type-product","3":"status-publish","4":"has-post-thumbnail","6":"product_cat-300-win-mag","7":"product_cat-rifle-ammo","9":"first","10":"instock","11":"taxable","12":"shipping-taxable","13":"purchasable","14":"product-type-simple"},"yoast_head":"<!-- This site is optimized with the Yoast SEO Premium plugin v24.6 (Yoast SEO v25.7) - https:\/\/yoast.com\/wordpress\/plugins\/seo\/ -->\n<title>500Rds of Winchester POWER MAX BONDED .300 Winchester Magnum 180 grain Bonded Rapid Expansion Protected Hollow Point Brass Cased Centerfire Rifle Ammunition - Bulk Ammunition shop<\/title>\n<meta name=\"robots\" content=\"index, follow, max-snippet:-1, max-image-preview:large, max-video-preview:-1\" \/>\n<link rel=\"canonical\" href=\"https:\/\/www.bulkammunitionshop.com\/tr\/urun\/500rds-of-winchester-power-max-bonded-300-winchester-magnum-180-grain-bonded-rapid-expansion-protected-hollow-point-brass-cased-centerfire-rifle-ammunition\/\" \/>\n<meta property=\"og:locale\" content=\"tr_TR\" \/>\n<meta property=\"og:type\" content=\"article\" \/>\n<meta property=\"og:title\" content=\"500Rds of Winchester POWER MAX BONDED .300 Winchester Magnum 180 grain Bonded Rapid Expansion Protected Hollow Point Brass Cased Centerfire Rifle Ammunition\" \/>\n<meta property=\"og:description\" content=\"This Product Is In Stock and Ready to Ship. 100% Fast Shipping Guaranteed. Place Order Now!\" \/>\n<meta property=\"og:url\" content=\"https:\/\/www.bulkammunitionshop.com\/tr\/urun\/500rds-of-winchester-power-max-bonded-300-winchester-magnum-180-grain-bonded-rapid-expansion-protected-hollow-point-brass-cased-centerfire-rifle-ammunition\/\" \/>\n<meta property=\"og:site_name\" content=\"Bulk Ammunition shop\" \/>\n<meta property=\"article:modified_time\" content=\"2022-11-01T09:36:07+00:00\" \/>\n<meta property=\"og:image\" content=\"http:\/\/www.bulkammunitionshop.com\/wp-content\/uploads\/2022\/05\/opplanet-winchester-power-max-bonded-300-winchester-magnum-180-grain-bonded-rapid-expansion-protected-hollow-point-brass-cased-centerfire-rifle-ammo-20-rounds-x30wm2bp-main.jpg\" \/>\n\t<meta property=\"og:image:width\" content=\"978\" \/>\n\t<meta property=\"og:image:height\" content=\"550\" \/>\n\t<meta property=\"og:image:type\" content=\"image\/jpeg\" \/>\n<meta name=\"twitter:card\" content=\"summary_large_image\" \/>\n<meta name=\"twitter:label1\" content=\"Tahmini okuma s\u00fcresi\" \/>\n\t<meta name=\"twitter:data1\" content=\"1 dakika\" \/>\n<script type=\"application\/ld+json\" class=\"yoast-schema-graph\">{\"@context\":\"https:\/\/schema.org\",\"@graph\":[{\"@type\":\"WebPage\",\"@id\":\"https:\/\/www.bulkammunitionshop.com\/product\/500rds-of-winchester-power-max-bonded-300-winchester-magnum-180-grain-bonded-rapid-expansion-protected-hollow-point-brass-cased-centerfire-rifle-ammunition\/\",\"url\":\"https:\/\/www.bulkammunitionshop.com\/product\/500rds-of-winchester-power-max-bonded-300-winchester-magnum-180-grain-bonded-rapid-expansion-protected-hollow-point-brass-cased-centerfire-rifle-ammunition\/\",\"name\":\"500Rds of Winchester POWER MAX BONDED .300 Winchester Magnum 180 grain Bonded Rapid Expansion Protected Hollow Point Brass Cased Centerfire Rifle Ammunition - Bulk Ammunition shop\",\"isPartOf\":{\"@id\":\"https:\/\/www.bulkammunitionshop.com\/#website\"},\"primaryImageOfPage\":{\"@id\":\"https:\/\/www.bulkammunitionshop.com\/product\/500rds-of-winchester-power-max-bonded-300-winchester-magnum-180-grain-bonded-rapid-expansion-protected-hollow-point-brass-cased-centerfire-rifle-ammunition\/#primaryimage\"},\"image\":{\"@id\":\"https:\/\/www.bulkammunitionshop.com\/product\/500rds-of-winchester-power-max-bonded-300-winchester-magnum-180-grain-bonded-rapid-expansion-protected-hollow-point-brass-cased-centerfire-rifle-ammunition\/#primaryimage\"},\"thumbnailUrl\":\"https:\/\/www.bulkammunitionshop.com\/wp-content\/uploads\/2022\/05\/opplanet-winchester-power-max-bonded-300-winchester-magnum-180-grain-bonded-rapid-expansion-protected-hollow-point-brass-cased-centerfire-rifle-ammo-20-rounds-x30wm2bp-main.jpg\",\"datePublished\":\"2022-05-21T16:28:09+00:00\",\"dateModified\":\"2022-11-01T09:36:07+00:00\",\"breadcrumb\":{\"@id\":\"https:\/\/www.bulkammunitionshop.com\/product\/500rds-of-winchester-power-max-bonded-300-winchester-magnum-180-grain-bonded-rapid-expansion-protected-hollow-point-brass-cased-centerfire-rifle-ammunition\/#breadcrumb\"},\"inLanguage\":\"tr\",\"potentialAction\":[{\"@type\":\"ReadAction\",\"target\":[\"https:\/\/www.bulkammunitionshop.com\/product\/500rds-of-winchester-power-max-bonded-300-winchester-magnum-180-grain-bonded-rapid-expansion-protected-hollow-point-brass-cased-centerfire-rifle-ammunition\/\"]}]},{\"@type\":\"ImageObject\",\"inLanguage\":\"tr\",\"@id\":\"https:\/\/www.bulkammunitionshop.com\/product\/500rds-of-winchester-power-max-bonded-300-winchester-magnum-180-grain-bonded-rapid-expansion-protected-hollow-point-brass-cased-centerfire-rifle-ammunition\/#primaryimage\",\"url\":\"https:\/\/www.bulkammunitionshop.com\/wp-content\/uploads\/2022\/05\/opplanet-winchester-power-max-bonded-300-winchester-magnum-180-grain-bonded-rapid-expansion-protected-hollow-point-brass-cased-centerfire-rifle-ammo-20-rounds-x30wm2bp-main.jpg\",\"contentUrl\":\"https:\/\/www.bulkammunitionshop.com\/wp-content\/uploads\/2022\/05\/opplanet-winchester-power-max-bonded-300-winchester-magnum-180-grain-bonded-rapid-expansion-protected-hollow-point-brass-cased-centerfire-rifle-ammo-20-rounds-x30wm2bp-main.jpg\",\"width\":978,\"height\":550},{\"@type\":\"BreadcrumbList\",\"@id\":\"https:\/\/www.bulkammunitionshop.com\/product\/500rds-of-winchester-power-max-bonded-300-winchester-magnum-180-grain-bonded-rapid-expansion-protected-hollow-point-brass-cased-centerfire-rifle-ammunition\/#breadcrumb\",\"itemListElement\":[{\"@type\":\"ListItem\",\"position\":1,\"name\":\"Home\",\"item\":\"https:\/\/www.bulkammunitionshop.com\/\"},{\"@type\":\"ListItem\",\"position\":2,\"name\":\"SHOP ALL\",\"item\":\"https:\/\/www.bulkammunitionshop.com\/shop-all\/\"},{\"@type\":\"ListItem\",\"position\":3,\"name\":\"500Rds of Winchester POWER MAX BONDED .300 Winchester Magnum 180 grain Bonded Rapid Expansion Protected Hollow Point Brass Cased Centerfire Rifle Ammunition\"}]},{\"@type\":\"WebSite\",\"@id\":\"https:\/\/www.bulkammunitionshop.com\/#website\",\"url\":\"https:\/\/www.bulkammunitionshop.com\/\",\"name\":\"Bulk Ammunition shop\",\"description\":\"Buy Cheap Bulk Ammo Online - Bulk Ammo for Sale- Cheap Ammo Online\",\"potentialAction\":[{\"@type\":\"SearchAction\",\"target\":{\"@type\":\"EntryPoint\",\"urlTemplate\":\"https:\/\/www.bulkammunitionshop.com\/?s={search_term_string}\"},\"query-input\":{\"@type\":\"PropertyValueSpecification\",\"valueRequired\":true,\"valueName\":\"search_term_string\"}}],\"inLanguage\":\"tr\"}]}<\/script>\n<!-- \/ Yoast SEO Premium plugin. -->","yoast_head_json":{"title":"500Rds of Winchester POWER MAX BONDED .300 Winchester Magnum 180 grain Bonded Rapid Expansion Protected Hollow Point Brass Cased Centerfire Rifle Ammunition - Bulk Ammunition shop","robots":{"index":"index","follow":"follow","max-snippet":"max-snippet:-1","max-image-preview":"max-image-preview:large","max-video-preview":"max-video-preview:-1"},"canonical":"https:\/\/www.bulkammunitionshop.com\/tr\/urun\/500rds-of-winchester-power-max-bonded-300-winchester-magnum-180-grain-bonded-rapid-expansion-protected-hollow-point-brass-cased-centerfire-rifle-ammunition\/","og_locale":"tr_TR","og_type":"article","og_title":"500Rds of Winchester POWER MAX BONDED .300 Winchester Magnum 180 grain Bonded Rapid Expansion Protected Hollow Point Brass Cased Centerfire Rifle Ammunition","og_description":"This Product Is In Stock and Ready to Ship. 100% Fast Shipping Guaranteed. Place Order Now!","og_url":"https:\/\/www.bulkammunitionshop.com\/tr\/urun\/500rds-of-winchester-power-max-bonded-300-winchester-magnum-180-grain-bonded-rapid-expansion-protected-hollow-point-brass-cased-centerfire-rifle-ammunition\/","og_site_name":"Bulk Ammunition shop","article_modified_time":"2022-11-01T09:36:07+00:00","og_image":[{"width":978,"height":550,"url":"http:\/\/www.bulkammunitionshop.com\/wp-content\/uploads\/2022\/05\/opplanet-winchester-power-max-bonded-300-winchester-magnum-180-grain-bonded-rapid-expansion-protected-hollow-point-brass-cased-centerfire-rifle-ammo-20-rounds-x30wm2bp-main.jpg","type":"image\/jpeg"}],"twitter_card":"summary_large_image","twitter_misc":{"Tahmini okuma s\u00fcresi":"1 dakika"},"schema":{"@context":"https:\/\/schema.org","@graph":[{"@type":"WebPage","@id":"https:\/\/www.bulkammunitionshop.com\/product\/500rds-of-winchester-power-max-bonded-300-winchester-magnum-180-grain-bonded-rapid-expansion-protected-hollow-point-brass-cased-centerfire-rifle-ammunition\/","url":"https:\/\/www.bulkammunitionshop.com\/product\/500rds-of-winchester-power-max-bonded-300-winchester-magnum-180-grain-bonded-rapid-expansion-protected-hollow-point-brass-cased-centerfire-rifle-ammunition\/","name":"500Rds of Winchester POWER MAX BONDED .300 Winchester Magnum 180 grain Bonded Rapid Expansion Protected Hollow Point Brass Cased Centerfire Rifle Ammunition - Bulk Ammunition shop","isPartOf":{"@id":"https:\/\/www.bulkammunitionshop.com\/#website"},"primaryImageOfPage":{"@id":"https:\/\/www.bulkammunitionshop.com\/product\/500rds-of-winchester-power-max-bonded-300-winchester-magnum-180-grain-bonded-rapid-expansion-protected-hollow-point-brass-cased-centerfire-rifle-ammunition\/#primaryimage"},"image":{"@id":"https:\/\/www.bulkammunitionshop.com\/product\/500rds-of-winchester-power-max-bonded-300-winchester-magnum-180-grain-bonded-rapid-expansion-protected-hollow-point-brass-cased-centerfire-rifle-ammunition\/#primaryimage"},"thumbnailUrl":"https:\/\/www.bulkammunitionshop.com\/wp-content\/uploads\/2022\/05\/opplanet-winchester-power-max-bonded-300-winchester-magnum-180-grain-bonded-rapid-expansion-protected-hollow-point-brass-cased-centerfire-rifle-ammo-20-rounds-x30wm2bp-main.jpg","datePublished":"2022-05-21T16:28:09+00:00","dateModified":"2022-11-01T09:36:07+00:00","breadcrumb":{"@id":"https:\/\/www.bulkammunitionshop.com\/product\/500rds-of-winchester-power-max-bonded-300-winchester-magnum-180-grain-bonded-rapid-expansion-protected-hollow-point-brass-cased-centerfire-rifle-ammunition\/#breadcrumb"},"inLanguage":"tr","potentialAction":[{"@type":"ReadAction","target":["https:\/\/www.bulkammunitionshop.com\/product\/500rds-of-winchester-power-max-bonded-300-winchester-magnum-180-grain-bonded-rapid-expansion-protected-hollow-point-brass-cased-centerfire-rifle-ammunition\/"]}]},{"@type":"ImageObject","inLanguage":"tr","@id":"https:\/\/www.bulkammunitionshop.com\/product\/500rds-of-winchester-power-max-bonded-300-winchester-magnum-180-grain-bonded-rapid-expansion-protected-hollow-point-brass-cased-centerfire-rifle-ammunition\/#primaryimage","url":"https:\/\/www.bulkammunitionshop.com\/wp-content\/uploads\/2022\/05\/opplanet-winchester-power-max-bonded-300-winchester-magnum-180-grain-bonded-rapid-expansion-protected-hollow-point-brass-cased-centerfire-rifle-ammo-20-rounds-x30wm2bp-main.jpg","contentUrl":"https:\/\/www.bulkammunitionshop.com\/wp-content\/uploads\/2022\/05\/opplanet-winchester-power-max-bonded-300-winchester-magnum-180-grain-bonded-rapid-expansion-protected-hollow-point-brass-cased-centerfire-rifle-ammo-20-rounds-x30wm2bp-main.jpg","width":978,"height":550},{"@type":"BreadcrumbList","@id":"https:\/\/www.bulkammunitionshop.com\/product\/500rds-of-winchester-power-max-bonded-300-winchester-magnum-180-grain-bonded-rapid-expansion-protected-hollow-point-brass-cased-centerfire-rifle-ammunition\/#breadcrumb","itemListElement":[{"@type":"ListItem","position":1,"name":"Home","item":"https:\/\/www.bulkammunitionshop.com\/"},{"@type":"ListItem","position":2,"name":"SHOP ALL","item":"https:\/\/www.bulkammunitionshop.com\/shop-all\/"},{"@type":"ListItem","position":3,"name":"500Rds of Winchester POWER MAX BONDED .300 Winchester Magnum 180 grain Bonded Rapid Expansion Protected Hollow Point Brass Cased Centerfire Rifle Ammunition"}]},{"@type":"WebSite","@id":"https:\/\/www.bulkammunitionshop.com\/#website","url":"https:\/\/www.bulkammunitionshop.com\/","name":"Toplu M\u00fchimmat d\u00fckkan\u0131","description":"Ucuz Toplu M\u00fchimmat Online Sat\u0131n Al\u0131n - Sat\u0131l\u0131k Toplu M\u00fchimmat - Ucuz M\u00fchimmat Online","potentialAction":[{"@type":"SearchAction","target":{"@type":"EntryPoint","urlTemplate":"https:\/\/www.bulkammunitionshop.com\/?s={search_term_string}"},"query-input":{"@type":"PropertyValueSpecification","valueRequired":true,"valueName":"search_term_string"}}],"inLanguage":"tr"}]}},"jetpack_sharing_enabled":true,"_links":{"self":[{"href":"https:\/\/www.bulkammunitionshop.com\/tr\/wp-json\/wp\/v2\/product\/1481","targetHints":{"allow":["GET"]}}],"collection":[{"href":"https:\/\/www.bulkammunitionshop.com\/tr\/wp-json\/wp\/v2\/product"}],"about":[{"href":"https:\/\/www.bulkammunitionshop.com\/tr\/wp-json\/wp\/v2\/types\/product"}],"replies":[{"embeddable":true,"href":"https:\/\/www.bulkammunitionshop.com\/tr\/wp-json\/wp\/v2\/comments?post=1481"}],"wp:featuredmedia":[{"embeddable":true,"href":"https:\/\/www.bulkammunitionshop.com\/tr\/wp-json\/wp\/v2\/media\/1511"}],"wp:attachment":[{"href":"https:\/\/www.bulkammunitionshop.com\/tr\/wp-json\/wp\/v2\/media?parent=1481"}],"wp:term":[{"taxonomy":"product_brand","embeddable":true,"href":"https:\/\/www.bulkammunitionshop.com\/tr\/wp-json\/wp\/v2\/product_brand?post=1481"},{"taxonomy":"product_cat","embeddable":true,"href":"https:\/\/www.bulkammunitionshop.com\/tr\/wp-json\/wp\/v2\/product_cat?post=1481"},{"taxonomy":"product_tag","embeddable":true,"href":"https:\/\/www.bulkammunitionshop.com\/tr\/wp-json\/wp\/v2\/product_tag?post=1481"}],"curies":[{"name":"wp","href":"https:\/\/api.w.org\/{rel}","templated":true}]}}