{"id":1050,"date":"2022-05-21T16:21:18","date_gmt":"2022-05-21T16:21:18","guid":{"rendered":"https:\/\/www.bulkammunitionshop.com\/?post_type=product&#038;p=1050"},"modified":"2022-05-21T16:21:48","modified_gmt":"2022-05-21T16:21:48","slug":"1000rds-of-remington-nitro-steel-high-velocity-magnum-load-12-gauge-shotshells","status":"publish","type":"product","link":"https:\/\/www.bulkammunitionshop.com\/tr\/urun\/1000rds-of-remington-nitro-steel-high-velocity-magnum-load-12-gauge-shotshells\/","title":{"rendered":"1000 adet Remington Nitro-Steel Y\u00fcksek H\u0131zl\u0131 Magnum Y\u00fckl\u00fc 12 Kalibrelik Av Fi\u015fe\u011fi"},"content":{"rendered":"<h2>Tan\u0131m<\/h2>\n<div data-auid=\"feature-benefits\">\n<div class=\"css-1s8bjel\">Features and Benefits<\/div>\n<div class=\"css-zoj4i\" role=\"list\">\n<ul>\n<li class=\"css-2hhhsn\" role=\"listitem\" data-auid=\"feature-benefits-listing\">Zinc-plated to prevent corrosion<\/li>\n<li class=\"css-2hhhsn\" role=\"listitem\" data-auid=\"feature-benefits-listing\">3\u2033 shell length<\/li>\n<li class=\"css-2hhhsn\" role=\"listitem\" data-auid=\"feature-benefits-listing\">Recommended for waterfowl hunting<\/li>\n<li class=\"css-2hhhsn\" role=\"listitem\" data-auid=\"feature-benefits-listing\">1-1\/4 oz. shot<\/li>\n<li class=\"css-2hhhsn\" role=\"listitem\" data-auid=\"feature-benefits-listing\">1,450 fps velocity<\/li>\n<li class=\"css-2hhhsn\" role=\"listitem\" data-auid=\"feature-benefits-listing\">25-round box<\/li>\n<li class=\"css-2hhhsn\" role=\"listitem\" data-auid=\"feature-benefits-listing\">3 shot size<\/li>\n<li class=\"css-2hhhsn\" role=\"listitem\" data-auid=\"feature-benefits-listing\">12 gauge<\/li>\n<\/ul>\n<\/div>\n<\/div>\n<div data-auid=\"specifications\">\n<div class=\"css-1s8bjel\">Specifications<\/div>\n<div class=\"css-zoj4i\" role=\"list\">\n<ul>\n<li class=\"css-2hhhsn\" role=\"listitem\" data-auid=\"specifications_listing\">Gauge\/bore:\u00a012<\/li>\n<li class=\"css-2hhhsn\" role=\"listitem\" data-auid=\"specifications_listing\">Shot Type:\u00a0Steel<\/li>\n<li class=\"css-2hhhsn\" role=\"listitem\" data-auid=\"specifications_listing\">Number of rounds: 1000<\/li>\n<li class=\"css-2hhhsn\" role=\"listitem\" data-auid=\"specifications_listing\">Shell length (in.):\u00a03<\/li>\n<li class=\"css-2hhhsn\" role=\"listitem\" data-auid=\"specifications_listing\">Species:\u00a0Duck\/Goose<\/li>\n<li class=\"css-2hhhsn\" role=\"listitem\" data-auid=\"specifications_listing\">Shot size:\u00a03<\/li>\n<li class=\"css-2hhhsn\" role=\"listitem\" data-auid=\"specifications_listing\">Ounce shot:\u00a01-1\/4<\/li>\n<\/ul>\n<\/div>\n<\/div>","protected":false},"excerpt":{"rendered":"<p>Description Features and Benefits Zinc-plated to prevent corrosion 3\u2033 shell length Recommended for waterfowl hunting 1-1\/4 oz. shot 1,450 fps velocity 25-round box 3 shot size 12 gauge Specifications Gauge\/bore:\u00a012 Shot Type:\u00a0Steel Number of rounds: 1000 Shell length (in.):\u00a03 Species:\u00a0Duck\/Goose Shot size:\u00a03 Ounce shot:\u00a01-1\/4<\/p>","protected":false},"featured_media":1098,"comment_status":"open","ping_status":"closed","template":"","meta":[],"product_brand":[],"product_cat":[120,119],"product_tag":[],"class_list":{"0":"post-1050","1":"product","2":"type-product","3":"status-publish","4":"has-post-thumbnail","6":"product_cat-12-gauge","7":"product_cat-shotgun-ammo","9":"first","10":"instock","11":"taxable","12":"shipping-taxable","13":"purchasable","14":"product-type-simple"},"yoast_head":"<!-- This site is optimized with the Yoast SEO Premium plugin v24.6 (Yoast SEO v25.7) - https:\/\/yoast.com\/wordpress\/plugins\/seo\/ -->\n<title>1000rds of Remington Nitro-Steel High-Velocity Magnum Load 12 Gauge Shotshells - Bulk Ammunition shop<\/title>\n<meta name=\"robots\" content=\"index, follow, max-snippet:-1, max-image-preview:large, max-video-preview:-1\" \/>\n<link rel=\"canonical\" href=\"https:\/\/www.bulkammunitionshop.com\/tr\/urun\/1000rds-of-remington-nitro-steel-high-velocity-magnum-load-12-gauge-shotshells\/\" \/>\n<meta property=\"og:locale\" content=\"tr_TR\" \/>\n<meta property=\"og:type\" content=\"article\" \/>\n<meta property=\"og:title\" content=\"1000rds of Remington Nitro-Steel High-Velocity Magnum Load 12 Gauge Shotshells\" \/>\n<meta property=\"og:description\" content=\"Description Features and Benefits Zinc-plated to prevent corrosion 3\u2033 shell length Recommended for waterfowl hunting 1-1\/4 oz. shot 1,450 fps velocity 25-round box 3 shot size 12 gauge Specifications Gauge\/bore:\u00a012 Shot Type:\u00a0Steel Number of rounds: 1000 Shell length (in.):\u00a03 Species:\u00a0Duck\/Goose Shot size:\u00a03 Ounce shot:\u00a01-1\/4\" \/>\n<meta property=\"og:url\" content=\"https:\/\/www.bulkammunitionshop.com\/tr\/urun\/1000rds-of-remington-nitro-steel-high-velocity-magnum-load-12-gauge-shotshells\/\" \/>\n<meta property=\"og:site_name\" content=\"Bulk Ammunition shop\" \/>\n<meta property=\"article:modified_time\" content=\"2022-05-21T16:21:48+00:00\" \/>\n<meta property=\"og:image\" content=\"https:\/\/i0.wp.com\/www.bulkammunitionshop.com\/wp-content\/uploads\/2022\/05\/10293520-600x600-1.jpg?fit=600%2C600&ssl=1\" \/>\n\t<meta property=\"og:image:width\" content=\"600\" \/>\n\t<meta property=\"og:image:height\" content=\"600\" \/>\n\t<meta property=\"og:image:type\" content=\"image\/jpeg\" \/>\n<meta name=\"twitter:card\" content=\"summary_large_image\" \/>\n<script type=\"application\/ld+json\" class=\"yoast-schema-graph\">{\"@context\":\"https:\/\/schema.org\",\"@graph\":[{\"@type\":\"WebPage\",\"@id\":\"https:\/\/www.bulkammunitionshop.com\/product\/1000rds-of-remington-nitro-steel-high-velocity-magnum-load-12-gauge-shotshells\/\",\"url\":\"https:\/\/www.bulkammunitionshop.com\/product\/1000rds-of-remington-nitro-steel-high-velocity-magnum-load-12-gauge-shotshells\/\",\"name\":\"1000rds of Remington Nitro-Steel High-Velocity Magnum Load 12 Gauge Shotshells - Bulk Ammunition shop\",\"isPartOf\":{\"@id\":\"https:\/\/www.bulkammunitionshop.com\/#website\"},\"primaryImageOfPage\":{\"@id\":\"https:\/\/www.bulkammunitionshop.com\/product\/1000rds-of-remington-nitro-steel-high-velocity-magnum-load-12-gauge-shotshells\/#primaryimage\"},\"image\":{\"@id\":\"https:\/\/www.bulkammunitionshop.com\/product\/1000rds-of-remington-nitro-steel-high-velocity-magnum-load-12-gauge-shotshells\/#primaryimage\"},\"thumbnailUrl\":\"https:\/\/www.bulkammunitionshop.com\/wp-content\/uploads\/2022\/05\/10293520-600x600-1.jpg\",\"datePublished\":\"2022-05-21T16:21:18+00:00\",\"dateModified\":\"2022-05-21T16:21:48+00:00\",\"breadcrumb\":{\"@id\":\"https:\/\/www.bulkammunitionshop.com\/product\/1000rds-of-remington-nitro-steel-high-velocity-magnum-load-12-gauge-shotshells\/#breadcrumb\"},\"inLanguage\":\"tr\",\"potentialAction\":[{\"@type\":\"ReadAction\",\"target\":[\"https:\/\/www.bulkammunitionshop.com\/product\/1000rds-of-remington-nitro-steel-high-velocity-magnum-load-12-gauge-shotshells\/\"]}]},{\"@type\":\"ImageObject\",\"inLanguage\":\"tr\",\"@id\":\"https:\/\/www.bulkammunitionshop.com\/product\/1000rds-of-remington-nitro-steel-high-velocity-magnum-load-12-gauge-shotshells\/#primaryimage\",\"url\":\"https:\/\/www.bulkammunitionshop.com\/wp-content\/uploads\/2022\/05\/10293520-600x600-1.jpg\",\"contentUrl\":\"https:\/\/www.bulkammunitionshop.com\/wp-content\/uploads\/2022\/05\/10293520-600x600-1.jpg\",\"width\":600,\"height\":600},{\"@type\":\"BreadcrumbList\",\"@id\":\"https:\/\/www.bulkammunitionshop.com\/product\/1000rds-of-remington-nitro-steel-high-velocity-magnum-load-12-gauge-shotshells\/#breadcrumb\",\"itemListElement\":[{\"@type\":\"ListItem\",\"position\":1,\"name\":\"Home\",\"item\":\"https:\/\/www.bulkammunitionshop.com\/\"},{\"@type\":\"ListItem\",\"position\":2,\"name\":\"SHOP ALL\",\"item\":\"https:\/\/www.bulkammunitionshop.com\/shop-all\/\"},{\"@type\":\"ListItem\",\"position\":3,\"name\":\"1000rds of Remington Nitro-Steel High-Velocity Magnum Load 12 Gauge Shotshells\"}]},{\"@type\":\"WebSite\",\"@id\":\"https:\/\/www.bulkammunitionshop.com\/#website\",\"url\":\"https:\/\/www.bulkammunitionshop.com\/\",\"name\":\"Bulk Ammunition shop\",\"description\":\"Buy Cheap Bulk Ammo Online - Bulk Ammo for Sale- Cheap Ammo Online\",\"potentialAction\":[{\"@type\":\"SearchAction\",\"target\":{\"@type\":\"EntryPoint\",\"urlTemplate\":\"https:\/\/www.bulkammunitionshop.com\/?s={search_term_string}\"},\"query-input\":{\"@type\":\"PropertyValueSpecification\",\"valueRequired\":true,\"valueName\":\"search_term_string\"}}],\"inLanguage\":\"tr\"}]}<\/script>\n<!-- \/ Yoast SEO Premium plugin. -->","yoast_head_json":{"title":"1000rds of Remington Nitro-Steel High-Velocity Magnum Load 12 Gauge Shotshells - Bulk Ammunition shop","robots":{"index":"index","follow":"follow","max-snippet":"max-snippet:-1","max-image-preview":"max-image-preview:large","max-video-preview":"max-video-preview:-1"},"canonical":"https:\/\/www.bulkammunitionshop.com\/tr\/urun\/1000rds-of-remington-nitro-steel-high-velocity-magnum-load-12-gauge-shotshells\/","og_locale":"tr_TR","og_type":"article","og_title":"1000rds of Remington Nitro-Steel High-Velocity Magnum Load 12 Gauge Shotshells","og_description":"Description Features and Benefits Zinc-plated to prevent corrosion 3\u2033 shell length Recommended for waterfowl hunting 1-1\/4 oz. shot 1,450 fps velocity 25-round box 3 shot size 12 gauge Specifications Gauge\/bore:\u00a012 Shot Type:\u00a0Steel Number of rounds: 1000 Shell length (in.):\u00a03 Species:\u00a0Duck\/Goose Shot size:\u00a03 Ounce shot:\u00a01-1\/4","og_url":"https:\/\/www.bulkammunitionshop.com\/tr\/urun\/1000rds-of-remington-nitro-steel-high-velocity-magnum-load-12-gauge-shotshells\/","og_site_name":"Bulk Ammunition shop","article_modified_time":"2022-05-21T16:21:48+00:00","og_image":[{"width":600,"height":600,"url":"https:\/\/i0.wp.com\/www.bulkammunitionshop.com\/wp-content\/uploads\/2022\/05\/10293520-600x600-1.jpg?fit=600%2C600&ssl=1","type":"image\/jpeg"}],"twitter_card":"summary_large_image","schema":{"@context":"https:\/\/schema.org","@graph":[{"@type":"WebPage","@id":"https:\/\/www.bulkammunitionshop.com\/product\/1000rds-of-remington-nitro-steel-high-velocity-magnum-load-12-gauge-shotshells\/","url":"https:\/\/www.bulkammunitionshop.com\/product\/1000rds-of-remington-nitro-steel-high-velocity-magnum-load-12-gauge-shotshells\/","name":"1000rds of Remington Nitro-Steel High-Velocity Magnum Load 12 Gauge Shotshells - Bulk Ammunition shop","isPartOf":{"@id":"https:\/\/www.bulkammunitionshop.com\/#website"},"primaryImageOfPage":{"@id":"https:\/\/www.bulkammunitionshop.com\/product\/1000rds-of-remington-nitro-steel-high-velocity-magnum-load-12-gauge-shotshells\/#primaryimage"},"image":{"@id":"https:\/\/www.bulkammunitionshop.com\/product\/1000rds-of-remington-nitro-steel-high-velocity-magnum-load-12-gauge-shotshells\/#primaryimage"},"thumbnailUrl":"https:\/\/www.bulkammunitionshop.com\/wp-content\/uploads\/2022\/05\/10293520-600x600-1.jpg","datePublished":"2022-05-21T16:21:18+00:00","dateModified":"2022-05-21T16:21:48+00:00","breadcrumb":{"@id":"https:\/\/www.bulkammunitionshop.com\/product\/1000rds-of-remington-nitro-steel-high-velocity-magnum-load-12-gauge-shotshells\/#breadcrumb"},"inLanguage":"tr","potentialAction":[{"@type":"ReadAction","target":["https:\/\/www.bulkammunitionshop.com\/product\/1000rds-of-remington-nitro-steel-high-velocity-magnum-load-12-gauge-shotshells\/"]}]},{"@type":"ImageObject","inLanguage":"tr","@id":"https:\/\/www.bulkammunitionshop.com\/product\/1000rds-of-remington-nitro-steel-high-velocity-magnum-load-12-gauge-shotshells\/#primaryimage","url":"https:\/\/www.bulkammunitionshop.com\/wp-content\/uploads\/2022\/05\/10293520-600x600-1.jpg","contentUrl":"https:\/\/www.bulkammunitionshop.com\/wp-content\/uploads\/2022\/05\/10293520-600x600-1.jpg","width":600,"height":600},{"@type":"BreadcrumbList","@id":"https:\/\/www.bulkammunitionshop.com\/product\/1000rds-of-remington-nitro-steel-high-velocity-magnum-load-12-gauge-shotshells\/#breadcrumb","itemListElement":[{"@type":"ListItem","position":1,"name":"Home","item":"https:\/\/www.bulkammunitionshop.com\/"},{"@type":"ListItem","position":2,"name":"SHOP ALL","item":"https:\/\/www.bulkammunitionshop.com\/shop-all\/"},{"@type":"ListItem","position":3,"name":"1000rds of Remington Nitro-Steel High-Velocity Magnum Load 12 Gauge Shotshells"}]},{"@type":"WebSite","@id":"https:\/\/www.bulkammunitionshop.com\/#website","url":"https:\/\/www.bulkammunitionshop.com\/","name":"Toplu M\u00fchimmat d\u00fckkan\u0131","description":"Ucuz Toplu M\u00fchimmat Online Sat\u0131n Al\u0131n - Sat\u0131l\u0131k Toplu M\u00fchimmat - Ucuz M\u00fchimmat Online","potentialAction":[{"@type":"SearchAction","target":{"@type":"EntryPoint","urlTemplate":"https:\/\/www.bulkammunitionshop.com\/?s={search_term_string}"},"query-input":{"@type":"PropertyValueSpecification","valueRequired":true,"valueName":"search_term_string"}}],"inLanguage":"tr"}]}},"jetpack_sharing_enabled":true,"_links":{"self":[{"href":"https:\/\/www.bulkammunitionshop.com\/tr\/wp-json\/wp\/v2\/product\/1050","targetHints":{"allow":["GET"]}}],"collection":[{"href":"https:\/\/www.bulkammunitionshop.com\/tr\/wp-json\/wp\/v2\/product"}],"about":[{"href":"https:\/\/www.bulkammunitionshop.com\/tr\/wp-json\/wp\/v2\/types\/product"}],"replies":[{"embeddable":true,"href":"https:\/\/www.bulkammunitionshop.com\/tr\/wp-json\/wp\/v2\/comments?post=1050"}],"wp:featuredmedia":[{"embeddable":true,"href":"https:\/\/www.bulkammunitionshop.com\/tr\/wp-json\/wp\/v2\/media\/1098"}],"wp:attachment":[{"href":"https:\/\/www.bulkammunitionshop.com\/tr\/wp-json\/wp\/v2\/media?parent=1050"}],"wp:term":[{"taxonomy":"product_brand","embeddable":true,"href":"https:\/\/www.bulkammunitionshop.com\/tr\/wp-json\/wp\/v2\/product_brand?post=1050"},{"taxonomy":"product_cat","embeddable":true,"href":"https:\/\/www.bulkammunitionshop.com\/tr\/wp-json\/wp\/v2\/product_cat?post=1050"},{"taxonomy":"product_tag","embeddable":true,"href":"https:\/\/www.bulkammunitionshop.com\/tr\/wp-json\/wp\/v2\/product_tag?post=1050"}],"curies":[{"name":"wp","href":"https:\/\/api.w.org\/{rel}","templated":true}]}}