{"id":1594,"date":"2022-05-21T16:29:20","date_gmt":"2022-05-21T16:29:20","guid":{"rendered":"https:\/\/www.bulkammunitionshop.com\/?post_type=product&#038;p=1594"},"modified":"2023-05-21T10:56:14","modified_gmt":"2023-05-21T10:56:14","slug":"500rds-of-browning-long-range-pro-hunter-ammunition-6-5-creedmoor-130-grain-sierra-gamechanger-tipped-gameking","status":"publish","type":"product","link":"https:\/\/www.bulkammunitionshop.com\/sv\/produkt\/500rds-of-browning-long-range-pro-hunter-ammunition-6-5-creedmoor-130-grain-sierra-gamechanger-tipped-gameking\/","title":{"rendered":"500Rds of Browning Long Range Pro Hunter Ammunition 6.5 Creedmoor 130 Grain Sierra GameChanger Tipped GameKing"},"content":{"rendered":"<p>A global leader in offering quality and innovative firearms, Browning now introduces a new, full-line of superior performance ammunition for hunting, personal defense and target shooting. Browning and Winchester developed this full line of ammunition products under the Browning brand. The Browning Ammunition portfolio includes popular ammunition offerings in rifle, shotgun, handgun and rimfire, featuring advanced technologies for hunters and shooters.<\/p>\n<p>Browning Long Range Pro achieves match grade accuracy through the utilization of Sierra Tipped Gameking boat-tailed bullets. Whether it&#8217;s punching holes in paper or ringing long-range steel targets, Long Rang Pro delivers with precision. This ammunition is new production, non-corrosive, in boxer primed, reloadable brass cases.<\/p>\n<p>&nbsp;<\/p>\n<p>The Sierra GameChanger hunting bullet is the perfect combination of Sierra\u2019s legendary match accuracy coupled with deadly penetration. Sierra re-engineered their legendary MatchKing bullet into a hollow point design for quick expansion and fitted it with a transparent green tip for ballistic uniformity. Inside, the GameChanger features a unique construction that utlilizes a special lead alloy surrounded by a tough copper jacket that delivers excellent penetration and expansion at a variety of ranges. It\u2019s a GameChanger on any hunt!<\/p>\n<p><b>Drag<\/b><\/p>\n<ul>\n<li>Optimal jacket wall thickness controls expansion and retains weight<\/li>\n<li>Open pocket under the polymer tip expands lead core instantly on impact<\/li>\n<li>Tuned ogive for industry-leading BC<\/li>\n<li>Boat tail design for stable flight and accuracy<\/li>\n<\/ul>\n<p>&nbsp;<\/p>\n<p>&nbsp;<\/p>\n<h3 id=\"product-info-table\">Produktinformation<\/h3>\n<table class=\"product-specs-table stack-l\" data-specifications=\"\" aria-labelledby=\"product-info-table\">\n<tbody>\n<tr class=\"product-specs-table-container\" data-ng-repeat=\"attribute in displayableAttrs | orderBy: ['attributeSortOrder','valueSortOrder','name']\" data-ng-class=\"{'is-selectable' : attribute.IsSelectable}\">\n<th class=\"product-specs-table-detail\">Patron<\/th>\n<td class=\"product-specs-table-definition\">\n<div role=\"presentation\" data-ng-if=\"attribute.isDropDownSelectable === false\"><span data-ng-if=\"attribute.value.length == 1\">6.5 Creedmoor<\/span><\/div>\n<\/td>\n<\/tr>\n<tr class=\"product-specs-table-container\" data-ng-repeat=\"attribute in displayableAttrs | orderBy: ['attributeSortOrder','valueSortOrder','name']\" data-ng-class=\"{'is-selectable' : attribute.IsSelectable}\">\n<th class=\"product-specs-table-detail\">Spannm\u00e5lsvikt<\/th>\n<td class=\"product-specs-table-definition\">\n<div role=\"presentation\" data-ng-if=\"attribute.isDropDownSelectable === false\"><span data-ng-if=\"attribute.value.length == 1\">130 Grains<\/span><\/div>\n<\/td>\n<\/tr>\n<tr class=\"product-specs-table-container\" data-ng-repeat=\"attribute in displayableAttrs | orderBy: ['attributeSortOrder','valueSortOrder','name']\" data-ng-class=\"{'is-selectable' : attribute.IsSelectable}\">\n<th class=\"product-specs-table-detail\">Kvantitet<\/th>\n<td class=\"product-specs-table-definition\">\n<div role=\"presentation\" data-ng-if=\"attribute.isDropDownSelectable === false\"><span data-ng-if=\"attribute.value.length == 1\">500 skott<\/span><\/div>\n<\/td>\n<\/tr>\n<tr class=\"product-specs-table-container\" data-ng-repeat=\"attribute in displayableAttrs | orderBy: ['attributeSortOrder','valueSortOrder','name']\" data-ng-class=\"{'is-selectable' : attribute.IsSelectable}\">\n<th class=\"product-specs-table-detail\">Mynningshastighet<\/th>\n<td class=\"product-specs-table-definition\">\n<div role=\"presentation\" data-ng-if=\"attribute.isDropDownSelectable === false\"><span data-ng-if=\"attribute.value.length == 1\">2875 Feet Per Second<\/span><\/div>\n<\/td>\n<\/tr>\n<tr class=\"product-specs-table-container\" data-ng-repeat=\"attribute in displayableAttrs | orderBy: ['attributeSortOrder','valueSortOrder','name']\" data-ng-class=\"{'is-selectable' : attribute.IsSelectable}\">\n<th class=\"product-specs-table-detail\">Munningsenergi<\/th>\n<td class=\"product-specs-table-definition\">\n<div role=\"presentation\" data-ng-if=\"attribute.isDropDownSelectable === false\"><span data-ng-if=\"attribute.value.length == 1\">2386 Foot Pounds<\/span><\/div>\n<\/td>\n<\/tr>\n<tr class=\"product-specs-table-container\" data-ng-repeat=\"attribute in displayableAttrs | orderBy: ['attributeSortOrder','valueSortOrder','name']\" data-ng-class=\"{'is-selectable' : attribute.IsSelectable}\">\n<th class=\"product-specs-table-detail\">Punktformat<\/th>\n<td class=\"product-specs-table-definition\">\n<div role=\"presentation\" data-ng-if=\"attribute.isDropDownSelectable === false\"><span data-ng-if=\"attribute.value.length == 1\">Polymerspets<\/span><\/div>\n<\/td>\n<\/tr>\n<tr class=\"product-specs-table-container\" data-ng-repeat=\"attribute in displayableAttrs | orderBy: ['attributeSortOrder','valueSortOrder','name']\" data-ng-class=\"{'is-selectable' : attribute.IsSelectable}\">\n<th class=\"product-specs-table-detail\">Bullet M\u00e4rke Och Modell<\/th>\n<td class=\"product-specs-table-definition\">\n<div role=\"presentation\" data-ng-if=\"attribute.isDropDownSelectable === false\"><span data-ng-if=\"attribute.value.length == 1\">Sierra GameChanger<\/span><\/div>\n<\/td>\n<\/tr>\n<tr class=\"product-specs-table-container\" data-ng-repeat=\"attribute in displayableAttrs | orderBy: ['attributeSortOrder','valueSortOrder','name']\" data-ng-class=\"{'is-selectable' : attribute.IsSelectable}\">\n<th class=\"product-specs-table-detail\">Blyfri<\/th>\n<td class=\"product-specs-table-definition\">\n<div role=\"presentation\" data-ng-if=\"attribute.isDropDownSelectable === false\"><span data-ng-if=\"attribute.value.length == 1\">Inga<\/span><\/div>\n<\/td>\n<\/tr>\n<tr class=\"product-specs-table-container\" data-ng-repeat=\"attribute in displayableAttrs | orderBy: ['attributeSortOrder','valueSortOrder','name']\" data-ng-class=\"{'is-selectable' : attribute.IsSelectable}\">\n<th class=\"product-specs-table-detail\">Primer<\/th>\n<td class=\"product-specs-table-definition\">\n<div role=\"presentation\" data-ng-if=\"attribute.isDropDownSelectable === false\"><span data-ng-if=\"attribute.value.length == 1\">Boxare<\/span><\/div>\n<\/td>\n<\/tr>\n<tr class=\"product-specs-table-container\" data-ng-repeat=\"attribute in displayableAttrs | orderBy: ['attributeSortOrder','valueSortOrder','name']\" data-ng-class=\"{'is-selectable' : attribute.IsSelectable}\">\n<th class=\"product-specs-table-detail\">Fr\u00e4tande<\/th>\n<td class=\"product-specs-table-definition\">\n<div role=\"presentation\" data-ng-if=\"attribute.isDropDownSelectable === false\"><span data-ng-if=\"attribute.value.length == 1\">Inga<\/span><\/div>\n<\/td>\n<\/tr>\n<tr class=\"product-specs-table-container\" data-ng-repeat=\"attribute in displayableAttrs | orderBy: ['attributeSortOrder','valueSortOrder','name']\" data-ng-class=\"{'is-selectable' : attribute.IsSelectable}\">\n<th class=\"product-specs-table-detail\">Omladdningsbar<\/th>\n<td class=\"product-specs-table-definition\">\n<div role=\"presentation\" data-ng-if=\"attribute.isDropDownSelectable === false\"><span data-ng-if=\"attribute.value.length == 1\">Ja<\/span><\/div>\n<\/td>\n<\/tr>\n<tr class=\"product-specs-table-container\" data-ng-repeat=\"attribute in displayableAttrs | orderBy: ['attributeSortOrder','valueSortOrder','name']\" data-ng-class=\"{'is-selectable' : attribute.IsSelectable}\">\n<th class=\"product-specs-table-detail\">G1 ballistisk koefficient<\/th>\n<td class=\"product-specs-table-definition\">\n<div role=\"presentation\" data-ng-if=\"attribute.isDropDownSelectable === false\"><span data-ng-if=\"attribute.value.length == 1\">0.51<\/span><\/div>\n<\/td>\n<\/tr>\n<tr class=\"product-specs-table-container\" data-ng-repeat=\"attribute in displayableAttrs | orderBy: ['attributeSortOrder','valueSortOrder','name']\" data-ng-class=\"{'is-selectable' : attribute.IsSelectable}\">\n<th class=\"product-specs-table-detail\">Sektionst\u00e4thet<\/th>\n<td class=\"product-specs-table-definition\">\n<div role=\"presentation\" data-ng-if=\"attribute.isDropDownSelectable === false\"><span data-ng-if=\"attribute.value.length == 1\">0.266<\/span><\/div>\n<\/td>\n<\/tr>\n<tr class=\"product-specs-table-container\" data-ng-repeat=\"attribute in displayableAttrs | orderBy: ['attributeSortOrder','valueSortOrder','name']\" data-ng-class=\"{'is-selectable' : attribute.IsSelectable}\">\n<th class=\"product-specs-table-detail\">Ursprungsland<\/th>\n<td class=\"product-specs-table-definition\">\n<div role=\"presentation\" data-ng-if=\"attribute.isDropDownSelectable === false\"><span data-ng-if=\"attribute.value.length == 1\">Amerikas f\u00f6renta stater<\/span><\/div>\n<\/td>\n<\/tr>\n<\/tbody>\n<\/table>","protected":false},"excerpt":{"rendered":"<p>Denna produkt finns i lager och \u00e4r redo att skickas. 100% Snabb leverans garanterad. L\u00e4gg din best\u00e4llning nu!<\/p>","protected":false},"featured_media":1654,"comment_status":"open","ping_status":"closed","template":"","meta":[],"product_brand":[],"product_cat":[235,121],"product_tag":[],"class_list":{"0":"post-1594","1":"product","2":"type-product","3":"status-publish","4":"has-post-thumbnail","6":"product_cat-6-5mm-creedmoor","7":"product_cat-rifle-ammo","9":"first","10":"instock","11":"taxable","12":"shipping-taxable","13":"purchasable","14":"product-type-simple"},"yoast_head":"<!-- This site is optimized with the Yoast SEO Premium plugin v24.6 (Yoast SEO v25.7) - https:\/\/yoast.com\/wordpress\/plugins\/seo\/ -->\n<title>500Rds of Browning Long Range Pro Hunter Ammunition 6.5 Creedmoor 130 Grain Sierra GameChanger Tipped GameKing - Bulk Ammunition shop<\/title>\n<meta name=\"robots\" content=\"index, follow, max-snippet:-1, max-image-preview:large, max-video-preview:-1\" \/>\n<link rel=\"canonical\" href=\"https:\/\/www.bulkammunitionshop.com\/sv\/produkt\/500rds-of-browning-long-range-pro-hunter-ammunition-6-5-creedmoor-130-grain-sierra-gamechanger-tipped-gameking\/\" \/>\n<meta property=\"og:locale\" content=\"sv_SE\" \/>\n<meta property=\"og:type\" content=\"article\" \/>\n<meta property=\"og:title\" content=\"500Rds of Browning Long Range Pro Hunter Ammunition 6.5 Creedmoor 130 Grain Sierra GameChanger Tipped GameKing\" \/>\n<meta property=\"og:description\" content=\"This Product Is In Stock and Ready to Ship. 100% Fast Shipping Guaranteed. Place Order Now!\" \/>\n<meta property=\"og:url\" content=\"https:\/\/www.bulkammunitionshop.com\/sv\/produkt\/500rds-of-browning-long-range-pro-hunter-ammunition-6-5-creedmoor-130-grain-sierra-gamechanger-tipped-gameking\/\" \/>\n<meta property=\"og:site_name\" content=\"Bulk Ammunition shop\" \/>\n<meta property=\"article:modified_time\" content=\"2023-05-21T10:56:14+00:00\" \/>\n<meta property=\"og:image\" content=\"http:\/\/www.bulkammunitionshop.com\/wp-content\/uploads\/2022\/05\/420794-1.png\" \/>\n\t<meta property=\"og:image:width\" content=\"600\" \/>\n\t<meta property=\"og:image:height\" content=\"449\" \/>\n\t<meta property=\"og:image:type\" content=\"image\/png\" \/>\n<meta name=\"twitter:card\" content=\"summary_large_image\" \/>\n<meta name=\"twitter:label1\" content=\"Ber\u00e4knad l\u00e4stid\" \/>\n\t<meta name=\"twitter:data1\" content=\"1 minut\" \/>\n<script type=\"application\/ld+json\" class=\"yoast-schema-graph\">{\"@context\":\"https:\/\/schema.org\",\"@graph\":[{\"@type\":\"WebPage\",\"@id\":\"https:\/\/www.bulkammunitionshop.com\/product\/500rds-of-browning-long-range-pro-hunter-ammunition-6-5-creedmoor-130-grain-sierra-gamechanger-tipped-gameking\/\",\"url\":\"https:\/\/www.bulkammunitionshop.com\/product\/500rds-of-browning-long-range-pro-hunter-ammunition-6-5-creedmoor-130-grain-sierra-gamechanger-tipped-gameking\/\",\"name\":\"500Rds of Browning Long Range Pro Hunter Ammunition 6.5 Creedmoor 130 Grain Sierra GameChanger Tipped GameKing - Bulk Ammunition shop\",\"isPartOf\":{\"@id\":\"https:\/\/www.bulkammunitionshop.com\/#website\"},\"primaryImageOfPage\":{\"@id\":\"https:\/\/www.bulkammunitionshop.com\/product\/500rds-of-browning-long-range-pro-hunter-ammunition-6-5-creedmoor-130-grain-sierra-gamechanger-tipped-gameking\/#primaryimage\"},\"image\":{\"@id\":\"https:\/\/www.bulkammunitionshop.com\/product\/500rds-of-browning-long-range-pro-hunter-ammunition-6-5-creedmoor-130-grain-sierra-gamechanger-tipped-gameking\/#primaryimage\"},\"thumbnailUrl\":\"https:\/\/www.bulkammunitionshop.com\/wp-content\/uploads\/2022\/05\/420794-1.png\",\"datePublished\":\"2022-05-21T16:29:20+00:00\",\"dateModified\":\"2023-05-21T10:56:14+00:00\",\"breadcrumb\":{\"@id\":\"https:\/\/www.bulkammunitionshop.com\/product\/500rds-of-browning-long-range-pro-hunter-ammunition-6-5-creedmoor-130-grain-sierra-gamechanger-tipped-gameking\/#breadcrumb\"},\"inLanguage\":\"sv-SE\",\"potentialAction\":[{\"@type\":\"ReadAction\",\"target\":[\"https:\/\/www.bulkammunitionshop.com\/product\/500rds-of-browning-long-range-pro-hunter-ammunition-6-5-creedmoor-130-grain-sierra-gamechanger-tipped-gameking\/\"]}]},{\"@type\":\"ImageObject\",\"inLanguage\":\"sv-SE\",\"@id\":\"https:\/\/www.bulkammunitionshop.com\/product\/500rds-of-browning-long-range-pro-hunter-ammunition-6-5-creedmoor-130-grain-sierra-gamechanger-tipped-gameking\/#primaryimage\",\"url\":\"https:\/\/www.bulkammunitionshop.com\/wp-content\/uploads\/2022\/05\/420794-1.png\",\"contentUrl\":\"https:\/\/www.bulkammunitionshop.com\/wp-content\/uploads\/2022\/05\/420794-1.png\",\"width\":600,\"height\":449},{\"@type\":\"BreadcrumbList\",\"@id\":\"https:\/\/www.bulkammunitionshop.com\/product\/500rds-of-browning-long-range-pro-hunter-ammunition-6-5-creedmoor-130-grain-sierra-gamechanger-tipped-gameking\/#breadcrumb\",\"itemListElement\":[{\"@type\":\"ListItem\",\"position\":1,\"name\":\"Home\",\"item\":\"https:\/\/www.bulkammunitionshop.com\/\"},{\"@type\":\"ListItem\",\"position\":2,\"name\":\"SHOP ALL\",\"item\":\"https:\/\/www.bulkammunitionshop.com\/shop-all\/\"},{\"@type\":\"ListItem\",\"position\":3,\"name\":\"500Rds of Browning Long Range Pro Hunter Ammunition 6.5 Creedmoor 130 Grain Sierra GameChanger Tipped GameKing\"}]},{\"@type\":\"WebSite\",\"@id\":\"https:\/\/www.bulkammunitionshop.com\/#website\",\"url\":\"https:\/\/www.bulkammunitionshop.com\/\",\"name\":\"Bulk Ammunition shop\",\"description\":\"Buy Cheap Bulk Ammo Online - Bulk Ammo for Sale- Cheap Ammo Online\",\"potentialAction\":[{\"@type\":\"SearchAction\",\"target\":{\"@type\":\"EntryPoint\",\"urlTemplate\":\"https:\/\/www.bulkammunitionshop.com\/?s={search_term_string}\"},\"query-input\":{\"@type\":\"PropertyValueSpecification\",\"valueRequired\":true,\"valueName\":\"search_term_string\"}}],\"inLanguage\":\"sv-SE\"}]}<\/script>\n<!-- \/ Yoast SEO Premium plugin. -->","yoast_head_json":{"title":"500Rds of Browning Long Range Pro Hunter Ammunition 6.5 Creedmoor 130 Grain Sierra GameChanger Tipped GameKing - Bulk Ammunition shop","robots":{"index":"index","follow":"follow","max-snippet":"max-snippet:-1","max-image-preview":"max-image-preview:large","max-video-preview":"max-video-preview:-1"},"canonical":"https:\/\/www.bulkammunitionshop.com\/sv\/produkt\/500rds-of-browning-long-range-pro-hunter-ammunition-6-5-creedmoor-130-grain-sierra-gamechanger-tipped-gameking\/","og_locale":"sv_SE","og_type":"article","og_title":"500Rds of Browning Long Range Pro Hunter Ammunition 6.5 Creedmoor 130 Grain Sierra GameChanger Tipped GameKing","og_description":"This Product Is In Stock and Ready to Ship. 100% Fast Shipping Guaranteed. Place Order Now!","og_url":"https:\/\/www.bulkammunitionshop.com\/sv\/produkt\/500rds-of-browning-long-range-pro-hunter-ammunition-6-5-creedmoor-130-grain-sierra-gamechanger-tipped-gameking\/","og_site_name":"Bulk Ammunition shop","article_modified_time":"2023-05-21T10:56:14+00:00","og_image":[{"width":600,"height":449,"url":"http:\/\/www.bulkammunitionshop.com\/wp-content\/uploads\/2022\/05\/420794-1.png","type":"image\/png"}],"twitter_card":"summary_large_image","twitter_misc":{"Ber\u00e4knad l\u00e4stid":"1 minut"},"schema":{"@context":"https:\/\/schema.org","@graph":[{"@type":"WebPage","@id":"https:\/\/www.bulkammunitionshop.com\/product\/500rds-of-browning-long-range-pro-hunter-ammunition-6-5-creedmoor-130-grain-sierra-gamechanger-tipped-gameking\/","url":"https:\/\/www.bulkammunitionshop.com\/product\/500rds-of-browning-long-range-pro-hunter-ammunition-6-5-creedmoor-130-grain-sierra-gamechanger-tipped-gameking\/","name":"500Rds of Browning Long Range Pro Hunter Ammunition 6.5 Creedmoor 130 Grain Sierra GameChanger Tipped GameKing - Bulk Ammunition shop","isPartOf":{"@id":"https:\/\/www.bulkammunitionshop.com\/#website"},"primaryImageOfPage":{"@id":"https:\/\/www.bulkammunitionshop.com\/product\/500rds-of-browning-long-range-pro-hunter-ammunition-6-5-creedmoor-130-grain-sierra-gamechanger-tipped-gameking\/#primaryimage"},"image":{"@id":"https:\/\/www.bulkammunitionshop.com\/product\/500rds-of-browning-long-range-pro-hunter-ammunition-6-5-creedmoor-130-grain-sierra-gamechanger-tipped-gameking\/#primaryimage"},"thumbnailUrl":"https:\/\/www.bulkammunitionshop.com\/wp-content\/uploads\/2022\/05\/420794-1.png","datePublished":"2022-05-21T16:29:20+00:00","dateModified":"2023-05-21T10:56:14+00:00","breadcrumb":{"@id":"https:\/\/www.bulkammunitionshop.com\/product\/500rds-of-browning-long-range-pro-hunter-ammunition-6-5-creedmoor-130-grain-sierra-gamechanger-tipped-gameking\/#breadcrumb"},"inLanguage":"sv-SE","potentialAction":[{"@type":"ReadAction","target":["https:\/\/www.bulkammunitionshop.com\/product\/500rds-of-browning-long-range-pro-hunter-ammunition-6-5-creedmoor-130-grain-sierra-gamechanger-tipped-gameking\/"]}]},{"@type":"ImageObject","inLanguage":"sv-SE","@id":"https:\/\/www.bulkammunitionshop.com\/product\/500rds-of-browning-long-range-pro-hunter-ammunition-6-5-creedmoor-130-grain-sierra-gamechanger-tipped-gameking\/#primaryimage","url":"https:\/\/www.bulkammunitionshop.com\/wp-content\/uploads\/2022\/05\/420794-1.png","contentUrl":"https:\/\/www.bulkammunitionshop.com\/wp-content\/uploads\/2022\/05\/420794-1.png","width":600,"height":449},{"@type":"BreadcrumbList","@id":"https:\/\/www.bulkammunitionshop.com\/product\/500rds-of-browning-long-range-pro-hunter-ammunition-6-5-creedmoor-130-grain-sierra-gamechanger-tipped-gameking\/#breadcrumb","itemListElement":[{"@type":"ListItem","position":1,"name":"Home","item":"https:\/\/www.bulkammunitionshop.com\/"},{"@type":"ListItem","position":2,"name":"SHOP ALL","item":"https:\/\/www.bulkammunitionshop.com\/shop-all\/"},{"@type":"ListItem","position":3,"name":"500Rds of Browning Long Range Pro Hunter Ammunition 6.5 Creedmoor 130 Grain Sierra GameChanger Tipped GameKing"}]},{"@type":"WebSite","@id":"https:\/\/www.bulkammunitionshop.com\/#website","url":"https:\/\/www.bulkammunitionshop.com\/","name":"Butik f\u00f6r bulkammunition","description":"K\u00f6p billig ammunition i l\u00f6svikt online - Bulkammunition till salu - Billig ammunition online","potentialAction":[{"@type":"SearchAction","target":{"@type":"EntryPoint","urlTemplate":"https:\/\/www.bulkammunitionshop.com\/?s={search_term_string}"},"query-input":{"@type":"PropertyValueSpecification","valueRequired":true,"valueName":"search_term_string"}}],"inLanguage":"sv-SE"}]}},"jetpack_sharing_enabled":true,"_links":{"self":[{"href":"https:\/\/www.bulkammunitionshop.com\/sv\/wp-json\/wp\/v2\/product\/1594","targetHints":{"allow":["GET"]}}],"collection":[{"href":"https:\/\/www.bulkammunitionshop.com\/sv\/wp-json\/wp\/v2\/product"}],"about":[{"href":"https:\/\/www.bulkammunitionshop.com\/sv\/wp-json\/wp\/v2\/types\/product"}],"replies":[{"embeddable":true,"href":"https:\/\/www.bulkammunitionshop.com\/sv\/wp-json\/wp\/v2\/comments?post=1594"}],"wp:featuredmedia":[{"embeddable":true,"href":"https:\/\/www.bulkammunitionshop.com\/sv\/wp-json\/wp\/v2\/media\/1654"}],"wp:attachment":[{"href":"https:\/\/www.bulkammunitionshop.com\/sv\/wp-json\/wp\/v2\/media?parent=1594"}],"wp:term":[{"taxonomy":"product_brand","embeddable":true,"href":"https:\/\/www.bulkammunitionshop.com\/sv\/wp-json\/wp\/v2\/product_brand?post=1594"},{"taxonomy":"product_cat","embeddable":true,"href":"https:\/\/www.bulkammunitionshop.com\/sv\/wp-json\/wp\/v2\/product_cat?post=1594"},{"taxonomy":"product_tag","embeddable":true,"href":"https:\/\/www.bulkammunitionshop.com\/sv\/wp-json\/wp\/v2\/product_tag?post=1594"}],"curies":[{"name":"wp","href":"https:\/\/api.w.org\/{rel}","templated":true}]}}