{"id":1370,"date":"2022-05-21T16:26:57","date_gmt":"2022-05-21T16:26:57","guid":{"rendered":"https:\/\/www.bulkammunitionshop.com\/?post_type=product&#038;p=1370"},"modified":"2022-05-21T16:27:28","modified_gmt":"2022-05-21T16:27:28","slug":"500rds-of-remington-hypersonic-rifle-bonded-30-06-springfield-180-grain-core-lokt-ultra-bonded-pointed-soft-point-centerfire-rifle-ammunition","status":"publish","type":"product","link":"https:\/\/www.bulkammunitionshop.com\/sv\/produkt\/500rds-of-remington-hypersonic-rifle-bonded-30-06-springfield-180-grain-core-lokt-ultra-bonded-pointed-soft-point-centerfire-rifle-ammunition\/","title":{"rendered":"500 rundor Remington Hypersonic Rifle Bonded .30-06 Springfield 180 Grain Core-Lokt Ultra Bonded Spetsig Soft Pointed Centerfire-gev\u00e4rsammunition"},"content":{"rendered":"<h2 id=\"caption-header\">Product Info for\u00a0Remington Hypersonic Rifle Bonded .30-06 Springfield 180 Grain Core-Lokt Ultra Bonded Pointed Soft Point Centerfire Rifle Ammunition<\/h2>\n<div>\n<div id=\"product-caption-block-description\" class=\"product-caption-block\">\n<p>With velocities up to 200 fps faster than standard loads, HyperSonic Rifle Bonded delivers more than just laser-flat trajectories and higher downrange energies. It zips through hide, meat and bone with unrivaled devastation thanks to today&#8217;s most advanced bonded bullet design, Core-Lokt Ultra Bonded. Remington engineers started with a proprietary blend of propellants to achieve the boost in speed, then went to work to find the perfect lethal match, testing loads with every possible bullet design on ballistic gel, simulated bone, actual big-game carcasses and other mediums we can&#8217;t reveal. When the smoke and the chunks cleared, the combination that dominated in terminal performance and accuracy is the best deer cartridge you see here. No other high-velocity load on the market can measure up, and you&#8217;ll only get it from the R&amp;D masterminds at Remington.<\/p>\n<h3>Specifications for Remington Hypersonic Rifle Bonded .30-06 Springfield 180 Grain Core-Lokt Ultra Bonded Pointed Soft Point Centerfire Rifle Ammunition:<\/h3>\n<table class=\"spec-table\" border=\"0\" cellspacing=\"0\" cellpadding=\"0\">\n<tbody>\n<tr>\n<td class=\"spec-left-column\">Kaliber:<\/td>\n<td width=\"50%\">.30-06 Springfield<\/td>\n<\/tr>\n<tr>\n<td class=\"spec-left-column\">Antal rundor:<\/td>\n<td width=\"50%\">500<\/td>\n<\/tr>\n<tr>\n<td class=\"spec-left-column\">Punkttyp:<\/td>\n<td width=\"50%\">Core-Lokt Ultra Bonded Pointed Soft Point (PSP)<\/td>\n<\/tr>\n<tr>\n<td class=\"spec-left-column\">Kulvikt:<\/td>\n<td width=\"50%\">180 grain<\/td>\n<\/tr>\n<tr>\n<td class=\"spec-left-column\">Patronhylsmaterial:<\/td>\n<td width=\"50%\">M\u00e4ssing<\/td>\n<\/tr>\n<tr>\n<td class=\"spec-left-column\">Mynningshastighet:<\/td>\n<td width=\"50%\">2830 ft\/s<\/td>\n<\/tr>\n<tr>\n<td class=\"spec-left-column\">Pakettyp:<\/td>\n<td width=\"50%\">L\u00e5da<\/td>\n<\/tr>\n<tr>\n<td class=\"spec-left-column\">Primerplats:<\/td>\n<td width=\"50%\">Centerfire<\/td>\n<\/tr>\n<tr>\n<td class=\"spec-left-column\">Munningsenergi:<\/td>\n<td width=\"50%\">3200 ft-lbs<\/td>\n<\/tr>\n<tr>\n<td class=\"spec-left-column\">G1 ballistisk koefficient:<\/td>\n<td width=\"50%\">0.402<\/td>\n<\/tr>\n<tr>\n<td class=\"spec-left-column\">Ans\u00f6kan:<\/td>\n<td width=\"50%\">Storvilt<\/td>\n<\/tr>\n<\/tbody>\n<\/table>\n<p>&nbsp;<\/p>\n<\/div>\n<\/div>","protected":false},"excerpt":{"rendered":"<p>Product Info for\u00a0Remington Hypersonic Rifle Bonded .30-06 Springfield 180 Grain Core-Lokt Ultra Bonded Pointed Soft Point Centerfire Rifle Ammunition With velocities up to 200 fps faster than standard loads, HyperSonic Rifle Bonded delivers more than just laser-flat trajectories and higher downrange energies. It zips through hide, meat and bone with unrivaled devastation thanks to today&#8217;s [&#8230;]","protected":false},"featured_media":1413,"comment_status":"open","ping_status":"closed","template":"","meta":[],"product_brand":[],"product_cat":[217,121],"product_tag":[],"class_list":{"0":"post-1370","1":"product","2":"type-product","3":"status-publish","4":"has-post-thumbnail","6":"product_cat-30-06-springfield","7":"product_cat-rifle-ammo","9":"first","10":"instock","11":"taxable","12":"shipping-taxable","13":"purchasable","14":"product-type-simple"},"yoast_head":"<!-- This site is optimized with the Yoast SEO Premium plugin v24.6 (Yoast SEO v25.7) - https:\/\/yoast.com\/wordpress\/plugins\/seo\/ -->\n<title>500Rds of Remington Hypersonic Rifle Bonded .30-06 Springfield 180 Grain Core-Lokt Ultra Bonded Pointed Soft Point Centerfire Rifle Ammunition - Bulk Ammunition shop<\/title>\n<meta name=\"robots\" content=\"index, follow, max-snippet:-1, max-image-preview:large, max-video-preview:-1\" \/>\n<link rel=\"canonical\" href=\"https:\/\/www.bulkammunitionshop.com\/sv\/produkt\/500rds-of-remington-hypersonic-rifle-bonded-30-06-springfield-180-grain-core-lokt-ultra-bonded-pointed-soft-point-centerfire-rifle-ammunition\/\" \/>\n<meta property=\"og:locale\" content=\"sv_SE\" \/>\n<meta property=\"og:type\" content=\"article\" \/>\n<meta property=\"og:title\" content=\"500Rds of Remington Hypersonic Rifle Bonded .30-06 Springfield 180 Grain Core-Lokt Ultra Bonded Pointed Soft Point Centerfire Rifle Ammunition\" \/>\n<meta property=\"og:description\" content=\"Product Info for\u00a0Remington Hypersonic Rifle Bonded .30-06 Springfield 180 Grain Core-Lokt Ultra Bonded Pointed Soft Point Centerfire Rifle Ammunition With velocities up to 200 fps faster than standard loads, HyperSonic Rifle Bonded delivers more than just laser-flat trajectories and higher downrange energies. It zips through hide, meat and bone with unrivaled devastation thanks to today&#8217;s [...]\" \/>\n<meta property=\"og:url\" content=\"https:\/\/www.bulkammunitionshop.com\/sv\/produkt\/500rds-of-remington-hypersonic-rifle-bonded-30-06-springfield-180-grain-core-lokt-ultra-bonded-pointed-soft-point-centerfire-rifle-ammunition\/\" \/>\n<meta property=\"og:site_name\" content=\"Bulk Ammunition shop\" \/>\n<meta property=\"article:modified_time\" content=\"2022-05-21T16:27:28+00:00\" \/>\n<meta property=\"og:image\" content=\"https:\/\/i0.wp.com\/www.bulkammunitionshop.com\/wp-content\/uploads\/2022\/05\/opplanet-remington-hypersonicrifle-cartridges-308-winchester-core-lokt-ultra-bonded-pointed-soft-point-150-grain-20-rounds-29119-main-1.jpg?fit=978%2C550&ssl=1\" \/>\n\t<meta property=\"og:image:width\" content=\"978\" \/>\n\t<meta property=\"og:image:height\" content=\"550\" \/>\n\t<meta property=\"og:image:type\" content=\"image\/jpeg\" \/>\n<meta name=\"twitter:card\" content=\"summary_large_image\" \/>\n<meta name=\"twitter:label1\" content=\"Ber\u00e4knad l\u00e4stid\" \/>\n\t<meta name=\"twitter:data1\" content=\"1 minut\" \/>\n<script type=\"application\/ld+json\" class=\"yoast-schema-graph\">{\"@context\":\"https:\/\/schema.org\",\"@graph\":[{\"@type\":\"WebPage\",\"@id\":\"https:\/\/www.bulkammunitionshop.com\/product\/500rds-of-remington-hypersonic-rifle-bonded-30-06-springfield-180-grain-core-lokt-ultra-bonded-pointed-soft-point-centerfire-rifle-ammunition\/\",\"url\":\"https:\/\/www.bulkammunitionshop.com\/product\/500rds-of-remington-hypersonic-rifle-bonded-30-06-springfield-180-grain-core-lokt-ultra-bonded-pointed-soft-point-centerfire-rifle-ammunition\/\",\"name\":\"500Rds of Remington Hypersonic Rifle Bonded .30-06 Springfield 180 Grain Core-Lokt Ultra Bonded Pointed Soft Point Centerfire Rifle Ammunition - Bulk Ammunition shop\",\"isPartOf\":{\"@id\":\"https:\/\/www.bulkammunitionshop.com\/#website\"},\"primaryImageOfPage\":{\"@id\":\"https:\/\/www.bulkammunitionshop.com\/product\/500rds-of-remington-hypersonic-rifle-bonded-30-06-springfield-180-grain-core-lokt-ultra-bonded-pointed-soft-point-centerfire-rifle-ammunition\/#primaryimage\"},\"image\":{\"@id\":\"https:\/\/www.bulkammunitionshop.com\/product\/500rds-of-remington-hypersonic-rifle-bonded-30-06-springfield-180-grain-core-lokt-ultra-bonded-pointed-soft-point-centerfire-rifle-ammunition\/#primaryimage\"},\"thumbnailUrl\":\"https:\/\/www.bulkammunitionshop.com\/wp-content\/uploads\/2022\/05\/opplanet-remington-hypersonicrifle-cartridges-308-winchester-core-lokt-ultra-bonded-pointed-soft-point-150-grain-20-rounds-29119-main-1.jpg\",\"datePublished\":\"2022-05-21T16:26:57+00:00\",\"dateModified\":\"2022-05-21T16:27:28+00:00\",\"breadcrumb\":{\"@id\":\"https:\/\/www.bulkammunitionshop.com\/product\/500rds-of-remington-hypersonic-rifle-bonded-30-06-springfield-180-grain-core-lokt-ultra-bonded-pointed-soft-point-centerfire-rifle-ammunition\/#breadcrumb\"},\"inLanguage\":\"sv-SE\",\"potentialAction\":[{\"@type\":\"ReadAction\",\"target\":[\"https:\/\/www.bulkammunitionshop.com\/product\/500rds-of-remington-hypersonic-rifle-bonded-30-06-springfield-180-grain-core-lokt-ultra-bonded-pointed-soft-point-centerfire-rifle-ammunition\/\"]}]},{\"@type\":\"ImageObject\",\"inLanguage\":\"sv-SE\",\"@id\":\"https:\/\/www.bulkammunitionshop.com\/product\/500rds-of-remington-hypersonic-rifle-bonded-30-06-springfield-180-grain-core-lokt-ultra-bonded-pointed-soft-point-centerfire-rifle-ammunition\/#primaryimage\",\"url\":\"https:\/\/www.bulkammunitionshop.com\/wp-content\/uploads\/2022\/05\/opplanet-remington-hypersonicrifle-cartridges-308-winchester-core-lokt-ultra-bonded-pointed-soft-point-150-grain-20-rounds-29119-main-1.jpg\",\"contentUrl\":\"https:\/\/www.bulkammunitionshop.com\/wp-content\/uploads\/2022\/05\/opplanet-remington-hypersonicrifle-cartridges-308-winchester-core-lokt-ultra-bonded-pointed-soft-point-150-grain-20-rounds-29119-main-1.jpg\",\"width\":978,\"height\":550},{\"@type\":\"BreadcrumbList\",\"@id\":\"https:\/\/www.bulkammunitionshop.com\/product\/500rds-of-remington-hypersonic-rifle-bonded-30-06-springfield-180-grain-core-lokt-ultra-bonded-pointed-soft-point-centerfire-rifle-ammunition\/#breadcrumb\",\"itemListElement\":[{\"@type\":\"ListItem\",\"position\":1,\"name\":\"Home\",\"item\":\"https:\/\/www.bulkammunitionshop.com\/\"},{\"@type\":\"ListItem\",\"position\":2,\"name\":\"SHOP ALL\",\"item\":\"https:\/\/www.bulkammunitionshop.com\/shop-all\/\"},{\"@type\":\"ListItem\",\"position\":3,\"name\":\"500Rds of Remington Hypersonic Rifle Bonded .30-06 Springfield 180 Grain Core-Lokt Ultra Bonded Pointed Soft Point Centerfire Rifle Ammunition\"}]},{\"@type\":\"WebSite\",\"@id\":\"https:\/\/www.bulkammunitionshop.com\/#website\",\"url\":\"https:\/\/www.bulkammunitionshop.com\/\",\"name\":\"Bulk Ammunition shop\",\"description\":\"Buy Cheap Bulk Ammo Online - Bulk Ammo for Sale- Cheap Ammo Online\",\"potentialAction\":[{\"@type\":\"SearchAction\",\"target\":{\"@type\":\"EntryPoint\",\"urlTemplate\":\"https:\/\/www.bulkammunitionshop.com\/?s={search_term_string}\"},\"query-input\":{\"@type\":\"PropertyValueSpecification\",\"valueRequired\":true,\"valueName\":\"search_term_string\"}}],\"inLanguage\":\"sv-SE\"}]}<\/script>\n<!-- \/ Yoast SEO Premium plugin. -->","yoast_head_json":{"title":"500Rds of Remington Hypersonic Rifle Bonded .30-06 Springfield 180 Grain Core-Lokt Ultra Bonded Pointed Soft Point Centerfire Rifle Ammunition - Bulk Ammunition shop","robots":{"index":"index","follow":"follow","max-snippet":"max-snippet:-1","max-image-preview":"max-image-preview:large","max-video-preview":"max-video-preview:-1"},"canonical":"https:\/\/www.bulkammunitionshop.com\/sv\/produkt\/500rds-of-remington-hypersonic-rifle-bonded-30-06-springfield-180-grain-core-lokt-ultra-bonded-pointed-soft-point-centerfire-rifle-ammunition\/","og_locale":"sv_SE","og_type":"article","og_title":"500Rds of Remington Hypersonic Rifle Bonded .30-06 Springfield 180 Grain Core-Lokt Ultra Bonded Pointed Soft Point Centerfire Rifle Ammunition","og_description":"Product Info for\u00a0Remington Hypersonic Rifle Bonded .30-06 Springfield 180 Grain Core-Lokt Ultra Bonded Pointed Soft Point Centerfire Rifle Ammunition With velocities up to 200 fps faster than standard loads, HyperSonic Rifle Bonded delivers more than just laser-flat trajectories and higher downrange energies. It zips through hide, meat and bone with unrivaled devastation thanks to today&#8217;s [...]","og_url":"https:\/\/www.bulkammunitionshop.com\/sv\/produkt\/500rds-of-remington-hypersonic-rifle-bonded-30-06-springfield-180-grain-core-lokt-ultra-bonded-pointed-soft-point-centerfire-rifle-ammunition\/","og_site_name":"Bulk Ammunition shop","article_modified_time":"2022-05-21T16:27:28+00:00","og_image":[{"width":978,"height":550,"url":"https:\/\/i0.wp.com\/www.bulkammunitionshop.com\/wp-content\/uploads\/2022\/05\/opplanet-remington-hypersonicrifle-cartridges-308-winchester-core-lokt-ultra-bonded-pointed-soft-point-150-grain-20-rounds-29119-main-1.jpg?fit=978%2C550&ssl=1","type":"image\/jpeg"}],"twitter_card":"summary_large_image","twitter_misc":{"Ber\u00e4knad l\u00e4stid":"1 minut"},"schema":{"@context":"https:\/\/schema.org","@graph":[{"@type":"WebPage","@id":"https:\/\/www.bulkammunitionshop.com\/product\/500rds-of-remington-hypersonic-rifle-bonded-30-06-springfield-180-grain-core-lokt-ultra-bonded-pointed-soft-point-centerfire-rifle-ammunition\/","url":"https:\/\/www.bulkammunitionshop.com\/product\/500rds-of-remington-hypersonic-rifle-bonded-30-06-springfield-180-grain-core-lokt-ultra-bonded-pointed-soft-point-centerfire-rifle-ammunition\/","name":"500Rds of Remington Hypersonic Rifle Bonded .30-06 Springfield 180 Grain Core-Lokt Ultra Bonded Pointed Soft Point Centerfire Rifle Ammunition - Bulk Ammunition shop","isPartOf":{"@id":"https:\/\/www.bulkammunitionshop.com\/#website"},"primaryImageOfPage":{"@id":"https:\/\/www.bulkammunitionshop.com\/product\/500rds-of-remington-hypersonic-rifle-bonded-30-06-springfield-180-grain-core-lokt-ultra-bonded-pointed-soft-point-centerfire-rifle-ammunition\/#primaryimage"},"image":{"@id":"https:\/\/www.bulkammunitionshop.com\/product\/500rds-of-remington-hypersonic-rifle-bonded-30-06-springfield-180-grain-core-lokt-ultra-bonded-pointed-soft-point-centerfire-rifle-ammunition\/#primaryimage"},"thumbnailUrl":"https:\/\/www.bulkammunitionshop.com\/wp-content\/uploads\/2022\/05\/opplanet-remington-hypersonicrifle-cartridges-308-winchester-core-lokt-ultra-bonded-pointed-soft-point-150-grain-20-rounds-29119-main-1.jpg","datePublished":"2022-05-21T16:26:57+00:00","dateModified":"2022-05-21T16:27:28+00:00","breadcrumb":{"@id":"https:\/\/www.bulkammunitionshop.com\/product\/500rds-of-remington-hypersonic-rifle-bonded-30-06-springfield-180-grain-core-lokt-ultra-bonded-pointed-soft-point-centerfire-rifle-ammunition\/#breadcrumb"},"inLanguage":"sv-SE","potentialAction":[{"@type":"ReadAction","target":["https:\/\/www.bulkammunitionshop.com\/product\/500rds-of-remington-hypersonic-rifle-bonded-30-06-springfield-180-grain-core-lokt-ultra-bonded-pointed-soft-point-centerfire-rifle-ammunition\/"]}]},{"@type":"ImageObject","inLanguage":"sv-SE","@id":"https:\/\/www.bulkammunitionshop.com\/product\/500rds-of-remington-hypersonic-rifle-bonded-30-06-springfield-180-grain-core-lokt-ultra-bonded-pointed-soft-point-centerfire-rifle-ammunition\/#primaryimage","url":"https:\/\/www.bulkammunitionshop.com\/wp-content\/uploads\/2022\/05\/opplanet-remington-hypersonicrifle-cartridges-308-winchester-core-lokt-ultra-bonded-pointed-soft-point-150-grain-20-rounds-29119-main-1.jpg","contentUrl":"https:\/\/www.bulkammunitionshop.com\/wp-content\/uploads\/2022\/05\/opplanet-remington-hypersonicrifle-cartridges-308-winchester-core-lokt-ultra-bonded-pointed-soft-point-150-grain-20-rounds-29119-main-1.jpg","width":978,"height":550},{"@type":"BreadcrumbList","@id":"https:\/\/www.bulkammunitionshop.com\/product\/500rds-of-remington-hypersonic-rifle-bonded-30-06-springfield-180-grain-core-lokt-ultra-bonded-pointed-soft-point-centerfire-rifle-ammunition\/#breadcrumb","itemListElement":[{"@type":"ListItem","position":1,"name":"Home","item":"https:\/\/www.bulkammunitionshop.com\/"},{"@type":"ListItem","position":2,"name":"SHOP ALL","item":"https:\/\/www.bulkammunitionshop.com\/shop-all\/"},{"@type":"ListItem","position":3,"name":"500Rds of Remington Hypersonic Rifle Bonded .30-06 Springfield 180 Grain Core-Lokt Ultra Bonded Pointed Soft Point Centerfire Rifle Ammunition"}]},{"@type":"WebSite","@id":"https:\/\/www.bulkammunitionshop.com\/#website","url":"https:\/\/www.bulkammunitionshop.com\/","name":"Butik f\u00f6r bulkammunition","description":"K\u00f6p billig ammunition i l\u00f6svikt online - Bulkammunition till salu - Billig ammunition online","potentialAction":[{"@type":"SearchAction","target":{"@type":"EntryPoint","urlTemplate":"https:\/\/www.bulkammunitionshop.com\/?s={search_term_string}"},"query-input":{"@type":"PropertyValueSpecification","valueRequired":true,"valueName":"search_term_string"}}],"inLanguage":"sv-SE"}]}},"jetpack_sharing_enabled":true,"_links":{"self":[{"href":"https:\/\/www.bulkammunitionshop.com\/sv\/wp-json\/wp\/v2\/product\/1370","targetHints":{"allow":["GET"]}}],"collection":[{"href":"https:\/\/www.bulkammunitionshop.com\/sv\/wp-json\/wp\/v2\/product"}],"about":[{"href":"https:\/\/www.bulkammunitionshop.com\/sv\/wp-json\/wp\/v2\/types\/product"}],"replies":[{"embeddable":true,"href":"https:\/\/www.bulkammunitionshop.com\/sv\/wp-json\/wp\/v2\/comments?post=1370"}],"wp:featuredmedia":[{"embeddable":true,"href":"https:\/\/www.bulkammunitionshop.com\/sv\/wp-json\/wp\/v2\/media\/1413"}],"wp:attachment":[{"href":"https:\/\/www.bulkammunitionshop.com\/sv\/wp-json\/wp\/v2\/media?parent=1370"}],"wp:term":[{"taxonomy":"product_brand","embeddable":true,"href":"https:\/\/www.bulkammunitionshop.com\/sv\/wp-json\/wp\/v2\/product_brand?post=1370"},{"taxonomy":"product_cat","embeddable":true,"href":"https:\/\/www.bulkammunitionshop.com\/sv\/wp-json\/wp\/v2\/product_cat?post=1370"},{"taxonomy":"product_tag","embeddable":true,"href":"https:\/\/www.bulkammunitionshop.com\/sv\/wp-json\/wp\/v2\/product_tag?post=1370"}],"curies":[{"name":"wp","href":"https:\/\/api.w.org\/{rel}","templated":true}]}}