{"id":2992,"date":"2022-10-23T09:16:09","date_gmt":"2022-10-23T09:16:09","guid":{"rendered":"https:\/\/www.bulkammunitionshop.com\/?post_type=product&#038;p=2992"},"modified":"2022-10-23T09:16:09","modified_gmt":"2022-10-23T09:16:09","slug":"municione-ari-hsm-trofe-300-weatherby-magnum-185-grain-berger-gjueti-vld-hollow-point-boat-bisht-300-fisheke","status":"publish","type":"product","link":"https:\/\/www.bulkammunitionshop.com\/sq\/produkt\/municione-ari-hsm-trofe-300-weatherby-magnum-185-grain-berger-gjueti-vld-hollow-point-boat-bisht-300-fisheke\/","title":{"rendered":"HSM TROPHY GOLD MUNICION 300 WEATHERBY MAGNUM 185 GRAIN BERGER HUNTING VLD HOLLOW POINT BOAT TAIL 300 FISHEK\u00cb"},"content":{"rendered":"<ul class=\"tabs wc-tabs product-tabs small-nav-collapse nav nav-uppercase nav-line nav-left\" role=\"tablist\">\n<li id=\"tab-title-description\" class=\"description_tab active\" role=\"tab\" aria-controls=\"tab-description\">P\u00cbRSHKRIMI<\/li>\n<\/ul>\n<div class=\"tab-panels\">\n<div id=\"tab-description\" class=\"woocommerce-Tabs-panel woocommerce-Tabs-panel--description panel entry-content active\" role=\"tabpanel\" aria-labelledby=\"tab-title-description\">\n<div class=\"sc_layouts_title_title\">\n<h1 class=\"sc_layouts_title_caption\">HSM TROPHY GOLD MUNICION 300 WEATHERBY MAGNUM 185 GRAIN BERGER HUNTING VLD HOLLOW POINT BOAT TAIL 300 FISHEK\u00cb<\/h1>\n<\/div>\n<div class=\"sc_layouts_title_breadcrumbs\">\n<p>HSM \u00ebsht\u00eb b\u00ebr\u00eb i njohur si nj\u00eb nga prodhuesit kryesor\u00eb t\u00eb municioneve n\u00eb vend. HSM p\u00ebrdor komponent\u00eb me cil\u00ebsin\u00eb m\u00eb t\u00eb lart\u00eb p\u00ebr t\u00eb ofruar municion jasht\u00ebzakonisht t\u00eb q\u00ebndruesh\u00ebm, t\u00eb sakt\u00eb dhe me performanc\u00eb t\u00eb lart\u00eb p\u00ebr qit\u00ebsit, gjuetar\u00ebt dhe forcat e rendit.<\/p>\n<p>Linja e plumbave Berger Hunting p\u00ebrmban plumba me rezistenc\u00eb shum\u00eb t\u00eb ul\u00ebt (VLD) q\u00eb kan\u00eb koeficientin m\u00eb t\u00eb lart\u00eb t\u00eb mundsh\u00ebm balistik, t\u00eb projektuar p\u00ebr 300 jard\u00eb ose m\u00eb shum\u00eb. Dizajni VLD p\u00ebrfshin nj\u00eb hund\u00eb t\u00eb mpreht\u00eb q\u00eb lejon q\u00eb plumbi t\u00eb dep\u00ebrtoj\u00eb 2\u2033 deri n\u00eb 3\u2033 para se t\u00eb filloj\u00eb t\u00eb zgjerohet. Pas zgjerimit fillestar, plumbi do t\u00eb derdh\u00eb midis 40% dhe 85% t\u00eb pesh\u00ebs s\u00eb tij si shrapnel n\u00eb indet p\u00ebrreth (organet e brendshme).<\/p>\n<p>Kombinimi midis shrapnelave dhe shokut hidrostatik prodhon nj\u00eb zgav\u00ebr masive plage brenda zon\u00ebs jet\u00ebsore q\u00eb do t\u00eb jet\u00eb 13\u2033-15\u2033 e gjat\u00eb. Kjo zgav\u00ebr masive plage b\u00ebn q\u00eb kafsha t\u00eb bjer\u00eb shpejt, pasi shumica bien n\u00eb shok pas nj\u00eb goditjeje kaq t\u00eb fuqishme.<\/p>\n<h3>INFORMACION P\u00cbR PRODUKTIN<\/h3>\n<table class=\"product-specs-table padding-none stack-l width-100\">\n<tbody>\n<tr class=\"product-specs-table-container is-selectable\">\n<td class=\"product-specs-table-detail\">Fishek<\/td>\n<td class=\"product-specs-table-definition\">300 Weatherby Magnum<\/td>\n<\/tr>\n<tr class=\"product-specs-table-container\">\n<td class=\"product-specs-table-detail\">Pesha e kokrr\u00ebs<\/td>\n<td class=\"product-specs-table-definition\">185 kokrra<\/td>\n<\/tr>\n<tr class=\"product-specs-table-container is-selectable\">\n<td class=\"product-specs-table-detail\">Sasia<\/td>\n<td class=\"product-specs-table-definition\">300 t\u00eb rrumbullak\u00ebta<\/td>\n<\/tr>\n<tr class=\"product-specs-table-container\">\n<td class=\"product-specs-table-detail\">Shpejt\u00ebsia e gryk\u00ebs<\/td>\n<td class=\"product-specs-table-definition\">3108 k\u00ebmb\u00eb p\u00ebr sekond\u00eb<\/td>\n<\/tr>\n<tr class=\"product-specs-table-container\">\n<td class=\"product-specs-table-detail\">Energjia e surratit<\/td>\n<td class=\"product-specs-table-definition\">3969 paund k\u00ebmb\u00eb<\/td>\n<\/tr>\n<tr class=\"product-specs-table-container\">\n<td class=\"product-specs-table-detail\">Stili i Plumbit<\/td>\n<td class=\"product-specs-table-definition\">Pik\u00eb e Zbraz\u00ebt me Xhaket\u00eb<\/td>\n<\/tr>\n<tr class=\"product-specs-table-container\">\n<td class=\"product-specs-table-detail\">Marka dhe modeli i Bullet<\/td>\n<td class=\"product-specs-table-definition\">Berger Hunting VLD (Rezistenc\u00eb shum\u00eb e ul\u00ebt)<\/td>\n<\/tr>\n<tr class=\"product-specs-table-container\">\n<td class=\"product-specs-table-detail\">Pa plumb<\/td>\n<td class=\"product-specs-table-definition\">Jo<\/td>\n<\/tr>\n<tr class=\"product-specs-table-container\">\n<td class=\"product-specs-table-detail\">Lloji i rastit<\/td>\n<td class=\"product-specs-table-definition\">Tunxh<\/td>\n<\/tr>\n<tr class=\"product-specs-table-container\">\n<td class=\"product-specs-table-detail\">Abetare<\/td>\n<td class=\"product-specs-table-definition\">Boksier<\/td>\n<\/tr>\n<tr class=\"product-specs-table-container\">\n<td class=\"product-specs-table-detail\">Korroziv<\/td>\n<td class=\"product-specs-table-definition\">Jo<\/td>\n<\/tr>\n<tr class=\"product-specs-table-container\">\n<td class=\"product-specs-table-detail\">Mund t\u00eb rimbushet<\/td>\n<td class=\"product-specs-table-definition\">Po<\/td>\n<\/tr>\n<tr class=\"product-specs-table-container\">\n<td class=\"product-specs-table-detail\">Koeficienti Balistik G1<\/td>\n<td class=\"product-specs-table-definition\">0.549<\/td>\n<\/tr>\n<tr class=\"product-specs-table-container\">\n<td class=\"product-specs-table-detail\">Dend\u00ebsia Seksionale<\/td>\n<td class=\"product-specs-table-definition\">0.279<\/td>\n<\/tr>\n<tr class=\"product-specs-table-container\">\n<td class=\"product-specs-table-detail\">Vler\u00ebsimi i Shpejt\u00ebsis\u00eb<\/td>\n<td class=\"product-specs-table-definition\">Supersonik<\/td>\n<\/tr>\n<\/tbody>\n<\/table>\n<\/div>\n<\/div>\n<\/div>","protected":false},"excerpt":{"rendered":"<p>Ky produkt \u00ebsht\u00eb n\u00eb magazin\u00eb dhe gati p\u00ebr t&#039;u d\u00ebrguar. 100% Transport i shpejt\u00eb i garantuar. B\u00ebni porosin\u00eb tani!<\/p>\n<form class=\"cart\" action=\"https:\/\/armoryweapons.com\/product\/hsm-trophy-gold-ammunition-300-weatherby-magnum-185-grain-berger-hunting-vld-hollow-point-boat-tail-300-rounds\/\" enctype=\"multipart\/form-data\" method=\"post\">\n<div class=\"quantity buttons_added\"><\/div>\n<\/form>","protected":false},"featured_media":2994,"comment_status":"open","ping_status":"closed","template":"","meta":[],"product_brand":[],"product_cat":[268,121],"product_tag":[],"class_list":{"0":"post-2992","1":"product","2":"type-product","3":"status-publish","4":"has-post-thumbnail","6":"product_cat-300-weatherby-magnum","7":"product_cat-rifle-ammo","9":"first","10":"instock","11":"taxable","12":"shipping-taxable","13":"purchasable","14":"product-type-simple"},"yoast_head":"<!-- This site is optimized with the Yoast SEO Premium plugin v24.6 (Yoast SEO v25.7) - https:\/\/yoast.com\/wordpress\/plugins\/seo\/ -->\n<title>HSM TROPHY GOLD AMMUNITION 300 WEATHERBY MAGNUM 185 GRAIN BERGER HUNTING VLD HOLLOW POINT BOAT TAIL 300 ROUNDS - Bulk Ammunition shop<\/title>\n<meta name=\"robots\" content=\"index, follow, max-snippet:-1, max-image-preview:large, max-video-preview:-1\" \/>\n<link rel=\"canonical\" href=\"https:\/\/www.bulkammunitionshop.com\/sq\/produkt\/municione-ari-hsm-trofe-300-weatherby-magnum-185-grain-berger-gjueti-vld-hollow-point-boat-bisht-300-fisheke\/\" \/>\n<meta property=\"og:locale\" content=\"sq_AL\" \/>\n<meta property=\"og:type\" content=\"article\" \/>\n<meta property=\"og:title\" content=\"HSM TROPHY GOLD AMMUNITION 300 WEATHERBY MAGNUM 185 GRAIN BERGER HUNTING VLD HOLLOW POINT BOAT TAIL 300 ROUNDS\" \/>\n<meta property=\"og:description\" content=\"This Product Is In Stock and Ready to Ship. 100% Fast Shipping Guaranteed. Place Order Now!\" \/>\n<meta property=\"og:url\" content=\"https:\/\/www.bulkammunitionshop.com\/sq\/produkt\/municione-ari-hsm-trofe-300-weatherby-magnum-185-grain-berger-gjueti-vld-hollow-point-boat-bisht-300-fisheke\/\" \/>\n<meta property=\"og:site_name\" content=\"Bulk Ammunition shop\" \/>\n<meta property=\"og:image\" content=\"http:\/\/www.bulkammunitionshop.com\/wp-content\/uploads\/2022\/10\/HSM-TROPHY-GOLD-AMMUNITION-300-WEATHERBY-MAGNUM-185-GRAIN-BERGER-HUNTING-VLD-HOLLOW-POINT-BOAT-TAIL-300-ROUNDS.jpg\" \/>\n\t<meta property=\"og:image:width\" content=\"680\" \/>\n\t<meta property=\"og:image:height\" content=\"510\" \/>\n\t<meta property=\"og:image:type\" content=\"image\/jpeg\" \/>\n<meta name=\"twitter:card\" content=\"summary_large_image\" \/>\n<meta name=\"twitter:label1\" content=\"Est. reading time\" \/>\n\t<meta name=\"twitter:data1\" content=\"1 minut\u00eb\" \/>\n<script type=\"application\/ld+json\" class=\"yoast-schema-graph\">{\"@context\":\"https:\/\/schema.org\",\"@graph\":[{\"@type\":\"WebPage\",\"@id\":\"https:\/\/www.bulkammunitionshop.com\/product\/hsm-trophy-gold-ammunition-300-weatherby-magnum-185-grain-berger-hunting-vld-hollow-point-boat-tail-300-rounds\/\",\"url\":\"https:\/\/www.bulkammunitionshop.com\/product\/hsm-trophy-gold-ammunition-300-weatherby-magnum-185-grain-berger-hunting-vld-hollow-point-boat-tail-300-rounds\/\",\"name\":\"HSM TROPHY GOLD AMMUNITION 300 WEATHERBY MAGNUM 185 GRAIN BERGER HUNTING VLD HOLLOW POINT BOAT TAIL 300 ROUNDS - Bulk Ammunition shop\",\"isPartOf\":{\"@id\":\"https:\/\/www.bulkammunitionshop.com\/#website\"},\"primaryImageOfPage\":{\"@id\":\"https:\/\/www.bulkammunitionshop.com\/product\/hsm-trophy-gold-ammunition-300-weatherby-magnum-185-grain-berger-hunting-vld-hollow-point-boat-tail-300-rounds\/#primaryimage\"},\"image\":{\"@id\":\"https:\/\/www.bulkammunitionshop.com\/product\/hsm-trophy-gold-ammunition-300-weatherby-magnum-185-grain-berger-hunting-vld-hollow-point-boat-tail-300-rounds\/#primaryimage\"},\"thumbnailUrl\":\"https:\/\/www.bulkammunitionshop.com\/wp-content\/uploads\/2022\/10\/HSM-TROPHY-GOLD-AMMUNITION-300-WEATHERBY-MAGNUM-185-GRAIN-BERGER-HUNTING-VLD-HOLLOW-POINT-BOAT-TAIL-300-ROUNDS.jpg\",\"datePublished\":\"2022-10-23T09:16:09+00:00\",\"breadcrumb\":{\"@id\":\"https:\/\/www.bulkammunitionshop.com\/product\/hsm-trophy-gold-ammunition-300-weatherby-magnum-185-grain-berger-hunting-vld-hollow-point-boat-tail-300-rounds\/#breadcrumb\"},\"inLanguage\":\"sq\",\"potentialAction\":[{\"@type\":\"ReadAction\",\"target\":[\"https:\/\/www.bulkammunitionshop.com\/product\/hsm-trophy-gold-ammunition-300-weatherby-magnum-185-grain-berger-hunting-vld-hollow-point-boat-tail-300-rounds\/\"]}]},{\"@type\":\"ImageObject\",\"inLanguage\":\"sq\",\"@id\":\"https:\/\/www.bulkammunitionshop.com\/product\/hsm-trophy-gold-ammunition-300-weatherby-magnum-185-grain-berger-hunting-vld-hollow-point-boat-tail-300-rounds\/#primaryimage\",\"url\":\"https:\/\/www.bulkammunitionshop.com\/wp-content\/uploads\/2022\/10\/HSM-TROPHY-GOLD-AMMUNITION-300-WEATHERBY-MAGNUM-185-GRAIN-BERGER-HUNTING-VLD-HOLLOW-POINT-BOAT-TAIL-300-ROUNDS.jpg\",\"contentUrl\":\"https:\/\/www.bulkammunitionshop.com\/wp-content\/uploads\/2022\/10\/HSM-TROPHY-GOLD-AMMUNITION-300-WEATHERBY-MAGNUM-185-GRAIN-BERGER-HUNTING-VLD-HOLLOW-POINT-BOAT-TAIL-300-ROUNDS.jpg\",\"width\":680,\"height\":510},{\"@type\":\"BreadcrumbList\",\"@id\":\"https:\/\/www.bulkammunitionshop.com\/product\/hsm-trophy-gold-ammunition-300-weatherby-magnum-185-grain-berger-hunting-vld-hollow-point-boat-tail-300-rounds\/#breadcrumb\",\"itemListElement\":[{\"@type\":\"ListItem\",\"position\":1,\"name\":\"Home\",\"item\":\"https:\/\/www.bulkammunitionshop.com\/\"},{\"@type\":\"ListItem\",\"position\":2,\"name\":\"SHOP ALL\",\"item\":\"https:\/\/www.bulkammunitionshop.com\/shop-all\/\"},{\"@type\":\"ListItem\",\"position\":3,\"name\":\"HSM TROPHY GOLD AMMUNITION 300 WEATHERBY MAGNUM 185 GRAIN BERGER HUNTING VLD HOLLOW POINT BOAT TAIL 300 ROUNDS\"}]},{\"@type\":\"WebSite\",\"@id\":\"https:\/\/www.bulkammunitionshop.com\/#website\",\"url\":\"https:\/\/www.bulkammunitionshop.com\/\",\"name\":\"Bulk Ammunition shop\",\"description\":\"Buy Cheap Bulk Ammo Online - Bulk Ammo for Sale- Cheap Ammo Online\",\"potentialAction\":[{\"@type\":\"SearchAction\",\"target\":{\"@type\":\"EntryPoint\",\"urlTemplate\":\"https:\/\/www.bulkammunitionshop.com\/?s={search_term_string}\"},\"query-input\":{\"@type\":\"PropertyValueSpecification\",\"valueRequired\":true,\"valueName\":\"search_term_string\"}}],\"inLanguage\":\"sq\"}]}<\/script>\n<!-- \/ Yoast SEO Premium plugin. -->","yoast_head_json":{"title":"HSM TROPHY GOLD MUNICION 300 WEATHERBY MAGNUM 185 GRAIN BERGER HUNTING VLD HOLLOW POINT BOAT TAIL 300 FISHEK\u00cb - Dyqan me shumic\u00eb municionesh","robots":{"index":"index","follow":"follow","max-snippet":"max-snippet:-1","max-image-preview":"max-image-preview:large","max-video-preview":"max-video-preview:-1"},"canonical":"https:\/\/www.bulkammunitionshop.com\/sq\/produkt\/municione-ari-hsm-trofe-300-weatherby-magnum-185-grain-berger-gjueti-vld-hollow-point-boat-bisht-300-fisheke\/","og_locale":"sq_AL","og_type":"article","og_title":"HSM TROPHY GOLD AMMUNITION 300 WEATHERBY MAGNUM 185 GRAIN BERGER HUNTING VLD HOLLOW POINT BOAT TAIL 300 ROUNDS","og_description":"This Product Is In Stock and Ready to Ship. 100% Fast Shipping Guaranteed. Place Order Now!","og_url":"https:\/\/www.bulkammunitionshop.com\/sq\/produkt\/municione-ari-hsm-trofe-300-weatherby-magnum-185-grain-berger-gjueti-vld-hollow-point-boat-bisht-300-fisheke\/","og_site_name":"Bulk Ammunition shop","og_image":[{"width":680,"height":510,"url":"http:\/\/www.bulkammunitionshop.com\/wp-content\/uploads\/2022\/10\/HSM-TROPHY-GOLD-AMMUNITION-300-WEATHERBY-MAGNUM-185-GRAIN-BERGER-HUNTING-VLD-HOLLOW-POINT-BOAT-TAIL-300-ROUNDS.jpg","type":"image\/jpeg"}],"twitter_card":"summary_large_image","twitter_misc":{"Est. reading time":"1 minut\u00eb"},"schema":{"@context":"https:\/\/schema.org","@graph":[{"@type":"WebPage","@id":"https:\/\/www.bulkammunitionshop.com\/product\/hsm-trophy-gold-ammunition-300-weatherby-magnum-185-grain-berger-hunting-vld-hollow-point-boat-tail-300-rounds\/","url":"https:\/\/www.bulkammunitionshop.com\/product\/hsm-trophy-gold-ammunition-300-weatherby-magnum-185-grain-berger-hunting-vld-hollow-point-boat-tail-300-rounds\/","name":"HSM TROPHY GOLD MUNICION 300 WEATHERBY MAGNUM 185 GRAIN BERGER HUNTING VLD HOLLOW POINT BOAT TAIL 300 FISHEK\u00cb - Dyqan me shumic\u00eb municionesh","isPartOf":{"@id":"https:\/\/www.bulkammunitionshop.com\/#website"},"primaryImageOfPage":{"@id":"https:\/\/www.bulkammunitionshop.com\/product\/hsm-trophy-gold-ammunition-300-weatherby-magnum-185-grain-berger-hunting-vld-hollow-point-boat-tail-300-rounds\/#primaryimage"},"image":{"@id":"https:\/\/www.bulkammunitionshop.com\/product\/hsm-trophy-gold-ammunition-300-weatherby-magnum-185-grain-berger-hunting-vld-hollow-point-boat-tail-300-rounds\/#primaryimage"},"thumbnailUrl":"https:\/\/www.bulkammunitionshop.com\/wp-content\/uploads\/2022\/10\/HSM-TROPHY-GOLD-AMMUNITION-300-WEATHERBY-MAGNUM-185-GRAIN-BERGER-HUNTING-VLD-HOLLOW-POINT-BOAT-TAIL-300-ROUNDS.jpg","datePublished":"2022-10-23T09:16:09+00:00","breadcrumb":{"@id":"https:\/\/www.bulkammunitionshop.com\/product\/hsm-trophy-gold-ammunition-300-weatherby-magnum-185-grain-berger-hunting-vld-hollow-point-boat-tail-300-rounds\/#breadcrumb"},"inLanguage":"sq","potentialAction":[{"@type":"ReadAction","target":["https:\/\/www.bulkammunitionshop.com\/product\/hsm-trophy-gold-ammunition-300-weatherby-magnum-185-grain-berger-hunting-vld-hollow-point-boat-tail-300-rounds\/"]}]},{"@type":"ImageObject","inLanguage":"sq","@id":"https:\/\/www.bulkammunitionshop.com\/product\/hsm-trophy-gold-ammunition-300-weatherby-magnum-185-grain-berger-hunting-vld-hollow-point-boat-tail-300-rounds\/#primaryimage","url":"https:\/\/www.bulkammunitionshop.com\/wp-content\/uploads\/2022\/10\/HSM-TROPHY-GOLD-AMMUNITION-300-WEATHERBY-MAGNUM-185-GRAIN-BERGER-HUNTING-VLD-HOLLOW-POINT-BOAT-TAIL-300-ROUNDS.jpg","contentUrl":"https:\/\/www.bulkammunitionshop.com\/wp-content\/uploads\/2022\/10\/HSM-TROPHY-GOLD-AMMUNITION-300-WEATHERBY-MAGNUM-185-GRAIN-BERGER-HUNTING-VLD-HOLLOW-POINT-BOAT-TAIL-300-ROUNDS.jpg","width":680,"height":510},{"@type":"BreadcrumbList","@id":"https:\/\/www.bulkammunitionshop.com\/product\/hsm-trophy-gold-ammunition-300-weatherby-magnum-185-grain-berger-hunting-vld-hollow-point-boat-tail-300-rounds\/#breadcrumb","itemListElement":[{"@type":"ListItem","position":1,"name":"Home","item":"https:\/\/www.bulkammunitionshop.com\/"},{"@type":"ListItem","position":2,"name":"SHOP ALL","item":"https:\/\/www.bulkammunitionshop.com\/shop-all\/"},{"@type":"ListItem","position":3,"name":"HSM TROPHY GOLD AMMUNITION 300 WEATHERBY MAGNUM 185 GRAIN BERGER HUNTING VLD HOLLOW POINT BOAT TAIL 300 ROUNDS"}]},{"@type":"WebSite","@id":"https:\/\/www.bulkammunitionshop.com\/#website","url":"https:\/\/www.bulkammunitionshop.com\/","name":"Dyqan municionesh me shumic\u00eb","description":"Bleni municione me shumic\u00eb t\u00eb lira n\u00eb internet - Municione me shumic\u00eb n\u00eb shitje - Municione t\u00eb lira n\u00eb internet","potentialAction":[{"@type":"SearchAction","target":{"@type":"EntryPoint","urlTemplate":"https:\/\/www.bulkammunitionshop.com\/?s={search_term_string}"},"query-input":{"@type":"PropertyValueSpecification","valueRequired":true,"valueName":"search_term_string"}}],"inLanguage":"sq"}]}},"jetpack_sharing_enabled":true,"_links":{"self":[{"href":"https:\/\/www.bulkammunitionshop.com\/sq\/wp-json\/wp\/v2\/product\/2992","targetHints":{"allow":["GET"]}}],"collection":[{"href":"https:\/\/www.bulkammunitionshop.com\/sq\/wp-json\/wp\/v2\/product"}],"about":[{"href":"https:\/\/www.bulkammunitionshop.com\/sq\/wp-json\/wp\/v2\/types\/product"}],"replies":[{"embeddable":true,"href":"https:\/\/www.bulkammunitionshop.com\/sq\/wp-json\/wp\/v2\/comments?post=2992"}],"wp:featuredmedia":[{"embeddable":true,"href":"https:\/\/www.bulkammunitionshop.com\/sq\/wp-json\/wp\/v2\/media\/2994"}],"wp:attachment":[{"href":"https:\/\/www.bulkammunitionshop.com\/sq\/wp-json\/wp\/v2\/media?parent=2992"}],"wp:term":[{"taxonomy":"product_brand","embeddable":true,"href":"https:\/\/www.bulkammunitionshop.com\/sq\/wp-json\/wp\/v2\/product_brand?post=2992"},{"taxonomy":"product_cat","embeddable":true,"href":"https:\/\/www.bulkammunitionshop.com\/sq\/wp-json\/wp\/v2\/product_cat?post=2992"},{"taxonomy":"product_tag","embeddable":true,"href":"https:\/\/www.bulkammunitionshop.com\/sq\/wp-json\/wp\/v2\/product_tag?post=2992"}],"curies":[{"name":"wp","href":"https:\/\/api.w.org\/{rel}","templated":true}]}}