{"id":1623,"date":"2022-05-21T16:30:04","date_gmt":"2022-05-21T16:30:04","guid":{"rendered":"https:\/\/www.bulkammunitionshop.com\/?post_type=product&#038;p=1623"},"modified":"2022-05-21T16:33:00","modified_gmt":"2022-05-21T16:33:00","slug":"500rds-of-browning-bxv-varmint-expansion-ammunition-22-250-remington-50-grain-polymer-tip-rapid-expansion","status":"publish","type":"product","link":"https:\/\/www.bulkammunitionshop.com\/sq\/produkt\/500rds-of-browning-bxv-varmint-expansion-ammunition-22-250-remington-50-grain-polymer-tip-rapid-expansion\/","title":{"rendered":"500Rds of Browning BXV Varmint Expansion Ammunition 22-250 Remington 50 Grain Polymer Tip Rapid Expansion"},"content":{"rendered":"<div class=\"grid product-section-content\">\n<div class=\"product-section-overview\" data-ng-non-bindable=\"\">\n<p><b>Karakteristikat<\/b><\/p>\n<ul>\n<li>Polymer tip improves ballistic coefficient resulting in flatter trajectory and higher downrange velocity<\/li>\n<li>Improved ballistic coefficient with added on-target energy transfer<\/li>\n<li>Designed to rapidly transfer energy and dispatch predators and varmints quickly<\/li>\n<li>Nickel plated shellcase resists corrosion and helps ensure smooth feeding<\/li>\n<\/ul>\n<p>&nbsp;<\/p>\n<p>&nbsp;<\/p>\n<p>A global leader in offering quality and innovative firearms, Browning now introduces a new, full-line of superior performance ammunition for hunting, personal defense and target shooting. Browning and Winchester developed this full line of ammunition products under the Browning brand. The Browning Ammunition portfolio includes popular ammunition offerings in rifle, shotgun, handgun and rimfire, featuring advanced technologies for hunters and shooters.<\/p>\n<p>&nbsp;<\/p>\n<p>The Browning BXV Rapid Expansion bullet is optimized for immediate expansion and massive energy deposit for The Best There Is in predator and varmint ammunition. BXV Predator and Varmint Expansion is designed to rapidly transfer energy and dispatch predators and varmints quickly. The polymer tip improves ballistic coefficient resulting in flatter trajectory and higher downrange velocity. This ammunition is new production, non-corrosive, in boxer-primed, reloadable nickel plated brass cases.<\/p>\n<\/div>\n<div class=\"product-section-logos\" data-ng-non-bindable=\"\"><\/div>\n<\/div>\n<p><span class=\"product-country-origin\" data-ng-class=\"{'is-hidden': !selector.shouldDisplayCountryOfOrigin}\">Made In\u00a0<span data-ng-bind=\"selector.countryOfOrigin\">Shtetet e Bashkuara t\u00eb Amerik\u00ebs<\/span><\/span><\/p>\n<p>&nbsp;<\/p>\n<h3 id=\"product-info-table\">Informacion mbi Produktin<\/h3>\n<table class=\"product-specs-table stack-l\" data-specifications=\"\" aria-labelledby=\"product-info-table\">\n<tbody>\n<tr class=\"product-specs-table-container\" data-ng-repeat=\"attribute in displayableAttrs | orderBy: ['attributeSortOrder','valueSortOrder','name']\" data-ng-class=\"{'is-selectable' : attribute.IsSelectable}\">\n<th class=\"product-specs-table-detail\">Fishek<\/th>\n<td class=\"product-specs-table-definition\">\n<div role=\"presentation\" data-ng-if=\"attribute.isDropDownSelectable === false\"><span data-ng-if=\"attribute.value.length == 1\">22-250 Remington<\/span><\/div>\n<\/td>\n<\/tr>\n<tr class=\"product-specs-table-container\" data-ng-repeat=\"attribute in displayableAttrs | orderBy: ['attributeSortOrder','valueSortOrder','name']\" data-ng-class=\"{'is-selectable' : attribute.IsSelectable}\">\n<th class=\"product-specs-table-detail\">Pesha e kokrr\u00ebs<\/th>\n<td class=\"product-specs-table-definition\">\n<div role=\"presentation\" data-ng-if=\"attribute.isDropDownSelectable === false\"><span data-ng-if=\"attribute.value.length == 1\">50 Grains<\/span><\/div>\n<\/td>\n<\/tr>\n<tr class=\"product-specs-table-container\" data-ng-repeat=\"attribute in displayableAttrs | orderBy: ['attributeSortOrder','valueSortOrder','name']\" data-ng-class=\"{'is-selectable' : attribute.IsSelectable}\">\n<th class=\"product-specs-table-detail\">Sasia<\/th>\n<td class=\"product-specs-table-definition\">\n<div role=\"presentation\" data-ng-if=\"attribute.isDropDownSelectable === false\"><span data-ng-if=\"attribute.value.length == 1\">500 fishek\u00eb <\/span><\/div>\n<\/td>\n<\/tr>\n<tr class=\"product-specs-table-container\" data-ng-repeat=\"attribute in displayableAttrs | orderBy: ['attributeSortOrder','valueSortOrder','name']\" data-ng-class=\"{'is-selectable' : attribute.IsSelectable}\">\n<th class=\"product-specs-table-detail\">Shpejt\u00ebsia e gryk\u00ebs<\/th>\n<td class=\"product-specs-table-definition\">\n<div role=\"presentation\" data-ng-if=\"attribute.isDropDownSelectable === false\"><span data-ng-if=\"attribute.value.length == 1\">3800 Feet Per Second<\/span><\/div>\n<\/td>\n<\/tr>\n<tr class=\"product-specs-table-container\" data-ng-repeat=\"attribute in displayableAttrs | orderBy: ['attributeSortOrder','valueSortOrder','name']\" data-ng-class=\"{'is-selectable' : attribute.IsSelectable}\">\n<th class=\"product-specs-table-detail\">Energjia e surratit<\/th>\n<td class=\"product-specs-table-definition\">\n<div role=\"presentation\" data-ng-if=\"attribute.isDropDownSelectable === false\"><span data-ng-if=\"attribute.value.length == 1\">1603 Foot Pounds<\/span><\/div>\n<\/td>\n<\/tr>\n<tr class=\"product-specs-table-container\" data-ng-repeat=\"attribute in displayableAttrs | orderBy: ['attributeSortOrder','valueSortOrder','name']\" data-ng-class=\"{'is-selectable' : attribute.IsSelectable}\">\n<th class=\"product-specs-table-detail\">Stili i Plumbit<\/th>\n<td class=\"product-specs-table-definition\">\n<div role=\"presentation\" data-ng-if=\"attribute.isDropDownSelectable === false\"><span data-ng-if=\"attribute.value.length == 1\">Maj\u00eb polimeri<\/span><\/div>\n<\/td>\n<\/tr>\n<tr class=\"product-specs-table-container\" data-ng-repeat=\"attribute in displayableAttrs | orderBy: ['attributeSortOrder','valueSortOrder','name']\" data-ng-class=\"{'is-selectable' : attribute.IsSelectable}\">\n<th class=\"product-specs-table-detail\">Marka dhe modeli i Bullet<\/th>\n<td class=\"product-specs-table-definition\">\n<div role=\"presentation\" data-ng-if=\"attribute.isDropDownSelectable === false\"><span data-ng-if=\"attribute.value.length == 1\">Browning Rapid Expansion Matrix Tip (BXR)<\/span><\/div>\n<\/td>\n<\/tr>\n<tr class=\"product-specs-table-container\" data-ng-repeat=\"attribute in displayableAttrs | orderBy: ['attributeSortOrder','valueSortOrder','name']\" data-ng-class=\"{'is-selectable' : attribute.IsSelectable}\">\n<th class=\"product-specs-table-detail\">Pa plumb<\/th>\n<td class=\"product-specs-table-definition\">\n<div role=\"presentation\" data-ng-if=\"attribute.isDropDownSelectable === false\"><span data-ng-if=\"attribute.value.length == 1\">Jo<\/span><\/div>\n<\/td>\n<\/tr>\n<tr class=\"product-specs-table-container\" data-ng-repeat=\"attribute in displayableAttrs | orderBy: ['attributeSortOrder','valueSortOrder','name']\" data-ng-class=\"{'is-selectable' : attribute.IsSelectable}\">\n<th class=\"product-specs-table-detail\">Lloji i rastit<\/th>\n<td class=\"product-specs-table-definition\">\n<div role=\"presentation\" data-ng-if=\"attribute.isDropDownSelectable === false\"><span data-ng-if=\"attribute.value.length == 1\">I veshur me nikel<\/span><\/div>\n<\/td>\n<\/tr>\n<tr class=\"product-specs-table-container\" data-ng-repeat=\"attribute in displayableAttrs | orderBy: ['attributeSortOrder','valueSortOrder','name']\" data-ng-class=\"{'is-selectable' : attribute.IsSelectable}\">\n<th class=\"product-specs-table-detail\">Abetare<\/th>\n<td class=\"product-specs-table-definition\">\n<div role=\"presentation\" data-ng-if=\"attribute.isDropDownSelectable === false\"><span data-ng-if=\"attribute.value.length == 1\">Boksier<\/span><\/div>\n<\/td>\n<\/tr>\n<tr class=\"product-specs-table-container\" data-ng-repeat=\"attribute in displayableAttrs | orderBy: ['attributeSortOrder','valueSortOrder','name']\" data-ng-class=\"{'is-selectable' : attribute.IsSelectable}\">\n<th class=\"product-specs-table-detail\">Korroziv<\/th>\n<td class=\"product-specs-table-definition\">\n<div role=\"presentation\" data-ng-if=\"attribute.isDropDownSelectable === false\"><span data-ng-if=\"attribute.value.length == 1\">Jo<\/span><\/div>\n<\/td>\n<\/tr>\n<tr class=\"product-specs-table-container\" data-ng-repeat=\"attribute in displayableAttrs | orderBy: ['attributeSortOrder','valueSortOrder','name']\" data-ng-class=\"{'is-selectable' : attribute.IsSelectable}\">\n<th class=\"product-specs-table-detail\">Mund t\u00eb rimbushet<\/th>\n<td class=\"product-specs-table-definition\">\n<div role=\"presentation\" data-ng-if=\"attribute.isDropDownSelectable === false\"><span data-ng-if=\"attribute.value.length == 1\">Po<\/span><\/div>\n<\/td>\n<\/tr>\n<tr class=\"product-specs-table-container\" data-ng-repeat=\"attribute in displayableAttrs | orderBy: ['attributeSortOrder','valueSortOrder','name']\" data-ng-class=\"{'is-selectable' : attribute.IsSelectable}\">\n<th class=\"product-specs-table-detail\">Koeficienti Balistik G1<\/th>\n<td class=\"product-specs-table-definition\">\n<div role=\"presentation\" data-ng-if=\"attribute.isDropDownSelectable === false\"><span data-ng-if=\"attribute.value.length == 1\">0.242<\/span><\/div>\n<\/td>\n<\/tr>\n<tr class=\"product-specs-table-container\" data-ng-repeat=\"attribute in displayableAttrs | orderBy: ['attributeSortOrder','valueSortOrder','name']\" data-ng-class=\"{'is-selectable' : attribute.IsSelectable}\">\n<th class=\"product-specs-table-detail\">Vler\u00ebsimi i Shpejt\u00ebsis\u00eb<\/th>\n<td class=\"product-specs-table-definition\">\n<div role=\"presentation\" data-ng-if=\"attribute.isDropDownSelectable === false\"><span data-ng-if=\"attribute.value.length == 1\">Supersonik<\/span><\/div>\n<\/td>\n<\/tr>\n<tr class=\"product-specs-table-container\" data-ng-repeat=\"attribute in displayableAttrs | orderBy: ['attributeSortOrder','valueSortOrder','name']\" data-ng-class=\"{'is-selectable' : attribute.IsSelectable}\">\n<th class=\"product-specs-table-detail\">Vendi i origjin\u00ebs<\/th>\n<td class=\"product-specs-table-definition\">\n<div role=\"presentation\" data-ng-if=\"attribute.isDropDownSelectable === false\"><span data-ng-if=\"attribute.value.length == 1\">Shtetet e Bashkuara t\u00eb Amerik\u00ebs<\/span><\/div>\n<\/td>\n<\/tr>\n<\/tbody>\n<\/table>","protected":false},"excerpt":{"rendered":"<p>Features Polymer tip improves ballistic coefficient resulting in flatter trajectory and higher downrange velocity Improved ballistic coefficient with added on-target energy transfer Designed to rapidly transfer energy and dispatch predators and varmints quickly Nickel plated shellcase resists corrosion and helps ensure smooth feeding &nbsp; &nbsp; A global leader in offering quality and innovative firearms, Browning [&#8230;]","protected":false},"featured_media":1676,"comment_status":"open","ping_status":"closed","template":"","meta":[],"product_brand":[],"product_cat":[244,121],"product_tag":[],"class_list":{"0":"post-1623","1":"product","2":"type-product","3":"status-publish","4":"has-post-thumbnail","6":"product_cat-22-250-remington-ammo","7":"product_cat-rifle-ammo","9":"first","10":"instock","11":"taxable","12":"shipping-taxable","13":"purchasable","14":"product-type-simple"},"yoast_head":"<!-- This site is optimized with the Yoast SEO Premium plugin v24.6 (Yoast SEO v25.7) - https:\/\/yoast.com\/wordpress\/plugins\/seo\/ -->\n<title>500Rds of Browning BXV Varmint Expansion Ammunition 22-250 Remington 50 Grain Polymer Tip Rapid Expansion - Bulk Ammunition shop<\/title>\n<meta name=\"robots\" content=\"index, follow, max-snippet:-1, max-image-preview:large, max-video-preview:-1\" \/>\n<link rel=\"canonical\" href=\"https:\/\/www.bulkammunitionshop.com\/sq\/produkt\/500rds-of-browning-bxv-varmint-expansion-ammunition-22-250-remington-50-grain-polymer-tip-rapid-expansion\/\" \/>\n<meta property=\"og:locale\" content=\"sq_AL\" \/>\n<meta property=\"og:type\" content=\"article\" \/>\n<meta property=\"og:title\" content=\"500Rds of Browning BXV Varmint Expansion Ammunition 22-250 Remington 50 Grain Polymer Tip Rapid Expansion\" \/>\n<meta property=\"og:description\" content=\"Features Polymer tip improves ballistic coefficient resulting in flatter trajectory and higher downrange velocity Improved ballistic coefficient with added on-target energy transfer Designed to rapidly transfer energy and dispatch predators and varmints quickly Nickel plated shellcase resists corrosion and helps ensure smooth feeding &nbsp; &nbsp; A global leader in offering quality and innovative firearms, Browning [...]\" \/>\n<meta property=\"og:url\" content=\"https:\/\/www.bulkammunitionshop.com\/sq\/produkt\/500rds-of-browning-bxv-varmint-expansion-ammunition-22-250-remington-50-grain-polymer-tip-rapid-expansion\/\" \/>\n<meta property=\"og:site_name\" content=\"Bulk Ammunition shop\" \/>\n<meta property=\"article:modified_time\" content=\"2022-05-21T16:33:00+00:00\" \/>\n<meta property=\"og:image\" content=\"https:\/\/i0.wp.com\/www.bulkammunitionshop.com\/wp-content\/uploads\/2022\/05\/553824.jpg?fit=2200%2C1650&ssl=1\" \/>\n\t<meta property=\"og:image:width\" content=\"2200\" \/>\n\t<meta property=\"og:image:height\" content=\"1650\" \/>\n\t<meta property=\"og:image:type\" content=\"image\/jpeg\" \/>\n<meta name=\"twitter:card\" content=\"summary_large_image\" \/>\n<meta name=\"twitter:label1\" content=\"Est. reading time\" \/>\n\t<meta name=\"twitter:data1\" content=\"1 minut\u00eb\" \/>\n<script type=\"application\/ld+json\" class=\"yoast-schema-graph\">{\"@context\":\"https:\/\/schema.org\",\"@graph\":[{\"@type\":\"WebPage\",\"@id\":\"https:\/\/www.bulkammunitionshop.com\/product\/500rds-of-browning-bxv-varmint-expansion-ammunition-22-250-remington-50-grain-polymer-tip-rapid-expansion\/\",\"url\":\"https:\/\/www.bulkammunitionshop.com\/product\/500rds-of-browning-bxv-varmint-expansion-ammunition-22-250-remington-50-grain-polymer-tip-rapid-expansion\/\",\"name\":\"500Rds of Browning BXV Varmint Expansion Ammunition 22-250 Remington 50 Grain Polymer Tip Rapid Expansion - Bulk Ammunition shop\",\"isPartOf\":{\"@id\":\"https:\/\/www.bulkammunitionshop.com\/#website\"},\"primaryImageOfPage\":{\"@id\":\"https:\/\/www.bulkammunitionshop.com\/product\/500rds-of-browning-bxv-varmint-expansion-ammunition-22-250-remington-50-grain-polymer-tip-rapid-expansion\/#primaryimage\"},\"image\":{\"@id\":\"https:\/\/www.bulkammunitionshop.com\/product\/500rds-of-browning-bxv-varmint-expansion-ammunition-22-250-remington-50-grain-polymer-tip-rapid-expansion\/#primaryimage\"},\"thumbnailUrl\":\"https:\/\/www.bulkammunitionshop.com\/wp-content\/uploads\/2022\/05\/553824.jpg\",\"datePublished\":\"2022-05-21T16:30:04+00:00\",\"dateModified\":\"2022-05-21T16:33:00+00:00\",\"breadcrumb\":{\"@id\":\"https:\/\/www.bulkammunitionshop.com\/product\/500rds-of-browning-bxv-varmint-expansion-ammunition-22-250-remington-50-grain-polymer-tip-rapid-expansion\/#breadcrumb\"},\"inLanguage\":\"sq\",\"potentialAction\":[{\"@type\":\"ReadAction\",\"target\":[\"https:\/\/www.bulkammunitionshop.com\/product\/500rds-of-browning-bxv-varmint-expansion-ammunition-22-250-remington-50-grain-polymer-tip-rapid-expansion\/\"]}]},{\"@type\":\"ImageObject\",\"inLanguage\":\"sq\",\"@id\":\"https:\/\/www.bulkammunitionshop.com\/product\/500rds-of-browning-bxv-varmint-expansion-ammunition-22-250-remington-50-grain-polymer-tip-rapid-expansion\/#primaryimage\",\"url\":\"https:\/\/www.bulkammunitionshop.com\/wp-content\/uploads\/2022\/05\/553824.jpg\",\"contentUrl\":\"https:\/\/www.bulkammunitionshop.com\/wp-content\/uploads\/2022\/05\/553824.jpg\",\"width\":2200,\"height\":1650},{\"@type\":\"BreadcrumbList\",\"@id\":\"https:\/\/www.bulkammunitionshop.com\/product\/500rds-of-browning-bxv-varmint-expansion-ammunition-22-250-remington-50-grain-polymer-tip-rapid-expansion\/#breadcrumb\",\"itemListElement\":[{\"@type\":\"ListItem\",\"position\":1,\"name\":\"Home\",\"item\":\"https:\/\/www.bulkammunitionshop.com\/\"},{\"@type\":\"ListItem\",\"position\":2,\"name\":\"SHOP ALL\",\"item\":\"https:\/\/www.bulkammunitionshop.com\/shop-all\/\"},{\"@type\":\"ListItem\",\"position\":3,\"name\":\"500Rds of Browning BXV Varmint Expansion Ammunition 22-250 Remington 50 Grain Polymer Tip Rapid Expansion\"}]},{\"@type\":\"WebSite\",\"@id\":\"https:\/\/www.bulkammunitionshop.com\/#website\",\"url\":\"https:\/\/www.bulkammunitionshop.com\/\",\"name\":\"Bulk Ammunition shop\",\"description\":\"Buy Cheap Bulk Ammo Online - Bulk Ammo for Sale- Cheap Ammo Online\",\"potentialAction\":[{\"@type\":\"SearchAction\",\"target\":{\"@type\":\"EntryPoint\",\"urlTemplate\":\"https:\/\/www.bulkammunitionshop.com\/?s={search_term_string}\"},\"query-input\":{\"@type\":\"PropertyValueSpecification\",\"valueRequired\":true,\"valueName\":\"search_term_string\"}}],\"inLanguage\":\"sq\"}]}<\/script>\n<!-- \/ Yoast SEO Premium plugin. -->","yoast_head_json":{"title":"500Rds of Browning BXV Varmint Expansion Ammunition 22-250 Remington 50 Grain Polymer Tip Rapid Expansion - Bulk Ammunition shop","robots":{"index":"index","follow":"follow","max-snippet":"max-snippet:-1","max-image-preview":"max-image-preview:large","max-video-preview":"max-video-preview:-1"},"canonical":"https:\/\/www.bulkammunitionshop.com\/sq\/produkt\/500rds-of-browning-bxv-varmint-expansion-ammunition-22-250-remington-50-grain-polymer-tip-rapid-expansion\/","og_locale":"sq_AL","og_type":"article","og_title":"500Rds of Browning BXV Varmint Expansion Ammunition 22-250 Remington 50 Grain Polymer Tip Rapid Expansion","og_description":"Features Polymer tip improves ballistic coefficient resulting in flatter trajectory and higher downrange velocity Improved ballistic coefficient with added on-target energy transfer Designed to rapidly transfer energy and dispatch predators and varmints quickly Nickel plated shellcase resists corrosion and helps ensure smooth feeding &nbsp; &nbsp; A global leader in offering quality and innovative firearms, Browning [...]","og_url":"https:\/\/www.bulkammunitionshop.com\/sq\/produkt\/500rds-of-browning-bxv-varmint-expansion-ammunition-22-250-remington-50-grain-polymer-tip-rapid-expansion\/","og_site_name":"Bulk Ammunition shop","article_modified_time":"2022-05-21T16:33:00+00:00","og_image":[{"width":2200,"height":1650,"url":"https:\/\/i0.wp.com\/www.bulkammunitionshop.com\/wp-content\/uploads\/2022\/05\/553824.jpg?fit=2200%2C1650&ssl=1","type":"image\/jpeg"}],"twitter_card":"summary_large_image","twitter_misc":{"Est. reading time":"1 minut\u00eb"},"schema":{"@context":"https:\/\/schema.org","@graph":[{"@type":"WebPage","@id":"https:\/\/www.bulkammunitionshop.com\/product\/500rds-of-browning-bxv-varmint-expansion-ammunition-22-250-remington-50-grain-polymer-tip-rapid-expansion\/","url":"https:\/\/www.bulkammunitionshop.com\/product\/500rds-of-browning-bxv-varmint-expansion-ammunition-22-250-remington-50-grain-polymer-tip-rapid-expansion\/","name":"500Rds of Browning BXV Varmint Expansion Ammunition 22-250 Remington 50 Grain Polymer Tip Rapid Expansion - Bulk Ammunition shop","isPartOf":{"@id":"https:\/\/www.bulkammunitionshop.com\/#website"},"primaryImageOfPage":{"@id":"https:\/\/www.bulkammunitionshop.com\/product\/500rds-of-browning-bxv-varmint-expansion-ammunition-22-250-remington-50-grain-polymer-tip-rapid-expansion\/#primaryimage"},"image":{"@id":"https:\/\/www.bulkammunitionshop.com\/product\/500rds-of-browning-bxv-varmint-expansion-ammunition-22-250-remington-50-grain-polymer-tip-rapid-expansion\/#primaryimage"},"thumbnailUrl":"https:\/\/www.bulkammunitionshop.com\/wp-content\/uploads\/2022\/05\/553824.jpg","datePublished":"2022-05-21T16:30:04+00:00","dateModified":"2022-05-21T16:33:00+00:00","breadcrumb":{"@id":"https:\/\/www.bulkammunitionshop.com\/product\/500rds-of-browning-bxv-varmint-expansion-ammunition-22-250-remington-50-grain-polymer-tip-rapid-expansion\/#breadcrumb"},"inLanguage":"sq","potentialAction":[{"@type":"ReadAction","target":["https:\/\/www.bulkammunitionshop.com\/product\/500rds-of-browning-bxv-varmint-expansion-ammunition-22-250-remington-50-grain-polymer-tip-rapid-expansion\/"]}]},{"@type":"ImageObject","inLanguage":"sq","@id":"https:\/\/www.bulkammunitionshop.com\/product\/500rds-of-browning-bxv-varmint-expansion-ammunition-22-250-remington-50-grain-polymer-tip-rapid-expansion\/#primaryimage","url":"https:\/\/www.bulkammunitionshop.com\/wp-content\/uploads\/2022\/05\/553824.jpg","contentUrl":"https:\/\/www.bulkammunitionshop.com\/wp-content\/uploads\/2022\/05\/553824.jpg","width":2200,"height":1650},{"@type":"BreadcrumbList","@id":"https:\/\/www.bulkammunitionshop.com\/product\/500rds-of-browning-bxv-varmint-expansion-ammunition-22-250-remington-50-grain-polymer-tip-rapid-expansion\/#breadcrumb","itemListElement":[{"@type":"ListItem","position":1,"name":"Home","item":"https:\/\/www.bulkammunitionshop.com\/"},{"@type":"ListItem","position":2,"name":"SHOP ALL","item":"https:\/\/www.bulkammunitionshop.com\/shop-all\/"},{"@type":"ListItem","position":3,"name":"500Rds of Browning BXV Varmint Expansion Ammunition 22-250 Remington 50 Grain Polymer Tip Rapid Expansion"}]},{"@type":"WebSite","@id":"https:\/\/www.bulkammunitionshop.com\/#website","url":"https:\/\/www.bulkammunitionshop.com\/","name":"Dyqan municionesh me shumic\u00eb","description":"Bleni municione me shumic\u00eb t\u00eb lira n\u00eb internet - Municione me shumic\u00eb n\u00eb shitje - Municione t\u00eb lira n\u00eb internet","potentialAction":[{"@type":"SearchAction","target":{"@type":"EntryPoint","urlTemplate":"https:\/\/www.bulkammunitionshop.com\/?s={search_term_string}"},"query-input":{"@type":"PropertyValueSpecification","valueRequired":true,"valueName":"search_term_string"}}],"inLanguage":"sq"}]}},"jetpack_sharing_enabled":true,"_links":{"self":[{"href":"https:\/\/www.bulkammunitionshop.com\/sq\/wp-json\/wp\/v2\/product\/1623","targetHints":{"allow":["GET"]}}],"collection":[{"href":"https:\/\/www.bulkammunitionshop.com\/sq\/wp-json\/wp\/v2\/product"}],"about":[{"href":"https:\/\/www.bulkammunitionshop.com\/sq\/wp-json\/wp\/v2\/types\/product"}],"replies":[{"embeddable":true,"href":"https:\/\/www.bulkammunitionshop.com\/sq\/wp-json\/wp\/v2\/comments?post=1623"}],"wp:featuredmedia":[{"embeddable":true,"href":"https:\/\/www.bulkammunitionshop.com\/sq\/wp-json\/wp\/v2\/media\/1676"}],"wp:attachment":[{"href":"https:\/\/www.bulkammunitionshop.com\/sq\/wp-json\/wp\/v2\/media?parent=1623"}],"wp:term":[{"taxonomy":"product_brand","embeddable":true,"href":"https:\/\/www.bulkammunitionshop.com\/sq\/wp-json\/wp\/v2\/product_brand?post=1623"},{"taxonomy":"product_cat","embeddable":true,"href":"https:\/\/www.bulkammunitionshop.com\/sq\/wp-json\/wp\/v2\/product_cat?post=1623"},{"taxonomy":"product_tag","embeddable":true,"href":"https:\/\/www.bulkammunitionshop.com\/sq\/wp-json\/wp\/v2\/product_tag?post=1623"}],"curies":[{"name":"wp","href":"https:\/\/api.w.org\/{rel}","templated":true}]}}