{"id":1476,"date":"2022-05-21T16:28:08","date_gmt":"2022-05-21T16:28:08","guid":{"rendered":"https:\/\/www.bulkammunitionshop.com\/?post_type=product&#038;p=1476"},"modified":"2022-11-01T09:33:05","modified_gmt":"2022-11-01T09:33:05","slug":"500rds-of-hornady-gmx-outfitter-300-winchester-magnum-180-grain-rifle-ammunition","status":"publish","type":"product","link":"https:\/\/www.bulkammunitionshop.com\/sq\/produkt\/500rds-of-hornady-gmx-outfitter-300-winchester-magnum-180-grain-rifle-ammunition\/","title":{"rendered":"500rds of Hornady GMX Outfitter .300 Winchester Magnum 180-Grain Rifle Ammunition"},"content":{"rendered":"<h2>P\u00ebrshkrimi<\/h2>\n<div class=\"css-nx0jru\">Stock up for the range or the field with the Hornady GMX Outfitter .300 Winchester Magnum 180-Grain Rifle Ammunition. The nickel-plated cases offer corrosion resistance, while the sealed case mouths provide waterproof protection. The monolithic copper alloy GMX\u00ae construction provides uniform expansion and weight retention over long distances.<\/div>\n<div data-auid=\"feature-benefits\">\n<div class=\"css-1s8bjel\">Features and Benefits<\/div>\n<div class=\"css-zoj4i\" role=\"list\">\n<ul>\n<li class=\"css-2hhhsn\" role=\"listitem\" data-auid=\"feature-benefits-listing\">Recommended for big and medium game hunting<\/li>\n<li class=\"css-2hhhsn\" role=\"listitem\" data-auid=\"feature-benefits-listing\">Monolithic copper alloy GMX\u00ae construction delivers controlled expansion and deep penetration<\/li>\n<li class=\"css-2hhhsn\" role=\"listitem\" data-auid=\"feature-benefits-listing\">180 grains<\/li>\n<li class=\"css-2hhhsn\" role=\"listitem\" data-auid=\"feature-benefits-listing\">500-round box<\/li>\n<li class=\"css-2hhhsn\" role=\"listitem\" data-auid=\"feature-benefits-listing\">Primer cases and case mouths are sealed for waterproof protection<\/li>\n<li class=\"css-2hhhsn\" role=\"listitem\" data-auid=\"feature-benefits-listing\">Nickel-plated cases are resistant to corrosion<\/li>\n<li class=\"css-2hhhsn\" role=\"listitem\" data-auid=\"feature-benefits-listing\">.300 Winchester Magnum caliber<\/li>\n<\/ul>\n<\/div>\n<\/div>\n<div data-auid=\"specifications\">\n<div class=\"css-1s8bjel\">Specifications<\/div>\n<div class=\"css-zoj4i\" role=\"list\">\n<ul>\n<li class=\"css-2hhhsn\" role=\"listitem\" data-auid=\"specifications_listing\">Caliber:\u00a0.300 Win Mag<\/li>\n<li class=\"css-2hhhsn\" role=\"listitem\" data-auid=\"specifications_listing\">Number of rounds: 500<\/li>\n<li class=\"css-2hhhsn\" role=\"listitem\" data-auid=\"specifications_listing\">Grain weight:\u00a0180<\/li>\n<\/ul>\n<\/div>\n<\/div>\n<div data-auid=\"box-list\">\n<div class=\"css-1s8bjel\">What\u2019s in the Box<\/div>\n<div class=\"css-zoj4i\" role=\"list\">\n<ul>\n<li class=\"css-2hhhsn\" role=\"listitem\" data-auid=\"box-list-listing\">Hornady GMX Outfitter .300 Winchester Magnum 180-Grain Rifle Ammunition<\/li>\n<\/ul>\n<\/div>\n<\/div>","protected":false},"excerpt":{"rendered":"<p>Ky produkt \u00ebsht\u00eb n\u00eb magazin\u00eb dhe gati p\u00ebr t&#039;u d\u00ebrguar. 100% Transport i shpejt\u00eb i garantuar. B\u00ebni porosin\u00eb tani!<\/p>","protected":false},"featured_media":1506,"comment_status":"open","ping_status":"closed","template":"","meta":[],"product_brand":[],"product_cat":[227,121],"product_tag":[],"class_list":{"0":"post-1476","1":"product","2":"type-product","3":"status-publish","4":"has-post-thumbnail","6":"product_cat-300-win-mag","7":"product_cat-rifle-ammo","9":"first","10":"instock","11":"taxable","12":"shipping-taxable","13":"purchasable","14":"product-type-simple"},"yoast_head":"<!-- This site is optimized with the Yoast SEO Premium plugin v24.6 (Yoast SEO v25.7) - https:\/\/yoast.com\/wordpress\/plugins\/seo\/ -->\n<title>500rds of Hornady GMX Outfitter .300 Winchester Magnum 180-Grain Rifle Ammunition - Bulk Ammunition shop<\/title>\n<meta name=\"robots\" content=\"index, follow, max-snippet:-1, max-image-preview:large, max-video-preview:-1\" \/>\n<link rel=\"canonical\" href=\"https:\/\/www.bulkammunitionshop.com\/sq\/produkt\/500rds-of-hornady-gmx-outfitter-300-winchester-magnum-180-grain-rifle-ammunition\/\" \/>\n<meta property=\"og:locale\" content=\"sq_AL\" \/>\n<meta property=\"og:type\" content=\"article\" \/>\n<meta property=\"og:title\" content=\"500rds of Hornady GMX Outfitter .300 Winchester Magnum 180-Grain Rifle Ammunition\" \/>\n<meta property=\"og:description\" content=\"This Product Is In Stock and Ready to Ship. 100% Fast Shipping Guaranteed. Place Order Now!\" \/>\n<meta property=\"og:url\" content=\"https:\/\/www.bulkammunitionshop.com\/sq\/produkt\/500rds-of-hornady-gmx-outfitter-300-winchester-magnum-180-grain-rifle-ammunition\/\" \/>\n<meta property=\"og:site_name\" content=\"Bulk Ammunition shop\" \/>\n<meta property=\"article:modified_time\" content=\"2022-11-01T09:33:05+00:00\" \/>\n<meta property=\"og:image\" content=\"http:\/\/www.bulkammunitionshop.com\/wp-content\/uploads\/2022\/05\/20275921-600x600-1.jpg\" \/>\n\t<meta property=\"og:image:width\" content=\"600\" \/>\n\t<meta property=\"og:image:height\" content=\"600\" \/>\n\t<meta property=\"og:image:type\" content=\"image\/jpeg\" \/>\n<meta name=\"twitter:card\" content=\"summary_large_image\" \/>\n<meta name=\"twitter:label1\" content=\"Est. reading time\" \/>\n\t<meta name=\"twitter:data1\" content=\"1 minut\u00eb\" \/>\n<script type=\"application\/ld+json\" class=\"yoast-schema-graph\">{\"@context\":\"https:\/\/schema.org\",\"@graph\":[{\"@type\":\"WebPage\",\"@id\":\"https:\/\/www.bulkammunitionshop.com\/product\/500rds-of-hornady-gmx-outfitter-300-winchester-magnum-180-grain-rifle-ammunition\/\",\"url\":\"https:\/\/www.bulkammunitionshop.com\/product\/500rds-of-hornady-gmx-outfitter-300-winchester-magnum-180-grain-rifle-ammunition\/\",\"name\":\"500rds of Hornady GMX Outfitter .300 Winchester Magnum 180-Grain Rifle Ammunition - Bulk Ammunition shop\",\"isPartOf\":{\"@id\":\"https:\/\/www.bulkammunitionshop.com\/#website\"},\"primaryImageOfPage\":{\"@id\":\"https:\/\/www.bulkammunitionshop.com\/product\/500rds-of-hornady-gmx-outfitter-300-winchester-magnum-180-grain-rifle-ammunition\/#primaryimage\"},\"image\":{\"@id\":\"https:\/\/www.bulkammunitionshop.com\/product\/500rds-of-hornady-gmx-outfitter-300-winchester-magnum-180-grain-rifle-ammunition\/#primaryimage\"},\"thumbnailUrl\":\"https:\/\/www.bulkammunitionshop.com\/wp-content\/uploads\/2022\/05\/20275921-600x600-1.jpg\",\"datePublished\":\"2022-05-21T16:28:08+00:00\",\"dateModified\":\"2022-11-01T09:33:05+00:00\",\"breadcrumb\":{\"@id\":\"https:\/\/www.bulkammunitionshop.com\/product\/500rds-of-hornady-gmx-outfitter-300-winchester-magnum-180-grain-rifle-ammunition\/#breadcrumb\"},\"inLanguage\":\"sq\",\"potentialAction\":[{\"@type\":\"ReadAction\",\"target\":[\"https:\/\/www.bulkammunitionshop.com\/product\/500rds-of-hornady-gmx-outfitter-300-winchester-magnum-180-grain-rifle-ammunition\/\"]}]},{\"@type\":\"ImageObject\",\"inLanguage\":\"sq\",\"@id\":\"https:\/\/www.bulkammunitionshop.com\/product\/500rds-of-hornady-gmx-outfitter-300-winchester-magnum-180-grain-rifle-ammunition\/#primaryimage\",\"url\":\"https:\/\/www.bulkammunitionshop.com\/wp-content\/uploads\/2022\/05\/20275921-600x600-1.jpg\",\"contentUrl\":\"https:\/\/www.bulkammunitionshop.com\/wp-content\/uploads\/2022\/05\/20275921-600x600-1.jpg\",\"width\":600,\"height\":600},{\"@type\":\"BreadcrumbList\",\"@id\":\"https:\/\/www.bulkammunitionshop.com\/product\/500rds-of-hornady-gmx-outfitter-300-winchester-magnum-180-grain-rifle-ammunition\/#breadcrumb\",\"itemListElement\":[{\"@type\":\"ListItem\",\"position\":1,\"name\":\"Home\",\"item\":\"https:\/\/www.bulkammunitionshop.com\/\"},{\"@type\":\"ListItem\",\"position\":2,\"name\":\"SHOP ALL\",\"item\":\"https:\/\/www.bulkammunitionshop.com\/shop-all\/\"},{\"@type\":\"ListItem\",\"position\":3,\"name\":\"500rds of Hornady GMX Outfitter .300 Winchester Magnum 180-Grain Rifle Ammunition\"}]},{\"@type\":\"WebSite\",\"@id\":\"https:\/\/www.bulkammunitionshop.com\/#website\",\"url\":\"https:\/\/www.bulkammunitionshop.com\/\",\"name\":\"Bulk Ammunition shop\",\"description\":\"Buy Cheap Bulk Ammo Online - Bulk Ammo for Sale- Cheap Ammo Online\",\"potentialAction\":[{\"@type\":\"SearchAction\",\"target\":{\"@type\":\"EntryPoint\",\"urlTemplate\":\"https:\/\/www.bulkammunitionshop.com\/?s={search_term_string}\"},\"query-input\":{\"@type\":\"PropertyValueSpecification\",\"valueRequired\":true,\"valueName\":\"search_term_string\"}}],\"inLanguage\":\"sq\"}]}<\/script>\n<!-- \/ Yoast SEO Premium plugin. -->","yoast_head_json":{"title":"500rds of Hornady GMX Outfitter .300 Winchester Magnum 180-Grain Rifle Ammunition - Bulk Ammunition shop","robots":{"index":"index","follow":"follow","max-snippet":"max-snippet:-1","max-image-preview":"max-image-preview:large","max-video-preview":"max-video-preview:-1"},"canonical":"https:\/\/www.bulkammunitionshop.com\/sq\/produkt\/500rds-of-hornady-gmx-outfitter-300-winchester-magnum-180-grain-rifle-ammunition\/","og_locale":"sq_AL","og_type":"article","og_title":"500rds of Hornady GMX Outfitter .300 Winchester Magnum 180-Grain Rifle Ammunition","og_description":"This Product Is In Stock and Ready to Ship. 100% Fast Shipping Guaranteed. Place Order Now!","og_url":"https:\/\/www.bulkammunitionshop.com\/sq\/produkt\/500rds-of-hornady-gmx-outfitter-300-winchester-magnum-180-grain-rifle-ammunition\/","og_site_name":"Bulk Ammunition shop","article_modified_time":"2022-11-01T09:33:05+00:00","og_image":[{"width":600,"height":600,"url":"http:\/\/www.bulkammunitionshop.com\/wp-content\/uploads\/2022\/05\/20275921-600x600-1.jpg","type":"image\/jpeg"}],"twitter_card":"summary_large_image","twitter_misc":{"Est. reading time":"1 minut\u00eb"},"schema":{"@context":"https:\/\/schema.org","@graph":[{"@type":"WebPage","@id":"https:\/\/www.bulkammunitionshop.com\/product\/500rds-of-hornady-gmx-outfitter-300-winchester-magnum-180-grain-rifle-ammunition\/","url":"https:\/\/www.bulkammunitionshop.com\/product\/500rds-of-hornady-gmx-outfitter-300-winchester-magnum-180-grain-rifle-ammunition\/","name":"500rds of Hornady GMX Outfitter .300 Winchester Magnum 180-Grain Rifle Ammunition - Bulk Ammunition shop","isPartOf":{"@id":"https:\/\/www.bulkammunitionshop.com\/#website"},"primaryImageOfPage":{"@id":"https:\/\/www.bulkammunitionshop.com\/product\/500rds-of-hornady-gmx-outfitter-300-winchester-magnum-180-grain-rifle-ammunition\/#primaryimage"},"image":{"@id":"https:\/\/www.bulkammunitionshop.com\/product\/500rds-of-hornady-gmx-outfitter-300-winchester-magnum-180-grain-rifle-ammunition\/#primaryimage"},"thumbnailUrl":"https:\/\/www.bulkammunitionshop.com\/wp-content\/uploads\/2022\/05\/20275921-600x600-1.jpg","datePublished":"2022-05-21T16:28:08+00:00","dateModified":"2022-11-01T09:33:05+00:00","breadcrumb":{"@id":"https:\/\/www.bulkammunitionshop.com\/product\/500rds-of-hornady-gmx-outfitter-300-winchester-magnum-180-grain-rifle-ammunition\/#breadcrumb"},"inLanguage":"sq","potentialAction":[{"@type":"ReadAction","target":["https:\/\/www.bulkammunitionshop.com\/product\/500rds-of-hornady-gmx-outfitter-300-winchester-magnum-180-grain-rifle-ammunition\/"]}]},{"@type":"ImageObject","inLanguage":"sq","@id":"https:\/\/www.bulkammunitionshop.com\/product\/500rds-of-hornady-gmx-outfitter-300-winchester-magnum-180-grain-rifle-ammunition\/#primaryimage","url":"https:\/\/www.bulkammunitionshop.com\/wp-content\/uploads\/2022\/05\/20275921-600x600-1.jpg","contentUrl":"https:\/\/www.bulkammunitionshop.com\/wp-content\/uploads\/2022\/05\/20275921-600x600-1.jpg","width":600,"height":600},{"@type":"BreadcrumbList","@id":"https:\/\/www.bulkammunitionshop.com\/product\/500rds-of-hornady-gmx-outfitter-300-winchester-magnum-180-grain-rifle-ammunition\/#breadcrumb","itemListElement":[{"@type":"ListItem","position":1,"name":"Home","item":"https:\/\/www.bulkammunitionshop.com\/"},{"@type":"ListItem","position":2,"name":"SHOP ALL","item":"https:\/\/www.bulkammunitionshop.com\/shop-all\/"},{"@type":"ListItem","position":3,"name":"500rds of Hornady GMX Outfitter .300 Winchester Magnum 180-Grain Rifle Ammunition"}]},{"@type":"WebSite","@id":"https:\/\/www.bulkammunitionshop.com\/#website","url":"https:\/\/www.bulkammunitionshop.com\/","name":"Dyqan municionesh me shumic\u00eb","description":"Bleni municione me shumic\u00eb t\u00eb lira n\u00eb internet - Municione me shumic\u00eb n\u00eb shitje - Municione t\u00eb lira n\u00eb internet","potentialAction":[{"@type":"SearchAction","target":{"@type":"EntryPoint","urlTemplate":"https:\/\/www.bulkammunitionshop.com\/?s={search_term_string}"},"query-input":{"@type":"PropertyValueSpecification","valueRequired":true,"valueName":"search_term_string"}}],"inLanguage":"sq"}]}},"jetpack_sharing_enabled":true,"_links":{"self":[{"href":"https:\/\/www.bulkammunitionshop.com\/sq\/wp-json\/wp\/v2\/product\/1476","targetHints":{"allow":["GET"]}}],"collection":[{"href":"https:\/\/www.bulkammunitionshop.com\/sq\/wp-json\/wp\/v2\/product"}],"about":[{"href":"https:\/\/www.bulkammunitionshop.com\/sq\/wp-json\/wp\/v2\/types\/product"}],"replies":[{"embeddable":true,"href":"https:\/\/www.bulkammunitionshop.com\/sq\/wp-json\/wp\/v2\/comments?post=1476"}],"wp:featuredmedia":[{"embeddable":true,"href":"https:\/\/www.bulkammunitionshop.com\/sq\/wp-json\/wp\/v2\/media\/1506"}],"wp:attachment":[{"href":"https:\/\/www.bulkammunitionshop.com\/sq\/wp-json\/wp\/v2\/media?parent=1476"}],"wp:term":[{"taxonomy":"product_brand","embeddable":true,"href":"https:\/\/www.bulkammunitionshop.com\/sq\/wp-json\/wp\/v2\/product_brand?post=1476"},{"taxonomy":"product_cat","embeddable":true,"href":"https:\/\/www.bulkammunitionshop.com\/sq\/wp-json\/wp\/v2\/product_cat?post=1476"},{"taxonomy":"product_tag","embeddable":true,"href":"https:\/\/www.bulkammunitionshop.com\/sq\/wp-json\/wp\/v2\/product_tag?post=1476"}],"curies":[{"name":"wp","href":"https:\/\/api.w.org\/{rel}","templated":true}]}}