{"id":1268,"date":"2022-05-21T16:24:36","date_gmt":"2022-05-21T16:24:36","guid":{"rendered":"https:\/\/www.bulkammunitionshop.com\/?post_type=product&#038;p=1268"},"modified":"2025-06-21T19:57:03","modified_gmt":"2025-06-21T19:57:03","slug":"500rds-of-winchester-super-x-handgun-44-magnum-240-grain-hollow-soft-point","status":"publish","type":"product","link":"https:\/\/www.bulkammunitionshop.com\/sq\/produkt\/500rds-of-winchester-super-x-handgun-44-magnum-240-grain-hollow-soft-point\/","title":{"rendered":"500Rds of Winchester SUPER-X HANDGUN .44 Magnum 240 grain Hollow Soft Point"},"content":{"rendered":"<h1><strong>P\u00ebrshkrimi<\/strong><\/h1>\n<div id=\"product-caption-block-description\" class=\"product-caption-block\">\n<p>Since 1922, Super-X ammunition has provided exceptional quality and outstanding performance for all types of hunters and shooters who rely on its time-proven dependability backed by legendary excellence.<\/p>\n<\/div>\n<div id=\"product-caption-block-manufacture-specification\" class=\"product-caption-block\">\n<ul>\n<li>Hollow PointProvides quick consistent expansion for maximum knock-down performance<\/li>\n<li>Contoured JacketControlled expansion<\/li>\n<li>Lead CoreIncreases retained weight for deeper penetration<\/li>\n<\/ul>\n<\/div>\n<p>&nbsp;<\/p>\n<table class=\"spec-table\" border=\"0\" cellspacing=\"0\" cellpadding=\"0\">\n<tbody>\n<tr>\n<td class=\"spec-left-column\">Kalibri:<\/td>\n<td width=\"50%\">.44 Magnum<\/td>\n<\/tr>\n<tr>\n<td class=\"spec-left-column\">Numri i raundeve:<\/td>\n<td width=\"50%\">500<\/td>\n<\/tr>\n<tr>\n<td class=\"spec-left-column\">Lloji i plumbit:<\/td>\n<td width=\"50%\">Hollow Soft Point (HSP)<\/td>\n<\/tr>\n<tr>\n<td class=\"spec-left-column\">Pesha e plumbit:<\/td>\n<td width=\"50%\">240 grain<\/td>\n<\/tr>\n<tr>\n<td class=\"spec-left-column\">Materiali i fishekut:<\/td>\n<td width=\"50%\">Tunxh<\/td>\n<\/tr>\n<tr>\n<td class=\"spec-left-column\">Vendndodhja Primer:<\/td>\n<td width=\"50%\">Qendra e zjarrit<\/td>\n<\/tr>\n<\/tbody>\n<\/table>","protected":false},"excerpt":{"rendered":"<p>Description Since 1922, Super-X ammunition has provided exceptional quality and outstanding performance for all types of hunters and shooters who rely on its time-proven dependability backed by legendary excellence. Hollow PointProvides quick consistent expansion for maximum knock-down performance Contoured JacketControlled expansion Lead CoreIncreases retained weight for deeper penetration &nbsp; Caliber: .44 Magnum Number of Rounds: [&#8230;]","protected":false},"featured_media":1313,"comment_status":"open","ping_status":"closed","template":"","meta":[],"product_brand":[],"product_cat":[186,112],"product_tag":[],"class_list":{"0":"post-1268","1":"product","2":"type-product","3":"status-publish","4":"has-post-thumbnail","6":"product_cat-44-magnum","7":"product_cat-handgun-ammo","9":"first","10":"instock","11":"taxable","12":"shipping-taxable","13":"purchasable","14":"product-type-simple"},"yoast_head":"<!-- This site is optimized with the Yoast SEO Premium plugin v24.6 (Yoast SEO v25.7) - https:\/\/yoast.com\/wordpress\/plugins\/seo\/ -->\n<title>500Rds of Winchester SUPER-X HANDGUN .44 Magnum 240 grain Hollow Soft Point - Bulk Ammunition shop<\/title>\n<meta name=\"robots\" content=\"index, follow, max-snippet:-1, max-image-preview:large, max-video-preview:-1\" \/>\n<link rel=\"canonical\" href=\"https:\/\/www.bulkammunitionshop.com\/sq\/produkt\/500rds-of-winchester-super-x-handgun-44-magnum-240-grain-hollow-soft-point\/\" \/>\n<meta property=\"og:locale\" content=\"sq_AL\" \/>\n<meta property=\"og:type\" content=\"article\" \/>\n<meta property=\"og:title\" content=\"500Rds of Winchester SUPER-X HANDGUN .44 Magnum 240 grain Hollow Soft Point\" \/>\n<meta property=\"og:description\" content=\"Description Since 1922, Super-X ammunition has provided exceptional quality and outstanding performance for all types of hunters and shooters who rely on its time-proven dependability backed by legendary excellence. Hollow PointProvides quick consistent expansion for maximum knock-down performance Contoured JacketControlled expansion Lead CoreIncreases retained weight for deeper penetration &nbsp; Caliber: .44 Magnum Number of Rounds: [...]\" \/>\n<meta property=\"og:url\" content=\"https:\/\/www.bulkammunitionshop.com\/sq\/produkt\/500rds-of-winchester-super-x-handgun-44-magnum-240-grain-hollow-soft-point\/\" \/>\n<meta property=\"og:site_name\" content=\"Bulk Ammunition shop\" \/>\n<meta property=\"article:modified_time\" content=\"2025-06-21T19:57:03+00:00\" \/>\n<meta property=\"og:image\" content=\"https:\/\/i0.wp.com\/www.bulkammunitionshop.com\/wp-content\/uploads\/2022\/05\/opplanet-winchester-super-x-handgun-44-magnum-240-grain-hollow-soft-point-centerfire-pistol-ammo-20-rounds-x44mhsp2-main.jpg?fit=978%2C550&ssl=1\" \/>\n\t<meta property=\"og:image:width\" content=\"978\" \/>\n\t<meta property=\"og:image:height\" content=\"550\" \/>\n\t<meta property=\"og:image:type\" content=\"image\/jpeg\" \/>\n<meta name=\"twitter:card\" content=\"summary_large_image\" \/>\n<script type=\"application\/ld+json\" class=\"yoast-schema-graph\">{\"@context\":\"https:\/\/schema.org\",\"@graph\":[{\"@type\":\"WebPage\",\"@id\":\"https:\/\/www.bulkammunitionshop.com\/product\/500rds-of-winchester-super-x-handgun-44-magnum-240-grain-hollow-soft-point\/\",\"url\":\"https:\/\/www.bulkammunitionshop.com\/product\/500rds-of-winchester-super-x-handgun-44-magnum-240-grain-hollow-soft-point\/\",\"name\":\"500Rds of Winchester SUPER-X HANDGUN .44 Magnum 240 grain Hollow Soft Point - Bulk Ammunition shop\",\"isPartOf\":{\"@id\":\"https:\/\/www.bulkammunitionshop.com\/#website\"},\"primaryImageOfPage\":{\"@id\":\"https:\/\/www.bulkammunitionshop.com\/product\/500rds-of-winchester-super-x-handgun-44-magnum-240-grain-hollow-soft-point\/#primaryimage\"},\"image\":{\"@id\":\"https:\/\/www.bulkammunitionshop.com\/product\/500rds-of-winchester-super-x-handgun-44-magnum-240-grain-hollow-soft-point\/#primaryimage\"},\"thumbnailUrl\":\"https:\/\/www.bulkammunitionshop.com\/wp-content\/uploads\/2022\/05\/opplanet-winchester-super-x-handgun-44-magnum-240-grain-hollow-soft-point-centerfire-pistol-ammo-20-rounds-x44mhsp2-main.jpg\",\"datePublished\":\"2022-05-21T16:24:36+00:00\",\"dateModified\":\"2025-06-21T19:57:03+00:00\",\"breadcrumb\":{\"@id\":\"https:\/\/www.bulkammunitionshop.com\/product\/500rds-of-winchester-super-x-handgun-44-magnum-240-grain-hollow-soft-point\/#breadcrumb\"},\"inLanguage\":\"sq\",\"potentialAction\":[{\"@type\":\"ReadAction\",\"target\":[\"https:\/\/www.bulkammunitionshop.com\/product\/500rds-of-winchester-super-x-handgun-44-magnum-240-grain-hollow-soft-point\/\"]}]},{\"@type\":\"ImageObject\",\"inLanguage\":\"sq\",\"@id\":\"https:\/\/www.bulkammunitionshop.com\/product\/500rds-of-winchester-super-x-handgun-44-magnum-240-grain-hollow-soft-point\/#primaryimage\",\"url\":\"https:\/\/www.bulkammunitionshop.com\/wp-content\/uploads\/2022\/05\/opplanet-winchester-super-x-handgun-44-magnum-240-grain-hollow-soft-point-centerfire-pistol-ammo-20-rounds-x44mhsp2-main.jpg\",\"contentUrl\":\"https:\/\/www.bulkammunitionshop.com\/wp-content\/uploads\/2022\/05\/opplanet-winchester-super-x-handgun-44-magnum-240-grain-hollow-soft-point-centerfire-pistol-ammo-20-rounds-x44mhsp2-main.jpg\",\"width\":978,\"height\":550},{\"@type\":\"BreadcrumbList\",\"@id\":\"https:\/\/www.bulkammunitionshop.com\/product\/500rds-of-winchester-super-x-handgun-44-magnum-240-grain-hollow-soft-point\/#breadcrumb\",\"itemListElement\":[{\"@type\":\"ListItem\",\"position\":1,\"name\":\"Home\",\"item\":\"https:\/\/www.bulkammunitionshop.com\/\"},{\"@type\":\"ListItem\",\"position\":2,\"name\":\"SHOP ALL\",\"item\":\"https:\/\/www.bulkammunitionshop.com\/shop-all\/\"},{\"@type\":\"ListItem\",\"position\":3,\"name\":\"500Rds of Winchester SUPER-X HANDGUN .44 Magnum 240 grain Hollow Soft Point\"}]},{\"@type\":\"WebSite\",\"@id\":\"https:\/\/www.bulkammunitionshop.com\/#website\",\"url\":\"https:\/\/www.bulkammunitionshop.com\/\",\"name\":\"Bulk Ammunition shop\",\"description\":\"Buy Cheap Bulk Ammo Online - Bulk Ammo for Sale- Cheap Ammo Online\",\"potentialAction\":[{\"@type\":\"SearchAction\",\"target\":{\"@type\":\"EntryPoint\",\"urlTemplate\":\"https:\/\/www.bulkammunitionshop.com\/?s={search_term_string}\"},\"query-input\":{\"@type\":\"PropertyValueSpecification\",\"valueRequired\":true,\"valueName\":\"search_term_string\"}}],\"inLanguage\":\"sq\"}]}<\/script>\n<!-- \/ Yoast SEO Premium plugin. -->","yoast_head_json":{"title":"500Rds of Winchester SUPER-X HANDGUN .44 Magnum 240 grain Hollow Soft Point - Bulk Ammunition shop","robots":{"index":"index","follow":"follow","max-snippet":"max-snippet:-1","max-image-preview":"max-image-preview:large","max-video-preview":"max-video-preview:-1"},"canonical":"https:\/\/www.bulkammunitionshop.com\/sq\/produkt\/500rds-of-winchester-super-x-handgun-44-magnum-240-grain-hollow-soft-point\/","og_locale":"sq_AL","og_type":"article","og_title":"500Rds of Winchester SUPER-X HANDGUN .44 Magnum 240 grain Hollow Soft Point","og_description":"Description Since 1922, Super-X ammunition has provided exceptional quality and outstanding performance for all types of hunters and shooters who rely on its time-proven dependability backed by legendary excellence. Hollow PointProvides quick consistent expansion for maximum knock-down performance Contoured JacketControlled expansion Lead CoreIncreases retained weight for deeper penetration &nbsp; Caliber: .44 Magnum Number of Rounds: [...]","og_url":"https:\/\/www.bulkammunitionshop.com\/sq\/produkt\/500rds-of-winchester-super-x-handgun-44-magnum-240-grain-hollow-soft-point\/","og_site_name":"Bulk Ammunition shop","article_modified_time":"2025-06-21T19:57:03+00:00","og_image":[{"width":978,"height":550,"url":"https:\/\/i0.wp.com\/www.bulkammunitionshop.com\/wp-content\/uploads\/2022\/05\/opplanet-winchester-super-x-handgun-44-magnum-240-grain-hollow-soft-point-centerfire-pistol-ammo-20-rounds-x44mhsp2-main.jpg?fit=978%2C550&ssl=1","type":"image\/jpeg"}],"twitter_card":"summary_large_image","schema":{"@context":"https:\/\/schema.org","@graph":[{"@type":"WebPage","@id":"https:\/\/www.bulkammunitionshop.com\/product\/500rds-of-winchester-super-x-handgun-44-magnum-240-grain-hollow-soft-point\/","url":"https:\/\/www.bulkammunitionshop.com\/product\/500rds-of-winchester-super-x-handgun-44-magnum-240-grain-hollow-soft-point\/","name":"500Rds of Winchester SUPER-X HANDGUN .44 Magnum 240 grain Hollow Soft Point - Bulk Ammunition shop","isPartOf":{"@id":"https:\/\/www.bulkammunitionshop.com\/#website"},"primaryImageOfPage":{"@id":"https:\/\/www.bulkammunitionshop.com\/product\/500rds-of-winchester-super-x-handgun-44-magnum-240-grain-hollow-soft-point\/#primaryimage"},"image":{"@id":"https:\/\/www.bulkammunitionshop.com\/product\/500rds-of-winchester-super-x-handgun-44-magnum-240-grain-hollow-soft-point\/#primaryimage"},"thumbnailUrl":"https:\/\/www.bulkammunitionshop.com\/wp-content\/uploads\/2022\/05\/opplanet-winchester-super-x-handgun-44-magnum-240-grain-hollow-soft-point-centerfire-pistol-ammo-20-rounds-x44mhsp2-main.jpg","datePublished":"2022-05-21T16:24:36+00:00","dateModified":"2025-06-21T19:57:03+00:00","breadcrumb":{"@id":"https:\/\/www.bulkammunitionshop.com\/product\/500rds-of-winchester-super-x-handgun-44-magnum-240-grain-hollow-soft-point\/#breadcrumb"},"inLanguage":"sq","potentialAction":[{"@type":"ReadAction","target":["https:\/\/www.bulkammunitionshop.com\/product\/500rds-of-winchester-super-x-handgun-44-magnum-240-grain-hollow-soft-point\/"]}]},{"@type":"ImageObject","inLanguage":"sq","@id":"https:\/\/www.bulkammunitionshop.com\/product\/500rds-of-winchester-super-x-handgun-44-magnum-240-grain-hollow-soft-point\/#primaryimage","url":"https:\/\/www.bulkammunitionshop.com\/wp-content\/uploads\/2022\/05\/opplanet-winchester-super-x-handgun-44-magnum-240-grain-hollow-soft-point-centerfire-pistol-ammo-20-rounds-x44mhsp2-main.jpg","contentUrl":"https:\/\/www.bulkammunitionshop.com\/wp-content\/uploads\/2022\/05\/opplanet-winchester-super-x-handgun-44-magnum-240-grain-hollow-soft-point-centerfire-pistol-ammo-20-rounds-x44mhsp2-main.jpg","width":978,"height":550},{"@type":"BreadcrumbList","@id":"https:\/\/www.bulkammunitionshop.com\/product\/500rds-of-winchester-super-x-handgun-44-magnum-240-grain-hollow-soft-point\/#breadcrumb","itemListElement":[{"@type":"ListItem","position":1,"name":"Home","item":"https:\/\/www.bulkammunitionshop.com\/"},{"@type":"ListItem","position":2,"name":"SHOP ALL","item":"https:\/\/www.bulkammunitionshop.com\/shop-all\/"},{"@type":"ListItem","position":3,"name":"500Rds of Winchester SUPER-X HANDGUN .44 Magnum 240 grain Hollow Soft Point"}]},{"@type":"WebSite","@id":"https:\/\/www.bulkammunitionshop.com\/#website","url":"https:\/\/www.bulkammunitionshop.com\/","name":"Dyqan municionesh me shumic\u00eb","description":"Bleni municione me shumic\u00eb t\u00eb lira n\u00eb internet - Municione me shumic\u00eb n\u00eb shitje - Municione t\u00eb lira n\u00eb internet","potentialAction":[{"@type":"SearchAction","target":{"@type":"EntryPoint","urlTemplate":"https:\/\/www.bulkammunitionshop.com\/?s={search_term_string}"},"query-input":{"@type":"PropertyValueSpecification","valueRequired":true,"valueName":"search_term_string"}}],"inLanguage":"sq"}]}},"jetpack_sharing_enabled":true,"_links":{"self":[{"href":"https:\/\/www.bulkammunitionshop.com\/sq\/wp-json\/wp\/v2\/product\/1268","targetHints":{"allow":["GET"]}}],"collection":[{"href":"https:\/\/www.bulkammunitionshop.com\/sq\/wp-json\/wp\/v2\/product"}],"about":[{"href":"https:\/\/www.bulkammunitionshop.com\/sq\/wp-json\/wp\/v2\/types\/product"}],"replies":[{"embeddable":true,"href":"https:\/\/www.bulkammunitionshop.com\/sq\/wp-json\/wp\/v2\/comments?post=1268"}],"wp:featuredmedia":[{"embeddable":true,"href":"https:\/\/www.bulkammunitionshop.com\/sq\/wp-json\/wp\/v2\/media\/1313"}],"wp:attachment":[{"href":"https:\/\/www.bulkammunitionshop.com\/sq\/wp-json\/wp\/v2\/media?parent=1268"}],"wp:term":[{"taxonomy":"product_brand","embeddable":true,"href":"https:\/\/www.bulkammunitionshop.com\/sq\/wp-json\/wp\/v2\/product_brand?post=1268"},{"taxonomy":"product_cat","embeddable":true,"href":"https:\/\/www.bulkammunitionshop.com\/sq\/wp-json\/wp\/v2\/product_cat?post=1268"},{"taxonomy":"product_tag","embeddable":true,"href":"https:\/\/www.bulkammunitionshop.com\/sq\/wp-json\/wp\/v2\/product_tag?post=1268"}],"curies":[{"name":"wp","href":"https:\/\/api.w.org\/{rel}","templated":true}]}}