{"id":1156,"date":"2022-05-21T16:23:00","date_gmt":"2022-05-21T16:23:00","guid":{"rendered":"https:\/\/www.bulkammunitionshop.com\/?post_type=product&#038;p=1156"},"modified":"2022-05-21T16:23:54","modified_gmt":"2022-05-21T16:23:54","slug":"500rds-of-sk-long-range-match-22-long-rifle","status":"publish","type":"product","link":"https:\/\/www.bulkammunitionshop.com\/sq\/produkt\/500rds-of-sk-long-range-match-22-long-rifle\/","title":{"rendered":"500rds of SK Long Range Match .22 Long Rifle"},"content":{"rendered":"<h1><strong>P\u00ebrshkrimi<\/strong><\/h1>\n<p>Long Range Match was developed for demanding .22 LR enthusiasts routinely acquiring targets out to 100 yards and beyond. It is purpose-built for todays long range rimfire shooting disciplines ever-increasing in popularity, such as PRC, tactical rimfire, long range silhouette and more.<\/p>\n<p>SK Long Range delivers accurate, high-quality rounds that reliably feed through your competitive target rifle. Centerfire competition shooters will also find SK Long Range Match the ideal training companion to prepare with .22 platforms similar to their big bore configuration. Whether youre actively competing in todays popular long range rimfire sports or connecting with LR targets from the firing line at your local club, instill the confidence you deserve with new SK Long Range Match.<\/p>\n<table class=\"spec-table\" border=\"0\" cellspacing=\"0\" cellpadding=\"0\">\n<tbody>\n<tr>\n<td class=\"spec-left-column\">Kalibri:<\/td>\n<td width=\"50%\">.22 Long Rifle<\/td>\n<\/tr>\n<tr>\n<td class=\"spec-left-column\">Numri i raundeve:<\/td>\n<td width=\"50%\">500<\/td>\n<\/tr>\n<tr>\n<td class=\"spec-left-column\">Lloji i plumbit:<\/td>\n<td width=\"50%\">Lead Round Nose (LRN)<\/td>\n<\/tr>\n<tr>\n<td class=\"spec-left-column\">Pesha e plumbit:<\/td>\n<td width=\"50%\">40 grain<\/td>\n<\/tr>\n<tr>\n<td class=\"spec-left-column\">Materiali i fishekut:<\/td>\n<td width=\"50%\">Tunxh<\/td>\n<\/tr>\n<tr>\n<td class=\"spec-left-column\">Shpejt\u00ebsia e gryk\u00ebs:<\/td>\n<td width=\"50%\">1099 ft\/s<\/td>\n<\/tr>\n<tr>\n<td class=\"spec-left-column\">Vendndodhja Primer:<\/td>\n<td width=\"50%\">Rimfire<\/td>\n<\/tr>\n<tr>\n<td class=\"spec-left-column\">Energjia e surratit:<\/td>\n<td width=\"50%\">107 ft-lbs<\/td>\n<\/tr>\n<\/tbody>\n<\/table>\n<p>&nbsp;<\/p>","protected":false},"excerpt":{"rendered":"<p>Description Long Range Match was developed for demanding .22 LR enthusiasts routinely acquiring targets out to 100 yards and beyond. It is purpose-built for todays long range rimfire shooting disciplines ever-increasing in popularity, such as PRC, tactical rimfire, long range silhouette and more. SK Long Range delivers accurate, high-quality rounds that reliably feed through your [&#8230;]","protected":false},"featured_media":1210,"comment_status":"open","ping_status":"closed","template":"","meta":[],"product_brand":[],"product_cat":[128,123],"product_tag":[],"class_list":{"0":"post-1156","1":"product","2":"type-product","3":"status-publish","4":"has-post-thumbnail","6":"product_cat-22lr","7":"product_cat-rimfire-ammo","9":"first","10":"instock","11":"taxable","12":"shipping-taxable","13":"purchasable","14":"product-type-simple"},"yoast_head":"<!-- This site is optimized with the Yoast SEO Premium plugin v24.6 (Yoast SEO v25.7) - https:\/\/yoast.com\/wordpress\/plugins\/seo\/ -->\n<title>500rds of SK Long Range Match .22 Long Rifle - Bulk Ammunition shop<\/title>\n<meta name=\"robots\" content=\"index, follow, max-snippet:-1, max-image-preview:large, max-video-preview:-1\" \/>\n<link rel=\"canonical\" href=\"https:\/\/www.bulkammunitionshop.com\/sq\/produkt\/500rds-of-sk-long-range-match-22-long-rifle\/\" \/>\n<meta property=\"og:locale\" content=\"sq_AL\" \/>\n<meta property=\"og:type\" content=\"article\" \/>\n<meta property=\"og:title\" content=\"500rds of SK Long Range Match .22 Long Rifle\" \/>\n<meta property=\"og:description\" content=\"Description Long Range Match was developed for demanding .22 LR enthusiasts routinely acquiring targets out to 100 yards and beyond. It is purpose-built for todays long range rimfire shooting disciplines ever-increasing in popularity, such as PRC, tactical rimfire, long range silhouette and more. SK Long Range delivers accurate, high-quality rounds that reliably feed through your [...]\" \/>\n<meta property=\"og:url\" content=\"https:\/\/www.bulkammunitionshop.com\/sq\/produkt\/500rds-of-sk-long-range-match-22-long-rifle\/\" \/>\n<meta property=\"og:site_name\" content=\"Bulk Ammunition shop\" \/>\n<meta property=\"article:modified_time\" content=\"2022-05-21T16:23:54+00:00\" \/>\n<meta property=\"og:image\" content=\"https:\/\/i0.wp.com\/www.bulkammunitionshop.com\/wp-content\/uploads\/2022\/05\/opplanet-sk-long-range-match-22-long-rifle-40-grain-lead-round-nose-brass-cased-rimfire-ammo-50-rounds-420158-main.jpg?fit=978%2C550&ssl=1\" \/>\n\t<meta property=\"og:image:width\" content=\"978\" \/>\n\t<meta property=\"og:image:height\" content=\"550\" \/>\n\t<meta property=\"og:image:type\" content=\"image\/jpeg\" \/>\n<meta name=\"twitter:card\" content=\"summary_large_image\" \/>\n<meta name=\"twitter:label1\" content=\"Est. reading time\" \/>\n\t<meta name=\"twitter:data1\" content=\"1 minut\u00eb\" \/>\n<script type=\"application\/ld+json\" class=\"yoast-schema-graph\">{\"@context\":\"https:\/\/schema.org\",\"@graph\":[{\"@type\":\"WebPage\",\"@id\":\"https:\/\/www.bulkammunitionshop.com\/product\/500rds-of-sk-long-range-match-22-long-rifle\/\",\"url\":\"https:\/\/www.bulkammunitionshop.com\/product\/500rds-of-sk-long-range-match-22-long-rifle\/\",\"name\":\"500rds of SK Long Range Match .22 Long Rifle - Bulk Ammunition shop\",\"isPartOf\":{\"@id\":\"https:\/\/www.bulkammunitionshop.com\/#website\"},\"primaryImageOfPage\":{\"@id\":\"https:\/\/www.bulkammunitionshop.com\/product\/500rds-of-sk-long-range-match-22-long-rifle\/#primaryimage\"},\"image\":{\"@id\":\"https:\/\/www.bulkammunitionshop.com\/product\/500rds-of-sk-long-range-match-22-long-rifle\/#primaryimage\"},\"thumbnailUrl\":\"https:\/\/www.bulkammunitionshop.com\/wp-content\/uploads\/2022\/05\/opplanet-sk-long-range-match-22-long-rifle-40-grain-lead-round-nose-brass-cased-rimfire-ammo-50-rounds-420158-main.jpg\",\"datePublished\":\"2022-05-21T16:23:00+00:00\",\"dateModified\":\"2022-05-21T16:23:54+00:00\",\"breadcrumb\":{\"@id\":\"https:\/\/www.bulkammunitionshop.com\/product\/500rds-of-sk-long-range-match-22-long-rifle\/#breadcrumb\"},\"inLanguage\":\"sq\",\"potentialAction\":[{\"@type\":\"ReadAction\",\"target\":[\"https:\/\/www.bulkammunitionshop.com\/product\/500rds-of-sk-long-range-match-22-long-rifle\/\"]}]},{\"@type\":\"ImageObject\",\"inLanguage\":\"sq\",\"@id\":\"https:\/\/www.bulkammunitionshop.com\/product\/500rds-of-sk-long-range-match-22-long-rifle\/#primaryimage\",\"url\":\"https:\/\/www.bulkammunitionshop.com\/wp-content\/uploads\/2022\/05\/opplanet-sk-long-range-match-22-long-rifle-40-grain-lead-round-nose-brass-cased-rimfire-ammo-50-rounds-420158-main.jpg\",\"contentUrl\":\"https:\/\/www.bulkammunitionshop.com\/wp-content\/uploads\/2022\/05\/opplanet-sk-long-range-match-22-long-rifle-40-grain-lead-round-nose-brass-cased-rimfire-ammo-50-rounds-420158-main.jpg\",\"width\":978,\"height\":550},{\"@type\":\"BreadcrumbList\",\"@id\":\"https:\/\/www.bulkammunitionshop.com\/product\/500rds-of-sk-long-range-match-22-long-rifle\/#breadcrumb\",\"itemListElement\":[{\"@type\":\"ListItem\",\"position\":1,\"name\":\"Home\",\"item\":\"https:\/\/www.bulkammunitionshop.com\/\"},{\"@type\":\"ListItem\",\"position\":2,\"name\":\"SHOP ALL\",\"item\":\"https:\/\/www.bulkammunitionshop.com\/shop-all\/\"},{\"@type\":\"ListItem\",\"position\":3,\"name\":\"500rds of SK Long Range Match .22 Long Rifle\"}]},{\"@type\":\"WebSite\",\"@id\":\"https:\/\/www.bulkammunitionshop.com\/#website\",\"url\":\"https:\/\/www.bulkammunitionshop.com\/\",\"name\":\"Bulk Ammunition shop\",\"description\":\"Buy Cheap Bulk Ammo Online - Bulk Ammo for Sale- Cheap Ammo Online\",\"potentialAction\":[{\"@type\":\"SearchAction\",\"target\":{\"@type\":\"EntryPoint\",\"urlTemplate\":\"https:\/\/www.bulkammunitionshop.com\/?s={search_term_string}\"},\"query-input\":{\"@type\":\"PropertyValueSpecification\",\"valueRequired\":true,\"valueName\":\"search_term_string\"}}],\"inLanguage\":\"sq\"}]}<\/script>\n<!-- \/ Yoast SEO Premium plugin. -->","yoast_head_json":{"title":"500rds of SK Long Range Match .22 Long Rifle - Bulk Ammunition shop","robots":{"index":"index","follow":"follow","max-snippet":"max-snippet:-1","max-image-preview":"max-image-preview:large","max-video-preview":"max-video-preview:-1"},"canonical":"https:\/\/www.bulkammunitionshop.com\/sq\/produkt\/500rds-of-sk-long-range-match-22-long-rifle\/","og_locale":"sq_AL","og_type":"article","og_title":"500rds of SK Long Range Match .22 Long Rifle","og_description":"Description Long Range Match was developed for demanding .22 LR enthusiasts routinely acquiring targets out to 100 yards and beyond. It is purpose-built for todays long range rimfire shooting disciplines ever-increasing in popularity, such as PRC, tactical rimfire, long range silhouette and more. SK Long Range delivers accurate, high-quality rounds that reliably feed through your [...]","og_url":"https:\/\/www.bulkammunitionshop.com\/sq\/produkt\/500rds-of-sk-long-range-match-22-long-rifle\/","og_site_name":"Bulk Ammunition shop","article_modified_time":"2022-05-21T16:23:54+00:00","og_image":[{"width":978,"height":550,"url":"https:\/\/i0.wp.com\/www.bulkammunitionshop.com\/wp-content\/uploads\/2022\/05\/opplanet-sk-long-range-match-22-long-rifle-40-grain-lead-round-nose-brass-cased-rimfire-ammo-50-rounds-420158-main.jpg?fit=978%2C550&ssl=1","type":"image\/jpeg"}],"twitter_card":"summary_large_image","twitter_misc":{"Est. reading time":"1 minut\u00eb"},"schema":{"@context":"https:\/\/schema.org","@graph":[{"@type":"WebPage","@id":"https:\/\/www.bulkammunitionshop.com\/product\/500rds-of-sk-long-range-match-22-long-rifle\/","url":"https:\/\/www.bulkammunitionshop.com\/product\/500rds-of-sk-long-range-match-22-long-rifle\/","name":"500rds of SK Long Range Match .22 Long Rifle - Bulk Ammunition shop","isPartOf":{"@id":"https:\/\/www.bulkammunitionshop.com\/#website"},"primaryImageOfPage":{"@id":"https:\/\/www.bulkammunitionshop.com\/product\/500rds-of-sk-long-range-match-22-long-rifle\/#primaryimage"},"image":{"@id":"https:\/\/www.bulkammunitionshop.com\/product\/500rds-of-sk-long-range-match-22-long-rifle\/#primaryimage"},"thumbnailUrl":"https:\/\/www.bulkammunitionshop.com\/wp-content\/uploads\/2022\/05\/opplanet-sk-long-range-match-22-long-rifle-40-grain-lead-round-nose-brass-cased-rimfire-ammo-50-rounds-420158-main.jpg","datePublished":"2022-05-21T16:23:00+00:00","dateModified":"2022-05-21T16:23:54+00:00","breadcrumb":{"@id":"https:\/\/www.bulkammunitionshop.com\/product\/500rds-of-sk-long-range-match-22-long-rifle\/#breadcrumb"},"inLanguage":"sq","potentialAction":[{"@type":"ReadAction","target":["https:\/\/www.bulkammunitionshop.com\/product\/500rds-of-sk-long-range-match-22-long-rifle\/"]}]},{"@type":"ImageObject","inLanguage":"sq","@id":"https:\/\/www.bulkammunitionshop.com\/product\/500rds-of-sk-long-range-match-22-long-rifle\/#primaryimage","url":"https:\/\/www.bulkammunitionshop.com\/wp-content\/uploads\/2022\/05\/opplanet-sk-long-range-match-22-long-rifle-40-grain-lead-round-nose-brass-cased-rimfire-ammo-50-rounds-420158-main.jpg","contentUrl":"https:\/\/www.bulkammunitionshop.com\/wp-content\/uploads\/2022\/05\/opplanet-sk-long-range-match-22-long-rifle-40-grain-lead-round-nose-brass-cased-rimfire-ammo-50-rounds-420158-main.jpg","width":978,"height":550},{"@type":"BreadcrumbList","@id":"https:\/\/www.bulkammunitionshop.com\/product\/500rds-of-sk-long-range-match-22-long-rifle\/#breadcrumb","itemListElement":[{"@type":"ListItem","position":1,"name":"Home","item":"https:\/\/www.bulkammunitionshop.com\/"},{"@type":"ListItem","position":2,"name":"SHOP ALL","item":"https:\/\/www.bulkammunitionshop.com\/shop-all\/"},{"@type":"ListItem","position":3,"name":"500rds of SK Long Range Match .22 Long Rifle"}]},{"@type":"WebSite","@id":"https:\/\/www.bulkammunitionshop.com\/#website","url":"https:\/\/www.bulkammunitionshop.com\/","name":"Dyqan municionesh me shumic\u00eb","description":"Bleni municione me shumic\u00eb t\u00eb lira n\u00eb internet - Municione me shumic\u00eb n\u00eb shitje - Municione t\u00eb lira n\u00eb internet","potentialAction":[{"@type":"SearchAction","target":{"@type":"EntryPoint","urlTemplate":"https:\/\/www.bulkammunitionshop.com\/?s={search_term_string}"},"query-input":{"@type":"PropertyValueSpecification","valueRequired":true,"valueName":"search_term_string"}}],"inLanguage":"sq"}]}},"jetpack_sharing_enabled":true,"_links":{"self":[{"href":"https:\/\/www.bulkammunitionshop.com\/sq\/wp-json\/wp\/v2\/product\/1156","targetHints":{"allow":["GET"]}}],"collection":[{"href":"https:\/\/www.bulkammunitionshop.com\/sq\/wp-json\/wp\/v2\/product"}],"about":[{"href":"https:\/\/www.bulkammunitionshop.com\/sq\/wp-json\/wp\/v2\/types\/product"}],"replies":[{"embeddable":true,"href":"https:\/\/www.bulkammunitionshop.com\/sq\/wp-json\/wp\/v2\/comments?post=1156"}],"wp:featuredmedia":[{"embeddable":true,"href":"https:\/\/www.bulkammunitionshop.com\/sq\/wp-json\/wp\/v2\/media\/1210"}],"wp:attachment":[{"href":"https:\/\/www.bulkammunitionshop.com\/sq\/wp-json\/wp\/v2\/media?parent=1156"}],"wp:term":[{"taxonomy":"product_brand","embeddable":true,"href":"https:\/\/www.bulkammunitionshop.com\/sq\/wp-json\/wp\/v2\/product_brand?post=1156"},{"taxonomy":"product_cat","embeddable":true,"href":"https:\/\/www.bulkammunitionshop.com\/sq\/wp-json\/wp\/v2\/product_cat?post=1156"},{"taxonomy":"product_tag","embeddable":true,"href":"https:\/\/www.bulkammunitionshop.com\/sq\/wp-json\/wp\/v2\/product_tag?post=1156"}],"curies":[{"name":"wp","href":"https:\/\/api.w.org\/{rel}","templated":true}]}}