{"id":2987,"date":"2022-10-23T09:08:11","date_gmt":"2022-10-23T09:08:11","guid":{"rendered":"https:\/\/www.bulkammunitionshop.com\/?post_type=product&#038;p=2987"},"modified":"2022-10-23T09:08:11","modified_gmt":"2022-10-23T09:08:11","slug":"streljivo-barnes-vor-tx-300-weatherby-magnum-180-grain-ttsx-s-polimerno-konico-spitzer-rep-colna-brez-svinca-300-nabojev","status":"publish","type":"product","link":"https:\/\/www.bulkammunitionshop.com\/sl\/izdelek\/streljivo-barnes-vor-tx-300-weatherby-magnum-180-grain-ttsx-s-polimerno-konico-spitzer-rep-colna-brez-svinca-300-nabojev\/","title":{"rendered":"Strelivo Barnes Vor-TX 300 WEATHERBY MAGNUM 180 GRAIN TTSX s polimerno konico SPITZER za \u010doln, brez svinca, 300 nabojev"},"content":{"rendered":"<ul class=\"tabs wc-tabs product-tabs small-nav-collapse nav nav-uppercase nav-line nav-left\" role=\"tablist\">\n<li id=\"tab-title-description\" class=\"description_tab active\" role=\"tab\" aria-controls=\"tab-description\">OPIS<\/li>\n<\/ul>\n<div class=\"tab-panels\">\n<div id=\"tab-description\" class=\"woocommerce-Tabs-panel woocommerce-Tabs-panel--description panel entry-content active\" role=\"tabpanel\" aria-labelledby=\"tab-title-description\">\n<div class=\"sc_layouts_title_title\">\n<h1 class=\"sc_layouts_title_caption\">Strelivo Barnes Vor-TX 300 WEATHERBY MAGNUM 180 GRAIN TTSX s polimerno konico SPITZER za \u010doln, brez svinca, 300 nabojev<\/h1>\n<p>Barnesovi krogelniki so imeli v preteklosti sloves hitrega, \u010distega in humanega ubijanja. Zdaj pa svoje zelo cenjene krogelnike dvigujejo na vi\u0161jo raven in jih polnijo v strelivo.<\/p>\n<p>Tako kot njegov bratranec Triple-Shock tudi krogla Tipped Triple-Shock zagotavlja enako pravilo \u00bbs tremi udarci si zunaj\u00ab. En udarec, ko zadene divjad, dva, ko se krogla za\u010dne odpirati, in tretji udarec, ko se votlina popolnoma raz\u0161iri, da se zagotovi dodaten udarec z maksimalno preneseno energijo. Dodana polimerna konica ustvarja hitrej\u0161o stopnjo ekspanzije in bolj\u0161o balistiko na dolge razdalje. Idealna za srednje veliko divjad.<\/p>\n<p>Strelivo Barnes VOR-TX je izdelano z natan\u010dnimi tolerancami, ki zagotavljajo odli\u010dno natan\u010dnost in konstantne hitrosti. To strelivo je nove proizvodnje, nerjave\u010de, v medeninastih tulcih z boksarskim premazom, ki jih je mogo\u010de ponovno napolniti.<\/p>\n<h3>INFORMACIJE O IZDELKU<\/h3>\n<table class=\"product-specs-table padding-none stack-l width-100\">\n<tbody>\n<tr class=\"product-specs-table-container is-selectable\">\n<td class=\"product-specs-table-detail\">Kartu\u0161a<\/td>\n<td class=\"product-specs-table-definition\">300 Weatherby Magnum<\/td>\n<\/tr>\n<tr class=\"product-specs-table-container\">\n<td class=\"product-specs-table-detail\">Te\u017ea zrna<\/td>\n<td class=\"product-specs-table-definition\">180 zrn<\/td>\n<\/tr>\n<tr class=\"product-specs-table-container is-selectable\">\n<td class=\"product-specs-table-detail\">Koli\u010dina<\/td>\n<td class=\"product-specs-table-definition\">300 krogov<\/td>\n<\/tr>\n<tr class=\"product-specs-table-container\">\n<td class=\"product-specs-table-detail\">Hitrost na ustju cevi<\/td>\n<td class=\"product-specs-table-definition\">3100 \u010devljev na sekundo<\/td>\n<\/tr>\n<tr class=\"product-specs-table-container\">\n<td class=\"product-specs-table-detail\">Energija gobca<\/td>\n<td class=\"product-specs-table-definition\">3842 funtov na nogo<\/td>\n<\/tr>\n<tr class=\"product-specs-table-container\">\n<td class=\"product-specs-table-detail\">Slog krogle<\/td>\n<td class=\"product-specs-table-definition\">Polimerna konica<\/td>\n<\/tr>\n<tr class=\"product-specs-table-container\">\n<td class=\"product-specs-table-detail\">Znamka in model krogle<\/td>\n<td class=\"product-specs-table-definition\">Barnes Tipped Triple-Shock X<\/td>\n<\/tr>\n<tr class=\"product-specs-table-container\">\n<td class=\"product-specs-table-detail\">Brez svinca<\/td>\n<td class=\"product-specs-table-definition\">Da<\/td>\n<\/tr>\n<tr class=\"product-specs-table-container\">\n<td class=\"product-specs-table-detail\">Vrsta primera<\/td>\n<td class=\"product-specs-table-definition\">Medenina<\/td>\n<\/tr>\n<tr class=\"product-specs-table-container\">\n<td class=\"product-specs-table-detail\">Temeljni premaz<\/td>\n<td class=\"product-specs-table-definition\">Boksar<\/td>\n<\/tr>\n<tr class=\"product-specs-table-container\">\n<td class=\"product-specs-table-detail\">Jedko<\/td>\n<td class=\"product-specs-table-definition\">Da<\/td>\n<\/tr>\n<tr class=\"product-specs-table-container\">\n<td class=\"product-specs-table-detail\">Ponovno napolniti<\/td>\n<td class=\"product-specs-table-definition\">Da<\/td>\n<\/tr>\n<tr class=\"product-specs-table-container\">\n<td class=\"product-specs-table-detail\">Balisti\u010dni koeficient G1<\/td>\n<td class=\"product-specs-table-definition\">0.484<\/td>\n<\/tr>\n<tr class=\"product-specs-table-container\">\n<td class=\"product-specs-table-detail\">Sekcijska gostota<\/td>\n<td class=\"product-specs-table-definition\">0.271<\/td>\n<\/tr>\n<tr class=\"product-specs-table-container\">\n<td class=\"product-specs-table-detail\">Ocena hitrosti<\/td>\n<td class=\"product-specs-table-definition\">Nadzvo\u010dno<\/td>\n<\/tr>\n<tr class=\"product-specs-table-container\">\n<td class=\"product-specs-table-detail\">Dr\u017eava izvora<\/td>\n<td class=\"product-specs-table-definition\">Zdru\u017eene dr\u017eave Amerike<\/td>\n<\/tr>\n<\/tbody>\n<\/table>\n<\/div>\n<\/div>\n<\/div>","protected":false},"excerpt":{"rendered":"<p>Ta izdelek je na zalogi in pripravljen za odpremo. 100% Hitra dostava zagotovljena. Naro\u010dite zdaj!<\/p>\n<form class=\"cart\" action=\"https:\/\/armoryweapons.com\/product\/barnes-vor-tx-ammunition-300-weatherby-magnum-180-grain-ttsx-polymer-tipped-spitzer-boat-tail-lead-free-300-rounds\/\" enctype=\"multipart\/form-data\" method=\"post\">\n<div class=\"quantity buttons_added\"><\/div>\n<\/form>","protected":false},"featured_media":2989,"comment_status":"open","ping_status":"closed","template":"","meta":[],"product_brand":[],"product_cat":[268,121],"product_tag":[],"class_list":{"0":"post-2987","1":"product","2":"type-product","3":"status-publish","4":"has-post-thumbnail","6":"product_cat-300-weatherby-magnum","7":"product_cat-rifle-ammo","9":"first","10":"instock","11":"taxable","12":"shipping-taxable","13":"purchasable","14":"product-type-simple"},"yoast_head":"<!-- This site is optimized with the Yoast SEO Premium plugin v24.6 (Yoast SEO v25.7) - https:\/\/yoast.com\/wordpress\/plugins\/seo\/ -->\n<title>BARNES VOR-TX AMMUNITION 300 WEATHERBY MAGNUM 180 GRAIN TTSX POLYMER TIPPED SPITZER BOAT TAIL LEAD-FREE 300 ROUNDS - Bulk Ammunition shop<\/title>\n<meta name=\"robots\" content=\"index, follow, max-snippet:-1, max-image-preview:large, max-video-preview:-1\" \/>\n<link rel=\"canonical\" href=\"https:\/\/www.bulkammunitionshop.com\/sl\/izdelek\/streljivo-barnes-vor-tx-300-weatherby-magnum-180-grain-ttsx-s-polimerno-konico-spitzer-rep-colna-brez-svinca-300-nabojev\/\" \/>\n<meta property=\"og:locale\" content=\"sl_SI\" \/>\n<meta property=\"og:type\" content=\"article\" \/>\n<meta property=\"og:title\" content=\"BARNES VOR-TX AMMUNITION 300 WEATHERBY MAGNUM 180 GRAIN TTSX POLYMER TIPPED SPITZER BOAT TAIL LEAD-FREE 300 ROUNDS\" \/>\n<meta property=\"og:description\" content=\"This Product Is In Stock and Ready to Ship. 100% Fast Shipping Guaranteed. Place Order Now!\" \/>\n<meta property=\"og:url\" content=\"https:\/\/www.bulkammunitionshop.com\/sl\/izdelek\/streljivo-barnes-vor-tx-300-weatherby-magnum-180-grain-ttsx-s-polimerno-konico-spitzer-rep-colna-brez-svinca-300-nabojev\/\" \/>\n<meta property=\"og:site_name\" content=\"Bulk Ammunition shop\" \/>\n<meta property=\"og:image\" content=\"http:\/\/www.bulkammunitionshop.com\/wp-content\/uploads\/2022\/10\/BARNES-VOR-TX-AMMUNITION-300-WEATHERBY-MAGNUM-180-GRAIN-TTSX-POLYMER-TIPPED-SPITZER-BOAT-TAIL-LEAD-FREE-300-ROUNDS-510x383-1.jpg\" \/>\n\t<meta property=\"og:image:width\" content=\"510\" \/>\n\t<meta property=\"og:image:height\" content=\"383\" \/>\n\t<meta property=\"og:image:type\" content=\"image\/jpeg\" \/>\n<meta name=\"twitter:card\" content=\"summary_large_image\" \/>\n<meta name=\"twitter:label1\" content=\"Est. reading time\" \/>\n\t<meta name=\"twitter:data1\" content=\"1 minuta\" \/>\n<script type=\"application\/ld+json\" class=\"yoast-schema-graph\">{\"@context\":\"https:\/\/schema.org\",\"@graph\":[{\"@type\":\"WebPage\",\"@id\":\"https:\/\/www.bulkammunitionshop.com\/product\/barnes-vor-tx-ammunition-300-weatherby-magnum-180-grain-ttsx-polymer-tipped-spitzer-boat-tail-lead-free-300-rounds\/\",\"url\":\"https:\/\/www.bulkammunitionshop.com\/product\/barnes-vor-tx-ammunition-300-weatherby-magnum-180-grain-ttsx-polymer-tipped-spitzer-boat-tail-lead-free-300-rounds\/\",\"name\":\"BARNES VOR-TX AMMUNITION 300 WEATHERBY MAGNUM 180 GRAIN TTSX POLYMER TIPPED SPITZER BOAT TAIL LEAD-FREE 300 ROUNDS - Bulk Ammunition shop\",\"isPartOf\":{\"@id\":\"https:\/\/www.bulkammunitionshop.com\/#website\"},\"primaryImageOfPage\":{\"@id\":\"https:\/\/www.bulkammunitionshop.com\/product\/barnes-vor-tx-ammunition-300-weatherby-magnum-180-grain-ttsx-polymer-tipped-spitzer-boat-tail-lead-free-300-rounds\/#primaryimage\"},\"image\":{\"@id\":\"https:\/\/www.bulkammunitionshop.com\/product\/barnes-vor-tx-ammunition-300-weatherby-magnum-180-grain-ttsx-polymer-tipped-spitzer-boat-tail-lead-free-300-rounds\/#primaryimage\"},\"thumbnailUrl\":\"https:\/\/www.bulkammunitionshop.com\/wp-content\/uploads\/2022\/10\/BARNES-VOR-TX-AMMUNITION-300-WEATHERBY-MAGNUM-180-GRAIN-TTSX-POLYMER-TIPPED-SPITZER-BOAT-TAIL-LEAD-FREE-300-ROUNDS-510x383-1.jpg\",\"datePublished\":\"2022-10-23T09:08:11+00:00\",\"breadcrumb\":{\"@id\":\"https:\/\/www.bulkammunitionshop.com\/product\/barnes-vor-tx-ammunition-300-weatherby-magnum-180-grain-ttsx-polymer-tipped-spitzer-boat-tail-lead-free-300-rounds\/#breadcrumb\"},\"inLanguage\":\"sl-SI\",\"potentialAction\":[{\"@type\":\"ReadAction\",\"target\":[\"https:\/\/www.bulkammunitionshop.com\/product\/barnes-vor-tx-ammunition-300-weatherby-magnum-180-grain-ttsx-polymer-tipped-spitzer-boat-tail-lead-free-300-rounds\/\"]}]},{\"@type\":\"ImageObject\",\"inLanguage\":\"sl-SI\",\"@id\":\"https:\/\/www.bulkammunitionshop.com\/product\/barnes-vor-tx-ammunition-300-weatherby-magnum-180-grain-ttsx-polymer-tipped-spitzer-boat-tail-lead-free-300-rounds\/#primaryimage\",\"url\":\"https:\/\/www.bulkammunitionshop.com\/wp-content\/uploads\/2022\/10\/BARNES-VOR-TX-AMMUNITION-300-WEATHERBY-MAGNUM-180-GRAIN-TTSX-POLYMER-TIPPED-SPITZER-BOAT-TAIL-LEAD-FREE-300-ROUNDS-510x383-1.jpg\",\"contentUrl\":\"https:\/\/www.bulkammunitionshop.com\/wp-content\/uploads\/2022\/10\/BARNES-VOR-TX-AMMUNITION-300-WEATHERBY-MAGNUM-180-GRAIN-TTSX-POLYMER-TIPPED-SPITZER-BOAT-TAIL-LEAD-FREE-300-ROUNDS-510x383-1.jpg\",\"width\":510,\"height\":383},{\"@type\":\"BreadcrumbList\",\"@id\":\"https:\/\/www.bulkammunitionshop.com\/product\/barnes-vor-tx-ammunition-300-weatherby-magnum-180-grain-ttsx-polymer-tipped-spitzer-boat-tail-lead-free-300-rounds\/#breadcrumb\",\"itemListElement\":[{\"@type\":\"ListItem\",\"position\":1,\"name\":\"Home\",\"item\":\"https:\/\/www.bulkammunitionshop.com\/\"},{\"@type\":\"ListItem\",\"position\":2,\"name\":\"SHOP ALL\",\"item\":\"https:\/\/www.bulkammunitionshop.com\/shop-all\/\"},{\"@type\":\"ListItem\",\"position\":3,\"name\":\"BARNES VOR-TX AMMUNITION 300 WEATHERBY MAGNUM 180 GRAIN TTSX POLYMER TIPPED SPITZER BOAT TAIL LEAD-FREE 300 ROUNDS\"}]},{\"@type\":\"WebSite\",\"@id\":\"https:\/\/www.bulkammunitionshop.com\/#website\",\"url\":\"https:\/\/www.bulkammunitionshop.com\/\",\"name\":\"Bulk Ammunition shop\",\"description\":\"Buy Cheap Bulk Ammo Online - Bulk Ammo for Sale- Cheap Ammo Online\",\"potentialAction\":[{\"@type\":\"SearchAction\",\"target\":{\"@type\":\"EntryPoint\",\"urlTemplate\":\"https:\/\/www.bulkammunitionshop.com\/?s={search_term_string}\"},\"query-input\":{\"@type\":\"PropertyValueSpecification\",\"valueRequired\":true,\"valueName\":\"search_term_string\"}}],\"inLanguage\":\"sl-SI\"}]}<\/script>\n<!-- \/ Yoast SEO Premium plugin. -->","yoast_head_json":{"title":"Strelivo Barnes Vor-TX 300 nabojev Weatherby Magnum 180 Grain TTSX s polimerno konico, SPITZER, brez svinca, 300 nabojev - Trgovina s strelivom v razsutem stanju","robots":{"index":"index","follow":"follow","max-snippet":"max-snippet:-1","max-image-preview":"max-image-preview:large","max-video-preview":"max-video-preview:-1"},"canonical":"https:\/\/www.bulkammunitionshop.com\/sl\/izdelek\/streljivo-barnes-vor-tx-300-weatherby-magnum-180-grain-ttsx-s-polimerno-konico-spitzer-rep-colna-brez-svinca-300-nabojev\/","og_locale":"sl_SI","og_type":"article","og_title":"BARNES VOR-TX AMMUNITION 300 WEATHERBY MAGNUM 180 GRAIN TTSX POLYMER TIPPED SPITZER BOAT TAIL LEAD-FREE 300 ROUNDS","og_description":"This Product Is In Stock and Ready to Ship. 100% Fast Shipping Guaranteed. Place Order Now!","og_url":"https:\/\/www.bulkammunitionshop.com\/sl\/izdelek\/streljivo-barnes-vor-tx-300-weatherby-magnum-180-grain-ttsx-s-polimerno-konico-spitzer-rep-colna-brez-svinca-300-nabojev\/","og_site_name":"Bulk Ammunition shop","og_image":[{"width":510,"height":383,"url":"http:\/\/www.bulkammunitionshop.com\/wp-content\/uploads\/2022\/10\/BARNES-VOR-TX-AMMUNITION-300-WEATHERBY-MAGNUM-180-GRAIN-TTSX-POLYMER-TIPPED-SPITZER-BOAT-TAIL-LEAD-FREE-300-ROUNDS-510x383-1.jpg","type":"image\/jpeg"}],"twitter_card":"summary_large_image","twitter_misc":{"Est. reading time":"1 minuta"},"schema":{"@context":"https:\/\/schema.org","@graph":[{"@type":"WebPage","@id":"https:\/\/www.bulkammunitionshop.com\/product\/barnes-vor-tx-ammunition-300-weatherby-magnum-180-grain-ttsx-polymer-tipped-spitzer-boat-tail-lead-free-300-rounds\/","url":"https:\/\/www.bulkammunitionshop.com\/product\/barnes-vor-tx-ammunition-300-weatherby-magnum-180-grain-ttsx-polymer-tipped-spitzer-boat-tail-lead-free-300-rounds\/","name":"Strelivo Barnes Vor-TX 300 nabojev Weatherby Magnum 180 Grain TTSX s polimerno konico, SPITZER, brez svinca, 300 nabojev - Trgovina s strelivom v razsutem stanju","isPartOf":{"@id":"https:\/\/www.bulkammunitionshop.com\/#website"},"primaryImageOfPage":{"@id":"https:\/\/www.bulkammunitionshop.com\/product\/barnes-vor-tx-ammunition-300-weatherby-magnum-180-grain-ttsx-polymer-tipped-spitzer-boat-tail-lead-free-300-rounds\/#primaryimage"},"image":{"@id":"https:\/\/www.bulkammunitionshop.com\/product\/barnes-vor-tx-ammunition-300-weatherby-magnum-180-grain-ttsx-polymer-tipped-spitzer-boat-tail-lead-free-300-rounds\/#primaryimage"},"thumbnailUrl":"https:\/\/www.bulkammunitionshop.com\/wp-content\/uploads\/2022\/10\/BARNES-VOR-TX-AMMUNITION-300-WEATHERBY-MAGNUM-180-GRAIN-TTSX-POLYMER-TIPPED-SPITZER-BOAT-TAIL-LEAD-FREE-300-ROUNDS-510x383-1.jpg","datePublished":"2022-10-23T09:08:11+00:00","breadcrumb":{"@id":"https:\/\/www.bulkammunitionshop.com\/product\/barnes-vor-tx-ammunition-300-weatherby-magnum-180-grain-ttsx-polymer-tipped-spitzer-boat-tail-lead-free-300-rounds\/#breadcrumb"},"inLanguage":"sl-SI","potentialAction":[{"@type":"ReadAction","target":["https:\/\/www.bulkammunitionshop.com\/product\/barnes-vor-tx-ammunition-300-weatherby-magnum-180-grain-ttsx-polymer-tipped-spitzer-boat-tail-lead-free-300-rounds\/"]}]},{"@type":"ImageObject","inLanguage":"sl-SI","@id":"https:\/\/www.bulkammunitionshop.com\/product\/barnes-vor-tx-ammunition-300-weatherby-magnum-180-grain-ttsx-polymer-tipped-spitzer-boat-tail-lead-free-300-rounds\/#primaryimage","url":"https:\/\/www.bulkammunitionshop.com\/wp-content\/uploads\/2022\/10\/BARNES-VOR-TX-AMMUNITION-300-WEATHERBY-MAGNUM-180-GRAIN-TTSX-POLYMER-TIPPED-SPITZER-BOAT-TAIL-LEAD-FREE-300-ROUNDS-510x383-1.jpg","contentUrl":"https:\/\/www.bulkammunitionshop.com\/wp-content\/uploads\/2022\/10\/BARNES-VOR-TX-AMMUNITION-300-WEATHERBY-MAGNUM-180-GRAIN-TTSX-POLYMER-TIPPED-SPITZER-BOAT-TAIL-LEAD-FREE-300-ROUNDS-510x383-1.jpg","width":510,"height":383},{"@type":"BreadcrumbList","@id":"https:\/\/www.bulkammunitionshop.com\/product\/barnes-vor-tx-ammunition-300-weatherby-magnum-180-grain-ttsx-polymer-tipped-spitzer-boat-tail-lead-free-300-rounds\/#breadcrumb","itemListElement":[{"@type":"ListItem","position":1,"name":"Home","item":"https:\/\/www.bulkammunitionshop.com\/"},{"@type":"ListItem","position":2,"name":"SHOP ALL","item":"https:\/\/www.bulkammunitionshop.com\/shop-all\/"},{"@type":"ListItem","position":3,"name":"BARNES VOR-TX AMMUNITION 300 WEATHERBY MAGNUM 180 GRAIN TTSX POLYMER TIPPED SPITZER BOAT TAIL LEAD-FREE 300 ROUNDS"}]},{"@type":"WebSite","@id":"https:\/\/www.bulkammunitionshop.com\/#website","url":"https:\/\/www.bulkammunitionshop.com\/","name":"Trgovina z razsutim strelivom","description":"Kupite poceni strelivo na spletu - Streljivo na spletu naprodaj - Poceni strelivo na spletu","potentialAction":[{"@type":"SearchAction","target":{"@type":"EntryPoint","urlTemplate":"https:\/\/www.bulkammunitionshop.com\/?s={search_term_string}"},"query-input":{"@type":"PropertyValueSpecification","valueRequired":true,"valueName":"search_term_string"}}],"inLanguage":"sl-SI"}]}},"jetpack_sharing_enabled":true,"_links":{"self":[{"href":"https:\/\/www.bulkammunitionshop.com\/sl\/wp-json\/wp\/v2\/product\/2987","targetHints":{"allow":["GET"]}}],"collection":[{"href":"https:\/\/www.bulkammunitionshop.com\/sl\/wp-json\/wp\/v2\/product"}],"about":[{"href":"https:\/\/www.bulkammunitionshop.com\/sl\/wp-json\/wp\/v2\/types\/product"}],"replies":[{"embeddable":true,"href":"https:\/\/www.bulkammunitionshop.com\/sl\/wp-json\/wp\/v2\/comments?post=2987"}],"wp:featuredmedia":[{"embeddable":true,"href":"https:\/\/www.bulkammunitionshop.com\/sl\/wp-json\/wp\/v2\/media\/2989"}],"wp:attachment":[{"href":"https:\/\/www.bulkammunitionshop.com\/sl\/wp-json\/wp\/v2\/media?parent=2987"}],"wp:term":[{"taxonomy":"product_brand","embeddable":true,"href":"https:\/\/www.bulkammunitionshop.com\/sl\/wp-json\/wp\/v2\/product_brand?post=2987"},{"taxonomy":"product_cat","embeddable":true,"href":"https:\/\/www.bulkammunitionshop.com\/sl\/wp-json\/wp\/v2\/product_cat?post=2987"},{"taxonomy":"product_tag","embeddable":true,"href":"https:\/\/www.bulkammunitionshop.com\/sl\/wp-json\/wp\/v2\/product_tag?post=2987"}],"curies":[{"name":"wp","href":"https:\/\/api.w.org\/{rel}","templated":true}]}}