{"id":864,"date":"2022-05-21T16:19:34","date_gmt":"2022-05-21T16:19:34","guid":{"rendered":"https:\/\/www.bulkammunitionshop.com\/?post_type=product&#038;p=864"},"modified":"2022-05-21T16:19:40","modified_gmt":"2022-05-21T16:19:40","slug":"sig-sauer-p320-axg-scorpion-semi-automatic-pistol-quantity","status":"publish","type":"product","link":"https:\/\/www.bulkammunitionshop.com\/sk\/produkt\/sig-sauer-p320-axg-scorpion-semi-automatic-pistol-quantity\/","title":{"rendered":"Sig Sauer P320 AXG Scorpion Semi-Automatic Pistol quantity"},"content":{"rendered":"<p>The Sig Sauer P320 AXG Scorpion combines the weight and balance of a metal-framed pistol with the performance and reliability of the P320, delivering a uniquely refined shooting experience unlike anything else. Utilizing the AXG (Alloy XSeries Grip) metal grip module as a foundation, the SIG Custom Works team have carefully selected a set of premium options and performance upgrades, creating a limited edition P320 that blends the style and shoot ability of a classic metal frame pistol with the modern features you expect from the P320. And like all Custom Works products, it\u2019s delivered in an exclusive, ultra-premium package.<\/p>\n<p>&nbsp;<\/p>\n<p>The Custom Works P320 AXG Scorpion features the AXG metal grip module, precision machined with deep undercuts, and an extended beavertail for an ergonomic, comfortable fit and is fitted with signature Scorpion G10 grips from Hogue for complete control. Both the slide and frame are finished with a Cerakote Elite coating in FDE for extreme protection. It utilizes the advanced LEGION lightened, skeletonized, flat-bade trigger, and includes a SIG Pro Series removable optics plate with dovetail XRAY3 day\/night rear sights and XRAY3 day\/night front sight. It also comes with (3) enhanced P320 magazines, featuring witness holes for each loaded round and a high-visibility follower.<\/p>\n<p>&nbsp;<\/p>\n<p>Each of this limited edition P320 AXG Scorpion pistols includes a Custom Works engraved slide and is delivered in an exclusive Negrini Custom Works case with Custom Works challenge coin and certified custom certificate. The custom P320 AXG Scorpion. Performance, you can feel.<\/p>\n<p>&nbsp;<\/p>\n<p><b>Funkcie<\/b><\/p>\n<ul>\n<li>AXG Carry Grip Module and slide finished in FDE Cerakote finish<\/li>\n<li>XSeries Optic-ready Slide compatible with Romeo1PRO, Delta Point Pro, and RMR<\/li>\n<li>Custom Hogue G10 Piranha Grip Panels and Insert<\/li>\n<\/ul>\n<h3>Inform\u00e1cie o produkte<\/h3>\n<table class=\"product-specs-table stack-l\" data-specifications=\"\">\n<tbody>\n<tr class=\"product-specs-table-container\" data-ng-repeat=\"attribute in displayableAttrs | orderBy: ['attributeSortOrder','valueSortOrder','name']\" data-ng-class=\"{'is-selectable' : attribute.IsSelectable}\">\n<td class=\"product-specs-table-detail\">Kazeta<\/td>\n<td class=\"product-specs-table-definition\">\n<div data-ng-if=\"attribute.isDropDownSelectable === false\"><span data-ng-if=\"attribute.value.length == 1\">9mm Luger<\/span><\/div>\n<\/td>\n<\/tr>\n<tr class=\"product-specs-table-container\" data-ng-repeat=\"attribute in displayableAttrs | orderBy: ['attributeSortOrder','valueSortOrder','name']\" data-ng-class=\"{'is-selectable' : attribute.IsSelectable}\">\n<td class=\"product-specs-table-detail\">Capacity<\/td>\n<td class=\"product-specs-table-definition\"><\/td>\n<\/tr>\n<tr class=\"product-specs-table-container\" data-ng-repeat=\"attribute in displayableAttrs | orderBy: ['attributeSortOrder','valueSortOrder','name']\" data-ng-class=\"{'is-selectable' : attribute.IsSelectable}\">\n<td class=\"product-specs-table-detail\">Magazine Quantity<\/td>\n<td class=\"product-specs-table-definition\">\n<div data-ng-if=\"attribute.isDropDownSelectable === false\"><span data-ng-if=\"attribute.value.length == 1\">3<\/span><\/div>\n<\/td>\n<\/tr>\n<tr class=\"product-specs-table-container\" data-ng-repeat=\"attribute in displayableAttrs | orderBy: ['attributeSortOrder','valueSortOrder','name']\" data-ng-class=\"{'is-selectable' : attribute.IsSelectable}\">\n<td class=\"product-specs-table-detail\">Weight<\/td>\n<td class=\"product-specs-table-definition\">\n<div data-ng-if=\"attribute.isDropDownSelectable === false\"><span data-ng-if=\"attribute.value.length == 1\">31.3 Ounce<\/span><\/div>\n<\/td>\n<\/tr>\n<tr class=\"product-specs-table-container\" data-ng-repeat=\"attribute in displayableAttrs | orderBy: ['attributeSortOrder','valueSortOrder','name']\" data-ng-class=\"{'is-selectable' : attribute.IsSelectable}\">\n<td class=\"product-specs-table-detail\">Barrel Length<\/td>\n<td class=\"product-specs-table-definition\">\n<div data-ng-if=\"attribute.isDropDownSelectable === false\"><span data-ng-if=\"attribute.value.length == 1\">3.9 Inches<\/span><\/div>\n<\/td>\n<\/tr>\n<tr class=\"product-specs-table-container\" data-ng-repeat=\"attribute in displayableAttrs | orderBy: ['attributeSortOrder','valueSortOrder','name']\" data-ng-class=\"{'is-selectable' : attribute.IsSelectable}\">\n<td class=\"product-specs-table-detail\">Action Type<\/td>\n<td class=\"product-specs-table-definition\">\n<div data-ng-if=\"attribute.isDropDownSelectable === false\"><span data-ng-if=\"attribute.value.length == 1\">Semi-Automatic<\/span><\/div>\n<\/td>\n<\/tr>\n<tr class=\"product-specs-table-container\" data-ng-repeat=\"attribute in displayableAttrs | orderBy: ['attributeSortOrder','valueSortOrder','name']\" data-ng-class=\"{'is-selectable' : attribute.IsSelectable}\">\n<td class=\"product-specs-table-detail\">Trigger Type<\/td>\n<td class=\"product-specs-table-definition\">\n<div data-ng-if=\"attribute.isDropDownSelectable === false\"><span data-ng-if=\"attribute.value.length == 1\">Striker<\/span><\/div>\n<\/td>\n<\/tr>\n<tr class=\"product-specs-table-container\" data-ng-repeat=\"attribute in displayableAttrs | orderBy: ['attributeSortOrder','valueSortOrder','name']\" data-ng-class=\"{'is-selectable' : attribute.IsSelectable}\">\n<td class=\"product-specs-table-detail\">Threaded Muzzle<\/td>\n<td class=\"product-specs-table-definition\">\n<div data-ng-if=\"attribute.isDropDownSelectable === false\"><span data-ng-if=\"attribute.value.length == 1\">Nie<\/span><\/div>\n<\/td>\n<\/tr>\n<tr class=\"product-specs-table-container\" data-ng-repeat=\"attribute in displayableAttrs | orderBy: ['attributeSortOrder','valueSortOrder','name']\" data-ng-class=\"{'is-selectable' : attribute.IsSelectable}\">\n<td class=\"product-specs-table-detail\">Barrel Finish<\/td>\n<td class=\"product-specs-table-definition\">\n<div data-ng-if=\"attribute.isDropDownSelectable === false\"><span data-ng-if=\"attribute.value.length == 1\">Black<\/span><\/div>\n<\/td>\n<\/tr>\n<tr class=\"product-specs-table-container\" data-ng-repeat=\"attribute in displayableAttrs | orderBy: ['attributeSortOrder','valueSortOrder','name']\" data-ng-class=\"{'is-selectable' : attribute.IsSelectable}\">\n<td class=\"product-specs-table-detail\">Front Sight<\/td>\n<td class=\"product-specs-table-definition\">\n<div data-ng-if=\"attribute.isDropDownSelectable === false\"><span data-ng-if=\"attribute.value.length == 1\">Night Sight<\/span><\/div>\n<\/td>\n<\/tr>\n<tr class=\"product-specs-table-container\" data-ng-repeat=\"attribute in displayableAttrs | orderBy: ['attributeSortOrder','valueSortOrder','name']\" data-ng-class=\"{'is-selectable' : attribute.IsSelectable}\">\n<td class=\"product-specs-table-detail\">Rear Sight<\/td>\n<td class=\"product-specs-table-definition\">\n<div data-ng-if=\"attribute.isDropDownSelectable === false\"><span data-ng-if=\"attribute.value.length == 1\">Night Sight<\/span><\/div>\n<\/td>\n<\/tr>\n<tr class=\"product-specs-table-container\" data-ng-repeat=\"attribute in displayableAttrs | orderBy: ['attributeSortOrder','valueSortOrder','name']\" data-ng-class=\"{'is-selectable' : attribute.IsSelectable}\">\n<td class=\"product-specs-table-detail\">Frame Material<\/td>\n<td class=\"product-specs-table-definition\">\n<div data-ng-if=\"attribute.isDropDownSelectable === false\"><span data-ng-if=\"attribute.value.length == 1\">Aluminum<\/span><\/div>\n<\/td>\n<\/tr>\n<tr class=\"product-specs-table-container\" data-ng-repeat=\"attribute in displayableAttrs | orderBy: ['attributeSortOrder','valueSortOrder','name']\" data-ng-class=\"{'is-selectable' : attribute.IsSelectable}\">\n<td class=\"product-specs-table-detail\">Grip Material<\/td>\n<td class=\"product-specs-table-definition\">\n<div data-ng-if=\"attribute.isDropDownSelectable === false\"><span data-ng-if=\"attribute.value.length == 1\">G10<\/span><\/div>\n<\/td>\n<\/tr>\n<tr class=\"product-specs-table-container\" data-ng-repeat=\"attribute in displayableAttrs | orderBy: ['attributeSortOrder','valueSortOrder','name']\" data-ng-class=\"{'is-selectable' : attribute.IsSelectable}\">\n<td class=\"product-specs-table-detail\">Frame Finish<\/td>\n<td class=\"product-specs-table-definition\">\n<div data-ng-if=\"attribute.isDropDownSelectable === false\"><span data-ng-if=\"attribute.value.length == 1\">Flat Dark Earth<\/span><\/div>\n<\/td>\n<\/tr>\n<tr class=\"product-specs-table-container\" data-ng-repeat=\"attribute in displayableAttrs | orderBy: ['attributeSortOrder','valueSortOrder','name']\" data-ng-class=\"{'is-selectable' : attribute.IsSelectable}\">\n<td class=\"product-specs-table-detail\">Slide Finish<\/td>\n<td class=\"product-specs-table-definition\">\n<div data-ng-if=\"attribute.isDropDownSelectable === false\"><span data-ng-if=\"attribute.value.length == 1\">Flat Dark Earth<\/span><\/div>\n<\/td>\n<\/tr>\n<tr class=\"product-specs-table-container\" data-ng-repeat=\"attribute in displayableAttrs | orderBy: ['attributeSortOrder','valueSortOrder','name']\" data-ng-class=\"{'is-selectable' : attribute.IsSelectable}\">\n<td class=\"product-specs-table-detail\">Grip Style<\/td>\n<td class=\"product-specs-table-definition\">\n<div data-ng-if=\"attribute.isDropDownSelectable === false\"><span data-ng-if=\"attribute.value.length == 1\">Stippled<\/span><\/div>\n<\/td>\n<\/tr>\n<tr class=\"product-specs-table-container\" data-ng-repeat=\"attribute in displayableAttrs | orderBy: ['attributeSortOrder','valueSortOrder','name']\" data-ng-class=\"{'is-selectable' : attribute.IsSelectable}\">\n<td class=\"product-specs-table-detail\">Grip Color<\/td>\n<td class=\"product-specs-table-definition\">\n<div data-ng-if=\"attribute.isDropDownSelectable === false\"><span data-ng-if=\"attribute.value.length == 1\">Flat Dark Earth<\/span><\/div>\n<\/td>\n<\/tr>\n<tr class=\"product-specs-table-container\" data-ng-repeat=\"attribute in displayableAttrs | orderBy: ['attributeSortOrder','valueSortOrder','name']\" data-ng-class=\"{'is-selectable' : attribute.IsSelectable}\">\n<td class=\"product-specs-table-detail\">Compensated<\/td>\n<td class=\"product-specs-table-definition\">\n<div data-ng-if=\"attribute.isDropDownSelectable === false\"><span data-ng-if=\"attribute.value.length == 1\">Nie<\/span><\/div>\n<\/td>\n<\/tr>\n<tr class=\"product-specs-table-container\" data-ng-repeat=\"attribute in displayableAttrs | orderBy: ['attributeSortOrder','valueSortOrder','name']\" data-ng-class=\"{'is-selectable' : attribute.IsSelectable}\">\n<td class=\"product-specs-table-detail\">Krajina p\u00f4vodu<\/td>\n<td class=\"product-specs-table-definition\">\n<div data-ng-if=\"attribute.isDropDownSelectable === false\"><span data-ng-if=\"attribute.value.length == 1\">Spojen\u00e9 \u0161t\u00e1ty americk\u00e9<\/span><\/div>\n<\/td>\n<\/tr>\n<\/tbody>\n<\/table>","protected":false},"excerpt":{"rendered":"<p>Categories:\u00a0FIREARMS,\u00a0Handgun<\/p>\n<p>Product ID: 2151<\/p>","protected":false},"featured_media":596,"comment_status":"open","ping_status":"closed","template":"","meta":[],"product_brand":[],"product_cat":[113,114],"product_tag":[],"class_list":{"0":"post-864","1":"product","2":"type-product","3":"status-publish","4":"has-post-thumbnail","6":"product_cat-firearms","7":"product_cat-handguns","9":"first","10":"instock","11":"taxable","12":"shipping-taxable","13":"purchasable","14":"product-type-simple"},"yoast_head":"<!-- This site is optimized with the Yoast SEO Premium plugin v24.6 (Yoast SEO v25.7) - https:\/\/yoast.com\/wordpress\/plugins\/seo\/ -->\n<title>Sig Sauer P320 AXG Scorpion Semi-Automatic Pistol quantity - Bulk Ammunition shop<\/title>\n<meta name=\"robots\" content=\"index, follow, max-snippet:-1, max-image-preview:large, max-video-preview:-1\" \/>\n<link rel=\"canonical\" href=\"https:\/\/www.bulkammunitionshop.com\/sk\/produkt\/sig-sauer-p320-axg-scorpion-semi-automatic-pistol-quantity\/\" \/>\n<meta property=\"og:locale\" content=\"sk_SK\" \/>\n<meta property=\"og:type\" content=\"article\" \/>\n<meta property=\"og:title\" content=\"Sig Sauer P320 AXG Scorpion Semi-Automatic Pistol quantity\" \/>\n<meta property=\"og:description\" content=\"Categories:\u00a0FIREARMS,\u00a0Handgun  Product ID: 2151\" \/>\n<meta property=\"og:url\" content=\"https:\/\/www.bulkammunitionshop.com\/sk\/produkt\/sig-sauer-p320-axg-scorpion-semi-automatic-pistol-quantity\/\" \/>\n<meta property=\"og:site_name\" content=\"Bulk Ammunition shop\" \/>\n<meta property=\"article:modified_time\" content=\"2022-05-21T16:19:40+00:00\" \/>\n<meta property=\"og:image\" content=\"https:\/\/i0.wp.com\/www.bulkammunitionshop.com\/wp-content\/uploads\/2022\/05\/231925.png?fit=600%2C450&ssl=1\" \/>\n\t<meta property=\"og:image:width\" content=\"600\" \/>\n\t<meta property=\"og:image:height\" content=\"450\" \/>\n\t<meta property=\"og:image:type\" content=\"image\/png\" \/>\n<meta name=\"twitter:card\" content=\"summary_large_image\" \/>\n<meta name=\"twitter:label1\" content=\"Predpokladan\u00fd \u010das \u010d\u00edtania\" \/>\n\t<meta name=\"twitter:data1\" content=\"2 min\u00faty\" \/>\n<script type=\"application\/ld+json\" class=\"yoast-schema-graph\">{\"@context\":\"https:\/\/schema.org\",\"@graph\":[{\"@type\":\"WebPage\",\"@id\":\"https:\/\/www.bulkammunitionshop.com\/product\/sig-sauer-p320-axg-scorpion-semi-automatic-pistol-quantity\/\",\"url\":\"https:\/\/www.bulkammunitionshop.com\/product\/sig-sauer-p320-axg-scorpion-semi-automatic-pistol-quantity\/\",\"name\":\"Sig Sauer P320 AXG Scorpion Semi-Automatic Pistol quantity - Bulk Ammunition shop\",\"isPartOf\":{\"@id\":\"https:\/\/www.bulkammunitionshop.com\/#website\"},\"primaryImageOfPage\":{\"@id\":\"https:\/\/www.bulkammunitionshop.com\/product\/sig-sauer-p320-axg-scorpion-semi-automatic-pistol-quantity\/#primaryimage\"},\"image\":{\"@id\":\"https:\/\/www.bulkammunitionshop.com\/product\/sig-sauer-p320-axg-scorpion-semi-automatic-pistol-quantity\/#primaryimage\"},\"thumbnailUrl\":\"https:\/\/www.bulkammunitionshop.com\/wp-content\/uploads\/2022\/05\/231925.png\",\"datePublished\":\"2022-05-21T16:19:34+00:00\",\"dateModified\":\"2022-05-21T16:19:40+00:00\",\"breadcrumb\":{\"@id\":\"https:\/\/www.bulkammunitionshop.com\/product\/sig-sauer-p320-axg-scorpion-semi-automatic-pistol-quantity\/#breadcrumb\"},\"inLanguage\":\"sk-SK\",\"potentialAction\":[{\"@type\":\"ReadAction\",\"target\":[\"https:\/\/www.bulkammunitionshop.com\/product\/sig-sauer-p320-axg-scorpion-semi-automatic-pistol-quantity\/\"]}]},{\"@type\":\"ImageObject\",\"inLanguage\":\"sk-SK\",\"@id\":\"https:\/\/www.bulkammunitionshop.com\/product\/sig-sauer-p320-axg-scorpion-semi-automatic-pistol-quantity\/#primaryimage\",\"url\":\"https:\/\/www.bulkammunitionshop.com\/wp-content\/uploads\/2022\/05\/231925.png\",\"contentUrl\":\"https:\/\/www.bulkammunitionshop.com\/wp-content\/uploads\/2022\/05\/231925.png\",\"width\":600,\"height\":450},{\"@type\":\"BreadcrumbList\",\"@id\":\"https:\/\/www.bulkammunitionshop.com\/product\/sig-sauer-p320-axg-scorpion-semi-automatic-pistol-quantity\/#breadcrumb\",\"itemListElement\":[{\"@type\":\"ListItem\",\"position\":1,\"name\":\"Home\",\"item\":\"https:\/\/www.bulkammunitionshop.com\/\"},{\"@type\":\"ListItem\",\"position\":2,\"name\":\"SHOP ALL\",\"item\":\"https:\/\/www.bulkammunitionshop.com\/shop-all\/\"},{\"@type\":\"ListItem\",\"position\":3,\"name\":\"Sig Sauer P320 AXG Scorpion Semi-Automatic Pistol quantity\"}]},{\"@type\":\"WebSite\",\"@id\":\"https:\/\/www.bulkammunitionshop.com\/#website\",\"url\":\"https:\/\/www.bulkammunitionshop.com\/\",\"name\":\"Bulk Ammunition shop\",\"description\":\"Buy Cheap Bulk Ammo Online - Bulk Ammo for Sale- Cheap Ammo Online\",\"potentialAction\":[{\"@type\":\"SearchAction\",\"target\":{\"@type\":\"EntryPoint\",\"urlTemplate\":\"https:\/\/www.bulkammunitionshop.com\/?s={search_term_string}\"},\"query-input\":{\"@type\":\"PropertyValueSpecification\",\"valueRequired\":true,\"valueName\":\"search_term_string\"}}],\"inLanguage\":\"sk-SK\"}]}<\/script>\n<!-- \/ Yoast SEO Premium plugin. -->","yoast_head_json":{"title":"Sig Sauer P320 AXG Scorpion Semi-Automatic Pistol quantity - Bulk Ammunition shop","robots":{"index":"index","follow":"follow","max-snippet":"max-snippet:-1","max-image-preview":"max-image-preview:large","max-video-preview":"max-video-preview:-1"},"canonical":"https:\/\/www.bulkammunitionshop.com\/sk\/produkt\/sig-sauer-p320-axg-scorpion-semi-automatic-pistol-quantity\/","og_locale":"sk_SK","og_type":"article","og_title":"Sig Sauer P320 AXG Scorpion Semi-Automatic Pistol quantity","og_description":"Categories:\u00a0FIREARMS,\u00a0Handgun  Product ID: 2151","og_url":"https:\/\/www.bulkammunitionshop.com\/sk\/produkt\/sig-sauer-p320-axg-scorpion-semi-automatic-pistol-quantity\/","og_site_name":"Bulk Ammunition shop","article_modified_time":"2022-05-21T16:19:40+00:00","og_image":[{"width":600,"height":450,"url":"https:\/\/i0.wp.com\/www.bulkammunitionshop.com\/wp-content\/uploads\/2022\/05\/231925.png?fit=600%2C450&ssl=1","type":"image\/png"}],"twitter_card":"summary_large_image","twitter_misc":{"Predpokladan\u00fd \u010das \u010d\u00edtania":"2 min\u00faty"},"schema":{"@context":"https:\/\/schema.org","@graph":[{"@type":"WebPage","@id":"https:\/\/www.bulkammunitionshop.com\/product\/sig-sauer-p320-axg-scorpion-semi-automatic-pistol-quantity\/","url":"https:\/\/www.bulkammunitionshop.com\/product\/sig-sauer-p320-axg-scorpion-semi-automatic-pistol-quantity\/","name":"Sig Sauer P320 AXG Scorpion Semi-Automatic Pistol quantity - Bulk Ammunition shop","isPartOf":{"@id":"https:\/\/www.bulkammunitionshop.com\/#website"},"primaryImageOfPage":{"@id":"https:\/\/www.bulkammunitionshop.com\/product\/sig-sauer-p320-axg-scorpion-semi-automatic-pistol-quantity\/#primaryimage"},"image":{"@id":"https:\/\/www.bulkammunitionshop.com\/product\/sig-sauer-p320-axg-scorpion-semi-automatic-pistol-quantity\/#primaryimage"},"thumbnailUrl":"https:\/\/www.bulkammunitionshop.com\/wp-content\/uploads\/2022\/05\/231925.png","datePublished":"2022-05-21T16:19:34+00:00","dateModified":"2022-05-21T16:19:40+00:00","breadcrumb":{"@id":"https:\/\/www.bulkammunitionshop.com\/product\/sig-sauer-p320-axg-scorpion-semi-automatic-pistol-quantity\/#breadcrumb"},"inLanguage":"sk-SK","potentialAction":[{"@type":"ReadAction","target":["https:\/\/www.bulkammunitionshop.com\/product\/sig-sauer-p320-axg-scorpion-semi-automatic-pistol-quantity\/"]}]},{"@type":"ImageObject","inLanguage":"sk-SK","@id":"https:\/\/www.bulkammunitionshop.com\/product\/sig-sauer-p320-axg-scorpion-semi-automatic-pistol-quantity\/#primaryimage","url":"https:\/\/www.bulkammunitionshop.com\/wp-content\/uploads\/2022\/05\/231925.png","contentUrl":"https:\/\/www.bulkammunitionshop.com\/wp-content\/uploads\/2022\/05\/231925.png","width":600,"height":450},{"@type":"BreadcrumbList","@id":"https:\/\/www.bulkammunitionshop.com\/product\/sig-sauer-p320-axg-scorpion-semi-automatic-pistol-quantity\/#breadcrumb","itemListElement":[{"@type":"ListItem","position":1,"name":"Home","item":"https:\/\/www.bulkammunitionshop.com\/"},{"@type":"ListItem","position":2,"name":"SHOP ALL","item":"https:\/\/www.bulkammunitionshop.com\/shop-all\/"},{"@type":"ListItem","position":3,"name":"Sig Sauer P320 AXG Scorpion Semi-Automatic Pistol quantity"}]},{"@type":"WebSite","@id":"https:\/\/www.bulkammunitionshop.com\/#website","url":"https:\/\/www.bulkammunitionshop.com\/","name":"Obchod s ve\u013ekoobjemovou mun\u00edciou","description":"K\u00fapi\u0165 lacn\u00fa mun\u00edciu online - Ve\u013ekoobchodn\u00e1 mun\u00edcia na predaj - Lacn\u00e1 mun\u00edcia online","potentialAction":[{"@type":"SearchAction","target":{"@type":"EntryPoint","urlTemplate":"https:\/\/www.bulkammunitionshop.com\/?s={search_term_string}"},"query-input":{"@type":"PropertyValueSpecification","valueRequired":true,"valueName":"search_term_string"}}],"inLanguage":"sk-SK"}]}},"jetpack_sharing_enabled":true,"_links":{"self":[{"href":"https:\/\/www.bulkammunitionshop.com\/sk\/wp-json\/wp\/v2\/product\/864","targetHints":{"allow":["GET"]}}],"collection":[{"href":"https:\/\/www.bulkammunitionshop.com\/sk\/wp-json\/wp\/v2\/product"}],"about":[{"href":"https:\/\/www.bulkammunitionshop.com\/sk\/wp-json\/wp\/v2\/types\/product"}],"replies":[{"embeddable":true,"href":"https:\/\/www.bulkammunitionshop.com\/sk\/wp-json\/wp\/v2\/comments?post=864"}],"wp:featuredmedia":[{"embeddable":true,"href":"https:\/\/www.bulkammunitionshop.com\/sk\/wp-json\/wp\/v2\/media\/596"}],"wp:attachment":[{"href":"https:\/\/www.bulkammunitionshop.com\/sk\/wp-json\/wp\/v2\/media?parent=864"}],"wp:term":[{"taxonomy":"product_brand","embeddable":true,"href":"https:\/\/www.bulkammunitionshop.com\/sk\/wp-json\/wp\/v2\/product_brand?post=864"},{"taxonomy":"product_cat","embeddable":true,"href":"https:\/\/www.bulkammunitionshop.com\/sk\/wp-json\/wp\/v2\/product_cat?post=864"},{"taxonomy":"product_tag","embeddable":true,"href":"https:\/\/www.bulkammunitionshop.com\/sk\/wp-json\/wp\/v2\/product_tag?post=864"}],"curies":[{"name":"wp","href":"https:\/\/api.w.org\/{rel}","templated":true}]}}