{"id":791,"date":"2022-05-21T02:47:10","date_gmt":"2022-05-21T02:47:10","guid":{"rendered":"https:\/\/www.bulkammunitionshop.com\/?post_type=product&#038;p=791"},"modified":"2022-05-21T16:20:28","modified_gmt":"2022-05-21T16:20:28","slug":"winchester-40-sw-ammunition","status":"publish","type":"product","link":"https:\/\/www.bulkammunitionshop.com\/sk\/produkt\/winchester-40-sw-ammunition\/","title":{"rendered":"STRELIVO WINCHESTER 40 S&amp;W"},"content":{"rendered":"<h2>Popis<\/h2>\n<table>\n<tbody>\n<tr>\n<td width=\"295\">Brand<\/td>\n<td width=\"295\">Winchester<\/td>\n<\/tr>\n<tr>\n<td width=\"295\">Kaliber<\/td>\n<td width=\"295\">40 Smith &amp; Wesson<\/td>\n<\/tr>\n<tr>\n<td width=\"295\">Model<\/td>\n<td width=\"295\">Best Value Q4238<\/td>\n<\/tr>\n<tr>\n<td width=\"295\">Bullet Weight<\/td>\n<td width=\"295\">180 Grain<\/td>\n<\/tr>\n<tr>\n<td width=\"295\">Typ strely<\/td>\n<td width=\"295\">Full Metal Jacket<\/td>\n<\/tr>\n<tr>\n<td width=\"295\">Dob\u00edjate\u013en\u00e9<\/td>\n<td width=\"295\">\u00c1no<\/td>\n<\/tr>\n<tr>\n<td width=\"295\">Typ pr\u00edpadu<\/td>\n<td width=\"295\">Mosadz<\/td>\n<\/tr>\n<tr>\n<td width=\"295\">Rounds<\/td>\n<td width=\"295\">500<\/td>\n<\/tr>\n<tr>\n<td width=\"295\">Boxes Per Case<\/td>\n<td width=\"295\">10 Boxes Per Case<\/td>\n<\/tr>\n<tr>\n<td width=\"295\">Energia \u00fas\u0165ovej pa\u013eby<\/td>\n<td width=\"295\">416 ft-lbs<\/td>\n<\/tr>\n<tr>\n<td width=\"295\">\u00das\u0165ov\u00e1 r\u00fdchlos\u0165<\/td>\n<td width=\"295\">1020 fps<\/td>\n<\/tr>\n<\/tbody>\n<\/table>","protected":false},"excerpt":{"rendered":"<p>Description Brand Winchester Caliber 40 Smith &amp; Wesson Model Best Value Q4238 Bullet Weight 180 Grain Bullet Type Full Metal Jacket Reloadable Yes Case Type Brass Rounds 500 Boxes Per Case 10 Boxes Per Case Muzzle Energy 416 ft-lbs Muzzle Velocity 1020 fps<\/p>","protected":false},"featured_media":984,"comment_status":"open","ping_status":"closed","template":"","meta":[],"product_brand":[],"product_cat":[180,112],"product_tag":[],"class_list":{"0":"post-791","1":"product","2":"type-product","3":"status-publish","4":"has-post-thumbnail","6":"product_cat-40-sw","7":"product_cat-handgun-ammo","9":"first","10":"instock","11":"taxable","12":"shipping-taxable","13":"purchasable","14":"product-type-simple"},"yoast_head":"<!-- This site is optimized with the Yoast SEO Premium plugin v24.6 (Yoast SEO v25.7) - https:\/\/yoast.com\/wordpress\/plugins\/seo\/ -->\n<title>WINCHESTER 40 S&amp;W AMMUNITION - Bulk Ammunition shop<\/title>\n<meta name=\"robots\" content=\"index, follow, max-snippet:-1, max-image-preview:large, max-video-preview:-1\" \/>\n<link rel=\"canonical\" href=\"https:\/\/www.bulkammunitionshop.com\/sk\/produkt\/winchester-40-sw-ammunition\/\" \/>\n<meta property=\"og:locale\" content=\"sk_SK\" \/>\n<meta property=\"og:type\" content=\"article\" \/>\n<meta property=\"og:title\" content=\"WINCHESTER 40 S&amp;W AMMUNITION\" \/>\n<meta property=\"og:description\" content=\"Description Brand Winchester Caliber 40 Smith &amp; Wesson Model Best Value Q4238 Bullet Weight 180 Grain Bullet Type Full Metal Jacket Reloadable Yes Case Type Brass Rounds 500 Boxes Per Case 10 Boxes Per Case Muzzle Energy 416 ft-lbs Muzzle Velocity 1020 fps\" \/>\n<meta property=\"og:url\" content=\"https:\/\/www.bulkammunitionshop.com\/sk\/produkt\/winchester-40-sw-ammunition\/\" \/>\n<meta property=\"og:site_name\" content=\"Bulk Ammunition shop\" \/>\n<meta property=\"article:modified_time\" content=\"2022-05-21T16:20:28+00:00\" \/>\n<meta property=\"og:image\" content=\"https:\/\/i0.wp.com\/www.bulkammunitionshop.com\/wp-content\/uploads\/2022\/05\/Q4238CASE-2__90584.1526548031-1-600x450-1.jpg?fit=600%2C450&ssl=1\" \/>\n\t<meta property=\"og:image:width\" content=\"600\" \/>\n\t<meta property=\"og:image:height\" content=\"450\" \/>\n\t<meta property=\"og:image:type\" content=\"image\/jpeg\" \/>\n<meta name=\"twitter:card\" content=\"summary_large_image\" \/>\n<script type=\"application\/ld+json\" class=\"yoast-schema-graph\">{\"@context\":\"https:\/\/schema.org\",\"@graph\":[{\"@type\":\"WebPage\",\"@id\":\"https:\/\/www.bulkammunitionshop.com\/product\/winchester-40-sw-ammunition\/\",\"url\":\"https:\/\/www.bulkammunitionshop.com\/product\/winchester-40-sw-ammunition\/\",\"name\":\"WINCHESTER 40 S&W AMMUNITION - Bulk Ammunition shop\",\"isPartOf\":{\"@id\":\"https:\/\/www.bulkammunitionshop.com\/#website\"},\"primaryImageOfPage\":{\"@id\":\"https:\/\/www.bulkammunitionshop.com\/product\/winchester-40-sw-ammunition\/#primaryimage\"},\"image\":{\"@id\":\"https:\/\/www.bulkammunitionshop.com\/product\/winchester-40-sw-ammunition\/#primaryimage\"},\"thumbnailUrl\":\"https:\/\/www.bulkammunitionshop.com\/wp-content\/uploads\/2022\/05\/Q4238CASE-2__90584.1526548031-1-600x450-1.jpg\",\"datePublished\":\"2022-05-21T02:47:10+00:00\",\"dateModified\":\"2022-05-21T16:20:28+00:00\",\"breadcrumb\":{\"@id\":\"https:\/\/www.bulkammunitionshop.com\/product\/winchester-40-sw-ammunition\/#breadcrumb\"},\"inLanguage\":\"sk-SK\",\"potentialAction\":[{\"@type\":\"ReadAction\",\"target\":[\"https:\/\/www.bulkammunitionshop.com\/product\/winchester-40-sw-ammunition\/\"]}]},{\"@type\":\"ImageObject\",\"inLanguage\":\"sk-SK\",\"@id\":\"https:\/\/www.bulkammunitionshop.com\/product\/winchester-40-sw-ammunition\/#primaryimage\",\"url\":\"https:\/\/www.bulkammunitionshop.com\/wp-content\/uploads\/2022\/05\/Q4238CASE-2__90584.1526548031-1-600x450-1.jpg\",\"contentUrl\":\"https:\/\/www.bulkammunitionshop.com\/wp-content\/uploads\/2022\/05\/Q4238CASE-2__90584.1526548031-1-600x450-1.jpg\",\"width\":600,\"height\":450},{\"@type\":\"BreadcrumbList\",\"@id\":\"https:\/\/www.bulkammunitionshop.com\/product\/winchester-40-sw-ammunition\/#breadcrumb\",\"itemListElement\":[{\"@type\":\"ListItem\",\"position\":1,\"name\":\"Home\",\"item\":\"https:\/\/www.bulkammunitionshop.com\/\"},{\"@type\":\"ListItem\",\"position\":2,\"name\":\"SHOP ALL\",\"item\":\"https:\/\/www.bulkammunitionshop.com\/shop-all\/\"},{\"@type\":\"ListItem\",\"position\":3,\"name\":\"WINCHESTER 40 S&#038;W AMMUNITION\"}]},{\"@type\":\"WebSite\",\"@id\":\"https:\/\/www.bulkammunitionshop.com\/#website\",\"url\":\"https:\/\/www.bulkammunitionshop.com\/\",\"name\":\"Bulk Ammunition shop\",\"description\":\"Buy Cheap Bulk Ammo Online - Bulk Ammo for Sale- Cheap Ammo Online\",\"potentialAction\":[{\"@type\":\"SearchAction\",\"target\":{\"@type\":\"EntryPoint\",\"urlTemplate\":\"https:\/\/www.bulkammunitionshop.com\/?s={search_term_string}\"},\"query-input\":{\"@type\":\"PropertyValueSpecification\",\"valueRequired\":true,\"valueName\":\"search_term_string\"}}],\"inLanguage\":\"sk-SK\"}]}<\/script>\n<!-- \/ Yoast SEO Premium plugin. -->","yoast_head_json":{"title":"WINCHESTER 40 S&W AMMUNITION - Bulk Ammunition shop","robots":{"index":"index","follow":"follow","max-snippet":"max-snippet:-1","max-image-preview":"max-image-preview:large","max-video-preview":"max-video-preview:-1"},"canonical":"https:\/\/www.bulkammunitionshop.com\/sk\/produkt\/winchester-40-sw-ammunition\/","og_locale":"sk_SK","og_type":"article","og_title":"WINCHESTER 40 S&W AMMUNITION","og_description":"Description Brand Winchester Caliber 40 Smith &amp; Wesson Model Best Value Q4238 Bullet Weight 180 Grain Bullet Type Full Metal Jacket Reloadable Yes Case Type Brass Rounds 500 Boxes Per Case 10 Boxes Per Case Muzzle Energy 416 ft-lbs Muzzle Velocity 1020 fps","og_url":"https:\/\/www.bulkammunitionshop.com\/sk\/produkt\/winchester-40-sw-ammunition\/","og_site_name":"Bulk Ammunition shop","article_modified_time":"2022-05-21T16:20:28+00:00","og_image":[{"width":600,"height":450,"url":"https:\/\/i0.wp.com\/www.bulkammunitionshop.com\/wp-content\/uploads\/2022\/05\/Q4238CASE-2__90584.1526548031-1-600x450-1.jpg?fit=600%2C450&ssl=1","type":"image\/jpeg"}],"twitter_card":"summary_large_image","schema":{"@context":"https:\/\/schema.org","@graph":[{"@type":"WebPage","@id":"https:\/\/www.bulkammunitionshop.com\/product\/winchester-40-sw-ammunition\/","url":"https:\/\/www.bulkammunitionshop.com\/product\/winchester-40-sw-ammunition\/","name":"WINCHESTER 40 S&W AMMUNITION - Bulk Ammunition shop","isPartOf":{"@id":"https:\/\/www.bulkammunitionshop.com\/#website"},"primaryImageOfPage":{"@id":"https:\/\/www.bulkammunitionshop.com\/product\/winchester-40-sw-ammunition\/#primaryimage"},"image":{"@id":"https:\/\/www.bulkammunitionshop.com\/product\/winchester-40-sw-ammunition\/#primaryimage"},"thumbnailUrl":"https:\/\/www.bulkammunitionshop.com\/wp-content\/uploads\/2022\/05\/Q4238CASE-2__90584.1526548031-1-600x450-1.jpg","datePublished":"2022-05-21T02:47:10+00:00","dateModified":"2022-05-21T16:20:28+00:00","breadcrumb":{"@id":"https:\/\/www.bulkammunitionshop.com\/product\/winchester-40-sw-ammunition\/#breadcrumb"},"inLanguage":"sk-SK","potentialAction":[{"@type":"ReadAction","target":["https:\/\/www.bulkammunitionshop.com\/product\/winchester-40-sw-ammunition\/"]}]},{"@type":"ImageObject","inLanguage":"sk-SK","@id":"https:\/\/www.bulkammunitionshop.com\/product\/winchester-40-sw-ammunition\/#primaryimage","url":"https:\/\/www.bulkammunitionshop.com\/wp-content\/uploads\/2022\/05\/Q4238CASE-2__90584.1526548031-1-600x450-1.jpg","contentUrl":"https:\/\/www.bulkammunitionshop.com\/wp-content\/uploads\/2022\/05\/Q4238CASE-2__90584.1526548031-1-600x450-1.jpg","width":600,"height":450},{"@type":"BreadcrumbList","@id":"https:\/\/www.bulkammunitionshop.com\/product\/winchester-40-sw-ammunition\/#breadcrumb","itemListElement":[{"@type":"ListItem","position":1,"name":"Home","item":"https:\/\/www.bulkammunitionshop.com\/"},{"@type":"ListItem","position":2,"name":"SHOP ALL","item":"https:\/\/www.bulkammunitionshop.com\/shop-all\/"},{"@type":"ListItem","position":3,"name":"WINCHESTER 40 S&#038;W AMMUNITION"}]},{"@type":"WebSite","@id":"https:\/\/www.bulkammunitionshop.com\/#website","url":"https:\/\/www.bulkammunitionshop.com\/","name":"Obchod s ve\u013ekoobjemovou mun\u00edciou","description":"K\u00fapi\u0165 lacn\u00fa mun\u00edciu online - Ve\u013ekoobchodn\u00e1 mun\u00edcia na predaj - Lacn\u00e1 mun\u00edcia online","potentialAction":[{"@type":"SearchAction","target":{"@type":"EntryPoint","urlTemplate":"https:\/\/www.bulkammunitionshop.com\/?s={search_term_string}"},"query-input":{"@type":"PropertyValueSpecification","valueRequired":true,"valueName":"search_term_string"}}],"inLanguage":"sk-SK"}]}},"jetpack_sharing_enabled":true,"_links":{"self":[{"href":"https:\/\/www.bulkammunitionshop.com\/sk\/wp-json\/wp\/v2\/product\/791","targetHints":{"allow":["GET"]}}],"collection":[{"href":"https:\/\/www.bulkammunitionshop.com\/sk\/wp-json\/wp\/v2\/product"}],"about":[{"href":"https:\/\/www.bulkammunitionshop.com\/sk\/wp-json\/wp\/v2\/types\/product"}],"replies":[{"embeddable":true,"href":"https:\/\/www.bulkammunitionshop.com\/sk\/wp-json\/wp\/v2\/comments?post=791"}],"wp:featuredmedia":[{"embeddable":true,"href":"https:\/\/www.bulkammunitionshop.com\/sk\/wp-json\/wp\/v2\/media\/984"}],"wp:attachment":[{"href":"https:\/\/www.bulkammunitionshop.com\/sk\/wp-json\/wp\/v2\/media?parent=791"}],"wp:term":[{"taxonomy":"product_brand","embeddable":true,"href":"https:\/\/www.bulkammunitionshop.com\/sk\/wp-json\/wp\/v2\/product_brand?post=791"},{"taxonomy":"product_cat","embeddable":true,"href":"https:\/\/www.bulkammunitionshop.com\/sk\/wp-json\/wp\/v2\/product_cat?post=791"},{"taxonomy":"product_tag","embeddable":true,"href":"https:\/\/www.bulkammunitionshop.com\/sk\/wp-json\/wp\/v2\/product_tag?post=791"}],"curies":[{"name":"wp","href":"https:\/\/api.w.org\/{rel}","templated":true}]}}