{"id":3105,"date":"2022-11-04T23:16:14","date_gmt":"2022-11-04T23:16:14","guid":{"rendered":"https:\/\/www.bulkammunitionshop.com\/?post_type=product&#038;p=3105"},"modified":"2022-11-04T23:16:14","modified_gmt":"2022-11-04T23:16:14","slug":"federal-premium-personal-defense-410-kalibru-5-diaboliek-olovene-broky-strelivo-do-pistole-so-stredovym-zapalom-500-nabojov","status":"publish","type":"product","link":"https:\/\/www.bulkammunitionshop.com\/sk\/produkt\/federal-premium-personal-defense-410-kalibru-5-diaboliek-olovene-broky-strelivo-do-pistole-so-stredovym-zapalom-500-nabojov\/","title":{"rendered":"FEDER\u00c1LNA PR\u00c9MIOV\u00c1 OSOBN\u00c1 OBRANN\u00c1 STRELIVO DO PI\u0160TOLE S OLOVEN\u00ddMI BROTMI KALIBR\u00c1CIAMI .410, 5 DIEL, 500 N\u00c1BOJOV"},"content":{"rendered":"<h1 class=\"sc_layouts_title_caption\">FEDER\u00c1LNA PR\u00c9MIOV\u00c1 OSOBN\u00c1 OBRANA <a href=\"https:\/\/www.bulkammunitionshop.com\/sk\/\">.410 VRT<\/a> 5-dielna oloven\u00e1 strelivo do pi\u0161tole so stredov\u00fdm z\u00e1palom, 500 n\u00e1bojov<\/h1>\n<h2>Popis<\/h2>\n<div>Strelivo Federal Premium Personal Defense 410 Handgun Shotshell \u2013 Judge je vyroben\u00e9 tak, aby vyhovovalo va\u0161im potreb\u00e1m osobnej bezpe\u010dnosti. Systematizovan\u00fd syst\u00e9m nab\u00edjania predstavuje syst\u00e9m n\u00e1bojov na hlavni pu\u0161ky. Strelivo je navrhnut\u00e9 tak, aby okam\u017eite zastavilo hrozby bez toho, aby sp\u00f4sobilo riziko po\u0161kodenia dom\u00e1cnosti. Ke\u010f\u017ee ide o syst\u00e9m dom\u00e1cej obrany, vykonal sa rozsiahly v\u00fdskum tohto streliva. Gu\u013eka v skuto\u010dnosti zlep\u0161uje funk\u010dnos\u0165 strelnej zbrane a zabra\u0148uje poruch\u00e1m a zasek\u00e1vaniu. Tieto n\u00e1boje najlep\u0161ie funguj\u00fa s Judge, ale s\u00fa vhodn\u00e9 aj s S&amp;W Governor.<\/div>\n<div><\/div>\n<h2>\u0160PECIFIK\u00c1CIE<\/h2>\n<div>\u0160pecifik\u00e1cie pre strelivo Federal Premium Personal Defense 410 Handgun 410 Bore 5 Pellet Me\u010f Plated Lead Buckshot Pi\u0161to\u013eov\u00e9 strelivo:<\/div>\n<div>V\u00fdrobca: Federal Premium<\/div>\n<div>Kaliber: .410<\/div>\n<div>Po\u010det k\u00f4l: 500<\/div>\n<div>D\u013a\u017eka \u0161krupiny: 7,5 cm<\/div>\n<div>\u00das\u0165ov\u00e1 r\u00fdchlos\u0165: 775 ft\/s<\/div>\n<div>Dod\u00e1van\u00e9 pr\u00edslu\u0161enstvo: \u0160tandardn\u00e9<\/div>\n<div>Pou\u017eitie: Osobn\u00e1 obrana<\/div>\n<div>Ve\u013ekos\u0165 v\u00fdstrelu: 000 Buck<\/div>\n<div>Materi\u00e1l brokov: Olovo pokovovan\u00e9 me\u010fou<\/div>\n<div>\u0160t\u00fdl z\u00e1kladnej n\u00e1bojky: Stredov\u00fd ohe\u0148<\/div>\n<div>Po\u010det brokovnicov\u00fdch n\u00e1bojov: 5<\/div>\n<div>Bez olova: Nie<\/div>\n<div>Typ strely: Oloven\u00e1 brokovnica<\/div>\n<div>N\u00e1boj: .410<\/div>\n<div><\/div>\n<h2>VLASTNOSTI<\/h2>\n<div>Vlastnosti streliva Federal Premium Personal Defense 410 Handgun 410 Bore 5 Pellet Me\u010f-pokovovan\u00e9 oloven\u00e9 broky do pi\u0161tole<\/div>\n<div>Vynikaj\u00face vzorce dom\u00e1cej a osobnej obrany<\/div>\n<div>Dod\u00e1vka vysokej energie<\/div>\n<div>\u0160peci\u00e1lne mosadzn\u00e9 hlavy zais\u0165uj\u00fa hladk\u00e9 ods\u00e1vanie<\/div>\n<div><\/div>\n<h2>OBSAH BALENIA<\/h2>\n<div>Obsah balenia:<\/div>\n<div>Federal Premium Personal Defense 410 Pi\u0161to\u013e 410 Kaliber 5 Diabolky Pomeden\u00e9 Oloven\u00e9 Buckshot Pi\u0161to\u013eov\u00e9 Strelivo<\/div>","protected":false},"excerpt":{"rendered":"<p>Tento produkt je skladom a pripraven\u00fd na odoslanie. 100% R\u00fdchle doru\u010denie zaru\u010den\u00e9. Objednajte si teraz!<\/p>\n<form class=\"cart\" action=\"https:\/\/armoryweapons.com\/product\/federal-premium-personal-defense-410-bore-5-pellet-lead-buckshot-centerfire-pistol-ammunition-500-rounds-2\/\" enctype=\"multipart\/form-data\" method=\"post\">\n<div class=\"quantity buttons_added\"><\/div>\n<\/form>","protected":false},"featured_media":3106,"comment_status":"open","ping_status":"closed","template":"","meta":[],"product_brand":[],"product_cat":[282,119],"product_tag":[],"class_list":{"0":"post-3105","1":"product","2":"type-product","3":"status-publish","4":"has-post-thumbnail","6":"product_cat-410-ammo","7":"product_cat-shotgun-ammo","9":"first","10":"instock","11":"taxable","12":"shipping-taxable","13":"purchasable","14":"product-type-simple"},"yoast_head":"<!-- This site is optimized with the Yoast SEO Premium plugin v24.6 (Yoast SEO v25.7) - https:\/\/yoast.com\/wordpress\/plugins\/seo\/ -->\n<title>FEDERAL PREMIUM PERSONAL DEFENSE .410 BORE 5 PELLET LEAD BUCKSHOT CENTERFIRE PISTOL AMMUNITION 500 ROUNDS - Bulk Ammunition shop<\/title>\n<meta name=\"robots\" content=\"index, follow, max-snippet:-1, max-image-preview:large, max-video-preview:-1\" \/>\n<link rel=\"canonical\" href=\"https:\/\/www.bulkammunitionshop.com\/sk\/produkt\/federal-premium-personal-defense-410-kalibru-5-diaboliek-olovene-broky-strelivo-do-pistole-so-stredovym-zapalom-500-nabojov\/\" \/>\n<meta property=\"og:locale\" content=\"sk_SK\" \/>\n<meta property=\"og:type\" content=\"article\" \/>\n<meta property=\"og:title\" content=\"FEDERAL PREMIUM PERSONAL DEFENSE .410 BORE 5 PELLET LEAD BUCKSHOT CENTERFIRE PISTOL AMMUNITION 500 ROUNDS\" \/>\n<meta property=\"og:description\" content=\"This Product Is In Stock and Ready to Ship. 100% Fast Shipping Guaranteed. Place your Order Now!\" \/>\n<meta property=\"og:url\" content=\"https:\/\/www.bulkammunitionshop.com\/sk\/produkt\/federal-premium-personal-defense-410-kalibru-5-diaboliek-olovene-broky-strelivo-do-pistole-so-stredovym-zapalom-500-nabojov\/\" \/>\n<meta property=\"og:site_name\" content=\"Bulk Ammunition shop\" \/>\n<meta property=\"og:image\" content=\"http:\/\/www.bulkammunitionshop.com\/wp-content\/uploads\/2022\/11\/FEDERAL-PREMIUM-PERSONAL-DEFENSE-.410-BORE-5-PELLET-LEAD-BUCKSHOT-CENTERFIRE-PISTOL-AMMUNITION-500-ROUNDS-510x287-1.jpg\" \/>\n\t<meta property=\"og:image:width\" content=\"510\" \/>\n\t<meta property=\"og:image:height\" content=\"287\" \/>\n\t<meta property=\"og:image:type\" content=\"image\/jpeg\" \/>\n<meta name=\"twitter:card\" content=\"summary_large_image\" \/>\n<meta name=\"twitter:label1\" content=\"Predpokladan\u00fd \u010das \u010d\u00edtania\" \/>\n\t<meta name=\"twitter:data1\" content=\"1 min\u00fata\" \/>\n<script type=\"application\/ld+json\" class=\"yoast-schema-graph\">{\"@context\":\"https:\/\/schema.org\",\"@graph\":[{\"@type\":\"WebPage\",\"@id\":\"https:\/\/www.bulkammunitionshop.com\/product\/federal-premium-personal-defense-410-bore-5-pellet-lead-buckshot-centerfire-pistol-ammunition-500-rounds\/\",\"url\":\"https:\/\/www.bulkammunitionshop.com\/product\/federal-premium-personal-defense-410-bore-5-pellet-lead-buckshot-centerfire-pistol-ammunition-500-rounds\/\",\"name\":\"FEDERAL PREMIUM PERSONAL DEFENSE .410 BORE 5 PELLET LEAD BUCKSHOT CENTERFIRE PISTOL AMMUNITION 500 ROUNDS - Bulk Ammunition shop\",\"isPartOf\":{\"@id\":\"https:\/\/www.bulkammunitionshop.com\/#website\"},\"primaryImageOfPage\":{\"@id\":\"https:\/\/www.bulkammunitionshop.com\/product\/federal-premium-personal-defense-410-bore-5-pellet-lead-buckshot-centerfire-pistol-ammunition-500-rounds\/#primaryimage\"},\"image\":{\"@id\":\"https:\/\/www.bulkammunitionshop.com\/product\/federal-premium-personal-defense-410-bore-5-pellet-lead-buckshot-centerfire-pistol-ammunition-500-rounds\/#primaryimage\"},\"thumbnailUrl\":\"https:\/\/www.bulkammunitionshop.com\/wp-content\/uploads\/2022\/11\/FEDERAL-PREMIUM-PERSONAL-DEFENSE-.410-BORE-5-PELLET-LEAD-BUCKSHOT-CENTERFIRE-PISTOL-AMMUNITION-500-ROUNDS-510x287-1.jpg\",\"datePublished\":\"2022-11-04T23:16:14+00:00\",\"breadcrumb\":{\"@id\":\"https:\/\/www.bulkammunitionshop.com\/product\/federal-premium-personal-defense-410-bore-5-pellet-lead-buckshot-centerfire-pistol-ammunition-500-rounds\/#breadcrumb\"},\"inLanguage\":\"sk-SK\",\"potentialAction\":[{\"@type\":\"ReadAction\",\"target\":[\"https:\/\/www.bulkammunitionshop.com\/product\/federal-premium-personal-defense-410-bore-5-pellet-lead-buckshot-centerfire-pistol-ammunition-500-rounds\/\"]}]},{\"@type\":\"ImageObject\",\"inLanguage\":\"sk-SK\",\"@id\":\"https:\/\/www.bulkammunitionshop.com\/product\/federal-premium-personal-defense-410-bore-5-pellet-lead-buckshot-centerfire-pistol-ammunition-500-rounds\/#primaryimage\",\"url\":\"https:\/\/www.bulkammunitionshop.com\/wp-content\/uploads\/2022\/11\/FEDERAL-PREMIUM-PERSONAL-DEFENSE-.410-BORE-5-PELLET-LEAD-BUCKSHOT-CENTERFIRE-PISTOL-AMMUNITION-500-ROUNDS-510x287-1.jpg\",\"contentUrl\":\"https:\/\/www.bulkammunitionshop.com\/wp-content\/uploads\/2022\/11\/FEDERAL-PREMIUM-PERSONAL-DEFENSE-.410-BORE-5-PELLET-LEAD-BUCKSHOT-CENTERFIRE-PISTOL-AMMUNITION-500-ROUNDS-510x287-1.jpg\",\"width\":510,\"height\":287},{\"@type\":\"BreadcrumbList\",\"@id\":\"https:\/\/www.bulkammunitionshop.com\/product\/federal-premium-personal-defense-410-bore-5-pellet-lead-buckshot-centerfire-pistol-ammunition-500-rounds\/#breadcrumb\",\"itemListElement\":[{\"@type\":\"ListItem\",\"position\":1,\"name\":\"Home\",\"item\":\"https:\/\/www.bulkammunitionshop.com\/\"},{\"@type\":\"ListItem\",\"position\":2,\"name\":\"SHOP ALL\",\"item\":\"https:\/\/www.bulkammunitionshop.com\/shop-all\/\"},{\"@type\":\"ListItem\",\"position\":3,\"name\":\"FEDERAL PREMIUM PERSONAL DEFENSE .410 BORE 5 PELLET LEAD BUCKSHOT CENTERFIRE PISTOL AMMUNITION 500 ROUNDS\"}]},{\"@type\":\"WebSite\",\"@id\":\"https:\/\/www.bulkammunitionshop.com\/#website\",\"url\":\"https:\/\/www.bulkammunitionshop.com\/\",\"name\":\"Bulk Ammunition shop\",\"description\":\"Buy Cheap Bulk Ammo Online - Bulk Ammo for Sale- Cheap Ammo Online\",\"potentialAction\":[{\"@type\":\"SearchAction\",\"target\":{\"@type\":\"EntryPoint\",\"urlTemplate\":\"https:\/\/www.bulkammunitionshop.com\/?s={search_term_string}\"},\"query-input\":{\"@type\":\"PropertyValueSpecification\",\"valueRequired\":true,\"valueName\":\"search_term_string\"}}],\"inLanguage\":\"sk-SK\"}]}<\/script>\n<!-- \/ Yoast SEO Premium plugin. -->","yoast_head_json":{"title":"FEDER\u00c1LNA PR\u00c9MIOV\u00c1 OSOBN\u00c1 OBRANN\u00c1 STRELIVO .410 BORE 5 PELLET OLOVEN\u00c9 BROCHOTY S CENTR\u00c1LNYM VZPALOM 500 N\u00c1BOJOV - Ve\u013ekoobchod so strelivom","robots":{"index":"index","follow":"follow","max-snippet":"max-snippet:-1","max-image-preview":"max-image-preview:large","max-video-preview":"max-video-preview:-1"},"canonical":"https:\/\/www.bulkammunitionshop.com\/sk\/produkt\/federal-premium-personal-defense-410-kalibru-5-diaboliek-olovene-broky-strelivo-do-pistole-so-stredovym-zapalom-500-nabojov\/","og_locale":"sk_SK","og_type":"article","og_title":"FEDERAL PREMIUM PERSONAL DEFENSE .410 BORE 5 PELLET LEAD BUCKSHOT CENTERFIRE PISTOL AMMUNITION 500 ROUNDS","og_description":"This Product Is In Stock and Ready to Ship. 100% Fast Shipping Guaranteed. Place your Order Now!","og_url":"https:\/\/www.bulkammunitionshop.com\/sk\/produkt\/federal-premium-personal-defense-410-kalibru-5-diaboliek-olovene-broky-strelivo-do-pistole-so-stredovym-zapalom-500-nabojov\/","og_site_name":"Bulk Ammunition shop","og_image":[{"width":510,"height":287,"url":"http:\/\/www.bulkammunitionshop.com\/wp-content\/uploads\/2022\/11\/FEDERAL-PREMIUM-PERSONAL-DEFENSE-.410-BORE-5-PELLET-LEAD-BUCKSHOT-CENTERFIRE-PISTOL-AMMUNITION-500-ROUNDS-510x287-1.jpg","type":"image\/jpeg"}],"twitter_card":"summary_large_image","twitter_misc":{"Predpokladan\u00fd \u010das \u010d\u00edtania":"1 min\u00fata"},"schema":{"@context":"https:\/\/schema.org","@graph":[{"@type":"WebPage","@id":"https:\/\/www.bulkammunitionshop.com\/product\/federal-premium-personal-defense-410-bore-5-pellet-lead-buckshot-centerfire-pistol-ammunition-500-rounds\/","url":"https:\/\/www.bulkammunitionshop.com\/product\/federal-premium-personal-defense-410-bore-5-pellet-lead-buckshot-centerfire-pistol-ammunition-500-rounds\/","name":"FEDER\u00c1LNA PR\u00c9MIOV\u00c1 OSOBN\u00c1 OBRANN\u00c1 STRELIVO .410 BORE 5 PELLET OLOVEN\u00c9 BROCHOTY S CENTR\u00c1LNYM VZPALOM 500 N\u00c1BOJOV - Ve\u013ekoobchod so strelivom","isPartOf":{"@id":"https:\/\/www.bulkammunitionshop.com\/#website"},"primaryImageOfPage":{"@id":"https:\/\/www.bulkammunitionshop.com\/product\/federal-premium-personal-defense-410-bore-5-pellet-lead-buckshot-centerfire-pistol-ammunition-500-rounds\/#primaryimage"},"image":{"@id":"https:\/\/www.bulkammunitionshop.com\/product\/federal-premium-personal-defense-410-bore-5-pellet-lead-buckshot-centerfire-pistol-ammunition-500-rounds\/#primaryimage"},"thumbnailUrl":"https:\/\/www.bulkammunitionshop.com\/wp-content\/uploads\/2022\/11\/FEDERAL-PREMIUM-PERSONAL-DEFENSE-.410-BORE-5-PELLET-LEAD-BUCKSHOT-CENTERFIRE-PISTOL-AMMUNITION-500-ROUNDS-510x287-1.jpg","datePublished":"2022-11-04T23:16:14+00:00","breadcrumb":{"@id":"https:\/\/www.bulkammunitionshop.com\/product\/federal-premium-personal-defense-410-bore-5-pellet-lead-buckshot-centerfire-pistol-ammunition-500-rounds\/#breadcrumb"},"inLanguage":"sk-SK","potentialAction":[{"@type":"ReadAction","target":["https:\/\/www.bulkammunitionshop.com\/product\/federal-premium-personal-defense-410-bore-5-pellet-lead-buckshot-centerfire-pistol-ammunition-500-rounds\/"]}]},{"@type":"ImageObject","inLanguage":"sk-SK","@id":"https:\/\/www.bulkammunitionshop.com\/product\/federal-premium-personal-defense-410-bore-5-pellet-lead-buckshot-centerfire-pistol-ammunition-500-rounds\/#primaryimage","url":"https:\/\/www.bulkammunitionshop.com\/wp-content\/uploads\/2022\/11\/FEDERAL-PREMIUM-PERSONAL-DEFENSE-.410-BORE-5-PELLET-LEAD-BUCKSHOT-CENTERFIRE-PISTOL-AMMUNITION-500-ROUNDS-510x287-1.jpg","contentUrl":"https:\/\/www.bulkammunitionshop.com\/wp-content\/uploads\/2022\/11\/FEDERAL-PREMIUM-PERSONAL-DEFENSE-.410-BORE-5-PELLET-LEAD-BUCKSHOT-CENTERFIRE-PISTOL-AMMUNITION-500-ROUNDS-510x287-1.jpg","width":510,"height":287},{"@type":"BreadcrumbList","@id":"https:\/\/www.bulkammunitionshop.com\/product\/federal-premium-personal-defense-410-bore-5-pellet-lead-buckshot-centerfire-pistol-ammunition-500-rounds\/#breadcrumb","itemListElement":[{"@type":"ListItem","position":1,"name":"Home","item":"https:\/\/www.bulkammunitionshop.com\/"},{"@type":"ListItem","position":2,"name":"SHOP ALL","item":"https:\/\/www.bulkammunitionshop.com\/shop-all\/"},{"@type":"ListItem","position":3,"name":"FEDERAL PREMIUM PERSONAL DEFENSE .410 BORE 5 PELLET LEAD BUCKSHOT CENTERFIRE PISTOL AMMUNITION 500 ROUNDS"}]},{"@type":"WebSite","@id":"https:\/\/www.bulkammunitionshop.com\/#website","url":"https:\/\/www.bulkammunitionshop.com\/","name":"Obchod s ve\u013ekoobjemovou mun\u00edciou","description":"K\u00fapi\u0165 lacn\u00fa mun\u00edciu online - Ve\u013ekoobchodn\u00e1 mun\u00edcia na predaj - Lacn\u00e1 mun\u00edcia online","potentialAction":[{"@type":"SearchAction","target":{"@type":"EntryPoint","urlTemplate":"https:\/\/www.bulkammunitionshop.com\/?s={search_term_string}"},"query-input":{"@type":"PropertyValueSpecification","valueRequired":true,"valueName":"search_term_string"}}],"inLanguage":"sk-SK"}]}},"jetpack_sharing_enabled":true,"_links":{"self":[{"href":"https:\/\/www.bulkammunitionshop.com\/sk\/wp-json\/wp\/v2\/product\/3105","targetHints":{"allow":["GET"]}}],"collection":[{"href":"https:\/\/www.bulkammunitionshop.com\/sk\/wp-json\/wp\/v2\/product"}],"about":[{"href":"https:\/\/www.bulkammunitionshop.com\/sk\/wp-json\/wp\/v2\/types\/product"}],"replies":[{"embeddable":true,"href":"https:\/\/www.bulkammunitionshop.com\/sk\/wp-json\/wp\/v2\/comments?post=3105"}],"wp:featuredmedia":[{"embeddable":true,"href":"https:\/\/www.bulkammunitionshop.com\/sk\/wp-json\/wp\/v2\/media\/3106"}],"wp:attachment":[{"href":"https:\/\/www.bulkammunitionshop.com\/sk\/wp-json\/wp\/v2\/media?parent=3105"}],"wp:term":[{"taxonomy":"product_brand","embeddable":true,"href":"https:\/\/www.bulkammunitionshop.com\/sk\/wp-json\/wp\/v2\/product_brand?post=3105"},{"taxonomy":"product_cat","embeddable":true,"href":"https:\/\/www.bulkammunitionshop.com\/sk\/wp-json\/wp\/v2\/product_cat?post=3105"},{"taxonomy":"product_tag","embeddable":true,"href":"https:\/\/www.bulkammunitionshop.com\/sk\/wp-json\/wp\/v2\/product_tag?post=3105"}],"curies":[{"name":"wp","href":"https:\/\/api.w.org\/{rel}","templated":true}]}}