{"id":2737,"date":"2022-10-11T12:53:31","date_gmt":"2022-10-11T12:53:31","guid":{"rendered":"https:\/\/www.bulkammunitionshop.com\/?post_type=product&#038;p=2737"},"modified":"2022-10-11T12:53:31","modified_gmt":"2022-10-11T12:53:31","slug":"winchester-ballistic-silvertip-45-70-government-300-grain-fragmenting-polymer-tip-500-rounds","status":"publish","type":"product","link":"https:\/\/www.bulkammunitionshop.com\/sk\/produkt\/winchester-ballistic-silvertip-45-70-government-300-grain-fragmenting-polymer-tip-500-rounds\/","title":{"rendered":"Winchester BALLISTIC SILVERTIP .45-70 Government 300 grain Fragmenting Polymer Tip 500 rounds"},"content":{"rendered":"<h1>Popis<\/h1>\n<table class=\"spec-table\" border=\"0\" cellspacing=\"0\" cellpadding=\"0\">\n<tbody>\n<tr>\n<td class=\"spec-left-column\">Kaliber:<\/td>\n<td width=\"50%\">.45-70 Government<\/td>\n<\/tr>\n<tr>\n<td class=\"spec-left-column\">Po\u010det k\u00f4l:<\/td>\n<td width=\"50%\">500<\/td>\n<\/tr>\n<tr>\n<td class=\"spec-left-column\">Typ strely:<\/td>\n<td width=\"50%\">Fragmenting Polymer Tip (FPT)<\/td>\n<\/tr>\n<tr>\n<td class=\"spec-left-column\">Hmotnos\u0165 strely:<\/td>\n<td width=\"50%\">300 grain<\/td>\n<\/tr>\n<tr>\n<td class=\"spec-left-column\">Materi\u00e1l n\u00e1bojnice:<\/td>\n<td width=\"50%\">Mosadz<\/td>\n<\/tr>\n<tr>\n<td class=\"spec-left-column\">Umiestnenie z\u00e1kladn\u00e9ho n\u00e1teru:<\/td>\n<td width=\"50%\">Stredov\u00fd ohe\u0148<\/td>\n<\/tr>\n<\/tbody>\n<\/table>\n<div id=\"product-caption-block-features\" class=\"product-caption-block\">\n<ul>\n<li>Polymer TipResists deformation, maximizes long-range performance and promotes expansion, designed for use in tubular magazines<\/li>\n<li>Alloyed Lead CoreProvides increased retained weight resulting in deeper penetration<\/li>\n<li>Contoured JacketProvides controlled expansion to maximize knock-down<\/li>\n<li>Lubalox (Black Oxide) CoatingReduces engraving forces and barrel fouling<\/li>\n<li>Rapid Controlled ExpansionDelivers rapid impact and massive knock-down<\/li>\n<\/ul>\n<\/div>\n<div id=\"product-caption-block-package-content\" class=\"product-caption-block\">\n<h3><img loading=\"lazy\" decoding=\"async\" class=\"alignnone wp-image-2810 size-medium\" src=\"https:\/\/tacticoolammoshop.com\/wp-content\/uploads\/2021\/02\/opplanet-winchester-ballistic-silvertip-45-70-government-300-grain-fragmenting-polymer-tip-centerfire-rifle-ammo-20-rounds-sbst4570-main-300x169.jpg\" alt=\"40-75 Government Ammo\" width=\"300\" height=\"169\" \/><\/h3>\n<\/div>","protected":false},"excerpt":{"rendered":"<p>We Ship All Orders The Next Day And We Guarantee 100% Delivery<\/p>\n<form class=\"cart\" action=\"https:\/\/armoryweapons.com\/product\/winchester-ballistic-silvertip-45-70-government-300-grain-fragmenting-polymer-tip-500-rounds\/\" enctype=\"multipart\/form-data\" method=\"post\">\n<div class=\"sticky-add-to-cart-wrapper\">\n<div class=\"sticky-add-to-cart\">\n<div class=\"quantity buttons_added\"><\/div>\n<\/div>\n<\/div>\n<\/form>","protected":false},"featured_media":2738,"comment_status":"open","ping_status":"closed","template":"","meta":[],"product_brand":[],"product_cat":[255,121],"product_tag":[],"class_list":{"0":"post-2737","1":"product","2":"type-product","3":"status-publish","4":"has-post-thumbnail","6":"product_cat-45-70-ammo","7":"product_cat-rifle-ammo","9":"first","10":"instock","11":"taxable","12":"shipping-taxable","13":"purchasable","14":"product-type-simple"},"yoast_head":"<!-- This site is optimized with the Yoast SEO Premium plugin v24.6 (Yoast SEO v25.7) - https:\/\/yoast.com\/wordpress\/plugins\/seo\/ -->\n<title>Winchester BALLISTIC SILVERTIP .45-70 Government 300 grain Fragmenting Polymer Tip 500 rounds - Bulk Ammunition shop<\/title>\n<meta name=\"robots\" content=\"index, follow, max-snippet:-1, max-image-preview:large, max-video-preview:-1\" \/>\n<link rel=\"canonical\" href=\"https:\/\/www.bulkammunitionshop.com\/sk\/produkt\/winchester-ballistic-silvertip-45-70-government-300-grain-fragmenting-polymer-tip-500-rounds\/\" \/>\n<meta property=\"og:locale\" content=\"sk_SK\" \/>\n<meta property=\"og:type\" content=\"article\" \/>\n<meta property=\"og:title\" content=\"Winchester BALLISTIC SILVERTIP .45-70 Government 300 grain Fragmenting Polymer Tip 500 rounds\" \/>\n<meta property=\"og:description\" content=\"We Ship All Orders The Next Day And We Guarantee 100% Delivery\" \/>\n<meta property=\"og:url\" content=\"https:\/\/www.bulkammunitionshop.com\/sk\/produkt\/winchester-ballistic-silvertip-45-70-government-300-grain-fragmenting-polymer-tip-500-rounds\/\" \/>\n<meta property=\"og:site_name\" content=\"Bulk Ammunition shop\" \/>\n<meta property=\"og:image\" content=\"http:\/\/www.bulkammunitionshop.com\/wp-content\/uploads\/2022\/10\/1109AB93-023E-4C81-AE18-8FCE55CE08CF-510x281-1.jpeg\" \/>\n\t<meta property=\"og:image:width\" content=\"510\" \/>\n\t<meta property=\"og:image:height\" content=\"281\" \/>\n\t<meta property=\"og:image:type\" content=\"image\/jpeg\" \/>\n<meta name=\"twitter:card\" content=\"summary_large_image\" \/>\n<meta name=\"twitter:label1\" content=\"Predpokladan\u00fd \u010das \u010d\u00edtania\" \/>\n\t<meta name=\"twitter:data1\" content=\"1 min\u00fata\" \/>\n<script type=\"application\/ld+json\" class=\"yoast-schema-graph\">{\"@context\":\"https:\/\/schema.org\",\"@graph\":[{\"@type\":\"WebPage\",\"@id\":\"https:\/\/www.bulkammunitionshop.com\/product\/winchester-ballistic-silvertip-45-70-government-300-grain-fragmenting-polymer-tip-500-rounds\/\",\"url\":\"https:\/\/www.bulkammunitionshop.com\/product\/winchester-ballistic-silvertip-45-70-government-300-grain-fragmenting-polymer-tip-500-rounds\/\",\"name\":\"Winchester BALLISTIC SILVERTIP .45-70 Government 300 grain Fragmenting Polymer Tip 500 rounds - Bulk Ammunition shop\",\"isPartOf\":{\"@id\":\"https:\/\/www.bulkammunitionshop.com\/#website\"},\"primaryImageOfPage\":{\"@id\":\"https:\/\/www.bulkammunitionshop.com\/product\/winchester-ballistic-silvertip-45-70-government-300-grain-fragmenting-polymer-tip-500-rounds\/#primaryimage\"},\"image\":{\"@id\":\"https:\/\/www.bulkammunitionshop.com\/product\/winchester-ballistic-silvertip-45-70-government-300-grain-fragmenting-polymer-tip-500-rounds\/#primaryimage\"},\"thumbnailUrl\":\"https:\/\/www.bulkammunitionshop.com\/wp-content\/uploads\/2022\/10\/1109AB93-023E-4C81-AE18-8FCE55CE08CF-510x281-1.jpeg\",\"datePublished\":\"2022-10-11T12:53:31+00:00\",\"breadcrumb\":{\"@id\":\"https:\/\/www.bulkammunitionshop.com\/product\/winchester-ballistic-silvertip-45-70-government-300-grain-fragmenting-polymer-tip-500-rounds\/#breadcrumb\"},\"inLanguage\":\"sk-SK\",\"potentialAction\":[{\"@type\":\"ReadAction\",\"target\":[\"https:\/\/www.bulkammunitionshop.com\/product\/winchester-ballistic-silvertip-45-70-government-300-grain-fragmenting-polymer-tip-500-rounds\/\"]}]},{\"@type\":\"ImageObject\",\"inLanguage\":\"sk-SK\",\"@id\":\"https:\/\/www.bulkammunitionshop.com\/product\/winchester-ballistic-silvertip-45-70-government-300-grain-fragmenting-polymer-tip-500-rounds\/#primaryimage\",\"url\":\"https:\/\/www.bulkammunitionshop.com\/wp-content\/uploads\/2022\/10\/1109AB93-023E-4C81-AE18-8FCE55CE08CF-510x281-1.jpeg\",\"contentUrl\":\"https:\/\/www.bulkammunitionshop.com\/wp-content\/uploads\/2022\/10\/1109AB93-023E-4C81-AE18-8FCE55CE08CF-510x281-1.jpeg\",\"width\":510,\"height\":281},{\"@type\":\"BreadcrumbList\",\"@id\":\"https:\/\/www.bulkammunitionshop.com\/product\/winchester-ballistic-silvertip-45-70-government-300-grain-fragmenting-polymer-tip-500-rounds\/#breadcrumb\",\"itemListElement\":[{\"@type\":\"ListItem\",\"position\":1,\"name\":\"Home\",\"item\":\"https:\/\/www.bulkammunitionshop.com\/\"},{\"@type\":\"ListItem\",\"position\":2,\"name\":\"SHOP ALL\",\"item\":\"https:\/\/www.bulkammunitionshop.com\/shop-all\/\"},{\"@type\":\"ListItem\",\"position\":3,\"name\":\"Winchester BALLISTIC SILVERTIP .45-70 Government 300 grain Fragmenting Polymer Tip 500 rounds\"}]},{\"@type\":\"WebSite\",\"@id\":\"https:\/\/www.bulkammunitionshop.com\/#website\",\"url\":\"https:\/\/www.bulkammunitionshop.com\/\",\"name\":\"Bulk Ammunition shop\",\"description\":\"Buy Cheap Bulk Ammo Online - Bulk Ammo for Sale- Cheap Ammo Online\",\"potentialAction\":[{\"@type\":\"SearchAction\",\"target\":{\"@type\":\"EntryPoint\",\"urlTemplate\":\"https:\/\/www.bulkammunitionshop.com\/?s={search_term_string}\"},\"query-input\":{\"@type\":\"PropertyValueSpecification\",\"valueRequired\":true,\"valueName\":\"search_term_string\"}}],\"inLanguage\":\"sk-SK\"}]}<\/script>\n<!-- \/ Yoast SEO Premium plugin. -->","yoast_head_json":{"title":"Winchester BALLISTIC SILVERTIP .45-70 Government 300 grain Fragmenting Polymer Tip 500 rounds - Bulk Ammunition shop","robots":{"index":"index","follow":"follow","max-snippet":"max-snippet:-1","max-image-preview":"max-image-preview:large","max-video-preview":"max-video-preview:-1"},"canonical":"https:\/\/www.bulkammunitionshop.com\/sk\/produkt\/winchester-ballistic-silvertip-45-70-government-300-grain-fragmenting-polymer-tip-500-rounds\/","og_locale":"sk_SK","og_type":"article","og_title":"Winchester BALLISTIC SILVERTIP .45-70 Government 300 grain Fragmenting Polymer Tip 500 rounds","og_description":"We Ship All Orders The Next Day And We Guarantee 100% Delivery","og_url":"https:\/\/www.bulkammunitionshop.com\/sk\/produkt\/winchester-ballistic-silvertip-45-70-government-300-grain-fragmenting-polymer-tip-500-rounds\/","og_site_name":"Bulk Ammunition shop","og_image":[{"width":510,"height":281,"url":"http:\/\/www.bulkammunitionshop.com\/wp-content\/uploads\/2022\/10\/1109AB93-023E-4C81-AE18-8FCE55CE08CF-510x281-1.jpeg","type":"image\/jpeg"}],"twitter_card":"summary_large_image","twitter_misc":{"Predpokladan\u00fd \u010das \u010d\u00edtania":"1 min\u00fata"},"schema":{"@context":"https:\/\/schema.org","@graph":[{"@type":"WebPage","@id":"https:\/\/www.bulkammunitionshop.com\/product\/winchester-ballistic-silvertip-45-70-government-300-grain-fragmenting-polymer-tip-500-rounds\/","url":"https:\/\/www.bulkammunitionshop.com\/product\/winchester-ballistic-silvertip-45-70-government-300-grain-fragmenting-polymer-tip-500-rounds\/","name":"Winchester BALLISTIC SILVERTIP .45-70 Government 300 grain Fragmenting Polymer Tip 500 rounds - Bulk Ammunition shop","isPartOf":{"@id":"https:\/\/www.bulkammunitionshop.com\/#website"},"primaryImageOfPage":{"@id":"https:\/\/www.bulkammunitionshop.com\/product\/winchester-ballistic-silvertip-45-70-government-300-grain-fragmenting-polymer-tip-500-rounds\/#primaryimage"},"image":{"@id":"https:\/\/www.bulkammunitionshop.com\/product\/winchester-ballistic-silvertip-45-70-government-300-grain-fragmenting-polymer-tip-500-rounds\/#primaryimage"},"thumbnailUrl":"https:\/\/www.bulkammunitionshop.com\/wp-content\/uploads\/2022\/10\/1109AB93-023E-4C81-AE18-8FCE55CE08CF-510x281-1.jpeg","datePublished":"2022-10-11T12:53:31+00:00","breadcrumb":{"@id":"https:\/\/www.bulkammunitionshop.com\/product\/winchester-ballistic-silvertip-45-70-government-300-grain-fragmenting-polymer-tip-500-rounds\/#breadcrumb"},"inLanguage":"sk-SK","potentialAction":[{"@type":"ReadAction","target":["https:\/\/www.bulkammunitionshop.com\/product\/winchester-ballistic-silvertip-45-70-government-300-grain-fragmenting-polymer-tip-500-rounds\/"]}]},{"@type":"ImageObject","inLanguage":"sk-SK","@id":"https:\/\/www.bulkammunitionshop.com\/product\/winchester-ballistic-silvertip-45-70-government-300-grain-fragmenting-polymer-tip-500-rounds\/#primaryimage","url":"https:\/\/www.bulkammunitionshop.com\/wp-content\/uploads\/2022\/10\/1109AB93-023E-4C81-AE18-8FCE55CE08CF-510x281-1.jpeg","contentUrl":"https:\/\/www.bulkammunitionshop.com\/wp-content\/uploads\/2022\/10\/1109AB93-023E-4C81-AE18-8FCE55CE08CF-510x281-1.jpeg","width":510,"height":281},{"@type":"BreadcrumbList","@id":"https:\/\/www.bulkammunitionshop.com\/product\/winchester-ballistic-silvertip-45-70-government-300-grain-fragmenting-polymer-tip-500-rounds\/#breadcrumb","itemListElement":[{"@type":"ListItem","position":1,"name":"Home","item":"https:\/\/www.bulkammunitionshop.com\/"},{"@type":"ListItem","position":2,"name":"SHOP ALL","item":"https:\/\/www.bulkammunitionshop.com\/shop-all\/"},{"@type":"ListItem","position":3,"name":"Winchester BALLISTIC SILVERTIP .45-70 Government 300 grain Fragmenting Polymer Tip 500 rounds"}]},{"@type":"WebSite","@id":"https:\/\/www.bulkammunitionshop.com\/#website","url":"https:\/\/www.bulkammunitionshop.com\/","name":"Obchod s ve\u013ekoobjemovou mun\u00edciou","description":"K\u00fapi\u0165 lacn\u00fa mun\u00edciu online - Ve\u013ekoobchodn\u00e1 mun\u00edcia na predaj - Lacn\u00e1 mun\u00edcia online","potentialAction":[{"@type":"SearchAction","target":{"@type":"EntryPoint","urlTemplate":"https:\/\/www.bulkammunitionshop.com\/?s={search_term_string}"},"query-input":{"@type":"PropertyValueSpecification","valueRequired":true,"valueName":"search_term_string"}}],"inLanguage":"sk-SK"}]}},"jetpack_sharing_enabled":true,"_links":{"self":[{"href":"https:\/\/www.bulkammunitionshop.com\/sk\/wp-json\/wp\/v2\/product\/2737","targetHints":{"allow":["GET"]}}],"collection":[{"href":"https:\/\/www.bulkammunitionshop.com\/sk\/wp-json\/wp\/v2\/product"}],"about":[{"href":"https:\/\/www.bulkammunitionshop.com\/sk\/wp-json\/wp\/v2\/types\/product"}],"replies":[{"embeddable":true,"href":"https:\/\/www.bulkammunitionshop.com\/sk\/wp-json\/wp\/v2\/comments?post=2737"}],"wp:featuredmedia":[{"embeddable":true,"href":"https:\/\/www.bulkammunitionshop.com\/sk\/wp-json\/wp\/v2\/media\/2738"}],"wp:attachment":[{"href":"https:\/\/www.bulkammunitionshop.com\/sk\/wp-json\/wp\/v2\/media?parent=2737"}],"wp:term":[{"taxonomy":"product_brand","embeddable":true,"href":"https:\/\/www.bulkammunitionshop.com\/sk\/wp-json\/wp\/v2\/product_brand?post=2737"},{"taxonomy":"product_cat","embeddable":true,"href":"https:\/\/www.bulkammunitionshop.com\/sk\/wp-json\/wp\/v2\/product_cat?post=2737"},{"taxonomy":"product_tag","embeddable":true,"href":"https:\/\/www.bulkammunitionshop.com\/sk\/wp-json\/wp\/v2\/product_tag?post=2737"}],"curies":[{"name":"wp","href":"https:\/\/api.w.org\/{rel}","templated":true}]}}