{"id":2731,"date":"2022-10-11T12:43:16","date_gmt":"2022-10-11T12:43:16","guid":{"rendered":"https:\/\/www.bulkammunitionshop.com\/?post_type=product&#038;p=2731"},"modified":"2022-10-11T12:43:16","modified_gmt":"2022-10-11T12:43:16","slug":"sellier-bellot-ammunition-45-70-government-405-grain-soft-point-500-rounds","status":"publish","type":"product","link":"https:\/\/www.bulkammunitionshop.com\/sk\/produkt\/sellier-bellot-ammunition-45-70-government-405-grain-soft-point-500-rounds\/","title":{"rendered":"SELLIER &#038; BELLOT AMMUNITION 45-70 GOVERNMENT 405 GRAIN SOFT POINT 500 ROUNDS"},"content":{"rendered":"<h1>PRODUCT INFORMATION FOR<a href=\"https:\/\/www.google.com\/search?q=sellier+bellot+45-70+govt&amp;client=opera&amp;biw=1280&amp;bih=579&amp;ei=NtjoYfHpNuSUlwTvoJ_4DQ&amp;oq=Sellier+%26+Bellot++45-70+&amp;gs_lcp=Cgdnd3Mtd2l6EAEYAjIFCAAQgAQyBggAEBYQHjIGCAAQFhAeMgYIABAWEB4yBggAEBYQHjIGCAAQFhAeOgcIABBHELADOggIABAWEAoQHkoECEEYAEoECEYYAFD7dFjEpgFg9dwBaAJwAngAgAHVAYgB9weSAQUwLjIuM5gBAKABAcgBCMABAQ&amp;sclient=gws-wiz\" target=\"_blank\" rel=\"nofollow noopener\">SELLIER &amp; BELLOT AMMUNITION 45-70<\/a><a href=\"https:\/\/www.bulkammunitionshop.com\/sk\/\">GOVERNMENT 405 GRAIN SOFT POINT<\/a><\/h1>\n<p>Sellier and Bellot has been producing cartridge ammunition since 1825. The year 2009 saw one of the milestones in the history of the company, the Brazilian company Companhia Brasileira de Cartuchos S.A. (CBC), also known under the name of Magtech, became the owner of Sellier &amp; Bellot. Another group member is the German company MEN, a globally renowned producer of small-arms ammunition for the military, police, and commercial markets. Due to the merger into one group, the mentioned companies have become more competitive and rank among the largest producers in the world. sellier bellot 45-70 govt<\/p>\n<p>Today Sellier and Bellot produce ammunition using high quality components which is the choice of hunters, competitive shooters, law enforcement agencies and militaries around the world. Soft point bullets feature a soft lead exposed nose that create controlled expansion and a uniform mushroom. This ammunition is new production, non-corrosive, in boxer primed, reloadable brass cases. sellier bellot 45-70 govt<\/p>\n<h5 id=\"product-info-table\">INFORM\u00c1CIE O PRODUKTE<\/h5>\n<table class=\"product-specs-table stack-l\" data-specifications=\"\" aria-labelledby=\"product-info-table\">\n<tbody>\n<tr class=\"product-specs-table-container\" data-ng-repeat=\"attribute in displayableAttrs | orderBy: ['attributeSortOrder','valueSortOrder','name']\" data-ng-class=\"{'is-selectable' : attribute.IsSelectable}\">\n<th class=\"product-specs-table-detail\">KAZETA<\/th>\n<td class=\"product-specs-table-definition\">\n<div role=\"presentation\" data-ng-if=\"attribute.isDropDownSelectable === false\"><span data-ng-if=\"attribute.value.length == 1\">45-70 Government<\/span><\/div>\n<\/td>\n<\/tr>\n<tr class=\"product-specs-table-container\" data-ng-repeat=\"attribute in displayableAttrs | orderBy: ['attributeSortOrder','valueSortOrder','name']\" data-ng-class=\"{'is-selectable' : attribute.IsSelectable}\">\n<th class=\"product-specs-table-detail\">HMOTNOS\u0164 ZRNA<\/th>\n<td class=\"product-specs-table-definition\">\n<div role=\"presentation\" data-ng-if=\"attribute.isDropDownSelectable === false\"><span data-ng-if=\"attribute.value.length == 1\">405 Grains<\/span><\/div>\n<\/td>\n<\/tr>\n<tr class=\"product-specs-table-container\" data-ng-repeat=\"attribute in displayableAttrs | orderBy: ['attributeSortOrder','valueSortOrder','name']\" data-ng-class=\"{'is-selectable' : attribute.IsSelectable}\">\n<th class=\"product-specs-table-detail\">MNO\u017dSTVO<\/th>\n<td class=\"product-specs-table-definition\">\n<div role=\"presentation\" data-ng-if=\"attribute.isDropDownSelectable === false\"><span data-ng-if=\"attribute.value.length == 1\">500 n\u00e1bojov<\/span><\/div>\n<\/td>\n<\/tr>\n<tr class=\"product-specs-table-container\" data-ng-repeat=\"attribute in displayableAttrs | orderBy: ['attributeSortOrder','valueSortOrder','name']\" data-ng-class=\"{'is-selectable' : attribute.IsSelectable}\">\n<th class=\"product-specs-table-detail\">\u00das\u0165ov\u00e1 r\u00fdchlos\u0165<\/th>\n<td class=\"product-specs-table-definition\">\n<div role=\"presentation\" data-ng-if=\"attribute.isDropDownSelectable === false\"><span data-ng-if=\"attribute.value.length == 1\">1509 Feet Per Second<\/span><\/div>\n<\/td>\n<\/tr>\n<tr class=\"product-specs-table-container\" data-ng-repeat=\"attribute in displayableAttrs | orderBy: ['attributeSortOrder','valueSortOrder','name']\" data-ng-class=\"{'is-selectable' : attribute.IsSelectable}\">\n<th class=\"product-specs-table-detail\">ENERGIA \u00daSTIA<\/th>\n<td class=\"product-specs-table-definition\">\n<div role=\"presentation\" data-ng-if=\"attribute.isDropDownSelectable === false\"><span data-ng-if=\"attribute.value.length == 1\">2044 Foot Pounds<\/span><\/div>\n<\/td>\n<\/tr>\n<tr class=\"product-specs-table-container\" data-ng-repeat=\"attribute in displayableAttrs | orderBy: ['attributeSortOrder','valueSortOrder','name']\" data-ng-class=\"{'is-selectable' : attribute.IsSelectable}\">\n<th class=\"product-specs-table-detail\">\u0160T\u00ddL GU\u013dKY<\/th>\n<td class=\"product-specs-table-definition\">\n<div role=\"presentation\" data-ng-if=\"attribute.isDropDownSelectable === false\"><span data-ng-if=\"attribute.value.length == 1\">Opl\u00e1\u0161ten\u00fd m\u00e4kk\u00fd hrot<\/span><\/div>\n<\/td>\n<\/tr>\n<tr class=\"product-specs-table-container\" data-ng-repeat=\"attribute in displayableAttrs | orderBy: ['attributeSortOrder','valueSortOrder','name']\" data-ng-class=\"{'is-selectable' : attribute.IsSelectable}\">\n<th class=\"product-specs-table-detail\">BEZ OLOVA<\/th>\n<td class=\"product-specs-table-definition\">\n<div role=\"presentation\" data-ng-if=\"attribute.isDropDownSelectable === false\"><span data-ng-if=\"attribute.value.length == 1\">Nie<\/span><\/div>\n<\/td>\n<\/tr>\n<tr class=\"product-specs-table-container\" data-ng-repeat=\"attribute in displayableAttrs | orderBy: ['attributeSortOrder','valueSortOrder','name']\" data-ng-class=\"{'is-selectable' : attribute.IsSelectable}\">\n<th class=\"product-specs-table-detail\">TYP PR\u00cdPADU<\/th>\n<td class=\"product-specs-table-definition\">\n<div role=\"presentation\" data-ng-if=\"attribute.isDropDownSelectable === false\"><span data-ng-if=\"attribute.value.length == 1\">Mosadz<\/span><\/div>\n<\/td>\n<\/tr>\n<tr class=\"product-specs-table-container\" data-ng-repeat=\"attribute in displayableAttrs | orderBy: ['attributeSortOrder','valueSortOrder','name']\" data-ng-class=\"{'is-selectable' : attribute.IsSelectable}\">\n<th class=\"product-specs-table-detail\">Z\u00c1KLADN\u00c1 N\u00c1TER<\/th>\n<td class=\"product-specs-table-definition\">\n<div role=\"presentation\" data-ng-if=\"attribute.isDropDownSelectable === false\"><span data-ng-if=\"attribute.value.length == 1\">Boxer<\/span><\/div>\n<\/td>\n<\/tr>\n<tr class=\"product-specs-table-container\" data-ng-repeat=\"attribute in displayableAttrs | orderBy: ['attributeSortOrder','valueSortOrder','name']\" data-ng-class=\"{'is-selectable' : attribute.IsSelectable}\">\n<th class=\"product-specs-table-detail\">\u017dIERAVINA<\/th>\n<td class=\"product-specs-table-definition\">\n<div role=\"presentation\" data-ng-if=\"attribute.isDropDownSelectable === false\"><span data-ng-if=\"attribute.value.length == 1\">Nie<\/span><\/div>\n<\/td>\n<\/tr>\n<tr class=\"product-specs-table-container\" data-ng-repeat=\"attribute in displayableAttrs | orderBy: ['attributeSortOrder','valueSortOrder','name']\" data-ng-class=\"{'is-selectable' : attribute.IsSelectable}\">\n<th class=\"product-specs-table-detail\">NAB\u00cdJATE\u013dN\u00c9<\/th>\n<td class=\"product-specs-table-definition\">\n<div role=\"presentation\" data-ng-if=\"attribute.isDropDownSelectable === false\"><span data-ng-if=\"attribute.value.length == 1\">\u00c1no<\/span><\/div>\n<\/td>\n<\/tr>\n<tr class=\"product-specs-table-container\" data-ng-repeat=\"attribute in displayableAttrs | orderBy: ['attributeSortOrder','valueSortOrder','name']\" data-ng-class=\"{'is-selectable' : attribute.IsSelectable}\">\n<th class=\"product-specs-table-detail\">G1 BALLISTIC COEFFICIENT<\/th>\n<td class=\"product-specs-table-definition\">\n<div role=\"presentation\" data-ng-if=\"attribute.isDropDownSelectable === false\"><span data-ng-if=\"attribute.value.length == 1\">0.32<\/span><\/div>\n<\/td>\n<\/tr>\n<tr class=\"product-specs-table-container\" data-ng-repeat=\"attribute in displayableAttrs | orderBy: ['attributeSortOrder','valueSortOrder','name']\" data-ng-class=\"{'is-selectable' : attribute.IsSelectable}\">\n<th class=\"product-specs-table-detail\">G7 BALLISTIC COEFFICIENT<\/th>\n<td class=\"product-specs-table-definition\">\n<div role=\"presentation\" data-ng-if=\"attribute.isDropDownSelectable === false\"><span data-ng-if=\"attribute.value.length == 1\">0.16<\/span><\/div>\n<\/td>\n<\/tr>\n<tr class=\"product-specs-table-container\" data-ng-repeat=\"attribute in displayableAttrs | orderBy: ['attributeSortOrder','valueSortOrder','name']\" data-ng-class=\"{'is-selectable' : attribute.IsSelectable}\">\n<th class=\"product-specs-table-detail\">TEST BARREL LENGTH<\/th>\n<td class=\"product-specs-table-definition\">\n<div role=\"presentation\" data-ng-if=\"attribute.isDropDownSelectable === false\"><span data-ng-if=\"attribute.value.length == 1\">24 palcov<\/span><\/div>\n<\/td>\n<\/tr>\n<tr class=\"product-specs-table-container\" data-ng-repeat=\"attribute in displayableAttrs | orderBy: ['attributeSortOrder','valueSortOrder','name']\" data-ng-class=\"{'is-selectable' : attribute.IsSelectable}\">\n<th class=\"product-specs-table-detail\">HODNOTENIE R\u00ddCHLOSTI<\/th>\n<td class=\"product-specs-table-definition\">\n<div role=\"presentation\" data-ng-if=\"attribute.isDropDownSelectable === false\"><span data-ng-if=\"attribute.value.length == 1\">Nadzvukov\u00fd<\/span><\/div>\n<\/td>\n<\/tr>\n<\/tbody>\n<\/table>","protected":false},"excerpt":{"rendered":"<p>We Ship All Orders The Next Day And We Guarantee 100% Delivery<\/p>\n<form class=\"cart\" action=\"https:\/\/armoryweapons.com\/product\/sellier-bellot-ammunition-45-70-government-405-grain-soft-point-500-rounds\/\" enctype=\"multipart\/form-data\" method=\"post\">\n<div class=\"sticky-add-to-cart-wrapper\">\n<div class=\"sticky-add-to-cart\">\n<div class=\"quantity buttons_added\"><\/div>\n<\/div>\n<\/div>\n<\/form>","protected":false},"featured_media":2733,"comment_status":"open","ping_status":"closed","template":"","meta":[],"product_brand":[],"product_cat":[255,121],"product_tag":[],"class_list":{"0":"post-2731","1":"product","2":"type-product","3":"status-publish","4":"has-post-thumbnail","6":"product_cat-45-70-ammo","7":"product_cat-rifle-ammo","9":"first","10":"instock","11":"taxable","12":"shipping-taxable","13":"purchasable","14":"product-type-simple"},"yoast_head":"<!-- This site is optimized with the Yoast SEO Premium plugin v24.6 (Yoast SEO v25.7) - https:\/\/yoast.com\/wordpress\/plugins\/seo\/ -->\n<title>SELLIER &amp; BELLOT AMMUNITION 45-70 GOVERNMENT 405 GRAIN SOFT POINT 500 ROUNDS - Bulk Ammunition shop<\/title>\n<meta name=\"robots\" content=\"index, follow, max-snippet:-1, max-image-preview:large, max-video-preview:-1\" \/>\n<link rel=\"canonical\" href=\"https:\/\/www.bulkammunitionshop.com\/sk\/produkt\/sellier-bellot-ammunition-45-70-government-405-grain-soft-point-500-rounds\/\" \/>\n<meta property=\"og:locale\" content=\"sk_SK\" \/>\n<meta property=\"og:type\" content=\"article\" \/>\n<meta property=\"og:title\" content=\"SELLIER &amp; BELLOT AMMUNITION 45-70 GOVERNMENT 405 GRAIN SOFT POINT 500 ROUNDS\" \/>\n<meta property=\"og:description\" content=\"We Ship All Orders The Next Day And We Guarantee 100% Delivery\" \/>\n<meta property=\"og:url\" content=\"https:\/\/www.bulkammunitionshop.com\/sk\/produkt\/sellier-bellot-ammunition-45-70-government-405-grain-soft-point-500-rounds\/\" \/>\n<meta property=\"og:site_name\" content=\"Bulk Ammunition shop\" \/>\n<meta property=\"og:image\" content=\"http:\/\/www.bulkammunitionshop.com\/wp-content\/uploads\/2022\/10\/SELLIER-BELLOT-AMMUNITION-45-70-GOVERNMENT-405-GRAIN-SOFT-POINT-500-ROUNDS-510x383-1.jpg\" \/>\n\t<meta property=\"og:image:width\" content=\"510\" \/>\n\t<meta property=\"og:image:height\" content=\"383\" \/>\n\t<meta property=\"og:image:type\" content=\"image\/jpeg\" \/>\n<meta name=\"twitter:card\" content=\"summary_large_image\" \/>\n<meta name=\"twitter:label1\" content=\"Predpokladan\u00fd \u010das \u010d\u00edtania\" \/>\n\t<meta name=\"twitter:data1\" content=\"1 min\u00fata\" \/>\n<script type=\"application\/ld+json\" class=\"yoast-schema-graph\">{\"@context\":\"https:\/\/schema.org\",\"@graph\":[{\"@type\":\"WebPage\",\"@id\":\"https:\/\/www.bulkammunitionshop.com\/product\/sellier-bellot-ammunition-45-70-government-405-grain-soft-point-500-rounds\/\",\"url\":\"https:\/\/www.bulkammunitionshop.com\/product\/sellier-bellot-ammunition-45-70-government-405-grain-soft-point-500-rounds\/\",\"name\":\"SELLIER & BELLOT AMMUNITION 45-70 GOVERNMENT 405 GRAIN SOFT POINT 500 ROUNDS - Bulk Ammunition shop\",\"isPartOf\":{\"@id\":\"https:\/\/www.bulkammunitionshop.com\/#website\"},\"primaryImageOfPage\":{\"@id\":\"https:\/\/www.bulkammunitionshop.com\/product\/sellier-bellot-ammunition-45-70-government-405-grain-soft-point-500-rounds\/#primaryimage\"},\"image\":{\"@id\":\"https:\/\/www.bulkammunitionshop.com\/product\/sellier-bellot-ammunition-45-70-government-405-grain-soft-point-500-rounds\/#primaryimage\"},\"thumbnailUrl\":\"https:\/\/www.bulkammunitionshop.com\/wp-content\/uploads\/2022\/10\/SELLIER-BELLOT-AMMUNITION-45-70-GOVERNMENT-405-GRAIN-SOFT-POINT-500-ROUNDS-510x383-1.jpg\",\"datePublished\":\"2022-10-11T12:43:16+00:00\",\"breadcrumb\":{\"@id\":\"https:\/\/www.bulkammunitionshop.com\/product\/sellier-bellot-ammunition-45-70-government-405-grain-soft-point-500-rounds\/#breadcrumb\"},\"inLanguage\":\"sk-SK\",\"potentialAction\":[{\"@type\":\"ReadAction\",\"target\":[\"https:\/\/www.bulkammunitionshop.com\/product\/sellier-bellot-ammunition-45-70-government-405-grain-soft-point-500-rounds\/\"]}]},{\"@type\":\"ImageObject\",\"inLanguage\":\"sk-SK\",\"@id\":\"https:\/\/www.bulkammunitionshop.com\/product\/sellier-bellot-ammunition-45-70-government-405-grain-soft-point-500-rounds\/#primaryimage\",\"url\":\"https:\/\/www.bulkammunitionshop.com\/wp-content\/uploads\/2022\/10\/SELLIER-BELLOT-AMMUNITION-45-70-GOVERNMENT-405-GRAIN-SOFT-POINT-500-ROUNDS-510x383-1.jpg\",\"contentUrl\":\"https:\/\/www.bulkammunitionshop.com\/wp-content\/uploads\/2022\/10\/SELLIER-BELLOT-AMMUNITION-45-70-GOVERNMENT-405-GRAIN-SOFT-POINT-500-ROUNDS-510x383-1.jpg\",\"width\":510,\"height\":383},{\"@type\":\"BreadcrumbList\",\"@id\":\"https:\/\/www.bulkammunitionshop.com\/product\/sellier-bellot-ammunition-45-70-government-405-grain-soft-point-500-rounds\/#breadcrumb\",\"itemListElement\":[{\"@type\":\"ListItem\",\"position\":1,\"name\":\"Home\",\"item\":\"https:\/\/www.bulkammunitionshop.com\/\"},{\"@type\":\"ListItem\",\"position\":2,\"name\":\"SHOP ALL\",\"item\":\"https:\/\/www.bulkammunitionshop.com\/shop-all\/\"},{\"@type\":\"ListItem\",\"position\":3,\"name\":\"SELLIER &#038; BELLOT AMMUNITION 45-70 GOVERNMENT 405 GRAIN SOFT POINT 500 ROUNDS\"}]},{\"@type\":\"WebSite\",\"@id\":\"https:\/\/www.bulkammunitionshop.com\/#website\",\"url\":\"https:\/\/www.bulkammunitionshop.com\/\",\"name\":\"Bulk Ammunition shop\",\"description\":\"Buy Cheap Bulk Ammo Online - Bulk Ammo for Sale- Cheap Ammo Online\",\"potentialAction\":[{\"@type\":\"SearchAction\",\"target\":{\"@type\":\"EntryPoint\",\"urlTemplate\":\"https:\/\/www.bulkammunitionshop.com\/?s={search_term_string}\"},\"query-input\":{\"@type\":\"PropertyValueSpecification\",\"valueRequired\":true,\"valueName\":\"search_term_string\"}}],\"inLanguage\":\"sk-SK\"}]}<\/script>\n<!-- \/ Yoast SEO Premium plugin. -->","yoast_head_json":{"title":"SELLIER & BELLOT AMMUNITION 45-70 GOVERNMENT 405 GRAIN SOFT POINT 500 ROUNDS - Bulk Ammunition shop","robots":{"index":"index","follow":"follow","max-snippet":"max-snippet:-1","max-image-preview":"max-image-preview:large","max-video-preview":"max-video-preview:-1"},"canonical":"https:\/\/www.bulkammunitionshop.com\/sk\/produkt\/sellier-bellot-ammunition-45-70-government-405-grain-soft-point-500-rounds\/","og_locale":"sk_SK","og_type":"article","og_title":"SELLIER & BELLOT AMMUNITION 45-70 GOVERNMENT 405 GRAIN SOFT POINT 500 ROUNDS","og_description":"We Ship All Orders The Next Day And We Guarantee 100% Delivery","og_url":"https:\/\/www.bulkammunitionshop.com\/sk\/produkt\/sellier-bellot-ammunition-45-70-government-405-grain-soft-point-500-rounds\/","og_site_name":"Bulk Ammunition shop","og_image":[{"width":510,"height":383,"url":"http:\/\/www.bulkammunitionshop.com\/wp-content\/uploads\/2022\/10\/SELLIER-BELLOT-AMMUNITION-45-70-GOVERNMENT-405-GRAIN-SOFT-POINT-500-ROUNDS-510x383-1.jpg","type":"image\/jpeg"}],"twitter_card":"summary_large_image","twitter_misc":{"Predpokladan\u00fd \u010das \u010d\u00edtania":"1 min\u00fata"},"schema":{"@context":"https:\/\/schema.org","@graph":[{"@type":"WebPage","@id":"https:\/\/www.bulkammunitionshop.com\/product\/sellier-bellot-ammunition-45-70-government-405-grain-soft-point-500-rounds\/","url":"https:\/\/www.bulkammunitionshop.com\/product\/sellier-bellot-ammunition-45-70-government-405-grain-soft-point-500-rounds\/","name":"SELLIER & BELLOT AMMUNITION 45-70 GOVERNMENT 405 GRAIN SOFT POINT 500 ROUNDS - Bulk Ammunition shop","isPartOf":{"@id":"https:\/\/www.bulkammunitionshop.com\/#website"},"primaryImageOfPage":{"@id":"https:\/\/www.bulkammunitionshop.com\/product\/sellier-bellot-ammunition-45-70-government-405-grain-soft-point-500-rounds\/#primaryimage"},"image":{"@id":"https:\/\/www.bulkammunitionshop.com\/product\/sellier-bellot-ammunition-45-70-government-405-grain-soft-point-500-rounds\/#primaryimage"},"thumbnailUrl":"https:\/\/www.bulkammunitionshop.com\/wp-content\/uploads\/2022\/10\/SELLIER-BELLOT-AMMUNITION-45-70-GOVERNMENT-405-GRAIN-SOFT-POINT-500-ROUNDS-510x383-1.jpg","datePublished":"2022-10-11T12:43:16+00:00","breadcrumb":{"@id":"https:\/\/www.bulkammunitionshop.com\/product\/sellier-bellot-ammunition-45-70-government-405-grain-soft-point-500-rounds\/#breadcrumb"},"inLanguage":"sk-SK","potentialAction":[{"@type":"ReadAction","target":["https:\/\/www.bulkammunitionshop.com\/product\/sellier-bellot-ammunition-45-70-government-405-grain-soft-point-500-rounds\/"]}]},{"@type":"ImageObject","inLanguage":"sk-SK","@id":"https:\/\/www.bulkammunitionshop.com\/product\/sellier-bellot-ammunition-45-70-government-405-grain-soft-point-500-rounds\/#primaryimage","url":"https:\/\/www.bulkammunitionshop.com\/wp-content\/uploads\/2022\/10\/SELLIER-BELLOT-AMMUNITION-45-70-GOVERNMENT-405-GRAIN-SOFT-POINT-500-ROUNDS-510x383-1.jpg","contentUrl":"https:\/\/www.bulkammunitionshop.com\/wp-content\/uploads\/2022\/10\/SELLIER-BELLOT-AMMUNITION-45-70-GOVERNMENT-405-GRAIN-SOFT-POINT-500-ROUNDS-510x383-1.jpg","width":510,"height":383},{"@type":"BreadcrumbList","@id":"https:\/\/www.bulkammunitionshop.com\/product\/sellier-bellot-ammunition-45-70-government-405-grain-soft-point-500-rounds\/#breadcrumb","itemListElement":[{"@type":"ListItem","position":1,"name":"Home","item":"https:\/\/www.bulkammunitionshop.com\/"},{"@type":"ListItem","position":2,"name":"SHOP ALL","item":"https:\/\/www.bulkammunitionshop.com\/shop-all\/"},{"@type":"ListItem","position":3,"name":"SELLIER &#038; BELLOT AMMUNITION 45-70 GOVERNMENT 405 GRAIN SOFT POINT 500 ROUNDS"}]},{"@type":"WebSite","@id":"https:\/\/www.bulkammunitionshop.com\/#website","url":"https:\/\/www.bulkammunitionshop.com\/","name":"Obchod s ve\u013ekoobjemovou mun\u00edciou","description":"K\u00fapi\u0165 lacn\u00fa mun\u00edciu online - Ve\u013ekoobchodn\u00e1 mun\u00edcia na predaj - Lacn\u00e1 mun\u00edcia online","potentialAction":[{"@type":"SearchAction","target":{"@type":"EntryPoint","urlTemplate":"https:\/\/www.bulkammunitionshop.com\/?s={search_term_string}"},"query-input":{"@type":"PropertyValueSpecification","valueRequired":true,"valueName":"search_term_string"}}],"inLanguage":"sk-SK"}]}},"jetpack_sharing_enabled":true,"_links":{"self":[{"href":"https:\/\/www.bulkammunitionshop.com\/sk\/wp-json\/wp\/v2\/product\/2731","targetHints":{"allow":["GET"]}}],"collection":[{"href":"https:\/\/www.bulkammunitionshop.com\/sk\/wp-json\/wp\/v2\/product"}],"about":[{"href":"https:\/\/www.bulkammunitionshop.com\/sk\/wp-json\/wp\/v2\/types\/product"}],"replies":[{"embeddable":true,"href":"https:\/\/www.bulkammunitionshop.com\/sk\/wp-json\/wp\/v2\/comments?post=2731"}],"wp:featuredmedia":[{"embeddable":true,"href":"https:\/\/www.bulkammunitionshop.com\/sk\/wp-json\/wp\/v2\/media\/2733"}],"wp:attachment":[{"href":"https:\/\/www.bulkammunitionshop.com\/sk\/wp-json\/wp\/v2\/media?parent=2731"}],"wp:term":[{"taxonomy":"product_brand","embeddable":true,"href":"https:\/\/www.bulkammunitionshop.com\/sk\/wp-json\/wp\/v2\/product_brand?post=2731"},{"taxonomy":"product_cat","embeddable":true,"href":"https:\/\/www.bulkammunitionshop.com\/sk\/wp-json\/wp\/v2\/product_cat?post=2731"},{"taxonomy":"product_tag","embeddable":true,"href":"https:\/\/www.bulkammunitionshop.com\/sk\/wp-json\/wp\/v2\/product_tag?post=2731"}],"curies":[{"name":"wp","href":"https:\/\/api.w.org\/{rel}","templated":true}]}}