{"id":2157,"date":"2022-06-28T13:11:52","date_gmt":"2022-06-28T13:11:52","guid":{"rendered":"https:\/\/www.bulkammunitionshop.com\/?post_type=product&#038;p=2157"},"modified":"2022-06-28T13:11:52","modified_gmt":"2022-06-28T13:11:52","slug":"federal-american-eagle-ammunition-223-remington-55-grain-full-metal-jacket","status":"publish","type":"product","link":"https:\/\/www.bulkammunitionshop.com\/sk\/produkt\/federal-american-eagle-ammunition-223-remington-55-grain-full-metal-jacket\/","title":{"rendered":"FEDERAL AMERICAN EAGLE AMMUNITION 223 REMINGTON 55 GRAIN FULL METAL JACKET"},"content":{"rendered":"<h3>INFORM\u00c1CIE O PRODUKTE<\/h3>\n<table class=\"product-specs-table stack-l\" data-specifications=\"\">\n<tbody>\n<tr class=\"product-specs-table-container\" data-ng-repeat=\"attribute in displayableAttrs | orderBy: ['attributeSortOrder','valueSortOrder','name']\" data-ng-class=\"{'is-selectable' : attribute.IsSelectable}\">\n<td class=\"product-specs-table-detail\">Kazeta<\/td>\n<td class=\"product-specs-table-definition\">\n<div data-ng-if=\"attribute.isDropDownSelectable === false\"><span data-ng-if=\"attribute.value.length == 1\">223 Remington<\/span><\/div>\n<\/td>\n<\/tr>\n<tr class=\"product-specs-table-container\" data-ng-repeat=\"attribute in displayableAttrs | orderBy: ['attributeSortOrder','valueSortOrder','name']\" data-ng-class=\"{'is-selectable' : attribute.IsSelectable}\">\n<td class=\"product-specs-table-detail\">Hmotnos\u0165 zrna<\/td>\n<td class=\"product-specs-table-definition\">\n<div data-ng-if=\"attribute.isDropDownSelectable === false\"><span data-ng-if=\"attribute.value.length == 1\">55 Grains<\/span><\/div>\n<\/td>\n<\/tr>\n<tr class=\"product-specs-table-container\" data-ng-repeat=\"attribute in displayableAttrs | orderBy: ['attributeSortOrder','valueSortOrder','name']\" data-ng-class=\"{'is-selectable' : attribute.IsSelectable}\">\n<td class=\"product-specs-table-detail\">Mno\u017estvo<\/td>\n<td class=\"product-specs-table-definition\"><button class=\"product-specs-table-select sc_button_hover_slide_left\" data-ng-click=\"fantasticVoyage(attribute.name)\" data-ng-if=\"attribute.isDropDownSelectable === true\">Please select<\/button><\/td>\n<\/tr>\n<tr class=\"product-specs-table-container\" data-ng-repeat=\"attribute in displayableAttrs | orderBy: ['attributeSortOrder','valueSortOrder','name']\" data-ng-class=\"{'is-selectable' : attribute.IsSelectable}\">\n<td class=\"product-specs-table-detail\">Configuration<\/td>\n<td class=\"product-specs-table-definition\"><\/td>\n<\/tr>\n<tr class=\"product-specs-table-container\" data-ng-repeat=\"attribute in displayableAttrs | orderBy: ['attributeSortOrder','valueSortOrder','name']\" data-ng-class=\"{'is-selectable' : attribute.IsSelectable}\">\n<td class=\"product-specs-table-detail\">\u00das\u0165ov\u00e1 r\u00fdchlos\u0165<\/td>\n<td class=\"product-specs-table-definition\">\n<div data-ng-if=\"attribute.isDropDownSelectable === false\"><span data-ng-if=\"attribute.value.length == 1\">3240 Feet Per Second<\/span><\/div>\n<\/td>\n<\/tr>\n<tr class=\"product-specs-table-container\" data-ng-repeat=\"attribute in displayableAttrs | orderBy: ['attributeSortOrder','valueSortOrder','name']\" data-ng-class=\"{'is-selectable' : attribute.IsSelectable}\">\n<td class=\"product-specs-table-detail\">Energia \u00fas\u0165ovej pa\u013eby<\/td>\n<td class=\"product-specs-table-definition\">\n<div data-ng-if=\"attribute.isDropDownSelectable === false\"><span data-ng-if=\"attribute.value.length == 1\">1282 Foot Pounds<\/span><\/div>\n<\/td>\n<\/tr>\n<tr class=\"product-specs-table-container\" data-ng-repeat=\"attribute in displayableAttrs | orderBy: ['attributeSortOrder','valueSortOrder','name']\" data-ng-class=\"{'is-selectable' : attribute.IsSelectable}\">\n<td class=\"product-specs-table-detail\">\u0160t\u00fdl odr\u00e1\u017eky<\/td>\n<td class=\"product-specs-table-definition\">\n<div data-ng-if=\"attribute.isDropDownSelectable === false\"><span data-ng-if=\"attribute.value.length == 1\">Full Metal Jacket<\/span><\/div>\n<\/td>\n<\/tr>\n<tr class=\"product-specs-table-container\" data-ng-repeat=\"attribute in displayableAttrs | orderBy: ['attributeSortOrder','valueSortOrder','name']\" data-ng-class=\"{'is-selectable' : attribute.IsSelectable}\">\n<td class=\"product-specs-table-detail\">Lead-Free<\/td>\n<td class=\"product-specs-table-definition\">\n<div data-ng-if=\"attribute.isDropDownSelectable === false\"><span data-ng-if=\"attribute.value.length == 1\">Nie<\/span><\/div>\n<\/td>\n<\/tr>\n<tr class=\"product-specs-table-container\" data-ng-repeat=\"attribute in displayableAttrs | orderBy: ['attributeSortOrder','valueSortOrder','name']\" data-ng-class=\"{'is-selectable' : attribute.IsSelectable}\">\n<td class=\"product-specs-table-detail\">Typ pr\u00edpadu<\/td>\n<td class=\"product-specs-table-definition\">\n<div data-ng-if=\"attribute.isDropDownSelectable === false\"><span data-ng-if=\"attribute.value.length == 1\">Mosadz<\/span><\/div>\n<\/td>\n<\/tr>\n<tr class=\"product-specs-table-container\" data-ng-repeat=\"attribute in displayableAttrs | orderBy: ['attributeSortOrder','valueSortOrder','name']\" data-ng-class=\"{'is-selectable' : attribute.IsSelectable}\">\n<td class=\"product-specs-table-detail\">Z\u00e1kladn\u00fd n\u00e1ter<\/td>\n<td class=\"product-specs-table-definition\">\n<div data-ng-if=\"attribute.isDropDownSelectable === false\"><span data-ng-if=\"attribute.value.length == 1\">Boxer<\/span><\/div>\n<\/td>\n<\/tr>\n<tr class=\"product-specs-table-container\" data-ng-repeat=\"attribute in displayableAttrs | orderBy: ['attributeSortOrder','valueSortOrder','name']\" data-ng-class=\"{'is-selectable' : attribute.IsSelectable}\">\n<td class=\"product-specs-table-detail\">\u017dierav\u00e9<\/td>\n<td class=\"product-specs-table-definition\">\n<div data-ng-if=\"attribute.isDropDownSelectable === false\"><span data-ng-if=\"attribute.value.length == 1\">Nie<\/span><\/div>\n<\/td>\n<\/tr>\n<tr class=\"product-specs-table-container\" data-ng-repeat=\"attribute in displayableAttrs | orderBy: ['attributeSortOrder','valueSortOrder','name']\" data-ng-class=\"{'is-selectable' : attribute.IsSelectable}\">\n<td class=\"product-specs-table-detail\">Dob\u00edjate\u013en\u00e9<\/td>\n<td class=\"product-specs-table-definition\">\n<div data-ng-if=\"attribute.isDropDownSelectable === false\"><span data-ng-if=\"attribute.value.length == 1\">\u00c1no<\/span><\/div>\n<\/td>\n<\/tr>\n<tr class=\"product-specs-table-container\" data-ng-repeat=\"attribute in displayableAttrs | orderBy: ['attributeSortOrder','valueSortOrder','name']\" data-ng-class=\"{'is-selectable' : attribute.IsSelectable}\">\n<td class=\"product-specs-table-detail\">Balistick\u00fd koeficient G1<\/td>\n<td class=\"product-specs-table-definition\">\n<div data-ng-if=\"attribute.isDropDownSelectable === false\"><span data-ng-if=\"attribute.value.length == 1\">0.269<\/span><\/div>\n<\/td>\n<\/tr>\n<tr class=\"product-specs-table-container\" data-ng-repeat=\"attribute in displayableAttrs | orderBy: ['attributeSortOrder','valueSortOrder','name']\" data-ng-class=\"{'is-selectable' : attribute.IsSelectable}\">\n<td class=\"product-specs-table-detail\">Hodnotenie r\u00fdchlosti<\/td>\n<td class=\"product-specs-table-definition\">\n<div data-ng-if=\"attribute.isDropDownSelectable === false\"><span data-ng-if=\"attribute.value.length == 1\">Nadzvukov\u00fd<\/span><\/div>\n<\/td>\n<\/tr>\n<tr class=\"product-specs-table-container\" data-ng-repeat=\"attribute in displayableAttrs | orderBy: ['attributeSortOrder','valueSortOrder','name']\" data-ng-class=\"{'is-selectable' : attribute.IsSelectable}\">\n<td class=\"product-specs-table-detail\">Krajina p\u00f4vodu<\/td>\n<td class=\"product-specs-table-definition\">\n<div data-ng-if=\"attribute.isDropDownSelectable === false\"><span data-ng-if=\"attribute.value.length == 1\">Spojen\u00e9 \u0161t\u00e1ty americk\u00e9<\/span><\/div>\n<\/td>\n<\/tr>\n<\/tbody>\n<\/table>\n<p>&nbsp;<\/p>\n<div>\n<div id=\"product-caption-block-description\" class=\"product-caption-block\">\n<p>Federal AE223JX American Eagle 223 Rem 55 gr Full Metal Jacket Boat Tail (FMJBT) \u2013 American Eagle rifle ammunition offers consistent, accurate performance at a price that\u2019s perfect for high-volume shooting. The loads feature quality bullets, reloadable brass cases, and dependable primers.federal 223 ammunition<\/p>\n<p><strong>Shop at<a href=\"https:\/\/www.bulkammunitionshop.com\/sk\/\">\u00a0Tacticoolammoshop.com\u00a0<\/a>to find more of the best high-quality\u00a0Bulk Ammo, including more\u00a0<a href=\"https:\/\/www.google.com\/search?q=federal+223+ammo&amp;client=opera&amp;ei=4oCYYairPM2RkwWrv5jQBg&amp;ved=0ahUKEwiopJ6llKb0AhXNyKQKHasfBmoQ4dUDCA0&amp;uact=5&amp;oq=federal+223+ammo&amp;gs_lcp=Cgdnd3Mtd2l6EAMyBQgAEIAEMgUIABCABDIFCAAQgAQyBAgAEEMyBQgAEIAEMgUIABCABDIFCAAQgAQyBQgAEIAEMgUIABCABDIFCAAQgAQ6CgguEMcBENEDEEM6EQguEIAEELEDEIMBEMcBENEDOgsIABCABBCxAxCDAToFCC4QsQM6CAgAEIAEELEDOgUIABCxAzoFCC4QgAQ6CAguELEDEIMBOgsILhCABBDHARCjAjoOCAAQgAQQsQMQgwEQxwM6CgguEMcBEKMCEEM6CwguEIAEEMcBENEDOgsILhCABBDHARCvAToHCC4QgAQQCjoFCAAQkQJKBAhBGABQAFilJGCJKGgAcAB4AIABwAKIAbQdkgEIMC4xLjE0LjGYAQCgAQHAAQE&amp;sclient=gws-wiz\" target=\"_blank\" rel=\"nofollow noopener\">223 Bulk Ammo<\/a>\u00a0here!federal 223 ammo<\/strong><\/p>\n<\/div>\n<\/div>","protected":false},"excerpt":{"rendered":"<p>PRODUCT INFORMATION Cartridge 223 Remington Grain Weight 55 Grains Quantity Please select Configuration Muzzle Velocity 3240 Feet Per Second Muzzle Energy 1282 Foot Pounds Bullet Style Full Metal Jacket Lead-Free No Case Type Brass Primer Boxer Corrosive No Reloadable Yes G1 Ballistic Coefficient 0.269 Velocity Rating Supersonic Country of Origin United States of America &nbsp; [&#8230;]","protected":false},"featured_media":2161,"comment_status":"open","ping_status":"closed","template":"","meta":[],"product_brand":[],"product_cat":[218,121],"product_tag":[],"class_list":{"0":"post-2157","1":"product","2":"type-product","3":"status-publish","4":"has-post-thumbnail","6":"product_cat-223-remington","7":"product_cat-rifle-ammo","9":"first","10":"instock","11":"taxable","12":"shipping-taxable","13":"purchasable","14":"product-type-variable"},"yoast_head":"<!-- This site is optimized with the Yoast SEO Premium plugin v24.6 (Yoast SEO v25.7) - https:\/\/yoast.com\/wordpress\/plugins\/seo\/ -->\n<title>FEDERAL AMERICAN EAGLE AMMUNITION 223 REMINGTON 55 GRAIN FULL METAL JACKET - Bulk Ammunition shop<\/title>\n<meta name=\"robots\" content=\"index, follow, max-snippet:-1, max-image-preview:large, max-video-preview:-1\" \/>\n<link rel=\"canonical\" href=\"https:\/\/www.bulkammunitionshop.com\/sk\/produkt\/federal-american-eagle-ammunition-223-remington-55-grain-full-metal-jacket\/\" \/>\n<meta property=\"og:locale\" content=\"sk_SK\" \/>\n<meta property=\"og:type\" content=\"article\" \/>\n<meta property=\"og:title\" content=\"FEDERAL AMERICAN EAGLE AMMUNITION 223 REMINGTON 55 GRAIN FULL METAL JACKET\" \/>\n<meta property=\"og:description\" content=\"PRODUCT INFORMATION Cartridge 223 Remington Grain Weight 55 Grains Quantity Please select Configuration Muzzle Velocity 3240 Feet Per Second Muzzle Energy 1282 Foot Pounds Bullet Style Full Metal Jacket Lead-Free No Case Type Brass Primer Boxer Corrosive No Reloadable Yes G1 Ballistic Coefficient 0.269 Velocity Rating Supersonic Country of Origin United States of America &nbsp; [...]\" \/>\n<meta property=\"og:url\" content=\"https:\/\/www.bulkammunitionshop.com\/sk\/produkt\/federal-american-eagle-ammunition-223-remington-55-grain-full-metal-jacket\/\" \/>\n<meta property=\"og:site_name\" content=\"Bulk Ammunition shop\" \/>\n<meta property=\"og:image\" content=\"http:\/\/www.bulkammunitionshop.com\/wp-content\/uploads\/2022\/06\/825607.png\" \/>\n\t<meta property=\"og:image:width\" content=\"600\" \/>\n\t<meta property=\"og:image:height\" content=\"450\" \/>\n\t<meta property=\"og:image:type\" content=\"image\/png\" \/>\n<meta name=\"twitter:card\" content=\"summary_large_image\" \/>\n<meta name=\"twitter:label1\" content=\"Predpokladan\u00fd \u010das \u010d\u00edtania\" \/>\n\t<meta name=\"twitter:data1\" content=\"1 min\u00fata\" \/>\n<script type=\"application\/ld+json\" class=\"yoast-schema-graph\">{\"@context\":\"https:\/\/schema.org\",\"@graph\":[{\"@type\":\"WebPage\",\"@id\":\"https:\/\/www.bulkammunitionshop.com\/product\/federal-american-eagle-ammunition-223-remington-55-grain-full-metal-jacket\/\",\"url\":\"https:\/\/www.bulkammunitionshop.com\/product\/federal-american-eagle-ammunition-223-remington-55-grain-full-metal-jacket\/\",\"name\":\"FEDERAL AMERICAN EAGLE AMMUNITION 223 REMINGTON 55 GRAIN FULL METAL JACKET - Bulk Ammunition shop\",\"isPartOf\":{\"@id\":\"https:\/\/www.bulkammunitionshop.com\/#website\"},\"primaryImageOfPage\":{\"@id\":\"https:\/\/www.bulkammunitionshop.com\/product\/federal-american-eagle-ammunition-223-remington-55-grain-full-metal-jacket\/#primaryimage\"},\"image\":{\"@id\":\"https:\/\/www.bulkammunitionshop.com\/product\/federal-american-eagle-ammunition-223-remington-55-grain-full-metal-jacket\/#primaryimage\"},\"thumbnailUrl\":\"https:\/\/www.bulkammunitionshop.com\/wp-content\/uploads\/2022\/06\/825607.png\",\"datePublished\":\"2022-06-28T13:11:52+00:00\",\"breadcrumb\":{\"@id\":\"https:\/\/www.bulkammunitionshop.com\/product\/federal-american-eagle-ammunition-223-remington-55-grain-full-metal-jacket\/#breadcrumb\"},\"inLanguage\":\"sk-SK\",\"potentialAction\":[{\"@type\":\"ReadAction\",\"target\":[\"https:\/\/www.bulkammunitionshop.com\/product\/federal-american-eagle-ammunition-223-remington-55-grain-full-metal-jacket\/\"]}]},{\"@type\":\"ImageObject\",\"inLanguage\":\"sk-SK\",\"@id\":\"https:\/\/www.bulkammunitionshop.com\/product\/federal-american-eagle-ammunition-223-remington-55-grain-full-metal-jacket\/#primaryimage\",\"url\":\"https:\/\/www.bulkammunitionshop.com\/wp-content\/uploads\/2022\/06\/825607.png\",\"contentUrl\":\"https:\/\/www.bulkammunitionshop.com\/wp-content\/uploads\/2022\/06\/825607.png\",\"width\":600,\"height\":450},{\"@type\":\"BreadcrumbList\",\"@id\":\"https:\/\/www.bulkammunitionshop.com\/product\/federal-american-eagle-ammunition-223-remington-55-grain-full-metal-jacket\/#breadcrumb\",\"itemListElement\":[{\"@type\":\"ListItem\",\"position\":1,\"name\":\"Home\",\"item\":\"https:\/\/www.bulkammunitionshop.com\/\"},{\"@type\":\"ListItem\",\"position\":2,\"name\":\"SHOP ALL\",\"item\":\"https:\/\/www.bulkammunitionshop.com\/shop-all\/\"},{\"@type\":\"ListItem\",\"position\":3,\"name\":\"FEDERAL AMERICAN EAGLE AMMUNITION 223 REMINGTON 55 GRAIN FULL METAL JACKET\"}]},{\"@type\":\"WebSite\",\"@id\":\"https:\/\/www.bulkammunitionshop.com\/#website\",\"url\":\"https:\/\/www.bulkammunitionshop.com\/\",\"name\":\"Bulk Ammunition shop\",\"description\":\"Buy Cheap Bulk Ammo Online - Bulk Ammo for Sale- Cheap Ammo Online\",\"potentialAction\":[{\"@type\":\"SearchAction\",\"target\":{\"@type\":\"EntryPoint\",\"urlTemplate\":\"https:\/\/www.bulkammunitionshop.com\/?s={search_term_string}\"},\"query-input\":{\"@type\":\"PropertyValueSpecification\",\"valueRequired\":true,\"valueName\":\"search_term_string\"}}],\"inLanguage\":\"sk-SK\"}]}<\/script>\n<!-- \/ Yoast SEO Premium plugin. -->","yoast_head_json":{"title":"FEDERAL AMERICAN EAGLE AMMUNITION 223 REMINGTON 55 GRAIN FULL METAL JACKET - Bulk Ammunition shop","robots":{"index":"index","follow":"follow","max-snippet":"max-snippet:-1","max-image-preview":"max-image-preview:large","max-video-preview":"max-video-preview:-1"},"canonical":"https:\/\/www.bulkammunitionshop.com\/sk\/produkt\/federal-american-eagle-ammunition-223-remington-55-grain-full-metal-jacket\/","og_locale":"sk_SK","og_type":"article","og_title":"FEDERAL AMERICAN EAGLE AMMUNITION 223 REMINGTON 55 GRAIN FULL METAL JACKET","og_description":"PRODUCT INFORMATION Cartridge 223 Remington Grain Weight 55 Grains Quantity Please select Configuration Muzzle Velocity 3240 Feet Per Second Muzzle Energy 1282 Foot Pounds Bullet Style Full Metal Jacket Lead-Free No Case Type Brass Primer Boxer Corrosive No Reloadable Yes G1 Ballistic Coefficient 0.269 Velocity Rating Supersonic Country of Origin United States of America &nbsp; [...]","og_url":"https:\/\/www.bulkammunitionshop.com\/sk\/produkt\/federal-american-eagle-ammunition-223-remington-55-grain-full-metal-jacket\/","og_site_name":"Bulk Ammunition shop","og_image":[{"width":600,"height":450,"url":"http:\/\/www.bulkammunitionshop.com\/wp-content\/uploads\/2022\/06\/825607.png","type":"image\/png"}],"twitter_card":"summary_large_image","twitter_misc":{"Predpokladan\u00fd \u010das \u010d\u00edtania":"1 min\u00fata"},"schema":{"@context":"https:\/\/schema.org","@graph":[{"@type":"WebPage","@id":"https:\/\/www.bulkammunitionshop.com\/product\/federal-american-eagle-ammunition-223-remington-55-grain-full-metal-jacket\/","url":"https:\/\/www.bulkammunitionshop.com\/product\/federal-american-eagle-ammunition-223-remington-55-grain-full-metal-jacket\/","name":"FEDERAL AMERICAN EAGLE AMMUNITION 223 REMINGTON 55 GRAIN FULL METAL JACKET - Bulk Ammunition shop","isPartOf":{"@id":"https:\/\/www.bulkammunitionshop.com\/#website"},"primaryImageOfPage":{"@id":"https:\/\/www.bulkammunitionshop.com\/product\/federal-american-eagle-ammunition-223-remington-55-grain-full-metal-jacket\/#primaryimage"},"image":{"@id":"https:\/\/www.bulkammunitionshop.com\/product\/federal-american-eagle-ammunition-223-remington-55-grain-full-metal-jacket\/#primaryimage"},"thumbnailUrl":"https:\/\/www.bulkammunitionshop.com\/wp-content\/uploads\/2022\/06\/825607.png","datePublished":"2022-06-28T13:11:52+00:00","breadcrumb":{"@id":"https:\/\/www.bulkammunitionshop.com\/product\/federal-american-eagle-ammunition-223-remington-55-grain-full-metal-jacket\/#breadcrumb"},"inLanguage":"sk-SK","potentialAction":[{"@type":"ReadAction","target":["https:\/\/www.bulkammunitionshop.com\/product\/federal-american-eagle-ammunition-223-remington-55-grain-full-metal-jacket\/"]}]},{"@type":"ImageObject","inLanguage":"sk-SK","@id":"https:\/\/www.bulkammunitionshop.com\/product\/federal-american-eagle-ammunition-223-remington-55-grain-full-metal-jacket\/#primaryimage","url":"https:\/\/www.bulkammunitionshop.com\/wp-content\/uploads\/2022\/06\/825607.png","contentUrl":"https:\/\/www.bulkammunitionshop.com\/wp-content\/uploads\/2022\/06\/825607.png","width":600,"height":450},{"@type":"BreadcrumbList","@id":"https:\/\/www.bulkammunitionshop.com\/product\/federal-american-eagle-ammunition-223-remington-55-grain-full-metal-jacket\/#breadcrumb","itemListElement":[{"@type":"ListItem","position":1,"name":"Home","item":"https:\/\/www.bulkammunitionshop.com\/"},{"@type":"ListItem","position":2,"name":"SHOP ALL","item":"https:\/\/www.bulkammunitionshop.com\/shop-all\/"},{"@type":"ListItem","position":3,"name":"FEDERAL AMERICAN EAGLE AMMUNITION 223 REMINGTON 55 GRAIN FULL METAL JACKET"}]},{"@type":"WebSite","@id":"https:\/\/www.bulkammunitionshop.com\/#website","url":"https:\/\/www.bulkammunitionshop.com\/","name":"Obchod s ve\u013ekoobjemovou mun\u00edciou","description":"K\u00fapi\u0165 lacn\u00fa mun\u00edciu online - Ve\u013ekoobchodn\u00e1 mun\u00edcia na predaj - Lacn\u00e1 mun\u00edcia online","potentialAction":[{"@type":"SearchAction","target":{"@type":"EntryPoint","urlTemplate":"https:\/\/www.bulkammunitionshop.com\/?s={search_term_string}"},"query-input":{"@type":"PropertyValueSpecification","valueRequired":true,"valueName":"search_term_string"}}],"inLanguage":"sk-SK"}]}},"jetpack_sharing_enabled":true,"_links":{"self":[{"href":"https:\/\/www.bulkammunitionshop.com\/sk\/wp-json\/wp\/v2\/product\/2157","targetHints":{"allow":["GET"]}}],"collection":[{"href":"https:\/\/www.bulkammunitionshop.com\/sk\/wp-json\/wp\/v2\/product"}],"about":[{"href":"https:\/\/www.bulkammunitionshop.com\/sk\/wp-json\/wp\/v2\/types\/product"}],"replies":[{"embeddable":true,"href":"https:\/\/www.bulkammunitionshop.com\/sk\/wp-json\/wp\/v2\/comments?post=2157"}],"wp:featuredmedia":[{"embeddable":true,"href":"https:\/\/www.bulkammunitionshop.com\/sk\/wp-json\/wp\/v2\/media\/2161"}],"wp:attachment":[{"href":"https:\/\/www.bulkammunitionshop.com\/sk\/wp-json\/wp\/v2\/media?parent=2157"}],"wp:term":[{"taxonomy":"product_brand","embeddable":true,"href":"https:\/\/www.bulkammunitionshop.com\/sk\/wp-json\/wp\/v2\/product_brand?post=2157"},{"taxonomy":"product_cat","embeddable":true,"href":"https:\/\/www.bulkammunitionshop.com\/sk\/wp-json\/wp\/v2\/product_cat?post=2157"},{"taxonomy":"product_tag","embeddable":true,"href":"https:\/\/www.bulkammunitionshop.com\/sk\/wp-json\/wp\/v2\/product_tag?post=2157"}],"curies":[{"name":"wp","href":"https:\/\/api.w.org\/{rel}","templated":true}]}}