{"id":1453,"date":"2022-05-21T16:27:48","date_gmt":"2022-05-21T16:27:48","guid":{"rendered":"https:\/\/www.bulkammunitionshop.com\/?post_type=product&#038;p=1453"},"modified":"2022-05-21T16:28:18","modified_gmt":"2022-05-21T16:28:18","slug":"1000rds-of-federal-premium-varmint-predator-243-winchester-75-grain-jacketed-hollow-point-centerfire-rifle-ammunition","status":"publish","type":"product","link":"https:\/\/www.bulkammunitionshop.com\/sk\/produkt\/1000rds-of-federal-premium-varmint-predator-243-winchester-75-grain-jacketed-hollow-point-centerfire-rifle-ammunition\/","title":{"rendered":"1000Rds of Federal Premium VARMINT \/ PREDATOR .243 Winchester 75 grain Jacketed Hollow Point Centerfire Rifle Ammunition"},"content":{"rendered":"<h2 id=\"caption-header\">Product Info for\u00a0Federal Premium VARMINT \/ PREDATOR .243 Winchester 75 grain Jacketed Hollow Point Centerfire Rifle Ammunition<\/h2>\n<div>\n<div id=\"product-caption-block-description\" class=\"product-caption-block\">\n<p>Combine accuracy consistency reliable performance on target and an affordable price tag and the result is the perfect round for the avid varmint hunter. American Eagle Varmint &amp; Predator loads feature reloadable brass and Federal primers with a Tipped Varmint or jacketed hollow-point bullet depending on caliber. Both designs expand explosively on impact for maximum lethality. American Eagle Varmint &amp; Predator loads are offered in 40- or 50-count bulk packs perfect for high-volume shooting.<\/p>\n<\/div>\n<div id=\"product-caption-block-manufacture-specification\" class=\"product-caption-block\">\n<h3>Specifications for Federal Premium VARMINT \/ PREDATOR .243 Winchester 75 grain Jacketed Hollow Point Centerfire Rifle Ammunition:<\/h3>\n<table class=\"spec-table\" border=\"0\" cellspacing=\"0\" cellpadding=\"0\">\n<tbody>\n<tr>\n<td class=\"spec-left-column\">Kaliber:<\/td>\n<td width=\"50%\">.243 Winchester<\/td>\n<\/tr>\n<tr>\n<td class=\"spec-left-column\">Po\u010det k\u00f4l:<\/td>\n<td width=\"50%\">1000<\/td>\n<\/tr>\n<tr>\n<td class=\"spec-left-column\">Typ strely:<\/td>\n<td width=\"50%\">Dut\u00fd hrot s pl\u00e1\u0161\u0165om (JHP)<\/td>\n<\/tr>\n<tr>\n<td class=\"spec-left-column\">Hmotnos\u0165 strely:<\/td>\n<td width=\"50%\">75 grain<\/td>\n<\/tr>\n<tr>\n<td class=\"spec-left-column\">\u00das\u0165ov\u00e1 r\u00fdchlos\u0165:<\/td>\n<td width=\"50%\">3375 ft\/s<\/td>\n<\/tr>\n<tr>\n<td class=\"spec-left-column\">Umiestnenie z\u00e1kladn\u00e9ho n\u00e1teru:<\/td>\n<td width=\"50%\">Stredov\u00fd ohe\u0148<\/td>\n<\/tr>\n<\/tbody>\n<\/table>\n<\/div>\n<div id=\"product-caption-block-features\" class=\"product-caption-block\">\n<h3>Features of Federal Premium American Eagle .243 Winchester 75gr. JHP Rifle Ammo &#8211; 40 Rounds<\/h3>\n<ul>\n<li>Consistent, accurate performance<\/li>\n<li>Explosive expansion on impact<\/li>\n<li>Consistent primers<\/li>\n<li>Reliable feeding and function<\/li>\n<li>Highly reloadable brass cases<\/li>\n<li>Bulk packs reduce in-the-field waste<\/li>\n<\/ul>\n<\/div>\n<div id=\"product-caption-block-package-content\" class=\"product-caption-block\">\n<h3><\/h3>\n<\/div>\n<\/div>","protected":false},"excerpt":{"rendered":"<p>Product Info for\u00a0Federal Premium VARMINT \/ PREDATOR .243 Winchester 75 grain Jacketed Hollow Point Centerfire Rifle Ammunition Combine accuracy consistency reliable performance on target and an affordable price tag and the result is the perfect round for the avid varmint hunter. American Eagle Varmint &amp; Predator loads feature reloadable brass and Federal primers with a [&#8230;]","protected":false},"featured_media":1500,"comment_status":"open","ping_status":"closed","template":"","meta":[],"product_brand":[],"product_cat":[221,121],"product_tag":[],"class_list":{"0":"post-1453","1":"product","2":"type-product","3":"status-publish","4":"has-post-thumbnail","6":"product_cat-243-win","7":"product_cat-rifle-ammo","9":"first","10":"instock","11":"taxable","12":"shipping-taxable","13":"purchasable","14":"product-type-simple"},"yoast_head":"<!-- This site is optimized with the Yoast SEO Premium plugin v24.6 (Yoast SEO v25.7) - https:\/\/yoast.com\/wordpress\/plugins\/seo\/ -->\n<title>1000Rds of Federal Premium VARMINT \/ PREDATOR .243 Winchester 75 grain Jacketed Hollow Point Centerfire Rifle Ammunition - Bulk Ammunition shop<\/title>\n<meta name=\"robots\" content=\"index, follow, max-snippet:-1, max-image-preview:large, max-video-preview:-1\" \/>\n<link rel=\"canonical\" href=\"https:\/\/www.bulkammunitionshop.com\/sk\/produkt\/1000rds-of-federal-premium-varmint-predator-243-winchester-75-grain-jacketed-hollow-point-centerfire-rifle-ammunition\/\" \/>\n<meta property=\"og:locale\" content=\"sk_SK\" \/>\n<meta property=\"og:type\" content=\"article\" \/>\n<meta property=\"og:title\" content=\"1000Rds of Federal Premium VARMINT \/ PREDATOR .243 Winchester 75 grain Jacketed Hollow Point Centerfire Rifle Ammunition\" \/>\n<meta property=\"og:description\" content=\"Product Info for\u00a0Federal Premium VARMINT \/ PREDATOR .243 Winchester 75 grain Jacketed Hollow Point Centerfire Rifle Ammunition Combine accuracy consistency reliable performance on target and an affordable price tag and the result is the perfect round for the avid varmint hunter. American Eagle Varmint &amp; Predator loads feature reloadable brass and Federal primers with a [...]\" \/>\n<meta property=\"og:url\" content=\"https:\/\/www.bulkammunitionshop.com\/sk\/produkt\/1000rds-of-federal-premium-varmint-predator-243-winchester-75-grain-jacketed-hollow-point-centerfire-rifle-ammunition\/\" \/>\n<meta property=\"og:site_name\" content=\"Bulk Ammunition shop\" \/>\n<meta property=\"article:modified_time\" content=\"2022-05-21T16:28:18+00:00\" \/>\n<meta property=\"og:image\" content=\"https:\/\/i0.wp.com\/www.bulkammunitionshop.com\/wp-content\/uploads\/2022\/05\/opplanet-federal-premium-american-eagle-rifle-ammo-243-winchester-jacketed-hollow-point-75-grain-40-rounds-ae24375vp-main.jpg?fit=978%2C550&ssl=1\" \/>\n\t<meta property=\"og:image:width\" content=\"978\" \/>\n\t<meta property=\"og:image:height\" content=\"550\" \/>\n\t<meta property=\"og:image:type\" content=\"image\/jpeg\" \/>\n<meta name=\"twitter:card\" content=\"summary_large_image\" \/>\n<meta name=\"twitter:label1\" content=\"Predpokladan\u00fd \u010das \u010d\u00edtania\" \/>\n\t<meta name=\"twitter:data1\" content=\"1 min\u00fata\" \/>\n<script type=\"application\/ld+json\" class=\"yoast-schema-graph\">{\"@context\":\"https:\/\/schema.org\",\"@graph\":[{\"@type\":\"WebPage\",\"@id\":\"https:\/\/www.bulkammunitionshop.com\/product\/1000rds-of-federal-premium-varmint-predator-243-winchester-75-grain-jacketed-hollow-point-centerfire-rifle-ammunition\/\",\"url\":\"https:\/\/www.bulkammunitionshop.com\/product\/1000rds-of-federal-premium-varmint-predator-243-winchester-75-grain-jacketed-hollow-point-centerfire-rifle-ammunition\/\",\"name\":\"1000Rds of Federal Premium VARMINT \/ PREDATOR .243 Winchester 75 grain Jacketed Hollow Point Centerfire Rifle Ammunition - Bulk Ammunition shop\",\"isPartOf\":{\"@id\":\"https:\/\/www.bulkammunitionshop.com\/#website\"},\"primaryImageOfPage\":{\"@id\":\"https:\/\/www.bulkammunitionshop.com\/product\/1000rds-of-federal-premium-varmint-predator-243-winchester-75-grain-jacketed-hollow-point-centerfire-rifle-ammunition\/#primaryimage\"},\"image\":{\"@id\":\"https:\/\/www.bulkammunitionshop.com\/product\/1000rds-of-federal-premium-varmint-predator-243-winchester-75-grain-jacketed-hollow-point-centerfire-rifle-ammunition\/#primaryimage\"},\"thumbnailUrl\":\"https:\/\/www.bulkammunitionshop.com\/wp-content\/uploads\/2022\/05\/opplanet-federal-premium-american-eagle-rifle-ammo-243-winchester-jacketed-hollow-point-75-grain-40-rounds-ae24375vp-main.jpg\",\"datePublished\":\"2022-05-21T16:27:48+00:00\",\"dateModified\":\"2022-05-21T16:28:18+00:00\",\"breadcrumb\":{\"@id\":\"https:\/\/www.bulkammunitionshop.com\/product\/1000rds-of-federal-premium-varmint-predator-243-winchester-75-grain-jacketed-hollow-point-centerfire-rifle-ammunition\/#breadcrumb\"},\"inLanguage\":\"sk-SK\",\"potentialAction\":[{\"@type\":\"ReadAction\",\"target\":[\"https:\/\/www.bulkammunitionshop.com\/product\/1000rds-of-federal-premium-varmint-predator-243-winchester-75-grain-jacketed-hollow-point-centerfire-rifle-ammunition\/\"]}]},{\"@type\":\"ImageObject\",\"inLanguage\":\"sk-SK\",\"@id\":\"https:\/\/www.bulkammunitionshop.com\/product\/1000rds-of-federal-premium-varmint-predator-243-winchester-75-grain-jacketed-hollow-point-centerfire-rifle-ammunition\/#primaryimage\",\"url\":\"https:\/\/www.bulkammunitionshop.com\/wp-content\/uploads\/2022\/05\/opplanet-federal-premium-american-eagle-rifle-ammo-243-winchester-jacketed-hollow-point-75-grain-40-rounds-ae24375vp-main.jpg\",\"contentUrl\":\"https:\/\/www.bulkammunitionshop.com\/wp-content\/uploads\/2022\/05\/opplanet-federal-premium-american-eagle-rifle-ammo-243-winchester-jacketed-hollow-point-75-grain-40-rounds-ae24375vp-main.jpg\",\"width\":978,\"height\":550},{\"@type\":\"BreadcrumbList\",\"@id\":\"https:\/\/www.bulkammunitionshop.com\/product\/1000rds-of-federal-premium-varmint-predator-243-winchester-75-grain-jacketed-hollow-point-centerfire-rifle-ammunition\/#breadcrumb\",\"itemListElement\":[{\"@type\":\"ListItem\",\"position\":1,\"name\":\"Home\",\"item\":\"https:\/\/www.bulkammunitionshop.com\/\"},{\"@type\":\"ListItem\",\"position\":2,\"name\":\"SHOP ALL\",\"item\":\"https:\/\/www.bulkammunitionshop.com\/shop-all\/\"},{\"@type\":\"ListItem\",\"position\":3,\"name\":\"1000Rds of Federal Premium VARMINT \/ PREDATOR .243 Winchester 75 grain Jacketed Hollow Point Centerfire Rifle Ammunition\"}]},{\"@type\":\"WebSite\",\"@id\":\"https:\/\/www.bulkammunitionshop.com\/#website\",\"url\":\"https:\/\/www.bulkammunitionshop.com\/\",\"name\":\"Bulk Ammunition shop\",\"description\":\"Buy Cheap Bulk Ammo Online - Bulk Ammo for Sale- Cheap Ammo Online\",\"potentialAction\":[{\"@type\":\"SearchAction\",\"target\":{\"@type\":\"EntryPoint\",\"urlTemplate\":\"https:\/\/www.bulkammunitionshop.com\/?s={search_term_string}\"},\"query-input\":{\"@type\":\"PropertyValueSpecification\",\"valueRequired\":true,\"valueName\":\"search_term_string\"}}],\"inLanguage\":\"sk-SK\"}]}<\/script>\n<!-- \/ Yoast SEO Premium plugin. -->","yoast_head_json":{"title":"1000Rds of Federal Premium VARMINT \/ PREDATOR .243 Winchester 75 grain Jacketed Hollow Point Centerfire Rifle Ammunition - Bulk Ammunition shop","robots":{"index":"index","follow":"follow","max-snippet":"max-snippet:-1","max-image-preview":"max-image-preview:large","max-video-preview":"max-video-preview:-1"},"canonical":"https:\/\/www.bulkammunitionshop.com\/sk\/produkt\/1000rds-of-federal-premium-varmint-predator-243-winchester-75-grain-jacketed-hollow-point-centerfire-rifle-ammunition\/","og_locale":"sk_SK","og_type":"article","og_title":"1000Rds of Federal Premium VARMINT \/ PREDATOR .243 Winchester 75 grain Jacketed Hollow Point Centerfire Rifle Ammunition","og_description":"Product Info for\u00a0Federal Premium VARMINT \/ PREDATOR .243 Winchester 75 grain Jacketed Hollow Point Centerfire Rifle Ammunition Combine accuracy consistency reliable performance on target and an affordable price tag and the result is the perfect round for the avid varmint hunter. American Eagle Varmint &amp; Predator loads feature reloadable brass and Federal primers with a [...]","og_url":"https:\/\/www.bulkammunitionshop.com\/sk\/produkt\/1000rds-of-federal-premium-varmint-predator-243-winchester-75-grain-jacketed-hollow-point-centerfire-rifle-ammunition\/","og_site_name":"Bulk Ammunition shop","article_modified_time":"2022-05-21T16:28:18+00:00","og_image":[{"width":978,"height":550,"url":"https:\/\/i0.wp.com\/www.bulkammunitionshop.com\/wp-content\/uploads\/2022\/05\/opplanet-federal-premium-american-eagle-rifle-ammo-243-winchester-jacketed-hollow-point-75-grain-40-rounds-ae24375vp-main.jpg?fit=978%2C550&ssl=1","type":"image\/jpeg"}],"twitter_card":"summary_large_image","twitter_misc":{"Predpokladan\u00fd \u010das \u010d\u00edtania":"1 min\u00fata"},"schema":{"@context":"https:\/\/schema.org","@graph":[{"@type":"WebPage","@id":"https:\/\/www.bulkammunitionshop.com\/product\/1000rds-of-federal-premium-varmint-predator-243-winchester-75-grain-jacketed-hollow-point-centerfire-rifle-ammunition\/","url":"https:\/\/www.bulkammunitionshop.com\/product\/1000rds-of-federal-premium-varmint-predator-243-winchester-75-grain-jacketed-hollow-point-centerfire-rifle-ammunition\/","name":"1000Rds of Federal Premium VARMINT \/ PREDATOR .243 Winchester 75 grain Jacketed Hollow Point Centerfire Rifle Ammunition - Bulk Ammunition shop","isPartOf":{"@id":"https:\/\/www.bulkammunitionshop.com\/#website"},"primaryImageOfPage":{"@id":"https:\/\/www.bulkammunitionshop.com\/product\/1000rds-of-federal-premium-varmint-predator-243-winchester-75-grain-jacketed-hollow-point-centerfire-rifle-ammunition\/#primaryimage"},"image":{"@id":"https:\/\/www.bulkammunitionshop.com\/product\/1000rds-of-federal-premium-varmint-predator-243-winchester-75-grain-jacketed-hollow-point-centerfire-rifle-ammunition\/#primaryimage"},"thumbnailUrl":"https:\/\/www.bulkammunitionshop.com\/wp-content\/uploads\/2022\/05\/opplanet-federal-premium-american-eagle-rifle-ammo-243-winchester-jacketed-hollow-point-75-grain-40-rounds-ae24375vp-main.jpg","datePublished":"2022-05-21T16:27:48+00:00","dateModified":"2022-05-21T16:28:18+00:00","breadcrumb":{"@id":"https:\/\/www.bulkammunitionshop.com\/product\/1000rds-of-federal-premium-varmint-predator-243-winchester-75-grain-jacketed-hollow-point-centerfire-rifle-ammunition\/#breadcrumb"},"inLanguage":"sk-SK","potentialAction":[{"@type":"ReadAction","target":["https:\/\/www.bulkammunitionshop.com\/product\/1000rds-of-federal-premium-varmint-predator-243-winchester-75-grain-jacketed-hollow-point-centerfire-rifle-ammunition\/"]}]},{"@type":"ImageObject","inLanguage":"sk-SK","@id":"https:\/\/www.bulkammunitionshop.com\/product\/1000rds-of-federal-premium-varmint-predator-243-winchester-75-grain-jacketed-hollow-point-centerfire-rifle-ammunition\/#primaryimage","url":"https:\/\/www.bulkammunitionshop.com\/wp-content\/uploads\/2022\/05\/opplanet-federal-premium-american-eagle-rifle-ammo-243-winchester-jacketed-hollow-point-75-grain-40-rounds-ae24375vp-main.jpg","contentUrl":"https:\/\/www.bulkammunitionshop.com\/wp-content\/uploads\/2022\/05\/opplanet-federal-premium-american-eagle-rifle-ammo-243-winchester-jacketed-hollow-point-75-grain-40-rounds-ae24375vp-main.jpg","width":978,"height":550},{"@type":"BreadcrumbList","@id":"https:\/\/www.bulkammunitionshop.com\/product\/1000rds-of-federal-premium-varmint-predator-243-winchester-75-grain-jacketed-hollow-point-centerfire-rifle-ammunition\/#breadcrumb","itemListElement":[{"@type":"ListItem","position":1,"name":"Home","item":"https:\/\/www.bulkammunitionshop.com\/"},{"@type":"ListItem","position":2,"name":"SHOP ALL","item":"https:\/\/www.bulkammunitionshop.com\/shop-all\/"},{"@type":"ListItem","position":3,"name":"1000Rds of Federal Premium VARMINT \/ PREDATOR .243 Winchester 75 grain Jacketed Hollow Point Centerfire Rifle Ammunition"}]},{"@type":"WebSite","@id":"https:\/\/www.bulkammunitionshop.com\/#website","url":"https:\/\/www.bulkammunitionshop.com\/","name":"Obchod s ve\u013ekoobjemovou mun\u00edciou","description":"K\u00fapi\u0165 lacn\u00fa mun\u00edciu online - Ve\u013ekoobchodn\u00e1 mun\u00edcia na predaj - Lacn\u00e1 mun\u00edcia online","potentialAction":[{"@type":"SearchAction","target":{"@type":"EntryPoint","urlTemplate":"https:\/\/www.bulkammunitionshop.com\/?s={search_term_string}"},"query-input":{"@type":"PropertyValueSpecification","valueRequired":true,"valueName":"search_term_string"}}],"inLanguage":"sk-SK"}]}},"jetpack_sharing_enabled":true,"_links":{"self":[{"href":"https:\/\/www.bulkammunitionshop.com\/sk\/wp-json\/wp\/v2\/product\/1453","targetHints":{"allow":["GET"]}}],"collection":[{"href":"https:\/\/www.bulkammunitionshop.com\/sk\/wp-json\/wp\/v2\/product"}],"about":[{"href":"https:\/\/www.bulkammunitionshop.com\/sk\/wp-json\/wp\/v2\/types\/product"}],"replies":[{"embeddable":true,"href":"https:\/\/www.bulkammunitionshop.com\/sk\/wp-json\/wp\/v2\/comments?post=1453"}],"wp:featuredmedia":[{"embeddable":true,"href":"https:\/\/www.bulkammunitionshop.com\/sk\/wp-json\/wp\/v2\/media\/1500"}],"wp:attachment":[{"href":"https:\/\/www.bulkammunitionshop.com\/sk\/wp-json\/wp\/v2\/media?parent=1453"}],"wp:term":[{"taxonomy":"product_brand","embeddable":true,"href":"https:\/\/www.bulkammunitionshop.com\/sk\/wp-json\/wp\/v2\/product_brand?post=1453"},{"taxonomy":"product_cat","embeddable":true,"href":"https:\/\/www.bulkammunitionshop.com\/sk\/wp-json\/wp\/v2\/product_cat?post=1453"},{"taxonomy":"product_tag","embeddable":true,"href":"https:\/\/www.bulkammunitionshop.com\/sk\/wp-json\/wp\/v2\/product_tag?post=1453"}],"curies":[{"name":"wp","href":"https:\/\/api.w.org\/{rel}","templated":true}]}}