{"id":1296,"date":"2022-05-21T16:24:58","date_gmt":"2022-05-21T16:24:58","guid":{"rendered":"https:\/\/www.bulkammunitionshop.com\/?post_type=product&#038;p=1296"},"modified":"2025-06-21T19:56:20","modified_gmt":"2025-06-21T19:56:20","slug":"500rds-of-winchester-super-x-handgun-45-colt-255-grain-lead-round-nose-brass","status":"publish","type":"product","link":"https:\/\/www.bulkammunitionshop.com\/sk\/produkt\/500rds-of-winchester-super-x-handgun-45-colt-255-grain-lead-round-nose-brass\/","title":{"rendered":"500Rds of Winchester SUPER-X HANDGUN .45 Colt 255 grain Lead Round Nose Brass"},"content":{"rendered":"<h1><strong>Popis<\/strong><\/h1>\n<div id=\"product-caption-block-description\" class=\"product-caption-block\">\n<p>Since 1922, Super-X ammunition has provided exceptional quality and outstanding performance for all types of hunters and shooters who rely on its time-proven dependability backed by legendary excellence.<\/p>\n<\/div>\n<div id=\"product-caption-block-manufacture-specification\" class=\"product-caption-block\">\n<ul>\n<li>Consistent AccuracyTrusted for target and range shooting<\/li>\n<li>Lead Bullet Recreates frontier image<\/li>\n<\/ul>\n<\/div>\n<table class=\"spec-table\" border=\"0\" cellspacing=\"0\" cellpadding=\"0\">\n<tbody>\n<tr>\n<td class=\"spec-left-column\">Kaliber:<\/td>\n<td width=\"50%\">.45 Colt<\/td>\n<\/tr>\n<tr>\n<td class=\"spec-left-column\">Po\u010det k\u00f4l:<\/td>\n<td width=\"50%\">500<\/td>\n<\/tr>\n<tr>\n<td class=\"spec-left-column\">Typ strely:<\/td>\n<td width=\"50%\">Lead Round Nose (LRN)<\/td>\n<\/tr>\n<tr>\n<td class=\"spec-left-column\">Hmotnos\u0165 strely:<\/td>\n<td width=\"50%\">255 grain<\/td>\n<\/tr>\n<tr>\n<td class=\"spec-left-column\">Materi\u00e1l n\u00e1bojnice:<\/td>\n<td width=\"50%\">Mosadz<\/td>\n<\/tr>\n<tr>\n<td class=\"spec-left-column\">\u00das\u0165ov\u00e1 r\u00fdchlos\u0165:<\/td>\n<td width=\"50%\">860 ft\/s<\/td>\n<\/tr>\n<tr>\n<td class=\"spec-left-column\">Umiestnenie z\u00e1kladn\u00e9ho n\u00e1teru:<\/td>\n<td width=\"50%\">Stredov\u00fd ohe\u0148<\/td>\n<\/tr>\n<tr>\n<td class=\"spec-left-column\">Energia \u00fas\u0165ovej \u010dasti:<\/td>\n<td width=\"50%\">420 ft-lbs<\/td>\n<\/tr>\n<\/tbody>\n<\/table>","protected":false},"excerpt":{"rendered":"<p>Description Since 1922, Super-X ammunition has provided exceptional quality and outstanding performance for all types of hunters and shooters who rely on its time-proven dependability backed by legendary excellence. Consistent AccuracyTrusted for target and range shooting Lead Bullet Recreates frontier image Caliber: .45 Colt Number of Rounds: 500 Bullet Type: Lead Round Nose (LRN) Bullet [&#8230;]","protected":false},"featured_media":1340,"comment_status":"open","ping_status":"closed","template":"","meta":[],"product_brand":[],"product_cat":[214,112],"product_tag":[],"class_list":{"0":"post-1296","1":"product","2":"type-product","3":"status-publish","4":"has-post-thumbnail","6":"product_cat-45-colt","7":"product_cat-handgun-ammo","9":"first","10":"instock","11":"taxable","12":"shipping-taxable","13":"purchasable","14":"product-type-simple"},"yoast_head":"<!-- This site is optimized with the Yoast SEO Premium plugin v24.6 (Yoast SEO v25.7) - https:\/\/yoast.com\/wordpress\/plugins\/seo\/ -->\n<title>500Rds of Winchester SUPER-X HANDGUN .45 Colt 255 grain Lead Round Nose Brass - Bulk Ammunition shop<\/title>\n<meta name=\"robots\" content=\"index, follow, max-snippet:-1, max-image-preview:large, max-video-preview:-1\" \/>\n<link rel=\"canonical\" href=\"https:\/\/www.bulkammunitionshop.com\/sk\/produkt\/500rds-of-winchester-super-x-handgun-45-colt-255-grain-lead-round-nose-brass\/\" \/>\n<meta property=\"og:locale\" content=\"sk_SK\" \/>\n<meta property=\"og:type\" content=\"article\" \/>\n<meta property=\"og:title\" content=\"500Rds of Winchester SUPER-X HANDGUN .45 Colt 255 grain Lead Round Nose Brass\" \/>\n<meta property=\"og:description\" content=\"Description Since 1922, Super-X ammunition has provided exceptional quality and outstanding performance for all types of hunters and shooters who rely on its time-proven dependability backed by legendary excellence. Consistent AccuracyTrusted for target and range shooting Lead Bullet Recreates frontier image Caliber: .45 Colt Number of Rounds: 500 Bullet Type: Lead Round Nose (LRN) Bullet [...]\" \/>\n<meta property=\"og:url\" content=\"https:\/\/www.bulkammunitionshop.com\/sk\/produkt\/500rds-of-winchester-super-x-handgun-45-colt-255-grain-lead-round-nose-brass\/\" \/>\n<meta property=\"og:site_name\" content=\"Bulk Ammunition shop\" \/>\n<meta property=\"article:modified_time\" content=\"2025-06-21T19:56:20+00:00\" \/>\n<meta property=\"og:image\" content=\"https:\/\/i0.wp.com\/www.bulkammunitionshop.com\/wp-content\/uploads\/2022\/05\/opplanet-winchester-super-x-handgun-45-colt-255-grain-lead-round-nose-brass-cased-centerfire-pistol-ammo-20-rounds-x45cp2-main.jpg?fit=978%2C550&ssl=1\" \/>\n\t<meta property=\"og:image:width\" content=\"978\" \/>\n\t<meta property=\"og:image:height\" content=\"550\" \/>\n\t<meta property=\"og:image:type\" content=\"image\/jpeg\" \/>\n<meta name=\"twitter:card\" content=\"summary_large_image\" \/>\n<script type=\"application\/ld+json\" class=\"yoast-schema-graph\">{\"@context\":\"https:\/\/schema.org\",\"@graph\":[{\"@type\":\"WebPage\",\"@id\":\"https:\/\/www.bulkammunitionshop.com\/product\/500rds-of-winchester-super-x-handgun-45-colt-255-grain-lead-round-nose-brass\/\",\"url\":\"https:\/\/www.bulkammunitionshop.com\/product\/500rds-of-winchester-super-x-handgun-45-colt-255-grain-lead-round-nose-brass\/\",\"name\":\"500Rds of Winchester SUPER-X HANDGUN .45 Colt 255 grain Lead Round Nose Brass - Bulk Ammunition shop\",\"isPartOf\":{\"@id\":\"https:\/\/www.bulkammunitionshop.com\/#website\"},\"primaryImageOfPage\":{\"@id\":\"https:\/\/www.bulkammunitionshop.com\/product\/500rds-of-winchester-super-x-handgun-45-colt-255-grain-lead-round-nose-brass\/#primaryimage\"},\"image\":{\"@id\":\"https:\/\/www.bulkammunitionshop.com\/product\/500rds-of-winchester-super-x-handgun-45-colt-255-grain-lead-round-nose-brass\/#primaryimage\"},\"thumbnailUrl\":\"https:\/\/www.bulkammunitionshop.com\/wp-content\/uploads\/2022\/05\/opplanet-winchester-super-x-handgun-45-colt-255-grain-lead-round-nose-brass-cased-centerfire-pistol-ammo-20-rounds-x45cp2-main.jpg\",\"datePublished\":\"2022-05-21T16:24:58+00:00\",\"dateModified\":\"2025-06-21T19:56:20+00:00\",\"breadcrumb\":{\"@id\":\"https:\/\/www.bulkammunitionshop.com\/product\/500rds-of-winchester-super-x-handgun-45-colt-255-grain-lead-round-nose-brass\/#breadcrumb\"},\"inLanguage\":\"sk-SK\",\"potentialAction\":[{\"@type\":\"ReadAction\",\"target\":[\"https:\/\/www.bulkammunitionshop.com\/product\/500rds-of-winchester-super-x-handgun-45-colt-255-grain-lead-round-nose-brass\/\"]}]},{\"@type\":\"ImageObject\",\"inLanguage\":\"sk-SK\",\"@id\":\"https:\/\/www.bulkammunitionshop.com\/product\/500rds-of-winchester-super-x-handgun-45-colt-255-grain-lead-round-nose-brass\/#primaryimage\",\"url\":\"https:\/\/www.bulkammunitionshop.com\/wp-content\/uploads\/2022\/05\/opplanet-winchester-super-x-handgun-45-colt-255-grain-lead-round-nose-brass-cased-centerfire-pistol-ammo-20-rounds-x45cp2-main.jpg\",\"contentUrl\":\"https:\/\/www.bulkammunitionshop.com\/wp-content\/uploads\/2022\/05\/opplanet-winchester-super-x-handgun-45-colt-255-grain-lead-round-nose-brass-cased-centerfire-pistol-ammo-20-rounds-x45cp2-main.jpg\",\"width\":978,\"height\":550},{\"@type\":\"BreadcrumbList\",\"@id\":\"https:\/\/www.bulkammunitionshop.com\/product\/500rds-of-winchester-super-x-handgun-45-colt-255-grain-lead-round-nose-brass\/#breadcrumb\",\"itemListElement\":[{\"@type\":\"ListItem\",\"position\":1,\"name\":\"Home\",\"item\":\"https:\/\/www.bulkammunitionshop.com\/\"},{\"@type\":\"ListItem\",\"position\":2,\"name\":\"SHOP ALL\",\"item\":\"https:\/\/www.bulkammunitionshop.com\/shop-all\/\"},{\"@type\":\"ListItem\",\"position\":3,\"name\":\"500Rds of Winchester SUPER-X HANDGUN .45 Colt 255 grain Lead Round Nose Brass\"}]},{\"@type\":\"WebSite\",\"@id\":\"https:\/\/www.bulkammunitionshop.com\/#website\",\"url\":\"https:\/\/www.bulkammunitionshop.com\/\",\"name\":\"Bulk Ammunition shop\",\"description\":\"Buy Cheap Bulk Ammo Online - Bulk Ammo for Sale- Cheap Ammo Online\",\"potentialAction\":[{\"@type\":\"SearchAction\",\"target\":{\"@type\":\"EntryPoint\",\"urlTemplate\":\"https:\/\/www.bulkammunitionshop.com\/?s={search_term_string}\"},\"query-input\":{\"@type\":\"PropertyValueSpecification\",\"valueRequired\":true,\"valueName\":\"search_term_string\"}}],\"inLanguage\":\"sk-SK\"}]}<\/script>\n<!-- \/ Yoast SEO Premium plugin. -->","yoast_head_json":{"title":"500Rds of Winchester SUPER-X HANDGUN .45 Colt 255 grain Lead Round Nose Brass - Bulk Ammunition shop","robots":{"index":"index","follow":"follow","max-snippet":"max-snippet:-1","max-image-preview":"max-image-preview:large","max-video-preview":"max-video-preview:-1"},"canonical":"https:\/\/www.bulkammunitionshop.com\/sk\/produkt\/500rds-of-winchester-super-x-handgun-45-colt-255-grain-lead-round-nose-brass\/","og_locale":"sk_SK","og_type":"article","og_title":"500Rds of Winchester SUPER-X HANDGUN .45 Colt 255 grain Lead Round Nose Brass","og_description":"Description Since 1922, Super-X ammunition has provided exceptional quality and outstanding performance for all types of hunters and shooters who rely on its time-proven dependability backed by legendary excellence. Consistent AccuracyTrusted for target and range shooting Lead Bullet Recreates frontier image Caliber: .45 Colt Number of Rounds: 500 Bullet Type: Lead Round Nose (LRN) Bullet [...]","og_url":"https:\/\/www.bulkammunitionshop.com\/sk\/produkt\/500rds-of-winchester-super-x-handgun-45-colt-255-grain-lead-round-nose-brass\/","og_site_name":"Bulk Ammunition shop","article_modified_time":"2025-06-21T19:56:20+00:00","og_image":[{"width":978,"height":550,"url":"https:\/\/i0.wp.com\/www.bulkammunitionshop.com\/wp-content\/uploads\/2022\/05\/opplanet-winchester-super-x-handgun-45-colt-255-grain-lead-round-nose-brass-cased-centerfire-pistol-ammo-20-rounds-x45cp2-main.jpg?fit=978%2C550&ssl=1","type":"image\/jpeg"}],"twitter_card":"summary_large_image","schema":{"@context":"https:\/\/schema.org","@graph":[{"@type":"WebPage","@id":"https:\/\/www.bulkammunitionshop.com\/product\/500rds-of-winchester-super-x-handgun-45-colt-255-grain-lead-round-nose-brass\/","url":"https:\/\/www.bulkammunitionshop.com\/product\/500rds-of-winchester-super-x-handgun-45-colt-255-grain-lead-round-nose-brass\/","name":"500Rds of Winchester SUPER-X HANDGUN .45 Colt 255 grain Lead Round Nose Brass - Bulk Ammunition shop","isPartOf":{"@id":"https:\/\/www.bulkammunitionshop.com\/#website"},"primaryImageOfPage":{"@id":"https:\/\/www.bulkammunitionshop.com\/product\/500rds-of-winchester-super-x-handgun-45-colt-255-grain-lead-round-nose-brass\/#primaryimage"},"image":{"@id":"https:\/\/www.bulkammunitionshop.com\/product\/500rds-of-winchester-super-x-handgun-45-colt-255-grain-lead-round-nose-brass\/#primaryimage"},"thumbnailUrl":"https:\/\/www.bulkammunitionshop.com\/wp-content\/uploads\/2022\/05\/opplanet-winchester-super-x-handgun-45-colt-255-grain-lead-round-nose-brass-cased-centerfire-pistol-ammo-20-rounds-x45cp2-main.jpg","datePublished":"2022-05-21T16:24:58+00:00","dateModified":"2025-06-21T19:56:20+00:00","breadcrumb":{"@id":"https:\/\/www.bulkammunitionshop.com\/product\/500rds-of-winchester-super-x-handgun-45-colt-255-grain-lead-round-nose-brass\/#breadcrumb"},"inLanguage":"sk-SK","potentialAction":[{"@type":"ReadAction","target":["https:\/\/www.bulkammunitionshop.com\/product\/500rds-of-winchester-super-x-handgun-45-colt-255-grain-lead-round-nose-brass\/"]}]},{"@type":"ImageObject","inLanguage":"sk-SK","@id":"https:\/\/www.bulkammunitionshop.com\/product\/500rds-of-winchester-super-x-handgun-45-colt-255-grain-lead-round-nose-brass\/#primaryimage","url":"https:\/\/www.bulkammunitionshop.com\/wp-content\/uploads\/2022\/05\/opplanet-winchester-super-x-handgun-45-colt-255-grain-lead-round-nose-brass-cased-centerfire-pistol-ammo-20-rounds-x45cp2-main.jpg","contentUrl":"https:\/\/www.bulkammunitionshop.com\/wp-content\/uploads\/2022\/05\/opplanet-winchester-super-x-handgun-45-colt-255-grain-lead-round-nose-brass-cased-centerfire-pistol-ammo-20-rounds-x45cp2-main.jpg","width":978,"height":550},{"@type":"BreadcrumbList","@id":"https:\/\/www.bulkammunitionshop.com\/product\/500rds-of-winchester-super-x-handgun-45-colt-255-grain-lead-round-nose-brass\/#breadcrumb","itemListElement":[{"@type":"ListItem","position":1,"name":"Home","item":"https:\/\/www.bulkammunitionshop.com\/"},{"@type":"ListItem","position":2,"name":"SHOP ALL","item":"https:\/\/www.bulkammunitionshop.com\/shop-all\/"},{"@type":"ListItem","position":3,"name":"500Rds of Winchester SUPER-X HANDGUN .45 Colt 255 grain Lead Round Nose Brass"}]},{"@type":"WebSite","@id":"https:\/\/www.bulkammunitionshop.com\/#website","url":"https:\/\/www.bulkammunitionshop.com\/","name":"Obchod s ve\u013ekoobjemovou mun\u00edciou","description":"K\u00fapi\u0165 lacn\u00fa mun\u00edciu online - Ve\u013ekoobchodn\u00e1 mun\u00edcia na predaj - Lacn\u00e1 mun\u00edcia online","potentialAction":[{"@type":"SearchAction","target":{"@type":"EntryPoint","urlTemplate":"https:\/\/www.bulkammunitionshop.com\/?s={search_term_string}"},"query-input":{"@type":"PropertyValueSpecification","valueRequired":true,"valueName":"search_term_string"}}],"inLanguage":"sk-SK"}]}},"jetpack_sharing_enabled":true,"_links":{"self":[{"href":"https:\/\/www.bulkammunitionshop.com\/sk\/wp-json\/wp\/v2\/product\/1296","targetHints":{"allow":["GET"]}}],"collection":[{"href":"https:\/\/www.bulkammunitionshop.com\/sk\/wp-json\/wp\/v2\/product"}],"about":[{"href":"https:\/\/www.bulkammunitionshop.com\/sk\/wp-json\/wp\/v2\/types\/product"}],"replies":[{"embeddable":true,"href":"https:\/\/www.bulkammunitionshop.com\/sk\/wp-json\/wp\/v2\/comments?post=1296"}],"wp:featuredmedia":[{"embeddable":true,"href":"https:\/\/www.bulkammunitionshop.com\/sk\/wp-json\/wp\/v2\/media\/1340"}],"wp:attachment":[{"href":"https:\/\/www.bulkammunitionshop.com\/sk\/wp-json\/wp\/v2\/media?parent=1296"}],"wp:term":[{"taxonomy":"product_brand","embeddable":true,"href":"https:\/\/www.bulkammunitionshop.com\/sk\/wp-json\/wp\/v2\/product_brand?post=1296"},{"taxonomy":"product_cat","embeddable":true,"href":"https:\/\/www.bulkammunitionshop.com\/sk\/wp-json\/wp\/v2\/product_cat?post=1296"},{"taxonomy":"product_tag","embeddable":true,"href":"https:\/\/www.bulkammunitionshop.com\/sk\/wp-json\/wp\/v2\/product_tag?post=1296"}],"curies":[{"name":"wp","href":"https:\/\/api.w.org\/{rel}","templated":true}]}}