{"id":1205,"date":"2022-05-21T16:23:50","date_gmt":"2022-05-21T16:23:50","guid":{"rendered":"https:\/\/www.bulkammunitionshop.com\/?post_type=product&#038;p=1205"},"modified":"2025-06-21T19:58:05","modified_gmt":"2025-06-21T19:58:05","slug":"1000rds-of-hornady-handgun-hunter-357-magnum-130-grain-monoflex","status":"publish","type":"product","link":"https:\/\/www.bulkammunitionshop.com\/sk\/produkt\/1000rds-of-hornady-handgun-hunter-357-magnum-130-grain-monoflex\/","title":{"rendered":"1000Rds of Hornady Handgun Hunter .357 Magnum 130 Grain MonoFlex"},"content":{"rendered":"<h1><strong>Popis<\/strong><\/h1>\n<p>Hornady Handgun Hunter ammunition is built around a bullet as rough and rugged as the conditions and game demand. The MonoFlex handgun projectile is manufactured with a tough copper alloy that achieves deep penetration and 95% weight retention. Bullet expansion across a range of velocities is aided with an elastomer material added to the bullet&#8217;s open cavity. Upon impact, the elastomer compresses, then pushes out and causes the bullet to expand faster than a standard hollow point design.<\/p>\n<p>Combined with premium cases, primers and propellants, Handgun Hunter ammunition benefits from years of producing hard-hitting GMX and MonoFlex rifle bullets to introduce a handgun version that lives up to our reputation.<\/p>\n<ul>\n<li><strong>MonoFlex Bullet Technology:<\/strong>\u00a0The tough copper alloy in the MonoFlex bullet allows for deep penetration while retaining 95% of its weight for maximum impact.<\/li>\n<li><strong>Elastomer Material:<\/strong>\u00a0An elastomer material in the bullet&#8217;s open cavity compresses upon impact and then pushes out, causing rapid expansion.<\/li>\n<li><strong>Premium Components:<\/strong>\u00a0Premium cases, primers and propellants combine with the MonoFlex bullet to create a cartridge that delivers superior performance in the field.<\/li>\n<\/ul>\n<table class=\"spec-table\" border=\"0\" cellspacing=\"0\" cellpadding=\"0\">\n<tbody>\n<tr>\n<td class=\"spec-left-column\">Kaliber:<\/td>\n<td width=\"50%\">.357 Magnum<\/td>\n<\/tr>\n<tr>\n<td class=\"spec-left-column\">Po\u010det k\u00f4l:<\/td>\n<td width=\"50%\">1000<\/td>\n<\/tr>\n<tr>\n<td class=\"spec-left-column\">Typ strely:<\/td>\n<td width=\"50%\">MonoFlex Flex Tip (FT)<\/td>\n<\/tr>\n<tr>\n<td class=\"spec-left-column\">Hmotnos\u0165 strely:<\/td>\n<td width=\"50%\">130 grain<\/td>\n<\/tr>\n<tr>\n<td class=\"spec-left-column\">Materi\u00e1l n\u00e1bojnice:<\/td>\n<td width=\"50%\">Mosadz<\/td>\n<\/tr>\n<tr>\n<td class=\"spec-left-column\">\u00das\u0165ov\u00e1 r\u00fdchlos\u0165:<\/td>\n<td width=\"50%\">1250 st\u00f4p\/s<\/td>\n<\/tr>\n<tr>\n<td class=\"spec-left-column\">Typ balenia:<\/td>\n<td width=\"50%\">Krabica<\/td>\n<\/tr>\n<tr>\n<td class=\"spec-left-column\">Aplik\u00e1cia:<\/td>\n<td width=\"50%\">Varmint, Medium Game, Self Defense<\/td>\n<\/tr>\n<tr>\n<td class=\"spec-left-column\">Umiestnenie z\u00e1kladn\u00e9ho n\u00e1teru:<\/td>\n<td width=\"50%\">Stredov\u00fd ohe\u0148<\/td>\n<\/tr>\n<tr>\n<td class=\"spec-left-column\">Energia \u00fas\u0165ovej \u010dasti:<\/td>\n<td width=\"50%\">451 ft-lbs<\/td>\n<\/tr>\n<tr>\n<td class=\"spec-left-column\">Balistick\u00fd koeficient G1:<\/td>\n<td width=\"50%\">0.14<\/td>\n<\/tr>\n<\/tbody>\n<\/table>","protected":false},"excerpt":{"rendered":"<p>Description Hornady Handgun Hunter ammunition is built around a bullet as rough and rugged as the conditions and game demand. The MonoFlex handgun projectile is manufactured with a tough copper alloy that achieves deep penetration and 95% weight retention. Bullet expansion across a range of velocities is aided with an elastomer material added to the [&#8230;]","protected":false},"featured_media":1253,"comment_status":"open","ping_status":"closed","template":"","meta":[],"product_brand":[],"product_cat":[140,112],"product_tag":[],"class_list":{"0":"post-1205","1":"product","2":"type-product","3":"status-publish","4":"has-post-thumbnail","6":"product_cat-357-magnum","7":"product_cat-handgun-ammo","9":"first","10":"instock","11":"taxable","12":"shipping-taxable","13":"purchasable","14":"product-type-simple"},"yoast_head":"<!-- This site is optimized with the Yoast SEO Premium plugin v24.6 (Yoast SEO v25.7) - https:\/\/yoast.com\/wordpress\/plugins\/seo\/ -->\n<title>1000Rds of Hornady Handgun Hunter .357 Magnum 130 Grain MonoFlex - Bulk Ammunition shop<\/title>\n<meta name=\"robots\" content=\"index, follow, max-snippet:-1, max-image-preview:large, max-video-preview:-1\" \/>\n<link rel=\"canonical\" href=\"https:\/\/www.bulkammunitionshop.com\/sk\/produkt\/1000rds-of-hornady-handgun-hunter-357-magnum-130-grain-monoflex\/\" \/>\n<meta property=\"og:locale\" content=\"sk_SK\" \/>\n<meta property=\"og:type\" content=\"article\" \/>\n<meta property=\"og:title\" content=\"1000Rds of Hornady Handgun Hunter .357 Magnum 130 Grain MonoFlex\" \/>\n<meta property=\"og:description\" content=\"Description Hornady Handgun Hunter ammunition is built around a bullet as rough and rugged as the conditions and game demand. The MonoFlex handgun projectile is manufactured with a tough copper alloy that achieves deep penetration and 95% weight retention. Bullet expansion across a range of velocities is aided with an elastomer material added to the [...]\" \/>\n<meta property=\"og:url\" content=\"https:\/\/www.bulkammunitionshop.com\/sk\/produkt\/1000rds-of-hornady-handgun-hunter-357-magnum-130-grain-monoflex\/\" \/>\n<meta property=\"og:site_name\" content=\"Bulk Ammunition shop\" \/>\n<meta property=\"article:modified_time\" content=\"2025-06-21T19:58:05+00:00\" \/>\n<meta property=\"og:image\" content=\"https:\/\/i0.wp.com\/www.bulkammunitionshop.com\/wp-content\/uploads\/2022\/05\/opplanet-hornady-handgun-hunter-pistol-ammo-357-magnum-monoflex-130-grain-20-rounds-box-9052-main.jpg?fit=978%2C550&ssl=1\" \/>\n\t<meta property=\"og:image:width\" content=\"978\" \/>\n\t<meta property=\"og:image:height\" content=\"550\" \/>\n\t<meta property=\"og:image:type\" content=\"image\/jpeg\" \/>\n<meta name=\"twitter:card\" content=\"summary_large_image\" \/>\n<meta name=\"twitter:label1\" content=\"Predpokladan\u00fd \u010das \u010d\u00edtania\" \/>\n\t<meta name=\"twitter:data1\" content=\"1 min\u00fata\" \/>\n<script type=\"application\/ld+json\" class=\"yoast-schema-graph\">{\"@context\":\"https:\/\/schema.org\",\"@graph\":[{\"@type\":\"WebPage\",\"@id\":\"https:\/\/www.bulkammunitionshop.com\/product\/1000rds-of-hornady-handgun-hunter-357-magnum-130-grain-monoflex\/\",\"url\":\"https:\/\/www.bulkammunitionshop.com\/product\/1000rds-of-hornady-handgun-hunter-357-magnum-130-grain-monoflex\/\",\"name\":\"1000Rds of Hornady Handgun Hunter .357 Magnum 130 Grain MonoFlex - Bulk Ammunition shop\",\"isPartOf\":{\"@id\":\"https:\/\/www.bulkammunitionshop.com\/#website\"},\"primaryImageOfPage\":{\"@id\":\"https:\/\/www.bulkammunitionshop.com\/product\/1000rds-of-hornady-handgun-hunter-357-magnum-130-grain-monoflex\/#primaryimage\"},\"image\":{\"@id\":\"https:\/\/www.bulkammunitionshop.com\/product\/1000rds-of-hornady-handgun-hunter-357-magnum-130-grain-monoflex\/#primaryimage\"},\"thumbnailUrl\":\"https:\/\/www.bulkammunitionshop.com\/wp-content\/uploads\/2022\/05\/opplanet-hornady-handgun-hunter-pistol-ammo-357-magnum-monoflex-130-grain-20-rounds-box-9052-main.jpg\",\"datePublished\":\"2022-05-21T16:23:50+00:00\",\"dateModified\":\"2025-06-21T19:58:05+00:00\",\"breadcrumb\":{\"@id\":\"https:\/\/www.bulkammunitionshop.com\/product\/1000rds-of-hornady-handgun-hunter-357-magnum-130-grain-monoflex\/#breadcrumb\"},\"inLanguage\":\"sk-SK\",\"potentialAction\":[{\"@type\":\"ReadAction\",\"target\":[\"https:\/\/www.bulkammunitionshop.com\/product\/1000rds-of-hornady-handgun-hunter-357-magnum-130-grain-monoflex\/\"]}]},{\"@type\":\"ImageObject\",\"inLanguage\":\"sk-SK\",\"@id\":\"https:\/\/www.bulkammunitionshop.com\/product\/1000rds-of-hornady-handgun-hunter-357-magnum-130-grain-monoflex\/#primaryimage\",\"url\":\"https:\/\/www.bulkammunitionshop.com\/wp-content\/uploads\/2022\/05\/opplanet-hornady-handgun-hunter-pistol-ammo-357-magnum-monoflex-130-grain-20-rounds-box-9052-main.jpg\",\"contentUrl\":\"https:\/\/www.bulkammunitionshop.com\/wp-content\/uploads\/2022\/05\/opplanet-hornady-handgun-hunter-pistol-ammo-357-magnum-monoflex-130-grain-20-rounds-box-9052-main.jpg\",\"width\":978,\"height\":550},{\"@type\":\"BreadcrumbList\",\"@id\":\"https:\/\/www.bulkammunitionshop.com\/product\/1000rds-of-hornady-handgun-hunter-357-magnum-130-grain-monoflex\/#breadcrumb\",\"itemListElement\":[{\"@type\":\"ListItem\",\"position\":1,\"name\":\"Home\",\"item\":\"https:\/\/www.bulkammunitionshop.com\/\"},{\"@type\":\"ListItem\",\"position\":2,\"name\":\"SHOP ALL\",\"item\":\"https:\/\/www.bulkammunitionshop.com\/shop-all\/\"},{\"@type\":\"ListItem\",\"position\":3,\"name\":\"1000Rds of Hornady Handgun Hunter .357 Magnum 130 Grain MonoFlex\"}]},{\"@type\":\"WebSite\",\"@id\":\"https:\/\/www.bulkammunitionshop.com\/#website\",\"url\":\"https:\/\/www.bulkammunitionshop.com\/\",\"name\":\"Bulk Ammunition shop\",\"description\":\"Buy Cheap Bulk Ammo Online - Bulk Ammo for Sale- Cheap Ammo Online\",\"potentialAction\":[{\"@type\":\"SearchAction\",\"target\":{\"@type\":\"EntryPoint\",\"urlTemplate\":\"https:\/\/www.bulkammunitionshop.com\/?s={search_term_string}\"},\"query-input\":{\"@type\":\"PropertyValueSpecification\",\"valueRequired\":true,\"valueName\":\"search_term_string\"}}],\"inLanguage\":\"sk-SK\"}]}<\/script>\n<!-- \/ Yoast SEO Premium plugin. -->","yoast_head_json":{"title":"1000Rds of Hornady Handgun Hunter .357 Magnum 130 Grain MonoFlex - Bulk Ammunition shop","robots":{"index":"index","follow":"follow","max-snippet":"max-snippet:-1","max-image-preview":"max-image-preview:large","max-video-preview":"max-video-preview:-1"},"canonical":"https:\/\/www.bulkammunitionshop.com\/sk\/produkt\/1000rds-of-hornady-handgun-hunter-357-magnum-130-grain-monoflex\/","og_locale":"sk_SK","og_type":"article","og_title":"1000Rds of Hornady Handgun Hunter .357 Magnum 130 Grain MonoFlex","og_description":"Description Hornady Handgun Hunter ammunition is built around a bullet as rough and rugged as the conditions and game demand. The MonoFlex handgun projectile is manufactured with a tough copper alloy that achieves deep penetration and 95% weight retention. Bullet expansion across a range of velocities is aided with an elastomer material added to the [...]","og_url":"https:\/\/www.bulkammunitionshop.com\/sk\/produkt\/1000rds-of-hornady-handgun-hunter-357-magnum-130-grain-monoflex\/","og_site_name":"Bulk Ammunition shop","article_modified_time":"2025-06-21T19:58:05+00:00","og_image":[{"width":978,"height":550,"url":"https:\/\/i0.wp.com\/www.bulkammunitionshop.com\/wp-content\/uploads\/2022\/05\/opplanet-hornady-handgun-hunter-pistol-ammo-357-magnum-monoflex-130-grain-20-rounds-box-9052-main.jpg?fit=978%2C550&ssl=1","type":"image\/jpeg"}],"twitter_card":"summary_large_image","twitter_misc":{"Predpokladan\u00fd \u010das \u010d\u00edtania":"1 min\u00fata"},"schema":{"@context":"https:\/\/schema.org","@graph":[{"@type":"WebPage","@id":"https:\/\/www.bulkammunitionshop.com\/product\/1000rds-of-hornady-handgun-hunter-357-magnum-130-grain-monoflex\/","url":"https:\/\/www.bulkammunitionshop.com\/product\/1000rds-of-hornady-handgun-hunter-357-magnum-130-grain-monoflex\/","name":"1000Rds of Hornady Handgun Hunter .357 Magnum 130 Grain MonoFlex - Bulk Ammunition shop","isPartOf":{"@id":"https:\/\/www.bulkammunitionshop.com\/#website"},"primaryImageOfPage":{"@id":"https:\/\/www.bulkammunitionshop.com\/product\/1000rds-of-hornady-handgun-hunter-357-magnum-130-grain-monoflex\/#primaryimage"},"image":{"@id":"https:\/\/www.bulkammunitionshop.com\/product\/1000rds-of-hornady-handgun-hunter-357-magnum-130-grain-monoflex\/#primaryimage"},"thumbnailUrl":"https:\/\/www.bulkammunitionshop.com\/wp-content\/uploads\/2022\/05\/opplanet-hornady-handgun-hunter-pistol-ammo-357-magnum-monoflex-130-grain-20-rounds-box-9052-main.jpg","datePublished":"2022-05-21T16:23:50+00:00","dateModified":"2025-06-21T19:58:05+00:00","breadcrumb":{"@id":"https:\/\/www.bulkammunitionshop.com\/product\/1000rds-of-hornady-handgun-hunter-357-magnum-130-grain-monoflex\/#breadcrumb"},"inLanguage":"sk-SK","potentialAction":[{"@type":"ReadAction","target":["https:\/\/www.bulkammunitionshop.com\/product\/1000rds-of-hornady-handgun-hunter-357-magnum-130-grain-monoflex\/"]}]},{"@type":"ImageObject","inLanguage":"sk-SK","@id":"https:\/\/www.bulkammunitionshop.com\/product\/1000rds-of-hornady-handgun-hunter-357-magnum-130-grain-monoflex\/#primaryimage","url":"https:\/\/www.bulkammunitionshop.com\/wp-content\/uploads\/2022\/05\/opplanet-hornady-handgun-hunter-pistol-ammo-357-magnum-monoflex-130-grain-20-rounds-box-9052-main.jpg","contentUrl":"https:\/\/www.bulkammunitionshop.com\/wp-content\/uploads\/2022\/05\/opplanet-hornady-handgun-hunter-pistol-ammo-357-magnum-monoflex-130-grain-20-rounds-box-9052-main.jpg","width":978,"height":550},{"@type":"BreadcrumbList","@id":"https:\/\/www.bulkammunitionshop.com\/product\/1000rds-of-hornady-handgun-hunter-357-magnum-130-grain-monoflex\/#breadcrumb","itemListElement":[{"@type":"ListItem","position":1,"name":"Home","item":"https:\/\/www.bulkammunitionshop.com\/"},{"@type":"ListItem","position":2,"name":"SHOP ALL","item":"https:\/\/www.bulkammunitionshop.com\/shop-all\/"},{"@type":"ListItem","position":3,"name":"1000Rds of Hornady Handgun Hunter .357 Magnum 130 Grain MonoFlex"}]},{"@type":"WebSite","@id":"https:\/\/www.bulkammunitionshop.com\/#website","url":"https:\/\/www.bulkammunitionshop.com\/","name":"Obchod s ve\u013ekoobjemovou mun\u00edciou","description":"K\u00fapi\u0165 lacn\u00fa mun\u00edciu online - Ve\u013ekoobchodn\u00e1 mun\u00edcia na predaj - Lacn\u00e1 mun\u00edcia online","potentialAction":[{"@type":"SearchAction","target":{"@type":"EntryPoint","urlTemplate":"https:\/\/www.bulkammunitionshop.com\/?s={search_term_string}"},"query-input":{"@type":"PropertyValueSpecification","valueRequired":true,"valueName":"search_term_string"}}],"inLanguage":"sk-SK"}]}},"jetpack_sharing_enabled":true,"_links":{"self":[{"href":"https:\/\/www.bulkammunitionshop.com\/sk\/wp-json\/wp\/v2\/product\/1205","targetHints":{"allow":["GET"]}}],"collection":[{"href":"https:\/\/www.bulkammunitionshop.com\/sk\/wp-json\/wp\/v2\/product"}],"about":[{"href":"https:\/\/www.bulkammunitionshop.com\/sk\/wp-json\/wp\/v2\/types\/product"}],"replies":[{"embeddable":true,"href":"https:\/\/www.bulkammunitionshop.com\/sk\/wp-json\/wp\/v2\/comments?post=1205"}],"wp:featuredmedia":[{"embeddable":true,"href":"https:\/\/www.bulkammunitionshop.com\/sk\/wp-json\/wp\/v2\/media\/1253"}],"wp:attachment":[{"href":"https:\/\/www.bulkammunitionshop.com\/sk\/wp-json\/wp\/v2\/media?parent=1205"}],"wp:term":[{"taxonomy":"product_brand","embeddable":true,"href":"https:\/\/www.bulkammunitionshop.com\/sk\/wp-json\/wp\/v2\/product_brand?post=1205"},{"taxonomy":"product_cat","embeddable":true,"href":"https:\/\/www.bulkammunitionshop.com\/sk\/wp-json\/wp\/v2\/product_cat?post=1205"},{"taxonomy":"product_tag","embeddable":true,"href":"https:\/\/www.bulkammunitionshop.com\/sk\/wp-json\/wp\/v2\/product_tag?post=1205"}],"curies":[{"name":"wp","href":"https:\/\/api.w.org\/{rel}","templated":true}]}}