{"id":903,"date":"2022-05-21T16:19:47","date_gmt":"2022-05-21T16:19:47","guid":{"rendered":"https:\/\/www.bulkammunitionshop.com\/?post_type=product&#038;p=903"},"modified":"2022-05-21T16:19:50","modified_gmt":"2022-05-21T16:19:50","slug":"1000rds-of-9mm-9x19-ammo-124gr-tmj-speer-lawman-53651","status":"publish","type":"product","link":"https:\/\/www.bulkammunitionshop.com\/pt_br\/produto\/1000rds-of-9mm-9x19-ammo-124gr-tmj-speer-lawman-53651\/","title":{"rendered":"1000rds of 9mm 9\u00d719 Ammo 124gr TMJ Speer Lawman (53651)"},"content":{"rendered":"<p><span class=\"ammoDescription1\">Tipo de bala:<\/span>\u00a0TMJ, Total Metal Jacket<\/p>\n<p><span class=\"ammoDescription1\">Peso da bala:<\/span>\u00a0124gr<\/p>\n<p><span class=\"ammoDescription1\">Bullet Jacket:<\/span>\u00a0Copper<\/p>\n<p><span class=\"ammoDescription1\">Case:<\/span>\u00a0Lat\u00e3o<\/p>\n<p><span class=\"ammoDescription1\">Velocity:<\/span>\u00a01,090 ft\/s<\/p>\n<p><span class=\"ammoDescription1\">Powder:<\/span>\u00a0Non-Corrosive<\/p>\n<p><span class=\"ammoDescription1\">Primer:<\/span>\u00a0Boxer<\/p>\n<p><span class=\"ammoDescription1\">Amount:<\/span>\u00a01000 Rounds<\/p>\n<p>Availability: IN STOCK<\/p>","protected":false},"excerpt":{"rendered":"<p>Bullet Type:\u00a0TMJ, Total Metal Jacket Bullet Weight:\u00a0124gr Bullet Jacket:\u00a0Copper Case:\u00a0Brass Velocity:\u00a01,090 ft\/s Powder:\u00a0Non-Corrosive Primer:\u00a0Boxer Amount:\u00a01000 Rounds Availability: IN STOCK<\/p>","protected":false},"featured_media":674,"comment_status":"open","ping_status":"closed","template":"","meta":[],"product_brand":[],"product_cat":[118,112],"product_tag":[],"class_list":{"0":"post-903","1":"product","2":"type-product","3":"status-publish","4":"has-post-thumbnail","6":"product_cat-9mm-ammo","7":"product_cat-handgun-ammo","9":"first","10":"instock","11":"taxable","12":"shipping-taxable","13":"purchasable","14":"product-type-simple"},"yoast_head":"<!-- This site is optimized with the Yoast SEO Premium plugin v24.6 (Yoast SEO v25.7) - https:\/\/yoast.com\/wordpress\/plugins\/seo\/ -->\n<title>1000rds of 9mm 9\u00d719 Ammo 124gr TMJ Speer Lawman (53651) - Bulk Ammunition shop<\/title>\n<meta name=\"robots\" content=\"index, follow, max-snippet:-1, max-image-preview:large, max-video-preview:-1\" \/>\n<link rel=\"canonical\" href=\"https:\/\/www.bulkammunitionshop.com\/pt_br\/produto\/1000rds-of-9mm-9x19-ammo-124gr-tmj-speer-lawman-53651\/\" \/>\n<meta property=\"og:locale\" content=\"pt_BR\" \/>\n<meta property=\"og:type\" content=\"article\" \/>\n<meta property=\"og:title\" content=\"1000rds of 9mm 9\u00d719 Ammo 124gr TMJ Speer Lawman (53651)\" \/>\n<meta property=\"og:description\" content=\"Bullet Type:\u00a0TMJ, Total Metal Jacket Bullet Weight:\u00a0124gr Bullet Jacket:\u00a0Copper Case:\u00a0Brass Velocity:\u00a01,090 ft\/s Powder:\u00a0Non-Corrosive Primer:\u00a0Boxer Amount:\u00a01000 Rounds Availability: IN STOCK\" \/>\n<meta property=\"og:url\" content=\"https:\/\/www.bulkammunitionshop.com\/pt_br\/produto\/1000rds-of-9mm-9x19-ammo-124gr-tmj-speer-lawman-53651\/\" \/>\n<meta property=\"og:site_name\" content=\"Bulk Ammunition shop\" \/>\n<meta property=\"article:modified_time\" content=\"2022-05-21T16:19:50+00:00\" \/>\n<meta property=\"og:image\" content=\"https:\/\/i0.wp.com\/www.bulkammunitionshop.com\/wp-content\/uploads\/2022\/05\/Image1__22246.1576869672.1280.1280-1.jpg?fit=1000%2C541&ssl=1\" \/>\n\t<meta property=\"og:image:width\" content=\"1000\" \/>\n\t<meta property=\"og:image:height\" content=\"541\" \/>\n\t<meta property=\"og:image:type\" content=\"image\/jpeg\" \/>\n<meta name=\"twitter:card\" content=\"summary_large_image\" \/>\n<script type=\"application\/ld+json\" class=\"yoast-schema-graph\">{\"@context\":\"https:\/\/schema.org\",\"@graph\":[{\"@type\":\"WebPage\",\"@id\":\"https:\/\/www.bulkammunitionshop.com\/product\/1000rds-of-9mm-9x19-ammo-124gr-tmj-speer-lawman-53651\/\",\"url\":\"https:\/\/www.bulkammunitionshop.com\/product\/1000rds-of-9mm-9x19-ammo-124gr-tmj-speer-lawman-53651\/\",\"name\":\"1000rds of 9mm 9\u00d719 Ammo 124gr TMJ Speer Lawman (53651) - Bulk Ammunition shop\",\"isPartOf\":{\"@id\":\"https:\/\/www.bulkammunitionshop.com\/#website\"},\"primaryImageOfPage\":{\"@id\":\"https:\/\/www.bulkammunitionshop.com\/product\/1000rds-of-9mm-9x19-ammo-124gr-tmj-speer-lawman-53651\/#primaryimage\"},\"image\":{\"@id\":\"https:\/\/www.bulkammunitionshop.com\/product\/1000rds-of-9mm-9x19-ammo-124gr-tmj-speer-lawman-53651\/#primaryimage\"},\"thumbnailUrl\":\"https:\/\/www.bulkammunitionshop.com\/wp-content\/uploads\/2022\/05\/Image1__22246.1576869672.1280.1280-1.jpg\",\"datePublished\":\"2022-05-21T16:19:47+00:00\",\"dateModified\":\"2022-05-21T16:19:50+00:00\",\"breadcrumb\":{\"@id\":\"https:\/\/www.bulkammunitionshop.com\/product\/1000rds-of-9mm-9x19-ammo-124gr-tmj-speer-lawman-53651\/#breadcrumb\"},\"inLanguage\":\"pt-BR\",\"potentialAction\":[{\"@type\":\"ReadAction\",\"target\":[\"https:\/\/www.bulkammunitionshop.com\/product\/1000rds-of-9mm-9x19-ammo-124gr-tmj-speer-lawman-53651\/\"]}]},{\"@type\":\"ImageObject\",\"inLanguage\":\"pt-BR\",\"@id\":\"https:\/\/www.bulkammunitionshop.com\/product\/1000rds-of-9mm-9x19-ammo-124gr-tmj-speer-lawman-53651\/#primaryimage\",\"url\":\"https:\/\/www.bulkammunitionshop.com\/wp-content\/uploads\/2022\/05\/Image1__22246.1576869672.1280.1280-1.jpg\",\"contentUrl\":\"https:\/\/www.bulkammunitionshop.com\/wp-content\/uploads\/2022\/05\/Image1__22246.1576869672.1280.1280-1.jpg\",\"width\":1000,\"height\":541},{\"@type\":\"BreadcrumbList\",\"@id\":\"https:\/\/www.bulkammunitionshop.com\/product\/1000rds-of-9mm-9x19-ammo-124gr-tmj-speer-lawman-53651\/#breadcrumb\",\"itemListElement\":[{\"@type\":\"ListItem\",\"position\":1,\"name\":\"Home\",\"item\":\"https:\/\/www.bulkammunitionshop.com\/\"},{\"@type\":\"ListItem\",\"position\":2,\"name\":\"SHOP ALL\",\"item\":\"https:\/\/www.bulkammunitionshop.com\/shop-all\/\"},{\"@type\":\"ListItem\",\"position\":3,\"name\":\"1000rds of 9mm 9\u00d719 Ammo 124gr TMJ Speer Lawman (53651)\"}]},{\"@type\":\"WebSite\",\"@id\":\"https:\/\/www.bulkammunitionshop.com\/#website\",\"url\":\"https:\/\/www.bulkammunitionshop.com\/\",\"name\":\"Bulk Ammunition shop\",\"description\":\"Buy Cheap Bulk Ammo Online - Bulk Ammo for Sale- Cheap Ammo Online\",\"potentialAction\":[{\"@type\":\"SearchAction\",\"target\":{\"@type\":\"EntryPoint\",\"urlTemplate\":\"https:\/\/www.bulkammunitionshop.com\/?s={search_term_string}\"},\"query-input\":{\"@type\":\"PropertyValueSpecification\",\"valueRequired\":true,\"valueName\":\"search_term_string\"}}],\"inLanguage\":\"pt-BR\"}]}<\/script>\n<!-- \/ Yoast SEO Premium plugin. -->","yoast_head_json":{"title":"1000rds of 9mm 9\u00d719 Ammo 124gr TMJ Speer Lawman (53651) - Bulk Ammunition shop","robots":{"index":"index","follow":"follow","max-snippet":"max-snippet:-1","max-image-preview":"max-image-preview:large","max-video-preview":"max-video-preview:-1"},"canonical":"https:\/\/www.bulkammunitionshop.com\/pt_br\/produto\/1000rds-of-9mm-9x19-ammo-124gr-tmj-speer-lawman-53651\/","og_locale":"pt_BR","og_type":"article","og_title":"1000rds of 9mm 9\u00d719 Ammo 124gr TMJ Speer Lawman (53651)","og_description":"Bullet Type:\u00a0TMJ, Total Metal Jacket Bullet Weight:\u00a0124gr Bullet Jacket:\u00a0Copper Case:\u00a0Brass Velocity:\u00a01,090 ft\/s Powder:\u00a0Non-Corrosive Primer:\u00a0Boxer Amount:\u00a01000 Rounds Availability: IN STOCK","og_url":"https:\/\/www.bulkammunitionshop.com\/pt_br\/produto\/1000rds-of-9mm-9x19-ammo-124gr-tmj-speer-lawman-53651\/","og_site_name":"Bulk Ammunition shop","article_modified_time":"2022-05-21T16:19:50+00:00","og_image":[{"width":1000,"height":541,"url":"https:\/\/i0.wp.com\/www.bulkammunitionshop.com\/wp-content\/uploads\/2022\/05\/Image1__22246.1576869672.1280.1280-1.jpg?fit=1000%2C541&ssl=1","type":"image\/jpeg"}],"twitter_card":"summary_large_image","schema":{"@context":"https:\/\/schema.org","@graph":[{"@type":"WebPage","@id":"https:\/\/www.bulkammunitionshop.com\/product\/1000rds-of-9mm-9x19-ammo-124gr-tmj-speer-lawman-53651\/","url":"https:\/\/www.bulkammunitionshop.com\/product\/1000rds-of-9mm-9x19-ammo-124gr-tmj-speer-lawman-53651\/","name":"1000rds of 9mm 9\u00d719 Ammo 124gr TMJ Speer Lawman (53651) - Bulk Ammunition shop","isPartOf":{"@id":"https:\/\/www.bulkammunitionshop.com\/#website"},"primaryImageOfPage":{"@id":"https:\/\/www.bulkammunitionshop.com\/product\/1000rds-of-9mm-9x19-ammo-124gr-tmj-speer-lawman-53651\/#primaryimage"},"image":{"@id":"https:\/\/www.bulkammunitionshop.com\/product\/1000rds-of-9mm-9x19-ammo-124gr-tmj-speer-lawman-53651\/#primaryimage"},"thumbnailUrl":"https:\/\/www.bulkammunitionshop.com\/wp-content\/uploads\/2022\/05\/Image1__22246.1576869672.1280.1280-1.jpg","datePublished":"2022-05-21T16:19:47+00:00","dateModified":"2022-05-21T16:19:50+00:00","breadcrumb":{"@id":"https:\/\/www.bulkammunitionshop.com\/product\/1000rds-of-9mm-9x19-ammo-124gr-tmj-speer-lawman-53651\/#breadcrumb"},"inLanguage":"pt-BR","potentialAction":[{"@type":"ReadAction","target":["https:\/\/www.bulkammunitionshop.com\/product\/1000rds-of-9mm-9x19-ammo-124gr-tmj-speer-lawman-53651\/"]}]},{"@type":"ImageObject","inLanguage":"pt-BR","@id":"https:\/\/www.bulkammunitionshop.com\/product\/1000rds-of-9mm-9x19-ammo-124gr-tmj-speer-lawman-53651\/#primaryimage","url":"https:\/\/www.bulkammunitionshop.com\/wp-content\/uploads\/2022\/05\/Image1__22246.1576869672.1280.1280-1.jpg","contentUrl":"https:\/\/www.bulkammunitionshop.com\/wp-content\/uploads\/2022\/05\/Image1__22246.1576869672.1280.1280-1.jpg","width":1000,"height":541},{"@type":"BreadcrumbList","@id":"https:\/\/www.bulkammunitionshop.com\/product\/1000rds-of-9mm-9x19-ammo-124gr-tmj-speer-lawman-53651\/#breadcrumb","itemListElement":[{"@type":"ListItem","position":1,"name":"Home","item":"https:\/\/www.bulkammunitionshop.com\/"},{"@type":"ListItem","position":2,"name":"SHOP ALL","item":"https:\/\/www.bulkammunitionshop.com\/shop-all\/"},{"@type":"ListItem","position":3,"name":"1000rds of 9mm 9\u00d719 Ammo 124gr TMJ Speer Lawman (53651)"}]},{"@type":"WebSite","@id":"https:\/\/www.bulkammunitionshop.com\/#website","url":"https:\/\/www.bulkammunitionshop.com\/","name":"Loja de muni\u00e7\u00e3o a granel","description":"Compre muni\u00e7\u00e3o a granel barata online - Muni\u00e7\u00e3o a granel \u00e0 venda - Muni\u00e7\u00e3o barata online","potentialAction":[{"@type":"SearchAction","target":{"@type":"EntryPoint","urlTemplate":"https:\/\/www.bulkammunitionshop.com\/?s={search_term_string}"},"query-input":{"@type":"PropertyValueSpecification","valueRequired":true,"valueName":"search_term_string"}}],"inLanguage":"pt-BR"}]}},"jetpack_sharing_enabled":true,"_links":{"self":[{"href":"https:\/\/www.bulkammunitionshop.com\/pt_br\/wp-json\/wp\/v2\/product\/903","targetHints":{"allow":["GET"]}}],"collection":[{"href":"https:\/\/www.bulkammunitionshop.com\/pt_br\/wp-json\/wp\/v2\/product"}],"about":[{"href":"https:\/\/www.bulkammunitionshop.com\/pt_br\/wp-json\/wp\/v2\/types\/product"}],"replies":[{"embeddable":true,"href":"https:\/\/www.bulkammunitionshop.com\/pt_br\/wp-json\/wp\/v2\/comments?post=903"}],"wp:featuredmedia":[{"embeddable":true,"href":"https:\/\/www.bulkammunitionshop.com\/pt_br\/wp-json\/wp\/v2\/media\/674"}],"wp:attachment":[{"href":"https:\/\/www.bulkammunitionshop.com\/pt_br\/wp-json\/wp\/v2\/media?parent=903"}],"wp:term":[{"taxonomy":"product_brand","embeddable":true,"href":"https:\/\/www.bulkammunitionshop.com\/pt_br\/wp-json\/wp\/v2\/product_brand?post=903"},{"taxonomy":"product_cat","embeddable":true,"href":"https:\/\/www.bulkammunitionshop.com\/pt_br\/wp-json\/wp\/v2\/product_cat?post=903"},{"taxonomy":"product_tag","embeddable":true,"href":"https:\/\/www.bulkammunitionshop.com\/pt_br\/wp-json\/wp\/v2\/product_tag?post=903"}],"curies":[{"name":"wp","href":"https:\/\/api.w.org\/{rel}","templated":true}]}}