{"id":2957,"date":"2022-10-19T23:03:09","date_gmt":"2022-10-19T23:03:09","guid":{"rendered":"https:\/\/www.bulkammunitionshop.com\/?post_type=product&#038;p=2957"},"modified":"2025-11-16T01:17:51","modified_gmt":"2025-11-16T01:17:51","slug":"remington-core-lokt-300-savage-180-graos-soft-point-core-lokt-500-cartuchos","status":"publish","type":"product","link":"https:\/\/www.bulkammunitionshop.com\/pt_br\/produto\/remington-core-lokt-300-savage-180-graos-soft-point-core-lokt-500-cartuchos\/","title":{"rendered":"Remington core-lokt 300 savage 180 gr\u00e3os Soft Point Core-Lokt 500 cartuchos"},"content":{"rendered":"<h2 id=\"caption-header\">Informa\u00e7\u00f5es do produto para\u00a0<a href=\"https:\/\/www.google.com\/search?q=remington+core-lokt+300+savage+180+grain&amp;client=opera&amp;biw=1280&amp;bih=579&amp;ei=5FLYYbSVCojygQax_JSQDg&amp;oq=&amp;gs_lcp=Cgdnd3Mtd2l6EAEYADIUCAAQ6gIQtAIQigMQtwMQ1AMQ5QIyFAgAEOoCELQCEIoDELcDENQDEOUCMhEIABDqAhC0AhCKAxC3AxDlAjIRCAAQ6gIQtAIQigMQtwMQ5QIyFAgAEOoCELQCEIoDELcDENQDEOUCMhEIABDqAhC0AhCKAxC3AxDlAjIUCAAQ6gIQtAIQigMQtwMQ1AMQ5QIyEQgAEOoCELQCEIoDELcDEOUCMhEIABDqAhC0AhCKAxC3AxDlAjIUCAAQ6gIQtAIQigMQtwMQ1AMQ5QI6BQgAELEDOggILhCABBCxAzoFCC4QgAQ6CwgAEIAEELEDEIMBOggIABCABBCxAzoLCC4QgAQQsQMQgwFKBAhBGABKBAhGGABQAFj1FWDIIWgCcAJ4AIAB8AKIAfACkgEDMy0xmAEAoAEBsAEKwAEB&amp;sclient=gws-wiz\" target=\"_blank\" rel=\"noopener\">Remington Core-Lokt.<\/a><a href=\"https:\/\/www.bulkammunitionshop.com\/pt_br\/\">300 Savage 180 Gr\u00e3os<\/a>\u00a0Muni\u00e7\u00e3o para rifle de fogo central com estojo de lat\u00e3o e ponta macia (PSP) Core-Lokt<\/h2>\n<div>\n<div id=\"product-caption-block-description\" class=\"product-caption-block\">\n<p>Prepare-se para a ca\u00e7a de animais de grande porte com a muni\u00e7\u00e3o Remington Core-Lokt .300 Savage. Os ca\u00e7adores confiam na muni\u00e7\u00e3o Core-Lokt da Big Green desde seu lan\u00e7amento em 1939. Desde ent\u00e3o, ela tem sido usada para ca\u00e7ar animais de grande porte em mais continentes do que qualquer outra muni\u00e7\u00e3o. O design Core-Lokt foi um dos primeiros, sen\u00e3o o primeiro, a utilizar um proj\u00e9til de expans\u00e3o controlada, o que significa que o proj\u00e9til ter\u00e1 o dobro da expans\u00e3o, reter\u00e1 a maior parte do seu peso e proporcionar\u00e1 uma penetra\u00e7\u00e3o mais profunda. Remington Core-Lokt 300 Savage 180 grains<\/p>\n<p>O cartucho .300 Savage possui uma camisa de cobre c\u00f4nica fixada a um n\u00facleo de chumbo s\u00f3lido. No papel, o proj\u00e9til de ponta macia de 180 gr\u00e3os tem uma velocidade inicial de 2.630 p\u00e9s por segundo e libera 2.304 libras-p\u00e9 de energia. A 450 metros, a velocidade cai para apenas 1.433 fps com 684 libras-p\u00e9 de energia. A Remington Shooting and Hunting Accessories recomenda a muni\u00e7\u00e3o para rifles para ca\u00e7a de veados, alces e javalis. Uma \u00fanica caixa de muni\u00e7\u00e3o Remington Core-Lokt .300 Savage de 180 gramas cont\u00e9m 20 cartuchos. Adquira uma caixa hoje mesmo!<\/p>\n<\/div>\n<div id=\"product-caption-block-manufacture-specification\" class=\"product-caption-block\">\n<h3>Especifica\u00e7\u00f5es para muni\u00e7\u00e3o de fogo central com estojo de lat\u00e3o Remington Core-Lokt .300 Savage 180 Grain Core-Lokt Pointed Soft Point (PSP) para rifles de fogo central:<\/h3>\n<table class=\"spec-table\" border=\"0\" cellspacing=\"0\" cellpadding=\"0\">\n<tbody>\n<tr>\n<td class=\"spec-left-column\">Calibre:<\/td>\n<td width=\"50%\">.300 Selvagem<\/td>\n<\/tr>\n<tr>\n<td class=\"spec-left-column\">Tipo de bala:<\/td>\n<td width=\"50%\">Ponta macia pontiaguda Core-Lokt (PSP)<\/td>\n<\/tr>\n<tr>\n<td class=\"spec-left-column\">Peso da bala:<\/td>\n<td width=\"50%\">180 gr\u00e3os<\/td>\n<\/tr>\n<tr>\n<td class=\"spec-left-column\">Material da caixa do cartucho:<\/td>\n<td width=\"50%\">Lat\u00e3o<\/td>\n<\/tr>\n<tr>\n<td class=\"spec-left-column\">Velocidade inicial:<\/td>\n<td width=\"50%\">2630 p\u00e9s\/s<\/td>\n<\/tr>\n<tr>\n<td class=\"spec-left-column\">Aplica\u00e7\u00e3o de muni\u00e7\u00e3o:<\/td>\n<td width=\"50%\">Ca\u00e7a grande<\/td>\n<\/tr>\n<tr>\n<td class=\"spec-left-column\">Tipo de pacote:<\/td>\n<td width=\"50%\">Caixa<\/td>\n<\/tr>\n<tr>\n<td class=\"spec-left-column\">Localiza\u00e7\u00e3o do Primer:<\/td>\n<td width=\"50%\">Fogo central<\/td>\n<\/tr>\n<tr>\n<td class=\"spec-left-column\">Energia do cano:<\/td>\n<td width=\"50%\">2303 p\u00e9s-libras<\/td>\n<\/tr>\n<tr>\n<td class=\"spec-left-column\">Coeficiente Bal\u00edstico G1:<\/td>\n<td width=\"50%\">0.314<\/td>\n<\/tr>\n<tr>\n<td class=\"spec-left-column\">Aplicativo:<\/td>\n<td width=\"50%\">Ca\u00e7a grande<\/td>\n<\/tr>\n<\/tbody>\n<\/table>\n<\/div>\n<div id=\"product-caption-block-features\" class=\"product-caption-block\">\n<h3>Caracter\u00edsticas da muni\u00e7\u00e3o Remington Core-Lokt:<\/h3>\n<ul>\n<li>Proj\u00e9til com expans\u00e3o controlada. O revestimento c\u00f4nico de cobre \u00e9 fixado a um n\u00facleo de chumbo s\u00f3lido e proporciona expans\u00e3o dupla, reten\u00e7\u00e3o de peso e resultados consistentes em jogo.<\/li>\n<\/ul>\n<\/div>\n<\/div>","protected":false},"excerpt":{"rendered":"<p>Este produto est\u00e1 em estoque e pronto para envio. 100% - Envio r\u00e1pido garantido. Fa\u00e7a seu pedido agora!<\/p>\n<form class=\"cart\" action=\"https:\/\/armoryweapons.com\/product\/remington-core-lokt-300-savage-150-grain-core-lokt-pointed-soft-point-psp-brass-500-rounds\/\" enctype=\"multipart\/form-data\" method=\"post\">\n<div class=\"quantity buttons_added\"><\/div>\n<\/form>","protected":false},"featured_media":2960,"comment_status":"open","ping_status":"closed","template":"","meta":[],"product_brand":[],"product_cat":[267,121],"product_tag":[],"class_list":{"0":"post-2957","1":"product","2":"type-product","3":"status-publish","4":"has-post-thumbnail","6":"product_cat-300-savage-ammo","7":"product_cat-rifle-ammo","9":"first","10":"instock","11":"sale","12":"taxable","13":"shipping-taxable","14":"purchasable","15":"product-type-simple"},"yoast_head":"<!-- This site is optimized with the Yoast SEO Premium plugin v24.6 (Yoast SEO v25.7) - https:\/\/yoast.com\/wordpress\/plugins\/seo\/ -->\n<title>Remington core-lokt 300 savage 180 grain Soft Point Core-Lokt 500 rounds - Bulk Ammunition shop<\/title>\n<meta name=\"robots\" content=\"index, follow, max-snippet:-1, max-image-preview:large, max-video-preview:-1\" \/>\n<link rel=\"canonical\" href=\"https:\/\/www.bulkammunitionshop.com\/pt_br\/produto\/remington-core-lokt-300-savage-180-graos-soft-point-core-lokt-500-cartuchos\/\" \/>\n<meta property=\"og:locale\" content=\"pt_BR\" \/>\n<meta property=\"og:type\" content=\"article\" \/>\n<meta property=\"og:title\" content=\"Remington core-lokt 300 savage 180 grain Soft Point Core-Lokt 500 rounds\" \/>\n<meta property=\"og:description\" content=\"This Product Is In Stock and Ready to Ship. 100% Fast Shipping Guaranteed. Place Order Now!\" \/>\n<meta property=\"og:url\" content=\"https:\/\/www.bulkammunitionshop.com\/pt_br\/produto\/remington-core-lokt-300-savage-180-graos-soft-point-core-lokt-500-cartuchos\/\" \/>\n<meta property=\"og:site_name\" content=\"Bulk Ammunition shop\" \/>\n<meta property=\"article:modified_time\" content=\"2025-11-16T01:17:51+00:00\" \/>\n<meta property=\"og:image\" content=\"http:\/\/www.bulkammunitionshop.com\/wp-content\/uploads\/2022\/10\/98061010-3B9C-4368-87E0-ECC83DA5BB77-510x351-1.jpeg\" \/>\n\t<meta property=\"og:image:width\" content=\"510\" \/>\n\t<meta property=\"og:image:height\" content=\"351\" \/>\n\t<meta property=\"og:image:type\" content=\"image\/jpeg\" \/>\n<meta name=\"twitter:card\" content=\"summary_large_image\" \/>\n<meta name=\"twitter:label1\" content=\"Est. tempo de leitura\" \/>\n\t<meta name=\"twitter:data1\" content=\"2 minutos\" \/>\n<script type=\"application\/ld+json\" class=\"yoast-schema-graph\">{\"@context\":\"https:\/\/schema.org\",\"@graph\":[{\"@type\":\"WebPage\",\"@id\":\"https:\/\/www.bulkammunitionshop.com\/product\/remington-core-lokt-300-savage-180-grain-soft-point-core-lokt-500-rounds\/\",\"url\":\"https:\/\/www.bulkammunitionshop.com\/product\/remington-core-lokt-300-savage-180-grain-soft-point-core-lokt-500-rounds\/\",\"name\":\"Remington core-lokt 300 savage 180 grain Soft Point Core-Lokt 500 rounds - Bulk Ammunition shop\",\"isPartOf\":{\"@id\":\"https:\/\/www.bulkammunitionshop.com\/#website\"},\"primaryImageOfPage\":{\"@id\":\"https:\/\/www.bulkammunitionshop.com\/product\/remington-core-lokt-300-savage-180-grain-soft-point-core-lokt-500-rounds\/#primaryimage\"},\"image\":{\"@id\":\"https:\/\/www.bulkammunitionshop.com\/product\/remington-core-lokt-300-savage-180-grain-soft-point-core-lokt-500-rounds\/#primaryimage\"},\"thumbnailUrl\":\"https:\/\/www.bulkammunitionshop.com\/wp-content\/uploads\/2022\/10\/98061010-3B9C-4368-87E0-ECC83DA5BB77-510x351-1.jpeg\",\"datePublished\":\"2022-10-19T23:03:09+00:00\",\"dateModified\":\"2025-11-16T01:17:51+00:00\",\"breadcrumb\":{\"@id\":\"https:\/\/www.bulkammunitionshop.com\/product\/remington-core-lokt-300-savage-180-grain-soft-point-core-lokt-500-rounds\/#breadcrumb\"},\"inLanguage\":\"pt-BR\",\"potentialAction\":[{\"@type\":\"ReadAction\",\"target\":[\"https:\/\/www.bulkammunitionshop.com\/product\/remington-core-lokt-300-savage-180-grain-soft-point-core-lokt-500-rounds\/\"]}]},{\"@type\":\"ImageObject\",\"inLanguage\":\"pt-BR\",\"@id\":\"https:\/\/www.bulkammunitionshop.com\/product\/remington-core-lokt-300-savage-180-grain-soft-point-core-lokt-500-rounds\/#primaryimage\",\"url\":\"https:\/\/www.bulkammunitionshop.com\/wp-content\/uploads\/2022\/10\/98061010-3B9C-4368-87E0-ECC83DA5BB77-510x351-1.jpeg\",\"contentUrl\":\"https:\/\/www.bulkammunitionshop.com\/wp-content\/uploads\/2022\/10\/98061010-3B9C-4368-87E0-ECC83DA5BB77-510x351-1.jpeg\",\"width\":510,\"height\":351},{\"@type\":\"BreadcrumbList\",\"@id\":\"https:\/\/www.bulkammunitionshop.com\/product\/remington-core-lokt-300-savage-180-grain-soft-point-core-lokt-500-rounds\/#breadcrumb\",\"itemListElement\":[{\"@type\":\"ListItem\",\"position\":1,\"name\":\"Home\",\"item\":\"https:\/\/www.bulkammunitionshop.com\/\"},{\"@type\":\"ListItem\",\"position\":2,\"name\":\"SHOP ALL\",\"item\":\"https:\/\/www.bulkammunitionshop.com\/shop-all\/\"},{\"@type\":\"ListItem\",\"position\":3,\"name\":\"Remington core-lokt 300 savage 180 grain Soft Point Core-Lokt 500 rounds\"}]},{\"@type\":\"WebSite\",\"@id\":\"https:\/\/www.bulkammunitionshop.com\/#website\",\"url\":\"https:\/\/www.bulkammunitionshop.com\/\",\"name\":\"Bulk Ammunition shop\",\"description\":\"Buy Cheap Bulk Ammo Online - Bulk Ammo for Sale- Cheap Ammo Online\",\"potentialAction\":[{\"@type\":\"SearchAction\",\"target\":{\"@type\":\"EntryPoint\",\"urlTemplate\":\"https:\/\/www.bulkammunitionshop.com\/?s={search_term_string}\"},\"query-input\":{\"@type\":\"PropertyValueSpecification\",\"valueRequired\":true,\"valueName\":\"search_term_string\"}}],\"inLanguage\":\"pt-BR\"}]}<\/script>\n<!-- \/ Yoast SEO Premium plugin. -->","yoast_head_json":{"title":"Muni\u00e7\u00e3o Remington Core-Lokt 300 Savage 180 grain Soft Point Core-Lokt 500 - Loja de muni\u00e7\u00e3o a granel","robots":{"index":"index","follow":"follow","max-snippet":"max-snippet:-1","max-image-preview":"max-image-preview:large","max-video-preview":"max-video-preview:-1"},"canonical":"https:\/\/www.bulkammunitionshop.com\/pt_br\/produto\/remington-core-lokt-300-savage-180-graos-soft-point-core-lokt-500-cartuchos\/","og_locale":"pt_BR","og_type":"article","og_title":"Remington core-lokt 300 savage 180 grain Soft Point Core-Lokt 500 rounds","og_description":"This Product Is In Stock and Ready to Ship. 100% Fast Shipping Guaranteed. Place Order Now!","og_url":"https:\/\/www.bulkammunitionshop.com\/pt_br\/produto\/remington-core-lokt-300-savage-180-graos-soft-point-core-lokt-500-cartuchos\/","og_site_name":"Bulk Ammunition shop","article_modified_time":"2025-11-16T01:17:51+00:00","og_image":[{"width":510,"height":351,"url":"http:\/\/www.bulkammunitionshop.com\/wp-content\/uploads\/2022\/10\/98061010-3B9C-4368-87E0-ECC83DA5BB77-510x351-1.jpeg","type":"image\/jpeg"}],"twitter_card":"summary_large_image","twitter_misc":{"Est. tempo de leitura":"2 minutos"},"schema":{"@context":"https:\/\/schema.org","@graph":[{"@type":"WebPage","@id":"https:\/\/www.bulkammunitionshop.com\/product\/remington-core-lokt-300-savage-180-grain-soft-point-core-lokt-500-rounds\/","url":"https:\/\/www.bulkammunitionshop.com\/product\/remington-core-lokt-300-savage-180-grain-soft-point-core-lokt-500-rounds\/","name":"Muni\u00e7\u00e3o Remington Core-Lokt 300 Savage 180 grain Soft Point Core-Lokt 500 - Loja de muni\u00e7\u00e3o a granel","isPartOf":{"@id":"https:\/\/www.bulkammunitionshop.com\/#website"},"primaryImageOfPage":{"@id":"https:\/\/www.bulkammunitionshop.com\/product\/remington-core-lokt-300-savage-180-grain-soft-point-core-lokt-500-rounds\/#primaryimage"},"image":{"@id":"https:\/\/www.bulkammunitionshop.com\/product\/remington-core-lokt-300-savage-180-grain-soft-point-core-lokt-500-rounds\/#primaryimage"},"thumbnailUrl":"https:\/\/www.bulkammunitionshop.com\/wp-content\/uploads\/2022\/10\/98061010-3B9C-4368-87E0-ECC83DA5BB77-510x351-1.jpeg","datePublished":"2022-10-19T23:03:09+00:00","dateModified":"2025-11-16T01:17:51+00:00","breadcrumb":{"@id":"https:\/\/www.bulkammunitionshop.com\/product\/remington-core-lokt-300-savage-180-grain-soft-point-core-lokt-500-rounds\/#breadcrumb"},"inLanguage":"pt-BR","potentialAction":[{"@type":"ReadAction","target":["https:\/\/www.bulkammunitionshop.com\/product\/remington-core-lokt-300-savage-180-grain-soft-point-core-lokt-500-rounds\/"]}]},{"@type":"ImageObject","inLanguage":"pt-BR","@id":"https:\/\/www.bulkammunitionshop.com\/product\/remington-core-lokt-300-savage-180-grain-soft-point-core-lokt-500-rounds\/#primaryimage","url":"https:\/\/www.bulkammunitionshop.com\/wp-content\/uploads\/2022\/10\/98061010-3B9C-4368-87E0-ECC83DA5BB77-510x351-1.jpeg","contentUrl":"https:\/\/www.bulkammunitionshop.com\/wp-content\/uploads\/2022\/10\/98061010-3B9C-4368-87E0-ECC83DA5BB77-510x351-1.jpeg","width":510,"height":351},{"@type":"BreadcrumbList","@id":"https:\/\/www.bulkammunitionshop.com\/product\/remington-core-lokt-300-savage-180-grain-soft-point-core-lokt-500-rounds\/#breadcrumb","itemListElement":[{"@type":"ListItem","position":1,"name":"Home","item":"https:\/\/www.bulkammunitionshop.com\/"},{"@type":"ListItem","position":2,"name":"SHOP ALL","item":"https:\/\/www.bulkammunitionshop.com\/shop-all\/"},{"@type":"ListItem","position":3,"name":"Remington core-lokt 300 savage 180 grain Soft Point Core-Lokt 500 rounds"}]},{"@type":"WebSite","@id":"https:\/\/www.bulkammunitionshop.com\/#website","url":"https:\/\/www.bulkammunitionshop.com\/","name":"Loja de muni\u00e7\u00e3o a granel","description":"Compre muni\u00e7\u00e3o a granel barata online - Muni\u00e7\u00e3o a granel \u00e0 venda - Muni\u00e7\u00e3o barata online","potentialAction":[{"@type":"SearchAction","target":{"@type":"EntryPoint","urlTemplate":"https:\/\/www.bulkammunitionshop.com\/?s={search_term_string}"},"query-input":{"@type":"PropertyValueSpecification","valueRequired":true,"valueName":"search_term_string"}}],"inLanguage":"pt-BR"}]}},"jetpack_sharing_enabled":true,"_links":{"self":[{"href":"https:\/\/www.bulkammunitionshop.com\/pt_br\/wp-json\/wp\/v2\/product\/2957","targetHints":{"allow":["GET"]}}],"collection":[{"href":"https:\/\/www.bulkammunitionshop.com\/pt_br\/wp-json\/wp\/v2\/product"}],"about":[{"href":"https:\/\/www.bulkammunitionshop.com\/pt_br\/wp-json\/wp\/v2\/types\/product"}],"replies":[{"embeddable":true,"href":"https:\/\/www.bulkammunitionshop.com\/pt_br\/wp-json\/wp\/v2\/comments?post=2957"}],"wp:featuredmedia":[{"embeddable":true,"href":"https:\/\/www.bulkammunitionshop.com\/pt_br\/wp-json\/wp\/v2\/media\/2960"}],"wp:attachment":[{"href":"https:\/\/www.bulkammunitionshop.com\/pt_br\/wp-json\/wp\/v2\/media?parent=2957"}],"wp:term":[{"taxonomy":"product_brand","embeddable":true,"href":"https:\/\/www.bulkammunitionshop.com\/pt_br\/wp-json\/wp\/v2\/product_brand?post=2957"},{"taxonomy":"product_cat","embeddable":true,"href":"https:\/\/www.bulkammunitionshop.com\/pt_br\/wp-json\/wp\/v2\/product_cat?post=2957"},{"taxonomy":"product_tag","embeddable":true,"href":"https:\/\/www.bulkammunitionshop.com\/pt_br\/wp-json\/wp\/v2\/product_tag?post=2957"}],"curies":[{"name":"wp","href":"https:\/\/api.w.org\/{rel}","templated":true}]}}