{"id":859,"date":"2022-05-21T16:19:34","date_gmt":"2022-05-21T16:19:34","guid":{"rendered":"https:\/\/www.bulkammunitionshop.com\/?post_type=product&#038;p=859"},"modified":"2022-05-21T16:19:39","modified_gmt":"2022-05-21T16:19:39","slug":"500rds-of-cci-stinger-rimfire-ammo","status":"publish","type":"product","link":"https:\/\/www.bulkammunitionshop.com\/pt\/produto\/500rds-of-cci-stinger-rimfire-ammo\/","title":{"rendered":"500rds of CCI Stinger Rimfire Ammo"},"content":{"rendered":"<h2>Descri\u00e7\u00e3o<\/h2>\n<div class=\"VProduct_img\"><img decoding=\"async\" src=\"https:\/\/basspro.scene7.com\/is\/image\/BassPro\/logo_cci_01?$Prod%5FPDPbrandlong$\" \/><\/div>\n<div id=\"product_longdescription_11264\" class=\"\">\n<p>CCI\u00ae Stinger\u00ae gave birth to the term \u201cHyper-Velocity\u201d rimfire ammo over 40 years ago, and it still leads the pack for sizzling velocities from a .22 LR round. Stinger .22 ammo delivers dramatic impact energy from a copper-plated, 32-grain, hollow point bullet with a teardrop cavity that expands explosively against thin-skinned varmints. CCI obtains maximum velocity with an increased powder charge, packed into nickel-plated brass cases that resist corrosion and cycle smoothly in all types of actions. CCI Stinger Rimfire Ammo is manufactured with strict quality control to eliminate inconsistencies, resulting in reliable ignition, and consistent accuracy from one box to the next.<\/p>\n<ul>\n<li>Sizzling velocities<\/li>\n<li>Dramatic impact energy<\/li>\n<li>32-grain, hollow point bullet<\/li>\n<li>Nickel-plated brass cases<\/li>\n<\/ul>\n<\/div>","protected":false},"excerpt":{"rendered":"<p>CATEGORIES:\u00a022 LR,\u00a0Rimfire Ammo<\/p>","protected":false},"featured_media":574,"comment_status":"open","ping_status":"closed","template":"","meta":[],"product_brand":[],"product_cat":[128,123],"product_tag":[],"class_list":{"0":"post-859","1":"product","2":"type-product","3":"status-publish","4":"has-post-thumbnail","6":"product_cat-22lr","7":"product_cat-rimfire-ammo","9":"first","10":"instock","11":"taxable","12":"shipping-taxable","13":"purchasable","14":"product-type-simple"},"yoast_head":"<!-- This site is optimized with the Yoast SEO Premium plugin v24.6 (Yoast SEO v25.7) - https:\/\/yoast.com\/wordpress\/plugins\/seo\/ -->\n<title>500rds of CCI Stinger Rimfire Ammo - Bulk Ammunition shop<\/title>\n<meta name=\"robots\" content=\"index, follow, max-snippet:-1, max-image-preview:large, max-video-preview:-1\" \/>\n<link rel=\"canonical\" href=\"https:\/\/www.bulkammunitionshop.com\/pt\/produto\/500rds-of-cci-stinger-rimfire-ammo\/\" \/>\n<meta property=\"og:locale\" content=\"pt_PT\" \/>\n<meta property=\"og:type\" content=\"article\" \/>\n<meta property=\"og:title\" content=\"500rds of CCI Stinger Rimfire Ammo\" \/>\n<meta property=\"og:description\" content=\"CATEGORIES:\u00a022 LR,\u00a0Rimfire Ammo\" \/>\n<meta property=\"og:url\" content=\"https:\/\/www.bulkammunitionshop.com\/pt\/produto\/500rds-of-cci-stinger-rimfire-ammo\/\" \/>\n<meta property=\"og:site_name\" content=\"Bulk Ammunition shop\" \/>\n<meta property=\"article:modified_time\" content=\"2022-05-21T16:19:39+00:00\" \/>\n<meta property=\"og:image\" content=\"https:\/\/i0.wp.com\/www.bulkammunitionshop.com\/wp-content\/uploads\/2022\/05\/download-5-600x504-1.png?fit=600%2C504&ssl=1\" \/>\n\t<meta property=\"og:image:width\" content=\"600\" \/>\n\t<meta property=\"og:image:height\" content=\"504\" \/>\n\t<meta property=\"og:image:type\" content=\"image\/png\" \/>\n<meta name=\"twitter:card\" content=\"summary_large_image\" \/>\n<meta name=\"twitter:label1\" content=\"Tempo estimado de leitura\" \/>\n\t<meta name=\"twitter:data1\" content=\"1 minuto\" \/>\n<script type=\"application\/ld+json\" class=\"yoast-schema-graph\">{\"@context\":\"https:\/\/schema.org\",\"@graph\":[{\"@type\":\"WebPage\",\"@id\":\"https:\/\/www.bulkammunitionshop.com\/product\/500rds-of-cci-stinger-rimfire-ammo\/\",\"url\":\"https:\/\/www.bulkammunitionshop.com\/product\/500rds-of-cci-stinger-rimfire-ammo\/\",\"name\":\"500rds of CCI Stinger Rimfire Ammo - Bulk Ammunition shop\",\"isPartOf\":{\"@id\":\"https:\/\/www.bulkammunitionshop.com\/#website\"},\"primaryImageOfPage\":{\"@id\":\"https:\/\/www.bulkammunitionshop.com\/product\/500rds-of-cci-stinger-rimfire-ammo\/#primaryimage\"},\"image\":{\"@id\":\"https:\/\/www.bulkammunitionshop.com\/product\/500rds-of-cci-stinger-rimfire-ammo\/#primaryimage\"},\"thumbnailUrl\":\"https:\/\/www.bulkammunitionshop.com\/wp-content\/uploads\/2022\/05\/download-5-600x504-1.png\",\"datePublished\":\"2022-05-21T16:19:34+00:00\",\"dateModified\":\"2022-05-21T16:19:39+00:00\",\"breadcrumb\":{\"@id\":\"https:\/\/www.bulkammunitionshop.com\/product\/500rds-of-cci-stinger-rimfire-ammo\/#breadcrumb\"},\"inLanguage\":\"pt-PT\",\"potentialAction\":[{\"@type\":\"ReadAction\",\"target\":[\"https:\/\/www.bulkammunitionshop.com\/product\/500rds-of-cci-stinger-rimfire-ammo\/\"]}]},{\"@type\":\"ImageObject\",\"inLanguage\":\"pt-PT\",\"@id\":\"https:\/\/www.bulkammunitionshop.com\/product\/500rds-of-cci-stinger-rimfire-ammo\/#primaryimage\",\"url\":\"https:\/\/www.bulkammunitionshop.com\/wp-content\/uploads\/2022\/05\/download-5-600x504-1.png\",\"contentUrl\":\"https:\/\/www.bulkammunitionshop.com\/wp-content\/uploads\/2022\/05\/download-5-600x504-1.png\",\"width\":600,\"height\":504},{\"@type\":\"BreadcrumbList\",\"@id\":\"https:\/\/www.bulkammunitionshop.com\/product\/500rds-of-cci-stinger-rimfire-ammo\/#breadcrumb\",\"itemListElement\":[{\"@type\":\"ListItem\",\"position\":1,\"name\":\"Home\",\"item\":\"https:\/\/www.bulkammunitionshop.com\/\"},{\"@type\":\"ListItem\",\"position\":2,\"name\":\"SHOP ALL\",\"item\":\"https:\/\/www.bulkammunitionshop.com\/shop-all\/\"},{\"@type\":\"ListItem\",\"position\":3,\"name\":\"500rds of CCI Stinger Rimfire Ammo\"}]},{\"@type\":\"WebSite\",\"@id\":\"https:\/\/www.bulkammunitionshop.com\/#website\",\"url\":\"https:\/\/www.bulkammunitionshop.com\/\",\"name\":\"Bulk Ammunition shop\",\"description\":\"Buy Cheap Bulk Ammo Online - Bulk Ammo for Sale- Cheap Ammo Online\",\"potentialAction\":[{\"@type\":\"SearchAction\",\"target\":{\"@type\":\"EntryPoint\",\"urlTemplate\":\"https:\/\/www.bulkammunitionshop.com\/?s={search_term_string}\"},\"query-input\":{\"@type\":\"PropertyValueSpecification\",\"valueRequired\":true,\"valueName\":\"search_term_string\"}}],\"inLanguage\":\"pt-PT\"}]}<\/script>\n<!-- \/ Yoast SEO Premium plugin. -->","yoast_head_json":{"title":"500rds of CCI Stinger Rimfire Ammo - Bulk Ammunition shop","robots":{"index":"index","follow":"follow","max-snippet":"max-snippet:-1","max-image-preview":"max-image-preview:large","max-video-preview":"max-video-preview:-1"},"canonical":"https:\/\/www.bulkammunitionshop.com\/pt\/produto\/500rds-of-cci-stinger-rimfire-ammo\/","og_locale":"pt_PT","og_type":"article","og_title":"500rds of CCI Stinger Rimfire Ammo","og_description":"CATEGORIES:\u00a022 LR,\u00a0Rimfire Ammo","og_url":"https:\/\/www.bulkammunitionshop.com\/pt\/produto\/500rds-of-cci-stinger-rimfire-ammo\/","og_site_name":"Bulk Ammunition shop","article_modified_time":"2022-05-21T16:19:39+00:00","og_image":[{"width":600,"height":504,"url":"https:\/\/i0.wp.com\/www.bulkammunitionshop.com\/wp-content\/uploads\/2022\/05\/download-5-600x504-1.png?fit=600%2C504&ssl=1","type":"image\/png"}],"twitter_card":"summary_large_image","twitter_misc":{"Tempo estimado de leitura":"1 minuto"},"schema":{"@context":"https:\/\/schema.org","@graph":[{"@type":"WebPage","@id":"https:\/\/www.bulkammunitionshop.com\/product\/500rds-of-cci-stinger-rimfire-ammo\/","url":"https:\/\/www.bulkammunitionshop.com\/product\/500rds-of-cci-stinger-rimfire-ammo\/","name":"500rds of CCI Stinger Rimfire Ammo - Bulk Ammunition shop","isPartOf":{"@id":"https:\/\/www.bulkammunitionshop.com\/#website"},"primaryImageOfPage":{"@id":"https:\/\/www.bulkammunitionshop.com\/product\/500rds-of-cci-stinger-rimfire-ammo\/#primaryimage"},"image":{"@id":"https:\/\/www.bulkammunitionshop.com\/product\/500rds-of-cci-stinger-rimfire-ammo\/#primaryimage"},"thumbnailUrl":"https:\/\/www.bulkammunitionshop.com\/wp-content\/uploads\/2022\/05\/download-5-600x504-1.png","datePublished":"2022-05-21T16:19:34+00:00","dateModified":"2022-05-21T16:19:39+00:00","breadcrumb":{"@id":"https:\/\/www.bulkammunitionshop.com\/product\/500rds-of-cci-stinger-rimfire-ammo\/#breadcrumb"},"inLanguage":"pt-PT","potentialAction":[{"@type":"ReadAction","target":["https:\/\/www.bulkammunitionshop.com\/product\/500rds-of-cci-stinger-rimfire-ammo\/"]}]},{"@type":"ImageObject","inLanguage":"pt-PT","@id":"https:\/\/www.bulkammunitionshop.com\/product\/500rds-of-cci-stinger-rimfire-ammo\/#primaryimage","url":"https:\/\/www.bulkammunitionshop.com\/wp-content\/uploads\/2022\/05\/download-5-600x504-1.png","contentUrl":"https:\/\/www.bulkammunitionshop.com\/wp-content\/uploads\/2022\/05\/download-5-600x504-1.png","width":600,"height":504},{"@type":"BreadcrumbList","@id":"https:\/\/www.bulkammunitionshop.com\/product\/500rds-of-cci-stinger-rimfire-ammo\/#breadcrumb","itemListElement":[{"@type":"ListItem","position":1,"name":"Home","item":"https:\/\/www.bulkammunitionshop.com\/"},{"@type":"ListItem","position":2,"name":"SHOP ALL","item":"https:\/\/www.bulkammunitionshop.com\/shop-all\/"},{"@type":"ListItem","position":3,"name":"500rds of CCI Stinger Rimfire Ammo"}]},{"@type":"WebSite","@id":"https:\/\/www.bulkammunitionshop.com\/#website","url":"https:\/\/www.bulkammunitionshop.com\/","name":"Loja de muni\u00e7\u00e3o a granel","description":"Compre muni\u00e7\u00e3o a granel barata online - Muni\u00e7\u00e3o a granel \u00e0 venda - Muni\u00e7\u00e3o barata online","potentialAction":[{"@type":"SearchAction","target":{"@type":"EntryPoint","urlTemplate":"https:\/\/www.bulkammunitionshop.com\/?s={search_term_string}"},"query-input":{"@type":"PropertyValueSpecification","valueRequired":true,"valueName":"search_term_string"}}],"inLanguage":"pt-PT"}]}},"jetpack_sharing_enabled":true,"_links":{"self":[{"href":"https:\/\/www.bulkammunitionshop.com\/pt\/wp-json\/wp\/v2\/product\/859","targetHints":{"allow":["GET"]}}],"collection":[{"href":"https:\/\/www.bulkammunitionshop.com\/pt\/wp-json\/wp\/v2\/product"}],"about":[{"href":"https:\/\/www.bulkammunitionshop.com\/pt\/wp-json\/wp\/v2\/types\/product"}],"replies":[{"embeddable":true,"href":"https:\/\/www.bulkammunitionshop.com\/pt\/wp-json\/wp\/v2\/comments?post=859"}],"wp:featuredmedia":[{"embeddable":true,"href":"https:\/\/www.bulkammunitionshop.com\/pt\/wp-json\/wp\/v2\/media\/574"}],"wp:attachment":[{"href":"https:\/\/www.bulkammunitionshop.com\/pt\/wp-json\/wp\/v2\/media?parent=859"}],"wp:term":[{"taxonomy":"product_brand","embeddable":true,"href":"https:\/\/www.bulkammunitionshop.com\/pt\/wp-json\/wp\/v2\/product_brand?post=859"},{"taxonomy":"product_cat","embeddable":true,"href":"https:\/\/www.bulkammunitionshop.com\/pt\/wp-json\/wp\/v2\/product_cat?post=859"},{"taxonomy":"product_tag","embeddable":true,"href":"https:\/\/www.bulkammunitionshop.com\/pt\/wp-json\/wp\/v2\/product_tag?post=859"}],"curies":[{"name":"wp","href":"https:\/\/api.w.org\/{rel}","templated":true}]}}