{"id":3105,"date":"2022-11-04T23:16:14","date_gmt":"2022-11-04T23:16:14","guid":{"rendered":"https:\/\/www.bulkammunitionshop.com\/?post_type=product&#038;p=3105"},"modified":"2022-11-04T23:16:14","modified_gmt":"2022-11-04T23:16:14","slug":"municao-para-pistola-de-fogo-central-de-chumbo-grosso-de-calibre-410-com-5-chumbinhos-de-defesa-pessoal-premium-federal-500-cartuchos","status":"publish","type":"product","link":"https:\/\/www.bulkammunitionshop.com\/pt\/produto\/municao-para-pistola-de-fogo-central-de-chumbo-grosso-de-calibre-410-com-5-chumbinhos-de-defesa-pessoal-premium-federal-500-cartuchos\/","title":{"rendered":"Muni\u00e7\u00e3o para pistola de fogo central, calibre .410, 5 chumbos, chumbo grosso, 500 cartuchos, para defesa pessoal premium federal"},"content":{"rendered":"<h1 class=\"sc_layouts_title_caption\">DEFESA PESSOAL PREMIUM FEDERAL <a href=\"https:\/\/www.bulkammunitionshop.com\/pt\/\">calibre .410<\/a> MUNI\u00c7\u00c3O PARA PISTOLA DE FOGO CENTRAL COM 5 CHUMBO DE CHUMBO 500 TIROS<\/h1>\n<h2>Descri\u00e7\u00e3o<\/h2>\n<div>A Muni\u00e7\u00e3o Federal Premium Personal Defense 410 para Pistola \u2013 Judge \u00e9 feita para atender \u00e0s suas necessidades de seguran\u00e7a e prote\u00e7\u00e3o pessoal. O sistema de carregamento apresenta um sistema de buchas no cano da arma. A muni\u00e7\u00e3o foi projetada para interromper imediatamente amea\u00e7as sem causar danos \u00e0 fam\u00edlia. Por se tratar de um sistema de defesa residencial, pesquisas extensas foram realizadas sobre a muni\u00e7\u00e3o. O proj\u00e9til, na verdade, melhora a funcionalidade da arma de fogo e evita falhas e travamentos. Esses cartuchos funcionam melhor com o Judge, mas tamb\u00e9m s\u00e3o compat\u00edveis com o S&amp;W Governor.<\/div>\n<div><\/div>\n<h2>ESPECIFICA\u00c7\u00d5ES<\/h2>\n<div>Especifica\u00e7\u00f5es para muni\u00e7\u00e3o para pistola Federal Premium Personal Defense 410, calibre 410, 5 chumbinhos, chumbo revestido de cobre:<\/div>\n<div>Fabricante: Federal Premium<\/div>\n<div>Calibre: .410<\/div>\n<div>N\u00famero de rodadas: 500<\/div>\n<div>Comprimento da concha: 3 pol.<\/div>\n<div>Velocidade inicial: 775 p\u00e9s\/s<\/div>\n<div>Acess\u00f3rios inclu\u00eddos: Padr\u00e3o<\/div>\n<div>Aplica\u00e7\u00e3o: Defesa Pessoal<\/div>\n<div>Tamanho do tiro: 000 Buck<\/div>\n<div>Material do tiro: chumbo banhado a cobre<\/div>\n<div>Estilo de primer: fogo central<\/div>\n<div>Contagem de chumbo de espingarda: 5<\/div>\n<div>Sem chumbo: N\u00e3o<\/div>\n<div>Tipo de bala: chumbo grosso<\/div>\n<div>Cartucho: calibre .410<\/div>\n<div><\/div>\n<h2>CARACTER\u00cdSTICAS<\/h2>\n<div>Caracter\u00edsticas da muni\u00e7\u00e3o para pistola Federal Premium Personal Defense 410, calibre 410, 5 chumbinhos, chumbo revestido de cobre<\/div>\n<div>Excelentes padr\u00f5es de defesa pessoal e dom\u00e9stica<\/div>\n<div>Entrega de alta energia<\/div>\n<div>Cabe\u00e7as especiais de lat\u00e3o garantem uma extra\u00e7\u00e3o suave<\/div>\n<div><\/div>\n<h2>CONTE\u00daDO DA EMBALAGEM<\/h2>\n<div>Conte\u00fado da embalagem:<\/div>\n<div>Pistola Federal Premium Personal Defense 410, calibre 410, 5 chumbinhos, muni\u00e7\u00e3o de chumbo revestido de cobre<\/div>","protected":false},"excerpt":{"rendered":"<p>Este produto est\u00e1 em estoque e pronto para envio. 100% - Envio r\u00e1pido garantido. Fa\u00e7a seu pedido agora!<\/p>\n<form class=\"cart\" action=\"https:\/\/armoryweapons.com\/product\/federal-premium-personal-defense-410-bore-5-pellet-lead-buckshot-centerfire-pistol-ammunition-500-rounds-2\/\" enctype=\"multipart\/form-data\" method=\"post\">\n<div class=\"quantity buttons_added\"><\/div>\n<\/form>","protected":false},"featured_media":3106,"comment_status":"open","ping_status":"closed","template":"","meta":[],"product_brand":[],"product_cat":[282,119],"product_tag":[],"class_list":{"0":"post-3105","1":"product","2":"type-product","3":"status-publish","4":"has-post-thumbnail","6":"product_cat-410-ammo","7":"product_cat-shotgun-ammo","9":"first","10":"instock","11":"taxable","12":"shipping-taxable","13":"purchasable","14":"product-type-simple"},"yoast_head":"<!-- This site is optimized with the Yoast SEO Premium plugin v24.6 (Yoast SEO v25.7) - https:\/\/yoast.com\/wordpress\/plugins\/seo\/ -->\n<title>FEDERAL PREMIUM PERSONAL DEFENSE .410 BORE 5 PELLET LEAD BUCKSHOT CENTERFIRE PISTOL AMMUNITION 500 ROUNDS - Bulk Ammunition shop<\/title>\n<meta name=\"robots\" content=\"index, follow, max-snippet:-1, max-image-preview:large, max-video-preview:-1\" \/>\n<link rel=\"canonical\" href=\"https:\/\/www.bulkammunitionshop.com\/pt\/produto\/municao-para-pistola-de-fogo-central-de-chumbo-grosso-de-calibre-410-com-5-chumbinhos-de-defesa-pessoal-premium-federal-500-cartuchos\/\" \/>\n<meta property=\"og:locale\" content=\"pt_PT\" \/>\n<meta property=\"og:type\" content=\"article\" \/>\n<meta property=\"og:title\" content=\"FEDERAL PREMIUM PERSONAL DEFENSE .410 BORE 5 PELLET LEAD BUCKSHOT CENTERFIRE PISTOL AMMUNITION 500 ROUNDS\" \/>\n<meta property=\"og:description\" content=\"This Product Is In Stock and Ready to Ship. 100% Fast Shipping Guaranteed. Place your Order Now!\" \/>\n<meta property=\"og:url\" content=\"https:\/\/www.bulkammunitionshop.com\/pt\/produto\/municao-para-pistola-de-fogo-central-de-chumbo-grosso-de-calibre-410-com-5-chumbinhos-de-defesa-pessoal-premium-federal-500-cartuchos\/\" \/>\n<meta property=\"og:site_name\" content=\"Bulk Ammunition shop\" \/>\n<meta property=\"og:image\" content=\"http:\/\/www.bulkammunitionshop.com\/wp-content\/uploads\/2022\/11\/FEDERAL-PREMIUM-PERSONAL-DEFENSE-.410-BORE-5-PELLET-LEAD-BUCKSHOT-CENTERFIRE-PISTOL-AMMUNITION-500-ROUNDS-510x287-1.jpg\" \/>\n\t<meta property=\"og:image:width\" content=\"510\" \/>\n\t<meta property=\"og:image:height\" content=\"287\" \/>\n\t<meta property=\"og:image:type\" content=\"image\/jpeg\" \/>\n<meta name=\"twitter:card\" content=\"summary_large_image\" \/>\n<meta name=\"twitter:label1\" content=\"Tempo estimado de leitura\" \/>\n\t<meta name=\"twitter:data1\" content=\"1 minuto\" \/>\n<script type=\"application\/ld+json\" class=\"yoast-schema-graph\">{\"@context\":\"https:\/\/schema.org\",\"@graph\":[{\"@type\":\"WebPage\",\"@id\":\"https:\/\/www.bulkammunitionshop.com\/product\/federal-premium-personal-defense-410-bore-5-pellet-lead-buckshot-centerfire-pistol-ammunition-500-rounds\/\",\"url\":\"https:\/\/www.bulkammunitionshop.com\/product\/federal-premium-personal-defense-410-bore-5-pellet-lead-buckshot-centerfire-pistol-ammunition-500-rounds\/\",\"name\":\"FEDERAL PREMIUM PERSONAL DEFENSE .410 BORE 5 PELLET LEAD BUCKSHOT CENTERFIRE PISTOL AMMUNITION 500 ROUNDS - Bulk Ammunition shop\",\"isPartOf\":{\"@id\":\"https:\/\/www.bulkammunitionshop.com\/#website\"},\"primaryImageOfPage\":{\"@id\":\"https:\/\/www.bulkammunitionshop.com\/product\/federal-premium-personal-defense-410-bore-5-pellet-lead-buckshot-centerfire-pistol-ammunition-500-rounds\/#primaryimage\"},\"image\":{\"@id\":\"https:\/\/www.bulkammunitionshop.com\/product\/federal-premium-personal-defense-410-bore-5-pellet-lead-buckshot-centerfire-pistol-ammunition-500-rounds\/#primaryimage\"},\"thumbnailUrl\":\"https:\/\/www.bulkammunitionshop.com\/wp-content\/uploads\/2022\/11\/FEDERAL-PREMIUM-PERSONAL-DEFENSE-.410-BORE-5-PELLET-LEAD-BUCKSHOT-CENTERFIRE-PISTOL-AMMUNITION-500-ROUNDS-510x287-1.jpg\",\"datePublished\":\"2022-11-04T23:16:14+00:00\",\"breadcrumb\":{\"@id\":\"https:\/\/www.bulkammunitionshop.com\/product\/federal-premium-personal-defense-410-bore-5-pellet-lead-buckshot-centerfire-pistol-ammunition-500-rounds\/#breadcrumb\"},\"inLanguage\":\"pt-PT\",\"potentialAction\":[{\"@type\":\"ReadAction\",\"target\":[\"https:\/\/www.bulkammunitionshop.com\/product\/federal-premium-personal-defense-410-bore-5-pellet-lead-buckshot-centerfire-pistol-ammunition-500-rounds\/\"]}]},{\"@type\":\"ImageObject\",\"inLanguage\":\"pt-PT\",\"@id\":\"https:\/\/www.bulkammunitionshop.com\/product\/federal-premium-personal-defense-410-bore-5-pellet-lead-buckshot-centerfire-pistol-ammunition-500-rounds\/#primaryimage\",\"url\":\"https:\/\/www.bulkammunitionshop.com\/wp-content\/uploads\/2022\/11\/FEDERAL-PREMIUM-PERSONAL-DEFENSE-.410-BORE-5-PELLET-LEAD-BUCKSHOT-CENTERFIRE-PISTOL-AMMUNITION-500-ROUNDS-510x287-1.jpg\",\"contentUrl\":\"https:\/\/www.bulkammunitionshop.com\/wp-content\/uploads\/2022\/11\/FEDERAL-PREMIUM-PERSONAL-DEFENSE-.410-BORE-5-PELLET-LEAD-BUCKSHOT-CENTERFIRE-PISTOL-AMMUNITION-500-ROUNDS-510x287-1.jpg\",\"width\":510,\"height\":287},{\"@type\":\"BreadcrumbList\",\"@id\":\"https:\/\/www.bulkammunitionshop.com\/product\/federal-premium-personal-defense-410-bore-5-pellet-lead-buckshot-centerfire-pistol-ammunition-500-rounds\/#breadcrumb\",\"itemListElement\":[{\"@type\":\"ListItem\",\"position\":1,\"name\":\"Home\",\"item\":\"https:\/\/www.bulkammunitionshop.com\/\"},{\"@type\":\"ListItem\",\"position\":2,\"name\":\"SHOP ALL\",\"item\":\"https:\/\/www.bulkammunitionshop.com\/shop-all\/\"},{\"@type\":\"ListItem\",\"position\":3,\"name\":\"FEDERAL PREMIUM PERSONAL DEFENSE .410 BORE 5 PELLET LEAD BUCKSHOT CENTERFIRE PISTOL AMMUNITION 500 ROUNDS\"}]},{\"@type\":\"WebSite\",\"@id\":\"https:\/\/www.bulkammunitionshop.com\/#website\",\"url\":\"https:\/\/www.bulkammunitionshop.com\/\",\"name\":\"Bulk Ammunition shop\",\"description\":\"Buy Cheap Bulk Ammo Online - Bulk Ammo for Sale- Cheap Ammo Online\",\"potentialAction\":[{\"@type\":\"SearchAction\",\"target\":{\"@type\":\"EntryPoint\",\"urlTemplate\":\"https:\/\/www.bulkammunitionshop.com\/?s={search_term_string}\"},\"query-input\":{\"@type\":\"PropertyValueSpecification\",\"valueRequired\":true,\"valueName\":\"search_term_string\"}}],\"inLanguage\":\"pt-PT\"}]}<\/script>\n<!-- \/ Yoast SEO Premium plugin. -->","yoast_head_json":{"title":"Muni\u00e7\u00e3o para pistola de fogo central, calibre .410, 500 cartuchos, para defesa pessoal premium federal - Loja de muni\u00e7\u00e3o a granel","robots":{"index":"index","follow":"follow","max-snippet":"max-snippet:-1","max-image-preview":"max-image-preview:large","max-video-preview":"max-video-preview:-1"},"canonical":"https:\/\/www.bulkammunitionshop.com\/pt\/produto\/municao-para-pistola-de-fogo-central-de-chumbo-grosso-de-calibre-410-com-5-chumbinhos-de-defesa-pessoal-premium-federal-500-cartuchos\/","og_locale":"pt_PT","og_type":"article","og_title":"FEDERAL PREMIUM PERSONAL DEFENSE .410 BORE 5 PELLET LEAD BUCKSHOT CENTERFIRE PISTOL AMMUNITION 500 ROUNDS","og_description":"This Product Is In Stock and Ready to Ship. 100% Fast Shipping Guaranteed. Place your Order Now!","og_url":"https:\/\/www.bulkammunitionshop.com\/pt\/produto\/municao-para-pistola-de-fogo-central-de-chumbo-grosso-de-calibre-410-com-5-chumbinhos-de-defesa-pessoal-premium-federal-500-cartuchos\/","og_site_name":"Bulk Ammunition shop","og_image":[{"width":510,"height":287,"url":"http:\/\/www.bulkammunitionshop.com\/wp-content\/uploads\/2022\/11\/FEDERAL-PREMIUM-PERSONAL-DEFENSE-.410-BORE-5-PELLET-LEAD-BUCKSHOT-CENTERFIRE-PISTOL-AMMUNITION-500-ROUNDS-510x287-1.jpg","type":"image\/jpeg"}],"twitter_card":"summary_large_image","twitter_misc":{"Tempo estimado de leitura":"1 minuto"},"schema":{"@context":"https:\/\/schema.org","@graph":[{"@type":"WebPage","@id":"https:\/\/www.bulkammunitionshop.com\/product\/federal-premium-personal-defense-410-bore-5-pellet-lead-buckshot-centerfire-pistol-ammunition-500-rounds\/","url":"https:\/\/www.bulkammunitionshop.com\/product\/federal-premium-personal-defense-410-bore-5-pellet-lead-buckshot-centerfire-pistol-ammunition-500-rounds\/","name":"Muni\u00e7\u00e3o para pistola de fogo central, calibre .410, 500 cartuchos, para defesa pessoal premium federal - Loja de muni\u00e7\u00e3o a granel","isPartOf":{"@id":"https:\/\/www.bulkammunitionshop.com\/#website"},"primaryImageOfPage":{"@id":"https:\/\/www.bulkammunitionshop.com\/product\/federal-premium-personal-defense-410-bore-5-pellet-lead-buckshot-centerfire-pistol-ammunition-500-rounds\/#primaryimage"},"image":{"@id":"https:\/\/www.bulkammunitionshop.com\/product\/federal-premium-personal-defense-410-bore-5-pellet-lead-buckshot-centerfire-pistol-ammunition-500-rounds\/#primaryimage"},"thumbnailUrl":"https:\/\/www.bulkammunitionshop.com\/wp-content\/uploads\/2022\/11\/FEDERAL-PREMIUM-PERSONAL-DEFENSE-.410-BORE-5-PELLET-LEAD-BUCKSHOT-CENTERFIRE-PISTOL-AMMUNITION-500-ROUNDS-510x287-1.jpg","datePublished":"2022-11-04T23:16:14+00:00","breadcrumb":{"@id":"https:\/\/www.bulkammunitionshop.com\/product\/federal-premium-personal-defense-410-bore-5-pellet-lead-buckshot-centerfire-pistol-ammunition-500-rounds\/#breadcrumb"},"inLanguage":"pt-PT","potentialAction":[{"@type":"ReadAction","target":["https:\/\/www.bulkammunitionshop.com\/product\/federal-premium-personal-defense-410-bore-5-pellet-lead-buckshot-centerfire-pistol-ammunition-500-rounds\/"]}]},{"@type":"ImageObject","inLanguage":"pt-PT","@id":"https:\/\/www.bulkammunitionshop.com\/product\/federal-premium-personal-defense-410-bore-5-pellet-lead-buckshot-centerfire-pistol-ammunition-500-rounds\/#primaryimage","url":"https:\/\/www.bulkammunitionshop.com\/wp-content\/uploads\/2022\/11\/FEDERAL-PREMIUM-PERSONAL-DEFENSE-.410-BORE-5-PELLET-LEAD-BUCKSHOT-CENTERFIRE-PISTOL-AMMUNITION-500-ROUNDS-510x287-1.jpg","contentUrl":"https:\/\/www.bulkammunitionshop.com\/wp-content\/uploads\/2022\/11\/FEDERAL-PREMIUM-PERSONAL-DEFENSE-.410-BORE-5-PELLET-LEAD-BUCKSHOT-CENTERFIRE-PISTOL-AMMUNITION-500-ROUNDS-510x287-1.jpg","width":510,"height":287},{"@type":"BreadcrumbList","@id":"https:\/\/www.bulkammunitionshop.com\/product\/federal-premium-personal-defense-410-bore-5-pellet-lead-buckshot-centerfire-pistol-ammunition-500-rounds\/#breadcrumb","itemListElement":[{"@type":"ListItem","position":1,"name":"Home","item":"https:\/\/www.bulkammunitionshop.com\/"},{"@type":"ListItem","position":2,"name":"SHOP ALL","item":"https:\/\/www.bulkammunitionshop.com\/shop-all\/"},{"@type":"ListItem","position":3,"name":"FEDERAL PREMIUM PERSONAL DEFENSE .410 BORE 5 PELLET LEAD BUCKSHOT CENTERFIRE PISTOL AMMUNITION 500 ROUNDS"}]},{"@type":"WebSite","@id":"https:\/\/www.bulkammunitionshop.com\/#website","url":"https:\/\/www.bulkammunitionshop.com\/","name":"Loja de muni\u00e7\u00e3o a granel","description":"Compre muni\u00e7\u00e3o a granel barata online - Muni\u00e7\u00e3o a granel \u00e0 venda - Muni\u00e7\u00e3o barata online","potentialAction":[{"@type":"SearchAction","target":{"@type":"EntryPoint","urlTemplate":"https:\/\/www.bulkammunitionshop.com\/?s={search_term_string}"},"query-input":{"@type":"PropertyValueSpecification","valueRequired":true,"valueName":"search_term_string"}}],"inLanguage":"pt-PT"}]}},"jetpack_sharing_enabled":true,"_links":{"self":[{"href":"https:\/\/www.bulkammunitionshop.com\/pt\/wp-json\/wp\/v2\/product\/3105","targetHints":{"allow":["GET"]}}],"collection":[{"href":"https:\/\/www.bulkammunitionshop.com\/pt\/wp-json\/wp\/v2\/product"}],"about":[{"href":"https:\/\/www.bulkammunitionshop.com\/pt\/wp-json\/wp\/v2\/types\/product"}],"replies":[{"embeddable":true,"href":"https:\/\/www.bulkammunitionshop.com\/pt\/wp-json\/wp\/v2\/comments?post=3105"}],"wp:featuredmedia":[{"embeddable":true,"href":"https:\/\/www.bulkammunitionshop.com\/pt\/wp-json\/wp\/v2\/media\/3106"}],"wp:attachment":[{"href":"https:\/\/www.bulkammunitionshop.com\/pt\/wp-json\/wp\/v2\/media?parent=3105"}],"wp:term":[{"taxonomy":"product_brand","embeddable":true,"href":"https:\/\/www.bulkammunitionshop.com\/pt\/wp-json\/wp\/v2\/product_brand?post=3105"},{"taxonomy":"product_cat","embeddable":true,"href":"https:\/\/www.bulkammunitionshop.com\/pt\/wp-json\/wp\/v2\/product_cat?post=3105"},{"taxonomy":"product_tag","embeddable":true,"href":"https:\/\/www.bulkammunitionshop.com\/pt\/wp-json\/wp\/v2\/product_tag?post=3105"}],"curies":[{"name":"wp","href":"https:\/\/api.w.org\/{rel}","templated":true}]}}