{"id":2214,"date":"2022-06-30T22:41:31","date_gmt":"2022-06-30T22:41:31","guid":{"rendered":"https:\/\/www.bulkammunitionshop.com\/?post_type=product&#038;p=2214"},"modified":"2022-06-30T22:41:31","modified_gmt":"2022-06-30T22:41:31","slug":"hornady-match-338-lapua-magnum-285-grain-extremely-low-drag-match-250-rounds","status":"publish","type":"product","link":"https:\/\/www.bulkammunitionshop.com\/pt\/produto\/hornady-match-338-lapua-magnum-285-grain-extremely-low-drag-match-250-rounds\/","title":{"rendered":"HORNADY MATCH .338 LAPUA MAGNUM 285 GRAIN EXTREMELY LOW DRAG MATCH 250 ROUNDS"},"content":{"rendered":"<table class=\"spec-table\" border=\"0\" cellspacing=\"0\" cellpadding=\"0\">\n<tbody>\n<tr>\n<td class=\"spec-left-column\">Calibre:<\/td>\n<td width=\"50%\">.338 Lapua Magnum<\/td>\n<\/tr>\n<tr>\n<td class=\"spec-left-column\">N\u00famero de rodadas:<\/td>\n<td width=\"50%\">250<\/td>\n<\/tr>\n<tr>\n<td class=\"spec-left-column\">Tipo de bala:<\/td>\n<td width=\"50%\">Extremely Low Drag Match (ELD Match)<\/td>\n<\/tr>\n<tr>\n<td class=\"spec-left-column\">Peso da bala:<\/td>\n<td width=\"50%\">285 grain<\/td>\n<\/tr>\n<tr>\n<td class=\"spec-left-column\">Material da caixa do cartucho:<\/td>\n<td width=\"50%\">Lat\u00e3o<\/td>\n<\/tr>\n<tr>\n<td class=\"spec-left-column\">Velocidade inicial:<\/td>\n<td width=\"50%\">2745 ft\/s<\/td>\n<\/tr>\n<tr>\n<td class=\"spec-left-column\">Tipo de pacote:<\/td>\n<td width=\"50%\">Caixa<\/td>\n<\/tr>\n<tr>\n<td class=\"spec-left-column\">Localiza\u00e7\u00e3o do Primer:<\/td>\n<td width=\"50%\">Fogo central<\/td>\n<\/tr>\n<tr>\n<td class=\"spec-left-column\">Densidade seccional:<\/td>\n<td width=\"50%\">0.356<\/td>\n<\/tr>\n<tr>\n<td class=\"spec-left-column\">Energia do cano:<\/td>\n<td width=\"50%\">4768 ft-lbs<\/td>\n<\/tr>\n<tr>\n<td class=\"spec-left-column\">Coeficiente Bal\u00edstico G1:<\/td>\n<td width=\"50%\">0.789<\/td>\n<\/tr>\n<tr>\n<td class=\"spec-left-column\">Aplicativo:<\/td>\n<td width=\"50%\">Match, Target<\/td>\n<\/tr>\n<tr>\n<td class=\"spec-left-column\">G7 Ballistic Coefficient:<\/td>\n<td width=\"50%\">0.394<\/td>\n<\/tr>\n<\/tbody>\n<\/table>\n<p>&nbsp;<\/p>","protected":false},"excerpt":{"rendered":"<h3>FEATURES OF HORNADY MATCH .338 LAPUA MAGNUM 285 GRAIN EXTREMELY LOW DRAG MATCH CENTERFIRE RIFLE AMMUNITION:<\/h3>\n<ul>\n<li><strong>The Perfect Tip!:<\/strong>\u00a0The Heat Shield tip on the ELD Match bullet creates the perfect meplat and outperforms BTHP bullets.<\/li>\n<li><strong>Hornady Match Bullets:<\/strong>\u00a0Hornady Match rifle ammunition is loaded with the most accurate, consistent match bullets in the world, featuring our AMP bullet jackets.<\/li>\n<li><strong>Specially Selected Cases:<\/strong>\u00a0Cases are carefully selected based on strict criteria: wall thickness uniformity, internal capacity, case weight and consistent wall concentricity.<\/li>\n<li><strong>Carefully Matched Powder:<\/strong>\u00a0Powder is matched carefully to each specific load for optimal pressure, velocity and consistent accuracy.<\/li>\n<li><strong>Stringent Quality Control:<\/strong>\u00a0With extremely tight tolerances and strict quality control, all Hornady Match ammunition features superior lot-to-lot consistency. From the bullet seating to the optimal charges and velocities, Hornady Match ammunition is designed to live up to company founder, J.W. Hornady\u2019s original goal: \u201cTen bullets through one hole.\u201d<\/li>\n<\/ul>","protected":false},"featured_media":2216,"comment_status":"open","ping_status":"closed","template":"","meta":[],"product_brand":[],"product_cat":[251,121],"product_tag":[],"class_list":{"0":"post-2214","1":"product","2":"type-product","3":"status-publish","4":"has-post-thumbnail","6":"product_cat-338-lapua","7":"product_cat-rifle-ammo","9":"first","10":"instock","11":"taxable","12":"shipping-taxable","13":"purchasable","14":"product-type-simple"},"yoast_head":"<!-- This site is optimized with the Yoast SEO Premium plugin v24.6 (Yoast SEO v25.7) - https:\/\/yoast.com\/wordpress\/plugins\/seo\/ -->\n<title>HORNADY MATCH .338 LAPUA MAGNUM 285 GRAIN EXTREMELY LOW DRAG MATCH 250 ROUNDS - Bulk Ammunition shop<\/title>\n<meta name=\"robots\" content=\"index, follow, max-snippet:-1, max-image-preview:large, max-video-preview:-1\" \/>\n<link rel=\"canonical\" href=\"https:\/\/www.bulkammunitionshop.com\/pt\/produto\/hornady-match-338-lapua-magnum-285-grain-extremely-low-drag-match-250-rounds\/\" \/>\n<meta property=\"og:locale\" content=\"pt_PT\" \/>\n<meta property=\"og:type\" content=\"article\" \/>\n<meta property=\"og:title\" content=\"HORNADY MATCH .338 LAPUA MAGNUM 285 GRAIN EXTREMELY LOW DRAG MATCH 250 ROUNDS\" \/>\n<meta property=\"og:description\" content=\"FEATURES OF HORNADY MATCH .338 LAPUA MAGNUM 285 GRAIN EXTREMELY LOW DRAG MATCH CENTERFIRE RIFLE AMMUNITION:   The Perfect Tip!:\u00a0The Heat Shield tip on the ELD Match bullet creates the perfect meplat and outperforms BTHP bullets.  Hornady Match Bullets:\u00a0Hornady Match rifle ammunition is loaded with the most accurate, consistent match bullets in the world, featuring our AMP bullet jackets.  Specially Selected Cases:\u00a0Cases are carefully selected based on strict criteria: wall thickness uniformity, internal capacity, case weight and consistent wall concentricity.  Carefully Matched Powder:\u00a0Powder is matched carefully to each specific load for optimal pressure, velocity and consistent accuracy.  Stringent Quality Control:\u00a0With extremely tight tolerances and strict quality control, all Hornady Match ammunition features superior lot-to-lot consistency. From the bullet seating to the optimal charges and velocities, Hornady Match ammunition is designed to live up to company founder, J.W. Hornady\u2019s original goal: \u201cTen bullets through one hole.\u201d\" \/>\n<meta property=\"og:url\" content=\"https:\/\/www.bulkammunitionshop.com\/pt\/produto\/hornady-match-338-lapua-magnum-285-grain-extremely-low-drag-match-250-rounds\/\" \/>\n<meta property=\"og:site_name\" content=\"Bulk Ammunition shop\" \/>\n<meta property=\"og:image\" content=\"http:\/\/www.bulkammunitionshop.com\/wp-content\/uploads\/2022\/06\/opplanet-hornady-ammo-338-lapua-mag-285gr-eld-match-20-82300.jpg\" \/>\n\t<meta property=\"og:image:width\" content=\"978\" \/>\n\t<meta property=\"og:image:height\" content=\"550\" \/>\n\t<meta property=\"og:image:type\" content=\"image\/jpeg\" \/>\n<meta name=\"twitter:card\" content=\"summary_large_image\" \/>\n<meta name=\"twitter:label1\" content=\"Tempo estimado de leitura\" \/>\n\t<meta name=\"twitter:data1\" content=\"1 minuto\" \/>\n<script type=\"application\/ld+json\" class=\"yoast-schema-graph\">{\"@context\":\"https:\/\/schema.org\",\"@graph\":[{\"@type\":\"WebPage\",\"@id\":\"https:\/\/www.bulkammunitionshop.com\/product\/hornady-match-338-lapua-magnum-285-grain-extremely-low-drag-match-250-rounds\/\",\"url\":\"https:\/\/www.bulkammunitionshop.com\/product\/hornady-match-338-lapua-magnum-285-grain-extremely-low-drag-match-250-rounds\/\",\"name\":\"HORNADY MATCH .338 LAPUA MAGNUM 285 GRAIN EXTREMELY LOW DRAG MATCH 250 ROUNDS - Bulk Ammunition shop\",\"isPartOf\":{\"@id\":\"https:\/\/www.bulkammunitionshop.com\/#website\"},\"primaryImageOfPage\":{\"@id\":\"https:\/\/www.bulkammunitionshop.com\/product\/hornady-match-338-lapua-magnum-285-grain-extremely-low-drag-match-250-rounds\/#primaryimage\"},\"image\":{\"@id\":\"https:\/\/www.bulkammunitionshop.com\/product\/hornady-match-338-lapua-magnum-285-grain-extremely-low-drag-match-250-rounds\/#primaryimage\"},\"thumbnailUrl\":\"https:\/\/www.bulkammunitionshop.com\/wp-content\/uploads\/2022\/06\/opplanet-hornady-ammo-338-lapua-mag-285gr-eld-match-20-82300.jpg\",\"datePublished\":\"2022-06-30T22:41:31+00:00\",\"breadcrumb\":{\"@id\":\"https:\/\/www.bulkammunitionshop.com\/product\/hornady-match-338-lapua-magnum-285-grain-extremely-low-drag-match-250-rounds\/#breadcrumb\"},\"inLanguage\":\"pt-PT\",\"potentialAction\":[{\"@type\":\"ReadAction\",\"target\":[\"https:\/\/www.bulkammunitionshop.com\/product\/hornady-match-338-lapua-magnum-285-grain-extremely-low-drag-match-250-rounds\/\"]}]},{\"@type\":\"ImageObject\",\"inLanguage\":\"pt-PT\",\"@id\":\"https:\/\/www.bulkammunitionshop.com\/product\/hornady-match-338-lapua-magnum-285-grain-extremely-low-drag-match-250-rounds\/#primaryimage\",\"url\":\"https:\/\/www.bulkammunitionshop.com\/wp-content\/uploads\/2022\/06\/opplanet-hornady-ammo-338-lapua-mag-285gr-eld-match-20-82300.jpg\",\"contentUrl\":\"https:\/\/www.bulkammunitionshop.com\/wp-content\/uploads\/2022\/06\/opplanet-hornady-ammo-338-lapua-mag-285gr-eld-match-20-82300.jpg\",\"width\":978,\"height\":550},{\"@type\":\"BreadcrumbList\",\"@id\":\"https:\/\/www.bulkammunitionshop.com\/product\/hornady-match-338-lapua-magnum-285-grain-extremely-low-drag-match-250-rounds\/#breadcrumb\",\"itemListElement\":[{\"@type\":\"ListItem\",\"position\":1,\"name\":\"Home\",\"item\":\"https:\/\/www.bulkammunitionshop.com\/\"},{\"@type\":\"ListItem\",\"position\":2,\"name\":\"SHOP ALL\",\"item\":\"https:\/\/www.bulkammunitionshop.com\/shop-all\/\"},{\"@type\":\"ListItem\",\"position\":3,\"name\":\"HORNADY MATCH .338 LAPUA MAGNUM 285 GRAIN EXTREMELY LOW DRAG MATCH 250 ROUNDS\"}]},{\"@type\":\"WebSite\",\"@id\":\"https:\/\/www.bulkammunitionshop.com\/#website\",\"url\":\"https:\/\/www.bulkammunitionshop.com\/\",\"name\":\"Bulk Ammunition shop\",\"description\":\"Buy Cheap Bulk Ammo Online - Bulk Ammo for Sale- Cheap Ammo Online\",\"potentialAction\":[{\"@type\":\"SearchAction\",\"target\":{\"@type\":\"EntryPoint\",\"urlTemplate\":\"https:\/\/www.bulkammunitionshop.com\/?s={search_term_string}\"},\"query-input\":{\"@type\":\"PropertyValueSpecification\",\"valueRequired\":true,\"valueName\":\"search_term_string\"}}],\"inLanguage\":\"pt-PT\"}]}<\/script>\n<!-- \/ Yoast SEO Premium plugin. -->","yoast_head_json":{"title":"HORNADY MATCH .338 LAPUA MAGNUM 285 GRAIN EXTREMELY LOW DRAG MATCH 250 ROUNDS - Bulk Ammunition shop","robots":{"index":"index","follow":"follow","max-snippet":"max-snippet:-1","max-image-preview":"max-image-preview:large","max-video-preview":"max-video-preview:-1"},"canonical":"https:\/\/www.bulkammunitionshop.com\/pt\/produto\/hornady-match-338-lapua-magnum-285-grain-extremely-low-drag-match-250-rounds\/","og_locale":"pt_PT","og_type":"article","og_title":"HORNADY MATCH .338 LAPUA MAGNUM 285 GRAIN EXTREMELY LOW DRAG MATCH 250 ROUNDS","og_description":"FEATURES OF HORNADY MATCH .338 LAPUA MAGNUM 285 GRAIN EXTREMELY LOW DRAG MATCH CENTERFIRE RIFLE AMMUNITION:   The Perfect Tip!:\u00a0The Heat Shield tip on the ELD Match bullet creates the perfect meplat and outperforms BTHP bullets.  Hornady Match Bullets:\u00a0Hornady Match rifle ammunition is loaded with the most accurate, consistent match bullets in the world, featuring our AMP bullet jackets.  Specially Selected Cases:\u00a0Cases are carefully selected based on strict criteria: wall thickness uniformity, internal capacity, case weight and consistent wall concentricity.  Carefully Matched Powder:\u00a0Powder is matched carefully to each specific load for optimal pressure, velocity and consistent accuracy.  Stringent Quality Control:\u00a0With extremely tight tolerances and strict quality control, all Hornady Match ammunition features superior lot-to-lot consistency. From the bullet seating to the optimal charges and velocities, Hornady Match ammunition is designed to live up to company founder, J.W. Hornady\u2019s original goal: \u201cTen bullets through one hole.\u201d","og_url":"https:\/\/www.bulkammunitionshop.com\/pt\/produto\/hornady-match-338-lapua-magnum-285-grain-extremely-low-drag-match-250-rounds\/","og_site_name":"Bulk Ammunition shop","og_image":[{"width":978,"height":550,"url":"http:\/\/www.bulkammunitionshop.com\/wp-content\/uploads\/2022\/06\/opplanet-hornady-ammo-338-lapua-mag-285gr-eld-match-20-82300.jpg","type":"image\/jpeg"}],"twitter_card":"summary_large_image","twitter_misc":{"Tempo estimado de leitura":"1 minuto"},"schema":{"@context":"https:\/\/schema.org","@graph":[{"@type":"WebPage","@id":"https:\/\/www.bulkammunitionshop.com\/product\/hornady-match-338-lapua-magnum-285-grain-extremely-low-drag-match-250-rounds\/","url":"https:\/\/www.bulkammunitionshop.com\/product\/hornady-match-338-lapua-magnum-285-grain-extremely-low-drag-match-250-rounds\/","name":"HORNADY MATCH .338 LAPUA MAGNUM 285 GRAIN EXTREMELY LOW DRAG MATCH 250 ROUNDS - Bulk Ammunition shop","isPartOf":{"@id":"https:\/\/www.bulkammunitionshop.com\/#website"},"primaryImageOfPage":{"@id":"https:\/\/www.bulkammunitionshop.com\/product\/hornady-match-338-lapua-magnum-285-grain-extremely-low-drag-match-250-rounds\/#primaryimage"},"image":{"@id":"https:\/\/www.bulkammunitionshop.com\/product\/hornady-match-338-lapua-magnum-285-grain-extremely-low-drag-match-250-rounds\/#primaryimage"},"thumbnailUrl":"https:\/\/www.bulkammunitionshop.com\/wp-content\/uploads\/2022\/06\/opplanet-hornady-ammo-338-lapua-mag-285gr-eld-match-20-82300.jpg","datePublished":"2022-06-30T22:41:31+00:00","breadcrumb":{"@id":"https:\/\/www.bulkammunitionshop.com\/product\/hornady-match-338-lapua-magnum-285-grain-extremely-low-drag-match-250-rounds\/#breadcrumb"},"inLanguage":"pt-PT","potentialAction":[{"@type":"ReadAction","target":["https:\/\/www.bulkammunitionshop.com\/product\/hornady-match-338-lapua-magnum-285-grain-extremely-low-drag-match-250-rounds\/"]}]},{"@type":"ImageObject","inLanguage":"pt-PT","@id":"https:\/\/www.bulkammunitionshop.com\/product\/hornady-match-338-lapua-magnum-285-grain-extremely-low-drag-match-250-rounds\/#primaryimage","url":"https:\/\/www.bulkammunitionshop.com\/wp-content\/uploads\/2022\/06\/opplanet-hornady-ammo-338-lapua-mag-285gr-eld-match-20-82300.jpg","contentUrl":"https:\/\/www.bulkammunitionshop.com\/wp-content\/uploads\/2022\/06\/opplanet-hornady-ammo-338-lapua-mag-285gr-eld-match-20-82300.jpg","width":978,"height":550},{"@type":"BreadcrumbList","@id":"https:\/\/www.bulkammunitionshop.com\/product\/hornady-match-338-lapua-magnum-285-grain-extremely-low-drag-match-250-rounds\/#breadcrumb","itemListElement":[{"@type":"ListItem","position":1,"name":"Home","item":"https:\/\/www.bulkammunitionshop.com\/"},{"@type":"ListItem","position":2,"name":"SHOP ALL","item":"https:\/\/www.bulkammunitionshop.com\/shop-all\/"},{"@type":"ListItem","position":3,"name":"HORNADY MATCH .338 LAPUA MAGNUM 285 GRAIN EXTREMELY LOW DRAG MATCH 250 ROUNDS"}]},{"@type":"WebSite","@id":"https:\/\/www.bulkammunitionshop.com\/#website","url":"https:\/\/www.bulkammunitionshop.com\/","name":"Loja de muni\u00e7\u00e3o a granel","description":"Compre muni\u00e7\u00e3o a granel barata online - Muni\u00e7\u00e3o a granel \u00e0 venda - Muni\u00e7\u00e3o barata online","potentialAction":[{"@type":"SearchAction","target":{"@type":"EntryPoint","urlTemplate":"https:\/\/www.bulkammunitionshop.com\/?s={search_term_string}"},"query-input":{"@type":"PropertyValueSpecification","valueRequired":true,"valueName":"search_term_string"}}],"inLanguage":"pt-PT"}]}},"jetpack_sharing_enabled":true,"_links":{"self":[{"href":"https:\/\/www.bulkammunitionshop.com\/pt\/wp-json\/wp\/v2\/product\/2214","targetHints":{"allow":["GET"]}}],"collection":[{"href":"https:\/\/www.bulkammunitionshop.com\/pt\/wp-json\/wp\/v2\/product"}],"about":[{"href":"https:\/\/www.bulkammunitionshop.com\/pt\/wp-json\/wp\/v2\/types\/product"}],"replies":[{"embeddable":true,"href":"https:\/\/www.bulkammunitionshop.com\/pt\/wp-json\/wp\/v2\/comments?post=2214"}],"wp:featuredmedia":[{"embeddable":true,"href":"https:\/\/www.bulkammunitionshop.com\/pt\/wp-json\/wp\/v2\/media\/2216"}],"wp:attachment":[{"href":"https:\/\/www.bulkammunitionshop.com\/pt\/wp-json\/wp\/v2\/media?parent=2214"}],"wp:term":[{"taxonomy":"product_brand","embeddable":true,"href":"https:\/\/www.bulkammunitionshop.com\/pt\/wp-json\/wp\/v2\/product_brand?post=2214"},{"taxonomy":"product_cat","embeddable":true,"href":"https:\/\/www.bulkammunitionshop.com\/pt\/wp-json\/wp\/v2\/product_cat?post=2214"},{"taxonomy":"product_tag","embeddable":true,"href":"https:\/\/www.bulkammunitionshop.com\/pt\/wp-json\/wp\/v2\/product_tag?post=2214"}],"curies":[{"name":"wp","href":"https:\/\/api.w.org\/{rel}","templated":true}]}}