{"id":1557,"date":"2022-05-21T16:28:56","date_gmt":"2022-05-21T16:28:56","guid":{"rendered":"https:\/\/www.bulkammunitionshop.com\/?post_type=product&#038;p=1557"},"modified":"2022-05-21T16:29:24","modified_gmt":"2022-05-21T16:29:24","slug":"colt-python-elite-stainless-steel-357-mag","status":"publish","type":"product","link":"https:\/\/www.bulkammunitionshop.com\/pt\/produto\/colt-python-elite-stainless-steel-357-mag\/","title":{"rendered":"COLT PYTHON ELITE A\u00c7O INOXID\u00c1VEL 357 MAG"},"content":{"rendered":"<p>Colt Python Elite fitted with a 6 inch barrel, finger-groove laminite grips with Colt medallions, red-ramp front sight, white out-line adjustable rear sight, constructed in stainless steel . chambered in 357\u00a0 magnum . Made in 1982 comes with box and papers.<\/p>\n<p>Manufacturer: Colt<br \/>\nModel: Python<br \/>\nBarrel Length: 6\u201d<br \/>\nCondition: Excellent<br \/>\nBore Condition: Excellent<\/p>\n<p>&nbsp;<\/p>","protected":false},"excerpt":{"rendered":"<p>Colt Python Elite fitted with a 6 inch barrel, finger-groove laminite grips with Colt medallions, red-ramp front sight, white out-line adjustable rear sight, constructed in stainless steel . chambered in 357\u00a0 magnum . Made in 1982 comes with box and papers. Manufacturer: Colt Model: Python Barrel Length: 6\u201d Condition: Excellent Bore Condition: Excellent &nbsp;<\/p>","protected":false},"featured_media":1598,"comment_status":"open","ping_status":"closed","template":"","meta":[],"product_brand":[],"product_cat":[113,114],"product_tag":[],"class_list":{"0":"post-1557","1":"product","2":"type-product","3":"status-publish","4":"has-post-thumbnail","6":"product_cat-firearms","7":"product_cat-handguns","9":"first","10":"instock","11":"sale","12":"taxable","13":"shipping-taxable","14":"purchasable","15":"product-type-simple"},"yoast_head":"<!-- This site is optimized with the Yoast SEO Premium plugin v24.6 (Yoast SEO v25.7) - https:\/\/yoast.com\/wordpress\/plugins\/seo\/ -->\n<title>COLT PYTHON ELITE STAINLESS STEEL 357 MAG - Bulk Ammunition shop<\/title>\n<meta name=\"robots\" content=\"index, follow, max-snippet:-1, max-image-preview:large, max-video-preview:-1\" \/>\n<link rel=\"canonical\" href=\"https:\/\/www.bulkammunitionshop.com\/pt\/produto\/colt-python-elite-stainless-steel-357-mag\/\" \/>\n<meta property=\"og:locale\" content=\"pt_PT\" \/>\n<meta property=\"og:type\" content=\"article\" \/>\n<meta property=\"og:title\" content=\"COLT PYTHON ELITE STAINLESS STEEL 357 MAG\" \/>\n<meta property=\"og:description\" content=\"Colt Python Elite fitted with a 6 inch barrel, finger-groove laminite grips with Colt medallions, red-ramp front sight, white out-line adjustable rear sight, constructed in stainless steel . chambered in 357\u00a0 magnum . Made in 1982 comes with box and papers. Manufacturer: Colt Model: Python Barrel Length: 6\u201d Condition: Excellent Bore Condition: Excellent &nbsp;\" \/>\n<meta property=\"og:url\" content=\"https:\/\/www.bulkammunitionshop.com\/pt\/produto\/colt-python-elite-stainless-steel-357-mag\/\" \/>\n<meta property=\"og:site_name\" content=\"Bulk Ammunition shop\" \/>\n<meta property=\"article:modified_time\" content=\"2022-05-21T16:29:24+00:00\" \/>\n<meta property=\"og:image\" content=\"https:\/\/i0.wp.com\/www.bulkammunitionshop.com\/wp-content\/uploads\/2022\/05\/0f212ee5-ae54-445f-9f52-fd7108b558ee-1.jpg?fit=1600%2C1131&ssl=1\" \/>\n\t<meta property=\"og:image:width\" content=\"1600\" \/>\n\t<meta property=\"og:image:height\" content=\"1131\" \/>\n\t<meta property=\"og:image:type\" content=\"image\/jpeg\" \/>\n<meta name=\"twitter:card\" content=\"summary_large_image\" \/>\n<script type=\"application\/ld+json\" class=\"yoast-schema-graph\">{\"@context\":\"https:\/\/schema.org\",\"@graph\":[{\"@type\":\"WebPage\",\"@id\":\"https:\/\/www.bulkammunitionshop.com\/product\/colt-python-elite-stainless-steel-357-mag\/\",\"url\":\"https:\/\/www.bulkammunitionshop.com\/product\/colt-python-elite-stainless-steel-357-mag\/\",\"name\":\"COLT PYTHON ELITE STAINLESS STEEL 357 MAG - Bulk Ammunition shop\",\"isPartOf\":{\"@id\":\"https:\/\/www.bulkammunitionshop.com\/#website\"},\"primaryImageOfPage\":{\"@id\":\"https:\/\/www.bulkammunitionshop.com\/product\/colt-python-elite-stainless-steel-357-mag\/#primaryimage\"},\"image\":{\"@id\":\"https:\/\/www.bulkammunitionshop.com\/product\/colt-python-elite-stainless-steel-357-mag\/#primaryimage\"},\"thumbnailUrl\":\"https:\/\/www.bulkammunitionshop.com\/wp-content\/uploads\/2022\/05\/0f212ee5-ae54-445f-9f52-fd7108b558ee-1.jpg\",\"datePublished\":\"2022-05-21T16:28:56+00:00\",\"dateModified\":\"2022-05-21T16:29:24+00:00\",\"breadcrumb\":{\"@id\":\"https:\/\/www.bulkammunitionshop.com\/product\/colt-python-elite-stainless-steel-357-mag\/#breadcrumb\"},\"inLanguage\":\"pt-PT\",\"potentialAction\":[{\"@type\":\"ReadAction\",\"target\":[\"https:\/\/www.bulkammunitionshop.com\/product\/colt-python-elite-stainless-steel-357-mag\/\"]}]},{\"@type\":\"ImageObject\",\"inLanguage\":\"pt-PT\",\"@id\":\"https:\/\/www.bulkammunitionshop.com\/product\/colt-python-elite-stainless-steel-357-mag\/#primaryimage\",\"url\":\"https:\/\/www.bulkammunitionshop.com\/wp-content\/uploads\/2022\/05\/0f212ee5-ae54-445f-9f52-fd7108b558ee-1.jpg\",\"contentUrl\":\"https:\/\/www.bulkammunitionshop.com\/wp-content\/uploads\/2022\/05\/0f212ee5-ae54-445f-9f52-fd7108b558ee-1.jpg\",\"width\":1600,\"height\":1131},{\"@type\":\"BreadcrumbList\",\"@id\":\"https:\/\/www.bulkammunitionshop.com\/product\/colt-python-elite-stainless-steel-357-mag\/#breadcrumb\",\"itemListElement\":[{\"@type\":\"ListItem\",\"position\":1,\"name\":\"Home\",\"item\":\"https:\/\/www.bulkammunitionshop.com\/\"},{\"@type\":\"ListItem\",\"position\":2,\"name\":\"SHOP ALL\",\"item\":\"https:\/\/www.bulkammunitionshop.com\/shop-all\/\"},{\"@type\":\"ListItem\",\"position\":3,\"name\":\"COLT PYTHON ELITE STAINLESS STEEL 357 MAG\"}]},{\"@type\":\"WebSite\",\"@id\":\"https:\/\/www.bulkammunitionshop.com\/#website\",\"url\":\"https:\/\/www.bulkammunitionshop.com\/\",\"name\":\"Bulk Ammunition shop\",\"description\":\"Buy Cheap Bulk Ammo Online - Bulk Ammo for Sale- Cheap Ammo Online\",\"potentialAction\":[{\"@type\":\"SearchAction\",\"target\":{\"@type\":\"EntryPoint\",\"urlTemplate\":\"https:\/\/www.bulkammunitionshop.com\/?s={search_term_string}\"},\"query-input\":{\"@type\":\"PropertyValueSpecification\",\"valueRequired\":true,\"valueName\":\"search_term_string\"}}],\"inLanguage\":\"pt-PT\"}]}<\/script>\n<!-- \/ Yoast SEO Premium plugin. -->","yoast_head_json":{"title":"COLT PYTHON ELITE STAINLESS STEEL 357 MAG - Bulk Ammunition shop","robots":{"index":"index","follow":"follow","max-snippet":"max-snippet:-1","max-image-preview":"max-image-preview:large","max-video-preview":"max-video-preview:-1"},"canonical":"https:\/\/www.bulkammunitionshop.com\/pt\/produto\/colt-python-elite-stainless-steel-357-mag\/","og_locale":"pt_PT","og_type":"article","og_title":"COLT PYTHON ELITE STAINLESS STEEL 357 MAG","og_description":"Colt Python Elite fitted with a 6 inch barrel, finger-groove laminite grips with Colt medallions, red-ramp front sight, white out-line adjustable rear sight, constructed in stainless steel . chambered in 357\u00a0 magnum . Made in 1982 comes with box and papers. Manufacturer: Colt Model: Python Barrel Length: 6\u201d Condition: Excellent Bore Condition: Excellent &nbsp;","og_url":"https:\/\/www.bulkammunitionshop.com\/pt\/produto\/colt-python-elite-stainless-steel-357-mag\/","og_site_name":"Bulk Ammunition shop","article_modified_time":"2022-05-21T16:29:24+00:00","og_image":[{"width":1600,"height":1131,"url":"https:\/\/i0.wp.com\/www.bulkammunitionshop.com\/wp-content\/uploads\/2022\/05\/0f212ee5-ae54-445f-9f52-fd7108b558ee-1.jpg?fit=1600%2C1131&ssl=1","type":"image\/jpeg"}],"twitter_card":"summary_large_image","schema":{"@context":"https:\/\/schema.org","@graph":[{"@type":"WebPage","@id":"https:\/\/www.bulkammunitionshop.com\/product\/colt-python-elite-stainless-steel-357-mag\/","url":"https:\/\/www.bulkammunitionshop.com\/product\/colt-python-elite-stainless-steel-357-mag\/","name":"COLT PYTHON ELITE STAINLESS STEEL 357 MAG - Bulk Ammunition shop","isPartOf":{"@id":"https:\/\/www.bulkammunitionshop.com\/#website"},"primaryImageOfPage":{"@id":"https:\/\/www.bulkammunitionshop.com\/product\/colt-python-elite-stainless-steel-357-mag\/#primaryimage"},"image":{"@id":"https:\/\/www.bulkammunitionshop.com\/product\/colt-python-elite-stainless-steel-357-mag\/#primaryimage"},"thumbnailUrl":"https:\/\/www.bulkammunitionshop.com\/wp-content\/uploads\/2022\/05\/0f212ee5-ae54-445f-9f52-fd7108b558ee-1.jpg","datePublished":"2022-05-21T16:28:56+00:00","dateModified":"2022-05-21T16:29:24+00:00","breadcrumb":{"@id":"https:\/\/www.bulkammunitionshop.com\/product\/colt-python-elite-stainless-steel-357-mag\/#breadcrumb"},"inLanguage":"pt-PT","potentialAction":[{"@type":"ReadAction","target":["https:\/\/www.bulkammunitionshop.com\/product\/colt-python-elite-stainless-steel-357-mag\/"]}]},{"@type":"ImageObject","inLanguage":"pt-PT","@id":"https:\/\/www.bulkammunitionshop.com\/product\/colt-python-elite-stainless-steel-357-mag\/#primaryimage","url":"https:\/\/www.bulkammunitionshop.com\/wp-content\/uploads\/2022\/05\/0f212ee5-ae54-445f-9f52-fd7108b558ee-1.jpg","contentUrl":"https:\/\/www.bulkammunitionshop.com\/wp-content\/uploads\/2022\/05\/0f212ee5-ae54-445f-9f52-fd7108b558ee-1.jpg","width":1600,"height":1131},{"@type":"BreadcrumbList","@id":"https:\/\/www.bulkammunitionshop.com\/product\/colt-python-elite-stainless-steel-357-mag\/#breadcrumb","itemListElement":[{"@type":"ListItem","position":1,"name":"Home","item":"https:\/\/www.bulkammunitionshop.com\/"},{"@type":"ListItem","position":2,"name":"SHOP ALL","item":"https:\/\/www.bulkammunitionshop.com\/shop-all\/"},{"@type":"ListItem","position":3,"name":"COLT PYTHON ELITE STAINLESS STEEL 357 MAG"}]},{"@type":"WebSite","@id":"https:\/\/www.bulkammunitionshop.com\/#website","url":"https:\/\/www.bulkammunitionshop.com\/","name":"Loja de muni\u00e7\u00e3o a granel","description":"Compre muni\u00e7\u00e3o a granel barata online - Muni\u00e7\u00e3o a granel \u00e0 venda - Muni\u00e7\u00e3o barata online","potentialAction":[{"@type":"SearchAction","target":{"@type":"EntryPoint","urlTemplate":"https:\/\/www.bulkammunitionshop.com\/?s={search_term_string}"},"query-input":{"@type":"PropertyValueSpecification","valueRequired":true,"valueName":"search_term_string"}}],"inLanguage":"pt-PT"}]}},"jetpack_sharing_enabled":true,"_links":{"self":[{"href":"https:\/\/www.bulkammunitionshop.com\/pt\/wp-json\/wp\/v2\/product\/1557","targetHints":{"allow":["GET"]}}],"collection":[{"href":"https:\/\/www.bulkammunitionshop.com\/pt\/wp-json\/wp\/v2\/product"}],"about":[{"href":"https:\/\/www.bulkammunitionshop.com\/pt\/wp-json\/wp\/v2\/types\/product"}],"replies":[{"embeddable":true,"href":"https:\/\/www.bulkammunitionshop.com\/pt\/wp-json\/wp\/v2\/comments?post=1557"}],"wp:featuredmedia":[{"embeddable":true,"href":"https:\/\/www.bulkammunitionshop.com\/pt\/wp-json\/wp\/v2\/media\/1598"}],"wp:attachment":[{"href":"https:\/\/www.bulkammunitionshop.com\/pt\/wp-json\/wp\/v2\/media?parent=1557"}],"wp:term":[{"taxonomy":"product_brand","embeddable":true,"href":"https:\/\/www.bulkammunitionshop.com\/pt\/wp-json\/wp\/v2\/product_brand?post=1557"},{"taxonomy":"product_cat","embeddable":true,"href":"https:\/\/www.bulkammunitionshop.com\/pt\/wp-json\/wp\/v2\/product_cat?post=1557"},{"taxonomy":"product_tag","embeddable":true,"href":"https:\/\/www.bulkammunitionshop.com\/pt\/wp-json\/wp\/v2\/product_tag?post=1557"}],"curies":[{"name":"wp","href":"https:\/\/api.w.org\/{rel}","templated":true}]}}