{"id":1527,"date":"2022-05-21T16:28:32","date_gmt":"2022-05-21T16:28:32","guid":{"rendered":"https:\/\/www.bulkammunitionshop.com\/?post_type=product&#038;p=1527"},"modified":"2022-05-21T16:29:00","modified_gmt":"2022-05-21T16:29:00","slug":"colt-mk-iv-series-70-gold-cup-45-acp","status":"publish","type":"product","link":"https:\/\/www.bulkammunitionshop.com\/pt\/produto\/colt-mk-iv-series-70-gold-cup-45-acp\/","title":{"rendered":"COLT MK IV S\u00c9RIE 70 COPA DE OURO 45 ACP"},"content":{"rendered":"<div class=\"woocommerce-tabs wc-tabs-wrapper trx-stretch-width scheme_light inited\">\n<div id=\"tab-description\" class=\"woocommerce-Tabs-panel woocommerce-Tabs-panel--description panel entry-content wc-tab\" role=\"tabpanel\" aria-labelledby=\"tab-title-description\">\n<p>The Colt MK IV Series 70 Gold Cup National Match was made from 1970 to 1983. The 1911 target pistols were fitted with a 5 inch National Match barrel,\u00a0 bushing, serrated flat mainspring housing, adjustable trigger, Elliason adjustable rear sight, checkered wood grips with Colt medallions, serrated rib on the slide, Colt blue finished, and were chambered in .45 ACP.. This pistol is as described and appears to having been factory test fired only and is in it\u2019s new condition, retaining 99%+ of its original blue finish. The grips look like new, the bore is bright, and the action functions perfectly. Comes with its original, numbered to the gun box, Colt bushing wrench, trigger allen wrench, hang-tag, and all paper-work. A fantastic example of its type.<\/p>\n<\/div>\n<\/div>\n<div class=\"trx-stretch-width-original\"><\/div>","protected":false},"excerpt":{"rendered":"<p>The Colt MK IV Series 70 Gold Cup National Match was made from 1970 to 1983. The 1911 target pistols were fitted with a 5 inch National Match barrel,\u00a0 bushing, serrated flat mainspring housing, adjustable trigger, Elliason adjustable rear sight, checkered wood grips with Colt medallions, serrated rib on the slide, Colt blue finished, and [&#8230;]","protected":false},"featured_media":1583,"comment_status":"open","ping_status":"closed","template":"","meta":[],"product_brand":[],"product_cat":[113,114],"product_tag":[],"class_list":{"0":"post-1527","1":"product","2":"type-product","3":"status-publish","4":"has-post-thumbnail","6":"product_cat-firearms","7":"product_cat-handguns","9":"first","10":"instock","11":"sale","12":"taxable","13":"shipping-taxable","14":"purchasable","15":"product-type-simple"},"yoast_head":"<!-- This site is optimized with the Yoast SEO Premium plugin v24.6 (Yoast SEO v25.7) - https:\/\/yoast.com\/wordpress\/plugins\/seo\/ -->\n<title>COLT MK IV SERIES 70 GOLD CUP 45 ACP - Bulk Ammunition shop<\/title>\n<meta name=\"robots\" content=\"index, follow, max-snippet:-1, max-image-preview:large, max-video-preview:-1\" \/>\n<link rel=\"canonical\" href=\"https:\/\/www.bulkammunitionshop.com\/pt\/produto\/colt-mk-iv-series-70-gold-cup-45-acp\/\" \/>\n<meta property=\"og:locale\" content=\"pt_PT\" \/>\n<meta property=\"og:type\" content=\"article\" \/>\n<meta property=\"og:title\" content=\"COLT MK IV SERIES 70 GOLD CUP 45 ACP\" \/>\n<meta property=\"og:description\" content=\"The Colt MK IV Series 70 Gold Cup National Match was made from 1970 to 1983. The 1911 target pistols were fitted with a 5 inch National Match barrel,\u00a0 bushing, serrated flat mainspring housing, adjustable trigger, Elliason adjustable rear sight, checkered wood grips with Colt medallions, serrated rib on the slide, Colt blue finished, and [...]\" \/>\n<meta property=\"og:url\" content=\"https:\/\/www.bulkammunitionshop.com\/pt\/produto\/colt-mk-iv-series-70-gold-cup-45-acp\/\" \/>\n<meta property=\"og:site_name\" content=\"Bulk Ammunition shop\" \/>\n<meta property=\"article:modified_time\" content=\"2022-05-21T16:29:00+00:00\" \/>\n<meta property=\"og:image\" content=\"https:\/\/i0.wp.com\/www.bulkammunitionshop.com\/wp-content\/uploads\/2022\/05\/c0d39ae3-4759-421f-baab-a241bb4bd956-1-1.jpg?fit=1600%2C1132&ssl=1\" \/>\n\t<meta property=\"og:image:width\" content=\"1600\" \/>\n\t<meta property=\"og:image:height\" content=\"1132\" \/>\n\t<meta property=\"og:image:type\" content=\"image\/jpeg\" \/>\n<meta name=\"twitter:card\" content=\"summary_large_image\" \/>\n<meta name=\"twitter:label1\" content=\"Tempo estimado de leitura\" \/>\n\t<meta name=\"twitter:data1\" content=\"1 minuto\" \/>\n<script type=\"application\/ld+json\" class=\"yoast-schema-graph\">{\"@context\":\"https:\/\/schema.org\",\"@graph\":[{\"@type\":\"WebPage\",\"@id\":\"https:\/\/www.bulkammunitionshop.com\/product\/colt-mk-iv-series-70-gold-cup-45-acp\/\",\"url\":\"https:\/\/www.bulkammunitionshop.com\/product\/colt-mk-iv-series-70-gold-cup-45-acp\/\",\"name\":\"COLT MK IV SERIES 70 GOLD CUP 45 ACP - Bulk Ammunition shop\",\"isPartOf\":{\"@id\":\"https:\/\/www.bulkammunitionshop.com\/#website\"},\"primaryImageOfPage\":{\"@id\":\"https:\/\/www.bulkammunitionshop.com\/product\/colt-mk-iv-series-70-gold-cup-45-acp\/#primaryimage\"},\"image\":{\"@id\":\"https:\/\/www.bulkammunitionshop.com\/product\/colt-mk-iv-series-70-gold-cup-45-acp\/#primaryimage\"},\"thumbnailUrl\":\"https:\/\/www.bulkammunitionshop.com\/wp-content\/uploads\/2022\/05\/c0d39ae3-4759-421f-baab-a241bb4bd956-1-1.jpg\",\"datePublished\":\"2022-05-21T16:28:32+00:00\",\"dateModified\":\"2022-05-21T16:29:00+00:00\",\"breadcrumb\":{\"@id\":\"https:\/\/www.bulkammunitionshop.com\/product\/colt-mk-iv-series-70-gold-cup-45-acp\/#breadcrumb\"},\"inLanguage\":\"pt-PT\",\"potentialAction\":[{\"@type\":\"ReadAction\",\"target\":[\"https:\/\/www.bulkammunitionshop.com\/product\/colt-mk-iv-series-70-gold-cup-45-acp\/\"]}]},{\"@type\":\"ImageObject\",\"inLanguage\":\"pt-PT\",\"@id\":\"https:\/\/www.bulkammunitionshop.com\/product\/colt-mk-iv-series-70-gold-cup-45-acp\/#primaryimage\",\"url\":\"https:\/\/www.bulkammunitionshop.com\/wp-content\/uploads\/2022\/05\/c0d39ae3-4759-421f-baab-a241bb4bd956-1-1.jpg\",\"contentUrl\":\"https:\/\/www.bulkammunitionshop.com\/wp-content\/uploads\/2022\/05\/c0d39ae3-4759-421f-baab-a241bb4bd956-1-1.jpg\",\"width\":1600,\"height\":1132},{\"@type\":\"BreadcrumbList\",\"@id\":\"https:\/\/www.bulkammunitionshop.com\/product\/colt-mk-iv-series-70-gold-cup-45-acp\/#breadcrumb\",\"itemListElement\":[{\"@type\":\"ListItem\",\"position\":1,\"name\":\"Home\",\"item\":\"https:\/\/www.bulkammunitionshop.com\/\"},{\"@type\":\"ListItem\",\"position\":2,\"name\":\"SHOP ALL\",\"item\":\"https:\/\/www.bulkammunitionshop.com\/shop-all\/\"},{\"@type\":\"ListItem\",\"position\":3,\"name\":\"COLT MK IV SERIES 70 GOLD CUP 45 ACP\"}]},{\"@type\":\"WebSite\",\"@id\":\"https:\/\/www.bulkammunitionshop.com\/#website\",\"url\":\"https:\/\/www.bulkammunitionshop.com\/\",\"name\":\"Bulk Ammunition shop\",\"description\":\"Buy Cheap Bulk Ammo Online - Bulk Ammo for Sale- Cheap Ammo Online\",\"potentialAction\":[{\"@type\":\"SearchAction\",\"target\":{\"@type\":\"EntryPoint\",\"urlTemplate\":\"https:\/\/www.bulkammunitionshop.com\/?s={search_term_string}\"},\"query-input\":{\"@type\":\"PropertyValueSpecification\",\"valueRequired\":true,\"valueName\":\"search_term_string\"}}],\"inLanguage\":\"pt-PT\"}]}<\/script>\n<!-- \/ Yoast SEO Premium plugin. -->","yoast_head_json":{"title":"COLT MK IV SERIES 70 GOLD CUP 45 ACP - Bulk Ammunition shop","robots":{"index":"index","follow":"follow","max-snippet":"max-snippet:-1","max-image-preview":"max-image-preview:large","max-video-preview":"max-video-preview:-1"},"canonical":"https:\/\/www.bulkammunitionshop.com\/pt\/produto\/colt-mk-iv-series-70-gold-cup-45-acp\/","og_locale":"pt_PT","og_type":"article","og_title":"COLT MK IV SERIES 70 GOLD CUP 45 ACP","og_description":"The Colt MK IV Series 70 Gold Cup National Match was made from 1970 to 1983. The 1911 target pistols were fitted with a 5 inch National Match barrel,\u00a0 bushing, serrated flat mainspring housing, adjustable trigger, Elliason adjustable rear sight, checkered wood grips with Colt medallions, serrated rib on the slide, Colt blue finished, and [...]","og_url":"https:\/\/www.bulkammunitionshop.com\/pt\/produto\/colt-mk-iv-series-70-gold-cup-45-acp\/","og_site_name":"Bulk Ammunition shop","article_modified_time":"2022-05-21T16:29:00+00:00","og_image":[{"width":1600,"height":1132,"url":"https:\/\/i0.wp.com\/www.bulkammunitionshop.com\/wp-content\/uploads\/2022\/05\/c0d39ae3-4759-421f-baab-a241bb4bd956-1-1.jpg?fit=1600%2C1132&ssl=1","type":"image\/jpeg"}],"twitter_card":"summary_large_image","twitter_misc":{"Tempo estimado de leitura":"1 minuto"},"schema":{"@context":"https:\/\/schema.org","@graph":[{"@type":"WebPage","@id":"https:\/\/www.bulkammunitionshop.com\/product\/colt-mk-iv-series-70-gold-cup-45-acp\/","url":"https:\/\/www.bulkammunitionshop.com\/product\/colt-mk-iv-series-70-gold-cup-45-acp\/","name":"COLT MK IV SERIES 70 GOLD CUP 45 ACP - Bulk Ammunition shop","isPartOf":{"@id":"https:\/\/www.bulkammunitionshop.com\/#website"},"primaryImageOfPage":{"@id":"https:\/\/www.bulkammunitionshop.com\/product\/colt-mk-iv-series-70-gold-cup-45-acp\/#primaryimage"},"image":{"@id":"https:\/\/www.bulkammunitionshop.com\/product\/colt-mk-iv-series-70-gold-cup-45-acp\/#primaryimage"},"thumbnailUrl":"https:\/\/www.bulkammunitionshop.com\/wp-content\/uploads\/2022\/05\/c0d39ae3-4759-421f-baab-a241bb4bd956-1-1.jpg","datePublished":"2022-05-21T16:28:32+00:00","dateModified":"2022-05-21T16:29:00+00:00","breadcrumb":{"@id":"https:\/\/www.bulkammunitionshop.com\/product\/colt-mk-iv-series-70-gold-cup-45-acp\/#breadcrumb"},"inLanguage":"pt-PT","potentialAction":[{"@type":"ReadAction","target":["https:\/\/www.bulkammunitionshop.com\/product\/colt-mk-iv-series-70-gold-cup-45-acp\/"]}]},{"@type":"ImageObject","inLanguage":"pt-PT","@id":"https:\/\/www.bulkammunitionshop.com\/product\/colt-mk-iv-series-70-gold-cup-45-acp\/#primaryimage","url":"https:\/\/www.bulkammunitionshop.com\/wp-content\/uploads\/2022\/05\/c0d39ae3-4759-421f-baab-a241bb4bd956-1-1.jpg","contentUrl":"https:\/\/www.bulkammunitionshop.com\/wp-content\/uploads\/2022\/05\/c0d39ae3-4759-421f-baab-a241bb4bd956-1-1.jpg","width":1600,"height":1132},{"@type":"BreadcrumbList","@id":"https:\/\/www.bulkammunitionshop.com\/product\/colt-mk-iv-series-70-gold-cup-45-acp\/#breadcrumb","itemListElement":[{"@type":"ListItem","position":1,"name":"Home","item":"https:\/\/www.bulkammunitionshop.com\/"},{"@type":"ListItem","position":2,"name":"SHOP ALL","item":"https:\/\/www.bulkammunitionshop.com\/shop-all\/"},{"@type":"ListItem","position":3,"name":"COLT MK IV SERIES 70 GOLD CUP 45 ACP"}]},{"@type":"WebSite","@id":"https:\/\/www.bulkammunitionshop.com\/#website","url":"https:\/\/www.bulkammunitionshop.com\/","name":"Loja de muni\u00e7\u00e3o a granel","description":"Compre muni\u00e7\u00e3o a granel barata online - Muni\u00e7\u00e3o a granel \u00e0 venda - Muni\u00e7\u00e3o barata online","potentialAction":[{"@type":"SearchAction","target":{"@type":"EntryPoint","urlTemplate":"https:\/\/www.bulkammunitionshop.com\/?s={search_term_string}"},"query-input":{"@type":"PropertyValueSpecification","valueRequired":true,"valueName":"search_term_string"}}],"inLanguage":"pt-PT"}]}},"jetpack_sharing_enabled":true,"_links":{"self":[{"href":"https:\/\/www.bulkammunitionshop.com\/pt\/wp-json\/wp\/v2\/product\/1527","targetHints":{"allow":["GET"]}}],"collection":[{"href":"https:\/\/www.bulkammunitionshop.com\/pt\/wp-json\/wp\/v2\/product"}],"about":[{"href":"https:\/\/www.bulkammunitionshop.com\/pt\/wp-json\/wp\/v2\/types\/product"}],"replies":[{"embeddable":true,"href":"https:\/\/www.bulkammunitionshop.com\/pt\/wp-json\/wp\/v2\/comments?post=1527"}],"wp:featuredmedia":[{"embeddable":true,"href":"https:\/\/www.bulkammunitionshop.com\/pt\/wp-json\/wp\/v2\/media\/1583"}],"wp:attachment":[{"href":"https:\/\/www.bulkammunitionshop.com\/pt\/wp-json\/wp\/v2\/media?parent=1527"}],"wp:term":[{"taxonomy":"product_brand","embeddable":true,"href":"https:\/\/www.bulkammunitionshop.com\/pt\/wp-json\/wp\/v2\/product_brand?post=1527"},{"taxonomy":"product_cat","embeddable":true,"href":"https:\/\/www.bulkammunitionshop.com\/pt\/wp-json\/wp\/v2\/product_cat?post=1527"},{"taxonomy":"product_tag","embeddable":true,"href":"https:\/\/www.bulkammunitionshop.com\/pt\/wp-json\/wp\/v2\/product_tag?post=1527"}],"curies":[{"name":"wp","href":"https:\/\/api.w.org\/{rel}","templated":true}]}}