{"id":1524,"date":"2022-05-21T16:28:31","date_gmt":"2022-05-21T16:28:31","guid":{"rendered":"https:\/\/www.bulkammunitionshop.com\/?post_type=product&#038;p=1524"},"modified":"2022-05-21T16:28:50","modified_gmt":"2022-05-21T16:28:50","slug":"prvi-partizan-7-62x39mm-blank-ammunition","status":"publish","type":"product","link":"https:\/\/www.bulkammunitionshop.com\/pt\/produto\/prvi-partizan-7-62x39mm-blank-ammunition\/","title":{"rendered":"PRVI PARTIZAN 7.62X39MM BLANK AMMUNITION"},"content":{"rendered":"<h2>Descri\u00e7\u00e3o<\/h2>\n<table>\n<tbody>\n<tr>\n<td width=\"295\">Brand<\/td>\n<td width=\"295\">Prvi PPU<\/td>\n<\/tr>\n<tr>\n<td width=\"295\">Calibre<\/td>\n<td width=\"295\">7.62\u00d739 Blanks<\/td>\n<\/tr>\n<tr>\n<td width=\"295\">Model<\/td>\n<td width=\"295\">Blanks<\/td>\n<\/tr>\n<tr>\n<td width=\"295\">Bullet Weight<\/td>\n<td width=\"295\">Blanks<\/td>\n<\/tr>\n<tr>\n<td width=\"295\">Tipo de bala<\/td>\n<td width=\"295\">Blanks<\/td>\n<\/tr>\n<tr>\n<td width=\"295\">Recarreg\u00e1vel<\/td>\n<td width=\"295\">Blanks<\/td>\n<\/tr>\n<tr>\n<td width=\"295\">Tipo de caso<\/td>\n<td width=\"295\">Lat\u00e3o<\/td>\n<\/tr>\n<tr>\n<td width=\"295\">Rounds Per Box<\/td>\n<td width=\"295\">15 Rounds Per Box<\/td>\n<\/tr>\n<tr>\n<td width=\"295\">Boxes Per Case<\/td>\n<td width=\"295\">96 Boxes Per Case<\/td>\n<\/tr>\n<tr>\n<td width=\"295\">Energia do focinho<\/td>\n<td width=\"295\">0 ft-lbs<\/td>\n<\/tr>\n<tr>\n<td width=\"295\">Velocidade inicial<\/td>\n<td width=\"295\">0 fps<\/td>\n<\/tr>\n<\/tbody>\n<\/table>","protected":false},"excerpt":{"rendered":"<p>Description Brand Prvi PPU Caliber 7.62\u00d739 Blanks Model Blanks Bullet Weight Blanks Bullet Type Blanks Reloadable Blanks Case Type Brass Rounds Per Box 15 Rounds Per Box Boxes Per Case 96 Boxes Per Case Muzzle Energy 0 ft-lbs Muzzle Velocity 0 fps<\/p>","protected":false},"featured_media":1554,"comment_status":"open","ping_status":"closed","template":"","meta":[],"product_brand":[],"product_cat":[237,121],"product_tag":[],"class_list":{"0":"post-1524","1":"product","2":"type-product","3":"status-publish","4":"has-post-thumbnail","6":"product_cat-7-62x39mm","7":"product_cat-rifle-ammo","9":"first","10":"instock","11":"taxable","12":"shipping-taxable","13":"purchasable","14":"product-type-simple"},"yoast_head":"<!-- This site is optimized with the Yoast SEO Premium plugin v24.6 (Yoast SEO v25.7) - https:\/\/yoast.com\/wordpress\/plugins\/seo\/ -->\n<title>PRVI PARTIZAN 7.62X39MM BLANK AMMUNITION - Bulk Ammunition shop<\/title>\n<meta name=\"robots\" content=\"index, follow, max-snippet:-1, max-image-preview:large, max-video-preview:-1\" \/>\n<link rel=\"canonical\" href=\"https:\/\/www.bulkammunitionshop.com\/pt\/produto\/prvi-partizan-7-62x39mm-blank-ammunition\/\" \/>\n<meta property=\"og:locale\" content=\"pt_PT\" \/>\n<meta property=\"og:type\" content=\"article\" \/>\n<meta property=\"og:title\" content=\"PRVI PARTIZAN 7.62X39MM BLANK AMMUNITION\" \/>\n<meta property=\"og:description\" content=\"Description Brand Prvi PPU Caliber 7.62\u00d739 Blanks Model Blanks Bullet Weight Blanks Bullet Type Blanks Reloadable Blanks Case Type Brass Rounds Per Box 15 Rounds Per Box Boxes Per Case 96 Boxes Per Case Muzzle Energy 0 ft-lbs Muzzle Velocity 0 fps\" \/>\n<meta property=\"og:url\" content=\"https:\/\/www.bulkammunitionshop.com\/pt\/produto\/prvi-partizan-7-62x39mm-blank-ammunition\/\" \/>\n<meta property=\"og:site_name\" content=\"Bulk Ammunition shop\" \/>\n<meta property=\"article:modified_time\" content=\"2022-05-21T16:28:50+00:00\" \/>\n<meta property=\"og:image\" content=\"https:\/\/i0.wp.com\/www.bulkammunitionshop.com\/wp-content\/uploads\/2022\/05\/BUY-PRVI-PARTIZAN-7.62X39MM-BLANK-AMMUNITION-ONLINE.png?fit=600%2C575&ssl=1\" \/>\n\t<meta property=\"og:image:width\" content=\"600\" \/>\n\t<meta property=\"og:image:height\" content=\"575\" \/>\n\t<meta property=\"og:image:type\" content=\"image\/png\" \/>\n<meta name=\"twitter:card\" content=\"summary_large_image\" \/>\n<script type=\"application\/ld+json\" class=\"yoast-schema-graph\">{\"@context\":\"https:\/\/schema.org\",\"@graph\":[{\"@type\":\"WebPage\",\"@id\":\"https:\/\/www.bulkammunitionshop.com\/product\/prvi-partizan-7-62x39mm-blank-ammunition\/\",\"url\":\"https:\/\/www.bulkammunitionshop.com\/product\/prvi-partizan-7-62x39mm-blank-ammunition\/\",\"name\":\"PRVI PARTIZAN 7.62X39MM BLANK AMMUNITION - Bulk Ammunition shop\",\"isPartOf\":{\"@id\":\"https:\/\/www.bulkammunitionshop.com\/#website\"},\"primaryImageOfPage\":{\"@id\":\"https:\/\/www.bulkammunitionshop.com\/product\/prvi-partizan-7-62x39mm-blank-ammunition\/#primaryimage\"},\"image\":{\"@id\":\"https:\/\/www.bulkammunitionshop.com\/product\/prvi-partizan-7-62x39mm-blank-ammunition\/#primaryimage\"},\"thumbnailUrl\":\"https:\/\/www.bulkammunitionshop.com\/wp-content\/uploads\/2022\/05\/BUY-PRVI-PARTIZAN-7.62X39MM-BLANK-AMMUNITION-ONLINE.png\",\"datePublished\":\"2022-05-21T16:28:31+00:00\",\"dateModified\":\"2022-05-21T16:28:50+00:00\",\"breadcrumb\":{\"@id\":\"https:\/\/www.bulkammunitionshop.com\/product\/prvi-partizan-7-62x39mm-blank-ammunition\/#breadcrumb\"},\"inLanguage\":\"pt-PT\",\"potentialAction\":[{\"@type\":\"ReadAction\",\"target\":[\"https:\/\/www.bulkammunitionshop.com\/product\/prvi-partizan-7-62x39mm-blank-ammunition\/\"]}]},{\"@type\":\"ImageObject\",\"inLanguage\":\"pt-PT\",\"@id\":\"https:\/\/www.bulkammunitionshop.com\/product\/prvi-partizan-7-62x39mm-blank-ammunition\/#primaryimage\",\"url\":\"https:\/\/www.bulkammunitionshop.com\/wp-content\/uploads\/2022\/05\/BUY-PRVI-PARTIZAN-7.62X39MM-BLANK-AMMUNITION-ONLINE.png\",\"contentUrl\":\"https:\/\/www.bulkammunitionshop.com\/wp-content\/uploads\/2022\/05\/BUY-PRVI-PARTIZAN-7.62X39MM-BLANK-AMMUNITION-ONLINE.png\",\"width\":600,\"height\":575},{\"@type\":\"BreadcrumbList\",\"@id\":\"https:\/\/www.bulkammunitionshop.com\/product\/prvi-partizan-7-62x39mm-blank-ammunition\/#breadcrumb\",\"itemListElement\":[{\"@type\":\"ListItem\",\"position\":1,\"name\":\"Home\",\"item\":\"https:\/\/www.bulkammunitionshop.com\/\"},{\"@type\":\"ListItem\",\"position\":2,\"name\":\"SHOP ALL\",\"item\":\"https:\/\/www.bulkammunitionshop.com\/shop-all\/\"},{\"@type\":\"ListItem\",\"position\":3,\"name\":\"PRVI PARTIZAN 7.62X39MM BLANK AMMUNITION\"}]},{\"@type\":\"WebSite\",\"@id\":\"https:\/\/www.bulkammunitionshop.com\/#website\",\"url\":\"https:\/\/www.bulkammunitionshop.com\/\",\"name\":\"Bulk Ammunition shop\",\"description\":\"Buy Cheap Bulk Ammo Online - Bulk Ammo for Sale- Cheap Ammo Online\",\"potentialAction\":[{\"@type\":\"SearchAction\",\"target\":{\"@type\":\"EntryPoint\",\"urlTemplate\":\"https:\/\/www.bulkammunitionshop.com\/?s={search_term_string}\"},\"query-input\":{\"@type\":\"PropertyValueSpecification\",\"valueRequired\":true,\"valueName\":\"search_term_string\"}}],\"inLanguage\":\"pt-PT\"}]}<\/script>\n<!-- \/ Yoast SEO Premium plugin. -->","yoast_head_json":{"title":"PRVI PARTIZAN 7.62X39MM BLANK AMMUNITION - Bulk Ammunition shop","robots":{"index":"index","follow":"follow","max-snippet":"max-snippet:-1","max-image-preview":"max-image-preview:large","max-video-preview":"max-video-preview:-1"},"canonical":"https:\/\/www.bulkammunitionshop.com\/pt\/produto\/prvi-partizan-7-62x39mm-blank-ammunition\/","og_locale":"pt_PT","og_type":"article","og_title":"PRVI PARTIZAN 7.62X39MM BLANK AMMUNITION","og_description":"Description Brand Prvi PPU Caliber 7.62\u00d739 Blanks Model Blanks Bullet Weight Blanks Bullet Type Blanks Reloadable Blanks Case Type Brass Rounds Per Box 15 Rounds Per Box Boxes Per Case 96 Boxes Per Case Muzzle Energy 0 ft-lbs Muzzle Velocity 0 fps","og_url":"https:\/\/www.bulkammunitionshop.com\/pt\/produto\/prvi-partizan-7-62x39mm-blank-ammunition\/","og_site_name":"Bulk Ammunition shop","article_modified_time":"2022-05-21T16:28:50+00:00","og_image":[{"width":600,"height":575,"url":"https:\/\/i0.wp.com\/www.bulkammunitionshop.com\/wp-content\/uploads\/2022\/05\/BUY-PRVI-PARTIZAN-7.62X39MM-BLANK-AMMUNITION-ONLINE.png?fit=600%2C575&ssl=1","type":"image\/png"}],"twitter_card":"summary_large_image","schema":{"@context":"https:\/\/schema.org","@graph":[{"@type":"WebPage","@id":"https:\/\/www.bulkammunitionshop.com\/product\/prvi-partizan-7-62x39mm-blank-ammunition\/","url":"https:\/\/www.bulkammunitionshop.com\/product\/prvi-partizan-7-62x39mm-blank-ammunition\/","name":"PRVI PARTIZAN 7.62X39MM BLANK AMMUNITION - Bulk Ammunition shop","isPartOf":{"@id":"https:\/\/www.bulkammunitionshop.com\/#website"},"primaryImageOfPage":{"@id":"https:\/\/www.bulkammunitionshop.com\/product\/prvi-partizan-7-62x39mm-blank-ammunition\/#primaryimage"},"image":{"@id":"https:\/\/www.bulkammunitionshop.com\/product\/prvi-partizan-7-62x39mm-blank-ammunition\/#primaryimage"},"thumbnailUrl":"https:\/\/www.bulkammunitionshop.com\/wp-content\/uploads\/2022\/05\/BUY-PRVI-PARTIZAN-7.62X39MM-BLANK-AMMUNITION-ONLINE.png","datePublished":"2022-05-21T16:28:31+00:00","dateModified":"2022-05-21T16:28:50+00:00","breadcrumb":{"@id":"https:\/\/www.bulkammunitionshop.com\/product\/prvi-partizan-7-62x39mm-blank-ammunition\/#breadcrumb"},"inLanguage":"pt-PT","potentialAction":[{"@type":"ReadAction","target":["https:\/\/www.bulkammunitionshop.com\/product\/prvi-partizan-7-62x39mm-blank-ammunition\/"]}]},{"@type":"ImageObject","inLanguage":"pt-PT","@id":"https:\/\/www.bulkammunitionshop.com\/product\/prvi-partizan-7-62x39mm-blank-ammunition\/#primaryimage","url":"https:\/\/www.bulkammunitionshop.com\/wp-content\/uploads\/2022\/05\/BUY-PRVI-PARTIZAN-7.62X39MM-BLANK-AMMUNITION-ONLINE.png","contentUrl":"https:\/\/www.bulkammunitionshop.com\/wp-content\/uploads\/2022\/05\/BUY-PRVI-PARTIZAN-7.62X39MM-BLANK-AMMUNITION-ONLINE.png","width":600,"height":575},{"@type":"BreadcrumbList","@id":"https:\/\/www.bulkammunitionshop.com\/product\/prvi-partizan-7-62x39mm-blank-ammunition\/#breadcrumb","itemListElement":[{"@type":"ListItem","position":1,"name":"Home","item":"https:\/\/www.bulkammunitionshop.com\/"},{"@type":"ListItem","position":2,"name":"SHOP ALL","item":"https:\/\/www.bulkammunitionshop.com\/shop-all\/"},{"@type":"ListItem","position":3,"name":"PRVI PARTIZAN 7.62X39MM BLANK AMMUNITION"}]},{"@type":"WebSite","@id":"https:\/\/www.bulkammunitionshop.com\/#website","url":"https:\/\/www.bulkammunitionshop.com\/","name":"Loja de muni\u00e7\u00e3o a granel","description":"Compre muni\u00e7\u00e3o a granel barata online - Muni\u00e7\u00e3o a granel \u00e0 venda - Muni\u00e7\u00e3o barata online","potentialAction":[{"@type":"SearchAction","target":{"@type":"EntryPoint","urlTemplate":"https:\/\/www.bulkammunitionshop.com\/?s={search_term_string}"},"query-input":{"@type":"PropertyValueSpecification","valueRequired":true,"valueName":"search_term_string"}}],"inLanguage":"pt-PT"}]}},"jetpack_sharing_enabled":true,"_links":{"self":[{"href":"https:\/\/www.bulkammunitionshop.com\/pt\/wp-json\/wp\/v2\/product\/1524","targetHints":{"allow":["GET"]}}],"collection":[{"href":"https:\/\/www.bulkammunitionshop.com\/pt\/wp-json\/wp\/v2\/product"}],"about":[{"href":"https:\/\/www.bulkammunitionshop.com\/pt\/wp-json\/wp\/v2\/types\/product"}],"replies":[{"embeddable":true,"href":"https:\/\/www.bulkammunitionshop.com\/pt\/wp-json\/wp\/v2\/comments?post=1524"}],"wp:featuredmedia":[{"embeddable":true,"href":"https:\/\/www.bulkammunitionshop.com\/pt\/wp-json\/wp\/v2\/media\/1554"}],"wp:attachment":[{"href":"https:\/\/www.bulkammunitionshop.com\/pt\/wp-json\/wp\/v2\/media?parent=1524"}],"wp:term":[{"taxonomy":"product_brand","embeddable":true,"href":"https:\/\/www.bulkammunitionshop.com\/pt\/wp-json\/wp\/v2\/product_brand?post=1524"},{"taxonomy":"product_cat","embeddable":true,"href":"https:\/\/www.bulkammunitionshop.com\/pt\/wp-json\/wp\/v2\/product_cat?post=1524"},{"taxonomy":"product_tag","embeddable":true,"href":"https:\/\/www.bulkammunitionshop.com\/pt\/wp-json\/wp\/v2\/product_tag?post=1524"}],"curies":[{"name":"wp","href":"https:\/\/api.w.org\/{rel}","templated":true}]}}