{"id":1518,"date":"2022-05-21T16:28:31","date_gmt":"2022-05-21T16:28:31","guid":{"rendered":"https:\/\/www.bulkammunitionshop.com\/?post_type=product&#038;p=1518"},"modified":"2022-11-01T09:16:02","modified_gmt":"2022-11-01T09:16:02","slug":"500-cartuchos-de-sellier-bellot-65-mm-creedmoor-sp-131-graos","status":"publish","type":"product","link":"https:\/\/www.bulkammunitionshop.com\/pt\/produto\/500-cartuchos-de-sellier-bellot-65-mm-creedmoor-sp-131-graos\/","title":{"rendered":"500 cartuchos Sellier &amp; Bellot, 6,5 mm, Creedmoor, SP, 131 gr\u00e3os"},"content":{"rendered":"<h2>Descri\u00e7\u00e3o<\/h2>\n<div id=\"uvpBody\">\n<p>A muni\u00e7\u00e3o Sellier &amp; Bellot \u00e9 projetada e testada em campo para oferecer aos ca\u00e7adores excelente precis\u00e3o e confiabilidade de tiro.<\/p>\n<p>Pe\u00e7a hoje mesmo!<\/p>\n<\/div>\n<div>\n<h2 class=\"uvpHeadline\">Especifica\u00e7\u00f5es principais<\/h2>\n<div class=\"uvpListItems\">\n<ul>\n<li>N\u00famero do item: 707754<\/li>\n<li>N\u00famero de fabrica\u00e7\u00e3o: SB65B<\/li>\n<li>N\u00famero UPC: 754908512614<\/li>\n<li>Calibre: 6,5 mm Creedmoor<\/li>\n<li>Peso da bala: 131 gr\u00e3os<\/li>\n<li>Estilo de marcador: SP<\/li>\n<li>Velocidade inicial: 2.602 FPS<\/li>\n<li>Energia da boca: 1.970 ft.-lbs.<\/li>\n<li>Tipo de caixa: lat\u00e3o<\/li>\n<li>Tipo de primer: Boxer<\/li>\n<li>Corrosivo: N\u00e3o<\/li>\n<li>Rodadas: 500<\/li>\n<\/ul>\n<\/div>\n<\/div>","protected":false},"excerpt":{"rendered":"<p>Este produto est\u00e1 em estoque e pronto para envio. 100% - Envio r\u00e1pido garantido. Fa\u00e7a seu pedido agora!<\/p>","protected":false},"featured_media":1548,"comment_status":"open","ping_status":"closed","template":"","meta":[],"product_brand":[],"product_cat":[235,121],"product_tag":[],"class_list":{"0":"post-1518","1":"product","2":"type-product","3":"status-publish","4":"has-post-thumbnail","6":"product_cat-6-5mm-creedmoor","7":"product_cat-rifle-ammo","9":"first","10":"instock","11":"taxable","12":"shipping-taxable","13":"purchasable","14":"product-type-simple"},"yoast_head":"<!-- This site is optimized with the Yoast SEO Premium plugin v24.6 (Yoast SEO v25.7) - https:\/\/yoast.com\/wordpress\/plugins\/seo\/ -->\n<title>500 Rounds Of Sellier &amp; Bellot, 6.5mm Creedmoor, SP, 131 Grain - Bulk Ammunition shop<\/title>\n<meta name=\"robots\" content=\"index, follow, max-snippet:-1, max-image-preview:large, max-video-preview:-1\" \/>\n<link rel=\"canonical\" href=\"https:\/\/www.bulkammunitionshop.com\/pt\/produto\/500-cartuchos-de-sellier-bellot-65-mm-creedmoor-sp-131-graos\/\" \/>\n<meta property=\"og:locale\" content=\"pt_PT\" \/>\n<meta property=\"og:type\" content=\"article\" \/>\n<meta property=\"og:title\" content=\"500 Rounds Of Sellier &amp; Bellot, 6.5mm Creedmoor, SP, 131 Grain\" \/>\n<meta property=\"og:description\" content=\"This Product Is In Stock and Ready to Ship. 100% Fast Shipping Guaranteed. Place Order Now!\" \/>\n<meta property=\"og:url\" content=\"https:\/\/www.bulkammunitionshop.com\/pt\/produto\/500-cartuchos-de-sellier-bellot-65-mm-creedmoor-sp-131-graos\/\" \/>\n<meta property=\"og:site_name\" content=\"Bulk Ammunition shop\" \/>\n<meta property=\"article:modified_time\" content=\"2022-11-01T09:16:02+00:00\" \/>\n<meta property=\"og:image\" content=\"http:\/\/www.bulkammunitionshop.com\/wp-content\/uploads\/2022\/05\/707754_ts-600x600-1.jpg\" \/>\n\t<meta property=\"og:image:width\" content=\"600\" \/>\n\t<meta property=\"og:image:height\" content=\"600\" \/>\n\t<meta property=\"og:image:type\" content=\"image\/jpeg\" \/>\n<meta name=\"twitter:card\" content=\"summary_large_image\" \/>\n<script type=\"application\/ld+json\" class=\"yoast-schema-graph\">{\"@context\":\"https:\/\/schema.org\",\"@graph\":[{\"@type\":\"WebPage\",\"@id\":\"https:\/\/www.bulkammunitionshop.com\/product\/500-rounds-of-sellier-bellot-6-5mm-creedmoor-sp-131-grain\/\",\"url\":\"https:\/\/www.bulkammunitionshop.com\/product\/500-rounds-of-sellier-bellot-6-5mm-creedmoor-sp-131-grain\/\",\"name\":\"500 Rounds Of Sellier & Bellot, 6.5mm Creedmoor, SP, 131 Grain - Bulk Ammunition shop\",\"isPartOf\":{\"@id\":\"https:\/\/www.bulkammunitionshop.com\/#website\"},\"primaryImageOfPage\":{\"@id\":\"https:\/\/www.bulkammunitionshop.com\/product\/500-rounds-of-sellier-bellot-6-5mm-creedmoor-sp-131-grain\/#primaryimage\"},\"image\":{\"@id\":\"https:\/\/www.bulkammunitionshop.com\/product\/500-rounds-of-sellier-bellot-6-5mm-creedmoor-sp-131-grain\/#primaryimage\"},\"thumbnailUrl\":\"https:\/\/www.bulkammunitionshop.com\/wp-content\/uploads\/2022\/05\/707754_ts-600x600-1.jpg\",\"datePublished\":\"2022-05-21T16:28:31+00:00\",\"dateModified\":\"2022-11-01T09:16:02+00:00\",\"breadcrumb\":{\"@id\":\"https:\/\/www.bulkammunitionshop.com\/product\/500-rounds-of-sellier-bellot-6-5mm-creedmoor-sp-131-grain\/#breadcrumb\"},\"inLanguage\":\"pt-PT\",\"potentialAction\":[{\"@type\":\"ReadAction\",\"target\":[\"https:\/\/www.bulkammunitionshop.com\/product\/500-rounds-of-sellier-bellot-6-5mm-creedmoor-sp-131-grain\/\"]}]},{\"@type\":\"ImageObject\",\"inLanguage\":\"pt-PT\",\"@id\":\"https:\/\/www.bulkammunitionshop.com\/product\/500-rounds-of-sellier-bellot-6-5mm-creedmoor-sp-131-grain\/#primaryimage\",\"url\":\"https:\/\/www.bulkammunitionshop.com\/wp-content\/uploads\/2022\/05\/707754_ts-600x600-1.jpg\",\"contentUrl\":\"https:\/\/www.bulkammunitionshop.com\/wp-content\/uploads\/2022\/05\/707754_ts-600x600-1.jpg\",\"width\":600,\"height\":600},{\"@type\":\"BreadcrumbList\",\"@id\":\"https:\/\/www.bulkammunitionshop.com\/product\/500-rounds-of-sellier-bellot-6-5mm-creedmoor-sp-131-grain\/#breadcrumb\",\"itemListElement\":[{\"@type\":\"ListItem\",\"position\":1,\"name\":\"Home\",\"item\":\"https:\/\/www.bulkammunitionshop.com\/\"},{\"@type\":\"ListItem\",\"position\":2,\"name\":\"SHOP ALL\",\"item\":\"https:\/\/www.bulkammunitionshop.com\/shop-all\/\"},{\"@type\":\"ListItem\",\"position\":3,\"name\":\"500 Rounds Of Sellier &#038; Bellot, 6.5mm Creedmoor, SP, 131 Grain\"}]},{\"@type\":\"WebSite\",\"@id\":\"https:\/\/www.bulkammunitionshop.com\/#website\",\"url\":\"https:\/\/www.bulkammunitionshop.com\/\",\"name\":\"Bulk Ammunition shop\",\"description\":\"Buy Cheap Bulk Ammo Online - Bulk Ammo for Sale- Cheap Ammo Online\",\"potentialAction\":[{\"@type\":\"SearchAction\",\"target\":{\"@type\":\"EntryPoint\",\"urlTemplate\":\"https:\/\/www.bulkammunitionshop.com\/?s={search_term_string}\"},\"query-input\":{\"@type\":\"PropertyValueSpecification\",\"valueRequired\":true,\"valueName\":\"search_term_string\"}}],\"inLanguage\":\"pt-PT\"}]}<\/script>\n<!-- \/ Yoast SEO Premium plugin. -->","yoast_head_json":{"title":"500 cartuchos Sellier &amp; Bellot, 6,5 mm Creedmoor, SP, 131 gr\u00e3os - Loja de muni\u00e7\u00e3o a granel","robots":{"index":"index","follow":"follow","max-snippet":"max-snippet:-1","max-image-preview":"max-image-preview:large","max-video-preview":"max-video-preview:-1"},"canonical":"https:\/\/www.bulkammunitionshop.com\/pt\/produto\/500-cartuchos-de-sellier-bellot-65-mm-creedmoor-sp-131-graos\/","og_locale":"pt_PT","og_type":"article","og_title":"500 Rounds Of Sellier & Bellot, 6.5mm Creedmoor, SP, 131 Grain","og_description":"This Product Is In Stock and Ready to Ship. 100% Fast Shipping Guaranteed. Place Order Now!","og_url":"https:\/\/www.bulkammunitionshop.com\/pt\/produto\/500-cartuchos-de-sellier-bellot-65-mm-creedmoor-sp-131-graos\/","og_site_name":"Bulk Ammunition shop","article_modified_time":"2022-11-01T09:16:02+00:00","og_image":[{"width":600,"height":600,"url":"http:\/\/www.bulkammunitionshop.com\/wp-content\/uploads\/2022\/05\/707754_ts-600x600-1.jpg","type":"image\/jpeg"}],"twitter_card":"summary_large_image","schema":{"@context":"https:\/\/schema.org","@graph":[{"@type":"WebPage","@id":"https:\/\/www.bulkammunitionshop.com\/product\/500-rounds-of-sellier-bellot-6-5mm-creedmoor-sp-131-grain\/","url":"https:\/\/www.bulkammunitionshop.com\/product\/500-rounds-of-sellier-bellot-6-5mm-creedmoor-sp-131-grain\/","name":"500 cartuchos Sellier &amp; Bellot, 6,5 mm Creedmoor, SP, 131 gr\u00e3os - Loja de muni\u00e7\u00e3o a granel","isPartOf":{"@id":"https:\/\/www.bulkammunitionshop.com\/#website"},"primaryImageOfPage":{"@id":"https:\/\/www.bulkammunitionshop.com\/product\/500-rounds-of-sellier-bellot-6-5mm-creedmoor-sp-131-grain\/#primaryimage"},"image":{"@id":"https:\/\/www.bulkammunitionshop.com\/product\/500-rounds-of-sellier-bellot-6-5mm-creedmoor-sp-131-grain\/#primaryimage"},"thumbnailUrl":"https:\/\/www.bulkammunitionshop.com\/wp-content\/uploads\/2022\/05\/707754_ts-600x600-1.jpg","datePublished":"2022-05-21T16:28:31+00:00","dateModified":"2022-11-01T09:16:02+00:00","breadcrumb":{"@id":"https:\/\/www.bulkammunitionshop.com\/product\/500-rounds-of-sellier-bellot-6-5mm-creedmoor-sp-131-grain\/#breadcrumb"},"inLanguage":"pt-PT","potentialAction":[{"@type":"ReadAction","target":["https:\/\/www.bulkammunitionshop.com\/product\/500-rounds-of-sellier-bellot-6-5mm-creedmoor-sp-131-grain\/"]}]},{"@type":"ImageObject","inLanguage":"pt-PT","@id":"https:\/\/www.bulkammunitionshop.com\/product\/500-rounds-of-sellier-bellot-6-5mm-creedmoor-sp-131-grain\/#primaryimage","url":"https:\/\/www.bulkammunitionshop.com\/wp-content\/uploads\/2022\/05\/707754_ts-600x600-1.jpg","contentUrl":"https:\/\/www.bulkammunitionshop.com\/wp-content\/uploads\/2022\/05\/707754_ts-600x600-1.jpg","width":600,"height":600},{"@type":"BreadcrumbList","@id":"https:\/\/www.bulkammunitionshop.com\/product\/500-rounds-of-sellier-bellot-6-5mm-creedmoor-sp-131-grain\/#breadcrumb","itemListElement":[{"@type":"ListItem","position":1,"name":"Home","item":"https:\/\/www.bulkammunitionshop.com\/"},{"@type":"ListItem","position":2,"name":"SHOP ALL","item":"https:\/\/www.bulkammunitionshop.com\/shop-all\/"},{"@type":"ListItem","position":3,"name":"500 Rounds Of Sellier &#038; Bellot, 6.5mm Creedmoor, SP, 131 Grain"}]},{"@type":"WebSite","@id":"https:\/\/www.bulkammunitionshop.com\/#website","url":"https:\/\/www.bulkammunitionshop.com\/","name":"Loja de muni\u00e7\u00e3o a granel","description":"Compre muni\u00e7\u00e3o a granel barata online - Muni\u00e7\u00e3o a granel \u00e0 venda - Muni\u00e7\u00e3o barata online","potentialAction":[{"@type":"SearchAction","target":{"@type":"EntryPoint","urlTemplate":"https:\/\/www.bulkammunitionshop.com\/?s={search_term_string}"},"query-input":{"@type":"PropertyValueSpecification","valueRequired":true,"valueName":"search_term_string"}}],"inLanguage":"pt-PT"}]}},"jetpack_sharing_enabled":true,"_links":{"self":[{"href":"https:\/\/www.bulkammunitionshop.com\/pt\/wp-json\/wp\/v2\/product\/1518","targetHints":{"allow":["GET"]}}],"collection":[{"href":"https:\/\/www.bulkammunitionshop.com\/pt\/wp-json\/wp\/v2\/product"}],"about":[{"href":"https:\/\/www.bulkammunitionshop.com\/pt\/wp-json\/wp\/v2\/types\/product"}],"replies":[{"embeddable":true,"href":"https:\/\/www.bulkammunitionshop.com\/pt\/wp-json\/wp\/v2\/comments?post=1518"}],"wp:featuredmedia":[{"embeddable":true,"href":"https:\/\/www.bulkammunitionshop.com\/pt\/wp-json\/wp\/v2\/media\/1548"}],"wp:attachment":[{"href":"https:\/\/www.bulkammunitionshop.com\/pt\/wp-json\/wp\/v2\/media?parent=1518"}],"wp:term":[{"taxonomy":"product_brand","embeddable":true,"href":"https:\/\/www.bulkammunitionshop.com\/pt\/wp-json\/wp\/v2\/product_brand?post=1518"},{"taxonomy":"product_cat","embeddable":true,"href":"https:\/\/www.bulkammunitionshop.com\/pt\/wp-json\/wp\/v2\/product_cat?post=1518"},{"taxonomy":"product_tag","embeddable":true,"href":"https:\/\/www.bulkammunitionshop.com\/pt\/wp-json\/wp\/v2\/product_tag?post=1518"}],"curies":[{"name":"wp","href":"https:\/\/api.w.org\/{rel}","templated":true}]}}