{"id":1237,"date":"2022-05-21T16:24:15","date_gmt":"2022-05-21T16:24:15","guid":{"rendered":"https:\/\/www.bulkammunitionshop.com\/?post_type=product&#038;p=1237"},"modified":"2022-05-21T16:24:49","modified_gmt":"2022-05-21T16:24:49","slug":"500rds-of-federal-premium-centerfire-handgun-ammunition-38-special-148-grain","status":"publish","type":"product","link":"https:\/\/www.bulkammunitionshop.com\/pt\/produto\/500rds-of-federal-premium-centerfire-handgun-ammunition-38-special-148-grain\/","title":{"rendered":"500Rds of Federal Premium Centerfire Handgun Ammunition .38 Special 148 grain"},"content":{"rendered":"<h1><strong>Descri\u00e7\u00e3o<\/strong><\/h1>\n<div id=\"product-caption-block-description\" class=\"product-caption-block\">\n<p>If you&#8217;re a competition shooter there is no better choice than Federal Premium Gold Medal Match ammunition. Our Lead Wadcutter Full Metal Jacket and Full Metal Jacket Semi-Wadcutter Match bullets are unequaled in match-grade performance. Choose from our .38 Special and .45 Auto products to seal your victory.<\/p>\n<\/div>\n<div id=\"product-caption-block-manufacture-specification\" class=\"product-caption-block\">\n<ul>\n<li>Match-grade primers<\/li>\n<li>Competition-grade match bullets<\/li>\n<li>Premium brass<\/li>\n<\/ul>\n<\/div>\n<table class=\"spec-table\" border=\"0\" cellspacing=\"0\" cellpadding=\"0\">\n<tbody>\n<tr>\n<td class=\"spec-left-column\">Calibre:<\/td>\n<td width=\"50%\">.38 Special<\/td>\n<\/tr>\n<tr>\n<td class=\"spec-left-column\">N\u00famero de rodadas:<\/td>\n<td width=\"50%\">500<\/td>\n<\/tr>\n<tr>\n<td class=\"spec-left-column\">Tipo de bala:<\/td>\n<td width=\"50%\">Lead Wadcutter<\/td>\n<\/tr>\n<tr>\n<td class=\"spec-left-column\">Peso da bala:<\/td>\n<td width=\"50%\">148 grain<\/td>\n<\/tr>\n<tr>\n<td class=\"spec-left-column\">Velocidade inicial:<\/td>\n<td width=\"50%\">690 ft\/s<\/td>\n<\/tr>\n<tr>\n<td class=\"spec-left-column\">Localiza\u00e7\u00e3o do Primer:<\/td>\n<td width=\"50%\">Fogo central<\/td>\n<\/tr>\n<\/tbody>\n<\/table>\n<p>&nbsp;<\/p>","protected":false},"excerpt":{"rendered":"<p>Description If you&#8217;re a competition shooter there is no better choice than Federal Premium Gold Medal Match ammunition. Our Lead Wadcutter Full Metal Jacket and Full Metal Jacket Semi-Wadcutter Match bullets are unequaled in match-grade performance. Choose from our .38 Special and .45 Auto products to seal your victory. Match-grade primers Competition-grade match bullets Premium [&#8230;]","protected":false},"featured_media":1281,"comment_status":"open","ping_status":"closed","template":"","meta":[],"product_brand":[],"product_cat":[145,112],"product_tag":[],"class_list":{"0":"post-1237","1":"product","2":"type-product","3":"status-publish","4":"has-post-thumbnail","6":"product_cat-38-special","7":"product_cat-handgun-ammo","9":"first","10":"instock","11":"taxable","12":"shipping-taxable","13":"purchasable","14":"product-type-simple"},"yoast_head":"<!-- This site is optimized with the Yoast SEO Premium plugin v24.6 (Yoast SEO v25.7) - https:\/\/yoast.com\/wordpress\/plugins\/seo\/ -->\n<title>500Rds of Federal Premium Centerfire Handgun Ammunition .38 Special 148 grain - Bulk Ammunition shop<\/title>\n<meta name=\"robots\" content=\"index, follow, max-snippet:-1, max-image-preview:large, max-video-preview:-1\" \/>\n<link rel=\"canonical\" href=\"https:\/\/www.bulkammunitionshop.com\/pt\/produto\/500rds-of-federal-premium-centerfire-handgun-ammunition-38-special-148-grain\/\" \/>\n<meta property=\"og:locale\" content=\"pt_PT\" \/>\n<meta property=\"og:type\" content=\"article\" \/>\n<meta property=\"og:title\" content=\"500Rds of Federal Premium Centerfire Handgun Ammunition .38 Special 148 grain\" \/>\n<meta property=\"og:description\" content=\"Description If you&#8217;re a competition shooter there is no better choice than Federal Premium Gold Medal Match ammunition. Our Lead Wadcutter Full Metal Jacket and Full Metal Jacket Semi-Wadcutter Match bullets are unequaled in match-grade performance. Choose from our .38 Special and .45 Auto products to seal your victory. Match-grade primers Competition-grade match bullets Premium [...]\" \/>\n<meta property=\"og:url\" content=\"https:\/\/www.bulkammunitionshop.com\/pt\/produto\/500rds-of-federal-premium-centerfire-handgun-ammunition-38-special-148-grain\/\" \/>\n<meta property=\"og:site_name\" content=\"Bulk Ammunition shop\" \/>\n<meta property=\"article:modified_time\" content=\"2022-05-21T16:24:49+00:00\" \/>\n<meta property=\"og:image\" content=\"https:\/\/i0.wp.com\/www.bulkammunitionshop.com\/wp-content\/uploads\/2022\/05\/opplanet-federal-premium-gold-medal-pistol-ammo-38-special-lead-wadcutter-148-grain-50-rounds-gm38a-av-1.jpg?fit=978%2C550&ssl=1\" \/>\n\t<meta property=\"og:image:width\" content=\"978\" \/>\n\t<meta property=\"og:image:height\" content=\"550\" \/>\n\t<meta property=\"og:image:type\" content=\"image\/jpeg\" \/>\n<meta name=\"twitter:card\" content=\"summary_large_image\" \/>\n<script type=\"application\/ld+json\" class=\"yoast-schema-graph\">{\"@context\":\"https:\/\/schema.org\",\"@graph\":[{\"@type\":\"WebPage\",\"@id\":\"https:\/\/www.bulkammunitionshop.com\/product\/500rds-of-federal-premium-centerfire-handgun-ammunition-38-special-148-grain\/\",\"url\":\"https:\/\/www.bulkammunitionshop.com\/product\/500rds-of-federal-premium-centerfire-handgun-ammunition-38-special-148-grain\/\",\"name\":\"500Rds of Federal Premium Centerfire Handgun Ammunition .38 Special 148 grain - Bulk Ammunition shop\",\"isPartOf\":{\"@id\":\"https:\/\/www.bulkammunitionshop.com\/#website\"},\"primaryImageOfPage\":{\"@id\":\"https:\/\/www.bulkammunitionshop.com\/product\/500rds-of-federal-premium-centerfire-handgun-ammunition-38-special-148-grain\/#primaryimage\"},\"image\":{\"@id\":\"https:\/\/www.bulkammunitionshop.com\/product\/500rds-of-federal-premium-centerfire-handgun-ammunition-38-special-148-grain\/#primaryimage\"},\"thumbnailUrl\":\"https:\/\/www.bulkammunitionshop.com\/wp-content\/uploads\/2022\/05\/opplanet-federal-premium-gold-medal-pistol-ammo-38-special-lead-wadcutter-148-grain-50-rounds-gm38a-av-1.jpg\",\"datePublished\":\"2022-05-21T16:24:15+00:00\",\"dateModified\":\"2022-05-21T16:24:49+00:00\",\"breadcrumb\":{\"@id\":\"https:\/\/www.bulkammunitionshop.com\/product\/500rds-of-federal-premium-centerfire-handgun-ammunition-38-special-148-grain\/#breadcrumb\"},\"inLanguage\":\"pt-PT\",\"potentialAction\":[{\"@type\":\"ReadAction\",\"target\":[\"https:\/\/www.bulkammunitionshop.com\/product\/500rds-of-federal-premium-centerfire-handgun-ammunition-38-special-148-grain\/\"]}]},{\"@type\":\"ImageObject\",\"inLanguage\":\"pt-PT\",\"@id\":\"https:\/\/www.bulkammunitionshop.com\/product\/500rds-of-federal-premium-centerfire-handgun-ammunition-38-special-148-grain\/#primaryimage\",\"url\":\"https:\/\/www.bulkammunitionshop.com\/wp-content\/uploads\/2022\/05\/opplanet-federal-premium-gold-medal-pistol-ammo-38-special-lead-wadcutter-148-grain-50-rounds-gm38a-av-1.jpg\",\"contentUrl\":\"https:\/\/www.bulkammunitionshop.com\/wp-content\/uploads\/2022\/05\/opplanet-federal-premium-gold-medal-pistol-ammo-38-special-lead-wadcutter-148-grain-50-rounds-gm38a-av-1.jpg\",\"width\":978,\"height\":550},{\"@type\":\"BreadcrumbList\",\"@id\":\"https:\/\/www.bulkammunitionshop.com\/product\/500rds-of-federal-premium-centerfire-handgun-ammunition-38-special-148-grain\/#breadcrumb\",\"itemListElement\":[{\"@type\":\"ListItem\",\"position\":1,\"name\":\"Home\",\"item\":\"https:\/\/www.bulkammunitionshop.com\/\"},{\"@type\":\"ListItem\",\"position\":2,\"name\":\"SHOP ALL\",\"item\":\"https:\/\/www.bulkammunitionshop.com\/shop-all\/\"},{\"@type\":\"ListItem\",\"position\":3,\"name\":\"500Rds of Federal Premium Centerfire Handgun Ammunition .38 Special 148 grain\"}]},{\"@type\":\"WebSite\",\"@id\":\"https:\/\/www.bulkammunitionshop.com\/#website\",\"url\":\"https:\/\/www.bulkammunitionshop.com\/\",\"name\":\"Bulk Ammunition shop\",\"description\":\"Buy Cheap Bulk Ammo Online - Bulk Ammo for Sale- Cheap Ammo Online\",\"potentialAction\":[{\"@type\":\"SearchAction\",\"target\":{\"@type\":\"EntryPoint\",\"urlTemplate\":\"https:\/\/www.bulkammunitionshop.com\/?s={search_term_string}\"},\"query-input\":{\"@type\":\"PropertyValueSpecification\",\"valueRequired\":true,\"valueName\":\"search_term_string\"}}],\"inLanguage\":\"pt-PT\"}]}<\/script>\n<!-- \/ Yoast SEO Premium plugin. -->","yoast_head_json":{"title":"500Rds of Federal Premium Centerfire Handgun Ammunition .38 Special 148 grain - Bulk Ammunition shop","robots":{"index":"index","follow":"follow","max-snippet":"max-snippet:-1","max-image-preview":"max-image-preview:large","max-video-preview":"max-video-preview:-1"},"canonical":"https:\/\/www.bulkammunitionshop.com\/pt\/produto\/500rds-of-federal-premium-centerfire-handgun-ammunition-38-special-148-grain\/","og_locale":"pt_PT","og_type":"article","og_title":"500Rds of Federal Premium Centerfire Handgun Ammunition .38 Special 148 grain","og_description":"Description If you&#8217;re a competition shooter there is no better choice than Federal Premium Gold Medal Match ammunition. Our Lead Wadcutter Full Metal Jacket and Full Metal Jacket Semi-Wadcutter Match bullets are unequaled in match-grade performance. Choose from our .38 Special and .45 Auto products to seal your victory. Match-grade primers Competition-grade match bullets Premium [...]","og_url":"https:\/\/www.bulkammunitionshop.com\/pt\/produto\/500rds-of-federal-premium-centerfire-handgun-ammunition-38-special-148-grain\/","og_site_name":"Bulk Ammunition shop","article_modified_time":"2022-05-21T16:24:49+00:00","og_image":[{"width":978,"height":550,"url":"https:\/\/i0.wp.com\/www.bulkammunitionshop.com\/wp-content\/uploads\/2022\/05\/opplanet-federal-premium-gold-medal-pistol-ammo-38-special-lead-wadcutter-148-grain-50-rounds-gm38a-av-1.jpg?fit=978%2C550&ssl=1","type":"image\/jpeg"}],"twitter_card":"summary_large_image","schema":{"@context":"https:\/\/schema.org","@graph":[{"@type":"WebPage","@id":"https:\/\/www.bulkammunitionshop.com\/product\/500rds-of-federal-premium-centerfire-handgun-ammunition-38-special-148-grain\/","url":"https:\/\/www.bulkammunitionshop.com\/product\/500rds-of-federal-premium-centerfire-handgun-ammunition-38-special-148-grain\/","name":"500Rds of Federal Premium Centerfire Handgun Ammunition .38 Special 148 grain - Bulk Ammunition shop","isPartOf":{"@id":"https:\/\/www.bulkammunitionshop.com\/#website"},"primaryImageOfPage":{"@id":"https:\/\/www.bulkammunitionshop.com\/product\/500rds-of-federal-premium-centerfire-handgun-ammunition-38-special-148-grain\/#primaryimage"},"image":{"@id":"https:\/\/www.bulkammunitionshop.com\/product\/500rds-of-federal-premium-centerfire-handgun-ammunition-38-special-148-grain\/#primaryimage"},"thumbnailUrl":"https:\/\/www.bulkammunitionshop.com\/wp-content\/uploads\/2022\/05\/opplanet-federal-premium-gold-medal-pistol-ammo-38-special-lead-wadcutter-148-grain-50-rounds-gm38a-av-1.jpg","datePublished":"2022-05-21T16:24:15+00:00","dateModified":"2022-05-21T16:24:49+00:00","breadcrumb":{"@id":"https:\/\/www.bulkammunitionshop.com\/product\/500rds-of-federal-premium-centerfire-handgun-ammunition-38-special-148-grain\/#breadcrumb"},"inLanguage":"pt-PT","potentialAction":[{"@type":"ReadAction","target":["https:\/\/www.bulkammunitionshop.com\/product\/500rds-of-federal-premium-centerfire-handgun-ammunition-38-special-148-grain\/"]}]},{"@type":"ImageObject","inLanguage":"pt-PT","@id":"https:\/\/www.bulkammunitionshop.com\/product\/500rds-of-federal-premium-centerfire-handgun-ammunition-38-special-148-grain\/#primaryimage","url":"https:\/\/www.bulkammunitionshop.com\/wp-content\/uploads\/2022\/05\/opplanet-federal-premium-gold-medal-pistol-ammo-38-special-lead-wadcutter-148-grain-50-rounds-gm38a-av-1.jpg","contentUrl":"https:\/\/www.bulkammunitionshop.com\/wp-content\/uploads\/2022\/05\/opplanet-federal-premium-gold-medal-pistol-ammo-38-special-lead-wadcutter-148-grain-50-rounds-gm38a-av-1.jpg","width":978,"height":550},{"@type":"BreadcrumbList","@id":"https:\/\/www.bulkammunitionshop.com\/product\/500rds-of-federal-premium-centerfire-handgun-ammunition-38-special-148-grain\/#breadcrumb","itemListElement":[{"@type":"ListItem","position":1,"name":"Home","item":"https:\/\/www.bulkammunitionshop.com\/"},{"@type":"ListItem","position":2,"name":"SHOP ALL","item":"https:\/\/www.bulkammunitionshop.com\/shop-all\/"},{"@type":"ListItem","position":3,"name":"500Rds of Federal Premium Centerfire Handgun Ammunition .38 Special 148 grain"}]},{"@type":"WebSite","@id":"https:\/\/www.bulkammunitionshop.com\/#website","url":"https:\/\/www.bulkammunitionshop.com\/","name":"Loja de muni\u00e7\u00e3o a granel","description":"Compre muni\u00e7\u00e3o a granel barata online - Muni\u00e7\u00e3o a granel \u00e0 venda - Muni\u00e7\u00e3o barata online","potentialAction":[{"@type":"SearchAction","target":{"@type":"EntryPoint","urlTemplate":"https:\/\/www.bulkammunitionshop.com\/?s={search_term_string}"},"query-input":{"@type":"PropertyValueSpecification","valueRequired":true,"valueName":"search_term_string"}}],"inLanguage":"pt-PT"}]}},"jetpack_sharing_enabled":true,"_links":{"self":[{"href":"https:\/\/www.bulkammunitionshop.com\/pt\/wp-json\/wp\/v2\/product\/1237","targetHints":{"allow":["GET"]}}],"collection":[{"href":"https:\/\/www.bulkammunitionshop.com\/pt\/wp-json\/wp\/v2\/product"}],"about":[{"href":"https:\/\/www.bulkammunitionshop.com\/pt\/wp-json\/wp\/v2\/types\/product"}],"replies":[{"embeddable":true,"href":"https:\/\/www.bulkammunitionshop.com\/pt\/wp-json\/wp\/v2\/comments?post=1237"}],"wp:featuredmedia":[{"embeddable":true,"href":"https:\/\/www.bulkammunitionshop.com\/pt\/wp-json\/wp\/v2\/media\/1281"}],"wp:attachment":[{"href":"https:\/\/www.bulkammunitionshop.com\/pt\/wp-json\/wp\/v2\/media?parent=1237"}],"wp:term":[{"taxonomy":"product_brand","embeddable":true,"href":"https:\/\/www.bulkammunitionshop.com\/pt\/wp-json\/wp\/v2\/product_brand?post=1237"},{"taxonomy":"product_cat","embeddable":true,"href":"https:\/\/www.bulkammunitionshop.com\/pt\/wp-json\/wp\/v2\/product_cat?post=1237"},{"taxonomy":"product_tag","embeddable":true,"href":"https:\/\/www.bulkammunitionshop.com\/pt\/wp-json\/wp\/v2\/product_tag?post=1237"}],"curies":[{"name":"wp","href":"https:\/\/api.w.org\/{rel}","templated":true}]}}