{"id":975,"date":"2022-05-21T16:20:20","date_gmt":"2022-05-21T16:20:20","guid":{"rendered":"https:\/\/www.bulkammunitionshop.com\/?post_type=product&#038;p=975"},"modified":"2022-05-21T16:20:52","modified_gmt":"2022-05-21T16:20:52","slug":"1000rds-of-liberty-ammunition-civil-defense-45-acp-p-78-grain-hollow-point-brass-cased","status":"publish","type":"product","link":"https:\/\/www.bulkammunitionshop.com\/pl\/produkt\/1000rds-of-liberty-ammunition-civil-defense-45-acp-p-78-grain-hollow-point-brass-cased\/","title":{"rendered":"1000rds of Liberty Ammunition Civil Defense .45 ACP +P 78 grain Hollow Point Brass Cased"},"content":{"rendered":"<h2>Opis<\/h2>\n<div id=\"product-caption-block-description\" class=\"product-caption-block\">\n<p>Trust the\u00a0<strong>Liberty Ammunition 45 ACP 78 Grain Hollow Point<\/strong>\u00a0to protect you against daily threats with its reliable firepower and devastating impact upon striking a target.\u00a0Liberty Ammunition\u00a0crafted this\u00a045 ACP Ammunition\u00a0with enhanced stopping power with\u00a0<strong>reduced over-penetration<\/strong>\u00a0to achieve maximum damage without endangering innocent civilians. These Liberty Ammunition .45 ACP 78gr Hollow Point Rounds offer\u00a0<strong>24-31% less felt recoil<\/strong>\u00a0which will improve your precision with each shot fired. Each bullet will fire with vigorous velocity and ample kinetic energy to cripple targets, ensuring clean and efficient takedowns. Stay protected and ready to diffuse dangerous situations while equipped with\u00a0<strong>Liberty Ammunition Civil Defense 45 ACP+P 78 Ammo<\/strong>.<\/p>\n<\/div>\n<div id=\"product-caption-block-manufacture-specification\" class=\"product-caption-block\">\n<h3>Specifications for Liberty Ammunition Civil Defense .45 ACP +P 78 grain Hollow Point Brass Cased Centerfire Pistol Ammunition:<\/h3>\n<table class=\"spec-table\" border=\"0\" cellspacing=\"0\" cellpadding=\"0\">\n<tbody>\n<tr>\n<td class=\"spec-left-column\">Kaliber:<\/td>\n<td width=\"50%\">.45 ACP<\/td>\n<\/tr>\n<tr>\n<td class=\"spec-left-column\">Liczba rund:<\/td>\n<td width=\"50%\">1000<\/td>\n<\/tr>\n<tr>\n<td class=\"spec-left-column\">Typ pocisku:<\/td>\n<td width=\"50%\">Hollow Point (HP)<\/td>\n<\/tr>\n<tr>\n<td class=\"spec-left-column\">Masa pocisku:<\/td>\n<td width=\"50%\">78 grain<\/td>\n<\/tr>\n<tr>\n<td class=\"spec-left-column\">Materia\u0142 \u0142uski naboju:<\/td>\n<td width=\"50%\">Mosi\u0105dz<\/td>\n<\/tr>\n<tr>\n<td class=\"spec-left-column\">Package-Type:<\/td>\n<td width=\"50%\">Skrzynka<\/td>\n<\/tr>\n<tr>\n<td class=\"spec-left-column\">Lokalizacja podk\u0142adu:<\/td>\n<td width=\"50%\">Centralny zap\u0142on<\/td>\n<\/tr>\n<\/tbody>\n<\/table>\n<\/div>\n<div id=\"product-caption-block-features\" class=\"product-caption-block\">\n<h3>Features of Liberty Ammunition Civil Defense .45 ACP +P 78 grain Hollow Point Brass Cased Centerfire Pistol Ammunition:<\/h3>\n<ul>\n<li>24 to 31% less felt recoil<\/li>\n<li>90 to 106% more velocity<\/li>\n<li>29 to 38% more kinetic energy<\/li>\n<li>Reduced over-penetration<\/li>\n<li>More stopping power<\/li>\n<li>Velocity: 1900 FPS<\/li>\n<li>Kinetic Energy: 600 FPE<\/li>\n<li>The entire Civil Defense line is lead-free and California compliant<\/li>\n<\/ul>\n<\/div>\n<div id=\"product-caption-block-package-content\" class=\"product-caption-block\">\n<h3>Zawarto\u015b\u0107 opakowania:<\/h3>\n<ul>\n<li><strong>Liberty Ammunition Civil Defense .45 ACP +P 78 grain Hollow Point Brass Cased Centerfire Pistol Ammunition<\/strong><\/li>\n<\/ul>\n<\/div>","protected":false},"excerpt":{"rendered":"<p>Description Trust the\u00a0Liberty Ammunition 45 ACP 78 Grain Hollow Point\u00a0to protect you against daily threats with its reliable firepower and devastating impact upon striking a target.\u00a0Liberty Ammunition\u00a0crafted this\u00a045 ACP Ammunition\u00a0with enhanced stopping power with\u00a0reduced over-penetration\u00a0to achieve maximum damage without endangering innocent civilians. These Liberty Ammunition .45 ACP 78gr Hollow Point Rounds offer\u00a024-31% less felt recoil\u00a0which [&#8230;]","protected":false},"featured_media":1027,"comment_status":"open","ping_status":"closed","template":"","meta":[],"product_brand":[],"product_cat":[191,112],"product_tag":[],"class_list":{"0":"post-975","1":"product","2":"type-product","3":"status-publish","4":"has-post-thumbnail","6":"product_cat-45acp-brass","7":"product_cat-handgun-ammo","9":"first","10":"instock","11":"taxable","12":"shipping-taxable","13":"purchasable","14":"product-type-simple"},"yoast_head":"<!-- This site is optimized with the Yoast SEO Premium plugin v24.6 (Yoast SEO v25.7) - https:\/\/yoast.com\/wordpress\/plugins\/seo\/ -->\n<title>1000rds of Liberty Ammunition Civil Defense .45 ACP +P 78 grain Hollow Point Brass Cased - Bulk Ammunition shop<\/title>\n<meta name=\"robots\" content=\"index, follow, max-snippet:-1, max-image-preview:large, max-video-preview:-1\" \/>\n<link rel=\"canonical\" href=\"https:\/\/www.bulkammunitionshop.com\/pl\/produkt\/1000rds-of-liberty-ammunition-civil-defense-45-acp-p-78-grain-hollow-point-brass-cased\/\" \/>\n<meta property=\"og:locale\" content=\"pl_PL\" \/>\n<meta property=\"og:type\" content=\"article\" \/>\n<meta property=\"og:title\" content=\"1000rds of Liberty Ammunition Civil Defense .45 ACP +P 78 grain Hollow Point Brass Cased\" \/>\n<meta property=\"og:description\" content=\"Description Trust the\u00a0Liberty Ammunition 45 ACP 78 Grain Hollow Point\u00a0to protect you against daily threats with its reliable firepower and devastating impact upon striking a target.\u00a0Liberty Ammunition\u00a0crafted this\u00a045 ACP Ammunition\u00a0with enhanced stopping power with\u00a0reduced over-penetration\u00a0to achieve maximum damage without endangering innocent civilians. These Liberty Ammunition .45 ACP 78gr Hollow Point Rounds offer\u00a024-31% less felt recoil\u00a0which [...]\" \/>\n<meta property=\"og:url\" content=\"https:\/\/www.bulkammunitionshop.com\/pl\/produkt\/1000rds-of-liberty-ammunition-civil-defense-45-acp-p-78-grain-hollow-point-brass-cased\/\" \/>\n<meta property=\"og:site_name\" content=\"Bulk Ammunition shop\" \/>\n<meta property=\"article:modified_time\" content=\"2022-05-21T16:20:52+00:00\" \/>\n<meta property=\"og:image\" content=\"https:\/\/i0.wp.com\/www.bulkammunitionshop.com\/wp-content\/uploads\/2022\/05\/liberty-ammunition-civil-defense-ammo-45-acp-p-78-grain-hollow-point-20-rounds-la-cd-45-013-main-600x337-1.jpg?fit=600%2C337&ssl=1\" \/>\n\t<meta property=\"og:image:width\" content=\"600\" \/>\n\t<meta property=\"og:image:height\" content=\"337\" \/>\n\t<meta property=\"og:image:type\" content=\"image\/jpeg\" \/>\n<meta name=\"twitter:card\" content=\"summary_large_image\" \/>\n<meta name=\"twitter:label1\" content=\"Szacowany czas czytania\" \/>\n\t<meta name=\"twitter:data1\" content=\"1 minuta\" \/>\n<script type=\"application\/ld+json\" class=\"yoast-schema-graph\">{\"@context\":\"https:\/\/schema.org\",\"@graph\":[{\"@type\":\"WebPage\",\"@id\":\"https:\/\/www.bulkammunitionshop.com\/product\/1000rds-of-liberty-ammunition-civil-defense-45-acp-p-78-grain-hollow-point-brass-cased\/\",\"url\":\"https:\/\/www.bulkammunitionshop.com\/product\/1000rds-of-liberty-ammunition-civil-defense-45-acp-p-78-grain-hollow-point-brass-cased\/\",\"name\":\"1000rds of Liberty Ammunition Civil Defense .45 ACP +P 78 grain Hollow Point Brass Cased - Bulk Ammunition shop\",\"isPartOf\":{\"@id\":\"https:\/\/www.bulkammunitionshop.com\/#website\"},\"primaryImageOfPage\":{\"@id\":\"https:\/\/www.bulkammunitionshop.com\/product\/1000rds-of-liberty-ammunition-civil-defense-45-acp-p-78-grain-hollow-point-brass-cased\/#primaryimage\"},\"image\":{\"@id\":\"https:\/\/www.bulkammunitionshop.com\/product\/1000rds-of-liberty-ammunition-civil-defense-45-acp-p-78-grain-hollow-point-brass-cased\/#primaryimage\"},\"thumbnailUrl\":\"https:\/\/www.bulkammunitionshop.com\/wp-content\/uploads\/2022\/05\/liberty-ammunition-civil-defense-ammo-45-acp-p-78-grain-hollow-point-20-rounds-la-cd-45-013-main-600x337-1.jpg\",\"datePublished\":\"2022-05-21T16:20:20+00:00\",\"dateModified\":\"2022-05-21T16:20:52+00:00\",\"breadcrumb\":{\"@id\":\"https:\/\/www.bulkammunitionshop.com\/product\/1000rds-of-liberty-ammunition-civil-defense-45-acp-p-78-grain-hollow-point-brass-cased\/#breadcrumb\"},\"inLanguage\":\"pl-PL\",\"potentialAction\":[{\"@type\":\"ReadAction\",\"target\":[\"https:\/\/www.bulkammunitionshop.com\/product\/1000rds-of-liberty-ammunition-civil-defense-45-acp-p-78-grain-hollow-point-brass-cased\/\"]}]},{\"@type\":\"ImageObject\",\"inLanguage\":\"pl-PL\",\"@id\":\"https:\/\/www.bulkammunitionshop.com\/product\/1000rds-of-liberty-ammunition-civil-defense-45-acp-p-78-grain-hollow-point-brass-cased\/#primaryimage\",\"url\":\"https:\/\/www.bulkammunitionshop.com\/wp-content\/uploads\/2022\/05\/liberty-ammunition-civil-defense-ammo-45-acp-p-78-grain-hollow-point-20-rounds-la-cd-45-013-main-600x337-1.jpg\",\"contentUrl\":\"https:\/\/www.bulkammunitionshop.com\/wp-content\/uploads\/2022\/05\/liberty-ammunition-civil-defense-ammo-45-acp-p-78-grain-hollow-point-20-rounds-la-cd-45-013-main-600x337-1.jpg\",\"width\":600,\"height\":337},{\"@type\":\"BreadcrumbList\",\"@id\":\"https:\/\/www.bulkammunitionshop.com\/product\/1000rds-of-liberty-ammunition-civil-defense-45-acp-p-78-grain-hollow-point-brass-cased\/#breadcrumb\",\"itemListElement\":[{\"@type\":\"ListItem\",\"position\":1,\"name\":\"Home\",\"item\":\"https:\/\/www.bulkammunitionshop.com\/\"},{\"@type\":\"ListItem\",\"position\":2,\"name\":\"SHOP ALL\",\"item\":\"https:\/\/www.bulkammunitionshop.com\/shop-all\/\"},{\"@type\":\"ListItem\",\"position\":3,\"name\":\"1000rds of Liberty Ammunition Civil Defense .45 ACP +P 78 grain Hollow Point Brass Cased\"}]},{\"@type\":\"WebSite\",\"@id\":\"https:\/\/www.bulkammunitionshop.com\/#website\",\"url\":\"https:\/\/www.bulkammunitionshop.com\/\",\"name\":\"Bulk Ammunition shop\",\"description\":\"Buy Cheap Bulk Ammo Online - Bulk Ammo for Sale- Cheap Ammo Online\",\"potentialAction\":[{\"@type\":\"SearchAction\",\"target\":{\"@type\":\"EntryPoint\",\"urlTemplate\":\"https:\/\/www.bulkammunitionshop.com\/?s={search_term_string}\"},\"query-input\":{\"@type\":\"PropertyValueSpecification\",\"valueRequired\":true,\"valueName\":\"search_term_string\"}}],\"inLanguage\":\"pl-PL\"}]}<\/script>\n<!-- \/ Yoast SEO Premium plugin. -->","yoast_head_json":{"title":"1000rds of Liberty Ammunition Civil Defense .45 ACP +P 78 grain Hollow Point Brass Cased - Bulk Ammunition shop","robots":{"index":"index","follow":"follow","max-snippet":"max-snippet:-1","max-image-preview":"max-image-preview:large","max-video-preview":"max-video-preview:-1"},"canonical":"https:\/\/www.bulkammunitionshop.com\/pl\/produkt\/1000rds-of-liberty-ammunition-civil-defense-45-acp-p-78-grain-hollow-point-brass-cased\/","og_locale":"pl_PL","og_type":"article","og_title":"1000rds of Liberty Ammunition Civil Defense .45 ACP +P 78 grain Hollow Point Brass Cased","og_description":"Description Trust the\u00a0Liberty Ammunition 45 ACP 78 Grain Hollow Point\u00a0to protect you against daily threats with its reliable firepower and devastating impact upon striking a target.\u00a0Liberty Ammunition\u00a0crafted this\u00a045 ACP Ammunition\u00a0with enhanced stopping power with\u00a0reduced over-penetration\u00a0to achieve maximum damage without endangering innocent civilians. These Liberty Ammunition .45 ACP 78gr Hollow Point Rounds offer\u00a024-31% less felt recoil\u00a0which [...]","og_url":"https:\/\/www.bulkammunitionshop.com\/pl\/produkt\/1000rds-of-liberty-ammunition-civil-defense-45-acp-p-78-grain-hollow-point-brass-cased\/","og_site_name":"Bulk Ammunition shop","article_modified_time":"2022-05-21T16:20:52+00:00","og_image":[{"width":600,"height":337,"url":"https:\/\/i0.wp.com\/www.bulkammunitionshop.com\/wp-content\/uploads\/2022\/05\/liberty-ammunition-civil-defense-ammo-45-acp-p-78-grain-hollow-point-20-rounds-la-cd-45-013-main-600x337-1.jpg?fit=600%2C337&ssl=1","type":"image\/jpeg"}],"twitter_card":"summary_large_image","twitter_misc":{"Szacowany czas czytania":"1 minuta"},"schema":{"@context":"https:\/\/schema.org","@graph":[{"@type":"WebPage","@id":"https:\/\/www.bulkammunitionshop.com\/product\/1000rds-of-liberty-ammunition-civil-defense-45-acp-p-78-grain-hollow-point-brass-cased\/","url":"https:\/\/www.bulkammunitionshop.com\/product\/1000rds-of-liberty-ammunition-civil-defense-45-acp-p-78-grain-hollow-point-brass-cased\/","name":"1000rds of Liberty Ammunition Civil Defense .45 ACP +P 78 grain Hollow Point Brass Cased - Bulk Ammunition shop","isPartOf":{"@id":"https:\/\/www.bulkammunitionshop.com\/#website"},"primaryImageOfPage":{"@id":"https:\/\/www.bulkammunitionshop.com\/product\/1000rds-of-liberty-ammunition-civil-defense-45-acp-p-78-grain-hollow-point-brass-cased\/#primaryimage"},"image":{"@id":"https:\/\/www.bulkammunitionshop.com\/product\/1000rds-of-liberty-ammunition-civil-defense-45-acp-p-78-grain-hollow-point-brass-cased\/#primaryimage"},"thumbnailUrl":"https:\/\/www.bulkammunitionshop.com\/wp-content\/uploads\/2022\/05\/liberty-ammunition-civil-defense-ammo-45-acp-p-78-grain-hollow-point-20-rounds-la-cd-45-013-main-600x337-1.jpg","datePublished":"2022-05-21T16:20:20+00:00","dateModified":"2022-05-21T16:20:52+00:00","breadcrumb":{"@id":"https:\/\/www.bulkammunitionshop.com\/product\/1000rds-of-liberty-ammunition-civil-defense-45-acp-p-78-grain-hollow-point-brass-cased\/#breadcrumb"},"inLanguage":"pl-PL","potentialAction":[{"@type":"ReadAction","target":["https:\/\/www.bulkammunitionshop.com\/product\/1000rds-of-liberty-ammunition-civil-defense-45-acp-p-78-grain-hollow-point-brass-cased\/"]}]},{"@type":"ImageObject","inLanguage":"pl-PL","@id":"https:\/\/www.bulkammunitionshop.com\/product\/1000rds-of-liberty-ammunition-civil-defense-45-acp-p-78-grain-hollow-point-brass-cased\/#primaryimage","url":"https:\/\/www.bulkammunitionshop.com\/wp-content\/uploads\/2022\/05\/liberty-ammunition-civil-defense-ammo-45-acp-p-78-grain-hollow-point-20-rounds-la-cd-45-013-main-600x337-1.jpg","contentUrl":"https:\/\/www.bulkammunitionshop.com\/wp-content\/uploads\/2022\/05\/liberty-ammunition-civil-defense-ammo-45-acp-p-78-grain-hollow-point-20-rounds-la-cd-45-013-main-600x337-1.jpg","width":600,"height":337},{"@type":"BreadcrumbList","@id":"https:\/\/www.bulkammunitionshop.com\/product\/1000rds-of-liberty-ammunition-civil-defense-45-acp-p-78-grain-hollow-point-brass-cased\/#breadcrumb","itemListElement":[{"@type":"ListItem","position":1,"name":"Home","item":"https:\/\/www.bulkammunitionshop.com\/"},{"@type":"ListItem","position":2,"name":"SHOP ALL","item":"https:\/\/www.bulkammunitionshop.com\/shop-all\/"},{"@type":"ListItem","position":3,"name":"1000rds of Liberty Ammunition Civil Defense .45 ACP +P 78 grain Hollow Point Brass Cased"}]},{"@type":"WebSite","@id":"https:\/\/www.bulkammunitionshop.com\/#website","url":"https:\/\/www.bulkammunitionshop.com\/","name":"Sklep z amunicj\u0105 hurtow\u0105","description":"Kup tani\u0105 amunicj\u0119 hurtow\u0105 online - Amunicja hurtowa na sprzeda\u017c - Tania amunicja online","potentialAction":[{"@type":"SearchAction","target":{"@type":"EntryPoint","urlTemplate":"https:\/\/www.bulkammunitionshop.com\/?s={search_term_string}"},"query-input":{"@type":"PropertyValueSpecification","valueRequired":true,"valueName":"search_term_string"}}],"inLanguage":"pl-PL"}]}},"jetpack_sharing_enabled":true,"_links":{"self":[{"href":"https:\/\/www.bulkammunitionshop.com\/pl\/wp-json\/wp\/v2\/product\/975","targetHints":{"allow":["GET"]}}],"collection":[{"href":"https:\/\/www.bulkammunitionshop.com\/pl\/wp-json\/wp\/v2\/product"}],"about":[{"href":"https:\/\/www.bulkammunitionshop.com\/pl\/wp-json\/wp\/v2\/types\/product"}],"replies":[{"embeddable":true,"href":"https:\/\/www.bulkammunitionshop.com\/pl\/wp-json\/wp\/v2\/comments?post=975"}],"wp:featuredmedia":[{"embeddable":true,"href":"https:\/\/www.bulkammunitionshop.com\/pl\/wp-json\/wp\/v2\/media\/1027"}],"wp:attachment":[{"href":"https:\/\/www.bulkammunitionshop.com\/pl\/wp-json\/wp\/v2\/media?parent=975"}],"wp:term":[{"taxonomy":"product_brand","embeddable":true,"href":"https:\/\/www.bulkammunitionshop.com\/pl\/wp-json\/wp\/v2\/product_brand?post=975"},{"taxonomy":"product_cat","embeddable":true,"href":"https:\/\/www.bulkammunitionshop.com\/pl\/wp-json\/wp\/v2\/product_cat?post=975"},{"taxonomy":"product_tag","embeddable":true,"href":"https:\/\/www.bulkammunitionshop.com\/pl\/wp-json\/wp\/v2\/product_tag?post=975"}],"curies":[{"name":"wp","href":"https:\/\/api.w.org\/{rel}","templated":true}]}}