{"id":1269,"date":"2022-05-21T16:24:36","date_gmt":"2022-05-21T16:24:36","guid":{"rendered":"https:\/\/www.bulkammunitionshop.com\/?post_type=product&#038;p=1269"},"modified":"2025-06-21T19:57:05","modified_gmt":"2025-06-21T19:57:05","slug":"500rds-of-winchester-dual-bond-handgun-44-magnum-240-grain-bonded-dual-jacket-brass-cased","status":"publish","type":"product","link":"https:\/\/www.bulkammunitionshop.com\/pl\/produkt\/500rds-of-winchester-dual-bond-handgun-44-magnum-240-grain-bonded-dual-jacket-brass-cased\/","title":{"rendered":"500Rds of Winchester DUAL BOND HANDGUN .44 Magnum 240 grain Bonded Dual Jacket Brass Cased"},"content":{"rendered":"<h1><strong>Opis<\/strong><\/h1>\n<p>Dual Bond is engineered using state-of-the-art &#8220;bullet within a bullet&#8221; technology. The proprietary construction and massive hollow point provides two times the expansion featuring a 12-segment design. A heavy outer jacket is mechanically bonded to the inner bullet, protecting it during deep driving penetration, which provides maximum trauma.<\/p>\n<ul>\n<li>Hollow Point Provides lethal stopping performance at a variety of ranges and impact velocities<\/li>\n<li>Heavy Outer Jacket Protects inner jacket during penetration to maximize energy transfer and knock-down power<\/li>\n<li>Bullet Within a Bullet The industry&#8217;s first 12-segment design with two times the expansion for maximum stopping power and quicker kills<\/li>\n<li>Proprietary Bonding Process Welds lead core and inner bullet jacket together &#8211; maximizing retained weight<\/li>\n<\/ul>\n<p>&nbsp;<\/p>\n<table class=\"spec-table\" border=\"0\" cellspacing=\"0\" cellpadding=\"0\">\n<tbody>\n<tr>\n<td class=\"spec-left-column\">Kaliber:<\/td>\n<td width=\"50%\">.44 Magnum<\/td>\n<\/tr>\n<tr>\n<td class=\"spec-left-column\">Liczba rund:<\/td>\n<td width=\"50%\">500<\/td>\n<\/tr>\n<tr>\n<td class=\"spec-left-column\">Typ pocisku:<\/td>\n<td width=\"50%\">Bonded Dual Jacket (BDJ)<\/td>\n<\/tr>\n<tr>\n<td class=\"spec-left-column\">Masa pocisku:<\/td>\n<td width=\"50%\">240 grain<\/td>\n<\/tr>\n<tr>\n<td class=\"spec-left-column\">Materia\u0142 \u0142uski naboju:<\/td>\n<td width=\"50%\">Mosi\u0105dz<\/td>\n<\/tr>\n<tr>\n<td class=\"spec-left-column\">Pr\u0119dko\u015b\u0107 pocz\u0105tkowa:<\/td>\n<td width=\"50%\">1250 ft\/s<\/td>\n<\/tr>\n<tr>\n<td class=\"spec-left-column\">Lokalizacja podk\u0142adu:<\/td>\n<td width=\"50%\">Centralny zap\u0142on<\/td>\n<\/tr>\n<tr>\n<td class=\"spec-left-column\">Energia wylotowa:<\/td>\n<td width=\"50%\">867 ft-lbs<\/td>\n<\/tr>\n<\/tbody>\n<\/table>\n<p>&nbsp;<\/p>","protected":false},"excerpt":{"rendered":"<p>Description Dual Bond is engineered using state-of-the-art &#8220;bullet within a bullet&#8221; technology. The proprietary construction and massive hollow point provides two times the expansion featuring a 12-segment design. A heavy outer jacket is mechanically bonded to the inner bullet, protecting it during deep driving penetration, which provides maximum trauma. Hollow Point Provides lethal stopping performance [&#8230;]","protected":false},"featured_media":1314,"comment_status":"open","ping_status":"closed","template":"","meta":[],"product_brand":[],"product_cat":[186,112],"product_tag":[],"class_list":{"0":"post-1269","1":"product","2":"type-product","3":"status-publish","4":"has-post-thumbnail","6":"product_cat-44-magnum","7":"product_cat-handgun-ammo","9":"first","10":"instock","11":"taxable","12":"shipping-taxable","13":"purchasable","14":"product-type-simple"},"yoast_head":"<!-- This site is optimized with the Yoast SEO Premium plugin v24.6 (Yoast SEO v25.7) - https:\/\/yoast.com\/wordpress\/plugins\/seo\/ -->\n<title>500Rds of Winchester DUAL BOND HANDGUN .44 Magnum 240 grain Bonded Dual Jacket Brass Cased - Bulk Ammunition shop<\/title>\n<meta name=\"robots\" content=\"index, follow, max-snippet:-1, max-image-preview:large, max-video-preview:-1\" \/>\n<link rel=\"canonical\" href=\"https:\/\/www.bulkammunitionshop.com\/pl\/produkt\/500rds-of-winchester-dual-bond-handgun-44-magnum-240-grain-bonded-dual-jacket-brass-cased\/\" \/>\n<meta property=\"og:locale\" content=\"pl_PL\" \/>\n<meta property=\"og:type\" content=\"article\" \/>\n<meta property=\"og:title\" content=\"500Rds of Winchester DUAL BOND HANDGUN .44 Magnum 240 grain Bonded Dual Jacket Brass Cased\" \/>\n<meta property=\"og:description\" content=\"Description Dual Bond is engineered using state-of-the-art &#8220;bullet within a bullet&#8221; technology. The proprietary construction and massive hollow point provides two times the expansion featuring a 12-segment design. A heavy outer jacket is mechanically bonded to the inner bullet, protecting it during deep driving penetration, which provides maximum trauma. Hollow Point Provides lethal stopping performance [...]\" \/>\n<meta property=\"og:url\" content=\"https:\/\/www.bulkammunitionshop.com\/pl\/produkt\/500rds-of-winchester-dual-bond-handgun-44-magnum-240-grain-bonded-dual-jacket-brass-cased\/\" \/>\n<meta property=\"og:site_name\" content=\"Bulk Ammunition shop\" \/>\n<meta property=\"article:modified_time\" content=\"2025-06-21T19:57:05+00:00\" \/>\n<meta property=\"og:image\" content=\"https:\/\/i0.wp.com\/www.bulkammunitionshop.com\/wp-content\/uploads\/2022\/05\/opplanet-winchester-dual-bond-handgun-44-magnum-240-grain-bonded-dual-jacket-brass-cased-centerfire-pistol-ammo-20-rounds-s44rmdb-main.jpg?fit=978%2C550&ssl=1\" \/>\n\t<meta property=\"og:image:width\" content=\"978\" \/>\n\t<meta property=\"og:image:height\" content=\"550\" \/>\n\t<meta property=\"og:image:type\" content=\"image\/jpeg\" \/>\n<meta name=\"twitter:card\" content=\"summary_large_image\" \/>\n<meta name=\"twitter:label1\" content=\"Szacowany czas czytania\" \/>\n\t<meta name=\"twitter:data1\" content=\"1 minuta\" \/>\n<script type=\"application\/ld+json\" class=\"yoast-schema-graph\">{\"@context\":\"https:\/\/schema.org\",\"@graph\":[{\"@type\":\"WebPage\",\"@id\":\"https:\/\/www.bulkammunitionshop.com\/product\/500rds-of-winchester-dual-bond-handgun-44-magnum-240-grain-bonded-dual-jacket-brass-cased\/\",\"url\":\"https:\/\/www.bulkammunitionshop.com\/product\/500rds-of-winchester-dual-bond-handgun-44-magnum-240-grain-bonded-dual-jacket-brass-cased\/\",\"name\":\"500Rds of Winchester DUAL BOND HANDGUN .44 Magnum 240 grain Bonded Dual Jacket Brass Cased - Bulk Ammunition shop\",\"isPartOf\":{\"@id\":\"https:\/\/www.bulkammunitionshop.com\/#website\"},\"primaryImageOfPage\":{\"@id\":\"https:\/\/www.bulkammunitionshop.com\/product\/500rds-of-winchester-dual-bond-handgun-44-magnum-240-grain-bonded-dual-jacket-brass-cased\/#primaryimage\"},\"image\":{\"@id\":\"https:\/\/www.bulkammunitionshop.com\/product\/500rds-of-winchester-dual-bond-handgun-44-magnum-240-grain-bonded-dual-jacket-brass-cased\/#primaryimage\"},\"thumbnailUrl\":\"https:\/\/www.bulkammunitionshop.com\/wp-content\/uploads\/2022\/05\/opplanet-winchester-dual-bond-handgun-44-magnum-240-grain-bonded-dual-jacket-brass-cased-centerfire-pistol-ammo-20-rounds-s44rmdb-main.jpg\",\"datePublished\":\"2022-05-21T16:24:36+00:00\",\"dateModified\":\"2025-06-21T19:57:05+00:00\",\"breadcrumb\":{\"@id\":\"https:\/\/www.bulkammunitionshop.com\/product\/500rds-of-winchester-dual-bond-handgun-44-magnum-240-grain-bonded-dual-jacket-brass-cased\/#breadcrumb\"},\"inLanguage\":\"pl-PL\",\"potentialAction\":[{\"@type\":\"ReadAction\",\"target\":[\"https:\/\/www.bulkammunitionshop.com\/product\/500rds-of-winchester-dual-bond-handgun-44-magnum-240-grain-bonded-dual-jacket-brass-cased\/\"]}]},{\"@type\":\"ImageObject\",\"inLanguage\":\"pl-PL\",\"@id\":\"https:\/\/www.bulkammunitionshop.com\/product\/500rds-of-winchester-dual-bond-handgun-44-magnum-240-grain-bonded-dual-jacket-brass-cased\/#primaryimage\",\"url\":\"https:\/\/www.bulkammunitionshop.com\/wp-content\/uploads\/2022\/05\/opplanet-winchester-dual-bond-handgun-44-magnum-240-grain-bonded-dual-jacket-brass-cased-centerfire-pistol-ammo-20-rounds-s44rmdb-main.jpg\",\"contentUrl\":\"https:\/\/www.bulkammunitionshop.com\/wp-content\/uploads\/2022\/05\/opplanet-winchester-dual-bond-handgun-44-magnum-240-grain-bonded-dual-jacket-brass-cased-centerfire-pistol-ammo-20-rounds-s44rmdb-main.jpg\",\"width\":978,\"height\":550},{\"@type\":\"BreadcrumbList\",\"@id\":\"https:\/\/www.bulkammunitionshop.com\/product\/500rds-of-winchester-dual-bond-handgun-44-magnum-240-grain-bonded-dual-jacket-brass-cased\/#breadcrumb\",\"itemListElement\":[{\"@type\":\"ListItem\",\"position\":1,\"name\":\"Home\",\"item\":\"https:\/\/www.bulkammunitionshop.com\/\"},{\"@type\":\"ListItem\",\"position\":2,\"name\":\"SHOP ALL\",\"item\":\"https:\/\/www.bulkammunitionshop.com\/shop-all\/\"},{\"@type\":\"ListItem\",\"position\":3,\"name\":\"500Rds of Winchester DUAL BOND HANDGUN .44 Magnum 240 grain Bonded Dual Jacket Brass Cased\"}]},{\"@type\":\"WebSite\",\"@id\":\"https:\/\/www.bulkammunitionshop.com\/#website\",\"url\":\"https:\/\/www.bulkammunitionshop.com\/\",\"name\":\"Bulk Ammunition shop\",\"description\":\"Buy Cheap Bulk Ammo Online - Bulk Ammo for Sale- Cheap Ammo Online\",\"potentialAction\":[{\"@type\":\"SearchAction\",\"target\":{\"@type\":\"EntryPoint\",\"urlTemplate\":\"https:\/\/www.bulkammunitionshop.com\/?s={search_term_string}\"},\"query-input\":{\"@type\":\"PropertyValueSpecification\",\"valueRequired\":true,\"valueName\":\"search_term_string\"}}],\"inLanguage\":\"pl-PL\"}]}<\/script>\n<!-- \/ Yoast SEO Premium plugin. -->","yoast_head_json":{"title":"500Rds of Winchester DUAL BOND HANDGUN .44 Magnum 240 grain Bonded Dual Jacket Brass Cased - Bulk Ammunition shop","robots":{"index":"index","follow":"follow","max-snippet":"max-snippet:-1","max-image-preview":"max-image-preview:large","max-video-preview":"max-video-preview:-1"},"canonical":"https:\/\/www.bulkammunitionshop.com\/pl\/produkt\/500rds-of-winchester-dual-bond-handgun-44-magnum-240-grain-bonded-dual-jacket-brass-cased\/","og_locale":"pl_PL","og_type":"article","og_title":"500Rds of Winchester DUAL BOND HANDGUN .44 Magnum 240 grain Bonded Dual Jacket Brass Cased","og_description":"Description Dual Bond is engineered using state-of-the-art &#8220;bullet within a bullet&#8221; technology. The proprietary construction and massive hollow point provides two times the expansion featuring a 12-segment design. A heavy outer jacket is mechanically bonded to the inner bullet, protecting it during deep driving penetration, which provides maximum trauma. Hollow Point Provides lethal stopping performance [...]","og_url":"https:\/\/www.bulkammunitionshop.com\/pl\/produkt\/500rds-of-winchester-dual-bond-handgun-44-magnum-240-grain-bonded-dual-jacket-brass-cased\/","og_site_name":"Bulk Ammunition shop","article_modified_time":"2025-06-21T19:57:05+00:00","og_image":[{"width":978,"height":550,"url":"https:\/\/i0.wp.com\/www.bulkammunitionshop.com\/wp-content\/uploads\/2022\/05\/opplanet-winchester-dual-bond-handgun-44-magnum-240-grain-bonded-dual-jacket-brass-cased-centerfire-pistol-ammo-20-rounds-s44rmdb-main.jpg?fit=978%2C550&ssl=1","type":"image\/jpeg"}],"twitter_card":"summary_large_image","twitter_misc":{"Szacowany czas czytania":"1 minuta"},"schema":{"@context":"https:\/\/schema.org","@graph":[{"@type":"WebPage","@id":"https:\/\/www.bulkammunitionshop.com\/product\/500rds-of-winchester-dual-bond-handgun-44-magnum-240-grain-bonded-dual-jacket-brass-cased\/","url":"https:\/\/www.bulkammunitionshop.com\/product\/500rds-of-winchester-dual-bond-handgun-44-magnum-240-grain-bonded-dual-jacket-brass-cased\/","name":"500Rds of Winchester DUAL BOND HANDGUN .44 Magnum 240 grain Bonded Dual Jacket Brass Cased - Bulk Ammunition shop","isPartOf":{"@id":"https:\/\/www.bulkammunitionshop.com\/#website"},"primaryImageOfPage":{"@id":"https:\/\/www.bulkammunitionshop.com\/product\/500rds-of-winchester-dual-bond-handgun-44-magnum-240-grain-bonded-dual-jacket-brass-cased\/#primaryimage"},"image":{"@id":"https:\/\/www.bulkammunitionshop.com\/product\/500rds-of-winchester-dual-bond-handgun-44-magnum-240-grain-bonded-dual-jacket-brass-cased\/#primaryimage"},"thumbnailUrl":"https:\/\/www.bulkammunitionshop.com\/wp-content\/uploads\/2022\/05\/opplanet-winchester-dual-bond-handgun-44-magnum-240-grain-bonded-dual-jacket-brass-cased-centerfire-pistol-ammo-20-rounds-s44rmdb-main.jpg","datePublished":"2022-05-21T16:24:36+00:00","dateModified":"2025-06-21T19:57:05+00:00","breadcrumb":{"@id":"https:\/\/www.bulkammunitionshop.com\/product\/500rds-of-winchester-dual-bond-handgun-44-magnum-240-grain-bonded-dual-jacket-brass-cased\/#breadcrumb"},"inLanguage":"pl-PL","potentialAction":[{"@type":"ReadAction","target":["https:\/\/www.bulkammunitionshop.com\/product\/500rds-of-winchester-dual-bond-handgun-44-magnum-240-grain-bonded-dual-jacket-brass-cased\/"]}]},{"@type":"ImageObject","inLanguage":"pl-PL","@id":"https:\/\/www.bulkammunitionshop.com\/product\/500rds-of-winchester-dual-bond-handgun-44-magnum-240-grain-bonded-dual-jacket-brass-cased\/#primaryimage","url":"https:\/\/www.bulkammunitionshop.com\/wp-content\/uploads\/2022\/05\/opplanet-winchester-dual-bond-handgun-44-magnum-240-grain-bonded-dual-jacket-brass-cased-centerfire-pistol-ammo-20-rounds-s44rmdb-main.jpg","contentUrl":"https:\/\/www.bulkammunitionshop.com\/wp-content\/uploads\/2022\/05\/opplanet-winchester-dual-bond-handgun-44-magnum-240-grain-bonded-dual-jacket-brass-cased-centerfire-pistol-ammo-20-rounds-s44rmdb-main.jpg","width":978,"height":550},{"@type":"BreadcrumbList","@id":"https:\/\/www.bulkammunitionshop.com\/product\/500rds-of-winchester-dual-bond-handgun-44-magnum-240-grain-bonded-dual-jacket-brass-cased\/#breadcrumb","itemListElement":[{"@type":"ListItem","position":1,"name":"Home","item":"https:\/\/www.bulkammunitionshop.com\/"},{"@type":"ListItem","position":2,"name":"SHOP ALL","item":"https:\/\/www.bulkammunitionshop.com\/shop-all\/"},{"@type":"ListItem","position":3,"name":"500Rds of Winchester DUAL BOND HANDGUN .44 Magnum 240 grain Bonded Dual Jacket Brass Cased"}]},{"@type":"WebSite","@id":"https:\/\/www.bulkammunitionshop.com\/#website","url":"https:\/\/www.bulkammunitionshop.com\/","name":"Sklep z amunicj\u0105 hurtow\u0105","description":"Kup tani\u0105 amunicj\u0119 hurtow\u0105 online - Amunicja hurtowa na sprzeda\u017c - Tania amunicja online","potentialAction":[{"@type":"SearchAction","target":{"@type":"EntryPoint","urlTemplate":"https:\/\/www.bulkammunitionshop.com\/?s={search_term_string}"},"query-input":{"@type":"PropertyValueSpecification","valueRequired":true,"valueName":"search_term_string"}}],"inLanguage":"pl-PL"}]}},"jetpack_sharing_enabled":true,"_links":{"self":[{"href":"https:\/\/www.bulkammunitionshop.com\/pl\/wp-json\/wp\/v2\/product\/1269","targetHints":{"allow":["GET"]}}],"collection":[{"href":"https:\/\/www.bulkammunitionshop.com\/pl\/wp-json\/wp\/v2\/product"}],"about":[{"href":"https:\/\/www.bulkammunitionshop.com\/pl\/wp-json\/wp\/v2\/types\/product"}],"replies":[{"embeddable":true,"href":"https:\/\/www.bulkammunitionshop.com\/pl\/wp-json\/wp\/v2\/comments?post=1269"}],"wp:featuredmedia":[{"embeddable":true,"href":"https:\/\/www.bulkammunitionshop.com\/pl\/wp-json\/wp\/v2\/media\/1314"}],"wp:attachment":[{"href":"https:\/\/www.bulkammunitionshop.com\/pl\/wp-json\/wp\/v2\/media?parent=1269"}],"wp:term":[{"taxonomy":"product_brand","embeddable":true,"href":"https:\/\/www.bulkammunitionshop.com\/pl\/wp-json\/wp\/v2\/product_brand?post=1269"},{"taxonomy":"product_cat","embeddable":true,"href":"https:\/\/www.bulkammunitionshop.com\/pl\/wp-json\/wp\/v2\/product_cat?post=1269"},{"taxonomy":"product_tag","embeddable":true,"href":"https:\/\/www.bulkammunitionshop.com\/pl\/wp-json\/wp\/v2\/product_tag?post=1269"}],"curies":[{"name":"wp","href":"https:\/\/api.w.org\/{rel}","templated":true}]}}