{"id":959,"date":"2022-05-21T16:20:02","date_gmt":"2022-05-21T16:20:02","guid":{"rendered":"https:\/\/www.bulkammunitionshop.com\/?post_type=product&#038;p=959"},"modified":"2025-06-21T19:59:33","modified_gmt":"2025-06-21T19:59:33","slug":"defender-38-special-reman-ammunition","status":"publish","type":"product","link":"https:\/\/www.bulkammunitionshop.com\/lv\/products\/defender-38-special-reman-ammunition\/","title":{"rendered":"DEFENDER 38 SPECIAL *REMAN* AMMUNITION"},"content":{"rendered":"<h2>Apraksts<\/h2>\n<table>\n<tbody>\n<tr>\n<td width=\"295\">Brand<\/td>\n<td width=\"300\">Defender<\/td>\n<\/tr>\n<tr>\n<td width=\"295\">Kalibrs<\/td>\n<td width=\"300\">38 \u012apa\u0161ais<\/td>\n<\/tr>\n<tr>\n<td width=\"295\">Model<\/td>\n<td width=\"300\">**REMAN**DEF38SPL158R<\/td>\n<\/tr>\n<tr>\n<td width=\"295\">Bullet Weight<\/td>\n<td width=\"300\">158 Grain<\/td>\n<\/tr>\n<tr>\n<td width=\"295\">Lodes tips<\/td>\n<td width=\"300\">Full Metal Jacket Flat Nose<\/td>\n<\/tr>\n<tr>\n<td width=\"295\">Atk\u0101rtoti uzl\u0101d\u0113jams<\/td>\n<td width=\"300\">NO<\/td>\n<\/tr>\n<tr>\n<td width=\"295\">Lietas veids<\/td>\n<td width=\"300\">Misi\u0146\u0161<\/td>\n<\/tr>\n<tr>\n<td width=\"295\">Rounds Per Box<\/td>\n<td width=\"300\">50 Rounds Per Box<\/td>\n<\/tr>\n<tr>\n<td width=\"295\">Boxes Per Case<\/td>\n<td width=\"300\">Boxes Per Case<\/td>\n<\/tr>\n<tr>\n<td width=\"295\">Purna ener\u0123ija<\/td>\n<td width=\"300\">ft-lbs<\/td>\n<\/tr>\n<tr>\n<td width=\"295\">Purna \u0101trums<\/td>\n<td width=\"300\">fps<\/td>\n<\/tr>\n<\/tbody>\n<\/table>","protected":false},"excerpt":{"rendered":"<p>Description Brand Defender Caliber 38 Special Model **REMAN**DEF38SPL158R Bullet Weight 158 Grain Bullet Type Full Metal Jacket Flat Nose Reloadable NO Case Type Brass Rounds Per Box 50 Rounds Per Box Boxes Per Case Boxes Per Case Muzzle Energy ft-lbs Muzzle Velocity fps<\/p>","protected":false},"featured_media":805,"comment_status":"open","ping_status":"closed","template":"","meta":[],"product_brand":[],"product_cat":[145,112],"product_tag":[146,147,148,149,150],"class_list":{"0":"post-959","1":"product","2":"type-product","3":"status-publish","4":"has-post-thumbnail","6":"product_cat-38-special","7":"product_cat-handgun-ammo","8":"product_tag-38-special","9":"product_tag-defender-38-special-reman-ammunition","10":"product_tag-defender-38-special-reman-ammunition-for-sale","11":"product_tag-handgun-ammotags-buy-defender-38-special-reman-ammunition-online","12":"product_tag-order-defender-38-special-reman-ammunition-online","14":"first","15":"outofstock","16":"taxable","17":"shipping-taxable","18":"product-type-variable"},"yoast_head":"<!-- This site is optimized with the Yoast SEO Premium plugin v24.6 (Yoast SEO v25.7) - https:\/\/yoast.com\/wordpress\/plugins\/seo\/ -->\n<title>DEFENDER 38 SPECIAL *REMAN* AMMUNITION - Bulk Ammunition shop<\/title>\n<meta name=\"robots\" content=\"index, follow, max-snippet:-1, max-image-preview:large, max-video-preview:-1\" \/>\n<link rel=\"canonical\" href=\"https:\/\/www.bulkammunitionshop.com\/lv\/products\/defender-38-special-reman-ammunition\/\" \/>\n<meta property=\"og:locale\" content=\"lv_LV\" \/>\n<meta property=\"og:type\" content=\"article\" \/>\n<meta property=\"og:title\" content=\"DEFENDER 38 SPECIAL *REMAN* AMMUNITION\" \/>\n<meta property=\"og:description\" content=\"Description Brand Defender Caliber 38 Special Model **REMAN**DEF38SPL158R Bullet Weight 158 Grain Bullet Type Full Metal Jacket Flat Nose Reloadable NO Case Type Brass Rounds Per Box 50 Rounds Per Box Boxes Per Case Boxes Per Case Muzzle Energy ft-lbs Muzzle Velocity fps\" \/>\n<meta property=\"og:url\" content=\"https:\/\/www.bulkammunitionshop.com\/lv\/products\/defender-38-special-reman-ammunition\/\" \/>\n<meta property=\"og:site_name\" content=\"Bulk Ammunition shop\" \/>\n<meta property=\"article:modified_time\" content=\"2025-06-21T19:59:33+00:00\" \/>\n<meta property=\"og:image\" content=\"https:\/\/i0.wp.com\/www.bulkammunitionshop.com\/wp-content\/uploads\/2022\/05\/DEF38SPL158R__15121.1606921380-2-1.png?fit=600%2C573&ssl=1\" \/>\n\t<meta property=\"og:image:width\" content=\"600\" \/>\n\t<meta property=\"og:image:height\" content=\"573\" \/>\n\t<meta property=\"og:image:type\" content=\"image\/png\" \/>\n<meta name=\"twitter:card\" content=\"summary_large_image\" \/>\n<script type=\"application\/ld+json\" class=\"yoast-schema-graph\">{\"@context\":\"https:\/\/schema.org\",\"@graph\":[{\"@type\":\"WebPage\",\"@id\":\"https:\/\/www.bulkammunitionshop.com\/product\/defender-38-special-reman-ammunition\/\",\"url\":\"https:\/\/www.bulkammunitionshop.com\/product\/defender-38-special-reman-ammunition\/\",\"name\":\"DEFENDER 38 SPECIAL *REMAN* AMMUNITION - Bulk Ammunition shop\",\"isPartOf\":{\"@id\":\"https:\/\/www.bulkammunitionshop.com\/#website\"},\"primaryImageOfPage\":{\"@id\":\"https:\/\/www.bulkammunitionshop.com\/product\/defender-38-special-reman-ammunition\/#primaryimage\"},\"image\":{\"@id\":\"https:\/\/www.bulkammunitionshop.com\/product\/defender-38-special-reman-ammunition\/#primaryimage\"},\"thumbnailUrl\":\"https:\/\/www.bulkammunitionshop.com\/wp-content\/uploads\/2022\/05\/DEF38SPL158R__15121.1606921380-2-1.png\",\"datePublished\":\"2022-05-21T16:20:02+00:00\",\"dateModified\":\"2025-06-21T19:59:33+00:00\",\"breadcrumb\":{\"@id\":\"https:\/\/www.bulkammunitionshop.com\/product\/defender-38-special-reman-ammunition\/#breadcrumb\"},\"inLanguage\":\"lv-LV\",\"potentialAction\":[{\"@type\":\"ReadAction\",\"target\":[\"https:\/\/www.bulkammunitionshop.com\/product\/defender-38-special-reman-ammunition\/\"]}]},{\"@type\":\"ImageObject\",\"inLanguage\":\"lv-LV\",\"@id\":\"https:\/\/www.bulkammunitionshop.com\/product\/defender-38-special-reman-ammunition\/#primaryimage\",\"url\":\"https:\/\/www.bulkammunitionshop.com\/wp-content\/uploads\/2022\/05\/DEF38SPL158R__15121.1606921380-2-1.png\",\"contentUrl\":\"https:\/\/www.bulkammunitionshop.com\/wp-content\/uploads\/2022\/05\/DEF38SPL158R__15121.1606921380-2-1.png\",\"width\":600,\"height\":573},{\"@type\":\"BreadcrumbList\",\"@id\":\"https:\/\/www.bulkammunitionshop.com\/product\/defender-38-special-reman-ammunition\/#breadcrumb\",\"itemListElement\":[{\"@type\":\"ListItem\",\"position\":1,\"name\":\"Home\",\"item\":\"https:\/\/www.bulkammunitionshop.com\/\"},{\"@type\":\"ListItem\",\"position\":2,\"name\":\"SHOP ALL\",\"item\":\"https:\/\/www.bulkammunitionshop.com\/shop-all\/\"},{\"@type\":\"ListItem\",\"position\":3,\"name\":\"DEFENDER 38 SPECIAL *REMAN* AMMUNITION\"}]},{\"@type\":\"WebSite\",\"@id\":\"https:\/\/www.bulkammunitionshop.com\/#website\",\"url\":\"https:\/\/www.bulkammunitionshop.com\/\",\"name\":\"Bulk Ammunition shop\",\"description\":\"Buy Cheap Bulk Ammo Online - Bulk Ammo for Sale- Cheap Ammo Online\",\"potentialAction\":[{\"@type\":\"SearchAction\",\"target\":{\"@type\":\"EntryPoint\",\"urlTemplate\":\"https:\/\/www.bulkammunitionshop.com\/?s={search_term_string}\"},\"query-input\":{\"@type\":\"PropertyValueSpecification\",\"valueRequired\":true,\"valueName\":\"search_term_string\"}}],\"inLanguage\":\"lv-LV\"}]}<\/script>\n<!-- \/ Yoast SEO Premium plugin. -->","yoast_head_json":{"title":"DEFENDER 38 SPECIAL *REMAN* AMMUNITION - Bulk Ammunition shop","robots":{"index":"index","follow":"follow","max-snippet":"max-snippet:-1","max-image-preview":"max-image-preview:large","max-video-preview":"max-video-preview:-1"},"canonical":"https:\/\/www.bulkammunitionshop.com\/lv\/products\/defender-38-special-reman-ammunition\/","og_locale":"lv_LV","og_type":"article","og_title":"DEFENDER 38 SPECIAL *REMAN* AMMUNITION","og_description":"Description Brand Defender Caliber 38 Special Model **REMAN**DEF38SPL158R Bullet Weight 158 Grain Bullet Type Full Metal Jacket Flat Nose Reloadable NO Case Type Brass Rounds Per Box 50 Rounds Per Box Boxes Per Case Boxes Per Case Muzzle Energy ft-lbs Muzzle Velocity fps","og_url":"https:\/\/www.bulkammunitionshop.com\/lv\/products\/defender-38-special-reman-ammunition\/","og_site_name":"Bulk Ammunition shop","article_modified_time":"2025-06-21T19:59:33+00:00","og_image":[{"width":600,"height":573,"url":"https:\/\/i0.wp.com\/www.bulkammunitionshop.com\/wp-content\/uploads\/2022\/05\/DEF38SPL158R__15121.1606921380-2-1.png?fit=600%2C573&ssl=1","type":"image\/png"}],"twitter_card":"summary_large_image","schema":{"@context":"https:\/\/schema.org","@graph":[{"@type":"WebPage","@id":"https:\/\/www.bulkammunitionshop.com\/product\/defender-38-special-reman-ammunition\/","url":"https:\/\/www.bulkammunitionshop.com\/product\/defender-38-special-reman-ammunition\/","name":"DEFENDER 38 SPECIAL *REMAN* AMMUNITION - Bulk Ammunition shop","isPartOf":{"@id":"https:\/\/www.bulkammunitionshop.com\/#website"},"primaryImageOfPage":{"@id":"https:\/\/www.bulkammunitionshop.com\/product\/defender-38-special-reman-ammunition\/#primaryimage"},"image":{"@id":"https:\/\/www.bulkammunitionshop.com\/product\/defender-38-special-reman-ammunition\/#primaryimage"},"thumbnailUrl":"https:\/\/www.bulkammunitionshop.com\/wp-content\/uploads\/2022\/05\/DEF38SPL158R__15121.1606921380-2-1.png","datePublished":"2022-05-21T16:20:02+00:00","dateModified":"2025-06-21T19:59:33+00:00","breadcrumb":{"@id":"https:\/\/www.bulkammunitionshop.com\/product\/defender-38-special-reman-ammunition\/#breadcrumb"},"inLanguage":"lv-LV","potentialAction":[{"@type":"ReadAction","target":["https:\/\/www.bulkammunitionshop.com\/product\/defender-38-special-reman-ammunition\/"]}]},{"@type":"ImageObject","inLanguage":"lv-LV","@id":"https:\/\/www.bulkammunitionshop.com\/product\/defender-38-special-reman-ammunition\/#primaryimage","url":"https:\/\/www.bulkammunitionshop.com\/wp-content\/uploads\/2022\/05\/DEF38SPL158R__15121.1606921380-2-1.png","contentUrl":"https:\/\/www.bulkammunitionshop.com\/wp-content\/uploads\/2022\/05\/DEF38SPL158R__15121.1606921380-2-1.png","width":600,"height":573},{"@type":"BreadcrumbList","@id":"https:\/\/www.bulkammunitionshop.com\/product\/defender-38-special-reman-ammunition\/#breadcrumb","itemListElement":[{"@type":"ListItem","position":1,"name":"Home","item":"https:\/\/www.bulkammunitionshop.com\/"},{"@type":"ListItem","position":2,"name":"SHOP ALL","item":"https:\/\/www.bulkammunitionshop.com\/shop-all\/"},{"@type":"ListItem","position":3,"name":"DEFENDER 38 SPECIAL *REMAN* AMMUNITION"}]},{"@type":"WebSite","@id":"https:\/\/www.bulkammunitionshop.com\/#website","url":"https:\/\/www.bulkammunitionshop.com\/","name":"Lielapjoma mun\u012bcijas veikals","description":"P\u0113rciet l\u0113tu mun\u012bciju tie\u0161saist\u0113 \u2014 mun\u012bcija p\u0101rdo\u0161an\u0101 \u2014 l\u0113ta mun\u012bcija tie\u0161saist\u0113","potentialAction":[{"@type":"SearchAction","target":{"@type":"EntryPoint","urlTemplate":"https:\/\/www.bulkammunitionshop.com\/?s={search_term_string}"},"query-input":{"@type":"PropertyValueSpecification","valueRequired":true,"valueName":"search_term_string"}}],"inLanguage":"lv-LV"}]}},"jetpack_sharing_enabled":true,"_links":{"self":[{"href":"https:\/\/www.bulkammunitionshop.com\/lv\/wp-json\/wp\/v2\/product\/959","targetHints":{"allow":["GET"]}}],"collection":[{"href":"https:\/\/www.bulkammunitionshop.com\/lv\/wp-json\/wp\/v2\/product"}],"about":[{"href":"https:\/\/www.bulkammunitionshop.com\/lv\/wp-json\/wp\/v2\/types\/product"}],"replies":[{"embeddable":true,"href":"https:\/\/www.bulkammunitionshop.com\/lv\/wp-json\/wp\/v2\/comments?post=959"}],"wp:featuredmedia":[{"embeddable":true,"href":"https:\/\/www.bulkammunitionshop.com\/lv\/wp-json\/wp\/v2\/media\/805"}],"wp:attachment":[{"href":"https:\/\/www.bulkammunitionshop.com\/lv\/wp-json\/wp\/v2\/media?parent=959"}],"wp:term":[{"taxonomy":"product_brand","embeddable":true,"href":"https:\/\/www.bulkammunitionshop.com\/lv\/wp-json\/wp\/v2\/product_brand?post=959"},{"taxonomy":"product_cat","embeddable":true,"href":"https:\/\/www.bulkammunitionshop.com\/lv\/wp-json\/wp\/v2\/product_cat?post=959"},{"taxonomy":"product_tag","embeddable":true,"href":"https:\/\/www.bulkammunitionshop.com\/lv\/wp-json\/wp\/v2\/product_tag?post=959"}],"curies":[{"name":"wp","href":"https:\/\/api.w.org\/{rel}","templated":true}]}}