{"id":3084,"date":"2022-11-04T22:09:17","date_gmt":"2022-11-04T22:09:17","guid":{"rendered":"https:\/\/www.bulkammunitionshop.com\/?post_type=product&#038;p=3084"},"modified":"2022-11-04T22:09:50","modified_gmt":"2022-11-04T22:09:50","slug":"410-rio-3-collas-7-1-2-patronu-magnum-500-patronas","status":"publish","type":"product","link":"https:\/\/www.bulkammunitionshop.com\/lv\/products\/410-rio-3-collas-7-1-2-patronu-magnum-500-patronas\/","title":{"rendered":"410 RIO 3 collas, 7-1\/2 kalibra, MAGNUM 500 patronas"},"content":{"rendered":"<ul class=\"tabs wc-tabs product-tabs small-nav-collapse nav nav-uppercase nav-line nav-left\" role=\"tablist\">\n<li id=\"tab-title-description\" class=\"description_tab active\" role=\"tab\" aria-controls=\"tab-description\"><a href=\"https:\/\/www.bulkammunitionshop.com\/lv\/\">APRAKSTS<\/a><\/li>\n<\/ul>\n<div class=\"tab-panels\">\n<div id=\"tab-description\" class=\"woocommerce-Tabs-panel woocommerce-Tabs-panel--description panel entry-content active\" role=\"tabpanel\" aria-labelledby=\"tab-title-description\">\n<p>410 RIO 3 collas, 7-1\/2 kalibra MAGNUM<\/p>\n<p><strong>RIO GAME LOAD MAGNUM<br \/>\n<\/strong>410. kalibrs<br \/>\n3 COLLAS<br \/>\n1150 kadri\/s<br \/>\n11\/16 unces.<br \/>\n# 7,5 \u0161\u0101vieni<\/p>\n<p>500 patronas<\/p>\n<\/div>\n<\/div>","protected":false},"excerpt":{"rendered":"<p>\u0160is produkts ir noliktav\u0101 un gatavs nos\u016bt\u012b\u0161anai. 100% \u0100tra pieg\u0101de garant\u0113ta. Veiciet pas\u016bt\u012bjumu t\u016bl\u012bt!<\/p>\n<form class=\"cart\" action=\"https:\/\/armoryweapons.com\/product\/410-rio-3-in-7-1-2-shot-magnum-500-rounds\/\" enctype=\"multipart\/form-data\" method=\"post\">\n<div class=\"quantity buttons_added\"><\/div>\n<\/form>","protected":false},"featured_media":3085,"comment_status":"open","ping_status":"closed","template":"","meta":[],"product_brand":[],"product_cat":[282,119],"product_tag":[],"class_list":{"0":"post-3084","1":"product","2":"type-product","3":"status-publish","4":"has-post-thumbnail","6":"product_cat-410-ammo","7":"product_cat-shotgun-ammo","9":"first","10":"instock","11":"taxable","12":"shipping-taxable","13":"purchasable","14":"product-type-simple"},"yoast_head":"<!-- This site is optimized with the Yoast SEO Premium plugin v24.6 (Yoast SEO v25.7) - https:\/\/yoast.com\/wordpress\/plugins\/seo\/ -->\n<title>410 RIO 3 In. 7-1\/2 Shot MAGNUM 500 Rounds Bulk Ammunition shop<\/title>\n<meta name=\"robots\" content=\"index, follow, max-snippet:-1, max-image-preview:large, max-video-preview:-1\" \/>\n<link rel=\"canonical\" href=\"https:\/\/www.bulkammunitionshop.com\/lv\/products\/410-rio-3-collas-7-1-2-patronu-magnum-500-patronas\/\" \/>\n<meta property=\"og:locale\" content=\"lv_LV\" \/>\n<meta property=\"og:type\" content=\"article\" \/>\n<meta property=\"og:title\" content=\"410 RIO 3 In. 7-1\/2 Shot MAGNUM 500 Rounds\" \/>\n<meta property=\"og:description\" content=\"This Product Is In Stock and Ready to Ship. 100% Fast Shipping Guaranteed. Place Order Now!\" \/>\n<meta property=\"og:url\" content=\"https:\/\/www.bulkammunitionshop.com\/lv\/products\/410-rio-3-collas-7-1-2-patronu-magnum-500-patronas\/\" \/>\n<meta property=\"og:site_name\" content=\"Bulk Ammunition shop\" \/>\n<meta property=\"article:modified_time\" content=\"2022-11-04T22:09:50+00:00\" \/>\n<meta property=\"og:image\" content=\"https:\/\/www.bulkammunitionshop.com\/wp-content\/uploads\/2022\/11\/410-RIO-3-In.-7.5-Shot-MAGNUM-510x508-1.webp\" \/>\n\t<meta property=\"og:image:width\" content=\"510\" \/>\n\t<meta property=\"og:image:height\" content=\"508\" \/>\n\t<meta property=\"og:image:type\" content=\"image\/webp\" \/>\n<meta name=\"twitter:card\" content=\"summary_large_image\" \/>\n<meta name=\"twitter:label1\" content=\"Est. reading time\" \/>\n\t<meta name=\"twitter:data1\" content=\"1 min\u016bte\" \/>\n<script type=\"application\/ld+json\" class=\"yoast-schema-graph\">{\"@context\":\"https:\/\/schema.org\",\"@graph\":[{\"@type\":\"WebPage\",\"@id\":\"https:\/\/www.bulkammunitionshop.com\/product\/410-rio-3-in-7-1-2-shot-magnum-500-rounds\/\",\"url\":\"https:\/\/www.bulkammunitionshop.com\/product\/410-rio-3-in-7-1-2-shot-magnum-500-rounds\/\",\"name\":\"410 RIO 3 In. 7-1\/2 Shot MAGNUM 500 Rounds Bulk Ammunition shop\",\"isPartOf\":{\"@id\":\"https:\/\/www.bulkammunitionshop.com\/#website\"},\"primaryImageOfPage\":{\"@id\":\"https:\/\/www.bulkammunitionshop.com\/product\/410-rio-3-in-7-1-2-shot-magnum-500-rounds\/#primaryimage\"},\"image\":{\"@id\":\"https:\/\/www.bulkammunitionshop.com\/product\/410-rio-3-in-7-1-2-shot-magnum-500-rounds\/#primaryimage\"},\"thumbnailUrl\":\"https:\/\/www.bulkammunitionshop.com\/wp-content\/uploads\/2022\/11\/410-RIO-3-In.-7.5-Shot-MAGNUM-510x508-1.webp\",\"datePublished\":\"2022-11-04T22:09:17+00:00\",\"dateModified\":\"2022-11-04T22:09:50+00:00\",\"breadcrumb\":{\"@id\":\"https:\/\/www.bulkammunitionshop.com\/product\/410-rio-3-in-7-1-2-shot-magnum-500-rounds\/#breadcrumb\"},\"inLanguage\":\"lv-LV\",\"potentialAction\":[{\"@type\":\"ReadAction\",\"target\":[\"https:\/\/www.bulkammunitionshop.com\/product\/410-rio-3-in-7-1-2-shot-magnum-500-rounds\/\"]}]},{\"@type\":\"ImageObject\",\"inLanguage\":\"lv-LV\",\"@id\":\"https:\/\/www.bulkammunitionshop.com\/product\/410-rio-3-in-7-1-2-shot-magnum-500-rounds\/#primaryimage\",\"url\":\"https:\/\/www.bulkammunitionshop.com\/wp-content\/uploads\/2022\/11\/410-RIO-3-In.-7.5-Shot-MAGNUM-510x508-1.webp\",\"contentUrl\":\"https:\/\/www.bulkammunitionshop.com\/wp-content\/uploads\/2022\/11\/410-RIO-3-In.-7.5-Shot-MAGNUM-510x508-1.webp\",\"width\":510,\"height\":508},{\"@type\":\"BreadcrumbList\",\"@id\":\"https:\/\/www.bulkammunitionshop.com\/product\/410-rio-3-in-7-1-2-shot-magnum-500-rounds\/#breadcrumb\",\"itemListElement\":[{\"@type\":\"ListItem\",\"position\":1,\"name\":\"Home\",\"item\":\"https:\/\/www.bulkammunitionshop.com\/\"},{\"@type\":\"ListItem\",\"position\":2,\"name\":\"SHOP ALL\",\"item\":\"https:\/\/www.bulkammunitionshop.com\/shop-all\/\"},{\"@type\":\"ListItem\",\"position\":3,\"name\":\"410 RIO 3 In. 7-1\/2 Shot MAGNUM 500 Rounds\"}]},{\"@type\":\"WebSite\",\"@id\":\"https:\/\/www.bulkammunitionshop.com\/#website\",\"url\":\"https:\/\/www.bulkammunitionshop.com\/\",\"name\":\"Bulk Ammunition shop\",\"description\":\"Buy Cheap Bulk Ammo Online - Bulk Ammo for Sale- Cheap Ammo Online\",\"potentialAction\":[{\"@type\":\"SearchAction\",\"target\":{\"@type\":\"EntryPoint\",\"urlTemplate\":\"https:\/\/www.bulkammunitionshop.com\/?s={search_term_string}\"},\"query-input\":{\"@type\":\"PropertyValueSpecification\",\"valueRequired\":true,\"valueName\":\"search_term_string\"}}],\"inLanguage\":\"lv-LV\"}]}<\/script>\n<!-- \/ Yoast SEO Premium plugin. -->","yoast_head_json":{"title":"410 RIO 3 collas, 7-1\/2 patronas, MAGNUM 500 patronas, mun\u012bcijas veikals bez taras","robots":{"index":"index","follow":"follow","max-snippet":"max-snippet:-1","max-image-preview":"max-image-preview:large","max-video-preview":"max-video-preview:-1"},"canonical":"https:\/\/www.bulkammunitionshop.com\/lv\/products\/410-rio-3-collas-7-1-2-patronu-magnum-500-patronas\/","og_locale":"lv_LV","og_type":"article","og_title":"410 RIO 3 In. 7-1\/2 Shot MAGNUM 500 Rounds","og_description":"This Product Is In Stock and Ready to Ship. 100% Fast Shipping Guaranteed. Place Order Now!","og_url":"https:\/\/www.bulkammunitionshop.com\/lv\/products\/410-rio-3-collas-7-1-2-patronu-magnum-500-patronas\/","og_site_name":"Bulk Ammunition shop","article_modified_time":"2022-11-04T22:09:50+00:00","og_image":[{"width":510,"height":508,"url":"https:\/\/www.bulkammunitionshop.com\/wp-content\/uploads\/2022\/11\/410-RIO-3-In.-7.5-Shot-MAGNUM-510x508-1.webp","type":"image\/webp"}],"twitter_card":"summary_large_image","twitter_misc":{"Est. reading time":"1 min\u016bte"},"schema":{"@context":"https:\/\/schema.org","@graph":[{"@type":"WebPage","@id":"https:\/\/www.bulkammunitionshop.com\/product\/410-rio-3-in-7-1-2-shot-magnum-500-rounds\/","url":"https:\/\/www.bulkammunitionshop.com\/product\/410-rio-3-in-7-1-2-shot-magnum-500-rounds\/","name":"410 RIO 3 collas, 7-1\/2 patronas, MAGNUM 500 patronas, mun\u012bcijas veikals bez taras","isPartOf":{"@id":"https:\/\/www.bulkammunitionshop.com\/#website"},"primaryImageOfPage":{"@id":"https:\/\/www.bulkammunitionshop.com\/product\/410-rio-3-in-7-1-2-shot-magnum-500-rounds\/#primaryimage"},"image":{"@id":"https:\/\/www.bulkammunitionshop.com\/product\/410-rio-3-in-7-1-2-shot-magnum-500-rounds\/#primaryimage"},"thumbnailUrl":"https:\/\/www.bulkammunitionshop.com\/wp-content\/uploads\/2022\/11\/410-RIO-3-In.-7.5-Shot-MAGNUM-510x508-1.webp","datePublished":"2022-11-04T22:09:17+00:00","dateModified":"2022-11-04T22:09:50+00:00","breadcrumb":{"@id":"https:\/\/www.bulkammunitionshop.com\/product\/410-rio-3-in-7-1-2-shot-magnum-500-rounds\/#breadcrumb"},"inLanguage":"lv-LV","potentialAction":[{"@type":"ReadAction","target":["https:\/\/www.bulkammunitionshop.com\/product\/410-rio-3-in-7-1-2-shot-magnum-500-rounds\/"]}]},{"@type":"ImageObject","inLanguage":"lv-LV","@id":"https:\/\/www.bulkammunitionshop.com\/product\/410-rio-3-in-7-1-2-shot-magnum-500-rounds\/#primaryimage","url":"https:\/\/www.bulkammunitionshop.com\/wp-content\/uploads\/2022\/11\/410-RIO-3-In.-7.5-Shot-MAGNUM-510x508-1.webp","contentUrl":"https:\/\/www.bulkammunitionshop.com\/wp-content\/uploads\/2022\/11\/410-RIO-3-In.-7.5-Shot-MAGNUM-510x508-1.webp","width":510,"height":508},{"@type":"BreadcrumbList","@id":"https:\/\/www.bulkammunitionshop.com\/product\/410-rio-3-in-7-1-2-shot-magnum-500-rounds\/#breadcrumb","itemListElement":[{"@type":"ListItem","position":1,"name":"Home","item":"https:\/\/www.bulkammunitionshop.com\/"},{"@type":"ListItem","position":2,"name":"SHOP ALL","item":"https:\/\/www.bulkammunitionshop.com\/shop-all\/"},{"@type":"ListItem","position":3,"name":"410 RIO 3 In. 7-1\/2 Shot MAGNUM 500 Rounds"}]},{"@type":"WebSite","@id":"https:\/\/www.bulkammunitionshop.com\/#website","url":"https:\/\/www.bulkammunitionshop.com\/","name":"Lielapjoma mun\u012bcijas veikals","description":"P\u0113rciet l\u0113tu mun\u012bciju tie\u0161saist\u0113 \u2014 mun\u012bcija p\u0101rdo\u0161an\u0101 \u2014 l\u0113ta mun\u012bcija tie\u0161saist\u0113","potentialAction":[{"@type":"SearchAction","target":{"@type":"EntryPoint","urlTemplate":"https:\/\/www.bulkammunitionshop.com\/?s={search_term_string}"},"query-input":{"@type":"PropertyValueSpecification","valueRequired":true,"valueName":"search_term_string"}}],"inLanguage":"lv-LV"}]}},"jetpack_sharing_enabled":true,"_links":{"self":[{"href":"https:\/\/www.bulkammunitionshop.com\/lv\/wp-json\/wp\/v2\/product\/3084","targetHints":{"allow":["GET"]}}],"collection":[{"href":"https:\/\/www.bulkammunitionshop.com\/lv\/wp-json\/wp\/v2\/product"}],"about":[{"href":"https:\/\/www.bulkammunitionshop.com\/lv\/wp-json\/wp\/v2\/types\/product"}],"replies":[{"embeddable":true,"href":"https:\/\/www.bulkammunitionshop.com\/lv\/wp-json\/wp\/v2\/comments?post=3084"}],"wp:featuredmedia":[{"embeddable":true,"href":"https:\/\/www.bulkammunitionshop.com\/lv\/wp-json\/wp\/v2\/media\/3085"}],"wp:attachment":[{"href":"https:\/\/www.bulkammunitionshop.com\/lv\/wp-json\/wp\/v2\/media?parent=3084"}],"wp:term":[{"taxonomy":"product_brand","embeddable":true,"href":"https:\/\/www.bulkammunitionshop.com\/lv\/wp-json\/wp\/v2\/product_brand?post=3084"},{"taxonomy":"product_cat","embeddable":true,"href":"https:\/\/www.bulkammunitionshop.com\/lv\/wp-json\/wp\/v2\/product_cat?post=3084"},{"taxonomy":"product_tag","embeddable":true,"href":"https:\/\/www.bulkammunitionshop.com\/lv\/wp-json\/wp\/v2\/product_tag?post=3084"}],"curies":[{"name":"wp","href":"https:\/\/api.w.org\/{rel}","templated":true}]}}