{"id":2115,"date":"2022-06-27T13:52:07","date_gmt":"2022-06-27T13:52:07","guid":{"rendered":"https:\/\/www.bulkammunitionshop.com\/?post_type=product&#038;p=2115"},"modified":"2022-06-27T13:52:07","modified_gmt":"2022-06-27T13:52:07","slug":"remington-premier-varmint-ammunition-222-remington-50-grain-accutip-boat-tail-500-rounds","status":"publish","type":"product","link":"https:\/\/www.bulkammunitionshop.com\/lv\/products\/remington-premier-varmint-ammunition-222-remington-50-grain-accutip-boat-tail-500-rounds\/","title":{"rendered":"REMINGTON PREMIER VARMINT AMMUNITION 222 REMINGTON 50 GRAIN ACCUTIP BOAT TAIL 500 ROUNDS"},"content":{"rendered":"<p>Remington Premier Ammunition offers the shooter and hunter one of the greatest varieties of premium bullet designs ever introduced, combined with strict manufacturing tolerances to create ammunition any shooter would be willing to use on that shot of a lifetime.<\/p>\n<p><b>AccuTip<\/b>\u00a0bullets are designed for rapid expansion, produce a high level of transferred energy and feature a thicker jacket and harder lead core to regulate weight retention and optimize penetration. Upon impact, the gold polymer tip is driven rearward causing the thin jacket and soft lead core to fragment violently. This ammunition is new production, non-corrosive, in boxer primed, reloadable brass cases.<\/p>\n<h3>PRODUKTA INFORM\u0100CIJA<\/h3>\n<table class=\"product-specs-table padding-none stack-l width-100\">\n<tbody>\n<tr class=\"product-specs-table-container is-selectable\">\n<td class=\"product-specs-table-detail\">Kasetne<\/td>\n<td class=\"product-specs-table-definition\">222 Remington<\/td>\n<\/tr>\n<tr class=\"product-specs-table-container\">\n<td class=\"product-specs-table-detail\">Graudu svars<\/td>\n<td class=\"product-specs-table-definition\">50 Grains<\/td>\n<\/tr>\n<tr class=\"product-specs-table-container is-selectable\">\n<td class=\"product-specs-table-detail\">Daudzums<\/td>\n<td class=\"product-specs-table-definition\">500 raundi<\/td>\n<\/tr>\n<tr class=\"product-specs-table-container\">\n<td class=\"product-specs-table-detail\">Purna \u0101trums<\/td>\n<td class=\"product-specs-table-definition\">3140 Feet Per Second<\/td>\n<\/tr>\n<tr class=\"product-specs-table-container\">\n<td class=\"product-specs-table-detail\">Purna ener\u0123ija<\/td>\n<td class=\"product-specs-table-definition\">1094 Foot Pounds<\/td>\n<\/tr>\n<tr class=\"product-specs-table-container\">\n<td class=\"product-specs-table-detail\">Aizz\u012bmju stils<\/td>\n<td class=\"product-specs-table-definition\">Polim\u0113ra uzgalis<\/td>\n<\/tr>\n<tr class=\"product-specs-table-container\">\n<td class=\"product-specs-table-detail\">Lodes z\u012bmols un modelis<\/td>\n<td class=\"product-specs-table-definition\">Remington AccuTip<\/td>\n<\/tr>\n<tr class=\"product-specs-table-container\">\n<td class=\"product-specs-table-detail\">Bez svina<\/td>\n<td class=\"product-specs-table-definition\">N\u0113<\/td>\n<\/tr>\n<tr class=\"product-specs-table-container\">\n<td class=\"product-specs-table-detail\">Lietas veids<\/td>\n<td class=\"product-specs-table-definition\">Misi\u0146\u0161<\/td>\n<\/tr>\n<tr class=\"product-specs-table-container\">\n<td class=\"product-specs-table-detail\">Grunts<\/td>\n<td class=\"product-specs-table-definition\">Bokseris<\/td>\n<\/tr>\n<tr class=\"product-specs-table-container\">\n<td class=\"product-specs-table-detail\">Kod\u012bgs<\/td>\n<td class=\"product-specs-table-definition\">N\u0113<\/td>\n<\/tr>\n<tr class=\"product-specs-table-container\">\n<td class=\"product-specs-table-detail\">Atk\u0101rtoti uzl\u0101d\u0113jams<\/td>\n<td class=\"product-specs-table-definition\">J\u0101<\/td>\n<\/tr>\n<tr class=\"product-specs-table-container\">\n<td class=\"product-specs-table-detail\">G1 ballistiskais koeficients<\/td>\n<td class=\"product-specs-table-definition\">0.242<\/td>\n<\/tr>\n<tr class=\"product-specs-table-container\">\n<td class=\"product-specs-table-detail\">\u0160\u0137\u0113rsgriezuma bl\u012bvums<\/td>\n<td class=\"product-specs-table-definition\">0.142<\/td>\n<\/tr>\n<tr class=\"product-specs-table-container\">\n<td class=\"product-specs-table-detail\">\u0100truma v\u0113rt\u0113jums<\/td>\n<td class=\"product-specs-table-definition\">Virsska\u0146as<\/td>\n<\/tr>\n<tr class=\"product-specs-table-container\">\n<td class=\"product-specs-table-detail\">Izcelsmes valsts<\/td>\n<td class=\"product-specs-table-definition\">Amerikas Savienot\u0101s Valstis<\/td>\n<\/tr>\n<\/tbody>\n<\/table>","protected":false},"excerpt":{"rendered":"<p>Remington Premier Ammunition offers the shooter and hunter one of the greatest varieties of premium bullet designs ever introduced, combined with strict manufacturing tolerances to create ammunition any shooter would be willing to use on that shot of a lifetime. AccuTip\u00a0bullets are designed for rapid expansion, produce a high level of transferred energy and feature [&#8230;]","protected":false},"featured_media":2118,"comment_status":"open","ping_status":"closed","template":"","meta":[],"product_brand":[],"product_cat":[250,121],"product_tag":[],"class_list":{"0":"post-2115","1":"product","2":"type-product","3":"status-publish","4":"has-post-thumbnail","6":"product_cat-222-remington-ammo","7":"product_cat-rifle-ammo","9":"first","10":"instock","11":"taxable","12":"shipping-taxable","13":"purchasable","14":"product-type-simple"},"yoast_head":"<!-- This site is optimized with the Yoast SEO Premium plugin v24.6 (Yoast SEO v25.7) - https:\/\/yoast.com\/wordpress\/plugins\/seo\/ -->\n<title>REMINGTON PREMIER VARMINT AMMUNITION 222 REMINGTON 50 GRAIN ACCUTIP BOAT TAIL 500 ROUNDS - Bulk Ammunition shop<\/title>\n<meta name=\"robots\" content=\"index, follow, max-snippet:-1, max-image-preview:large, max-video-preview:-1\" \/>\n<link rel=\"canonical\" href=\"https:\/\/www.bulkammunitionshop.com\/lv\/products\/remington-premier-varmint-ammunition-222-remington-50-grain-accutip-boat-tail-500-rounds\/\" \/>\n<meta property=\"og:locale\" content=\"lv_LV\" \/>\n<meta property=\"og:type\" content=\"article\" \/>\n<meta property=\"og:title\" content=\"REMINGTON PREMIER VARMINT AMMUNITION 222 REMINGTON 50 GRAIN ACCUTIP BOAT TAIL 500 ROUNDS\" \/>\n<meta property=\"og:description\" content=\"Remington Premier Ammunition offers the shooter and hunter one of the greatest varieties of premium bullet designs ever introduced, combined with strict manufacturing tolerances to create ammunition any shooter would be willing to use on that shot of a lifetime. AccuTip\u00a0bullets are designed for rapid expansion, produce a high level of transferred energy and feature [...]\" \/>\n<meta property=\"og:url\" content=\"https:\/\/www.bulkammunitionshop.com\/lv\/products\/remington-premier-varmint-ammunition-222-remington-50-grain-accutip-boat-tail-500-rounds\/\" \/>\n<meta property=\"og:site_name\" content=\"Bulk Ammunition shop\" \/>\n<meta property=\"og:image\" content=\"http:\/\/www.bulkammunitionshop.com\/wp-content\/uploads\/2022\/06\/854717.jpg\" \/>\n\t<meta property=\"og:image:width\" content=\"680\" \/>\n\t<meta property=\"og:image:height\" content=\"510\" \/>\n\t<meta property=\"og:image:type\" content=\"image\/jpeg\" \/>\n<meta name=\"twitter:card\" content=\"summary_large_image\" \/>\n<meta name=\"twitter:label1\" content=\"Est. reading time\" \/>\n\t<meta name=\"twitter:data1\" content=\"1 min\u016bte\" \/>\n<script type=\"application\/ld+json\" class=\"yoast-schema-graph\">{\"@context\":\"https:\/\/schema.org\",\"@graph\":[{\"@type\":\"WebPage\",\"@id\":\"https:\/\/www.bulkammunitionshop.com\/product\/remington-premier-varmint-ammunition-222-remington-50-grain-accutip-boat-tail-500-rounds\/\",\"url\":\"https:\/\/www.bulkammunitionshop.com\/product\/remington-premier-varmint-ammunition-222-remington-50-grain-accutip-boat-tail-500-rounds\/\",\"name\":\"REMINGTON PREMIER VARMINT AMMUNITION 222 REMINGTON 50 GRAIN ACCUTIP BOAT TAIL 500 ROUNDS - Bulk Ammunition shop\",\"isPartOf\":{\"@id\":\"https:\/\/www.bulkammunitionshop.com\/#website\"},\"primaryImageOfPage\":{\"@id\":\"https:\/\/www.bulkammunitionshop.com\/product\/remington-premier-varmint-ammunition-222-remington-50-grain-accutip-boat-tail-500-rounds\/#primaryimage\"},\"image\":{\"@id\":\"https:\/\/www.bulkammunitionshop.com\/product\/remington-premier-varmint-ammunition-222-remington-50-grain-accutip-boat-tail-500-rounds\/#primaryimage\"},\"thumbnailUrl\":\"https:\/\/www.bulkammunitionshop.com\/wp-content\/uploads\/2022\/06\/854717.jpg\",\"datePublished\":\"2022-06-27T13:52:07+00:00\",\"breadcrumb\":{\"@id\":\"https:\/\/www.bulkammunitionshop.com\/product\/remington-premier-varmint-ammunition-222-remington-50-grain-accutip-boat-tail-500-rounds\/#breadcrumb\"},\"inLanguage\":\"lv-LV\",\"potentialAction\":[{\"@type\":\"ReadAction\",\"target\":[\"https:\/\/www.bulkammunitionshop.com\/product\/remington-premier-varmint-ammunition-222-remington-50-grain-accutip-boat-tail-500-rounds\/\"]}]},{\"@type\":\"ImageObject\",\"inLanguage\":\"lv-LV\",\"@id\":\"https:\/\/www.bulkammunitionshop.com\/product\/remington-premier-varmint-ammunition-222-remington-50-grain-accutip-boat-tail-500-rounds\/#primaryimage\",\"url\":\"https:\/\/www.bulkammunitionshop.com\/wp-content\/uploads\/2022\/06\/854717.jpg\",\"contentUrl\":\"https:\/\/www.bulkammunitionshop.com\/wp-content\/uploads\/2022\/06\/854717.jpg\",\"width\":680,\"height\":510},{\"@type\":\"BreadcrumbList\",\"@id\":\"https:\/\/www.bulkammunitionshop.com\/product\/remington-premier-varmint-ammunition-222-remington-50-grain-accutip-boat-tail-500-rounds\/#breadcrumb\",\"itemListElement\":[{\"@type\":\"ListItem\",\"position\":1,\"name\":\"Home\",\"item\":\"https:\/\/www.bulkammunitionshop.com\/\"},{\"@type\":\"ListItem\",\"position\":2,\"name\":\"SHOP ALL\",\"item\":\"https:\/\/www.bulkammunitionshop.com\/shop-all\/\"},{\"@type\":\"ListItem\",\"position\":3,\"name\":\"REMINGTON PREMIER VARMINT AMMUNITION 222 REMINGTON 50 GRAIN ACCUTIP BOAT TAIL 500 ROUNDS\"}]},{\"@type\":\"WebSite\",\"@id\":\"https:\/\/www.bulkammunitionshop.com\/#website\",\"url\":\"https:\/\/www.bulkammunitionshop.com\/\",\"name\":\"Bulk Ammunition shop\",\"description\":\"Buy Cheap Bulk Ammo Online - Bulk Ammo for Sale- Cheap Ammo Online\",\"potentialAction\":[{\"@type\":\"SearchAction\",\"target\":{\"@type\":\"EntryPoint\",\"urlTemplate\":\"https:\/\/www.bulkammunitionshop.com\/?s={search_term_string}\"},\"query-input\":{\"@type\":\"PropertyValueSpecification\",\"valueRequired\":true,\"valueName\":\"search_term_string\"}}],\"inLanguage\":\"lv-LV\"}]}<\/script>\n<!-- \/ Yoast SEO Premium plugin. -->","yoast_head_json":{"title":"REMINGTON PREMIER VARMINT AMMUNITION 222 REMINGTON 50 GRAIN ACCUTIP BOAT TAIL 500 ROUNDS - Bulk Ammunition shop","robots":{"index":"index","follow":"follow","max-snippet":"max-snippet:-1","max-image-preview":"max-image-preview:large","max-video-preview":"max-video-preview:-1"},"canonical":"https:\/\/www.bulkammunitionshop.com\/lv\/products\/remington-premier-varmint-ammunition-222-remington-50-grain-accutip-boat-tail-500-rounds\/","og_locale":"lv_LV","og_type":"article","og_title":"REMINGTON PREMIER VARMINT AMMUNITION 222 REMINGTON 50 GRAIN ACCUTIP BOAT TAIL 500 ROUNDS","og_description":"Remington Premier Ammunition offers the shooter and hunter one of the greatest varieties of premium bullet designs ever introduced, combined with strict manufacturing tolerances to create ammunition any shooter would be willing to use on that shot of a lifetime. AccuTip\u00a0bullets are designed for rapid expansion, produce a high level of transferred energy and feature [...]","og_url":"https:\/\/www.bulkammunitionshop.com\/lv\/products\/remington-premier-varmint-ammunition-222-remington-50-grain-accutip-boat-tail-500-rounds\/","og_site_name":"Bulk Ammunition shop","og_image":[{"width":680,"height":510,"url":"http:\/\/www.bulkammunitionshop.com\/wp-content\/uploads\/2022\/06\/854717.jpg","type":"image\/jpeg"}],"twitter_card":"summary_large_image","twitter_misc":{"Est. reading time":"1 min\u016bte"},"schema":{"@context":"https:\/\/schema.org","@graph":[{"@type":"WebPage","@id":"https:\/\/www.bulkammunitionshop.com\/product\/remington-premier-varmint-ammunition-222-remington-50-grain-accutip-boat-tail-500-rounds\/","url":"https:\/\/www.bulkammunitionshop.com\/product\/remington-premier-varmint-ammunition-222-remington-50-grain-accutip-boat-tail-500-rounds\/","name":"REMINGTON PREMIER VARMINT AMMUNITION 222 REMINGTON 50 GRAIN ACCUTIP BOAT TAIL 500 ROUNDS - Bulk Ammunition shop","isPartOf":{"@id":"https:\/\/www.bulkammunitionshop.com\/#website"},"primaryImageOfPage":{"@id":"https:\/\/www.bulkammunitionshop.com\/product\/remington-premier-varmint-ammunition-222-remington-50-grain-accutip-boat-tail-500-rounds\/#primaryimage"},"image":{"@id":"https:\/\/www.bulkammunitionshop.com\/product\/remington-premier-varmint-ammunition-222-remington-50-grain-accutip-boat-tail-500-rounds\/#primaryimage"},"thumbnailUrl":"https:\/\/www.bulkammunitionshop.com\/wp-content\/uploads\/2022\/06\/854717.jpg","datePublished":"2022-06-27T13:52:07+00:00","breadcrumb":{"@id":"https:\/\/www.bulkammunitionshop.com\/product\/remington-premier-varmint-ammunition-222-remington-50-grain-accutip-boat-tail-500-rounds\/#breadcrumb"},"inLanguage":"lv-LV","potentialAction":[{"@type":"ReadAction","target":["https:\/\/www.bulkammunitionshop.com\/product\/remington-premier-varmint-ammunition-222-remington-50-grain-accutip-boat-tail-500-rounds\/"]}]},{"@type":"ImageObject","inLanguage":"lv-LV","@id":"https:\/\/www.bulkammunitionshop.com\/product\/remington-premier-varmint-ammunition-222-remington-50-grain-accutip-boat-tail-500-rounds\/#primaryimage","url":"https:\/\/www.bulkammunitionshop.com\/wp-content\/uploads\/2022\/06\/854717.jpg","contentUrl":"https:\/\/www.bulkammunitionshop.com\/wp-content\/uploads\/2022\/06\/854717.jpg","width":680,"height":510},{"@type":"BreadcrumbList","@id":"https:\/\/www.bulkammunitionshop.com\/product\/remington-premier-varmint-ammunition-222-remington-50-grain-accutip-boat-tail-500-rounds\/#breadcrumb","itemListElement":[{"@type":"ListItem","position":1,"name":"Home","item":"https:\/\/www.bulkammunitionshop.com\/"},{"@type":"ListItem","position":2,"name":"SHOP ALL","item":"https:\/\/www.bulkammunitionshop.com\/shop-all\/"},{"@type":"ListItem","position":3,"name":"REMINGTON PREMIER VARMINT AMMUNITION 222 REMINGTON 50 GRAIN ACCUTIP BOAT TAIL 500 ROUNDS"}]},{"@type":"WebSite","@id":"https:\/\/www.bulkammunitionshop.com\/#website","url":"https:\/\/www.bulkammunitionshop.com\/","name":"Lielapjoma mun\u012bcijas veikals","description":"P\u0113rciet l\u0113tu mun\u012bciju tie\u0161saist\u0113 \u2014 mun\u012bcija p\u0101rdo\u0161an\u0101 \u2014 l\u0113ta mun\u012bcija tie\u0161saist\u0113","potentialAction":[{"@type":"SearchAction","target":{"@type":"EntryPoint","urlTemplate":"https:\/\/www.bulkammunitionshop.com\/?s={search_term_string}"},"query-input":{"@type":"PropertyValueSpecification","valueRequired":true,"valueName":"search_term_string"}}],"inLanguage":"lv-LV"}]}},"jetpack_sharing_enabled":true,"_links":{"self":[{"href":"https:\/\/www.bulkammunitionshop.com\/lv\/wp-json\/wp\/v2\/product\/2115","targetHints":{"allow":["GET"]}}],"collection":[{"href":"https:\/\/www.bulkammunitionshop.com\/lv\/wp-json\/wp\/v2\/product"}],"about":[{"href":"https:\/\/www.bulkammunitionshop.com\/lv\/wp-json\/wp\/v2\/types\/product"}],"replies":[{"embeddable":true,"href":"https:\/\/www.bulkammunitionshop.com\/lv\/wp-json\/wp\/v2\/comments?post=2115"}],"wp:featuredmedia":[{"embeddable":true,"href":"https:\/\/www.bulkammunitionshop.com\/lv\/wp-json\/wp\/v2\/media\/2118"}],"wp:attachment":[{"href":"https:\/\/www.bulkammunitionshop.com\/lv\/wp-json\/wp\/v2\/media?parent=2115"}],"wp:term":[{"taxonomy":"product_brand","embeddable":true,"href":"https:\/\/www.bulkammunitionshop.com\/lv\/wp-json\/wp\/v2\/product_brand?post=2115"},{"taxonomy":"product_cat","embeddable":true,"href":"https:\/\/www.bulkammunitionshop.com\/lv\/wp-json\/wp\/v2\/product_cat?post=2115"},{"taxonomy":"product_tag","embeddable":true,"href":"https:\/\/www.bulkammunitionshop.com\/lv\/wp-json\/wp\/v2\/product_tag?post=2115"}],"curies":[{"name":"wp","href":"https:\/\/api.w.org\/{rel}","templated":true}]}}