{"id":1155,"date":"2022-05-21T16:23:00","date_gmt":"2022-05-21T16:23:00","guid":{"rendered":"https:\/\/www.bulkammunitionshop.com\/?post_type=product&#038;p=1155"},"modified":"2022-05-21T16:23:52","modified_gmt":"2022-05-21T16:23:52","slug":"500rds-of-remington-golden-bullet-22-lr-rimfire-ammo-round-nose","status":"publish","type":"product","link":"https:\/\/www.bulkammunitionshop.com\/lv\/products\/500rds-of-remington-golden-bullet-22-lr-rimfire-ammo-round-nose\/","title":{"rendered":"500rds of Remington Golden Bullet .22 LR Rimfire Ammo \u2013 Round Nose"},"content":{"rendered":"<h2>Apraksts<\/h2>\n<div id=\"product_longdescription_10636\" class=\"show-more-collapsed\">\n<p>Over the years, no manufacturer has been responsible for more advancements in rimfire ammunition than Remington\u00ae. No doubt this is because Remington gives their rimfire ammunition the same meticulous manufacturing attention as their centerfire ammunition. As a result, Remington produces the widest variety of rimfire loadings for every possible end use. Whether it\u2019s hunting, plinking, or competing. Remington has developed the widest variety of rimfire ammunition to match any use.<\/p>\n<ul>\n<li>Delivers the quality you expect from Remington<\/li>\n<li>Maximum performance from every shot<\/li>\n<li>Designed for the widest variety of end uses<\/li>\n<\/ul>\n<\/div>","protected":false},"excerpt":{"rendered":"<p>Description Over the years, no manufacturer has been responsible for more advancements in rimfire ammunition than Remington\u00ae. No doubt this is because Remington gives their rimfire ammunition the same meticulous manufacturing attention as their centerfire ammunition. As a result, Remington produces the widest variety of rimfire loadings for every possible end use. Whether it\u2019s hunting, [&#8230;]","protected":false},"featured_media":1209,"comment_status":"open","ping_status":"closed","template":"","meta":[],"product_brand":[],"product_cat":[128,123],"product_tag":[],"class_list":{"0":"post-1155","1":"product","2":"type-product","3":"status-publish","4":"has-post-thumbnail","6":"product_cat-22lr","7":"product_cat-rimfire-ammo","9":"first","10":"instock","11":"taxable","12":"shipping-taxable","13":"purchasable","14":"product-type-simple"},"yoast_head":"<!-- This site is optimized with the Yoast SEO Premium plugin v24.6 (Yoast SEO v25.7) - https:\/\/yoast.com\/wordpress\/plugins\/seo\/ -->\n<title>500rds of Remington Golden Bullet .22 LR Rimfire Ammo \u2013 Round Nose - Bulk Ammunition shop<\/title>\n<meta name=\"robots\" content=\"index, follow, max-snippet:-1, max-image-preview:large, max-video-preview:-1\" \/>\n<link rel=\"canonical\" href=\"https:\/\/www.bulkammunitionshop.com\/lv\/products\/500rds-of-remington-golden-bullet-22-lr-rimfire-ammo-round-nose\/\" \/>\n<meta property=\"og:locale\" content=\"lv_LV\" \/>\n<meta property=\"og:type\" content=\"article\" \/>\n<meta property=\"og:title\" content=\"500rds of Remington Golden Bullet .22 LR Rimfire Ammo \u2013 Round Nose\" \/>\n<meta property=\"og:description\" content=\"Description Over the years, no manufacturer has been responsible for more advancements in rimfire ammunition than Remington\u00ae. No doubt this is because Remington gives their rimfire ammunition the same meticulous manufacturing attention as their centerfire ammunition. As a result, Remington produces the widest variety of rimfire loadings for every possible end use. Whether it\u2019s hunting, [...]\" \/>\n<meta property=\"og:url\" content=\"https:\/\/www.bulkammunitionshop.com\/lv\/products\/500rds-of-remington-golden-bullet-22-lr-rimfire-ammo-round-nose\/\" \/>\n<meta property=\"og:site_name\" content=\"Bulk Ammunition shop\" \/>\n<meta property=\"article:modified_time\" content=\"2022-05-21T16:23:52+00:00\" \/>\n<meta property=\"og:image\" content=\"https:\/\/i0.wp.com\/www.bulkammunitionshop.com\/wp-content\/uploads\/2022\/05\/download-4-600x504-1.png?fit=600%2C504&ssl=1\" \/>\n\t<meta property=\"og:image:width\" content=\"600\" \/>\n\t<meta property=\"og:image:height\" content=\"504\" \/>\n\t<meta property=\"og:image:type\" content=\"image\/png\" \/>\n<meta name=\"twitter:card\" content=\"summary_large_image\" \/>\n<script type=\"application\/ld+json\" class=\"yoast-schema-graph\">{\"@context\":\"https:\/\/schema.org\",\"@graph\":[{\"@type\":\"WebPage\",\"@id\":\"https:\/\/www.bulkammunitionshop.com\/product\/500rds-of-remington-golden-bullet-22-lr-rimfire-ammo-round-nose\/\",\"url\":\"https:\/\/www.bulkammunitionshop.com\/product\/500rds-of-remington-golden-bullet-22-lr-rimfire-ammo-round-nose\/\",\"name\":\"500rds of Remington Golden Bullet .22 LR Rimfire Ammo \u2013 Round Nose - Bulk Ammunition shop\",\"isPartOf\":{\"@id\":\"https:\/\/www.bulkammunitionshop.com\/#website\"},\"primaryImageOfPage\":{\"@id\":\"https:\/\/www.bulkammunitionshop.com\/product\/500rds-of-remington-golden-bullet-22-lr-rimfire-ammo-round-nose\/#primaryimage\"},\"image\":{\"@id\":\"https:\/\/www.bulkammunitionshop.com\/product\/500rds-of-remington-golden-bullet-22-lr-rimfire-ammo-round-nose\/#primaryimage\"},\"thumbnailUrl\":\"https:\/\/www.bulkammunitionshop.com\/wp-content\/uploads\/2022\/05\/download-4-600x504-1.png\",\"datePublished\":\"2022-05-21T16:23:00+00:00\",\"dateModified\":\"2022-05-21T16:23:52+00:00\",\"breadcrumb\":{\"@id\":\"https:\/\/www.bulkammunitionshop.com\/product\/500rds-of-remington-golden-bullet-22-lr-rimfire-ammo-round-nose\/#breadcrumb\"},\"inLanguage\":\"lv-LV\",\"potentialAction\":[{\"@type\":\"ReadAction\",\"target\":[\"https:\/\/www.bulkammunitionshop.com\/product\/500rds-of-remington-golden-bullet-22-lr-rimfire-ammo-round-nose\/\"]}]},{\"@type\":\"ImageObject\",\"inLanguage\":\"lv-LV\",\"@id\":\"https:\/\/www.bulkammunitionshop.com\/product\/500rds-of-remington-golden-bullet-22-lr-rimfire-ammo-round-nose\/#primaryimage\",\"url\":\"https:\/\/www.bulkammunitionshop.com\/wp-content\/uploads\/2022\/05\/download-4-600x504-1.png\",\"contentUrl\":\"https:\/\/www.bulkammunitionshop.com\/wp-content\/uploads\/2022\/05\/download-4-600x504-1.png\",\"width\":600,\"height\":504},{\"@type\":\"BreadcrumbList\",\"@id\":\"https:\/\/www.bulkammunitionshop.com\/product\/500rds-of-remington-golden-bullet-22-lr-rimfire-ammo-round-nose\/#breadcrumb\",\"itemListElement\":[{\"@type\":\"ListItem\",\"position\":1,\"name\":\"Home\",\"item\":\"https:\/\/www.bulkammunitionshop.com\/\"},{\"@type\":\"ListItem\",\"position\":2,\"name\":\"SHOP ALL\",\"item\":\"https:\/\/www.bulkammunitionshop.com\/shop-all\/\"},{\"@type\":\"ListItem\",\"position\":3,\"name\":\"500rds of Remington Golden Bullet .22 LR Rimfire Ammo \u2013 Round Nose\"}]},{\"@type\":\"WebSite\",\"@id\":\"https:\/\/www.bulkammunitionshop.com\/#website\",\"url\":\"https:\/\/www.bulkammunitionshop.com\/\",\"name\":\"Bulk Ammunition shop\",\"description\":\"Buy Cheap Bulk Ammo Online - Bulk Ammo for Sale- Cheap Ammo Online\",\"potentialAction\":[{\"@type\":\"SearchAction\",\"target\":{\"@type\":\"EntryPoint\",\"urlTemplate\":\"https:\/\/www.bulkammunitionshop.com\/?s={search_term_string}\"},\"query-input\":{\"@type\":\"PropertyValueSpecification\",\"valueRequired\":true,\"valueName\":\"search_term_string\"}}],\"inLanguage\":\"lv-LV\"}]}<\/script>\n<!-- \/ Yoast SEO Premium plugin. -->","yoast_head_json":{"title":"500rds of Remington Golden Bullet .22 LR Rimfire Ammo \u2013 Round Nose - Bulk Ammunition shop","robots":{"index":"index","follow":"follow","max-snippet":"max-snippet:-1","max-image-preview":"max-image-preview:large","max-video-preview":"max-video-preview:-1"},"canonical":"https:\/\/www.bulkammunitionshop.com\/lv\/products\/500rds-of-remington-golden-bullet-22-lr-rimfire-ammo-round-nose\/","og_locale":"lv_LV","og_type":"article","og_title":"500rds of Remington Golden Bullet .22 LR Rimfire Ammo \u2013 Round Nose","og_description":"Description Over the years, no manufacturer has been responsible for more advancements in rimfire ammunition than Remington\u00ae. No doubt this is because Remington gives their rimfire ammunition the same meticulous manufacturing attention as their centerfire ammunition. As a result, Remington produces the widest variety of rimfire loadings for every possible end use. Whether it\u2019s hunting, [...]","og_url":"https:\/\/www.bulkammunitionshop.com\/lv\/products\/500rds-of-remington-golden-bullet-22-lr-rimfire-ammo-round-nose\/","og_site_name":"Bulk Ammunition shop","article_modified_time":"2022-05-21T16:23:52+00:00","og_image":[{"width":600,"height":504,"url":"https:\/\/i0.wp.com\/www.bulkammunitionshop.com\/wp-content\/uploads\/2022\/05\/download-4-600x504-1.png?fit=600%2C504&ssl=1","type":"image\/png"}],"twitter_card":"summary_large_image","schema":{"@context":"https:\/\/schema.org","@graph":[{"@type":"WebPage","@id":"https:\/\/www.bulkammunitionshop.com\/product\/500rds-of-remington-golden-bullet-22-lr-rimfire-ammo-round-nose\/","url":"https:\/\/www.bulkammunitionshop.com\/product\/500rds-of-remington-golden-bullet-22-lr-rimfire-ammo-round-nose\/","name":"500rds of Remington Golden Bullet .22 LR Rimfire Ammo \u2013 Round Nose - Bulk Ammunition shop","isPartOf":{"@id":"https:\/\/www.bulkammunitionshop.com\/#website"},"primaryImageOfPage":{"@id":"https:\/\/www.bulkammunitionshop.com\/product\/500rds-of-remington-golden-bullet-22-lr-rimfire-ammo-round-nose\/#primaryimage"},"image":{"@id":"https:\/\/www.bulkammunitionshop.com\/product\/500rds-of-remington-golden-bullet-22-lr-rimfire-ammo-round-nose\/#primaryimage"},"thumbnailUrl":"https:\/\/www.bulkammunitionshop.com\/wp-content\/uploads\/2022\/05\/download-4-600x504-1.png","datePublished":"2022-05-21T16:23:00+00:00","dateModified":"2022-05-21T16:23:52+00:00","breadcrumb":{"@id":"https:\/\/www.bulkammunitionshop.com\/product\/500rds-of-remington-golden-bullet-22-lr-rimfire-ammo-round-nose\/#breadcrumb"},"inLanguage":"lv-LV","potentialAction":[{"@type":"ReadAction","target":["https:\/\/www.bulkammunitionshop.com\/product\/500rds-of-remington-golden-bullet-22-lr-rimfire-ammo-round-nose\/"]}]},{"@type":"ImageObject","inLanguage":"lv-LV","@id":"https:\/\/www.bulkammunitionshop.com\/product\/500rds-of-remington-golden-bullet-22-lr-rimfire-ammo-round-nose\/#primaryimage","url":"https:\/\/www.bulkammunitionshop.com\/wp-content\/uploads\/2022\/05\/download-4-600x504-1.png","contentUrl":"https:\/\/www.bulkammunitionshop.com\/wp-content\/uploads\/2022\/05\/download-4-600x504-1.png","width":600,"height":504},{"@type":"BreadcrumbList","@id":"https:\/\/www.bulkammunitionshop.com\/product\/500rds-of-remington-golden-bullet-22-lr-rimfire-ammo-round-nose\/#breadcrumb","itemListElement":[{"@type":"ListItem","position":1,"name":"Home","item":"https:\/\/www.bulkammunitionshop.com\/"},{"@type":"ListItem","position":2,"name":"SHOP ALL","item":"https:\/\/www.bulkammunitionshop.com\/shop-all\/"},{"@type":"ListItem","position":3,"name":"500rds of Remington Golden Bullet .22 LR Rimfire Ammo \u2013 Round Nose"}]},{"@type":"WebSite","@id":"https:\/\/www.bulkammunitionshop.com\/#website","url":"https:\/\/www.bulkammunitionshop.com\/","name":"Lielapjoma mun\u012bcijas veikals","description":"P\u0113rciet l\u0113tu mun\u012bciju tie\u0161saist\u0113 \u2014 mun\u012bcija p\u0101rdo\u0161an\u0101 \u2014 l\u0113ta mun\u012bcija tie\u0161saist\u0113","potentialAction":[{"@type":"SearchAction","target":{"@type":"EntryPoint","urlTemplate":"https:\/\/www.bulkammunitionshop.com\/?s={search_term_string}"},"query-input":{"@type":"PropertyValueSpecification","valueRequired":true,"valueName":"search_term_string"}}],"inLanguage":"lv-LV"}]}},"jetpack_sharing_enabled":true,"_links":{"self":[{"href":"https:\/\/www.bulkammunitionshop.com\/lv\/wp-json\/wp\/v2\/product\/1155","targetHints":{"allow":["GET"]}}],"collection":[{"href":"https:\/\/www.bulkammunitionshop.com\/lv\/wp-json\/wp\/v2\/product"}],"about":[{"href":"https:\/\/www.bulkammunitionshop.com\/lv\/wp-json\/wp\/v2\/types\/product"}],"replies":[{"embeddable":true,"href":"https:\/\/www.bulkammunitionshop.com\/lv\/wp-json\/wp\/v2\/comments?post=1155"}],"wp:featuredmedia":[{"embeddable":true,"href":"https:\/\/www.bulkammunitionshop.com\/lv\/wp-json\/wp\/v2\/media\/1209"}],"wp:attachment":[{"href":"https:\/\/www.bulkammunitionshop.com\/lv\/wp-json\/wp\/v2\/media?parent=1155"}],"wp:term":[{"taxonomy":"product_brand","embeddable":true,"href":"https:\/\/www.bulkammunitionshop.com\/lv\/wp-json\/wp\/v2\/product_brand?post=1155"},{"taxonomy":"product_cat","embeddable":true,"href":"https:\/\/www.bulkammunitionshop.com\/lv\/wp-json\/wp\/v2\/product_cat?post=1155"},{"taxonomy":"product_tag","embeddable":true,"href":"https:\/\/www.bulkammunitionshop.com\/lv\/wp-json\/wp\/v2\/product_tag?post=1155"}],"curies":[{"name":"wp","href":"https:\/\/api.w.org\/{rel}","templated":true}]}}