{"id":890,"date":"2022-05-21T16:19:45","date_gmt":"2022-05-21T16:19:45","guid":{"rendered":"https:\/\/www.bulkammunitionshop.com\/?post_type=product&#038;p=890"},"modified":"2025-06-21T20:02:08","modified_gmt":"2025-06-21T20:02:08","slug":"500rds-of-9mm-9x19-ammo-115gr-fmj-remington-military-le-training-b9mm3","status":"publish","type":"product","link":"https:\/\/www.bulkammunitionshop.com\/lt\/produktas\/500rds-of-9mm-9x19-ammo-115gr-fmj-remington-military-le-training-b9mm3\/","title":{"rendered":"500rds of 9mm 9\u00d719 Ammo 115gr FMJ Remington Military LE Training (B9MM3)"},"content":{"rendered":"<p><span class=\"ammoDescription1\">Kulkos tipas:<\/span>\u00a0FMJ MC, Full Metal Jacket<\/p>\n<p><span class=\"ammoDescription1\">Kulkos svoris:<\/span>\u00a0115gr<\/p>\n<p><span class=\"ammoDescription1\">Bullet Jacket:<\/span>\u00a0Copper<\/p>\n<p><span class=\"ammoDescription1\">Case:<\/span>\u00a0\u017dalvaris<\/p>\n<p><span class=\"ammoDescription1\">Velocity:<\/span>\u00a01,145 ft\/s<\/p>\n<p><span class=\"ammoDescription1\">Powder:<\/span>\u00a0Non-Corrosive<\/p>\n<p><span class=\"ammoDescription1\">Primer:<\/span>\u00a0Boksininkas<\/p>\n<p><span class=\"ammoDescription1\">Amount:<\/span>\u00a0500 \u0161ovini\u0173<\/p>\n<p>Availability: IN STOCK<\/p>","protected":false},"excerpt":{"rendered":"<p>Bullet Type:\u00a0FMJ MC, Full Metal Jacket Bullet Weight:\u00a0115gr Bullet Jacket:\u00a0Copper Case:\u00a0Brass Velocity:\u00a01,145 ft\/s Powder:\u00a0Non-Corrosive Primer:\u00a0Boxer Amount:\u00a0500 Rounds Availability: IN STOCK<\/p>","protected":false},"featured_media":650,"comment_status":"open","ping_status":"closed","template":"","meta":[],"product_brand":[],"product_cat":[118,112],"product_tag":[],"class_list":{"0":"post-890","1":"product","2":"type-product","3":"status-publish","4":"has-post-thumbnail","6":"product_cat-9mm-ammo","7":"product_cat-handgun-ammo","9":"first","10":"instock","11":"taxable","12":"shipping-taxable","13":"purchasable","14":"product-type-simple"},"yoast_head":"<!-- This site is optimized with the Yoast SEO Premium plugin v24.6 (Yoast SEO v25.7) - https:\/\/yoast.com\/wordpress\/plugins\/seo\/ -->\n<title>500rds of 9mm 9\u00d719 Ammo 115gr FMJ Remington Military LE Training (B9MM3) - Bulk Ammunition shop<\/title>\n<meta name=\"robots\" content=\"index, follow, max-snippet:-1, max-image-preview:large, max-video-preview:-1\" \/>\n<link rel=\"canonical\" href=\"https:\/\/www.bulkammunitionshop.com\/lt\/produktas\/500rds-of-9mm-9x19-ammo-115gr-fmj-remington-military-le-training-b9mm3\/\" \/>\n<meta property=\"og:locale\" content=\"lt_LT\" \/>\n<meta property=\"og:type\" content=\"article\" \/>\n<meta property=\"og:title\" content=\"500rds of 9mm 9\u00d719 Ammo 115gr FMJ Remington Military LE Training (B9MM3)\" \/>\n<meta property=\"og:description\" content=\"Bullet Type:\u00a0FMJ MC, Full Metal Jacket Bullet Weight:\u00a0115gr Bullet Jacket:\u00a0Copper Case:\u00a0Brass Velocity:\u00a01,145 ft\/s Powder:\u00a0Non-Corrosive Primer:\u00a0Boxer Amount:\u00a0500 Rounds Availability: IN STOCK\" \/>\n<meta property=\"og:url\" content=\"https:\/\/www.bulkammunitionshop.com\/lt\/produktas\/500rds-of-9mm-9x19-ammo-115gr-fmj-remington-military-le-training-b9mm3\/\" \/>\n<meta property=\"og:site_name\" content=\"Bulk Ammunition shop\" \/>\n<meta property=\"article:modified_time\" content=\"2025-06-21T20:02:08+00:00\" \/>\n<meta property=\"og:image\" content=\"https:\/\/i0.wp.com\/www.bulkammunitionshop.com\/wp-content\/uploads\/2022\/05\/Image1__83047.1512267150.1280.1280.jpg?fit=1200%2C856&ssl=1\" \/>\n\t<meta property=\"og:image:width\" content=\"1200\" \/>\n\t<meta property=\"og:image:height\" content=\"856\" \/>\n\t<meta property=\"og:image:type\" content=\"image\/jpeg\" \/>\n<meta name=\"twitter:card\" content=\"summary_large_image\" \/>\n<script type=\"application\/ld+json\" class=\"yoast-schema-graph\">{\"@context\":\"https:\/\/schema.org\",\"@graph\":[{\"@type\":\"WebPage\",\"@id\":\"https:\/\/www.bulkammunitionshop.com\/product\/500rds-of-9mm-9x19-ammo-115gr-fmj-remington-military-le-training-b9mm3\/\",\"url\":\"https:\/\/www.bulkammunitionshop.com\/product\/500rds-of-9mm-9x19-ammo-115gr-fmj-remington-military-le-training-b9mm3\/\",\"name\":\"500rds of 9mm 9\u00d719 Ammo 115gr FMJ Remington Military LE Training (B9MM3) - Bulk Ammunition shop\",\"isPartOf\":{\"@id\":\"https:\/\/www.bulkammunitionshop.com\/#website\"},\"primaryImageOfPage\":{\"@id\":\"https:\/\/www.bulkammunitionshop.com\/product\/500rds-of-9mm-9x19-ammo-115gr-fmj-remington-military-le-training-b9mm3\/#primaryimage\"},\"image\":{\"@id\":\"https:\/\/www.bulkammunitionshop.com\/product\/500rds-of-9mm-9x19-ammo-115gr-fmj-remington-military-le-training-b9mm3\/#primaryimage\"},\"thumbnailUrl\":\"https:\/\/www.bulkammunitionshop.com\/wp-content\/uploads\/2022\/05\/Image1__83047.1512267150.1280.1280.jpg\",\"datePublished\":\"2022-05-21T16:19:45+00:00\",\"dateModified\":\"2025-06-21T20:02:08+00:00\",\"breadcrumb\":{\"@id\":\"https:\/\/www.bulkammunitionshop.com\/product\/500rds-of-9mm-9x19-ammo-115gr-fmj-remington-military-le-training-b9mm3\/#breadcrumb\"},\"inLanguage\":\"lt-LT\",\"potentialAction\":[{\"@type\":\"ReadAction\",\"target\":[\"https:\/\/www.bulkammunitionshop.com\/product\/500rds-of-9mm-9x19-ammo-115gr-fmj-remington-military-le-training-b9mm3\/\"]}]},{\"@type\":\"ImageObject\",\"inLanguage\":\"lt-LT\",\"@id\":\"https:\/\/www.bulkammunitionshop.com\/product\/500rds-of-9mm-9x19-ammo-115gr-fmj-remington-military-le-training-b9mm3\/#primaryimage\",\"url\":\"https:\/\/www.bulkammunitionshop.com\/wp-content\/uploads\/2022\/05\/Image1__83047.1512267150.1280.1280.jpg\",\"contentUrl\":\"https:\/\/www.bulkammunitionshop.com\/wp-content\/uploads\/2022\/05\/Image1__83047.1512267150.1280.1280.jpg\",\"width\":1200,\"height\":856},{\"@type\":\"BreadcrumbList\",\"@id\":\"https:\/\/www.bulkammunitionshop.com\/product\/500rds-of-9mm-9x19-ammo-115gr-fmj-remington-military-le-training-b9mm3\/#breadcrumb\",\"itemListElement\":[{\"@type\":\"ListItem\",\"position\":1,\"name\":\"Home\",\"item\":\"https:\/\/www.bulkammunitionshop.com\/\"},{\"@type\":\"ListItem\",\"position\":2,\"name\":\"SHOP ALL\",\"item\":\"https:\/\/www.bulkammunitionshop.com\/shop-all\/\"},{\"@type\":\"ListItem\",\"position\":3,\"name\":\"500rds of 9mm 9\u00d719 Ammo 115gr FMJ Remington Military LE Training (B9MM3)\"}]},{\"@type\":\"WebSite\",\"@id\":\"https:\/\/www.bulkammunitionshop.com\/#website\",\"url\":\"https:\/\/www.bulkammunitionshop.com\/\",\"name\":\"Bulk Ammunition shop\",\"description\":\"Buy Cheap Bulk Ammo Online - Bulk Ammo for Sale- Cheap Ammo Online\",\"potentialAction\":[{\"@type\":\"SearchAction\",\"target\":{\"@type\":\"EntryPoint\",\"urlTemplate\":\"https:\/\/www.bulkammunitionshop.com\/?s={search_term_string}\"},\"query-input\":{\"@type\":\"PropertyValueSpecification\",\"valueRequired\":true,\"valueName\":\"search_term_string\"}}],\"inLanguage\":\"lt-LT\"}]}<\/script>\n<!-- \/ Yoast SEO Premium plugin. -->","yoast_head_json":{"title":"500rds of 9mm 9\u00d719 Ammo 115gr FMJ Remington Military LE Training (B9MM3) - Bulk Ammunition shop","robots":{"index":"index","follow":"follow","max-snippet":"max-snippet:-1","max-image-preview":"max-image-preview:large","max-video-preview":"max-video-preview:-1"},"canonical":"https:\/\/www.bulkammunitionshop.com\/lt\/produktas\/500rds-of-9mm-9x19-ammo-115gr-fmj-remington-military-le-training-b9mm3\/","og_locale":"lt_LT","og_type":"article","og_title":"500rds of 9mm 9\u00d719 Ammo 115gr FMJ Remington Military LE Training (B9MM3)","og_description":"Bullet Type:\u00a0FMJ MC, Full Metal Jacket Bullet Weight:\u00a0115gr Bullet Jacket:\u00a0Copper Case:\u00a0Brass Velocity:\u00a01,145 ft\/s Powder:\u00a0Non-Corrosive Primer:\u00a0Boxer Amount:\u00a0500 Rounds Availability: IN STOCK","og_url":"https:\/\/www.bulkammunitionshop.com\/lt\/produktas\/500rds-of-9mm-9x19-ammo-115gr-fmj-remington-military-le-training-b9mm3\/","og_site_name":"Bulk Ammunition shop","article_modified_time":"2025-06-21T20:02:08+00:00","og_image":[{"width":1200,"height":856,"url":"https:\/\/i0.wp.com\/www.bulkammunitionshop.com\/wp-content\/uploads\/2022\/05\/Image1__83047.1512267150.1280.1280.jpg?fit=1200%2C856&ssl=1","type":"image\/jpeg"}],"twitter_card":"summary_large_image","schema":{"@context":"https:\/\/schema.org","@graph":[{"@type":"WebPage","@id":"https:\/\/www.bulkammunitionshop.com\/product\/500rds-of-9mm-9x19-ammo-115gr-fmj-remington-military-le-training-b9mm3\/","url":"https:\/\/www.bulkammunitionshop.com\/product\/500rds-of-9mm-9x19-ammo-115gr-fmj-remington-military-le-training-b9mm3\/","name":"500rds of 9mm 9\u00d719 Ammo 115gr FMJ Remington Military LE Training (B9MM3) - Bulk Ammunition shop","isPartOf":{"@id":"https:\/\/www.bulkammunitionshop.com\/#website"},"primaryImageOfPage":{"@id":"https:\/\/www.bulkammunitionshop.com\/product\/500rds-of-9mm-9x19-ammo-115gr-fmj-remington-military-le-training-b9mm3\/#primaryimage"},"image":{"@id":"https:\/\/www.bulkammunitionshop.com\/product\/500rds-of-9mm-9x19-ammo-115gr-fmj-remington-military-le-training-b9mm3\/#primaryimage"},"thumbnailUrl":"https:\/\/www.bulkammunitionshop.com\/wp-content\/uploads\/2022\/05\/Image1__83047.1512267150.1280.1280.jpg","datePublished":"2022-05-21T16:19:45+00:00","dateModified":"2025-06-21T20:02:08+00:00","breadcrumb":{"@id":"https:\/\/www.bulkammunitionshop.com\/product\/500rds-of-9mm-9x19-ammo-115gr-fmj-remington-military-le-training-b9mm3\/#breadcrumb"},"inLanguage":"lt-LT","potentialAction":[{"@type":"ReadAction","target":["https:\/\/www.bulkammunitionshop.com\/product\/500rds-of-9mm-9x19-ammo-115gr-fmj-remington-military-le-training-b9mm3\/"]}]},{"@type":"ImageObject","inLanguage":"lt-LT","@id":"https:\/\/www.bulkammunitionshop.com\/product\/500rds-of-9mm-9x19-ammo-115gr-fmj-remington-military-le-training-b9mm3\/#primaryimage","url":"https:\/\/www.bulkammunitionshop.com\/wp-content\/uploads\/2022\/05\/Image1__83047.1512267150.1280.1280.jpg","contentUrl":"https:\/\/www.bulkammunitionshop.com\/wp-content\/uploads\/2022\/05\/Image1__83047.1512267150.1280.1280.jpg","width":1200,"height":856},{"@type":"BreadcrumbList","@id":"https:\/\/www.bulkammunitionshop.com\/product\/500rds-of-9mm-9x19-ammo-115gr-fmj-remington-military-le-training-b9mm3\/#breadcrumb","itemListElement":[{"@type":"ListItem","position":1,"name":"Home","item":"https:\/\/www.bulkammunitionshop.com\/"},{"@type":"ListItem","position":2,"name":"SHOP ALL","item":"https:\/\/www.bulkammunitionshop.com\/shop-all\/"},{"@type":"ListItem","position":3,"name":"500rds of 9mm 9\u00d719 Ammo 115gr FMJ Remington Military LE Training (B9MM3)"}]},{"@type":"WebSite","@id":"https:\/\/www.bulkammunitionshop.com\/#website","url":"https:\/\/www.bulkammunitionshop.com\/","name":"Didelio masto \u0161audmen\u0173 parduotuv\u0117","description":"Pirkite pigius urmu \u0161audmenis internetu - urmu \u0161audmenys pardavimui - pig\u016bs \u0161oviniai internetu","potentialAction":[{"@type":"SearchAction","target":{"@type":"EntryPoint","urlTemplate":"https:\/\/www.bulkammunitionshop.com\/?s={search_term_string}"},"query-input":{"@type":"PropertyValueSpecification","valueRequired":true,"valueName":"search_term_string"}}],"inLanguage":"lt-LT"}]}},"jetpack_sharing_enabled":true,"_links":{"self":[{"href":"https:\/\/www.bulkammunitionshop.com\/lt\/wp-json\/wp\/v2\/product\/890","targetHints":{"allow":["GET"]}}],"collection":[{"href":"https:\/\/www.bulkammunitionshop.com\/lt\/wp-json\/wp\/v2\/product"}],"about":[{"href":"https:\/\/www.bulkammunitionshop.com\/lt\/wp-json\/wp\/v2\/types\/product"}],"replies":[{"embeddable":true,"href":"https:\/\/www.bulkammunitionshop.com\/lt\/wp-json\/wp\/v2\/comments?post=890"}],"wp:featuredmedia":[{"embeddable":true,"href":"https:\/\/www.bulkammunitionshop.com\/lt\/wp-json\/wp\/v2\/media\/650"}],"wp:attachment":[{"href":"https:\/\/www.bulkammunitionshop.com\/lt\/wp-json\/wp\/v2\/media?parent=890"}],"wp:term":[{"taxonomy":"product_brand","embeddable":true,"href":"https:\/\/www.bulkammunitionshop.com\/lt\/wp-json\/wp\/v2\/product_brand?post=890"},{"taxonomy":"product_cat","embeddable":true,"href":"https:\/\/www.bulkammunitionshop.com\/lt\/wp-json\/wp\/v2\/product_cat?post=890"},{"taxonomy":"product_tag","embeddable":true,"href":"https:\/\/www.bulkammunitionshop.com\/lt\/wp-json\/wp\/v2\/product_tag?post=890"}],"curies":[{"name":"wp","href":"https:\/\/api.w.org\/{rel}","templated":true}]}}