{"id":3105,"date":"2022-11-04T23:16:14","date_gmt":"2022-11-04T23:16:14","guid":{"rendered":"https:\/\/www.bulkammunitionshop.com\/?post_type=product&#038;p=3105"},"modified":"2022-11-04T23:16:14","modified_gmt":"2022-11-04T23:16:14","slug":"federalines-auksciausios-kokybes-asmenines-gynybos-pistoleto-soviniai-410-kalibro-5-sratu-500-soviniu","status":"publish","type":"product","link":"https:\/\/www.bulkammunitionshop.com\/lt\/produktas\/federalines-auksciausios-kokybes-asmenines-gynybos-pistoleto-soviniai-410-kalibro-5-sratu-500-soviniu\/","title":{"rendered":"FEDERAL PREMIUM ASMENIN\u0116S GYNYBOS \u012eRANGA .410 KARBIURO 5 \u0160AUDULI\u0172 \u0160VINO \u0160RAUTINIO PISTOLETO \u0160AUDMENYS 500 \u0160OVINI\u0172"},"content":{"rendered":"<h1 class=\"sc_layouts_title_caption\">FEDERAL PREMIUM ASMENIN\u0116 GYNYBA <a href=\"https:\/\/www.bulkammunitionshop.com\/lt\/\">.410 kalibro<\/a> 5 \u0160ratiniai \u0161ratiniai pistoleto \u0161oviniai, 500 \u0161ovini\u0173<\/h1>\n<h2>Apra\u0161ymas<\/h2>\n<div>\u201eFederal Premium Personal Defense 410\u201c pistoleto \u0161oviniai \u2013 \u201eJudge\u201c sukurti atsi\u017evelgiant \u012f j\u016bs\u0173 asmeninio saugumo poreikius. Sisteminga u\u017etaisymo funkcija pasi\u017eymi u\u017etaisymo sistema ant \u0161autuvo vamzd\u017eio. \u0160audmenys sukurti taip, kad nedelsiant sustabdyt\u0173 gr\u0117smes, nesukeliant pavojaus pakenkti nam\u0173 \u016bkiui. Kadangi tai yra nam\u0173 gynybos sistema, atlikti i\u0161sam\u016bs \u0161ovini\u0173 tyrimai. Kulka i\u0161 tikr\u0173j\u0173 pagerina \u0161aunamojo ginklo funkcionalum\u0105 ir i\u0161vengia trikd\u017ei\u0173 bei u\u017estrigim\u0173. \u0160ie \u0161oviniai geriausiai veikia su \u201eJudge\u201c, bet taip pat tinka ir su \u201eS&amp;W Governor\u201c.<\/div>\n<div><\/div>\n<h2>SPECIFIKACIJOS<\/h2>\n<div>\u201eFederal Premium Personal Defense 410\u201c pistoleto, 410 kalibro, 5 kalibro, variu dengto \u0161vino, \u0161ratinio pistoleto \u0161ovini\u0173 specifikacijos:<\/div>\n<div>Gamintojas: Federal Premium<\/div>\n<div>Kalibras: .410<\/div>\n<div>Raund\u0173 skai\u010dius: 500<\/div>\n<div>Korpuso ilgis: 3 coliai<\/div>\n<div>Snukio greitis: 775 p\u0117dos\/s<\/div>\n<div>Pridedami priedai: standartinis<\/div>\n<div>Taikymas: asmenin\u0117 gynyba<\/div>\n<div>\u0160\u016bvio dydis: 000 Buck<\/div>\n<div>\u0160rat\u0173 med\u017eiaga: variu padengtas \u0161vinas<\/div>\n<div>Grunto stilius: Centrinis u\u017edegiklis<\/div>\n<div>\u0160autuvo kulk\u0173 skai\u010dius: 5<\/div>\n<div>Be \u0161vino: Ne<\/div>\n<div>Kulkos tipas: \u0161vininis \u0161ratas<\/div>\n<div>\u0160ovinys: .410 kalibro<\/div>\n<div><\/div>\n<h2>FUNKCIJOS<\/h2>\n<div>\u201eFederal Premium Personal Defense 410\u201c pistoleto, variu dengto \u0161vino, 5 kalibro \u0161ratini\u0173 pistoleto \u0161ovini\u0173, savyb\u0117s<\/div>\n<div>Puik\u016bs nam\u0173 ir asmenin\u0117s gynybos modeliai<\/div>\n<div>Didel\u0117s energijos tiekimas<\/div>\n<div>Specialios \u017ealvarin\u0117s galvut\u0117s u\u017etikrina skland\u0173 i\u0161traukim\u0105<\/div>\n<div><\/div>\n<h2>PAKUOT\u0116S TURINYS<\/h2>\n<div>Pakuot\u0117s turinys:<\/div>\n<div>Federal Premium Personal Defense 410 pistoletas, 410 kalibro, 5 kalibro, variu dengtas \u0161vinas, \u0161ratinis pistoletas su \u0161oviniais<\/div>","protected":false},"excerpt":{"rendered":"<p>\u0160is produktas yra sand\u0117lyje ir paruo\u0161tas i\u0161siuntimui. 100% Greitas pristatymas garantuojamas. U\u017esisakykite dabar!<\/p>\n<form class=\"cart\" action=\"https:\/\/armoryweapons.com\/product\/federal-premium-personal-defense-410-bore-5-pellet-lead-buckshot-centerfire-pistol-ammunition-500-rounds-2\/\" enctype=\"multipart\/form-data\" method=\"post\">\n<div class=\"quantity buttons_added\"><\/div>\n<\/form>","protected":false},"featured_media":3106,"comment_status":"open","ping_status":"closed","template":"","meta":[],"product_brand":[],"product_cat":[282,119],"product_tag":[],"class_list":{"0":"post-3105","1":"product","2":"type-product","3":"status-publish","4":"has-post-thumbnail","6":"product_cat-410-ammo","7":"product_cat-shotgun-ammo","9":"first","10":"instock","11":"taxable","12":"shipping-taxable","13":"purchasable","14":"product-type-simple"},"yoast_head":"<!-- This site is optimized with the Yoast SEO Premium plugin v24.6 (Yoast SEO v25.7) - https:\/\/yoast.com\/wordpress\/plugins\/seo\/ -->\n<title>FEDERAL PREMIUM PERSONAL DEFENSE .410 BORE 5 PELLET LEAD BUCKSHOT CENTERFIRE PISTOL AMMUNITION 500 ROUNDS - Bulk Ammunition shop<\/title>\n<meta name=\"robots\" content=\"index, follow, max-snippet:-1, max-image-preview:large, max-video-preview:-1\" \/>\n<link rel=\"canonical\" href=\"https:\/\/www.bulkammunitionshop.com\/lt\/produktas\/federalines-auksciausios-kokybes-asmenines-gynybos-pistoleto-soviniai-410-kalibro-5-sratu-500-soviniu\/\" \/>\n<meta property=\"og:locale\" content=\"lt_LT\" \/>\n<meta property=\"og:type\" content=\"article\" \/>\n<meta property=\"og:title\" content=\"FEDERAL PREMIUM PERSONAL DEFENSE .410 BORE 5 PELLET LEAD BUCKSHOT CENTERFIRE PISTOL AMMUNITION 500 ROUNDS\" \/>\n<meta property=\"og:description\" content=\"This Product Is In Stock and Ready to Ship. 100% Fast Shipping Guaranteed. Place your Order Now!\" \/>\n<meta property=\"og:url\" content=\"https:\/\/www.bulkammunitionshop.com\/lt\/produktas\/federalines-auksciausios-kokybes-asmenines-gynybos-pistoleto-soviniai-410-kalibro-5-sratu-500-soviniu\/\" \/>\n<meta property=\"og:site_name\" content=\"Bulk Ammunition shop\" \/>\n<meta property=\"og:image\" content=\"http:\/\/www.bulkammunitionshop.com\/wp-content\/uploads\/2022\/11\/FEDERAL-PREMIUM-PERSONAL-DEFENSE-.410-BORE-5-PELLET-LEAD-BUCKSHOT-CENTERFIRE-PISTOL-AMMUNITION-500-ROUNDS-510x287-1.jpg\" \/>\n\t<meta property=\"og:image:width\" content=\"510\" \/>\n\t<meta property=\"og:image:height\" content=\"287\" \/>\n\t<meta property=\"og:image:type\" content=\"image\/jpeg\" \/>\n<meta name=\"twitter:card\" content=\"summary_large_image\" \/>\n<meta name=\"twitter:label1\" content=\"Est. reading time\" \/>\n\t<meta name=\"twitter:data1\" content=\"1 minut\u0117\" \/>\n<script type=\"application\/ld+json\" class=\"yoast-schema-graph\">{\"@context\":\"https:\/\/schema.org\",\"@graph\":[{\"@type\":\"WebPage\",\"@id\":\"https:\/\/www.bulkammunitionshop.com\/product\/federal-premium-personal-defense-410-bore-5-pellet-lead-buckshot-centerfire-pistol-ammunition-500-rounds\/\",\"url\":\"https:\/\/www.bulkammunitionshop.com\/product\/federal-premium-personal-defense-410-bore-5-pellet-lead-buckshot-centerfire-pistol-ammunition-500-rounds\/\",\"name\":\"FEDERAL PREMIUM PERSONAL DEFENSE .410 BORE 5 PELLET LEAD BUCKSHOT CENTERFIRE PISTOL AMMUNITION 500 ROUNDS - Bulk Ammunition shop\",\"isPartOf\":{\"@id\":\"https:\/\/www.bulkammunitionshop.com\/#website\"},\"primaryImageOfPage\":{\"@id\":\"https:\/\/www.bulkammunitionshop.com\/product\/federal-premium-personal-defense-410-bore-5-pellet-lead-buckshot-centerfire-pistol-ammunition-500-rounds\/#primaryimage\"},\"image\":{\"@id\":\"https:\/\/www.bulkammunitionshop.com\/product\/federal-premium-personal-defense-410-bore-5-pellet-lead-buckshot-centerfire-pistol-ammunition-500-rounds\/#primaryimage\"},\"thumbnailUrl\":\"https:\/\/www.bulkammunitionshop.com\/wp-content\/uploads\/2022\/11\/FEDERAL-PREMIUM-PERSONAL-DEFENSE-.410-BORE-5-PELLET-LEAD-BUCKSHOT-CENTERFIRE-PISTOL-AMMUNITION-500-ROUNDS-510x287-1.jpg\",\"datePublished\":\"2022-11-04T23:16:14+00:00\",\"breadcrumb\":{\"@id\":\"https:\/\/www.bulkammunitionshop.com\/product\/federal-premium-personal-defense-410-bore-5-pellet-lead-buckshot-centerfire-pistol-ammunition-500-rounds\/#breadcrumb\"},\"inLanguage\":\"lt-LT\",\"potentialAction\":[{\"@type\":\"ReadAction\",\"target\":[\"https:\/\/www.bulkammunitionshop.com\/product\/federal-premium-personal-defense-410-bore-5-pellet-lead-buckshot-centerfire-pistol-ammunition-500-rounds\/\"]}]},{\"@type\":\"ImageObject\",\"inLanguage\":\"lt-LT\",\"@id\":\"https:\/\/www.bulkammunitionshop.com\/product\/federal-premium-personal-defense-410-bore-5-pellet-lead-buckshot-centerfire-pistol-ammunition-500-rounds\/#primaryimage\",\"url\":\"https:\/\/www.bulkammunitionshop.com\/wp-content\/uploads\/2022\/11\/FEDERAL-PREMIUM-PERSONAL-DEFENSE-.410-BORE-5-PELLET-LEAD-BUCKSHOT-CENTERFIRE-PISTOL-AMMUNITION-500-ROUNDS-510x287-1.jpg\",\"contentUrl\":\"https:\/\/www.bulkammunitionshop.com\/wp-content\/uploads\/2022\/11\/FEDERAL-PREMIUM-PERSONAL-DEFENSE-.410-BORE-5-PELLET-LEAD-BUCKSHOT-CENTERFIRE-PISTOL-AMMUNITION-500-ROUNDS-510x287-1.jpg\",\"width\":510,\"height\":287},{\"@type\":\"BreadcrumbList\",\"@id\":\"https:\/\/www.bulkammunitionshop.com\/product\/federal-premium-personal-defense-410-bore-5-pellet-lead-buckshot-centerfire-pistol-ammunition-500-rounds\/#breadcrumb\",\"itemListElement\":[{\"@type\":\"ListItem\",\"position\":1,\"name\":\"Home\",\"item\":\"https:\/\/www.bulkammunitionshop.com\/\"},{\"@type\":\"ListItem\",\"position\":2,\"name\":\"SHOP ALL\",\"item\":\"https:\/\/www.bulkammunitionshop.com\/shop-all\/\"},{\"@type\":\"ListItem\",\"position\":3,\"name\":\"FEDERAL PREMIUM PERSONAL DEFENSE .410 BORE 5 PELLET LEAD BUCKSHOT CENTERFIRE PISTOL AMMUNITION 500 ROUNDS\"}]},{\"@type\":\"WebSite\",\"@id\":\"https:\/\/www.bulkammunitionshop.com\/#website\",\"url\":\"https:\/\/www.bulkammunitionshop.com\/\",\"name\":\"Bulk Ammunition shop\",\"description\":\"Buy Cheap Bulk Ammo Online - Bulk Ammo for Sale- Cheap Ammo Online\",\"potentialAction\":[{\"@type\":\"SearchAction\",\"target\":{\"@type\":\"EntryPoint\",\"urlTemplate\":\"https:\/\/www.bulkammunitionshop.com\/?s={search_term_string}\"},\"query-input\":{\"@type\":\"PropertyValueSpecification\",\"valueRequired\":true,\"valueName\":\"search_term_string\"}}],\"inLanguage\":\"lt-LT\"}]}<\/script>\n<!-- \/ Yoast SEO Premium plugin. -->","yoast_head_json":{"title":"FEDERAL PREMIUM ASMENIN\u0116S GYNYBOS \u012eRANGA .410 KARBIURO 5 \u0160AUDULI\u0172 \u0160VINO \u0160RAUTINIO PISTOLETO \u0160AUDMENYS 500 \u0160OVINI\u0172 - \u0160audmen\u0173 parduotuv\u0117 urmu","robots":{"index":"index","follow":"follow","max-snippet":"max-snippet:-1","max-image-preview":"max-image-preview:large","max-video-preview":"max-video-preview:-1"},"canonical":"https:\/\/www.bulkammunitionshop.com\/lt\/produktas\/federalines-auksciausios-kokybes-asmenines-gynybos-pistoleto-soviniai-410-kalibro-5-sratu-500-soviniu\/","og_locale":"lt_LT","og_type":"article","og_title":"FEDERAL PREMIUM PERSONAL DEFENSE .410 BORE 5 PELLET LEAD BUCKSHOT CENTERFIRE PISTOL AMMUNITION 500 ROUNDS","og_description":"This Product Is In Stock and Ready to Ship. 100% Fast Shipping Guaranteed. Place your Order Now!","og_url":"https:\/\/www.bulkammunitionshop.com\/lt\/produktas\/federalines-auksciausios-kokybes-asmenines-gynybos-pistoleto-soviniai-410-kalibro-5-sratu-500-soviniu\/","og_site_name":"Bulk Ammunition shop","og_image":[{"width":510,"height":287,"url":"http:\/\/www.bulkammunitionshop.com\/wp-content\/uploads\/2022\/11\/FEDERAL-PREMIUM-PERSONAL-DEFENSE-.410-BORE-5-PELLET-LEAD-BUCKSHOT-CENTERFIRE-PISTOL-AMMUNITION-500-ROUNDS-510x287-1.jpg","type":"image\/jpeg"}],"twitter_card":"summary_large_image","twitter_misc":{"Est. reading time":"1 minut\u0117"},"schema":{"@context":"https:\/\/schema.org","@graph":[{"@type":"WebPage","@id":"https:\/\/www.bulkammunitionshop.com\/product\/federal-premium-personal-defense-410-bore-5-pellet-lead-buckshot-centerfire-pistol-ammunition-500-rounds\/","url":"https:\/\/www.bulkammunitionshop.com\/product\/federal-premium-personal-defense-410-bore-5-pellet-lead-buckshot-centerfire-pistol-ammunition-500-rounds\/","name":"FEDERAL PREMIUM ASMENIN\u0116S GYNYBOS \u012eRANGA .410 KARBIURO 5 \u0160AUDULI\u0172 \u0160VINO \u0160RAUTINIO PISTOLETO \u0160AUDMENYS 500 \u0160OVINI\u0172 - \u0160audmen\u0173 parduotuv\u0117 urmu","isPartOf":{"@id":"https:\/\/www.bulkammunitionshop.com\/#website"},"primaryImageOfPage":{"@id":"https:\/\/www.bulkammunitionshop.com\/product\/federal-premium-personal-defense-410-bore-5-pellet-lead-buckshot-centerfire-pistol-ammunition-500-rounds\/#primaryimage"},"image":{"@id":"https:\/\/www.bulkammunitionshop.com\/product\/federal-premium-personal-defense-410-bore-5-pellet-lead-buckshot-centerfire-pistol-ammunition-500-rounds\/#primaryimage"},"thumbnailUrl":"https:\/\/www.bulkammunitionshop.com\/wp-content\/uploads\/2022\/11\/FEDERAL-PREMIUM-PERSONAL-DEFENSE-.410-BORE-5-PELLET-LEAD-BUCKSHOT-CENTERFIRE-PISTOL-AMMUNITION-500-ROUNDS-510x287-1.jpg","datePublished":"2022-11-04T23:16:14+00:00","breadcrumb":{"@id":"https:\/\/www.bulkammunitionshop.com\/product\/federal-premium-personal-defense-410-bore-5-pellet-lead-buckshot-centerfire-pistol-ammunition-500-rounds\/#breadcrumb"},"inLanguage":"lt-LT","potentialAction":[{"@type":"ReadAction","target":["https:\/\/www.bulkammunitionshop.com\/product\/federal-premium-personal-defense-410-bore-5-pellet-lead-buckshot-centerfire-pistol-ammunition-500-rounds\/"]}]},{"@type":"ImageObject","inLanguage":"lt-LT","@id":"https:\/\/www.bulkammunitionshop.com\/product\/federal-premium-personal-defense-410-bore-5-pellet-lead-buckshot-centerfire-pistol-ammunition-500-rounds\/#primaryimage","url":"https:\/\/www.bulkammunitionshop.com\/wp-content\/uploads\/2022\/11\/FEDERAL-PREMIUM-PERSONAL-DEFENSE-.410-BORE-5-PELLET-LEAD-BUCKSHOT-CENTERFIRE-PISTOL-AMMUNITION-500-ROUNDS-510x287-1.jpg","contentUrl":"https:\/\/www.bulkammunitionshop.com\/wp-content\/uploads\/2022\/11\/FEDERAL-PREMIUM-PERSONAL-DEFENSE-.410-BORE-5-PELLET-LEAD-BUCKSHOT-CENTERFIRE-PISTOL-AMMUNITION-500-ROUNDS-510x287-1.jpg","width":510,"height":287},{"@type":"BreadcrumbList","@id":"https:\/\/www.bulkammunitionshop.com\/product\/federal-premium-personal-defense-410-bore-5-pellet-lead-buckshot-centerfire-pistol-ammunition-500-rounds\/#breadcrumb","itemListElement":[{"@type":"ListItem","position":1,"name":"Home","item":"https:\/\/www.bulkammunitionshop.com\/"},{"@type":"ListItem","position":2,"name":"SHOP ALL","item":"https:\/\/www.bulkammunitionshop.com\/shop-all\/"},{"@type":"ListItem","position":3,"name":"FEDERAL PREMIUM PERSONAL DEFENSE .410 BORE 5 PELLET LEAD BUCKSHOT CENTERFIRE PISTOL AMMUNITION 500 ROUNDS"}]},{"@type":"WebSite","@id":"https:\/\/www.bulkammunitionshop.com\/#website","url":"https:\/\/www.bulkammunitionshop.com\/","name":"Didelio masto \u0161audmen\u0173 parduotuv\u0117","description":"Pirkite pigius urmu \u0161audmenis internetu - urmu \u0161audmenys pardavimui - pig\u016bs \u0161oviniai internetu","potentialAction":[{"@type":"SearchAction","target":{"@type":"EntryPoint","urlTemplate":"https:\/\/www.bulkammunitionshop.com\/?s={search_term_string}"},"query-input":{"@type":"PropertyValueSpecification","valueRequired":true,"valueName":"search_term_string"}}],"inLanguage":"lt-LT"}]}},"jetpack_sharing_enabled":true,"_links":{"self":[{"href":"https:\/\/www.bulkammunitionshop.com\/lt\/wp-json\/wp\/v2\/product\/3105","targetHints":{"allow":["GET"]}}],"collection":[{"href":"https:\/\/www.bulkammunitionshop.com\/lt\/wp-json\/wp\/v2\/product"}],"about":[{"href":"https:\/\/www.bulkammunitionshop.com\/lt\/wp-json\/wp\/v2\/types\/product"}],"replies":[{"embeddable":true,"href":"https:\/\/www.bulkammunitionshop.com\/lt\/wp-json\/wp\/v2\/comments?post=3105"}],"wp:featuredmedia":[{"embeddable":true,"href":"https:\/\/www.bulkammunitionshop.com\/lt\/wp-json\/wp\/v2\/media\/3106"}],"wp:attachment":[{"href":"https:\/\/www.bulkammunitionshop.com\/lt\/wp-json\/wp\/v2\/media?parent=3105"}],"wp:term":[{"taxonomy":"product_brand","embeddable":true,"href":"https:\/\/www.bulkammunitionshop.com\/lt\/wp-json\/wp\/v2\/product_brand?post=3105"},{"taxonomy":"product_cat","embeddable":true,"href":"https:\/\/www.bulkammunitionshop.com\/lt\/wp-json\/wp\/v2\/product_cat?post=3105"},{"taxonomy":"product_tag","embeddable":true,"href":"https:\/\/www.bulkammunitionshop.com\/lt\/wp-json\/wp\/v2\/product_tag?post=3105"}],"curies":[{"name":"wp","href":"https:\/\/api.w.org\/{rel}","templated":true}]}}