{"id":2996,"date":"2022-10-23T09:23:22","date_gmt":"2022-10-23T09:23:22","guid":{"rendered":"https:\/\/www.bulkammunitionshop.com\/?post_type=product&#038;p=2996"},"modified":"2022-10-23T09:23:22","modified_gmt":"2022-10-23T09:23:22","slug":"weatherby-select-plus-soviniai-300-kalibro-weatherby-magnum-165-grudu-nosler-balistiniu-antgaliu-300-soviniu","status":"publish","type":"product","link":"https:\/\/www.bulkammunitionshop.com\/lt\/produktas\/weatherby-select-plus-soviniai-300-kalibro-weatherby-magnum-165-grudu-nosler-balistiniu-antgaliu-300-soviniu\/","title":{"rendered":"WEATHERBY SELECT PLUS \u0160AUDMENYS 300 WEATHERBY MAGNUM 165 GR\u016aD\u0172 \u0160AUDMENYS SU GALINIU ANTGALIU, 300 \u0160OVINI\u0172"},"content":{"rendered":"<ul class=\"tabs wc-tabs product-tabs small-nav-collapse nav nav-uppercase nav-line nav-left\" role=\"tablist\">\n<li id=\"tab-title-description\" class=\"description_tab active\" role=\"tab\" aria-controls=\"tab-description\">APRA\u0160YMAS<\/li>\n<\/ul>\n<div class=\"tab-panels\">\n<div id=\"tab-description\" class=\"woocommerce-Tabs-panel woocommerce-Tabs-panel--description panel entry-content active\" role=\"tabpanel\" aria-labelledby=\"tab-title-description\">\n<div class=\"sc_layouts_title_title\">\n<h1 class=\"sc_layouts_title_caption\">WEATHERBY SELECT PLUS \u0160AUDMENYS 300 WEATHERBY MAGNUM 165 GR\u016aD\u0172 \u0160AUDMENYS SU GALINIU ANTGALIU, 300 \u0160OVINI\u0172<\/h1>\n<\/div>\n<p>\u201eWeatherby\u201c naudoja tik geriausius komponentus, tokius kaip \u201eNorma\u201c \u017ealvaris, kad u\u017etikrint\u0173, jog kiekvienas u\u017etaisas b\u016bt\u0173 toks pat tikslus, kaip ir \u0161aulio m\u0117gstamiausias rankinis u\u017etaisas. Auk\u0161\u010diausios kokyb\u0117s \u0161oviniai, skirti auk\u0161\u010diausios kokyb\u0117s na\u0161umui. \u0160ie \u0161oviniai yra naujos gamybos, ner\u016bdijantys, gruntuoti, perkraunamuose \u017ealvariniuose t\u016btel\u0117se.<\/p>\n<p>Pakrautas\u00a0<b>Noslerio balistini\u0173 antgali\u0173 med\u017eiokl\u0117<\/b>\u00a0Kulka, \u0161i kulka med\u017eiotojams yra atspari deformacijai d\u0117l polikarbonatinio antgalio ir sunkaus apvalkalo pagrindo. Pl\u0117tra prasideda i\u0161 karto po sm\u016bgio. Saugokit\u0117s elni\u0173, avi\u0173, \u0161akiaragi\u0173 ir juod\u0173j\u0173 loki\u0173!<\/p>\n<h3>PRODUKTO INFORMACIJA<\/h3>\n<table class=\"product-specs-table padding-none stack-l width-100\">\n<tbody>\n<tr class=\"product-specs-table-container is-selectable\">\n<td class=\"product-specs-table-detail\">Kaset\u0117<\/td>\n<td class=\"product-specs-table-definition\">300 Weatherby Magnum<\/td>\n<\/tr>\n<tr class=\"product-specs-table-container\">\n<td class=\"product-specs-table-detail\">Gr\u016bd\u0173 svoris<\/td>\n<td class=\"product-specs-table-definition\">165 gr\u016bdai<\/td>\n<\/tr>\n<tr class=\"product-specs-table-container is-selectable\">\n<td class=\"product-specs-table-detail\">Kiekis<\/td>\n<td class=\"product-specs-table-definition\">300 raund\u0173<\/td>\n<\/tr>\n<tr class=\"product-specs-table-container\">\n<td class=\"product-specs-table-detail\">Snukio greitis<\/td>\n<td class=\"product-specs-table-definition\">3350 p\u0117d\u0173 per sekund\u0119<\/td>\n<\/tr>\n<tr class=\"product-specs-table-container\">\n<td class=\"product-specs-table-detail\">Snukio energija<\/td>\n<td class=\"product-specs-table-definition\">4111 p\u0117d\u0173 svar\u0173<\/td>\n<\/tr>\n<tr class=\"product-specs-table-container\">\n<td class=\"product-specs-table-detail\">\u017denklelio stilius<\/td>\n<td class=\"product-specs-table-definition\">Polimerinis antgalis<\/td>\n<\/tr>\n<tr class=\"product-specs-table-container\">\n<td class=\"product-specs-table-detail\">Kulkos prek\u0117s \u017eenklas ir modelis<\/td>\n<td class=\"product-specs-table-definition\">Nosler balistinis antgalis<\/td>\n<\/tr>\n<tr class=\"product-specs-table-container\">\n<td class=\"product-specs-table-detail\">Be \u0161vino<\/td>\n<td class=\"product-specs-table-definition\">Ne<\/td>\n<\/tr>\n<tr class=\"product-specs-table-container\">\n<td class=\"product-specs-table-detail\">Atvejo tipas<\/td>\n<td class=\"product-specs-table-definition\">\u017dalvaris<\/td>\n<\/tr>\n<tr class=\"product-specs-table-container\">\n<td class=\"product-specs-table-detail\">Gruntas<\/td>\n<td class=\"product-specs-table-definition\">Boksininkas<\/td>\n<\/tr>\n<tr class=\"product-specs-table-container\">\n<td class=\"product-specs-table-detail\">\u0116sdinantis<\/td>\n<td class=\"product-specs-table-definition\">Ne<\/td>\n<\/tr>\n<tr class=\"product-specs-table-container\">\n<td class=\"product-specs-table-detail\">\u012ekraunamas<\/td>\n<td class=\"product-specs-table-definition\">Taip<\/td>\n<\/tr>\n<tr class=\"product-specs-table-container\">\n<td class=\"product-specs-table-detail\">G1 balistinis koeficientas<\/td>\n<td class=\"product-specs-table-definition\">0.475<\/td>\n<\/tr>\n<tr class=\"product-specs-table-container\">\n<td class=\"product-specs-table-detail\">Sekcinis tankis<\/td>\n<td class=\"product-specs-table-definition\">0.248<\/td>\n<\/tr>\n<tr class=\"product-specs-table-container\">\n<td class=\"product-specs-table-detail\">Grei\u010dio \u012fvertinimas<\/td>\n<td class=\"product-specs-table-definition\">Vir\u0161garsinis<\/td>\n<\/tr>\n<\/tbody>\n<\/table>\n<\/div>\n<\/div>","protected":false},"excerpt":{"rendered":"<p>\u0160is produktas yra sand\u0117lyje ir paruo\u0161tas i\u0161siuntimui. 100% Greitas pristatymas garantuojamas. U\u017esisakykite dabar!<\/p>\n<form class=\"cart\" action=\"https:\/\/armoryweapons.com\/product\/weatherby-select-plus-ammunition-300-weatherby-magnum-165-grain-nosler-ballistic-tip-300-rounds\/\" enctype=\"multipart\/form-data\" method=\"post\">\n<div class=\"quantity buttons_added\"><\/div>\n<\/form>","protected":false},"featured_media":2998,"comment_status":"open","ping_status":"closed","template":"","meta":[],"product_brand":[],"product_cat":[268,121],"product_tag":[],"class_list":{"0":"post-2996","1":"product","2":"type-product","3":"status-publish","4":"has-post-thumbnail","6":"product_cat-300-weatherby-magnum","7":"product_cat-rifle-ammo","9":"first","10":"instock","11":"taxable","12":"shipping-taxable","13":"purchasable","14":"product-type-simple"},"yoast_head":"<!-- This site is optimized with the Yoast SEO Premium plugin v24.6 (Yoast SEO v25.7) - https:\/\/yoast.com\/wordpress\/plugins\/seo\/ -->\n<title>WEATHERBY SELECT PLUS AMMUNITION 300 WEATHERBY MAGNUM 165 GRAIN NOSLER BALLISTIC TIP 300 ROUNDS - Bulk Ammunition shop<\/title>\n<meta name=\"robots\" content=\"index, follow, max-snippet:-1, max-image-preview:large, max-video-preview:-1\" \/>\n<link rel=\"canonical\" href=\"https:\/\/www.bulkammunitionshop.com\/lt\/produktas\/weatherby-select-plus-soviniai-300-kalibro-weatherby-magnum-165-grudu-nosler-balistiniu-antgaliu-300-soviniu\/\" \/>\n<meta property=\"og:locale\" content=\"lt_LT\" \/>\n<meta property=\"og:type\" content=\"article\" \/>\n<meta property=\"og:title\" content=\"WEATHERBY SELECT PLUS AMMUNITION 300 WEATHERBY MAGNUM 165 GRAIN NOSLER BALLISTIC TIP 300 ROUNDS\" \/>\n<meta property=\"og:description\" content=\"This Product Is In Stock and Ready to Ship. 100% Fast Shipping Guaranteed. Place Order Now!\" \/>\n<meta property=\"og:url\" content=\"https:\/\/www.bulkammunitionshop.com\/lt\/produktas\/weatherby-select-plus-soviniai-300-kalibro-weatherby-magnum-165-grudu-nosler-balistiniu-antgaliu-300-soviniu\/\" \/>\n<meta property=\"og:site_name\" content=\"Bulk Ammunition shop\" \/>\n<meta property=\"og:image\" content=\"http:\/\/www.bulkammunitionshop.com\/wp-content\/uploads\/2022\/10\/WEATHERBY-SELECT-PLUS-AMMUNITION-300-WEATHERBY-MAGNUM-165-GRAIN-NOSLER-BALLISTIC-TIP-300-ROUNDS.jpg\" \/>\n\t<meta property=\"og:image:width\" content=\"680\" \/>\n\t<meta property=\"og:image:height\" content=\"510\" \/>\n\t<meta property=\"og:image:type\" content=\"image\/jpeg\" \/>\n<meta name=\"twitter:card\" content=\"summary_large_image\" \/>\n<meta name=\"twitter:label1\" content=\"Est. reading time\" \/>\n\t<meta name=\"twitter:data1\" content=\"1 minut\u0117\" \/>\n<script type=\"application\/ld+json\" class=\"yoast-schema-graph\">{\"@context\":\"https:\/\/schema.org\",\"@graph\":[{\"@type\":\"WebPage\",\"@id\":\"https:\/\/www.bulkammunitionshop.com\/product\/weatherby-select-plus-ammunition-300-weatherby-magnum-165-grain-nosler-ballistic-tip-300-rounds\/\",\"url\":\"https:\/\/www.bulkammunitionshop.com\/product\/weatherby-select-plus-ammunition-300-weatherby-magnum-165-grain-nosler-ballistic-tip-300-rounds\/\",\"name\":\"WEATHERBY SELECT PLUS AMMUNITION 300 WEATHERBY MAGNUM 165 GRAIN NOSLER BALLISTIC TIP 300 ROUNDS - Bulk Ammunition shop\",\"isPartOf\":{\"@id\":\"https:\/\/www.bulkammunitionshop.com\/#website\"},\"primaryImageOfPage\":{\"@id\":\"https:\/\/www.bulkammunitionshop.com\/product\/weatherby-select-plus-ammunition-300-weatherby-magnum-165-grain-nosler-ballistic-tip-300-rounds\/#primaryimage\"},\"image\":{\"@id\":\"https:\/\/www.bulkammunitionshop.com\/product\/weatherby-select-plus-ammunition-300-weatherby-magnum-165-grain-nosler-ballistic-tip-300-rounds\/#primaryimage\"},\"thumbnailUrl\":\"https:\/\/www.bulkammunitionshop.com\/wp-content\/uploads\/2022\/10\/WEATHERBY-SELECT-PLUS-AMMUNITION-300-WEATHERBY-MAGNUM-165-GRAIN-NOSLER-BALLISTIC-TIP-300-ROUNDS.jpg\",\"datePublished\":\"2022-10-23T09:23:22+00:00\",\"breadcrumb\":{\"@id\":\"https:\/\/www.bulkammunitionshop.com\/product\/weatherby-select-plus-ammunition-300-weatherby-magnum-165-grain-nosler-ballistic-tip-300-rounds\/#breadcrumb\"},\"inLanguage\":\"lt-LT\",\"potentialAction\":[{\"@type\":\"ReadAction\",\"target\":[\"https:\/\/www.bulkammunitionshop.com\/product\/weatherby-select-plus-ammunition-300-weatherby-magnum-165-grain-nosler-ballistic-tip-300-rounds\/\"]}]},{\"@type\":\"ImageObject\",\"inLanguage\":\"lt-LT\",\"@id\":\"https:\/\/www.bulkammunitionshop.com\/product\/weatherby-select-plus-ammunition-300-weatherby-magnum-165-grain-nosler-ballistic-tip-300-rounds\/#primaryimage\",\"url\":\"https:\/\/www.bulkammunitionshop.com\/wp-content\/uploads\/2022\/10\/WEATHERBY-SELECT-PLUS-AMMUNITION-300-WEATHERBY-MAGNUM-165-GRAIN-NOSLER-BALLISTIC-TIP-300-ROUNDS.jpg\",\"contentUrl\":\"https:\/\/www.bulkammunitionshop.com\/wp-content\/uploads\/2022\/10\/WEATHERBY-SELECT-PLUS-AMMUNITION-300-WEATHERBY-MAGNUM-165-GRAIN-NOSLER-BALLISTIC-TIP-300-ROUNDS.jpg\",\"width\":680,\"height\":510},{\"@type\":\"BreadcrumbList\",\"@id\":\"https:\/\/www.bulkammunitionshop.com\/product\/weatherby-select-plus-ammunition-300-weatherby-magnum-165-grain-nosler-ballistic-tip-300-rounds\/#breadcrumb\",\"itemListElement\":[{\"@type\":\"ListItem\",\"position\":1,\"name\":\"Home\",\"item\":\"https:\/\/www.bulkammunitionshop.com\/\"},{\"@type\":\"ListItem\",\"position\":2,\"name\":\"SHOP ALL\",\"item\":\"https:\/\/www.bulkammunitionshop.com\/shop-all\/\"},{\"@type\":\"ListItem\",\"position\":3,\"name\":\"WEATHERBY SELECT PLUS AMMUNITION 300 WEATHERBY MAGNUM 165 GRAIN NOSLER BALLISTIC TIP 300 ROUNDS\"}]},{\"@type\":\"WebSite\",\"@id\":\"https:\/\/www.bulkammunitionshop.com\/#website\",\"url\":\"https:\/\/www.bulkammunitionshop.com\/\",\"name\":\"Bulk Ammunition shop\",\"description\":\"Buy Cheap Bulk Ammo Online - Bulk Ammo for Sale- Cheap Ammo Online\",\"potentialAction\":[{\"@type\":\"SearchAction\",\"target\":{\"@type\":\"EntryPoint\",\"urlTemplate\":\"https:\/\/www.bulkammunitionshop.com\/?s={search_term_string}\"},\"query-input\":{\"@type\":\"PropertyValueSpecification\",\"valueRequired\":true,\"valueName\":\"search_term_string\"}}],\"inLanguage\":\"lt-LT\"}]}<\/script>\n<!-- \/ Yoast SEO Premium plugin. -->","yoast_head_json":{"title":"WEATHERBY SELECT PLUS \u0160AUDMENYS 300 WEATHERBY MAGNUM 165 GR\u016aD\u0172 \u0160AUDMENYS SU GALINIU ANTGALIU 300 \u0160OVINI\u0172 \u2013 \u0160audmen\u0173 parduotuv\u0117 urmu","robots":{"index":"index","follow":"follow","max-snippet":"max-snippet:-1","max-image-preview":"max-image-preview:large","max-video-preview":"max-video-preview:-1"},"canonical":"https:\/\/www.bulkammunitionshop.com\/lt\/produktas\/weatherby-select-plus-soviniai-300-kalibro-weatherby-magnum-165-grudu-nosler-balistiniu-antgaliu-300-soviniu\/","og_locale":"lt_LT","og_type":"article","og_title":"WEATHERBY SELECT PLUS AMMUNITION 300 WEATHERBY MAGNUM 165 GRAIN NOSLER BALLISTIC TIP 300 ROUNDS","og_description":"This Product Is In Stock and Ready to Ship. 100% Fast Shipping Guaranteed. Place Order Now!","og_url":"https:\/\/www.bulkammunitionshop.com\/lt\/produktas\/weatherby-select-plus-soviniai-300-kalibro-weatherby-magnum-165-grudu-nosler-balistiniu-antgaliu-300-soviniu\/","og_site_name":"Bulk Ammunition shop","og_image":[{"width":680,"height":510,"url":"http:\/\/www.bulkammunitionshop.com\/wp-content\/uploads\/2022\/10\/WEATHERBY-SELECT-PLUS-AMMUNITION-300-WEATHERBY-MAGNUM-165-GRAIN-NOSLER-BALLISTIC-TIP-300-ROUNDS.jpg","type":"image\/jpeg"}],"twitter_card":"summary_large_image","twitter_misc":{"Est. reading time":"1 minut\u0117"},"schema":{"@context":"https:\/\/schema.org","@graph":[{"@type":"WebPage","@id":"https:\/\/www.bulkammunitionshop.com\/product\/weatherby-select-plus-ammunition-300-weatherby-magnum-165-grain-nosler-ballistic-tip-300-rounds\/","url":"https:\/\/www.bulkammunitionshop.com\/product\/weatherby-select-plus-ammunition-300-weatherby-magnum-165-grain-nosler-ballistic-tip-300-rounds\/","name":"WEATHERBY SELECT PLUS \u0160AUDMENYS 300 WEATHERBY MAGNUM 165 GR\u016aD\u0172 \u0160AUDMENYS SU GALINIU ANTGALIU 300 \u0160OVINI\u0172 \u2013 \u0160audmen\u0173 parduotuv\u0117 urmu","isPartOf":{"@id":"https:\/\/www.bulkammunitionshop.com\/#website"},"primaryImageOfPage":{"@id":"https:\/\/www.bulkammunitionshop.com\/product\/weatherby-select-plus-ammunition-300-weatherby-magnum-165-grain-nosler-ballistic-tip-300-rounds\/#primaryimage"},"image":{"@id":"https:\/\/www.bulkammunitionshop.com\/product\/weatherby-select-plus-ammunition-300-weatherby-magnum-165-grain-nosler-ballistic-tip-300-rounds\/#primaryimage"},"thumbnailUrl":"https:\/\/www.bulkammunitionshop.com\/wp-content\/uploads\/2022\/10\/WEATHERBY-SELECT-PLUS-AMMUNITION-300-WEATHERBY-MAGNUM-165-GRAIN-NOSLER-BALLISTIC-TIP-300-ROUNDS.jpg","datePublished":"2022-10-23T09:23:22+00:00","breadcrumb":{"@id":"https:\/\/www.bulkammunitionshop.com\/product\/weatherby-select-plus-ammunition-300-weatherby-magnum-165-grain-nosler-ballistic-tip-300-rounds\/#breadcrumb"},"inLanguage":"lt-LT","potentialAction":[{"@type":"ReadAction","target":["https:\/\/www.bulkammunitionshop.com\/product\/weatherby-select-plus-ammunition-300-weatherby-magnum-165-grain-nosler-ballistic-tip-300-rounds\/"]}]},{"@type":"ImageObject","inLanguage":"lt-LT","@id":"https:\/\/www.bulkammunitionshop.com\/product\/weatherby-select-plus-ammunition-300-weatherby-magnum-165-grain-nosler-ballistic-tip-300-rounds\/#primaryimage","url":"https:\/\/www.bulkammunitionshop.com\/wp-content\/uploads\/2022\/10\/WEATHERBY-SELECT-PLUS-AMMUNITION-300-WEATHERBY-MAGNUM-165-GRAIN-NOSLER-BALLISTIC-TIP-300-ROUNDS.jpg","contentUrl":"https:\/\/www.bulkammunitionshop.com\/wp-content\/uploads\/2022\/10\/WEATHERBY-SELECT-PLUS-AMMUNITION-300-WEATHERBY-MAGNUM-165-GRAIN-NOSLER-BALLISTIC-TIP-300-ROUNDS.jpg","width":680,"height":510},{"@type":"BreadcrumbList","@id":"https:\/\/www.bulkammunitionshop.com\/product\/weatherby-select-plus-ammunition-300-weatherby-magnum-165-grain-nosler-ballistic-tip-300-rounds\/#breadcrumb","itemListElement":[{"@type":"ListItem","position":1,"name":"Home","item":"https:\/\/www.bulkammunitionshop.com\/"},{"@type":"ListItem","position":2,"name":"SHOP ALL","item":"https:\/\/www.bulkammunitionshop.com\/shop-all\/"},{"@type":"ListItem","position":3,"name":"WEATHERBY SELECT PLUS AMMUNITION 300 WEATHERBY MAGNUM 165 GRAIN NOSLER BALLISTIC TIP 300 ROUNDS"}]},{"@type":"WebSite","@id":"https:\/\/www.bulkammunitionshop.com\/#website","url":"https:\/\/www.bulkammunitionshop.com\/","name":"Didelio masto \u0161audmen\u0173 parduotuv\u0117","description":"Pirkite pigius urmu \u0161audmenis internetu - urmu \u0161audmenys pardavimui - pig\u016bs \u0161oviniai internetu","potentialAction":[{"@type":"SearchAction","target":{"@type":"EntryPoint","urlTemplate":"https:\/\/www.bulkammunitionshop.com\/?s={search_term_string}"},"query-input":{"@type":"PropertyValueSpecification","valueRequired":true,"valueName":"search_term_string"}}],"inLanguage":"lt-LT"}]}},"jetpack_sharing_enabled":true,"_links":{"self":[{"href":"https:\/\/www.bulkammunitionshop.com\/lt\/wp-json\/wp\/v2\/product\/2996","targetHints":{"allow":["GET"]}}],"collection":[{"href":"https:\/\/www.bulkammunitionshop.com\/lt\/wp-json\/wp\/v2\/product"}],"about":[{"href":"https:\/\/www.bulkammunitionshop.com\/lt\/wp-json\/wp\/v2\/types\/product"}],"replies":[{"embeddable":true,"href":"https:\/\/www.bulkammunitionshop.com\/lt\/wp-json\/wp\/v2\/comments?post=2996"}],"wp:featuredmedia":[{"embeddable":true,"href":"https:\/\/www.bulkammunitionshop.com\/lt\/wp-json\/wp\/v2\/media\/2998"}],"wp:attachment":[{"href":"https:\/\/www.bulkammunitionshop.com\/lt\/wp-json\/wp\/v2\/media?parent=2996"}],"wp:term":[{"taxonomy":"product_brand","embeddable":true,"href":"https:\/\/www.bulkammunitionshop.com\/lt\/wp-json\/wp\/v2\/product_brand?post=2996"},{"taxonomy":"product_cat","embeddable":true,"href":"https:\/\/www.bulkammunitionshop.com\/lt\/wp-json\/wp\/v2\/product_cat?post=2996"},{"taxonomy":"product_tag","embeddable":true,"href":"https:\/\/www.bulkammunitionshop.com\/lt\/wp-json\/wp\/v2\/product_tag?post=2996"}],"curies":[{"name":"wp","href":"https:\/\/api.w.org\/{rel}","templated":true}]}}