{"id":2641,"date":"2022-10-03T23:10:33","date_gmt":"2022-10-03T23:10:33","guid":{"rendered":"https:\/\/www.bulkammunitionshop.com\/?post_type=product&#038;p=2641"},"modified":"2022-10-03T23:10:33","modified_gmt":"2022-10-03T23:10:33","slug":"federal-premium-varmint-predator-6-5mm-grendel-90-grain-tnt-jacketed-hollow-point-500-rounds","status":"publish","type":"product","link":"https:\/\/www.bulkammunitionshop.com\/lt\/produktas\/federal-premium-varmint-predator-6-5mm-grendel-90-grain-tnt-jacketed-hollow-point-500-rounds\/","title":{"rendered":"Federal Premium VARMINT \/ PREDATOR 6.5mm Grendel 90 grain TNT Jacketed Hollow Point 500 rounds"},"content":{"rendered":"<table class=\"spec-table\" border=\"0\" cellspacing=\"0\" cellpadding=\"0\">\n<tbody>\n<tr>\n<td class=\"spec-left-column\">Kalibras:<\/td>\n<td width=\"50%\">6.5mm Grendel<\/td>\n<\/tr>\n<tr>\n<td class=\"spec-left-column\">Raund\u0173 skai\u010dius:<\/td>\n<td width=\"50%\">500<\/td>\n<\/tr>\n<tr>\n<td class=\"spec-left-column\">Kulkos tipas:<\/td>\n<td width=\"50%\">TNT Jacketed Hollow Point (JHP)<\/td>\n<\/tr>\n<tr>\n<td class=\"spec-left-column\">Kulkos svoris:<\/td>\n<td width=\"50%\">90 grain<\/td>\n<\/tr>\n<tr>\n<td class=\"spec-left-column\">Snukio greitis:<\/td>\n<td width=\"50%\">3000 ft\/s<\/td>\n<\/tr>\n<tr>\n<td class=\"spec-left-column\">Grunto vieta:<\/td>\n<td width=\"50%\">Centrin\u0117 ugnis<\/td>\n<\/tr>\n<\/tbody>\n<\/table>","protected":false},"excerpt":{"rendered":"<div class=\"product-short-description\">\n<ul>\n<li><img loading=\"lazy\" decoding=\"async\" class=\"alignnone size-medium wp-image-3149\" src=\"https:\/\/tacticoolammoshop.com\/wp-content\/uploads\/2021\/04\/opplanet-federal-premium-american-eagle-rifle-ammo-6-5mm-grendel-tnt-jacketed-hollow-point-90-grain-50-rounds-ae65gdl90vp-av-1-1-300x169.jpg\" alt=\"\" width=\"300\" height=\"169\" \/>Ideal for target practice<\/li>\n<li>Accurate and reliable<\/li>\n<li>Consistent primers and brass<img loading=\"lazy\" decoding=\"async\" class=\"alignnone size-medium wp-image-3139\" src=\"https:\/\/tacticoolammoshop.com\/wp-content\/uploads\/2021\/04\/opplanet-federal-premium-american-eagle-rifle-ammo-6-5mm-grendel-tnt-jacketed-hollow-point-90-grain-50-rounds-ae65gdl90vp-main-300x169.jpg\" alt=\"\" width=\"300\" height=\"169\" \/><\/li>\n<\/ul>\n<\/div>\n<p>We Ship All Orders The Next Day And We Guarantee 100% Delivery<\/p>","protected":false},"featured_media":2642,"comment_status":"open","ping_status":"closed","template":"","meta":[],"product_brand":[],"product_cat":[245,121],"product_tag":[],"class_list":{"0":"post-2641","1":"product","2":"type-product","3":"status-publish","4":"has-post-thumbnail","6":"product_cat-6-5-grendel","7":"product_cat-rifle-ammo","9":"first","10":"instock","11":"taxable","12":"shipping-taxable","13":"purchasable","14":"product-type-simple"},"yoast_head":"<!-- This site is optimized with the Yoast SEO Premium plugin v24.6 (Yoast SEO v25.7) - https:\/\/yoast.com\/wordpress\/plugins\/seo\/ -->\n<title>Federal Premium VARMINT \/ PREDATOR 6.5mm Grendel 90 grain TNT Jacketed Hollow Point 500 rounds - Bulk Ammunition shop<\/title>\n<meta name=\"robots\" content=\"index, follow, max-snippet:-1, max-image-preview:large, max-video-preview:-1\" \/>\n<link rel=\"canonical\" href=\"https:\/\/www.bulkammunitionshop.com\/lt\/produktas\/federal-premium-varmint-predator-6-5mm-grendel-90-grain-tnt-jacketed-hollow-point-500-rounds\/\" \/>\n<meta property=\"og:locale\" content=\"lt_LT\" \/>\n<meta property=\"og:type\" content=\"article\" \/>\n<meta property=\"og:title\" content=\"Federal Premium VARMINT \/ PREDATOR 6.5mm Grendel 90 grain TNT Jacketed Hollow Point 500 rounds\" \/>\n<meta property=\"og:description\" content=\"Ideal for target practice  Accurate and reliable  Consistent primers and brass   We Ship All Orders The Next Day And We Guarantee 100% Delivery\" \/>\n<meta property=\"og:url\" content=\"https:\/\/www.bulkammunitionshop.com\/lt\/produktas\/federal-premium-varmint-predator-6-5mm-grendel-90-grain-tnt-jacketed-hollow-point-500-rounds\/\" \/>\n<meta property=\"og:site_name\" content=\"Bulk Ammunition shop\" \/>\n<meta property=\"og:image\" content=\"http:\/\/www.bulkammunitionshop.com\/wp-content\/uploads\/2022\/10\/opplanet-federal-premium-american-eagle-rifle-ammo-6-5mm-grendel-tnt-jacketed-hollow-point-90-grain-50-rounds-ae65gdl90vp-main-1.jpg\" \/>\n\t<meta property=\"og:image:width\" content=\"978\" \/>\n\t<meta property=\"og:image:height\" content=\"550\" \/>\n\t<meta property=\"og:image:type\" content=\"image\/jpeg\" \/>\n<meta name=\"twitter:card\" content=\"summary_large_image\" \/>\n<meta name=\"twitter:label1\" content=\"Est. reading time\" \/>\n\t<meta name=\"twitter:data1\" content=\"1 minut\u0117\" \/>\n<script type=\"application\/ld+json\" class=\"yoast-schema-graph\">{\"@context\":\"https:\/\/schema.org\",\"@graph\":[{\"@type\":\"WebPage\",\"@id\":\"https:\/\/www.bulkammunitionshop.com\/product\/federal-premium-varmint-predator-6-5mm-grendel-90-grain-tnt-jacketed-hollow-point-500-rounds\/\",\"url\":\"https:\/\/www.bulkammunitionshop.com\/product\/federal-premium-varmint-predator-6-5mm-grendel-90-grain-tnt-jacketed-hollow-point-500-rounds\/\",\"name\":\"Federal Premium VARMINT \/ PREDATOR 6.5mm Grendel 90 grain TNT Jacketed Hollow Point 500 rounds - Bulk Ammunition shop\",\"isPartOf\":{\"@id\":\"https:\/\/www.bulkammunitionshop.com\/#website\"},\"primaryImageOfPage\":{\"@id\":\"https:\/\/www.bulkammunitionshop.com\/product\/federal-premium-varmint-predator-6-5mm-grendel-90-grain-tnt-jacketed-hollow-point-500-rounds\/#primaryimage\"},\"image\":{\"@id\":\"https:\/\/www.bulkammunitionshop.com\/product\/federal-premium-varmint-predator-6-5mm-grendel-90-grain-tnt-jacketed-hollow-point-500-rounds\/#primaryimage\"},\"thumbnailUrl\":\"https:\/\/www.bulkammunitionshop.com\/wp-content\/uploads\/2022\/10\/opplanet-federal-premium-american-eagle-rifle-ammo-6-5mm-grendel-tnt-jacketed-hollow-point-90-grain-50-rounds-ae65gdl90vp-main-1.jpg\",\"datePublished\":\"2022-10-03T23:10:33+00:00\",\"breadcrumb\":{\"@id\":\"https:\/\/www.bulkammunitionshop.com\/product\/federal-premium-varmint-predator-6-5mm-grendel-90-grain-tnt-jacketed-hollow-point-500-rounds\/#breadcrumb\"},\"inLanguage\":\"lt-LT\",\"potentialAction\":[{\"@type\":\"ReadAction\",\"target\":[\"https:\/\/www.bulkammunitionshop.com\/product\/federal-premium-varmint-predator-6-5mm-grendel-90-grain-tnt-jacketed-hollow-point-500-rounds\/\"]}]},{\"@type\":\"ImageObject\",\"inLanguage\":\"lt-LT\",\"@id\":\"https:\/\/www.bulkammunitionshop.com\/product\/federal-premium-varmint-predator-6-5mm-grendel-90-grain-tnt-jacketed-hollow-point-500-rounds\/#primaryimage\",\"url\":\"https:\/\/www.bulkammunitionshop.com\/wp-content\/uploads\/2022\/10\/opplanet-federal-premium-american-eagle-rifle-ammo-6-5mm-grendel-tnt-jacketed-hollow-point-90-grain-50-rounds-ae65gdl90vp-main-1.jpg\",\"contentUrl\":\"https:\/\/www.bulkammunitionshop.com\/wp-content\/uploads\/2022\/10\/opplanet-federal-premium-american-eagle-rifle-ammo-6-5mm-grendel-tnt-jacketed-hollow-point-90-grain-50-rounds-ae65gdl90vp-main-1.jpg\",\"width\":978,\"height\":550},{\"@type\":\"BreadcrumbList\",\"@id\":\"https:\/\/www.bulkammunitionshop.com\/product\/federal-premium-varmint-predator-6-5mm-grendel-90-grain-tnt-jacketed-hollow-point-500-rounds\/#breadcrumb\",\"itemListElement\":[{\"@type\":\"ListItem\",\"position\":1,\"name\":\"Home\",\"item\":\"https:\/\/www.bulkammunitionshop.com\/\"},{\"@type\":\"ListItem\",\"position\":2,\"name\":\"SHOP ALL\",\"item\":\"https:\/\/www.bulkammunitionshop.com\/shop-all\/\"},{\"@type\":\"ListItem\",\"position\":3,\"name\":\"Federal Premium VARMINT \/ PREDATOR 6.5mm Grendel 90 grain TNT Jacketed Hollow Point 500 rounds\"}]},{\"@type\":\"WebSite\",\"@id\":\"https:\/\/www.bulkammunitionshop.com\/#website\",\"url\":\"https:\/\/www.bulkammunitionshop.com\/\",\"name\":\"Bulk Ammunition shop\",\"description\":\"Buy Cheap Bulk Ammo Online - Bulk Ammo for Sale- Cheap Ammo Online\",\"potentialAction\":[{\"@type\":\"SearchAction\",\"target\":{\"@type\":\"EntryPoint\",\"urlTemplate\":\"https:\/\/www.bulkammunitionshop.com\/?s={search_term_string}\"},\"query-input\":{\"@type\":\"PropertyValueSpecification\",\"valueRequired\":true,\"valueName\":\"search_term_string\"}}],\"inLanguage\":\"lt-LT\"}]}<\/script>\n<!-- \/ Yoast SEO Premium plugin. -->","yoast_head_json":{"title":"Federal Premium VARMINT \/ PREDATOR 6.5mm Grendel 90 grain TNT Jacketed Hollow Point 500 rounds - Bulk Ammunition shop","robots":{"index":"index","follow":"follow","max-snippet":"max-snippet:-1","max-image-preview":"max-image-preview:large","max-video-preview":"max-video-preview:-1"},"canonical":"https:\/\/www.bulkammunitionshop.com\/lt\/produktas\/federal-premium-varmint-predator-6-5mm-grendel-90-grain-tnt-jacketed-hollow-point-500-rounds\/","og_locale":"lt_LT","og_type":"article","og_title":"Federal Premium VARMINT \/ PREDATOR 6.5mm Grendel 90 grain TNT Jacketed Hollow Point 500 rounds","og_description":"Ideal for target practice  Accurate and reliable  Consistent primers and brass   We Ship All Orders The Next Day And We Guarantee 100% Delivery","og_url":"https:\/\/www.bulkammunitionshop.com\/lt\/produktas\/federal-premium-varmint-predator-6-5mm-grendel-90-grain-tnt-jacketed-hollow-point-500-rounds\/","og_site_name":"Bulk Ammunition shop","og_image":[{"width":978,"height":550,"url":"http:\/\/www.bulkammunitionshop.com\/wp-content\/uploads\/2022\/10\/opplanet-federal-premium-american-eagle-rifle-ammo-6-5mm-grendel-tnt-jacketed-hollow-point-90-grain-50-rounds-ae65gdl90vp-main-1.jpg","type":"image\/jpeg"}],"twitter_card":"summary_large_image","twitter_misc":{"Est. reading time":"1 minut\u0117"},"schema":{"@context":"https:\/\/schema.org","@graph":[{"@type":"WebPage","@id":"https:\/\/www.bulkammunitionshop.com\/product\/federal-premium-varmint-predator-6-5mm-grendel-90-grain-tnt-jacketed-hollow-point-500-rounds\/","url":"https:\/\/www.bulkammunitionshop.com\/product\/federal-premium-varmint-predator-6-5mm-grendel-90-grain-tnt-jacketed-hollow-point-500-rounds\/","name":"Federal Premium VARMINT \/ PREDATOR 6.5mm Grendel 90 grain TNT Jacketed Hollow Point 500 rounds - Bulk Ammunition shop","isPartOf":{"@id":"https:\/\/www.bulkammunitionshop.com\/#website"},"primaryImageOfPage":{"@id":"https:\/\/www.bulkammunitionshop.com\/product\/federal-premium-varmint-predator-6-5mm-grendel-90-grain-tnt-jacketed-hollow-point-500-rounds\/#primaryimage"},"image":{"@id":"https:\/\/www.bulkammunitionshop.com\/product\/federal-premium-varmint-predator-6-5mm-grendel-90-grain-tnt-jacketed-hollow-point-500-rounds\/#primaryimage"},"thumbnailUrl":"https:\/\/www.bulkammunitionshop.com\/wp-content\/uploads\/2022\/10\/opplanet-federal-premium-american-eagle-rifle-ammo-6-5mm-grendel-tnt-jacketed-hollow-point-90-grain-50-rounds-ae65gdl90vp-main-1.jpg","datePublished":"2022-10-03T23:10:33+00:00","breadcrumb":{"@id":"https:\/\/www.bulkammunitionshop.com\/product\/federal-premium-varmint-predator-6-5mm-grendel-90-grain-tnt-jacketed-hollow-point-500-rounds\/#breadcrumb"},"inLanguage":"lt-LT","potentialAction":[{"@type":"ReadAction","target":["https:\/\/www.bulkammunitionshop.com\/product\/federal-premium-varmint-predator-6-5mm-grendel-90-grain-tnt-jacketed-hollow-point-500-rounds\/"]}]},{"@type":"ImageObject","inLanguage":"lt-LT","@id":"https:\/\/www.bulkammunitionshop.com\/product\/federal-premium-varmint-predator-6-5mm-grendel-90-grain-tnt-jacketed-hollow-point-500-rounds\/#primaryimage","url":"https:\/\/www.bulkammunitionshop.com\/wp-content\/uploads\/2022\/10\/opplanet-federal-premium-american-eagle-rifle-ammo-6-5mm-grendel-tnt-jacketed-hollow-point-90-grain-50-rounds-ae65gdl90vp-main-1.jpg","contentUrl":"https:\/\/www.bulkammunitionshop.com\/wp-content\/uploads\/2022\/10\/opplanet-federal-premium-american-eagle-rifle-ammo-6-5mm-grendel-tnt-jacketed-hollow-point-90-grain-50-rounds-ae65gdl90vp-main-1.jpg","width":978,"height":550},{"@type":"BreadcrumbList","@id":"https:\/\/www.bulkammunitionshop.com\/product\/federal-premium-varmint-predator-6-5mm-grendel-90-grain-tnt-jacketed-hollow-point-500-rounds\/#breadcrumb","itemListElement":[{"@type":"ListItem","position":1,"name":"Home","item":"https:\/\/www.bulkammunitionshop.com\/"},{"@type":"ListItem","position":2,"name":"SHOP ALL","item":"https:\/\/www.bulkammunitionshop.com\/shop-all\/"},{"@type":"ListItem","position":3,"name":"Federal Premium VARMINT \/ PREDATOR 6.5mm Grendel 90 grain TNT Jacketed Hollow Point 500 rounds"}]},{"@type":"WebSite","@id":"https:\/\/www.bulkammunitionshop.com\/#website","url":"https:\/\/www.bulkammunitionshop.com\/","name":"Didelio masto \u0161audmen\u0173 parduotuv\u0117","description":"Pirkite pigius urmu \u0161audmenis internetu - urmu \u0161audmenys pardavimui - pig\u016bs \u0161oviniai internetu","potentialAction":[{"@type":"SearchAction","target":{"@type":"EntryPoint","urlTemplate":"https:\/\/www.bulkammunitionshop.com\/?s={search_term_string}"},"query-input":{"@type":"PropertyValueSpecification","valueRequired":true,"valueName":"search_term_string"}}],"inLanguage":"lt-LT"}]}},"jetpack_sharing_enabled":true,"_links":{"self":[{"href":"https:\/\/www.bulkammunitionshop.com\/lt\/wp-json\/wp\/v2\/product\/2641","targetHints":{"allow":["GET"]}}],"collection":[{"href":"https:\/\/www.bulkammunitionshop.com\/lt\/wp-json\/wp\/v2\/product"}],"about":[{"href":"https:\/\/www.bulkammunitionshop.com\/lt\/wp-json\/wp\/v2\/types\/product"}],"replies":[{"embeddable":true,"href":"https:\/\/www.bulkammunitionshop.com\/lt\/wp-json\/wp\/v2\/comments?post=2641"}],"wp:featuredmedia":[{"embeddable":true,"href":"https:\/\/www.bulkammunitionshop.com\/lt\/wp-json\/wp\/v2\/media\/2642"}],"wp:attachment":[{"href":"https:\/\/www.bulkammunitionshop.com\/lt\/wp-json\/wp\/v2\/media?parent=2641"}],"wp:term":[{"taxonomy":"product_brand","embeddable":true,"href":"https:\/\/www.bulkammunitionshop.com\/lt\/wp-json\/wp\/v2\/product_brand?post=2641"},{"taxonomy":"product_cat","embeddable":true,"href":"https:\/\/www.bulkammunitionshop.com\/lt\/wp-json\/wp\/v2\/product_cat?post=2641"},{"taxonomy":"product_tag","embeddable":true,"href":"https:\/\/www.bulkammunitionshop.com\/lt\/wp-json\/wp\/v2\/product_tag?post=2641"}],"curies":[{"name":"wp","href":"https:\/\/api.w.org\/{rel}","templated":true}]}}