{"id":1399,"date":"2022-05-21T16:27:19","date_gmt":"2022-05-21T16:27:19","guid":{"rendered":"https:\/\/www.bulkammunitionshop.com\/?post_type=product&#038;p=1399"},"modified":"2022-05-21T16:27:37","modified_gmt":"2022-05-21T16:27:37","slug":"1000rds-of-hornady-precision-hunter","status":"publish","type":"product","link":"https:\/\/www.bulkammunitionshop.com\/lt\/produktas\/1000rds-of-hornady-precision-hunter\/","title":{"rendered":"1000rds of HORNADY PRECISION HUNTER"},"content":{"rendered":"<h2>Apra\u0161ymas<\/h2>\n<h2><strong>Pirkite \u201eHornady Precision Hunter\u201c internetu<\/strong><\/h2>\n<p>GERIAUSIAS SAVO KLAS\u0116JE BCS: Doplerio radaru patikrintas \u0161ilumos skydo antgalis nepaiso aerodinaminio \u012fkaitimo poveikio ir i\u0161laiko savo form\u0105, kad i\u0161laikyt\u0173 auk\u0161\u010diausi\u0105 savo klas\u0117je BC per vis\u0105 savo trajektorij\u0105. Daugiau apie \u201eHardy\u201c galite su\u017einoti \u010dia. Tikslumas ir precizi\u0161kumas yra geriausios j\u0173 savyb\u0117s.<br \/>\nTIKSLI MED\u017dIOKL\u0116S KULK\u0116: Aptaki, i\u0161siki\u0161usi smaili kulka su optimaliu \u201evaltel\u0117s formos\u201c dizainu + labai koncentriniai AMP kulkos apvalkalai + kar\u0161\u010diui atsparus antgalis u\u017etikrina radikaliai didesn\u012f aerodinamin\u012f efektyvum\u0105.<br \/>\nGERIAUSIAS \u012eMANOMAS I\u0160PL\u0116STINIO ATSTOVO NA\u0160UMAS: Pataikius ma\u017eu grei\u010diu ir esant didesniam nei 400 jard\u0173 atstumui, kar\u0161\u010diui atsparus antgalis nukreipiamas atgal \u012f kulk\u0105, inicijuodamas pl\u0117tim\u0105si. Kulka, pasi\u017eyminti kontroliuojamu pl\u0117timusi, didele grybo formos forma ir i\u0161laikytu 85-90% svoriu, u\u017etikrina gil\u0173 \u012fsiskverbim\u0105 ir dideles ertmes. Galima \u012fsigyti kaip komponentin\u0119 kulk\u0105 tikslumui ir tikslumui u\u017etikrinti arba gamykloje u\u017etaisyt\u0105 \u201ePrecision Hunter\u201c \u0161ovin\u012f.<br \/>\nEsant ma\u017eam grei\u010diui, 400+ jard\u0173 sm\u016bgio atstumui, \u201eHeat Shield\u00ae\u201c antgalis \u012fsiskverbia atgal \u012f kulk\u0105 ir inicijuoja pl\u0117tim\u0105si. Kulka, pasi\u017eyminti kontroliuojamu pl\u0117timusi, didele grybo formos forma ir i\u0161laikytu 85-90% svoriu, pasi\u017eymi tiksliu ir giliu \u012fsiskverbimu bei didel\u0117mis ertm\u0117mis. Galima \u012fsigyti kaip komponentines kulkas arba gamykloje u\u017etaisytus \u201ePrecision Hunter\u2122\u201c \u0161ovinius.<br \/>\nPravard\u017eiuojamas vyresniuoju 6.5 Creedmoor broliu, 6.5 PRC tinka trumpo arba vidutinio u\u017erakto mechanizmams su standartiniu magnum spynos sriegiu (.532 colio). D\u0117l tikslumo, precizi\u0161kumo ir efektyvios t\u016btel\u0117s geometrijos pasi\u017eymi ilgu t\u016btel\u0117s kakleliu ir 30 laipsni\u0173 t\u016btel\u0117s petimi.<\/p>\n<p>Kalibras: 6,5 mm PRC<br \/>\nNumber of Rounds: 1000 RDS<br \/>\nKulkos tipas: itin ma\u017eas pasiprie\u0161inimas \u2013 eXpanding (ELD-X)<br \/>\nKulkos svoris: 143 gr\u016bdai<br \/>\n\u0160ovinio t\u016btel\u0117s med\u017eiaga: \u017ealvaris<br \/>\nSnukio greitis: 2960 p\u0117d\u0173\/s<br \/>\nGrunto vieta: Centrin\u0117 ugnis<br \/>\nSekcinis tankis: 0,293<br \/>\nSnukio energija: 2782 p\u0117d\u0173-lbs<br \/>\nG1 balistinis koeficientas: 0,625<br \/>\n\u012esigykite \u201eHornady Precision hunter\u201c i\u0161 m\u016bs\u0173 internetin\u0117s parduotuv\u0117s u\u017e labai prieinam\u0105 kain\u0105.<\/p>","protected":false},"excerpt":{"rendered":"<p>Description Buy Hornady Precision Hunter Online BEST-IN-CLASS BCS: Verified by Doppler radar, the Heat Shield tip defies the effects of aerodynamic heating and retains its shape to maintain the highest-in-class BC over its entire trajectory. You can learn more on the Hardy here. Accuracy and precision are their best properties. MATCH ACCURATE HUNTING BULLET: Streamlined [&#8230;]","protected":false},"featured_media":1428,"comment_status":"open","ping_status":"closed","template":"","meta":[],"product_brand":[],"product_cat":[218,121],"product_tag":[219,220],"class_list":{"0":"post-1399","1":"product","2":"type-product","3":"status-publish","4":"has-post-thumbnail","6":"product_cat-223-remington","7":"product_cat-rifle-ammo","8":"product_tag-hornady-precision-hunter","9":"product_tag-hornady-precision-hunter-for-sale","11":"first","12":"instock","13":"taxable","14":"shipping-taxable","15":"purchasable","16":"product-type-simple"},"yoast_head":"<!-- This site is optimized with the Yoast SEO Premium plugin v24.6 (Yoast SEO v25.7) - https:\/\/yoast.com\/wordpress\/plugins\/seo\/ -->\n<title>1000rds of HORNADY PRECISION HUNTER - Bulk Ammunition shop<\/title>\n<meta name=\"robots\" content=\"index, follow, max-snippet:-1, max-image-preview:large, max-video-preview:-1\" \/>\n<link rel=\"canonical\" href=\"https:\/\/www.bulkammunitionshop.com\/lt\/produktas\/1000rds-of-hornady-precision-hunter\/\" \/>\n<meta property=\"og:locale\" content=\"lt_LT\" \/>\n<meta property=\"og:type\" content=\"article\" \/>\n<meta property=\"og:title\" content=\"1000rds of HORNADY PRECISION HUNTER\" \/>\n<meta property=\"og:description\" content=\"Description Buy Hornady Precision Hunter Online BEST-IN-CLASS BCS: Verified by Doppler radar, the Heat Shield tip defies the effects of aerodynamic heating and retains its shape to maintain the highest-in-class BC over its entire trajectory. You can learn more on the Hardy here. Accuracy and precision are their best properties. MATCH ACCURATE HUNTING BULLET: Streamlined [...]\" \/>\n<meta property=\"og:url\" content=\"https:\/\/www.bulkammunitionshop.com\/lt\/produktas\/1000rds-of-hornady-precision-hunter\/\" \/>\n<meta property=\"og:site_name\" content=\"Bulk Ammunition shop\" \/>\n<meta property=\"article:modified_time\" content=\"2022-05-21T16:27:37+00:00\" \/>\n<meta property=\"og:image\" content=\"https:\/\/i0.wp.com\/www.bulkammunitionshop.com\/wp-content\/uploads\/2022\/05\/HORNADY-PRECISION-HUNTER-600x337-1.jpg?fit=600%2C337&ssl=1\" \/>\n\t<meta property=\"og:image:width\" content=\"600\" \/>\n\t<meta property=\"og:image:height\" content=\"337\" \/>\n\t<meta property=\"og:image:type\" content=\"image\/jpeg\" \/>\n<meta name=\"twitter:card\" content=\"summary_large_image\" \/>\n<meta name=\"twitter:label1\" content=\"Est. reading time\" \/>\n\t<meta name=\"twitter:data1\" content=\"1 minut\u0117\" \/>\n<script type=\"application\/ld+json\" class=\"yoast-schema-graph\">{\"@context\":\"https:\/\/schema.org\",\"@graph\":[{\"@type\":\"WebPage\",\"@id\":\"https:\/\/www.bulkammunitionshop.com\/product\/1000rds-of-hornady-precision-hunter\/\",\"url\":\"https:\/\/www.bulkammunitionshop.com\/product\/1000rds-of-hornady-precision-hunter\/\",\"name\":\"1000rds of HORNADY PRECISION HUNTER - Bulk Ammunition shop\",\"isPartOf\":{\"@id\":\"https:\/\/www.bulkammunitionshop.com\/#website\"},\"primaryImageOfPage\":{\"@id\":\"https:\/\/www.bulkammunitionshop.com\/product\/1000rds-of-hornady-precision-hunter\/#primaryimage\"},\"image\":{\"@id\":\"https:\/\/www.bulkammunitionshop.com\/product\/1000rds-of-hornady-precision-hunter\/#primaryimage\"},\"thumbnailUrl\":\"https:\/\/www.bulkammunitionshop.com\/wp-content\/uploads\/2022\/05\/HORNADY-PRECISION-HUNTER-600x337-1.jpg\",\"datePublished\":\"2022-05-21T16:27:19+00:00\",\"dateModified\":\"2022-05-21T16:27:37+00:00\",\"breadcrumb\":{\"@id\":\"https:\/\/www.bulkammunitionshop.com\/product\/1000rds-of-hornady-precision-hunter\/#breadcrumb\"},\"inLanguage\":\"lt-LT\",\"potentialAction\":[{\"@type\":\"ReadAction\",\"target\":[\"https:\/\/www.bulkammunitionshop.com\/product\/1000rds-of-hornady-precision-hunter\/\"]}]},{\"@type\":\"ImageObject\",\"inLanguage\":\"lt-LT\",\"@id\":\"https:\/\/www.bulkammunitionshop.com\/product\/1000rds-of-hornady-precision-hunter\/#primaryimage\",\"url\":\"https:\/\/www.bulkammunitionshop.com\/wp-content\/uploads\/2022\/05\/HORNADY-PRECISION-HUNTER-600x337-1.jpg\",\"contentUrl\":\"https:\/\/www.bulkammunitionshop.com\/wp-content\/uploads\/2022\/05\/HORNADY-PRECISION-HUNTER-600x337-1.jpg\",\"width\":600,\"height\":337},{\"@type\":\"BreadcrumbList\",\"@id\":\"https:\/\/www.bulkammunitionshop.com\/product\/1000rds-of-hornady-precision-hunter\/#breadcrumb\",\"itemListElement\":[{\"@type\":\"ListItem\",\"position\":1,\"name\":\"Home\",\"item\":\"https:\/\/www.bulkammunitionshop.com\/\"},{\"@type\":\"ListItem\",\"position\":2,\"name\":\"SHOP ALL\",\"item\":\"https:\/\/www.bulkammunitionshop.com\/shop-all\/\"},{\"@type\":\"ListItem\",\"position\":3,\"name\":\"1000rds of HORNADY PRECISION HUNTER\"}]},{\"@type\":\"WebSite\",\"@id\":\"https:\/\/www.bulkammunitionshop.com\/#website\",\"url\":\"https:\/\/www.bulkammunitionshop.com\/\",\"name\":\"Bulk Ammunition shop\",\"description\":\"Buy Cheap Bulk Ammo Online - Bulk Ammo for Sale- Cheap Ammo Online\",\"potentialAction\":[{\"@type\":\"SearchAction\",\"target\":{\"@type\":\"EntryPoint\",\"urlTemplate\":\"https:\/\/www.bulkammunitionshop.com\/?s={search_term_string}\"},\"query-input\":{\"@type\":\"PropertyValueSpecification\",\"valueRequired\":true,\"valueName\":\"search_term_string\"}}],\"inLanguage\":\"lt-LT\"}]}<\/script>\n<!-- \/ Yoast SEO Premium plugin. -->","yoast_head_json":{"title":"1000rds of HORNADY PRECISION HUNTER - Bulk Ammunition shop","robots":{"index":"index","follow":"follow","max-snippet":"max-snippet:-1","max-image-preview":"max-image-preview:large","max-video-preview":"max-video-preview:-1"},"canonical":"https:\/\/www.bulkammunitionshop.com\/lt\/produktas\/1000rds-of-hornady-precision-hunter\/","og_locale":"lt_LT","og_type":"article","og_title":"1000rds of HORNADY PRECISION HUNTER","og_description":"Description Buy Hornady Precision Hunter Online BEST-IN-CLASS BCS: Verified by Doppler radar, the Heat Shield tip defies the effects of aerodynamic heating and retains its shape to maintain the highest-in-class BC over its entire trajectory. You can learn more on the Hardy here. Accuracy and precision are their best properties. MATCH ACCURATE HUNTING BULLET: Streamlined [...]","og_url":"https:\/\/www.bulkammunitionshop.com\/lt\/produktas\/1000rds-of-hornady-precision-hunter\/","og_site_name":"Bulk Ammunition shop","article_modified_time":"2022-05-21T16:27:37+00:00","og_image":[{"width":600,"height":337,"url":"https:\/\/i0.wp.com\/www.bulkammunitionshop.com\/wp-content\/uploads\/2022\/05\/HORNADY-PRECISION-HUNTER-600x337-1.jpg?fit=600%2C337&ssl=1","type":"image\/jpeg"}],"twitter_card":"summary_large_image","twitter_misc":{"Est. reading time":"1 minut\u0117"},"schema":{"@context":"https:\/\/schema.org","@graph":[{"@type":"WebPage","@id":"https:\/\/www.bulkammunitionshop.com\/product\/1000rds-of-hornady-precision-hunter\/","url":"https:\/\/www.bulkammunitionshop.com\/product\/1000rds-of-hornady-precision-hunter\/","name":"1000rds of HORNADY PRECISION HUNTER - Bulk Ammunition shop","isPartOf":{"@id":"https:\/\/www.bulkammunitionshop.com\/#website"},"primaryImageOfPage":{"@id":"https:\/\/www.bulkammunitionshop.com\/product\/1000rds-of-hornady-precision-hunter\/#primaryimage"},"image":{"@id":"https:\/\/www.bulkammunitionshop.com\/product\/1000rds-of-hornady-precision-hunter\/#primaryimage"},"thumbnailUrl":"https:\/\/www.bulkammunitionshop.com\/wp-content\/uploads\/2022\/05\/HORNADY-PRECISION-HUNTER-600x337-1.jpg","datePublished":"2022-05-21T16:27:19+00:00","dateModified":"2022-05-21T16:27:37+00:00","breadcrumb":{"@id":"https:\/\/www.bulkammunitionshop.com\/product\/1000rds-of-hornady-precision-hunter\/#breadcrumb"},"inLanguage":"lt-LT","potentialAction":[{"@type":"ReadAction","target":["https:\/\/www.bulkammunitionshop.com\/product\/1000rds-of-hornady-precision-hunter\/"]}]},{"@type":"ImageObject","inLanguage":"lt-LT","@id":"https:\/\/www.bulkammunitionshop.com\/product\/1000rds-of-hornady-precision-hunter\/#primaryimage","url":"https:\/\/www.bulkammunitionshop.com\/wp-content\/uploads\/2022\/05\/HORNADY-PRECISION-HUNTER-600x337-1.jpg","contentUrl":"https:\/\/www.bulkammunitionshop.com\/wp-content\/uploads\/2022\/05\/HORNADY-PRECISION-HUNTER-600x337-1.jpg","width":600,"height":337},{"@type":"BreadcrumbList","@id":"https:\/\/www.bulkammunitionshop.com\/product\/1000rds-of-hornady-precision-hunter\/#breadcrumb","itemListElement":[{"@type":"ListItem","position":1,"name":"Home","item":"https:\/\/www.bulkammunitionshop.com\/"},{"@type":"ListItem","position":2,"name":"SHOP ALL","item":"https:\/\/www.bulkammunitionshop.com\/shop-all\/"},{"@type":"ListItem","position":3,"name":"1000rds of HORNADY PRECISION HUNTER"}]},{"@type":"WebSite","@id":"https:\/\/www.bulkammunitionshop.com\/#website","url":"https:\/\/www.bulkammunitionshop.com\/","name":"Didelio masto \u0161audmen\u0173 parduotuv\u0117","description":"Pirkite pigius urmu \u0161audmenis internetu - urmu \u0161audmenys pardavimui - pig\u016bs \u0161oviniai internetu","potentialAction":[{"@type":"SearchAction","target":{"@type":"EntryPoint","urlTemplate":"https:\/\/www.bulkammunitionshop.com\/?s={search_term_string}"},"query-input":{"@type":"PropertyValueSpecification","valueRequired":true,"valueName":"search_term_string"}}],"inLanguage":"lt-LT"}]}},"jetpack_sharing_enabled":true,"_links":{"self":[{"href":"https:\/\/www.bulkammunitionshop.com\/lt\/wp-json\/wp\/v2\/product\/1399","targetHints":{"allow":["GET"]}}],"collection":[{"href":"https:\/\/www.bulkammunitionshop.com\/lt\/wp-json\/wp\/v2\/product"}],"about":[{"href":"https:\/\/www.bulkammunitionshop.com\/lt\/wp-json\/wp\/v2\/types\/product"}],"replies":[{"embeddable":true,"href":"https:\/\/www.bulkammunitionshop.com\/lt\/wp-json\/wp\/v2\/comments?post=1399"}],"wp:featuredmedia":[{"embeddable":true,"href":"https:\/\/www.bulkammunitionshop.com\/lt\/wp-json\/wp\/v2\/media\/1428"}],"wp:attachment":[{"href":"https:\/\/www.bulkammunitionshop.com\/lt\/wp-json\/wp\/v2\/media?parent=1399"}],"wp:term":[{"taxonomy":"product_brand","embeddable":true,"href":"https:\/\/www.bulkammunitionshop.com\/lt\/wp-json\/wp\/v2\/product_brand?post=1399"},{"taxonomy":"product_cat","embeddable":true,"href":"https:\/\/www.bulkammunitionshop.com\/lt\/wp-json\/wp\/v2\/product_cat?post=1399"},{"taxonomy":"product_tag","embeddable":true,"href":"https:\/\/www.bulkammunitionshop.com\/lt\/wp-json\/wp\/v2\/product_tag?post=1399"}],"curies":[{"name":"wp","href":"https:\/\/api.w.org\/{rel}","templated":true}]}}