{"id":1349,"date":"2022-05-21T16:25:53","date_gmt":"2022-05-21T16:25:53","guid":{"rendered":"https:\/\/www.bulkammunitionshop.com\/?post_type=product&#038;p=1349"},"modified":"2022-05-21T16:27:17","modified_gmt":"2022-05-21T16:27:17","slug":"1000rds-of-nosler-trophy-grade-30-06-springfield-165-grain-accubond-brass-cased-centerfire","status":"publish","type":"product","link":"https:\/\/www.bulkammunitionshop.com\/lt\/produktas\/1000rds-of-nosler-trophy-grade-30-06-springfield-165-grain-accubond-brass-cased-centerfire\/","title":{"rendered":"1000 \u0161ovini\u0173 \u201eNosler Trophy Grade .30-06 Springfield 165 Grain AccuBond\u201c \u017ealvario korpuso centrinio u\u017edegimo \u0161ovinio"},"content":{"rendered":"<div id=\"product-caption-block-description\" class=\"product-caption-block\">\n<p>Nosler Trophy Grade Centerfire Rifle Ammunition relies on Nosler bullets and Nosler brass to create optimum performance for hunting. There are many options available including those loaded with Partition Ballistic Tip E-Tip and AccuBond. Nosler ballistics has been respected for years in the world of hunting as well as shooting due to the products&#8217; ability to precisely and reliably reload. The combinations of bullet and powder are high-performance and each round has been visually inspected to ensure measurements and weights are correct.<\/p>\n<\/div>\n<div id=\"product-caption-block-manufacture-specification\" class=\"product-caption-block\">\n<table class=\"spec-table\" border=\"0\" cellspacing=\"0\" cellpadding=\"0\">\n<tbody>\n<tr>\n<td class=\"spec-left-column\">Kalibras:<\/td>\n<td width=\"50%\">.30-06 Springfildas<\/td>\n<\/tr>\n<tr>\n<td class=\"spec-left-column\">Raund\u0173 skai\u010dius:<\/td>\n<td width=\"50%\">1000<\/td>\n<\/tr>\n<tr>\n<td class=\"spec-left-column\">Kulkos tipas:<\/td>\n<td width=\"50%\">AccuBond<\/td>\n<\/tr>\n<tr>\n<td class=\"spec-left-column\">Kulkos svoris:<\/td>\n<td width=\"50%\">165 grain<\/td>\n<\/tr>\n<tr>\n<td class=\"spec-left-column\">\u0160ovinio t\u016btel\u0117s med\u017eiaga:<\/td>\n<td width=\"50%\">\u017dalvaris<\/td>\n<\/tr>\n<tr>\n<td class=\"spec-left-column\">Snukio greitis:<\/td>\n<td width=\"50%\">2800 ft\/s<\/td>\n<\/tr>\n<tr>\n<td class=\"spec-left-column\">Grunto vieta:<\/td>\n<td width=\"50%\">Centrin\u0117 ugnis<\/td>\n<\/tr>\n<tr>\n<td class=\"spec-left-column\">Snukio energija:<\/td>\n<td width=\"50%\">2872 ft-lbs<\/td>\n<\/tr>\n<\/tbody>\n<\/table>\n<\/div>","protected":false},"excerpt":{"rendered":"<p>Nosler Trophy Grade Centerfire Rifle Ammunition relies on Nosler bullets and Nosler brass to create optimum performance for hunting. There are many options available including those loaded with Partition Ballistic Tip E-Tip and AccuBond. Nosler ballistics has been respected for years in the world of hunting as well as shooting due to the products&#8217; ability [&#8230;]","protected":false},"featured_media":1391,"comment_status":"open","ping_status":"closed","template":"","meta":[],"product_brand":[],"product_cat":[217,121],"product_tag":[],"class_list":{"0":"post-1349","1":"product","2":"type-product","3":"status-publish","4":"has-post-thumbnail","6":"product_cat-30-06-springfield","7":"product_cat-rifle-ammo","9":"first","10":"instock","11":"taxable","12":"shipping-taxable","13":"purchasable","14":"product-type-simple"},"yoast_head":"<!-- This site is optimized with the Yoast SEO Premium plugin v24.6 (Yoast SEO v25.7) - https:\/\/yoast.com\/wordpress\/plugins\/seo\/ -->\n<title>1000Rds of Nosler Trophy Grade .30-06 Springfield 165 Grain AccuBond Brass Cased Centerfire - Bulk Ammunition shop<\/title>\n<meta name=\"robots\" content=\"index, follow, max-snippet:-1, max-image-preview:large, max-video-preview:-1\" \/>\n<link rel=\"canonical\" href=\"https:\/\/www.bulkammunitionshop.com\/lt\/produktas\/1000rds-of-nosler-trophy-grade-30-06-springfield-165-grain-accubond-brass-cased-centerfire\/\" \/>\n<meta property=\"og:locale\" content=\"lt_LT\" \/>\n<meta property=\"og:type\" content=\"article\" \/>\n<meta property=\"og:title\" content=\"1000Rds of Nosler Trophy Grade .30-06 Springfield 165 Grain AccuBond Brass Cased Centerfire\" \/>\n<meta property=\"og:description\" content=\"Nosler Trophy Grade Centerfire Rifle Ammunition relies on Nosler bullets and Nosler brass to create optimum performance for hunting. There are many options available including those loaded with Partition Ballistic Tip E-Tip and AccuBond. Nosler ballistics has been respected for years in the world of hunting as well as shooting due to the products&#8217; ability [...]\" \/>\n<meta property=\"og:url\" content=\"https:\/\/www.bulkammunitionshop.com\/lt\/produktas\/1000rds-of-nosler-trophy-grade-30-06-springfield-165-grain-accubond-brass-cased-centerfire\/\" \/>\n<meta property=\"og:site_name\" content=\"Bulk Ammunition shop\" \/>\n<meta property=\"article:modified_time\" content=\"2022-05-21T16:27:17+00:00\" \/>\n<meta property=\"og:image\" content=\"https:\/\/i0.wp.com\/www.bulkammunitionshop.com\/wp-content\/uploads\/2022\/05\/opplanet-nosler-30-06-sprg-165gr-accubnd-per-20-60057.jpg?fit=978%2C550&ssl=1\" \/>\n\t<meta property=\"og:image:width\" content=\"978\" \/>\n\t<meta property=\"og:image:height\" content=\"550\" \/>\n\t<meta property=\"og:image:type\" content=\"image\/jpeg\" \/>\n<meta name=\"twitter:card\" content=\"summary_large_image\" \/>\n<meta name=\"twitter:label1\" content=\"Est. reading time\" \/>\n\t<meta name=\"twitter:data1\" content=\"1 minut\u0117\" \/>\n<script type=\"application\/ld+json\" class=\"yoast-schema-graph\">{\"@context\":\"https:\/\/schema.org\",\"@graph\":[{\"@type\":\"WebPage\",\"@id\":\"https:\/\/www.bulkammunitionshop.com\/product\/1000rds-of-nosler-trophy-grade-30-06-springfield-165-grain-accubond-brass-cased-centerfire\/\",\"url\":\"https:\/\/www.bulkammunitionshop.com\/product\/1000rds-of-nosler-trophy-grade-30-06-springfield-165-grain-accubond-brass-cased-centerfire\/\",\"name\":\"1000Rds of Nosler Trophy Grade .30-06 Springfield 165 Grain AccuBond Brass Cased Centerfire - Bulk Ammunition shop\",\"isPartOf\":{\"@id\":\"https:\/\/www.bulkammunitionshop.com\/#website\"},\"primaryImageOfPage\":{\"@id\":\"https:\/\/www.bulkammunitionshop.com\/product\/1000rds-of-nosler-trophy-grade-30-06-springfield-165-grain-accubond-brass-cased-centerfire\/#primaryimage\"},\"image\":{\"@id\":\"https:\/\/www.bulkammunitionshop.com\/product\/1000rds-of-nosler-trophy-grade-30-06-springfield-165-grain-accubond-brass-cased-centerfire\/#primaryimage\"},\"thumbnailUrl\":\"https:\/\/www.bulkammunitionshop.com\/wp-content\/uploads\/2022\/05\/opplanet-nosler-30-06-sprg-165gr-accubnd-per-20-60057.jpg\",\"datePublished\":\"2022-05-21T16:25:53+00:00\",\"dateModified\":\"2022-05-21T16:27:17+00:00\",\"breadcrumb\":{\"@id\":\"https:\/\/www.bulkammunitionshop.com\/product\/1000rds-of-nosler-trophy-grade-30-06-springfield-165-grain-accubond-brass-cased-centerfire\/#breadcrumb\"},\"inLanguage\":\"lt-LT\",\"potentialAction\":[{\"@type\":\"ReadAction\",\"target\":[\"https:\/\/www.bulkammunitionshop.com\/product\/1000rds-of-nosler-trophy-grade-30-06-springfield-165-grain-accubond-brass-cased-centerfire\/\"]}]},{\"@type\":\"ImageObject\",\"inLanguage\":\"lt-LT\",\"@id\":\"https:\/\/www.bulkammunitionshop.com\/product\/1000rds-of-nosler-trophy-grade-30-06-springfield-165-grain-accubond-brass-cased-centerfire\/#primaryimage\",\"url\":\"https:\/\/www.bulkammunitionshop.com\/wp-content\/uploads\/2022\/05\/opplanet-nosler-30-06-sprg-165gr-accubnd-per-20-60057.jpg\",\"contentUrl\":\"https:\/\/www.bulkammunitionshop.com\/wp-content\/uploads\/2022\/05\/opplanet-nosler-30-06-sprg-165gr-accubnd-per-20-60057.jpg\",\"width\":978,\"height\":550},{\"@type\":\"BreadcrumbList\",\"@id\":\"https:\/\/www.bulkammunitionshop.com\/product\/1000rds-of-nosler-trophy-grade-30-06-springfield-165-grain-accubond-brass-cased-centerfire\/#breadcrumb\",\"itemListElement\":[{\"@type\":\"ListItem\",\"position\":1,\"name\":\"Home\",\"item\":\"https:\/\/www.bulkammunitionshop.com\/\"},{\"@type\":\"ListItem\",\"position\":2,\"name\":\"SHOP ALL\",\"item\":\"https:\/\/www.bulkammunitionshop.com\/shop-all\/\"},{\"@type\":\"ListItem\",\"position\":3,\"name\":\"1000Rds of Nosler Trophy Grade .30-06 Springfield 165 Grain AccuBond Brass Cased Centerfire\"}]},{\"@type\":\"WebSite\",\"@id\":\"https:\/\/www.bulkammunitionshop.com\/#website\",\"url\":\"https:\/\/www.bulkammunitionshop.com\/\",\"name\":\"Bulk Ammunition shop\",\"description\":\"Buy Cheap Bulk Ammo Online - Bulk Ammo for Sale- Cheap Ammo Online\",\"potentialAction\":[{\"@type\":\"SearchAction\",\"target\":{\"@type\":\"EntryPoint\",\"urlTemplate\":\"https:\/\/www.bulkammunitionshop.com\/?s={search_term_string}\"},\"query-input\":{\"@type\":\"PropertyValueSpecification\",\"valueRequired\":true,\"valueName\":\"search_term_string\"}}],\"inLanguage\":\"lt-LT\"}]}<\/script>\n<!-- \/ Yoast SEO Premium plugin. -->","yoast_head_json":{"title":"1000Rds of Nosler Trophy Grade .30-06 Springfield 165 Grain AccuBond Brass Cased Centerfire - Bulk Ammunition shop","robots":{"index":"index","follow":"follow","max-snippet":"max-snippet:-1","max-image-preview":"max-image-preview:large","max-video-preview":"max-video-preview:-1"},"canonical":"https:\/\/www.bulkammunitionshop.com\/lt\/produktas\/1000rds-of-nosler-trophy-grade-30-06-springfield-165-grain-accubond-brass-cased-centerfire\/","og_locale":"lt_LT","og_type":"article","og_title":"1000Rds of Nosler Trophy Grade .30-06 Springfield 165 Grain AccuBond Brass Cased Centerfire","og_description":"Nosler Trophy Grade Centerfire Rifle Ammunition relies on Nosler bullets and Nosler brass to create optimum performance for hunting. There are many options available including those loaded with Partition Ballistic Tip E-Tip and AccuBond. Nosler ballistics has been respected for years in the world of hunting as well as shooting due to the products&#8217; ability [...]","og_url":"https:\/\/www.bulkammunitionshop.com\/lt\/produktas\/1000rds-of-nosler-trophy-grade-30-06-springfield-165-grain-accubond-brass-cased-centerfire\/","og_site_name":"Bulk Ammunition shop","article_modified_time":"2022-05-21T16:27:17+00:00","og_image":[{"width":978,"height":550,"url":"https:\/\/i0.wp.com\/www.bulkammunitionshop.com\/wp-content\/uploads\/2022\/05\/opplanet-nosler-30-06-sprg-165gr-accubnd-per-20-60057.jpg?fit=978%2C550&ssl=1","type":"image\/jpeg"}],"twitter_card":"summary_large_image","twitter_misc":{"Est. reading time":"1 minut\u0117"},"schema":{"@context":"https:\/\/schema.org","@graph":[{"@type":"WebPage","@id":"https:\/\/www.bulkammunitionshop.com\/product\/1000rds-of-nosler-trophy-grade-30-06-springfield-165-grain-accubond-brass-cased-centerfire\/","url":"https:\/\/www.bulkammunitionshop.com\/product\/1000rds-of-nosler-trophy-grade-30-06-springfield-165-grain-accubond-brass-cased-centerfire\/","name":"1000Rds of Nosler Trophy Grade .30-06 Springfield 165 Grain AccuBond Brass Cased Centerfire - Bulk Ammunition shop","isPartOf":{"@id":"https:\/\/www.bulkammunitionshop.com\/#website"},"primaryImageOfPage":{"@id":"https:\/\/www.bulkammunitionshop.com\/product\/1000rds-of-nosler-trophy-grade-30-06-springfield-165-grain-accubond-brass-cased-centerfire\/#primaryimage"},"image":{"@id":"https:\/\/www.bulkammunitionshop.com\/product\/1000rds-of-nosler-trophy-grade-30-06-springfield-165-grain-accubond-brass-cased-centerfire\/#primaryimage"},"thumbnailUrl":"https:\/\/www.bulkammunitionshop.com\/wp-content\/uploads\/2022\/05\/opplanet-nosler-30-06-sprg-165gr-accubnd-per-20-60057.jpg","datePublished":"2022-05-21T16:25:53+00:00","dateModified":"2022-05-21T16:27:17+00:00","breadcrumb":{"@id":"https:\/\/www.bulkammunitionshop.com\/product\/1000rds-of-nosler-trophy-grade-30-06-springfield-165-grain-accubond-brass-cased-centerfire\/#breadcrumb"},"inLanguage":"lt-LT","potentialAction":[{"@type":"ReadAction","target":["https:\/\/www.bulkammunitionshop.com\/product\/1000rds-of-nosler-trophy-grade-30-06-springfield-165-grain-accubond-brass-cased-centerfire\/"]}]},{"@type":"ImageObject","inLanguage":"lt-LT","@id":"https:\/\/www.bulkammunitionshop.com\/product\/1000rds-of-nosler-trophy-grade-30-06-springfield-165-grain-accubond-brass-cased-centerfire\/#primaryimage","url":"https:\/\/www.bulkammunitionshop.com\/wp-content\/uploads\/2022\/05\/opplanet-nosler-30-06-sprg-165gr-accubnd-per-20-60057.jpg","contentUrl":"https:\/\/www.bulkammunitionshop.com\/wp-content\/uploads\/2022\/05\/opplanet-nosler-30-06-sprg-165gr-accubnd-per-20-60057.jpg","width":978,"height":550},{"@type":"BreadcrumbList","@id":"https:\/\/www.bulkammunitionshop.com\/product\/1000rds-of-nosler-trophy-grade-30-06-springfield-165-grain-accubond-brass-cased-centerfire\/#breadcrumb","itemListElement":[{"@type":"ListItem","position":1,"name":"Home","item":"https:\/\/www.bulkammunitionshop.com\/"},{"@type":"ListItem","position":2,"name":"SHOP ALL","item":"https:\/\/www.bulkammunitionshop.com\/shop-all\/"},{"@type":"ListItem","position":3,"name":"1000Rds of Nosler Trophy Grade .30-06 Springfield 165 Grain AccuBond Brass Cased Centerfire"}]},{"@type":"WebSite","@id":"https:\/\/www.bulkammunitionshop.com\/#website","url":"https:\/\/www.bulkammunitionshop.com\/","name":"Didelio masto \u0161audmen\u0173 parduotuv\u0117","description":"Pirkite pigius urmu \u0161audmenis internetu - urmu \u0161audmenys pardavimui - pig\u016bs \u0161oviniai internetu","potentialAction":[{"@type":"SearchAction","target":{"@type":"EntryPoint","urlTemplate":"https:\/\/www.bulkammunitionshop.com\/?s={search_term_string}"},"query-input":{"@type":"PropertyValueSpecification","valueRequired":true,"valueName":"search_term_string"}}],"inLanguage":"lt-LT"}]}},"jetpack_sharing_enabled":true,"_links":{"self":[{"href":"https:\/\/www.bulkammunitionshop.com\/lt\/wp-json\/wp\/v2\/product\/1349","targetHints":{"allow":["GET"]}}],"collection":[{"href":"https:\/\/www.bulkammunitionshop.com\/lt\/wp-json\/wp\/v2\/product"}],"about":[{"href":"https:\/\/www.bulkammunitionshop.com\/lt\/wp-json\/wp\/v2\/types\/product"}],"replies":[{"embeddable":true,"href":"https:\/\/www.bulkammunitionshop.com\/lt\/wp-json\/wp\/v2\/comments?post=1349"}],"wp:featuredmedia":[{"embeddable":true,"href":"https:\/\/www.bulkammunitionshop.com\/lt\/wp-json\/wp\/v2\/media\/1391"}],"wp:attachment":[{"href":"https:\/\/www.bulkammunitionshop.com\/lt\/wp-json\/wp\/v2\/media?parent=1349"}],"wp:term":[{"taxonomy":"product_brand","embeddable":true,"href":"https:\/\/www.bulkammunitionshop.com\/lt\/wp-json\/wp\/v2\/product_brand?post=1349"},{"taxonomy":"product_cat","embeddable":true,"href":"https:\/\/www.bulkammunitionshop.com\/lt\/wp-json\/wp\/v2\/product_cat?post=1349"},{"taxonomy":"product_tag","embeddable":true,"href":"https:\/\/www.bulkammunitionshop.com\/lt\/wp-json\/wp\/v2\/product_tag?post=1349"}],"curies":[{"name":"wp","href":"https:\/\/api.w.org\/{rel}","templated":true}]}}