{"id":5182,"date":"2025-08-16T14:26:57","date_gmt":"2025-08-16T14:26:57","guid":{"rendered":"https:\/\/www.bulkammunitionshop.com\/single-category\/"},"modified":"2025-08-16T14:26:57","modified_gmt":"2025-08-16T14:26:57","slug":"viena-kategorija","status":"publish","type":"page","link":"https:\/\/www.bulkammunitionshop.com\/lt\/viena-kategorija\/","title":{"rendered":"Viena kategorija"},"content":{"rendered":"[re\u017eisieriaus_kategorija]","protected":false},"excerpt":{"rendered":"[re\u017eisieriaus_kategorija]","protected":false},"author":1,"featured_media":0,"parent":0,"menu_order":0,"comment_status":"closed","ping_status":"closed","template":"","meta":{"footnotes":""},"class_list":["post-5182","page","type-page","status-publish","hentry"],"yoast_head":"<!-- This site is optimized with the Yoast SEO Premium plugin v24.6 (Yoast SEO v25.7) - https:\/\/yoast.com\/wordpress\/plugins\/seo\/ -->\n<title>Single Category - Bulk Ammunition shop<\/title>\n<meta name=\"robots\" content=\"index, follow, max-snippet:-1, max-image-preview:large, max-video-preview:-1\" \/>\n<link rel=\"canonical\" href=\"https:\/\/www.bulkammunitionshop.com\/lt\/viena-kategorija\/\" \/>\n<meta property=\"og:locale\" content=\"lt_LT\" \/>\n<meta property=\"og:type\" content=\"article\" \/>\n<meta property=\"og:title\" content=\"Single Category\" \/>\n<meta property=\"og:description\" content=\"[directorist_category]\" \/>\n<meta property=\"og:url\" content=\"https:\/\/www.bulkammunitionshop.com\/lt\/viena-kategorija\/\" \/>\n<meta property=\"og:site_name\" content=\"Bulk Ammunition shop\" \/>\n<meta name=\"twitter:card\" content=\"summary_large_image\" \/>\n<script type=\"application\/ld+json\" class=\"yoast-schema-graph\">{\"@context\":\"https:\/\/schema.org\",\"@graph\":[{\"@type\":\"WebPage\",\"@id\":\"https:\/\/www.bulkammunitionshop.com\/single-category\/\",\"url\":\"https:\/\/www.bulkammunitionshop.com\/single-category\/\",\"name\":\"Single Category - Bulk Ammunition shop\",\"isPartOf\":{\"@id\":\"https:\/\/www.bulkammunitionshop.com\/#website\"},\"datePublished\":\"2025-08-16T14:26:57+00:00\",\"breadcrumb\":{\"@id\":\"https:\/\/www.bulkammunitionshop.com\/single-category\/#breadcrumb\"},\"inLanguage\":\"lt-LT\",\"potentialAction\":[{\"@type\":\"ReadAction\",\"target\":[\"https:\/\/www.bulkammunitionshop.com\/single-category\/\"]}]},{\"@type\":\"BreadcrumbList\",\"@id\":\"https:\/\/www.bulkammunitionshop.com\/single-category\/#breadcrumb\",\"itemListElement\":[{\"@type\":\"ListItem\",\"position\":1,\"name\":\"Home\",\"item\":\"https:\/\/www.bulkammunitionshop.com\/\"},{\"@type\":\"ListItem\",\"position\":2,\"name\":\"Single Category\"}]},{\"@type\":\"WebSite\",\"@id\":\"https:\/\/www.bulkammunitionshop.com\/#website\",\"url\":\"https:\/\/www.bulkammunitionshop.com\/\",\"name\":\"Bulk Ammunition shop\",\"description\":\"Buy Cheap Bulk Ammo Online - Bulk Ammo for Sale- Cheap Ammo Online\",\"potentialAction\":[{\"@type\":\"SearchAction\",\"target\":{\"@type\":\"EntryPoint\",\"urlTemplate\":\"https:\/\/www.bulkammunitionshop.com\/?s={search_term_string}\"},\"query-input\":{\"@type\":\"PropertyValueSpecification\",\"valueRequired\":true,\"valueName\":\"search_term_string\"}}],\"inLanguage\":\"lt-LT\"}]}<\/script>\n<!-- \/ Yoast SEO Premium plugin. -->","yoast_head_json":{"title":"Viena kategorija \u2013 biri\u0173 \u0161audmen\u0173 parduotuv\u0117","robots":{"index":"index","follow":"follow","max-snippet":"max-snippet:-1","max-image-preview":"max-image-preview:large","max-video-preview":"max-video-preview:-1"},"canonical":"https:\/\/www.bulkammunitionshop.com\/lt\/viena-kategorija\/","og_locale":"lt_LT","og_type":"article","og_title":"Single Category","og_description":"[directorist_category]","og_url":"https:\/\/www.bulkammunitionshop.com\/lt\/viena-kategorija\/","og_site_name":"Bulk Ammunition shop","twitter_card":"summary_large_image","schema":{"@context":"https:\/\/schema.org","@graph":[{"@type":"WebPage","@id":"https:\/\/www.bulkammunitionshop.com\/single-category\/","url":"https:\/\/www.bulkammunitionshop.com\/single-category\/","name":"Viena kategorija \u2013 biri\u0173 \u0161audmen\u0173 parduotuv\u0117","isPartOf":{"@id":"https:\/\/www.bulkammunitionshop.com\/#website"},"datePublished":"2025-08-16T14:26:57+00:00","breadcrumb":{"@id":"https:\/\/www.bulkammunitionshop.com\/single-category\/#breadcrumb"},"inLanguage":"lt-LT","potentialAction":[{"@type":"ReadAction","target":["https:\/\/www.bulkammunitionshop.com\/single-category\/"]}]},{"@type":"BreadcrumbList","@id":"https:\/\/www.bulkammunitionshop.com\/single-category\/#breadcrumb","itemListElement":[{"@type":"ListItem","position":1,"name":"Home","item":"https:\/\/www.bulkammunitionshop.com\/"},{"@type":"ListItem","position":2,"name":"Single Category"}]},{"@type":"WebSite","@id":"https:\/\/www.bulkammunitionshop.com\/#website","url":"https:\/\/www.bulkammunitionshop.com\/","name":"Didelio masto \u0161audmen\u0173 parduotuv\u0117","description":"Pirkite pigius urmu \u0161audmenis internetu - urmu \u0161audmenys pardavimui - pig\u016bs \u0161oviniai internetu","potentialAction":[{"@type":"SearchAction","target":{"@type":"EntryPoint","urlTemplate":"https:\/\/www.bulkammunitionshop.com\/?s={search_term_string}"},"query-input":{"@type":"PropertyValueSpecification","valueRequired":true,"valueName":"search_term_string"}}],"inLanguage":"lt-LT"}]}},"jetpack_sharing_enabled":true,"_links":{"self":[{"href":"https:\/\/www.bulkammunitionshop.com\/lt\/wp-json\/wp\/v2\/pages\/5182","targetHints":{"allow":["GET"]}}],"collection":[{"href":"https:\/\/www.bulkammunitionshop.com\/lt\/wp-json\/wp\/v2\/pages"}],"about":[{"href":"https:\/\/www.bulkammunitionshop.com\/lt\/wp-json\/wp\/v2\/types\/page"}],"author":[{"embeddable":true,"href":"https:\/\/www.bulkammunitionshop.com\/lt\/wp-json\/wp\/v2\/users\/1"}],"replies":[{"embeddable":true,"href":"https:\/\/www.bulkammunitionshop.com\/lt\/wp-json\/wp\/v2\/comments?post=5182"}],"version-history":[{"count":0,"href":"https:\/\/www.bulkammunitionshop.com\/lt\/wp-json\/wp\/v2\/pages\/5182\/revisions"}],"wp:attachment":[{"href":"https:\/\/www.bulkammunitionshop.com\/lt\/wp-json\/wp\/v2\/media?parent=5182"}],"curies":[{"name":"wp","href":"https:\/\/api.w.org\/{rel}","templated":true}]}}