{"id":2895,"date":"2022-10-19T09:41:30","date_gmt":"2022-10-19T09:41:30","guid":{"rendered":"https:\/\/www.bulkammunitionshop.com\/?post_type=product&#038;p=2895"},"modified":"2022-10-19T09:41:30","modified_gmt":"2022-10-19T09:41:30","slug":"prvi-partizan-ammunition-30-carbine-110-grain-soft-point-500-rounds","status":"publish","type":"product","link":"https:\/\/www.bulkammunitionshop.com\/is\/product\/prvi-partizan-ammunition-30-carbine-110-grain-soft-point-500-rounds\/","title":{"rendered":"PRVI PARTIZAN AMMUNITION 30 CARBINE 110 GRAIN SOFT POINT 500 ROUNDS"},"content":{"rendered":"<ul class=\"tabs wc-tabs product-tabs small-nav-collapse nav nav-uppercase nav-line nav-left\" role=\"tablist\">\n<li id=\"tab-title-description\" class=\"description_tab active\" role=\"tab\" aria-controls=\"tab-description\">L\u00ddSING<\/li>\n<\/ul>\n<div class=\"tab-panels\">\n<div id=\"tab-description\" class=\"woocommerce-Tabs-panel woocommerce-Tabs-panel--description panel entry-content active\" role=\"tabpanel\" aria-labelledby=\"tab-title-description\">\n<h1 id=\"caption-header\">PRODUCT INFO FOR<a href=\"https:\/\/www.google.com\/search?client=opera&amp;q=PPU+30+Carbine+Ammo&amp;sa=X&amp;ved=2ahUKEwj04s61p9P1AhUD4BoKHdYNAzAQ1QJ6BAgfEAE&amp;biw=1280&amp;bih=579&amp;dpr=1.5\" target=\"_blank\" rel=\"nofollow noopener\">PRVI PARTIZAN AMMUNITION 30 CARBINE 110<\/a><a href=\"https:\/\/www.bulkammunitionshop.com\/is\/\">GRAIN SOFT POINT<\/a><\/h1>\n<p>Since 1928, Prvi Partizan has been producing custom ammunition in Serbia for competition, indoor ranges and big game hunting. Soft point bullets feature a soft lead exposed nose that create controlled expansion and a uniform mushroom. PPU 30 Carbine Ammo. This ammunition is new product, non-corrosive, in boxer primed, reloadable brass cases. PPU 30 Carbine Ammo<\/p>\n<h4 id=\"product-info-table\">V\u00d6RUUPPL\u00ddSINGAR<\/h4>\n<table class=\"product-specs-table stack-l\" data-specifications=\"\" aria-labelledby=\"product-info-table\">\n<tbody>\n<tr class=\"product-specs-table-container\" data-ng-repeat=\"attribute in displayableAttrs | orderBy: ['attributeSortOrder','valueSortOrder','name']\" data-ng-class=\"{'is-selectable' : attribute.IsSelectable}\">\n<th class=\"product-specs-table-detail\">HYLKI<\/th>\n<td class=\"product-specs-table-definition\">\n<div role=\"presentation\" data-ng-if=\"attribute.isDropDownSelectable === false\"><span data-ng-if=\"attribute.value.length == 1\">30 Carbine<\/span><\/div>\n<\/td>\n<\/tr>\n<tr class=\"product-specs-table-container\" data-ng-repeat=\"attribute in displayableAttrs | orderBy: ['attributeSortOrder','valueSortOrder','name']\" data-ng-class=\"{'is-selectable' : attribute.IsSelectable}\">\n<th class=\"product-specs-table-detail\">\u00deyngd korns<\/th>\n<td class=\"product-specs-table-definition\">\n<div role=\"presentation\" data-ng-if=\"attribute.isDropDownSelectable === false\"><span data-ng-if=\"attribute.value.length == 1\">110 Grains<\/span><\/div>\n<\/td>\n<\/tr>\n<tr class=\"product-specs-table-container\" data-ng-repeat=\"attribute in displayableAttrs | orderBy: ['attributeSortOrder','valueSortOrder','name']\" data-ng-class=\"{'is-selectable' : attribute.IsSelectable}\">\n<th class=\"product-specs-table-detail\">MAGN<\/th>\n<td class=\"product-specs-table-definition\">\n<div role=\"presentation\" data-ng-if=\"attribute.isDropDownSelectable === false\"><span data-ng-if=\"attribute.value.length == 1\">500 umfer\u00f0ir<\/span><\/div>\n<\/td>\n<\/tr>\n<tr class=\"product-specs-table-container\" data-ng-repeat=\"attribute in displayableAttrs | orderBy: ['attributeSortOrder','valueSortOrder','name']\" data-ng-class=\"{'is-selectable' : attribute.IsSelectable}\">\n<th class=\"product-specs-table-detail\">M\u00daSLHRa\u00f0i<\/th>\n<td class=\"product-specs-table-definition\">\n<div role=\"presentation\" data-ng-if=\"attribute.isDropDownSelectable === false\"><span data-ng-if=\"attribute.value.length == 1\">2001 Feet Per Second<\/span><\/div>\n<\/td>\n<\/tr>\n<tr class=\"product-specs-table-container\" data-ng-repeat=\"attribute in displayableAttrs | orderBy: ['attributeSortOrder','valueSortOrder','name']\" data-ng-class=\"{'is-selectable' : attribute.IsSelectable}\">\n<th class=\"product-specs-table-detail\">M\u00daSLUORKA<\/th>\n<td class=\"product-specs-table-definition\">\n<div role=\"presentation\" data-ng-if=\"attribute.isDropDownSelectable === false\"><span data-ng-if=\"attribute.value.length == 1\">976 Foot Pounds<\/span><\/div>\n<\/td>\n<\/tr>\n<tr class=\"product-specs-table-container\" data-ng-repeat=\"attribute in displayableAttrs | orderBy: ['attributeSortOrder','valueSortOrder','name']\" data-ng-class=\"{'is-selectable' : attribute.IsSelectable}\">\n<th class=\"product-specs-table-detail\">K\u00falulaga st\u00edll<\/th>\n<td class=\"product-specs-table-definition\">\n<div role=\"presentation\" data-ng-if=\"attribute.isDropDownSelectable === false\"><span data-ng-if=\"attribute.value.length == 1\">Mj\u00fakur jakki me\u00f0 jakka<\/span><\/div>\n<\/td>\n<\/tr>\n<tr class=\"product-specs-table-container\" data-ng-repeat=\"attribute in displayableAttrs | orderBy: ['attributeSortOrder','valueSortOrder','name']\" data-ng-class=\"{'is-selectable' : attribute.IsSelectable}\">\n<th class=\"product-specs-table-detail\">BL\u00ddLAUST<\/th>\n<td class=\"product-specs-table-definition\">\n<div role=\"presentation\" data-ng-if=\"attribute.isDropDownSelectable === false\"><span data-ng-if=\"attribute.value.length == 1\">Nei<\/span><\/div>\n<\/td>\n<\/tr>\n<tr class=\"product-specs-table-container\" data-ng-repeat=\"attribute in displayableAttrs | orderBy: ['attributeSortOrder','valueSortOrder','name']\" data-ng-class=\"{'is-selectable' : attribute.IsSelectable}\">\n<th class=\"product-specs-table-detail\">TILKASGER\u00d0<\/th>\n<td class=\"product-specs-table-definition\">\n<div role=\"presentation\" data-ng-if=\"attribute.isDropDownSelectable === false\"><span data-ng-if=\"attribute.value.length == 1\">Messing<\/span><\/div>\n<\/td>\n<\/tr>\n<tr class=\"product-specs-table-container\" data-ng-repeat=\"attribute in displayableAttrs | orderBy: ['attributeSortOrder','valueSortOrder','name']\" data-ng-class=\"{'is-selectable' : attribute.IsSelectable}\">\n<th class=\"product-specs-table-detail\">GRUNNINGUR<\/th>\n<td class=\"product-specs-table-definition\">\n<div role=\"presentation\" data-ng-if=\"attribute.isDropDownSelectable === false\"><span data-ng-if=\"attribute.value.length == 1\">Hnefaleikama\u00f0ur<\/span><\/div>\n<\/td>\n<\/tr>\n<tr class=\"product-specs-table-container\" data-ng-repeat=\"attribute in displayableAttrs | orderBy: ['attributeSortOrder','valueSortOrder','name']\" data-ng-class=\"{'is-selectable' : attribute.IsSelectable}\">\n<th class=\"product-specs-table-detail\">\u00c6TANDI<\/th>\n<td class=\"product-specs-table-definition\">\n<div role=\"presentation\" data-ng-if=\"attribute.isDropDownSelectable === false\"><span data-ng-if=\"attribute.value.length == 1\">Nei<\/span><\/div>\n<\/td>\n<\/tr>\n<tr class=\"product-specs-table-container\" data-ng-repeat=\"attribute in displayableAttrs | orderBy: ['attributeSortOrder','valueSortOrder','name']\" data-ng-class=\"{'is-selectable' : attribute.IsSelectable}\">\n<th class=\"product-specs-table-detail\">ENDURHLE\u00d0ANLEGT<\/th>\n<td class=\"product-specs-table-definition\">\n<div role=\"presentation\" data-ng-if=\"attribute.isDropDownSelectable === false\"><span data-ng-if=\"attribute.value.length == 1\">J\u00e1<\/span><\/div>\n<\/td>\n<\/tr>\n<tr class=\"product-specs-table-container\" data-ng-repeat=\"attribute in displayableAttrs | orderBy: ['attributeSortOrder','valueSortOrder','name']\" data-ng-class=\"{'is-selectable' : attribute.IsSelectable}\">\n<th class=\"product-specs-table-detail\">HRA\u00d0AMAT<\/th>\n<td class=\"product-specs-table-definition\">\n<div role=\"presentation\" data-ng-if=\"attribute.isDropDownSelectable === false\"><span data-ng-if=\"attribute.value.length == 1\">Hlj\u00f3\u00f0hlj\u00f3\u00f0<\/span><\/div>\n<\/td>\n<\/tr>\n<\/tbody>\n<\/table>\n<\/div>\n<\/div>","protected":false},"excerpt":{"rendered":"<p>\u00deessi vara er til \u00e1 lager og tilb\u00fain til sendingar. 100% Hra\u00f0sending trygg\u00f0. Panta\u00f0u n\u00fana!<\/p>\n<form class=\"cart\" action=\"https:\/\/armoryweapons.com\/product\/prvi-partizan-ammunition-30-carbine-110-grain-full-metal-jacket-500-rounds\/\" enctype=\"multipart\/form-data\" method=\"post\">\n<div class=\"quantity buttons_added\"><\/div>\n<\/form>","protected":false},"featured_media":2898,"comment_status":"open","ping_status":"closed","template":"","meta":[],"product_brand":[],"product_cat":[263,121],"product_tag":[],"class_list":{"0":"post-2895","1":"product","2":"type-product","3":"status-publish","4":"has-post-thumbnail","6":"product_cat-30-carbine-ammo","7":"product_cat-rifle-ammo","9":"first","10":"instock","11":"taxable","12":"shipping-taxable","13":"purchasable","14":"product-type-simple"},"yoast_head":"<!-- This site is optimized with the Yoast SEO Premium plugin v24.6 (Yoast SEO v25.7) - https:\/\/yoast.com\/wordpress\/plugins\/seo\/ -->\n<title>PRVI PARTIZAN AMMUNITION 30 CARBINE 110 GRAIN SOFT POINT 500 ROUNDS - Bulk Ammunition shop<\/title>\n<meta name=\"robots\" content=\"index, follow, max-snippet:-1, max-image-preview:large, max-video-preview:-1\" \/>\n<link rel=\"canonical\" href=\"https:\/\/www.bulkammunitionshop.com\/is\/product\/prvi-partizan-ammunition-30-carbine-110-grain-soft-point-500-rounds\/\" \/>\n<meta property=\"og:locale\" content=\"is_IS\" \/>\n<meta property=\"og:type\" content=\"article\" \/>\n<meta property=\"og:title\" content=\"PRVI PARTIZAN AMMUNITION 30 CARBINE 110 GRAIN SOFT POINT 500 ROUNDS\" \/>\n<meta property=\"og:description\" content=\"This Product Is In Stock and Ready to Ship. 100% Fast Shipping Guaranteed. Place Order Now!\" \/>\n<meta property=\"og:url\" content=\"https:\/\/www.bulkammunitionshop.com\/is\/product\/prvi-partizan-ammunition-30-carbine-110-grain-soft-point-500-rounds\/\" \/>\n<meta property=\"og:site_name\" content=\"Bulk Ammunition shop\" \/>\n<meta property=\"og:image\" content=\"http:\/\/www.bulkammunitionshop.com\/wp-content\/uploads\/2022\/10\/PRVI-PARTIZAN-AMMUNITION-30-CARBINE-110-GRAIN-SOFT-POINT-500-ROUNDS-510x383-1.jpg\" \/>\n\t<meta property=\"og:image:width\" content=\"510\" \/>\n\t<meta property=\"og:image:height\" content=\"383\" \/>\n\t<meta property=\"og:image:type\" content=\"image\/jpeg\" \/>\n<meta name=\"twitter:card\" content=\"summary_large_image\" \/>\n<meta name=\"twitter:label1\" content=\"Est. reading time\" \/>\n\t<meta name=\"twitter:data1\" content=\"1 minute\" \/>\n<script type=\"application\/ld+json\" class=\"yoast-schema-graph\">{\"@context\":\"https:\/\/schema.org\",\"@graph\":[{\"@type\":\"WebPage\",\"@id\":\"https:\/\/www.bulkammunitionshop.com\/product\/prvi-partizan-ammunition-30-carbine-110-grain-soft-point-500-rounds\/\",\"url\":\"https:\/\/www.bulkammunitionshop.com\/product\/prvi-partizan-ammunition-30-carbine-110-grain-soft-point-500-rounds\/\",\"name\":\"PRVI PARTIZAN AMMUNITION 30 CARBINE 110 GRAIN SOFT POINT 500 ROUNDS - Bulk Ammunition shop\",\"isPartOf\":{\"@id\":\"https:\/\/www.bulkammunitionshop.com\/#website\"},\"primaryImageOfPage\":{\"@id\":\"https:\/\/www.bulkammunitionshop.com\/product\/prvi-partizan-ammunition-30-carbine-110-grain-soft-point-500-rounds\/#primaryimage\"},\"image\":{\"@id\":\"https:\/\/www.bulkammunitionshop.com\/product\/prvi-partizan-ammunition-30-carbine-110-grain-soft-point-500-rounds\/#primaryimage\"},\"thumbnailUrl\":\"https:\/\/www.bulkammunitionshop.com\/wp-content\/uploads\/2022\/10\/PRVI-PARTIZAN-AMMUNITION-30-CARBINE-110-GRAIN-SOFT-POINT-500-ROUNDS-510x383-1.jpg\",\"datePublished\":\"2022-10-19T09:41:30+00:00\",\"breadcrumb\":{\"@id\":\"https:\/\/www.bulkammunitionshop.com\/product\/prvi-partizan-ammunition-30-carbine-110-grain-soft-point-500-rounds\/#breadcrumb\"},\"inLanguage\":\"is\",\"potentialAction\":[{\"@type\":\"ReadAction\",\"target\":[\"https:\/\/www.bulkammunitionshop.com\/product\/prvi-partizan-ammunition-30-carbine-110-grain-soft-point-500-rounds\/\"]}]},{\"@type\":\"ImageObject\",\"inLanguage\":\"is\",\"@id\":\"https:\/\/www.bulkammunitionshop.com\/product\/prvi-partizan-ammunition-30-carbine-110-grain-soft-point-500-rounds\/#primaryimage\",\"url\":\"https:\/\/www.bulkammunitionshop.com\/wp-content\/uploads\/2022\/10\/PRVI-PARTIZAN-AMMUNITION-30-CARBINE-110-GRAIN-SOFT-POINT-500-ROUNDS-510x383-1.jpg\",\"contentUrl\":\"https:\/\/www.bulkammunitionshop.com\/wp-content\/uploads\/2022\/10\/PRVI-PARTIZAN-AMMUNITION-30-CARBINE-110-GRAIN-SOFT-POINT-500-ROUNDS-510x383-1.jpg\",\"width\":510,\"height\":383},{\"@type\":\"BreadcrumbList\",\"@id\":\"https:\/\/www.bulkammunitionshop.com\/product\/prvi-partizan-ammunition-30-carbine-110-grain-soft-point-500-rounds\/#breadcrumb\",\"itemListElement\":[{\"@type\":\"ListItem\",\"position\":1,\"name\":\"Home\",\"item\":\"https:\/\/www.bulkammunitionshop.com\/\"},{\"@type\":\"ListItem\",\"position\":2,\"name\":\"SHOP ALL\",\"item\":\"https:\/\/www.bulkammunitionshop.com\/shop-all\/\"},{\"@type\":\"ListItem\",\"position\":3,\"name\":\"PRVI PARTIZAN AMMUNITION 30 CARBINE 110 GRAIN SOFT POINT 500 ROUNDS\"}]},{\"@type\":\"WebSite\",\"@id\":\"https:\/\/www.bulkammunitionshop.com\/#website\",\"url\":\"https:\/\/www.bulkammunitionshop.com\/\",\"name\":\"Bulk Ammunition shop\",\"description\":\"Buy Cheap Bulk Ammo Online - Bulk Ammo for Sale- Cheap Ammo Online\",\"potentialAction\":[{\"@type\":\"SearchAction\",\"target\":{\"@type\":\"EntryPoint\",\"urlTemplate\":\"https:\/\/www.bulkammunitionshop.com\/?s={search_term_string}\"},\"query-input\":{\"@type\":\"PropertyValueSpecification\",\"valueRequired\":true,\"valueName\":\"search_term_string\"}}],\"inLanguage\":\"is\"}]}<\/script>\n<!-- \/ Yoast SEO Premium plugin. -->","yoast_head_json":{"title":"PRVI PARTIZAN AMMUNITION 30 CARBINE 110 GRAIN SOFT POINT 500 ROUNDS - Bulk Ammunition shop","robots":{"index":"index","follow":"follow","max-snippet":"max-snippet:-1","max-image-preview":"max-image-preview:large","max-video-preview":"max-video-preview:-1"},"canonical":"https:\/\/www.bulkammunitionshop.com\/is\/product\/prvi-partizan-ammunition-30-carbine-110-grain-soft-point-500-rounds\/","og_locale":"is_IS","og_type":"article","og_title":"PRVI PARTIZAN AMMUNITION 30 CARBINE 110 GRAIN SOFT POINT 500 ROUNDS","og_description":"This Product Is In Stock and Ready to Ship. 100% Fast Shipping Guaranteed. Place Order Now!","og_url":"https:\/\/www.bulkammunitionshop.com\/is\/product\/prvi-partizan-ammunition-30-carbine-110-grain-soft-point-500-rounds\/","og_site_name":"Bulk Ammunition shop","og_image":[{"width":510,"height":383,"url":"http:\/\/www.bulkammunitionshop.com\/wp-content\/uploads\/2022\/10\/PRVI-PARTIZAN-AMMUNITION-30-CARBINE-110-GRAIN-SOFT-POINT-500-ROUNDS-510x383-1.jpg","type":"image\/jpeg"}],"twitter_card":"summary_large_image","twitter_misc":{"Est. reading time":"1 minute"},"schema":{"@context":"https:\/\/schema.org","@graph":[{"@type":"WebPage","@id":"https:\/\/www.bulkammunitionshop.com\/product\/prvi-partizan-ammunition-30-carbine-110-grain-soft-point-500-rounds\/","url":"https:\/\/www.bulkammunitionshop.com\/product\/prvi-partizan-ammunition-30-carbine-110-grain-soft-point-500-rounds\/","name":"PRVI PARTIZAN AMMUNITION 30 CARBINE 110 GRAIN SOFT POINT 500 ROUNDS - Bulk Ammunition shop","isPartOf":{"@id":"https:\/\/www.bulkammunitionshop.com\/#website"},"primaryImageOfPage":{"@id":"https:\/\/www.bulkammunitionshop.com\/product\/prvi-partizan-ammunition-30-carbine-110-grain-soft-point-500-rounds\/#primaryimage"},"image":{"@id":"https:\/\/www.bulkammunitionshop.com\/product\/prvi-partizan-ammunition-30-carbine-110-grain-soft-point-500-rounds\/#primaryimage"},"thumbnailUrl":"https:\/\/www.bulkammunitionshop.com\/wp-content\/uploads\/2022\/10\/PRVI-PARTIZAN-AMMUNITION-30-CARBINE-110-GRAIN-SOFT-POINT-500-ROUNDS-510x383-1.jpg","datePublished":"2022-10-19T09:41:30+00:00","breadcrumb":{"@id":"https:\/\/www.bulkammunitionshop.com\/product\/prvi-partizan-ammunition-30-carbine-110-grain-soft-point-500-rounds\/#breadcrumb"},"inLanguage":"is","potentialAction":[{"@type":"ReadAction","target":["https:\/\/www.bulkammunitionshop.com\/product\/prvi-partizan-ammunition-30-carbine-110-grain-soft-point-500-rounds\/"]}]},{"@type":"ImageObject","inLanguage":"is","@id":"https:\/\/www.bulkammunitionshop.com\/product\/prvi-partizan-ammunition-30-carbine-110-grain-soft-point-500-rounds\/#primaryimage","url":"https:\/\/www.bulkammunitionshop.com\/wp-content\/uploads\/2022\/10\/PRVI-PARTIZAN-AMMUNITION-30-CARBINE-110-GRAIN-SOFT-POINT-500-ROUNDS-510x383-1.jpg","contentUrl":"https:\/\/www.bulkammunitionshop.com\/wp-content\/uploads\/2022\/10\/PRVI-PARTIZAN-AMMUNITION-30-CARBINE-110-GRAIN-SOFT-POINT-500-ROUNDS-510x383-1.jpg","width":510,"height":383},{"@type":"BreadcrumbList","@id":"https:\/\/www.bulkammunitionshop.com\/product\/prvi-partizan-ammunition-30-carbine-110-grain-soft-point-500-rounds\/#breadcrumb","itemListElement":[{"@type":"ListItem","position":1,"name":"Home","item":"https:\/\/www.bulkammunitionshop.com\/"},{"@type":"ListItem","position":2,"name":"SHOP ALL","item":"https:\/\/www.bulkammunitionshop.com\/shop-all\/"},{"@type":"ListItem","position":3,"name":"PRVI PARTIZAN AMMUNITION 30 CARBINE 110 GRAIN SOFT POINT 500 ROUNDS"}]},{"@type":"WebSite","@id":"https:\/\/www.bulkammunitionshop.com\/#website","url":"https:\/\/www.bulkammunitionshop.com\/","name":"Verslun me\u00f0 magnskotf\u00e6ri","description":"Kauptu \u00f3d\u00fdrt magn af skotf\u00e6rum \u00e1 netinu - Magn af skotf\u00e6rum til s\u00f6lu - \u00d3d\u00fdrt skotf\u00e6ri \u00e1 netinu","potentialAction":[{"@type":"SearchAction","target":{"@type":"EntryPoint","urlTemplate":"https:\/\/www.bulkammunitionshop.com\/?s={search_term_string}"},"query-input":{"@type":"PropertyValueSpecification","valueRequired":true,"valueName":"search_term_string"}}],"inLanguage":"is"}]}},"jetpack_sharing_enabled":true,"_links":{"self":[{"href":"https:\/\/www.bulkammunitionshop.com\/is\/wp-json\/wp\/v2\/product\/2895","targetHints":{"allow":["GET"]}}],"collection":[{"href":"https:\/\/www.bulkammunitionshop.com\/is\/wp-json\/wp\/v2\/product"}],"about":[{"href":"https:\/\/www.bulkammunitionshop.com\/is\/wp-json\/wp\/v2\/types\/product"}],"replies":[{"embeddable":true,"href":"https:\/\/www.bulkammunitionshop.com\/is\/wp-json\/wp\/v2\/comments?post=2895"}],"wp:featuredmedia":[{"embeddable":true,"href":"https:\/\/www.bulkammunitionshop.com\/is\/wp-json\/wp\/v2\/media\/2898"}],"wp:attachment":[{"href":"https:\/\/www.bulkammunitionshop.com\/is\/wp-json\/wp\/v2\/media?parent=2895"}],"wp:term":[{"taxonomy":"product_brand","embeddable":true,"href":"https:\/\/www.bulkammunitionshop.com\/is\/wp-json\/wp\/v2\/product_brand?post=2895"},{"taxonomy":"product_cat","embeddable":true,"href":"https:\/\/www.bulkammunitionshop.com\/is\/wp-json\/wp\/v2\/product_cat?post=2895"},{"taxonomy":"product_tag","embeddable":true,"href":"https:\/\/www.bulkammunitionshop.com\/is\/wp-json\/wp\/v2\/product_tag?post=2895"}],"curies":[{"name":"wp","href":"https:\/\/api.w.org\/{rel}","templated":true}]}}